{"id":9946,"date":"2021-03-30T09:25:21","date_gmt":"2021-03-30T09:25:21","guid":{"rendered":"http:\/\/atg.md\/product\/h2268\/"},"modified":"2024-07-05T10:48:30","modified_gmt":"2024-07-05T10:48:30","slug":"h2268","status":"publish","type":"product","link":"https:\/\/atg.md\/ro\/catalog\/metizy\/samorezy\/h2268\/","title":{"rendered":"H2268"},"content":{"rendered":"<p>Modele:\u00a0<\/p>\n<p>Audi A1, 8X1, 8XA, 8XF, 8XK<br \/>\nAudi A2, 8Z0<br \/>\nAudi A3, 8P1, 8P7, 8PA, 8V1, 8V7, 8VA, 8VE, 8VF, 8VK, 8VM, 8VS<br \/>\nAudi A4 allroad quattro, 8KH<br \/>\nAudi A4, 8EC, 8ED, 8K2, 8K5, 8W2, 8W5, 8WH<br \/>\nAudi A5, 8F7, 8T3, 8TA, F53, F57, F5A<br \/>\nAudi A6 allroad quattro, 4FH, 4GH, 4GJ<br \/>\nAudi A6, 4B2, 4B4, 4B5, 4B6, 4F2, 4F5, 4G2, 4G5, 4GC, 4GD<br \/>\nAudi A7, 4GA, 4GF<br \/>\nAudi Q2, GAB<br \/>\nAudi Q3, 8UB, 8UG<br \/>\nAudi Q5, 8RB, FYB<br \/>\nAudi Q7, 4LB, 4MB<br \/>\nAudi R8, 4S3, 4S9<br \/>\nAudi RS Q3, 8UB<br \/>\nAudi RS3, 8PA, 8VA, 8VF, 8VM<br \/>\nAudi RS4, 8K5<br \/>\nAudi RS5, 8F7, 8T3, F53<br \/>\nAudi RS6, 4F2, 4F5, 4G5, 4GD<br \/>\nAudi RS7, 4GA, 4GF<br \/>\nAudi S3, 8P1, 8PA, 8V1, 8VA, 8VF, 8VK, 8VM, 8VS<br \/>\nAudi S4, 8EC, 8ED, 8K2, 8K5, 8W2, 8W5, 8WH<br \/>\nAudi S5, 8F7, 8T3, 8TA, F53, F57, F5A<br \/>\nAudi S6, 4B2, 4B4, 4B5, 4B6, 4F2, 4F5, 4G2, 4G5, 4GC, 4GD<br \/>\nAudi TT RS, 8J3, 8J9, FV3, FV9<br \/>\nAudi TT, 8J3, 8J9, FV3, FV9<br \/>\nAudi TTS, 8J3, 8J9, FV3, FV9<br \/>\nSeat Alhambra, 710, 7V8, 7V9<br \/>\nSeat Altea, 5P1, 5P5, 5P8<br \/>\nSeat Arosa, 6H1<br \/>\nSeat Ateca, KH0<br \/>\nSeat Cordoba, 6KR, 6L2, 6L5<br \/>\nSeat Ibiza, 6J1, 6J5, 6J8, 6L1, 6P1, 6P5, 6P8, KJ1<br \/>\nSeat Inca, 6KR<br \/>\nSeat Leon, 1M1, 1M2, 1P1, 5F1, 5F5, 5F8<br \/>\nSeat Mii, KF1<br \/>\nSeat Toledo, 1M1, 1M2, 5P2, KG3<br \/>\nSkoda Citigo, NF1<br \/>\nSkoda Fabia, 0F1, 542, 545, 551, 572, 582, 6Y2, 6Y3, 6Y5, NJ2, NJ5<br \/>\nSkoda Felicia, 6U1, 6U5<br \/>\nSkoda Kodiaq, 0Z7, NS7<br \/>\nSkoda Octavia, 1U2, 1U5, 1Z3, 1Z5, 5E3, 5E5, 913, 933, NL3, NM2, NM3, NM4, NM5, NR3<br \/>\nSkoda Rapid, 0G3, NA2, NG2, NH1, NH3<br \/>\nSkoda Roomster, 5J7<br \/>\nSkoda Superb, 374, 3T4, 3T5, 3V3, 3V5, NT3<br \/>\nSkoda Yeti, 0Y7, 5L6, 5L7, 676, 677<br \/>\nVolkswagen Amarok, 2HA, 2HB, S1B, S6B, S7A, S7B<br \/>\nVolkswagen Ameo, 631<br \/>\nVolkswagen Arteon, 3H7<br \/>\nVolkswagen Beetle, 1C1, 1C9, 1Y7, 5C1, 5C2, 5C7, 5C8, 9C1, 9G1<br \/>\nVolkswagen Bora, 1J2, 1J6<br \/>\nVolkswagen Caddy, 2CA, 2CB, 2CH, 2CJ, 2KA, 2KB, 2KH, 2KJ, SAA, SAB, SAH, SAJ<br \/>\nVolkswagen Crafter, SYB, SYC, SYD, SYI, SYJ, SZB, SZC, SZD, SZH, SZI, SZO, SZP, SZQ, SZU, SZV<br \/>\nVolkswagen Eos, 1F7, 1F8<br \/>\nVolkswagen Fox, 5Z1, 5Z7<br \/>\nVolkswagen Gol, 5U1, 5U2<br \/>\nVolkswagen Golf, 1J1, 1J5, 1K1, 1K5, 517, 521, 5G1, 5K1, 5M1, AJ5, AM1, AU1, BA5, BQ1, BV5, BX5<br \/>\nVolkswagen Jetta, 162, 163, 1K2, AV2, AV3, AY2, AY3<br \/>\nVolkswagen Lupo, 6E1, 6X1<br \/>\nVolkswagen Passat CC, 357, 358<br \/>\nVolkswagen Passat, 362, 365, 3B2, 3B3, 3B5, 3B6, 3C2, 3C5, 3G2, 3G5, A32, A33<br \/>\nVolkswagen Phaeton, 3D1, 3D2, 3D3, 3D4, 3D6, 3D7, 3D8, 3D9<br \/>\nVolkswagen Polo, 601, 602, 603, 604, 612, 614, 641, 642, 643, 644, 6C1, 6K5, 6R1, 6V2, 9A2, 9J4, 9J6, 9N1, 9N2, 9N3, AW1<br \/>\nVolkswagen Saveiro, 5U8, 5U9<br \/>\nVolkswagen Scirocco, 137, 138<br \/>\nVolkswagen Sharan, 7M6, 7M8, 7M9, 7N1, 7N2<br \/>\nVolkswagen Tiguan, 5N1, 5N2, AD1, BT1, BW2<br \/>\nVolkswagen Touareg, 7L6, 7LA, 7P5, 7P6<br \/>\nVolkswagen Touran, 1T1, 1T2, 1T3, 5T1<br \/>\nVolkswagen Transporter, 7EA, 7EB, 7EC, 7EF, 7EG, 7EH, 7EJ, 7EM, 7EN, 7FD, 7FE, 7FL, 7FY, 7FZ, 7HA, 7HB, 7HC, 7HF, 7HH, 7HJ, 7HM, 7HN, 7JD, 7JE, 7JL, 7JY, 7JZ, SFD, SFE, SFL, SFZ, SGA, SGB, SGC, SGF, SGG, SGH, SGJ, SGM, SGN<br \/>\nVolkswagen XL1, 6Z1<br \/>\nVolkswagen e-Golf, BE1<br \/>\nVolkswagen up!, 121, 122, 6A1, 6A5, 6A6, BL1, BL2<\/p>","protected":false},"excerpt":{"rendered":"<p>Dimensiune F: 4.2<br \/>\nDimensiune H: 18.8<br \/>\nDimensiune T: 11.8<\/p>\n","protected":false},"featured_media":9947,"template":"","meta":[],"product_cat":[1243,1245],"product_tag":[],"bundled_by":[],"bundle_stock_status":"instock","bundle_stock_quantity":null,"bundle_virtual":false,"bundle_layout":"","bundle_add_to_cart_form_location":"","bundle_editable_in_cart":false,"bundle_sold_individually_context":"","bundle_item_grouping":"","bundle_min_size":"","bundle_max_size":"","bundled_items":[],"yoast_head":"<!-- This site is optimized with the Yoast SEO Premium plugin v16.6 (Yoast SEO v20.1) - https:\/\/yoast.com\/wordpress\/plugins\/seo\/ -->\n<title>H2268 - Metize, \u0218uruburi autofiletante - atg.md<\/title>\n<meta name=\"robots\" content=\"index, follow, max-snippet:-1, max-image-preview:large, max-video-preview:-1\" \/>\n<link rel=\"canonical\" href=\"https:\/\/atg.md\/ro\/catalog\/metizy\/samorezy\/h2268\/\" \/>\n<meta property=\"og:locale\" content=\"ro_RO\" \/>\n<meta property=\"og:type\" content=\"article\" \/>\n<meta property=\"og:title\" content=\"H2268 - Metize, \u0218uruburi autofiletante - atg.md\" \/>\n<meta property=\"og:description\" content=\"Dimensiune F: 4.2 Dimensiune H: 18.8 Dimensiune T: 11.8\" \/>\n<meta property=\"og:url\" content=\"https:\/\/atg.md\/ro\/wp-json\/wp\/v2\/product\/9946\" \/>\n<meta property=\"og:site_name\" content=\"atg.md\" \/>\n<meta property=\"article:modified_time\" content=\"2024-07-05T10:48:30+00:00\" \/>\n<meta property=\"og:image\" content=\"https:\/\/atg.md\/wp-content\/uploads\/2021\/03\/h2268.png\" \/>\n\t<meta property=\"og:image:width\" content=\"600\" \/>\n\t<meta property=\"og:image:height\" content=\"600\" \/>\n\t<meta property=\"og:image:type\" content=\"image\/png\" \/>\n<meta name=\"twitter:card\" content=\"summary_large_image\" \/>\n<meta name=\"twitter:label1\" content=\"Pre\u021b\" \/>\n\t<meta name=\"twitter:data1\" content=\"5.00&nbsp;MDL\" \/>\n\t<meta name=\"twitter:label2\" content=\"Availability\" \/>\n\t<meta name=\"twitter:data2\" content=\"In stock\" \/>\n<script type=\"application\/ld+json\" class=\"yoast-schema-graph\">{\"@context\":\"https:\/\/schema.org\",\"@graph\":[{\"@type\":\"WebPage\",\"@id\":\"https:\/\/atg.md\/ro\/catalog\/metizy\/samorezy\/h2268\/\",\"url\":\"https:\/\/atg.md\/ro\/catalog\/metizy\/samorezy\/h2268\/\",\"name\":\"H2268 - Metize, \u0218uruburi autofiletante - atg.md\",\"isPartOf\":{\"@id\":\"https:\/\/atg.md\/ro\/#website\"},\"datePublished\":\"2021-03-30T09:25:21+00:00\",\"dateModified\":\"2024-07-05T10:48:30+00:00\",\"breadcrumb\":{\"@id\":\"https:\/\/atg.md\/ro\/catalog\/metizy\/samorezy\/h2268\/#breadcrumb\"},\"inLanguage\":\"ro-RO\",\"potentialAction\":[{\"@type\":\"ReadAction\",\"target\":[[\"https:\/\/atg.md\/ro\/catalog\/metizy\/samorezy\/h2268\/\"]]}]},{\"@type\":\"BreadcrumbList\",\"@id\":\"https:\/\/atg.md\/ro\/catalog\/metizy\/samorezy\/h2268\/#breadcrumb\",\"itemListElement\":[{\"@type\":\"ListItem\",\"position\":1,\"name\":\"Home\",\"item\":\"https:\/\/atg.md\/ro\/\"},{\"@type\":\"ListItem\",\"position\":2,\"name\":\"\u041a\u0430\u0442\u0430\u043b\u043e\u0433\",\"item\":\"https:\/\/atg.md\/ro\/catalog\/\"},{\"@type\":\"ListItem\",\"position\":3,\"name\":\"H2268\"}]},{\"@type\":\"WebSite\",\"@id\":\"https:\/\/atg.md\/ro\/#website\",\"url\":\"https:\/\/atg.md\/ro\/\",\"name\":\"atg.md\",\"description\":\"V\u00e2nzare de izola\u021bii \u00eempotriva vibra\u021biilor pentru ma\u0219ini, izola\u021bie termic\u0103, izolare fonic\u0103 de la cei mai buni produc\u0103tori, autoclipsuri, elemente de fixare auto. Cump\u0103ra\u021bi \u00een Moldova, Chi\u0219in\u0103u\",\"publisher\":{\"@id\":\"https:\/\/atg.md\/ro\/#organization\"},\"potentialAction\":[{\"@type\":\"SearchAction\",\"target\":{\"@type\":\"EntryPoint\",\"urlTemplate\":\"https:\/\/atg.md\/ro\/?s={search_term_string}\"},\"query-input\":\"required name=search_term_string\"}],\"inLanguage\":\"ro-RO\"},{\"@type\":[\"Organization\",\"Place\",\"AutoPartsStore\"],\"@id\":\"https:\/\/atg.md\/ro\/#organization\",\"name\":\"S.C. AUTOTOM GRUP S.R.L.\",\"url\":\"https:\/\/atg.md\/ro\/\",\"logo\":{\"@type\":\"ImageObject\",\"inLanguage\":\"ro-RO\",\"@id\":\"https:\/\/atg.md\/ro\/#\/schema\/logo\/image\/\",\"url\":\"https:\/\/i2.wp.com\/atg.md\/wp-content\/uploads\/2021\/05\/atg_logo_main.png?fit=656%2C569&ssl=1\",\"contentUrl\":\"https:\/\/i2.wp.com\/atg.md\/wp-content\/uploads\/2021\/05\/atg_logo_main.png?fit=656%2C569&ssl=1\",\"width\":656,\"height\":569,\"caption\":\"S.C. AUTOTOM GRUP S.R.L.\"},\"image\":{\"@id\":\"https:\/\/atg.md\/ro\/#\/schema\/logo\/image\/\"},\"location\":{\"@id\":\"https:\/\/atg.md\/ro\/catalog\/metizy\/samorezy\/h2268\/#local-place\"},\"address\":{\"@id\":\"https:\/\/atg.md\/ro\/catalog\/metizy\/samorezy\/h2268\/#local-place-address\"},\"email\":\"atgtvv@gmail.com\",\"telephone\":\"+37369644446\",\"areaServed\":\"Moldova\"},{\"@type\":\"Place\",\"@id\":\"https:\/\/atg.md\/ro\/catalog\/metizy\/samorezy\/h2268\/#local-place\",\"address\":{\"@type\":\"PostalAddress\",\"@id\":\"https:\/\/atg.md\/ro\/catalog\/metizy\/samorezy\/h2268\/#local-place-address\",\"streetAddress\":\"str. Alba-Iulia 77\/20\",\"addressLocality\":\"Chisinau\",\"postalCode\":\"2043\",\"addressRegion\":\"mun. Chisinau\",\"addressCountry\":\"MD\"},\"geo\":{\"@type\":\"GeoCoordinates\",\"latitude\":\"47.0376\",\"longitude\":\"28.76899\"},\"openingHoursSpecification\":[{\"@type\":\"OpeningHoursSpecification\",\"dayOfWeek\":[\"Monday\",\"Tuesday\",\"Wednesday\",\"Thursday\",\"Friday\"],\"opens\":\"09:00\",\"closes\":\"18:00\"},{\"@type\":\"OpeningHoursSpecification\",\"dayOfWeek\":[\"Saturday\"],\"opens\":\"09:00\",\"closes\":\"14:00\"},{\"@type\":\"OpeningHoursSpecification\",\"dayOfWeek\":[\"Sunday\"],\"opens\":\"00:00\",\"closes\":\"00:00\"}],\"telephone\":\"+37369644446\"}]}<\/script>\n<meta name=\"geo.placename\" content=\"Chisinau\" \/>\n<meta name=\"geo.position\" content=\"47.0376;28.76899\" \/>\n<meta name=\"geo.region\" content=\"Moldova\" \/>\n<!-- \/ Yoast SEO Premium plugin. -->","yoast_head_json":{"title":"H2268 - Metize, \u0218uruburi autofiletante - atg.md","robots":{"index":"index","follow":"follow","max-snippet":"max-snippet:-1","max-image-preview":"max-image-preview:large","max-video-preview":"max-video-preview:-1"},"canonical":"https:\/\/atg.md\/ro\/catalog\/metizy\/samorezy\/h2268\/","og_locale":"ro_RO","og_type":"article","og_title":"H2268 - Metize, \u0218uruburi autofiletante - atg.md","og_description":"Dimensiune F: 4.2 Dimensiune H: 18.8 Dimensiune T: 11.8","og_url":"https:\/\/atg.md\/ro\/wp-json\/wp\/v2\/product\/9946","og_site_name":"atg.md","article_modified_time":"2024-07-05T10:48:30+00:00","og_image":[{"width":600,"height":600,"url":"https:\/\/atg.md\/wp-content\/uploads\/2021\/03\/h2268.png","type":"image\/png"}],"twitter_card":"summary_large_image","twitter_misc":{"Pre\u021b":"5.00&nbsp;MDL","Availability":"In stock"},"schema":{"@context":"https:\/\/schema.org","@graph":[{"@type":"WebPage","@id":"https:\/\/atg.md\/ro\/catalog\/metizy\/samorezy\/h2268\/","url":"https:\/\/atg.md\/ro\/catalog\/metizy\/samorezy\/h2268\/","name":"H2268 - Metize, \u0218uruburi autofiletante - atg.md","isPartOf":{"@id":"https:\/\/atg.md\/ro\/#website"},"datePublished":"2021-03-30T09:25:21+00:00","dateModified":"2024-07-05T10:48:30+00:00","breadcrumb":{"@id":"https:\/\/atg.md\/ro\/catalog\/metizy\/samorezy\/h2268\/#breadcrumb"},"inLanguage":"ro-RO","potentialAction":[{"@type":"ReadAction","target":[["https:\/\/atg.md\/ro\/catalog\/metizy\/samorezy\/h2268\/"]]}]},{"@type":"BreadcrumbList","@id":"https:\/\/atg.md\/ro\/catalog\/metizy\/samorezy\/h2268\/#breadcrumb","itemListElement":[{"@type":"ListItem","position":1,"name":"Home","item":"https:\/\/atg.md\/ro\/"},{"@type":"ListItem","position":2,"name":"\u041a\u0430\u0442\u0430\u043b\u043e\u0433","item":"https:\/\/atg.md\/ro\/catalog\/"},{"@type":"ListItem","position":3,"name":"H2268"}]},{"@type":"WebSite","@id":"https:\/\/atg.md\/ro\/#website","url":"https:\/\/atg.md\/ro\/","name":"atg.md","description":"V\u00e2nzare de izola\u021bii \u00eempotriva vibra\u021biilor pentru ma\u0219ini, izola\u021bie termic\u0103, izolare fonic\u0103 de la cei mai buni produc\u0103tori, autoclipsuri, elemente de fixare auto. Cump\u0103ra\u021bi \u00een Moldova, Chi\u0219in\u0103u","publisher":{"@id":"https:\/\/atg.md\/ro\/#organization"},"potentialAction":[{"@type":"SearchAction","target":{"@type":"EntryPoint","urlTemplate":"https:\/\/atg.md\/ro\/?s={search_term_string}"},"query-input":"required name=search_term_string"}],"inLanguage":"ro-RO"},{"@type":["Organization","Place","AutoPartsStore"],"@id":"https:\/\/atg.md\/ro\/#organization","name":"S.C. AUTOTOM GRUP S.R.L.","url":"https:\/\/atg.md\/ro\/","logo":{"@type":"ImageObject","inLanguage":"ro-RO","@id":"https:\/\/atg.md\/ro\/#\/schema\/logo\/image\/","url":"https:\/\/i2.wp.com\/atg.md\/wp-content\/uploads\/2021\/05\/atg_logo_main.png?fit=656%2C569&ssl=1","contentUrl":"https:\/\/i2.wp.com\/atg.md\/wp-content\/uploads\/2021\/05\/atg_logo_main.png?fit=656%2C569&ssl=1","width":656,"height":569,"caption":"S.C. AUTOTOM GRUP S.R.L."},"image":{"@id":"https:\/\/atg.md\/ro\/#\/schema\/logo\/image\/"},"location":{"@id":"https:\/\/atg.md\/ro\/catalog\/metizy\/samorezy\/h2268\/#local-place"},"address":{"@id":"https:\/\/atg.md\/ro\/catalog\/metizy\/samorezy\/h2268\/#local-place-address"},"email":"atgtvv@gmail.com","telephone":"+37369644446","areaServed":"Moldova"},{"@type":"Place","@id":"https:\/\/atg.md\/ro\/catalog\/metizy\/samorezy\/h2268\/#local-place","address":{"@type":"PostalAddress","@id":"https:\/\/atg.md\/ro\/catalog\/metizy\/samorezy\/h2268\/#local-place-address","streetAddress":"str. Alba-Iulia 77\/20","addressLocality":"Chisinau","postalCode":"2043","addressRegion":"mun. Chisinau","addressCountry":"MD"},"geo":{"@type":"GeoCoordinates","latitude":"47.0376","longitude":"28.76899"},"openingHoursSpecification":[{"@type":"OpeningHoursSpecification","dayOfWeek":["Monday","Tuesday","Wednesday","Thursday","Friday"],"opens":"09:00","closes":"18:00"},{"@type":"OpeningHoursSpecification","dayOfWeek":["Saturday"],"opens":"09:00","closes":"14:00"},{"@type":"OpeningHoursSpecification","dayOfWeek":["Sunday"],"opens":"00:00","closes":"00:00"}],"telephone":"+37369644446"}]}},"_links":{"self":[{"href":"https:\/\/atg.md\/ro\/wp-json\/wp\/v2\/product\/9946"}],"collection":[{"href":"https:\/\/atg.md\/ro\/wp-json\/wp\/v2\/product"}],"about":[{"href":"https:\/\/atg.md\/ro\/wp-json\/wp\/v2\/types\/product"}],"wp:featuredmedia":[{"embeddable":true,"href":"https:\/\/atg.md\/ro\/wp-json\/wp\/v2\/media\/9947"}],"wp:attachment":[{"href":"https:\/\/atg.md\/ro\/wp-json\/wp\/v2\/media?parent=9946"}],"wp:term":[{"taxonomy":"product_cat","embeddable":true,"href":"https:\/\/atg.md\/ro\/wp-json\/wp\/v2\/product_cat?post=9946"},{"taxonomy":"product_tag","embeddable":true,"href":"https:\/\/atg.md\/ro\/wp-json\/wp\/v2\/product_tag?post=9946"}],"curies":[{"name":"wp","href":"https:\/\/api.w.org\/{rel}","templated":true}]}}