{"id":9902,"date":"2021-03-30T09:25:07","date_gmt":"2021-03-30T09:25:07","guid":{"rendered":"http:\/\/atg.md\/product\/h2221\/"},"modified":"2024-07-05T10:48:12","modified_gmt":"2024-07-05T10:48:12","slug":"h2221","status":"publish","type":"product","link":"https:\/\/atg.md\/ro\/catalog\/metizy\/skoby-metizy\/h2221\/","title":{"rendered":"H2221"},"content":{"rendered":"<p>Modele:<\/p>\n<p>Audi A1,\u00a08X1, 8XA, 8XF, 8XK<br \/>\nAudi A3,\u00a08P1, 8P7, 8PA, 8V1, 8V7, 8VA, 8VE, 8VF, 8VK, 8VM, 8VS<br \/>\nAudi A4 allroad quattro,\u00a08KH<br \/>\nAudi A4,\u00a08E2, 8E5, 8EC, 8ED, 8H7, 8HE, 8K2, 8K5, 8W2, 8W5, 8WH<br \/>\nAudi A5,\u00a08F7, 8T3, 8TA, F53, F57, F5A<br \/>\nAudi A6 allroad quattro,\u00a04FH, 4GH, 4GJ<br \/>\nAudi A6,\u00a04F2, 4F5, 4G2, 4G5, 4GC, 4GD<br \/>\nAudi A7,\u00a04GA, 4GF<br \/>\nAudi A8,\u00a04E2, 4E8, 4H2, 4H8, 4HC, 4HL<br \/>\nAudi Q2,\u00a0GAB<br \/>\nAudi Q3,\u00a08UB, 8UG<br \/>\nAudi Q5,\u00a08RB, FYB<br \/>\nAudi Q7,\u00a04LB, 4MB<br \/>\nAudi R8,\u00a0422, 423, 427, 429, 4S3, 4S9<br \/>\nAudi RS Q3,\u00a08UB<br \/>\nAudi RS3,\u00a08PA, 8VA, 8VF, 8VM<br \/>\nAudi RS4,\u00a08HE, 8K5<br \/>\nAudi RS5,\u00a08F7, 8T3, F53<br \/>\nAudi RS6,\u00a04F2, 4F5, 4G5, 4GD<br \/>\nAudi RS7,\u00a04GA, 4GF<br \/>\nAudi S3,\u00a08P1, 8PA, 8V1, 8VA, 8VF, 8VK, 8VM, 8VS<br \/>\nAudi S4,\u00a08E2, 8E5, 8EC, 8ED, 8H7, 8HE, 8K2, 8K5, 8W2, 8W5, 8WH<br \/>\nAudi S5,\u00a08F7, 8T3, 8TA, F53, F57, F5A<br \/>\nAudi S6,\u00a04F2, 4F5, 4G2, 4G5, 4GC, 4GD<br \/>\nAudi S8,\u00a04E2, 4E8, 4H2, 4H8, 4HC, 4HL<br \/>\nAudi TT RS,\u00a08J3, 8J9, FV3, FV9<br \/>\nAudi TT,\u00a08J3, 8J9, FV3, FV9<br \/>\nAudi TTS,\u00a08J3, 8J9, FV3, FV9<br \/>\nSeat Alhambra,\u00a0710, 7V9<br \/>\nSeat Altea,\u00a05P1, 5P5, 5P8<br \/>\nSeat Ateca,\u00a0KH0<br \/>\nSeat Cordoba<br \/>\nSeat Exeo,\u00a03R2, 3R5<br \/>\nSeat Ibiza,\u00a06J1, 6J5, 6J8, 6L1, 6P1, 6P5, 6P8, KJ1<br \/>\nSeat Leon,\u00a01P1, 5F1, 5F5, 5F8<br \/>\nSeat Toledo,\u00a05P2<br \/>\nSkoda Fabia,\u00a0542, 545, 572, 582, 6Y2, 6Y3, 6Y5<br \/>\nSkoda Octavia,\u00a01Z3, 1Z5, 933<br \/>\nSkoda Roomster,\u00a05J7<br \/>\nSkoda Superb,\u00a03T4, 3T5, 3V3, 3V5<br \/>\nSkoda Yeti,\u00a00Y7, 5L6, 5L7, 676, 677<br \/>\nVolkswagen Arteon,\u00a03H7<br \/>\nVolkswagen Beetle,\u00a01Y7<br \/>\nVolkswagen Bora,\u00a01J2, 1J6<br \/>\nVolkswagen Eos<br \/>\nVolkswagen Golf,\u00a01J1, 1J5, 1K1, 1K5, 517, 521, 5G1, 5K1, 5M1, AJ5, AU1, BQ1, BV5<br \/>\nVolkswagen Jetta,\u00a0162, 163, 1K2, AV2, AV3, AY2, AY3<br \/>\nVolkswagen Passat,\u00a03G2, 3G5<br \/>\nVolkswagen Polo,\u00a09A2, 9N1, 9N2, 9N3, AW1<br \/>\nVolkswagen Scirocco,\u00a0137, 138<br \/>\nVolkswagen Sharan,\u00a07M6, 7M9, 7N1, 7N2<br \/>\nVolkswagen Tiguan,\u00a05N1, 5N2, AD1, BT1, BW2<br \/>\nVolkswagen Touareg,\u00a07P5, 7P6<br \/>\nVolkswagen Transporter,\u00a07EA, 7EB, 7EC, 7EF, 7EG, 7EH, 7EJ, 7EM, 7EN, 7FD, 7FE, 7FL, 7FY, 7FZ, 7HA, 7HB, 7HC, 7HF, 7HH, 7HJ, 7HM, 7HN, 7JD, 7JE, 7JL, 7JY, 7JZ, SGA, SGB, SGF, SGG, SGH, SGJ, SGM, SGN<br \/>\nVolkswagen e-Golf,\u00a0BE1<\/p>","protected":false},"excerpt":{"rendered":"<p><b>OEM:<\/b>1J0858137B<\/p>\n<p>Dimensiune D: 9<br \/>\nDimensiune F: 12<br \/>\nDimensiune H: 16<br \/>\nDimensiune T: 11<\/p>\n","protected":false},"featured_media":12627,"template":"","meta":[],"product_cat":[1243,1244],"product_tag":[],"bundled_by":[],"bundle_stock_status":"instock","bundle_stock_quantity":null,"bundle_virtual":false,"bundle_layout":"","bundle_add_to_cart_form_location":"","bundle_editable_in_cart":false,"bundle_sold_individually_context":"","bundle_item_grouping":"","bundle_min_size":"","bundle_max_size":"","bundled_items":[],"yoast_head":"<!-- This site is optimized with the Yoast SEO Premium plugin v16.6 (Yoast SEO v20.1) - https:\/\/yoast.com\/wordpress\/plugins\/seo\/ -->\n<title>H2221 - Metize, Capse - atg.md<\/title>\n<meta name=\"robots\" content=\"index, follow, max-snippet:-1, max-image-preview:large, max-video-preview:-1\" \/>\n<link rel=\"canonical\" href=\"https:\/\/atg.md\/ro\/catalog\/metizy\/skoby-metizy\/h2221\/\" \/>\n<meta property=\"og:locale\" content=\"ro_RO\" \/>\n<meta property=\"og:type\" content=\"article\" \/>\n<meta property=\"og:title\" content=\"H2221 - Metize, Capse - atg.md\" \/>\n<meta property=\"og:description\" content=\"OEM:1J0858137B Dimensiune D: 9 Dimensiune F: 12 Dimensiune H: 16 Dimensiune T: 11\" \/>\n<meta property=\"og:url\" content=\"https:\/\/atg.md\/ro\/wp-json\/wp\/v2\/product\/9902\" \/>\n<meta property=\"og:site_name\" content=\"atg.md\" \/>\n<meta property=\"article:modified_time\" content=\"2024-07-05T10:48:12+00:00\" \/>\n<meta property=\"og:image\" content=\"https:\/\/atg.md\/wp-content\/uploads\/2021\/03\/interior-trim-panel-fascia-retaining-clips-seat-1j0858137b-954433_700x700.webp\" \/>\n\t<meta property=\"og:image:width\" content=\"700\" \/>\n\t<meta property=\"og:image:height\" content=\"700\" \/>\n\t<meta property=\"og:image:type\" content=\"image\/webp\" \/>\n<meta name=\"twitter:card\" content=\"summary_large_image\" \/>\n<meta name=\"twitter:label1\" content=\"Pre\u021b\" \/>\n\t<meta name=\"twitter:data1\" content=\"7.00&nbsp;MDL\" \/>\n\t<meta name=\"twitter:label2\" content=\"Availability\" \/>\n\t<meta name=\"twitter:data2\" content=\"In stock\" \/>\n<script type=\"application\/ld+json\" class=\"yoast-schema-graph\">{\"@context\":\"https:\/\/schema.org\",\"@graph\":[{\"@type\":\"WebPage\",\"@id\":\"https:\/\/atg.md\/ro\/catalog\/metizy\/skoby-metizy\/h2221\/\",\"url\":\"https:\/\/atg.md\/ro\/catalog\/metizy\/skoby-metizy\/h2221\/\",\"name\":\"H2221 - Metize, Capse - atg.md\",\"isPartOf\":{\"@id\":\"https:\/\/atg.md\/ro\/#website\"},\"datePublished\":\"2021-03-30T09:25:07+00:00\",\"dateModified\":\"2024-07-05T10:48:12+00:00\",\"breadcrumb\":{\"@id\":\"https:\/\/atg.md\/ro\/catalog\/metizy\/skoby-metizy\/h2221\/#breadcrumb\"},\"inLanguage\":\"ro-RO\",\"potentialAction\":[{\"@type\":\"ReadAction\",\"target\":[[\"https:\/\/atg.md\/ro\/catalog\/metizy\/skoby-metizy\/h2221\/\"]]}]},{\"@type\":\"BreadcrumbList\",\"@id\":\"https:\/\/atg.md\/ro\/catalog\/metizy\/skoby-metizy\/h2221\/#breadcrumb\",\"itemListElement\":[{\"@type\":\"ListItem\",\"position\":1,\"name\":\"Home\",\"item\":\"https:\/\/atg.md\/ro\/\"},{\"@type\":\"ListItem\",\"position\":2,\"name\":\"\u041a\u0430\u0442\u0430\u043b\u043e\u0433\",\"item\":\"https:\/\/atg.md\/ro\/catalog\/\"},{\"@type\":\"ListItem\",\"position\":3,\"name\":\"H2221\"}]},{\"@type\":\"WebSite\",\"@id\":\"https:\/\/atg.md\/ro\/#website\",\"url\":\"https:\/\/atg.md\/ro\/\",\"name\":\"atg.md\",\"description\":\"V\u00e2nzare de izola\u021bii \u00eempotriva vibra\u021biilor pentru ma\u0219ini, izola\u021bie termic\u0103, izolare fonic\u0103 de la cei mai buni produc\u0103tori, autoclipsuri, elemente de fixare auto. Cump\u0103ra\u021bi \u00een Moldova, Chi\u0219in\u0103u\",\"publisher\":{\"@id\":\"https:\/\/atg.md\/ro\/#organization\"},\"potentialAction\":[{\"@type\":\"SearchAction\",\"target\":{\"@type\":\"EntryPoint\",\"urlTemplate\":\"https:\/\/atg.md\/ro\/?s={search_term_string}\"},\"query-input\":\"required name=search_term_string\"}],\"inLanguage\":\"ro-RO\"},{\"@type\":[\"Organization\",\"Place\",\"AutoPartsStore\"],\"@id\":\"https:\/\/atg.md\/ro\/#organization\",\"name\":\"S.C. AUTOTOM GRUP S.R.L.\",\"url\":\"https:\/\/atg.md\/ro\/\",\"logo\":{\"@type\":\"ImageObject\",\"inLanguage\":\"ro-RO\",\"@id\":\"https:\/\/atg.md\/ro\/#\/schema\/logo\/image\/\",\"url\":\"https:\/\/i2.wp.com\/atg.md\/wp-content\/uploads\/2021\/05\/atg_logo_main.png?fit=656%2C569&ssl=1\",\"contentUrl\":\"https:\/\/i2.wp.com\/atg.md\/wp-content\/uploads\/2021\/05\/atg_logo_main.png?fit=656%2C569&ssl=1\",\"width\":656,\"height\":569,\"caption\":\"S.C. AUTOTOM GRUP S.R.L.\"},\"image\":{\"@id\":\"https:\/\/atg.md\/ro\/#\/schema\/logo\/image\/\"},\"location\":{\"@id\":\"https:\/\/atg.md\/ro\/catalog\/metizy\/skoby-metizy\/h2221\/#local-place\"},\"address\":{\"@id\":\"https:\/\/atg.md\/ro\/catalog\/metizy\/skoby-metizy\/h2221\/#local-place-address\"},\"email\":\"atgtvv@gmail.com\",\"telephone\":\"+37369644446\",\"areaServed\":\"Moldova\"},{\"@type\":\"Place\",\"@id\":\"https:\/\/atg.md\/ro\/catalog\/metizy\/skoby-metizy\/h2221\/#local-place\",\"address\":{\"@type\":\"PostalAddress\",\"@id\":\"https:\/\/atg.md\/ro\/catalog\/metizy\/skoby-metizy\/h2221\/#local-place-address\",\"streetAddress\":\"str. Alba-Iulia 77\/20\",\"addressLocality\":\"Chisinau\",\"postalCode\":\"2043\",\"addressRegion\":\"mun. Chisinau\",\"addressCountry\":\"MD\"},\"geo\":{\"@type\":\"GeoCoordinates\",\"latitude\":\"47.0376\",\"longitude\":\"28.76899\"},\"openingHoursSpecification\":[{\"@type\":\"OpeningHoursSpecification\",\"dayOfWeek\":[\"Monday\",\"Tuesday\",\"Wednesday\",\"Thursday\",\"Friday\"],\"opens\":\"09:00\",\"closes\":\"18:00\"},{\"@type\":\"OpeningHoursSpecification\",\"dayOfWeek\":[\"Saturday\"],\"opens\":\"09:00\",\"closes\":\"14:00\"},{\"@type\":\"OpeningHoursSpecification\",\"dayOfWeek\":[\"Sunday\"],\"opens\":\"00:00\",\"closes\":\"00:00\"}],\"telephone\":\"+37369644446\"}]}<\/script>\n<meta name=\"geo.placename\" content=\"Chisinau\" \/>\n<meta name=\"geo.position\" content=\"47.0376;28.76899\" \/>\n<meta name=\"geo.region\" content=\"Moldova\" \/>\n<!-- \/ Yoast SEO Premium plugin. -->","yoast_head_json":{"title":"H2221 - Metize, Capse - atg.md","robots":{"index":"index","follow":"follow","max-snippet":"max-snippet:-1","max-image-preview":"max-image-preview:large","max-video-preview":"max-video-preview:-1"},"canonical":"https:\/\/atg.md\/ro\/catalog\/metizy\/skoby-metizy\/h2221\/","og_locale":"ro_RO","og_type":"article","og_title":"H2221 - Metize, Capse - atg.md","og_description":"OEM:1J0858137B Dimensiune D: 9 Dimensiune F: 12 Dimensiune H: 16 Dimensiune T: 11","og_url":"https:\/\/atg.md\/ro\/wp-json\/wp\/v2\/product\/9902","og_site_name":"atg.md","article_modified_time":"2024-07-05T10:48:12+00:00","og_image":[{"width":700,"height":700,"url":"https:\/\/atg.md\/wp-content\/uploads\/2021\/03\/interior-trim-panel-fascia-retaining-clips-seat-1j0858137b-954433_700x700.webp","type":"image\/webp"}],"twitter_card":"summary_large_image","twitter_misc":{"Pre\u021b":"7.00&nbsp;MDL","Availability":"In stock"},"schema":{"@context":"https:\/\/schema.org","@graph":[{"@type":"WebPage","@id":"https:\/\/atg.md\/ro\/catalog\/metizy\/skoby-metizy\/h2221\/","url":"https:\/\/atg.md\/ro\/catalog\/metizy\/skoby-metizy\/h2221\/","name":"H2221 - Metize, Capse - atg.md","isPartOf":{"@id":"https:\/\/atg.md\/ro\/#website"},"datePublished":"2021-03-30T09:25:07+00:00","dateModified":"2024-07-05T10:48:12+00:00","breadcrumb":{"@id":"https:\/\/atg.md\/ro\/catalog\/metizy\/skoby-metizy\/h2221\/#breadcrumb"},"inLanguage":"ro-RO","potentialAction":[{"@type":"ReadAction","target":[["https:\/\/atg.md\/ro\/catalog\/metizy\/skoby-metizy\/h2221\/"]]}]},{"@type":"BreadcrumbList","@id":"https:\/\/atg.md\/ro\/catalog\/metizy\/skoby-metizy\/h2221\/#breadcrumb","itemListElement":[{"@type":"ListItem","position":1,"name":"Home","item":"https:\/\/atg.md\/ro\/"},{"@type":"ListItem","position":2,"name":"\u041a\u0430\u0442\u0430\u043b\u043e\u0433","item":"https:\/\/atg.md\/ro\/catalog\/"},{"@type":"ListItem","position":3,"name":"H2221"}]},{"@type":"WebSite","@id":"https:\/\/atg.md\/ro\/#website","url":"https:\/\/atg.md\/ro\/","name":"atg.md","description":"V\u00e2nzare de izola\u021bii \u00eempotriva vibra\u021biilor pentru ma\u0219ini, izola\u021bie termic\u0103, izolare fonic\u0103 de la cei mai buni produc\u0103tori, autoclipsuri, elemente de fixare auto. Cump\u0103ra\u021bi \u00een Moldova, Chi\u0219in\u0103u","publisher":{"@id":"https:\/\/atg.md\/ro\/#organization"},"potentialAction":[{"@type":"SearchAction","target":{"@type":"EntryPoint","urlTemplate":"https:\/\/atg.md\/ro\/?s={search_term_string}"},"query-input":"required name=search_term_string"}],"inLanguage":"ro-RO"},{"@type":["Organization","Place","AutoPartsStore"],"@id":"https:\/\/atg.md\/ro\/#organization","name":"S.C. AUTOTOM GRUP S.R.L.","url":"https:\/\/atg.md\/ro\/","logo":{"@type":"ImageObject","inLanguage":"ro-RO","@id":"https:\/\/atg.md\/ro\/#\/schema\/logo\/image\/","url":"https:\/\/i2.wp.com\/atg.md\/wp-content\/uploads\/2021\/05\/atg_logo_main.png?fit=656%2C569&ssl=1","contentUrl":"https:\/\/i2.wp.com\/atg.md\/wp-content\/uploads\/2021\/05\/atg_logo_main.png?fit=656%2C569&ssl=1","width":656,"height":569,"caption":"S.C. AUTOTOM GRUP S.R.L."},"image":{"@id":"https:\/\/atg.md\/ro\/#\/schema\/logo\/image\/"},"location":{"@id":"https:\/\/atg.md\/ro\/catalog\/metizy\/skoby-metizy\/h2221\/#local-place"},"address":{"@id":"https:\/\/atg.md\/ro\/catalog\/metizy\/skoby-metizy\/h2221\/#local-place-address"},"email":"atgtvv@gmail.com","telephone":"+37369644446","areaServed":"Moldova"},{"@type":"Place","@id":"https:\/\/atg.md\/ro\/catalog\/metizy\/skoby-metizy\/h2221\/#local-place","address":{"@type":"PostalAddress","@id":"https:\/\/atg.md\/ro\/catalog\/metizy\/skoby-metizy\/h2221\/#local-place-address","streetAddress":"str. Alba-Iulia 77\/20","addressLocality":"Chisinau","postalCode":"2043","addressRegion":"mun. Chisinau","addressCountry":"MD"},"geo":{"@type":"GeoCoordinates","latitude":"47.0376","longitude":"28.76899"},"openingHoursSpecification":[{"@type":"OpeningHoursSpecification","dayOfWeek":["Monday","Tuesday","Wednesday","Thursday","Friday"],"opens":"09:00","closes":"18:00"},{"@type":"OpeningHoursSpecification","dayOfWeek":["Saturday"],"opens":"09:00","closes":"14:00"},{"@type":"OpeningHoursSpecification","dayOfWeek":["Sunday"],"opens":"00:00","closes":"00:00"}],"telephone":"+37369644446"}]}},"_links":{"self":[{"href":"https:\/\/atg.md\/ro\/wp-json\/wp\/v2\/product\/9902"}],"collection":[{"href":"https:\/\/atg.md\/ro\/wp-json\/wp\/v2\/product"}],"about":[{"href":"https:\/\/atg.md\/ro\/wp-json\/wp\/v2\/types\/product"}],"wp:featuredmedia":[{"embeddable":true,"href":"https:\/\/atg.md\/ro\/wp-json\/wp\/v2\/media\/12627"}],"wp:attachment":[{"href":"https:\/\/atg.md\/ro\/wp-json\/wp\/v2\/media?parent=9902"}],"wp:term":[{"taxonomy":"product_cat","embeddable":true,"href":"https:\/\/atg.md\/ro\/wp-json\/wp\/v2\/product_cat?post=9902"},{"taxonomy":"product_tag","embeddable":true,"href":"https:\/\/atg.md\/ro\/wp-json\/wp\/v2\/product_tag?post=9902"}],"curies":[{"name":"wp","href":"https:\/\/api.w.org\/{rel}","templated":true}]}}