{"id":9873,"date":"2021-03-30T09:24:50","date_gmt":"2021-03-30T09:24:50","guid":{"rendered":"http:\/\/atg.md\/product\/h2187\/"},"modified":"2024-07-05T10:47:56","modified_gmt":"2024-07-05T10:47:56","slug":"h2187","status":"publish","type":"product","link":"https:\/\/atg.md\/ro\/catalog\/metizy\/samorezy\/h2187\/","title":{"rendered":"H2187"},"content":{"rendered":"<p>Modele:<\/p>\n<p>Lexus ES300,\u00a0MCV30, MCV31<br \/>\nLexus ES330,\u00a0MCV30, MCV31<br \/>\nLexus ES350,\u00a0GSV40<br \/>\nLexus GX470,\u00a0UZJ120<br \/>\nLexus IS200,\u00a0GXE10, JCE10<br \/>\nLexus IS300,\u00a0GXE10, JCE10<br \/>\nLexus LX570,\u00a0URJ201<br \/>\nLexus RX300,\u00a0GSU35, MCU10, MCU15, MCU35, MCU38<br \/>\nLexus RX330,\u00a0GSU30, GSU35, MCU33, MCU35, MCU38<br \/>\nLexus RX400h,\u00a0MHU33, MHU38<br \/>\nToyota Allex,\u00a0NZE121, NZE124, ZZE122, ZZE123, ZZE124<br \/>\nToyota Allion,\u00a0AZT240, NZT240, NZT260, ZRT260, ZRT261, ZRT265, ZZT240, ZZT245<br \/>\nToyota Alphard,\u00a0ANH10, ANH15, ANH20, ANH25, ATH10, ATH20, GGH20, GGH25, MNH10, MNH15<br \/>\nToyota Altezza,\u00a0GXE10, GXE15, JCE10, JCE15, SXE10<br \/>\nToyota Aqua,\u00a0NHP10<br \/>\nToyota Aurion,\u00a0ACV40, GSV40<br \/>\nToyota Avalon,\u00a0MCX10<br \/>\nToyota Avensis Verso,\u00a0ACM20, ACM21, CLM20<br \/>\nToyota Avensis,\u00a0ADT250, ADT251, AZT250, AZT251, AZT255, CDT250, ZZT250, ZZT251<br \/>\nToyota Brevis,\u00a0JCG10, JCG11, JCG15<br \/>\nToyota Caldina,\u00a0AZT241, AZT246, ST246, ZZT241<br \/>\nToyota Camry,\u00a0ACV30, ACV31, ACV35, ACV36, ACV40, ACV41, ACV45, AHV40, AVV50, GSV40, MCV30, MCV31, MCV36<br \/>\nToyota Carina,\u00a0AT210, AT211, AT212, CT210, CT211, CT215, CT216, ST215<br \/>\nToyota Celica,\u00a0ZZT230, ZZT231<br \/>\nToyota Chaser,\u00a0GX100, GX105, JZX100, JZX101, JZX105, LX100, SX100<br \/>\nToyota Corolla Axio,\u00a0NKE165, NRE160, NZE141, NZE144, NZE161, NZE164, ZRE142, ZRE144, ZRE162<br \/>\nToyota Corolla Fielder,\u00a0CE121, NKE165, NRE160, NZE120, NZE121, NZE124, NZE141, NZE144, NZE161, NZE164, ZRE142, ZRE144, ZRE162, ZZE122, ZZE123, ZZE124<br \/>\nToyota Corolla Runx,\u00a0NZE121, NZE124, ZZE122, ZZE123, ZZE124<br \/>\nToyota Corolla Spacio,\u00a0NZE121, ZZE122, ZZE124<br \/>\nToyota Corolla Verso,\u00a0AUR10, CDE120, CUR10, ZNR10, ZNR11, ZZE121, ZZE122<br \/>\nToyota Corolla,\u00a0CDE120, CE120, CE140, NDE120, NZE120, NZE121, NZE141, ZRE120, ZRE142, ZZE120, ZZE121, ZZE122, ZZE123, ZZE130, ZZE131, ZZE132, ZZE133, ZZE134, ZZE141, ZZE142<br \/>\nToyota Cresta,\u00a0GX100, GX105, JZX100, JZX101, JZX105, LX100<br \/>\nToyota Crown Majesta,\u00a0GRS180, GRS181, GRS182, GRS183, GRS184, GS151, GS171, JKS175, JZS151, JZS153, JZS155, JZS157, JZS171, JZS173, JZS175, JZS177, JZS179, LS151, URS206, UZS151, UZS155, UZS157, UZS171, UZS173, UZS175, UZS186, UZS187, UZS207<br \/>\nToyota Crown,\u00a0AWS210, GRS180, GRS181, GRS182, GRS183, GRS184, GRS188, GRS200, GRS201, GRS202, GRS203, GRS204, GRS210, GRS211, GRS214, GS151, GS171, GWS204, GWS214, JKS175, JZS151, JZS153, JZS155, JZS157, JZS171, JZS173, JZS175, JZS177, JZS179, LS151, UZS151, UZS155, UZS157, UZS171, UZS173, UZS175, UZS186, UZS187<br \/>\nToyota Estima Emina,\u00a0CXR10, CXR11, TCR10, TCR11<br \/>\nToyota Estima Lucida,\u00a0CXR10, CXR11, TCR10, TCR11<br \/>\nToyota Estima,\u00a0ACR30, ACR50, ACR55, AHR10, AHR20, GSR50, GSR55, MCR30, TCR10, TCR11<br \/>\nToyota Fortuner,\u00a0GGN50, GGN60, KUN50, KUN51, KUN60, KUN61, LAN50, TGN51, TGN61<br \/>\nToyota Gaia,\u00a0ACM10, ACM15, CXM10, SXM10, SXM15<br \/>\nToyota Harrier,\u00a0ACU10, ACU15, ACU30, ACU35, GSU30, GSU31, GSU35, GSU36, MCU10, MCU15, MCU30, MCU31, MCU35, MCU36, MHU38, SXU10, SXU15<br \/>\nToyota Highlander,\u00a0ACU20, ACU25, GSU40, GSU45, MCU20, MCU23, MCU25, MCU28, MHU23, MHU28, MHU48<br \/>\nToyota Hilux,\u00a0GGN15, GGN25, KUN10, KUN15, KUN16, KUN25, KUN26, KUN35, KUN36, LAN15, LAN25, LAN35, TGN10, TGN11, TGN15, TGN16, TGN26, TGN36<br \/>\nToyota Innova,\u00a0KUN40, TGN40, TGN41<br \/>\nToyota Ipsum,\u00a0ACM21, ACM26, CXM10, SXM10, SXM15<br \/>\nToyota Isis,\u00a0ANM10, ANM15, ZGM10, ZGM11, ZGM15, ZNM10<br \/>\nToyota Kijang,\u00a0KUN40, TGN40, TGN41<br \/>\nToyota Kluger V,\u00a0ACU20, ACU25, MCU20, MCU25, MCU28, MHU28<br \/>\nToyota Land Cruiser Prado,\u00a0GRJ150, GRJ151, TRJ150<br \/>\nToyota Land Cruiser,\u00a0GRJ200, URJ200, URJ202, UZJ200, VDJ200<br \/>\nToyota Mark II Wagon Blit,\u00a0GX110, GX115, JZX110, JZX115<br \/>\nToyota Mark II,\u00a0GX100, GX105, JZX100, JZX101, JZX105, LX100<br \/>\nToyota Mark X,\u00a0GRX120, GRX121, GRX125, GRX130, GRX133, GRX135<br \/>\nToyota Matrix,\u00a0ZZE130, ZZE131, ZZE132, ZZE133, ZZE134<br \/>\nToyota Nadia,\u00a0ACN10, ACN15, SXN10, SXN15<br \/>\nToyota Noah,\u00a0AZR60, AZR65, ZRR70, ZRR75, ZRR80, ZRR85, ZWR80<br \/>\nToyota Opa,\u00a0ACT10, ZCT10, ZCT15<br \/>\nToyota Origin,\u00a0JCG17<br \/>\nToyota Picnic Verso,\u00a0ACM20, ACM21, CLM20<br \/>\nToyota Picnic,\u00a0CXM10, SXM10<br \/>\nToyota Premio,\u00a0AZT240, NZT240, NZT260, ZRT260, ZRT261, ZRT265, ZZT240, ZZT245<br \/>\nToyota Previa,\u00a0ACR30, ACR50, CLR30, GSR50, TCR10, TCR11, TCR20, TCR21<br \/>\nToyota Prius,\u00a0NHW20<br \/>\nToyota Progres,\u00a0JCG10, JCG11, JCG15<br \/>\nToyota RAV4,\u00a0BEA11, SXA10, SXA11, SXA15, SXA16<br \/>\nToyota Reiz,\u00a0GRX121, GRX122<br \/>\nToyota Sai,\u00a0AZK10<br \/>\nToyota Scion,\u00a0ANT10<br \/>\nToyota T.U.V,\u00a0KF60, KF70, KF72, KF80, KF82, LF60, LF61, LF70, LF72, LF80, LF81, LF82, LF85, RZF61, RZF71, RZF80, RZF81, RZF85<br \/>\nToyota Tarago,\u00a0ACR30, ACR50, CLR30, GSR50<br \/>\nToyota Vellfire,\u00a0ANH20, ANH25, ATH20, GGH20, GGH25<br \/>\nToyota Verossa,\u00a0GX110, GX115, JZX110<br \/>\nToyota Voltz,\u00a0ZZE136, ZZE137, ZZE138<br \/>\nToyota Voxy,\u00a0AZR60, AZR65, ZRR70, ZRR75, ZRR80, ZRR85, ZWR80<br \/>\nToyota WiLL Cypha,\u00a0NCP70, NCP75<br \/>\nToyota WiLL VS,\u00a0NZE127, ZZE127, ZZE128, ZZE129<br \/>\nToyota Windom,\u00a0MCV30<br \/>\nToyota Wish,\u00a0ANE10, ANE11, ZNE10, ZNE14<\/p>","protected":false},"excerpt":{"rendered":"<p><b>OEM:<\/b> 9015960496<\/p>\n<p>Dimensiune F: 6<br \/>\nDimensiune H: 15<br \/>\nDimensiune T: 10<\/p>\n","protected":false},"featured_media":12603,"template":"","meta":[],"product_cat":[1243,1245],"product_tag":[],"bundled_by":[],"bundle_stock_status":"instock","bundle_stock_quantity":null,"bundle_virtual":false,"bundle_layout":"","bundle_add_to_cart_form_location":"","bundle_editable_in_cart":false,"bundle_sold_individually_context":"","bundle_item_grouping":"","bundle_min_size":"","bundle_max_size":"","bundled_items":[],"yoast_head":"<!-- This site is optimized with the Yoast SEO Premium plugin v16.6 (Yoast SEO v20.1) - https:\/\/yoast.com\/wordpress\/plugins\/seo\/ -->\n<title>H2187 - Metize, \u0218uruburi autofiletante - atg.md<\/title>\n<meta name=\"robots\" content=\"index, follow, max-snippet:-1, max-image-preview:large, max-video-preview:-1\" \/>\n<link rel=\"canonical\" href=\"https:\/\/atg.md\/ro\/catalog\/metizy\/samorezy\/h2187\/\" \/>\n<meta property=\"og:locale\" content=\"ro_RO\" \/>\n<meta property=\"og:type\" content=\"article\" \/>\n<meta property=\"og:title\" content=\"H2187 - Metize, \u0218uruburi autofiletante - atg.md\" \/>\n<meta property=\"og:description\" content=\"OEM: 9015960496Dimensiune F: 6 Dimensiune H: 15 Dimensiune T: 10\" \/>\n<meta property=\"og:url\" content=\"https:\/\/atg.md\/ro\/wp-json\/wp\/v2\/product\/9873\" \/>\n<meta property=\"og:site_name\" content=\"atg.md\" \/>\n<meta property=\"article:modified_time\" content=\"2024-07-05T10:47:56+00:00\" \/>\n<meta property=\"og:image\" content=\"https:\/\/atg.md\/wp-content\/uploads\/2021\/03\/s-l400.jpg\" \/>\n\t<meta property=\"og:image:width\" content=\"400\" \/>\n\t<meta property=\"og:image:height\" content=\"286\" \/>\n\t<meta property=\"og:image:type\" content=\"image\/jpeg\" \/>\n<meta name=\"twitter:card\" content=\"summary_large_image\" \/>\n<meta name=\"twitter:label1\" content=\"Pre\u021b\" \/>\n\t<meta name=\"twitter:data1\" content=\"7.00&nbsp;MDL\" \/>\n\t<meta name=\"twitter:label2\" content=\"Availability\" \/>\n\t<meta name=\"twitter:data2\" content=\"In stock\" \/>\n<script type=\"application\/ld+json\" class=\"yoast-schema-graph\">{\"@context\":\"https:\/\/schema.org\",\"@graph\":[{\"@type\":\"WebPage\",\"@id\":\"https:\/\/atg.md\/ro\/catalog\/metizy\/samorezy\/h2187\/\",\"url\":\"https:\/\/atg.md\/ro\/catalog\/metizy\/samorezy\/h2187\/\",\"name\":\"H2187 - Metize, \u0218uruburi autofiletante - atg.md\",\"isPartOf\":{\"@id\":\"https:\/\/atg.md\/ro\/#website\"},\"datePublished\":\"2021-03-30T09:24:50+00:00\",\"dateModified\":\"2024-07-05T10:47:56+00:00\",\"breadcrumb\":{\"@id\":\"https:\/\/atg.md\/ro\/catalog\/metizy\/samorezy\/h2187\/#breadcrumb\"},\"inLanguage\":\"ro-RO\",\"potentialAction\":[{\"@type\":\"ReadAction\",\"target\":[[\"https:\/\/atg.md\/ro\/catalog\/metizy\/samorezy\/h2187\/\"]]}]},{\"@type\":\"BreadcrumbList\",\"@id\":\"https:\/\/atg.md\/ro\/catalog\/metizy\/samorezy\/h2187\/#breadcrumb\",\"itemListElement\":[{\"@type\":\"ListItem\",\"position\":1,\"name\":\"Home\",\"item\":\"https:\/\/atg.md\/ro\/\"},{\"@type\":\"ListItem\",\"position\":2,\"name\":\"\u041a\u0430\u0442\u0430\u043b\u043e\u0433\",\"item\":\"https:\/\/atg.md\/ro\/catalog\/\"},{\"@type\":\"ListItem\",\"position\":3,\"name\":\"H2187\"}]},{\"@type\":\"WebSite\",\"@id\":\"https:\/\/atg.md\/ro\/#website\",\"url\":\"https:\/\/atg.md\/ro\/\",\"name\":\"atg.md\",\"description\":\"V\u00e2nzare de izola\u021bii \u00eempotriva vibra\u021biilor pentru ma\u0219ini, izola\u021bie termic\u0103, izolare fonic\u0103 de la cei mai buni produc\u0103tori, autoclipsuri, elemente de fixare auto. Cump\u0103ra\u021bi \u00een Moldova, Chi\u0219in\u0103u\",\"publisher\":{\"@id\":\"https:\/\/atg.md\/ro\/#organization\"},\"potentialAction\":[{\"@type\":\"SearchAction\",\"target\":{\"@type\":\"EntryPoint\",\"urlTemplate\":\"https:\/\/atg.md\/ro\/?s={search_term_string}\"},\"query-input\":\"required name=search_term_string\"}],\"inLanguage\":\"ro-RO\"},{\"@type\":[\"Organization\",\"Place\",\"AutoPartsStore\"],\"@id\":\"https:\/\/atg.md\/ro\/#organization\",\"name\":\"S.C. AUTOTOM GRUP S.R.L.\",\"url\":\"https:\/\/atg.md\/ro\/\",\"logo\":{\"@type\":\"ImageObject\",\"inLanguage\":\"ro-RO\",\"@id\":\"https:\/\/atg.md\/ro\/#\/schema\/logo\/image\/\",\"url\":\"https:\/\/i2.wp.com\/atg.md\/wp-content\/uploads\/2021\/05\/atg_logo_main.png?fit=656%2C569&ssl=1\",\"contentUrl\":\"https:\/\/i2.wp.com\/atg.md\/wp-content\/uploads\/2021\/05\/atg_logo_main.png?fit=656%2C569&ssl=1\",\"width\":656,\"height\":569,\"caption\":\"S.C. AUTOTOM GRUP S.R.L.\"},\"image\":{\"@id\":\"https:\/\/atg.md\/ro\/#\/schema\/logo\/image\/\"},\"location\":{\"@id\":\"https:\/\/atg.md\/ro\/catalog\/metizy\/samorezy\/h2187\/#local-place\"},\"address\":{\"@id\":\"https:\/\/atg.md\/ro\/catalog\/metizy\/samorezy\/h2187\/#local-place-address\"},\"email\":\"atgtvv@gmail.com\",\"telephone\":\"+37369644446\",\"areaServed\":\"Moldova\"},{\"@type\":\"Place\",\"@id\":\"https:\/\/atg.md\/ro\/catalog\/metizy\/samorezy\/h2187\/#local-place\",\"address\":{\"@type\":\"PostalAddress\",\"@id\":\"https:\/\/atg.md\/ro\/catalog\/metizy\/samorezy\/h2187\/#local-place-address\",\"streetAddress\":\"str. Alba-Iulia 77\/20\",\"addressLocality\":\"Chisinau\",\"postalCode\":\"2043\",\"addressRegion\":\"mun. Chisinau\",\"addressCountry\":\"MD\"},\"geo\":{\"@type\":\"GeoCoordinates\",\"latitude\":\"47.0376\",\"longitude\":\"28.76899\"},\"openingHoursSpecification\":[{\"@type\":\"OpeningHoursSpecification\",\"dayOfWeek\":[\"Monday\",\"Tuesday\",\"Wednesday\",\"Thursday\",\"Friday\"],\"opens\":\"09:00\",\"closes\":\"18:00\"},{\"@type\":\"OpeningHoursSpecification\",\"dayOfWeek\":[\"Saturday\"],\"opens\":\"09:00\",\"closes\":\"14:00\"},{\"@type\":\"OpeningHoursSpecification\",\"dayOfWeek\":[\"Sunday\"],\"opens\":\"00:00\",\"closes\":\"00:00\"}],\"telephone\":\"+37369644446\"}]}<\/script>\n<meta name=\"geo.placename\" content=\"Chisinau\" \/>\n<meta name=\"geo.position\" content=\"47.0376;28.76899\" \/>\n<meta name=\"geo.region\" content=\"Moldova\" \/>\n<!-- \/ Yoast SEO Premium plugin. -->","yoast_head_json":{"title":"H2187 - Metize, \u0218uruburi autofiletante - atg.md","robots":{"index":"index","follow":"follow","max-snippet":"max-snippet:-1","max-image-preview":"max-image-preview:large","max-video-preview":"max-video-preview:-1"},"canonical":"https:\/\/atg.md\/ro\/catalog\/metizy\/samorezy\/h2187\/","og_locale":"ro_RO","og_type":"article","og_title":"H2187 - Metize, \u0218uruburi autofiletante - atg.md","og_description":"OEM: 9015960496Dimensiune F: 6 Dimensiune H: 15 Dimensiune T: 10","og_url":"https:\/\/atg.md\/ro\/wp-json\/wp\/v2\/product\/9873","og_site_name":"atg.md","article_modified_time":"2024-07-05T10:47:56+00:00","og_image":[{"width":400,"height":286,"url":"https:\/\/atg.md\/wp-content\/uploads\/2021\/03\/s-l400.jpg","type":"image\/jpeg"}],"twitter_card":"summary_large_image","twitter_misc":{"Pre\u021b":"7.00&nbsp;MDL","Availability":"In stock"},"schema":{"@context":"https:\/\/schema.org","@graph":[{"@type":"WebPage","@id":"https:\/\/atg.md\/ro\/catalog\/metizy\/samorezy\/h2187\/","url":"https:\/\/atg.md\/ro\/catalog\/metizy\/samorezy\/h2187\/","name":"H2187 - Metize, \u0218uruburi autofiletante - atg.md","isPartOf":{"@id":"https:\/\/atg.md\/ro\/#website"},"datePublished":"2021-03-30T09:24:50+00:00","dateModified":"2024-07-05T10:47:56+00:00","breadcrumb":{"@id":"https:\/\/atg.md\/ro\/catalog\/metizy\/samorezy\/h2187\/#breadcrumb"},"inLanguage":"ro-RO","potentialAction":[{"@type":"ReadAction","target":[["https:\/\/atg.md\/ro\/catalog\/metizy\/samorezy\/h2187\/"]]}]},{"@type":"BreadcrumbList","@id":"https:\/\/atg.md\/ro\/catalog\/metizy\/samorezy\/h2187\/#breadcrumb","itemListElement":[{"@type":"ListItem","position":1,"name":"Home","item":"https:\/\/atg.md\/ro\/"},{"@type":"ListItem","position":2,"name":"\u041a\u0430\u0442\u0430\u043b\u043e\u0433","item":"https:\/\/atg.md\/ro\/catalog\/"},{"@type":"ListItem","position":3,"name":"H2187"}]},{"@type":"WebSite","@id":"https:\/\/atg.md\/ro\/#website","url":"https:\/\/atg.md\/ro\/","name":"atg.md","description":"V\u00e2nzare de izola\u021bii \u00eempotriva vibra\u021biilor pentru ma\u0219ini, izola\u021bie termic\u0103, izolare fonic\u0103 de la cei mai buni produc\u0103tori, autoclipsuri, elemente de fixare auto. Cump\u0103ra\u021bi \u00een Moldova, Chi\u0219in\u0103u","publisher":{"@id":"https:\/\/atg.md\/ro\/#organization"},"potentialAction":[{"@type":"SearchAction","target":{"@type":"EntryPoint","urlTemplate":"https:\/\/atg.md\/ro\/?s={search_term_string}"},"query-input":"required name=search_term_string"}],"inLanguage":"ro-RO"},{"@type":["Organization","Place","AutoPartsStore"],"@id":"https:\/\/atg.md\/ro\/#organization","name":"S.C. AUTOTOM GRUP S.R.L.","url":"https:\/\/atg.md\/ro\/","logo":{"@type":"ImageObject","inLanguage":"ro-RO","@id":"https:\/\/atg.md\/ro\/#\/schema\/logo\/image\/","url":"https:\/\/i2.wp.com\/atg.md\/wp-content\/uploads\/2021\/05\/atg_logo_main.png?fit=656%2C569&ssl=1","contentUrl":"https:\/\/i2.wp.com\/atg.md\/wp-content\/uploads\/2021\/05\/atg_logo_main.png?fit=656%2C569&ssl=1","width":656,"height":569,"caption":"S.C. AUTOTOM GRUP S.R.L."},"image":{"@id":"https:\/\/atg.md\/ro\/#\/schema\/logo\/image\/"},"location":{"@id":"https:\/\/atg.md\/ro\/catalog\/metizy\/samorezy\/h2187\/#local-place"},"address":{"@id":"https:\/\/atg.md\/ro\/catalog\/metizy\/samorezy\/h2187\/#local-place-address"},"email":"atgtvv@gmail.com","telephone":"+37369644446","areaServed":"Moldova"},{"@type":"Place","@id":"https:\/\/atg.md\/ro\/catalog\/metizy\/samorezy\/h2187\/#local-place","address":{"@type":"PostalAddress","@id":"https:\/\/atg.md\/ro\/catalog\/metizy\/samorezy\/h2187\/#local-place-address","streetAddress":"str. Alba-Iulia 77\/20","addressLocality":"Chisinau","postalCode":"2043","addressRegion":"mun. Chisinau","addressCountry":"MD"},"geo":{"@type":"GeoCoordinates","latitude":"47.0376","longitude":"28.76899"},"openingHoursSpecification":[{"@type":"OpeningHoursSpecification","dayOfWeek":["Monday","Tuesday","Wednesday","Thursday","Friday"],"opens":"09:00","closes":"18:00"},{"@type":"OpeningHoursSpecification","dayOfWeek":["Saturday"],"opens":"09:00","closes":"14:00"},{"@type":"OpeningHoursSpecification","dayOfWeek":["Sunday"],"opens":"00:00","closes":"00:00"}],"telephone":"+37369644446"}]}},"_links":{"self":[{"href":"https:\/\/atg.md\/ro\/wp-json\/wp\/v2\/product\/9873"}],"collection":[{"href":"https:\/\/atg.md\/ro\/wp-json\/wp\/v2\/product"}],"about":[{"href":"https:\/\/atg.md\/ro\/wp-json\/wp\/v2\/types\/product"}],"wp:featuredmedia":[{"embeddable":true,"href":"https:\/\/atg.md\/ro\/wp-json\/wp\/v2\/media\/12603"}],"wp:attachment":[{"href":"https:\/\/atg.md\/ro\/wp-json\/wp\/v2\/media?parent=9873"}],"wp:term":[{"taxonomy":"product_cat","embeddable":true,"href":"https:\/\/atg.md\/ro\/wp-json\/wp\/v2\/product_cat?post=9873"},{"taxonomy":"product_tag","embeddable":true,"href":"https:\/\/atg.md\/ro\/wp-json\/wp\/v2\/product_tag?post=9873"}],"curies":[{"name":"wp","href":"https:\/\/api.w.org\/{rel}","templated":true}]}}