{"id":9866,"date":"2021-03-30T09:24:50","date_gmt":"2021-03-30T09:24:50","guid":{"rendered":"http:\/\/atg.md\/product\/h2180\/"},"modified":"2024-07-05T10:47:52","modified_gmt":"2024-07-05T10:47:52","slug":"h2180","status":"publish","type":"product","link":"https:\/\/atg.md\/ro\/catalog\/metizy\/samorezy\/h2180\/","title":{"rendered":"H2180"},"content":{"rendered":"<p>Modele:<\/p>\n<p>Hyundai Accent<br \/>\nHyundai Aslan<br \/>\nHyundai Atos<br \/>\nHyundai Avante,\u00a0XD<br \/>\nHyundai Azera<br \/>\nHyundai Blue On<br \/>\nHyundai Centennial<br \/>\nHyundai Click<br \/>\nHyundai County<br \/>\nHyundai Coupe<br \/>\nHyundai Dynasty<br \/>\nHyundai Elantra<br \/>\nHyundai Eon<br \/>\nHyundai Equus<br \/>\nHyundai Excel<br \/>\nHyundai Genesis<br \/>\nHyundai Getz<br \/>\nHyundai Global 900<br \/>\nHyundai Grand Starex<br \/>\nHyundai Grandeur,\u00a0HG, IG, TG, XG<br \/>\nHyundai H1<br \/>\nHyundai H100<br \/>\nHyundai H350<br \/>\nHyundai HD<br \/>\nHyundai Ioniq<br \/>\nHyundai Lantra<br \/>\nHyundai Lavita<br \/>\nHyundai Marcia<br \/>\nHyundai Matrix<br \/>\nHyundai Mega Truck<br \/>\nHyundai Mighty<br \/>\nHyundai Pony<br \/>\nHyundai Porter II<br \/>\nHyundai Santa Fe<br \/>\nHyundai Santamo<br \/>\nHyundai Santro<br \/>\nHyundai Scoupe<br \/>\nHyundai Solaris<br \/>\nHyundai Sonata,\u00a0EF, LF, NF, YF<br \/>\nHyundai Starex<br \/>\nHyundai Terracan<br \/>\nHyundai Tiburon<br \/>\nHyundai Trago<br \/>\nHyundai Trajet<br \/>\nHyundai Tucson<br \/>\nHyundai Tuscani<br \/>\nHyundai Universe<br \/>\nHyundai Veloster<br \/>\nHyundai Veracruz<br \/>\nHyundai Verna<br \/>\nHyundai Xcient<br \/>\nHyundai i10<br \/>\nHyundai i20<br \/>\nHyundai i30<br \/>\nHyundai i40<br \/>\nHyundai ix35<br \/>\nHyundai ix55<br \/>\nInfiniti EX25,\u00a0J50<br \/>\nInfiniti EX35,\u00a0J50<br \/>\nInfiniti EX37,\u00a0J50<br \/>\nInfiniti FX30d,\u00a0CLS51, S51<br \/>\nInfiniti FX35,\u00a0CLS51, S50, S51<br \/>\nInfiniti FX37,\u00a0CLS51, S51<br \/>\nInfiniti FX45,\u00a0S50<br \/>\nInfiniti FX50,\u00a0CLS51, S51<br \/>\nInfiniti G20,\u00a0P10, P11<br \/>\nInfiniti G25,\u00a0V36<br \/>\nInfiniti G35,\u00a0V35, V36<br \/>\nInfiniti G37,\u00a0CV36, CV37, HV36, V36<br \/>\nInfiniti I30,\u00a0A32, CA33<br \/>\nInfiniti I35,\u00a0CA33<br \/>\nInfiniti J30,\u00a0JPY32<br \/>\nInfiniti JX35,\u00a0L50<br \/>\nInfiniti M25,\u00a0Y51, Y51HV<br \/>\nInfiniti M30,\u00a0F31<br \/>\nInfiniti M35 Hybrid<br \/>\nInfiniti M35,\u00a0Y50, Y51, Y51HV<br \/>\nInfiniti M37,\u00a0Y51, Y51HV<br \/>\nInfiniti M45,\u00a0Y34, Y50, Y51, Y51HV<br \/>\nInfiniti M56,\u00a0Y51, Y51HV<br \/>\nInfiniti Q30,\u00a0H15E<br \/>\nInfiniti Q40,\u00a0V36<br \/>\nInfiniti Q45,\u00a0F50, FGY33, G50<br \/>\nInfiniti Q50,\u00a0V37<br \/>\nInfiniti Q50L,\u00a0V37Z<br \/>\nInfiniti Q60,\u00a0CV36, CV37, HV36<br \/>\nInfiniti Q70,\u00a0Y51, Y51HV<br \/>\nInfiniti QX4,\u00a0JR50<br \/>\nInfiniti QX50,\u00a0J50, J50Z<br \/>\nInfiniti QX56,\u00a0JA60<br \/>\nInfiniti QX60,\u00a0L50, L50HV<br \/>\nInfiniti QX70,\u00a0CLS51, S51<br \/>\nKia Bongo<br \/>\nKia Borrego<br \/>\nKia Cadenza<br \/>\nKia Carens<br \/>\nKia Carnival<br \/>\nKia Carstar<br \/>\nKia Ceed<br \/>\nKia Cerato<br \/>\nKia Forte<br \/>\nKia Granbird<br \/>\nKia Joice<br \/>\nKia K-series<br \/>\nKia K3<br \/>\nKia K5<br \/>\nKia K7<br \/>\nKia K9<br \/>\nKia Lotze<br \/>\nKia Magentis<br \/>\nKia Mohave<br \/>\nKia Morning<br \/>\nKia Optima<br \/>\nKia Picanto<br \/>\nKia Pride<br \/>\nKia Quoris<br \/>\nKia Ray<br \/>\nKia Regal<br \/>\nKia Rio<br \/>\nKia Sedona<br \/>\nKia Shuma<br \/>\nKia Sorento<br \/>\nKia Soul<br \/>\nKia Spectra<br \/>\nKia Sportage<br \/>\nKia Venga<br \/>\nKia Visto<br \/>\nLexus LS400,\u00a0UCF10, UCF20<br \/>\nNissan 100NX,\u00a0B13<br \/>\nNissan 180SX,\u00a0KRPS13, RPS13, RS13<br \/>\nNissan 200SX,\u00a0B14U, S13, S14<br \/>\nNissan 240SX,\u00a0S14<br \/>\nNissan 350Z,\u00a0Z33<br \/>\nNissan 370Z,\u00a0Z34<br \/>\nNissan AD,\u00a0HY10, MVFY10, MVY10, VAY12, VEGY10, VENY10, VENY11, VEY10, VEY11, VFGY10, VFNY10, VFY10, VFY11, VGY11, VHNY11, VJY12, VSGY10, VSNY10, VSY10, VY10, VY11, VY12, VZNY12, WEY10, WFGY10, WFNY10, WFY10, WFY11, WHNY11, WHY11, WPY11, WRY11, WSY10, WY10, Y10, Y11<br \/>\nNissan Almera,\u00a0G15RA, N15, N16, N16E, V10M<br \/>\nNissan Altima,\u00a0CL32, L30, L31, L32, L32HV, L33<br \/>\nNissan Ambulance,\u00a0ALE50, ALWE50, ATE50, ATWE50, FLGE50, FLWGE50, FPGE50, FPWGE50<br \/>\nNissan Armada,\u00a0TA60<br \/>\nNissan Atleon,\u00a0LG1, LP2H, LP2S, TK3<br \/>\nNissan Auster,\u00a0PT12, T12<br \/>\nNissan Avenir,\u00a0PNW10, PNW11, PW10, PW11, RNW11, RW11, SW10, SW11, VENW10, VEW10, VSW10, W10, W11<br \/>\nNissan Bassara,\u00a0JHU30, JNU30, JTNU30, JTU30, JU30, JVNU30, JVU30<br \/>\nNissan Bluebird Sylphy,\u00a0FG10, G11, KG11, NG11, QG10, QNG10, TG10<br \/>\nNissan Bluebird,\u00a0ENU12, ENU13, ENU14, EU12, EU13, EU14, HAU12, HNU12, HNU13, HNU14, HU12, HU13, HU14, PU13, QU14, RNU12, RU12, SNU13, SU12, SU13, SU14, T12, T72, U12, U13, VEU11, VRU11, WU11<br \/>\nNissan Caravan,\u00a0CQGE25, CSGE25, CWGE25, CWMGE25, DQGE25, DSGE25, DWGE25, DWMGE25, QE25, QGE25, SE25, SGE25, VPE25, VRE25, VWE25, VWME25<br \/>\nNissan Cedric,\u00a0ENY33, ENY34, HBY33, HY33, HY34, MJY31, MY33, MY34, PAY32, PBY32, PY32, PY33, QJY31, SY31, TY31, UJY31, UY31, UY32, UY33, Y31, Y32, Y33, Y34, YPY31, YY31<br \/>\nNissan Cefiro,\u00a0A31, A32, A33, CA31, EA31, ECA31, HA32, LA31, LCA31, LNA31, NA31, PA32, PA33, WA32, WHA32, WPA32<br \/>\nNissan Cima,\u00a0FGDY32, FGDY33, FGNY32, FGNY33, FGY32, FGY33, FHY33, FPY32, GF50, GNF50, HF50<br \/>\nNissan Crew,\u00a0HK30, QK30, SK30, THK30, TSK30, YHK30<br \/>\nNissan Cube Cubic,\u00a0BGZ11, YGNZ11, YGZ11<br \/>\nNissan Cube,\u00a0ANZ10, AZ10, BNZ11, BZ11, NZ12, YZ11, Z10, Z12<br \/>\nNissan Datsun,\u00a0BD22, FMD22, LBD22, LFD22, LPD22, PD22, QD22, RMD22<br \/>\nNissan Dualis,\u00a0J10, NJ10<br \/>\nNissan Elgrand,\u00a0ALE50, ALWE50, APE50, APWE50, ATE50, ATWE50, AVE50, AVWE50, E51, ME51, MNE51, NE51<br \/>\nNissan Exa,\u00a0KEN13<br \/>\nNissan Expert,\u00a0VENW11, VEW11, VNW11, VW11<br \/>\nNissan Fairlady Z,\u00a0HZ33, Z33, Z34<br \/>\nNissan Fuga,\u00a0GY50, PNY50, PY50, Y50<br \/>\nNissan GT-R,\u00a0R35<br \/>\nNissan Gloria,\u00a0ENY33, ENY34, HBY33, HY33, HY34, MJY31, MY33, MY34, PAY32, PBY32, PY32, PY33, PY33E, QJY31, TY31, UJY31, UY31, UY32, UY33, Y31, Y32, Y33, Y34, YPY31, YY31<br \/>\nNissan Grand Livina,\u00a0L10H, L10HH, L10L, L10N, L10P<br \/>\nNissan Hardbody,\u00a0D22S<br \/>\nNissan Juke,\u00a0F15, F15E, F15N, JF15<br \/>\nNissan Kicks,\u00a0P15B, P15X, P15Z<br \/>\nNissan King Cab,\u00a0D21, D22, LCD22<br \/>\nNissan Lafesta,\u00a0B30, NB30<br \/>\nNissan Langley,\u00a0BEN13, BFN13, BFNN13, BHN13, BHNN13, BSN13<br \/>\nNissan Lannia,\u00a0U15Z<br \/>\nNissan Latio,\u00a0C11L, SC11<br \/>\nNissan Laurel Spirit,\u00a0EB12, FB12, FNB12, HB12, SB12<br \/>\nNissan Laurel,\u00a0A31, EC33, ECC33, EJC32, FC33, FJC32, GC32, GC34, GC35, GCC34, GCC35, GNC34, GNC35, HC32, HC33, HC34, HC35, HCC33, HJC32, SC33, SC34, SC35, SJC32<br \/>\nNissan Leaf,\u00a0ZE0, ZE0E, ZE0U<br \/>\nNissan Leopard,\u00a0GF31, JENY33, JGBY32, JHBY33, JHY33, JMY33, JPY32, JPY33, JY33, UF31<br \/>\nNissan Liberta Villa,\u00a0BEN13, BFN13, BFNN13, BHN13, BHNN13, BSN13<br \/>\nNissan Liberty,\u00a0PM12, PNM12, RM12, RNM12<br \/>\nNissan Livina,\u00a0L10B, L10BB, L10S, L10Z, L11N, L11NN, L11W, L11WW, L11Z, NL10S, NTL10L, NTL10N, TL10N<br \/>\nNissan Lucino,\u00a0B14, EB14, FB14, FNB14, HB14, JB14, SB14, SNB14<br \/>\nNissan March Box,\u00a0WAK11, WK11<br \/>\nNissan March,\u00a0AK11, AK12, ANK11, BK12, BNK12, FHK11, HK11, K11, K12, YK12<br \/>\nNissan Maxima,\u00a0A32, A32B, A33B, A34, A35, A36, CA33, J30, PJ30<br \/>\nNissan Micra C+C,\u00a0CK12E, FHZK12<br \/>\nNissan Micra,\u00a0K11E, K12E<br \/>\nNissan Mistral,\u00a0KR20, R20<br \/>\nNissan Moco,\u00a0MG22S<br \/>\nNissan Murano,\u00a0PNZ50, PZ50, TZ50, Z50, Z52, Z52HV<br \/>\nNissan NP300,\u00a0D22SS, D22X, D23T, D23X, LCD22S<br \/>\nNissan NV200,\u00a0M20, M20F, M20FF, M20K, M20KK, M20L, M20M, M20N, M20NN, M20X, M20XY<br \/>\nNissan NV350 Caravan,\u00a0E25, E26<br \/>\nNissan NX-Coupe,\u00a0B13<br \/>\nNissan Navara,\u00a0D22S, D22U, D23F, D23M, D40, D40B, D40BB, D40L, D40M, D40T, D40TT, LCD22T<br \/>\nNissan Note,\u00a0E11, E11E, E12E, E12X, NE11, ZE11<br \/>\nNissan Pathfinder,\u00a0R50, R51, R51M, R52, R52HV, R52R, R52RR<br \/>\nNissan Patrol,\u00a0Y61<br \/>\nNissan Prairie,\u00a0HM11, HNM11, M11, NM11, PM11, PM12, PNM11, PNM12, RM12, RNM12<br \/>\nNissan Presage,\u00a0HU30, NU30, PNU31, PU31, TNU30, TNU31, TU30, TU31, U30, U31, VNU30, VU30<br \/>\nNissan Presea,\u00a0HR10, HR11, PR10, PR11, R10, R11<br \/>\nNissan President,\u00a0PGF50<br \/>\nNissan Primera Camino,\u00a0<br \/>\n\u0420\u0435\u043a\u043e\u043c\u0435\u043d\u0434\u0443\u0435\u043c\u044b\u0435 \u0442\u043e\u0432\u0430\u0440\u044b<br \/>\n\u041a\u043b\u0438\u043f\u0441\u0430 Hyundai KIA 868252W000<br \/>\n2.80-3.40\u00a0\u20b4\/\u0448\u0442<\/p>\n<p>280.00\u00a0\u20b4<br \/>\n\u0412 \u043a\u043e\u0440\u0437\u0438\u043d\u0443<\/p>","protected":false},"excerpt":{"rendered":"<p><b>OEM:<\/b> 92155-22000 , 9215522000<\/p>\n<p>Dimensiune F: 6,2<br \/>\nDimensiune H: 22<br \/>\nDimensiune T: 15,8<\/p>\n","protected":false},"featured_media":9867,"template":"","meta":[],"product_cat":[1243,1245],"product_tag":[],"bundled_by":[],"bundle_stock_status":"instock","bundle_stock_quantity":null,"bundle_virtual":false,"bundle_layout":"","bundle_add_to_cart_form_location":"","bundle_editable_in_cart":false,"bundle_sold_individually_context":"","bundle_item_grouping":"","bundle_min_size":"","bundle_max_size":"","bundled_items":[],"yoast_head":"<!-- This site is optimized with the Yoast SEO Premium plugin v16.6 (Yoast SEO v20.1) - https:\/\/yoast.com\/wordpress\/plugins\/seo\/ -->\n<title>H2180 - Metize, \u0218uruburi autofiletante - atg.md<\/title>\n<meta name=\"robots\" content=\"index, follow, max-snippet:-1, max-image-preview:large, max-video-preview:-1\" \/>\n<link rel=\"canonical\" href=\"https:\/\/atg.md\/ro\/catalog\/metizy\/samorezy\/h2180\/\" \/>\n<meta property=\"og:locale\" content=\"ro_RO\" \/>\n<meta property=\"og:type\" content=\"article\" \/>\n<meta property=\"og:title\" content=\"H2180 - Metize, \u0218uruburi autofiletante - atg.md\" \/>\n<meta property=\"og:description\" content=\"OEM: 92155-22000 , 9215522000Dimensiune F: 6,2 Dimensiune H: 22 Dimensiune T: 15,8\" \/>\n<meta property=\"og:url\" content=\"https:\/\/atg.md\/ro\/wp-json\/wp\/v2\/product\/9866\" \/>\n<meta property=\"og:site_name\" content=\"atg.md\" \/>\n<meta property=\"article:modified_time\" content=\"2024-07-05T10:47:52+00:00\" \/>\n<meta property=\"og:image\" content=\"https:\/\/atg.md\/wp-content\/uploads\/2021\/03\/h2180.jpg\" \/>\n\t<meta property=\"og:image:width\" content=\"600\" \/>\n\t<meta property=\"og:image:height\" content=\"600\" \/>\n\t<meta property=\"og:image:type\" content=\"image\/jpeg\" \/>\n<meta name=\"twitter:card\" content=\"summary_large_image\" \/>\n<meta name=\"twitter:label1\" content=\"Pre\u021b\" \/>\n\t<meta name=\"twitter:data1\" content=\"6.00&nbsp;MDL\" \/>\n\t<meta name=\"twitter:label2\" content=\"Availability\" \/>\n\t<meta name=\"twitter:data2\" content=\"In stock\" \/>\n<script type=\"application\/ld+json\" class=\"yoast-schema-graph\">{\"@context\":\"https:\/\/schema.org\",\"@graph\":[{\"@type\":\"WebPage\",\"@id\":\"https:\/\/atg.md\/ro\/catalog\/metizy\/samorezy\/h2180\/\",\"url\":\"https:\/\/atg.md\/ro\/catalog\/metizy\/samorezy\/h2180\/\",\"name\":\"H2180 - Metize, \u0218uruburi autofiletante - atg.md\",\"isPartOf\":{\"@id\":\"https:\/\/atg.md\/ro\/#website\"},\"datePublished\":\"2021-03-30T09:24:50+00:00\",\"dateModified\":\"2024-07-05T10:47:52+00:00\",\"breadcrumb\":{\"@id\":\"https:\/\/atg.md\/ro\/catalog\/metizy\/samorezy\/h2180\/#breadcrumb\"},\"inLanguage\":\"ro-RO\",\"potentialAction\":[{\"@type\":\"ReadAction\",\"target\":[[\"https:\/\/atg.md\/ro\/catalog\/metizy\/samorezy\/h2180\/\"]]}]},{\"@type\":\"BreadcrumbList\",\"@id\":\"https:\/\/atg.md\/ro\/catalog\/metizy\/samorezy\/h2180\/#breadcrumb\",\"itemListElement\":[{\"@type\":\"ListItem\",\"position\":1,\"name\":\"Home\",\"item\":\"https:\/\/atg.md\/ro\/\"},{\"@type\":\"ListItem\",\"position\":2,\"name\":\"\u041a\u0430\u0442\u0430\u043b\u043e\u0433\",\"item\":\"https:\/\/atg.md\/ro\/catalog\/\"},{\"@type\":\"ListItem\",\"position\":3,\"name\":\"H2180\"}]},{\"@type\":\"WebSite\",\"@id\":\"https:\/\/atg.md\/ro\/#website\",\"url\":\"https:\/\/atg.md\/ro\/\",\"name\":\"atg.md\",\"description\":\"V\u00e2nzare de izola\u021bii \u00eempotriva vibra\u021biilor pentru ma\u0219ini, izola\u021bie termic\u0103, izolare fonic\u0103 de la cei mai buni produc\u0103tori, autoclipsuri, elemente de fixare auto. Cump\u0103ra\u021bi \u00een Moldova, Chi\u0219in\u0103u\",\"publisher\":{\"@id\":\"https:\/\/atg.md\/ro\/#organization\"},\"potentialAction\":[{\"@type\":\"SearchAction\",\"target\":{\"@type\":\"EntryPoint\",\"urlTemplate\":\"https:\/\/atg.md\/ro\/?s={search_term_string}\"},\"query-input\":\"required name=search_term_string\"}],\"inLanguage\":\"ro-RO\"},{\"@type\":[\"Organization\",\"Place\",\"AutoPartsStore\"],\"@id\":\"https:\/\/atg.md\/ro\/#organization\",\"name\":\"S.C. AUTOTOM GRUP S.R.L.\",\"url\":\"https:\/\/atg.md\/ro\/\",\"logo\":{\"@type\":\"ImageObject\",\"inLanguage\":\"ro-RO\",\"@id\":\"https:\/\/atg.md\/ro\/#\/schema\/logo\/image\/\",\"url\":\"https:\/\/i2.wp.com\/atg.md\/wp-content\/uploads\/2021\/05\/atg_logo_main.png?fit=656%2C569&ssl=1\",\"contentUrl\":\"https:\/\/i2.wp.com\/atg.md\/wp-content\/uploads\/2021\/05\/atg_logo_main.png?fit=656%2C569&ssl=1\",\"width\":656,\"height\":569,\"caption\":\"S.C. AUTOTOM GRUP S.R.L.\"},\"image\":{\"@id\":\"https:\/\/atg.md\/ro\/#\/schema\/logo\/image\/\"},\"location\":{\"@id\":\"https:\/\/atg.md\/ro\/catalog\/metizy\/samorezy\/h2180\/#local-place\"},\"address\":{\"@id\":\"https:\/\/atg.md\/ro\/catalog\/metizy\/samorezy\/h2180\/#local-place-address\"},\"email\":\"atgtvv@gmail.com\",\"telephone\":\"+37369644446\",\"areaServed\":\"Moldova\"},{\"@type\":\"Place\",\"@id\":\"https:\/\/atg.md\/ro\/catalog\/metizy\/samorezy\/h2180\/#local-place\",\"address\":{\"@type\":\"PostalAddress\",\"@id\":\"https:\/\/atg.md\/ro\/catalog\/metizy\/samorezy\/h2180\/#local-place-address\",\"streetAddress\":\"str. Alba-Iulia 77\/20\",\"addressLocality\":\"Chisinau\",\"postalCode\":\"2043\",\"addressRegion\":\"mun. Chisinau\",\"addressCountry\":\"MD\"},\"geo\":{\"@type\":\"GeoCoordinates\",\"latitude\":\"47.0376\",\"longitude\":\"28.76899\"},\"openingHoursSpecification\":[{\"@type\":\"OpeningHoursSpecification\",\"dayOfWeek\":[\"Monday\",\"Tuesday\",\"Wednesday\",\"Thursday\",\"Friday\"],\"opens\":\"09:00\",\"closes\":\"18:00\"},{\"@type\":\"OpeningHoursSpecification\",\"dayOfWeek\":[\"Saturday\"],\"opens\":\"09:00\",\"closes\":\"14:00\"},{\"@type\":\"OpeningHoursSpecification\",\"dayOfWeek\":[\"Sunday\"],\"opens\":\"00:00\",\"closes\":\"00:00\"}],\"telephone\":\"+37369644446\"}]}<\/script>\n<meta name=\"geo.placename\" content=\"Chisinau\" \/>\n<meta name=\"geo.position\" content=\"47.0376;28.76899\" \/>\n<meta name=\"geo.region\" content=\"Moldova\" \/>\n<!-- \/ Yoast SEO Premium plugin. -->","yoast_head_json":{"title":"H2180 - Metize, \u0218uruburi autofiletante - atg.md","robots":{"index":"index","follow":"follow","max-snippet":"max-snippet:-1","max-image-preview":"max-image-preview:large","max-video-preview":"max-video-preview:-1"},"canonical":"https:\/\/atg.md\/ro\/catalog\/metizy\/samorezy\/h2180\/","og_locale":"ro_RO","og_type":"article","og_title":"H2180 - Metize, \u0218uruburi autofiletante - atg.md","og_description":"OEM: 92155-22000 , 9215522000Dimensiune F: 6,2 Dimensiune H: 22 Dimensiune T: 15,8","og_url":"https:\/\/atg.md\/ro\/wp-json\/wp\/v2\/product\/9866","og_site_name":"atg.md","article_modified_time":"2024-07-05T10:47:52+00:00","og_image":[{"width":600,"height":600,"url":"https:\/\/atg.md\/wp-content\/uploads\/2021\/03\/h2180.jpg","type":"image\/jpeg"}],"twitter_card":"summary_large_image","twitter_misc":{"Pre\u021b":"6.00&nbsp;MDL","Availability":"In stock"},"schema":{"@context":"https:\/\/schema.org","@graph":[{"@type":"WebPage","@id":"https:\/\/atg.md\/ro\/catalog\/metizy\/samorezy\/h2180\/","url":"https:\/\/atg.md\/ro\/catalog\/metizy\/samorezy\/h2180\/","name":"H2180 - Metize, \u0218uruburi autofiletante - atg.md","isPartOf":{"@id":"https:\/\/atg.md\/ro\/#website"},"datePublished":"2021-03-30T09:24:50+00:00","dateModified":"2024-07-05T10:47:52+00:00","breadcrumb":{"@id":"https:\/\/atg.md\/ro\/catalog\/metizy\/samorezy\/h2180\/#breadcrumb"},"inLanguage":"ro-RO","potentialAction":[{"@type":"ReadAction","target":[["https:\/\/atg.md\/ro\/catalog\/metizy\/samorezy\/h2180\/"]]}]},{"@type":"BreadcrumbList","@id":"https:\/\/atg.md\/ro\/catalog\/metizy\/samorezy\/h2180\/#breadcrumb","itemListElement":[{"@type":"ListItem","position":1,"name":"Home","item":"https:\/\/atg.md\/ro\/"},{"@type":"ListItem","position":2,"name":"\u041a\u0430\u0442\u0430\u043b\u043e\u0433","item":"https:\/\/atg.md\/ro\/catalog\/"},{"@type":"ListItem","position":3,"name":"H2180"}]},{"@type":"WebSite","@id":"https:\/\/atg.md\/ro\/#website","url":"https:\/\/atg.md\/ro\/","name":"atg.md","description":"V\u00e2nzare de izola\u021bii \u00eempotriva vibra\u021biilor pentru ma\u0219ini, izola\u021bie termic\u0103, izolare fonic\u0103 de la cei mai buni produc\u0103tori, autoclipsuri, elemente de fixare auto. Cump\u0103ra\u021bi \u00een Moldova, Chi\u0219in\u0103u","publisher":{"@id":"https:\/\/atg.md\/ro\/#organization"},"potentialAction":[{"@type":"SearchAction","target":{"@type":"EntryPoint","urlTemplate":"https:\/\/atg.md\/ro\/?s={search_term_string}"},"query-input":"required name=search_term_string"}],"inLanguage":"ro-RO"},{"@type":["Organization","Place","AutoPartsStore"],"@id":"https:\/\/atg.md\/ro\/#organization","name":"S.C. AUTOTOM GRUP S.R.L.","url":"https:\/\/atg.md\/ro\/","logo":{"@type":"ImageObject","inLanguage":"ro-RO","@id":"https:\/\/atg.md\/ro\/#\/schema\/logo\/image\/","url":"https:\/\/i2.wp.com\/atg.md\/wp-content\/uploads\/2021\/05\/atg_logo_main.png?fit=656%2C569&ssl=1","contentUrl":"https:\/\/i2.wp.com\/atg.md\/wp-content\/uploads\/2021\/05\/atg_logo_main.png?fit=656%2C569&ssl=1","width":656,"height":569,"caption":"S.C. AUTOTOM GRUP S.R.L."},"image":{"@id":"https:\/\/atg.md\/ro\/#\/schema\/logo\/image\/"},"location":{"@id":"https:\/\/atg.md\/ro\/catalog\/metizy\/samorezy\/h2180\/#local-place"},"address":{"@id":"https:\/\/atg.md\/ro\/catalog\/metizy\/samorezy\/h2180\/#local-place-address"},"email":"atgtvv@gmail.com","telephone":"+37369644446","areaServed":"Moldova"},{"@type":"Place","@id":"https:\/\/atg.md\/ro\/catalog\/metizy\/samorezy\/h2180\/#local-place","address":{"@type":"PostalAddress","@id":"https:\/\/atg.md\/ro\/catalog\/metizy\/samorezy\/h2180\/#local-place-address","streetAddress":"str. Alba-Iulia 77\/20","addressLocality":"Chisinau","postalCode":"2043","addressRegion":"mun. Chisinau","addressCountry":"MD"},"geo":{"@type":"GeoCoordinates","latitude":"47.0376","longitude":"28.76899"},"openingHoursSpecification":[{"@type":"OpeningHoursSpecification","dayOfWeek":["Monday","Tuesday","Wednesday","Thursday","Friday"],"opens":"09:00","closes":"18:00"},{"@type":"OpeningHoursSpecification","dayOfWeek":["Saturday"],"opens":"09:00","closes":"14:00"},{"@type":"OpeningHoursSpecification","dayOfWeek":["Sunday"],"opens":"00:00","closes":"00:00"}],"telephone":"+37369644446"}]}},"_links":{"self":[{"href":"https:\/\/atg.md\/ro\/wp-json\/wp\/v2\/product\/9866"}],"collection":[{"href":"https:\/\/atg.md\/ro\/wp-json\/wp\/v2\/product"}],"about":[{"href":"https:\/\/atg.md\/ro\/wp-json\/wp\/v2\/types\/product"}],"wp:featuredmedia":[{"embeddable":true,"href":"https:\/\/atg.md\/ro\/wp-json\/wp\/v2\/media\/9867"}],"wp:attachment":[{"href":"https:\/\/atg.md\/ro\/wp-json\/wp\/v2\/media?parent=9866"}],"wp:term":[{"taxonomy":"product_cat","embeddable":true,"href":"https:\/\/atg.md\/ro\/wp-json\/wp\/v2\/product_cat?post=9866"},{"taxonomy":"product_tag","embeddable":true,"href":"https:\/\/atg.md\/ro\/wp-json\/wp\/v2\/product_tag?post=9866"}],"curies":[{"name":"wp","href":"https:\/\/api.w.org\/{rel}","templated":true}]}}