{"id":9860,"date":"2021-03-30T09:24:36","date_gmt":"2021-03-30T09:24:36","guid":{"rendered":"http:\/\/atg.md\/product\/h2175\/"},"modified":"2024-07-05T10:47:49","modified_gmt":"2024-07-05T10:47:49","slug":"h2175","status":"publish","type":"product","link":"https:\/\/atg.md\/ro\/catalog\/metizy\/samorezy\/h2175\/","title":{"rendered":"H2175"},"content":{"rendered":"<p>Modele:<\/p>\n<p>Kia Besta<br \/>\nKia Festiva<br \/>\nKia Mentor<br \/>\nKia Pride<br \/>\nKia Retona<br \/>\nKia Rio<br \/>\nKia Sephia<br \/>\nKia Shuma<br \/>\nKia Spectra<br \/>\nMazda 121,\u00a0DB<br \/>\nMazda 323,\u00a0BA, BJ, BJ143, BJ14F, BJ14L, BJ14M5, BJ14P, BJ14R, BJ14S<br \/>\nMazda 323F,\u00a0BA<br \/>\nMazda 626,\u00a0GF, GW<br \/>\nMazda Atenza,\u00a0GG3P, GG3S, GGEP, GGES, GH5AP, GH5AS, GH5AW, GH5FP, GH5FS, GH5FW, GHEFP, GHEFS, GHEFW, GY3W, GYEW<br \/>\nMazda Autozam AZ-3,\u00a0EC5S, EC5SA, EC8S, ECPSA<br \/>\nMazda Axela,\u00a0BK3P, BK5P, BKEP<br \/>\nMazda B-Series,\u00a0UN<br \/>\nMazda BT-50,\u00a0UN, UN8F1<br \/>\nMazda Biante,\u00a0CC3FW, CCEAW, CCEFW<br \/>\nMazda Bongo Brawny,\u00a0SD, SD29M, SD29T, SD2AM, SD2AT, SD59M, SD59T, SD5AM, SD5AT, SD89T, SDEAT, SK, SK24L, SK24T, SK26L, SK26T, SK54L, SK54T, SK54V, SK56L, SK56M, SK56T, SK56V, SK5HM, SK5HV, SKE4T, SKE6T, SKE6V, SKF6M, SKF6V, SKFHM, SKFHV, SL, SR, SR29V, SR2AM, SR2AV, SR59V, SR5AM, SR5AV, SR89V, SRE9V, SRE9W, SREAM, SREAV, SRF9W, SRS9V, SRSAV<br \/>\nMazda Bongo Friendee,\u00a0SG5W, SGE3, SGEW, SGL3, SGL5, SGLR, SGLW<br \/>\nMazda Bongo,\u00a0SE28M, SE28R, SE28T, SE48T, SE58T, SE88M, SE88T, SEF8T, SK22L, SK22M, SK22T, SK22V, SK82L, SK82M, SK82T, SK82V, SKF2L, SKF2M, SKF2T, SKF2V, SS28H, SS28M, SS28ME, SS28R, SS28V, SS48V, SS58V, SS88H, SS88M, SS88R, SS88V, SS88W, SSE8R, SSE8W, SSE8WE, SSF8R, SSF8RE, SSF8V, SSF8W, SSF8WE<br \/>\nMazda CX-3,\u00a0DK, DK5AW, DK5FW, DK8AW, DK8FW, DKEAW, DKEFW<br \/>\nMazda CX-5,\u00a0KE, KE2AW, KE2FW, KE5AW, KE5FW, KEEAW, KEEFW, KF, KF2P, KF5P, KFEP<br \/>\nMazda CX-7,\u00a0ER, ER19, ER3P<br \/>\nMazda CX-9,\u00a0TB, TC<br \/>\nMazda Capella,\u00a0CG2PP, CG2SP, CG2SR, GF8P, GFEP, GFER, GFFP, GW5R, GW8W, GWER, GWEW, GWFW<br \/>\nMazda Carol,\u00a0AC6P, AC6R<br \/>\nMazda Demio,\u00a0DE3AS, DE3FS, DE5FS, DW, DW3W, DW5W, DY3R, DY3W, DY5R, DY5W<br \/>\nMazda Efini MS-9,\u00a0HD5S, HDES<br \/>\nMazda Eunos 100,\u00a0BG5PE, BG8PE<br \/>\nMazda Eunos 500,\u00a0CA8P, CA8PE, CAEP, CAEPE, CAPP<br \/>\nMazda Eunos 800,\u00a0TA3A, TA3P, TA3Y, TA3Z, TA5A, TA5P, TA5Y, TA5Z<br \/>\nMazda Eunos Cosmo,\u00a0EC5S, EC5SA, EC8S, JC3S, JC3SE, JCES, JCESE<br \/>\nMazda Eunos Presso,\u00a0EC8SE, ECPSA<br \/>\nMazda Familia,\u00a0BG3P, BG3S, BG5P, BG5S, BG6P, BG6R, BG6S, BG6Z, BG7P, BG8P, BG8R, BG8RA, BG8S, BG8Z, BHA3P, BHA3S, BHA5P, BHA5S, BHA6R, BHA7P, BHA7R, BHA8P, BHA8S, BHALP, BHALS, BJ3P, BJ5P, BJ5W, BJ8W, BJEP, BJFP, BJFW, YR46U15, YR46U35, ZR16U65, ZR16U85, ZR16UX5<br \/>\nMazda J100,\u00a0SD5ATF, SDEATF, SR2AMF, SR2AVF, SR5AMF, SR5AVF, SREAVF, SRSAVF<br \/>\nMazda J80,\u00a0SE28MF, SE28TF, SE48TF, SE58TF, SE88TF, SEF8TF, SS28HF, SS28MF, SS28VF, SS48VF, SS58VF, SS88HF, SS88MF, SS88RF, SS88VF, SS88WF, SSE8WF, SSF8RF, SSF8VF, SSF8WF<br \/>\nMazda Lantis,\u00a0CBA8P, CBAEP<br \/>\nMazda Luce,\u00a0LA4MV, LA4SV, TA3A<br \/>\nMazda MPV,\u00a0GE5P, GE8P, GEEP, GEFP, GESR, LV, LV5W, LVEW, LVEWE, LVLR, LVLW, LW, LW3W, LW5W, LWEW, LWFW, LY3P<br \/>\nMazda MX-3,\u00a0EC<br \/>\nMazda MX-5,\u00a0NB, NB6C, NC, NCEC, ND<br \/>\nMazda Mazda2,\u00a0DE, DJ, DJ5FS, DJLAS, DJLFS, DL<br \/>\nMazda Mazda3,\u00a0BK, BL, BL12F, BL14F, BLA4Y, BM, BN<br \/>\nMazda Mazda5,\u00a0CR, CW<br \/>\nMazda Mazda6 MPS,\u00a0GG<br \/>\nMazda Mazda6,\u00a0GG, GH, GJ, GJ2AP, GJ2AW, GJ2FP, GJ2FW, GJ521, GJ522, GJ523, GJ526, GJ527, GJ5FP, GJ5FW, GJEFP, GJEFW, GL, GY<br \/>\nMazda Millenia,\u00a0TA3A, TA3P, TA5A, TA5P, TAFP<br \/>\nMazda Premacy,\u00a0CP, CP19F, CP19P, CP19R, CP19S, CP8W, CPEW, CR3W, CREW<br \/>\nMazda RX-7,\u00a0FD, FD3S<br \/>\nMazda RX-8,\u00a0FE, SE, SE3P<br \/>\nMazda Revue,\u00a0DB3PA, DB5PA<br \/>\nMazda Roadster,\u00a0NB6C, NB8C, NCEC<br \/>\nMazda Savanna RX-7,\u00a0FD3S, SA22C<br \/>\nMazda Sentia,\u00a0HD5P, HD5S, HDEP, HDES, HEEA, HEEP<br \/>\nMazda Training Car,\u00a0BHA7P, BHALP, BJ5P, BK5P, GF8P<br \/>\nMazda Tribute,\u00a0EP3W, EPEW, EPFW<br \/>\nMazda Verisa,\u00a0DC5R, DC5W<br \/>\nMazda Xedos 6,\u00a0CA<br \/>\nMazda Xedos 9,\u00a0TA<\/p>","protected":false},"excerpt":{"rendered":"<p><b>OEM:<\/b> 9CF600516B<\/p>\n<p>Dimensiune D: 19,3<br \/>\nDimensiune F: 4,9<br \/>\nDimensiune H: 14,7<br \/>\nDimensiune T: 7,8<\/p>\n","protected":false},"featured_media":9861,"template":"","meta":[],"product_cat":[1243,1245],"product_tag":[],"bundled_by":[],"bundle_stock_status":"instock","bundle_stock_quantity":null,"bundle_virtual":false,"bundle_layout":"","bundle_add_to_cart_form_location":"","bundle_editable_in_cart":false,"bundle_sold_individually_context":"","bundle_item_grouping":"","bundle_min_size":"","bundle_max_size":"","bundled_items":[],"yoast_head":"<!-- This site is optimized with the Yoast SEO Premium plugin v16.6 (Yoast SEO v20.1) - https:\/\/yoast.com\/wordpress\/plugins\/seo\/ -->\n<title>H2175 - Metize, \u0218uruburi autofiletante - atg.md<\/title>\n<meta name=\"robots\" content=\"index, follow, max-snippet:-1, max-image-preview:large, max-video-preview:-1\" \/>\n<link rel=\"canonical\" href=\"https:\/\/atg.md\/ro\/catalog\/metizy\/samorezy\/h2175\/\" \/>\n<meta property=\"og:locale\" content=\"ro_RO\" \/>\n<meta property=\"og:type\" content=\"article\" \/>\n<meta property=\"og:title\" content=\"H2175 - Metize, \u0218uruburi autofiletante - atg.md\" \/>\n<meta property=\"og:description\" content=\"OEM: 9CF600516BDimensiune D: 19,3 Dimensiune F: 4,9 Dimensiune H: 14,7 Dimensiune T: 7,8\" \/>\n<meta property=\"og:url\" content=\"https:\/\/atg.md\/ro\/wp-json\/wp\/v2\/product\/9860\" \/>\n<meta property=\"og:site_name\" content=\"atg.md\" \/>\n<meta property=\"article:modified_time\" content=\"2024-07-05T10:47:49+00:00\" \/>\n<meta property=\"og:image\" content=\"https:\/\/atg.md\/wp-content\/uploads\/2021\/03\/h2175.jpg\" \/>\n\t<meta property=\"og:image:width\" content=\"600\" \/>\n\t<meta property=\"og:image:height\" content=\"600\" \/>\n\t<meta property=\"og:image:type\" content=\"image\/jpeg\" \/>\n<meta name=\"twitter:card\" content=\"summary_large_image\" \/>\n<meta name=\"twitter:label1\" content=\"Pre\u021b\" \/>\n\t<meta name=\"twitter:data1\" content=\"6.00&nbsp;MDL\" \/>\n\t<meta name=\"twitter:label2\" content=\"Availability\" \/>\n\t<meta name=\"twitter:data2\" content=\"In stock\" \/>\n<script type=\"application\/ld+json\" class=\"yoast-schema-graph\">{\"@context\":\"https:\/\/schema.org\",\"@graph\":[{\"@type\":\"WebPage\",\"@id\":\"https:\/\/atg.md\/ro\/catalog\/metizy\/samorezy\/h2175\/\",\"url\":\"https:\/\/atg.md\/ro\/catalog\/metizy\/samorezy\/h2175\/\",\"name\":\"H2175 - Metize, \u0218uruburi autofiletante - atg.md\",\"isPartOf\":{\"@id\":\"https:\/\/atg.md\/ro\/#website\"},\"datePublished\":\"2021-03-30T09:24:36+00:00\",\"dateModified\":\"2024-07-05T10:47:49+00:00\",\"breadcrumb\":{\"@id\":\"https:\/\/atg.md\/ro\/catalog\/metizy\/samorezy\/h2175\/#breadcrumb\"},\"inLanguage\":\"ro-RO\",\"potentialAction\":[{\"@type\":\"ReadAction\",\"target\":[[\"https:\/\/atg.md\/ro\/catalog\/metizy\/samorezy\/h2175\/\"]]}]},{\"@type\":\"BreadcrumbList\",\"@id\":\"https:\/\/atg.md\/ro\/catalog\/metizy\/samorezy\/h2175\/#breadcrumb\",\"itemListElement\":[{\"@type\":\"ListItem\",\"position\":1,\"name\":\"Home\",\"item\":\"https:\/\/atg.md\/ro\/\"},{\"@type\":\"ListItem\",\"position\":2,\"name\":\"\u041a\u0430\u0442\u0430\u043b\u043e\u0433\",\"item\":\"https:\/\/atg.md\/ro\/catalog\/\"},{\"@type\":\"ListItem\",\"position\":3,\"name\":\"H2175\"}]},{\"@type\":\"WebSite\",\"@id\":\"https:\/\/atg.md\/ro\/#website\",\"url\":\"https:\/\/atg.md\/ro\/\",\"name\":\"atg.md\",\"description\":\"V\u00e2nzare de izola\u021bii \u00eempotriva vibra\u021biilor pentru ma\u0219ini, izola\u021bie termic\u0103, izolare fonic\u0103 de la cei mai buni produc\u0103tori, autoclipsuri, elemente de fixare auto. Cump\u0103ra\u021bi \u00een Moldova, Chi\u0219in\u0103u\",\"publisher\":{\"@id\":\"https:\/\/atg.md\/ro\/#organization\"},\"potentialAction\":[{\"@type\":\"SearchAction\",\"target\":{\"@type\":\"EntryPoint\",\"urlTemplate\":\"https:\/\/atg.md\/ro\/?s={search_term_string}\"},\"query-input\":\"required name=search_term_string\"}],\"inLanguage\":\"ro-RO\"},{\"@type\":[\"Organization\",\"Place\",\"AutoPartsStore\"],\"@id\":\"https:\/\/atg.md\/ro\/#organization\",\"name\":\"S.C. AUTOTOM GRUP S.R.L.\",\"url\":\"https:\/\/atg.md\/ro\/\",\"logo\":{\"@type\":\"ImageObject\",\"inLanguage\":\"ro-RO\",\"@id\":\"https:\/\/atg.md\/ro\/#\/schema\/logo\/image\/\",\"url\":\"https:\/\/i2.wp.com\/atg.md\/wp-content\/uploads\/2021\/05\/atg_logo_main.png?fit=656%2C569&ssl=1\",\"contentUrl\":\"https:\/\/i2.wp.com\/atg.md\/wp-content\/uploads\/2021\/05\/atg_logo_main.png?fit=656%2C569&ssl=1\",\"width\":656,\"height\":569,\"caption\":\"S.C. AUTOTOM GRUP S.R.L.\"},\"image\":{\"@id\":\"https:\/\/atg.md\/ro\/#\/schema\/logo\/image\/\"},\"location\":{\"@id\":\"https:\/\/atg.md\/ro\/catalog\/metizy\/samorezy\/h2175\/#local-place\"},\"address\":{\"@id\":\"https:\/\/atg.md\/ro\/catalog\/metizy\/samorezy\/h2175\/#local-place-address\"},\"email\":\"atgtvv@gmail.com\",\"telephone\":\"+37369644446\",\"areaServed\":\"Moldova\"},{\"@type\":\"Place\",\"@id\":\"https:\/\/atg.md\/ro\/catalog\/metizy\/samorezy\/h2175\/#local-place\",\"address\":{\"@type\":\"PostalAddress\",\"@id\":\"https:\/\/atg.md\/ro\/catalog\/metizy\/samorezy\/h2175\/#local-place-address\",\"streetAddress\":\"str. Alba-Iulia 77\/20\",\"addressLocality\":\"Chisinau\",\"postalCode\":\"2043\",\"addressRegion\":\"mun. Chisinau\",\"addressCountry\":\"MD\"},\"geo\":{\"@type\":\"GeoCoordinates\",\"latitude\":\"47.0376\",\"longitude\":\"28.76899\"},\"openingHoursSpecification\":[{\"@type\":\"OpeningHoursSpecification\",\"dayOfWeek\":[\"Monday\",\"Tuesday\",\"Wednesday\",\"Thursday\",\"Friday\"],\"opens\":\"09:00\",\"closes\":\"18:00\"},{\"@type\":\"OpeningHoursSpecification\",\"dayOfWeek\":[\"Saturday\"],\"opens\":\"09:00\",\"closes\":\"14:00\"},{\"@type\":\"OpeningHoursSpecification\",\"dayOfWeek\":[\"Sunday\"],\"opens\":\"00:00\",\"closes\":\"00:00\"}],\"telephone\":\"+37369644446\"}]}<\/script>\n<meta name=\"geo.placename\" content=\"Chisinau\" \/>\n<meta name=\"geo.position\" content=\"47.0376;28.76899\" \/>\n<meta name=\"geo.region\" content=\"Moldova\" \/>\n<!-- \/ Yoast SEO Premium plugin. -->","yoast_head_json":{"title":"H2175 - Metize, \u0218uruburi autofiletante - atg.md","robots":{"index":"index","follow":"follow","max-snippet":"max-snippet:-1","max-image-preview":"max-image-preview:large","max-video-preview":"max-video-preview:-1"},"canonical":"https:\/\/atg.md\/ro\/catalog\/metizy\/samorezy\/h2175\/","og_locale":"ro_RO","og_type":"article","og_title":"H2175 - Metize, \u0218uruburi autofiletante - atg.md","og_description":"OEM: 9CF600516BDimensiune D: 19,3 Dimensiune F: 4,9 Dimensiune H: 14,7 Dimensiune T: 7,8","og_url":"https:\/\/atg.md\/ro\/wp-json\/wp\/v2\/product\/9860","og_site_name":"atg.md","article_modified_time":"2024-07-05T10:47:49+00:00","og_image":[{"width":600,"height":600,"url":"https:\/\/atg.md\/wp-content\/uploads\/2021\/03\/h2175.jpg","type":"image\/jpeg"}],"twitter_card":"summary_large_image","twitter_misc":{"Pre\u021b":"6.00&nbsp;MDL","Availability":"In stock"},"schema":{"@context":"https:\/\/schema.org","@graph":[{"@type":"WebPage","@id":"https:\/\/atg.md\/ro\/catalog\/metizy\/samorezy\/h2175\/","url":"https:\/\/atg.md\/ro\/catalog\/metizy\/samorezy\/h2175\/","name":"H2175 - Metize, \u0218uruburi autofiletante - atg.md","isPartOf":{"@id":"https:\/\/atg.md\/ro\/#website"},"datePublished":"2021-03-30T09:24:36+00:00","dateModified":"2024-07-05T10:47:49+00:00","breadcrumb":{"@id":"https:\/\/atg.md\/ro\/catalog\/metizy\/samorezy\/h2175\/#breadcrumb"},"inLanguage":"ro-RO","potentialAction":[{"@type":"ReadAction","target":[["https:\/\/atg.md\/ro\/catalog\/metizy\/samorezy\/h2175\/"]]}]},{"@type":"BreadcrumbList","@id":"https:\/\/atg.md\/ro\/catalog\/metizy\/samorezy\/h2175\/#breadcrumb","itemListElement":[{"@type":"ListItem","position":1,"name":"Home","item":"https:\/\/atg.md\/ro\/"},{"@type":"ListItem","position":2,"name":"\u041a\u0430\u0442\u0430\u043b\u043e\u0433","item":"https:\/\/atg.md\/ro\/catalog\/"},{"@type":"ListItem","position":3,"name":"H2175"}]},{"@type":"WebSite","@id":"https:\/\/atg.md\/ro\/#website","url":"https:\/\/atg.md\/ro\/","name":"atg.md","description":"V\u00e2nzare de izola\u021bii \u00eempotriva vibra\u021biilor pentru ma\u0219ini, izola\u021bie termic\u0103, izolare fonic\u0103 de la cei mai buni produc\u0103tori, autoclipsuri, elemente de fixare auto. Cump\u0103ra\u021bi \u00een Moldova, Chi\u0219in\u0103u","publisher":{"@id":"https:\/\/atg.md\/ro\/#organization"},"potentialAction":[{"@type":"SearchAction","target":{"@type":"EntryPoint","urlTemplate":"https:\/\/atg.md\/ro\/?s={search_term_string}"},"query-input":"required name=search_term_string"}],"inLanguage":"ro-RO"},{"@type":["Organization","Place","AutoPartsStore"],"@id":"https:\/\/atg.md\/ro\/#organization","name":"S.C. AUTOTOM GRUP S.R.L.","url":"https:\/\/atg.md\/ro\/","logo":{"@type":"ImageObject","inLanguage":"ro-RO","@id":"https:\/\/atg.md\/ro\/#\/schema\/logo\/image\/","url":"https:\/\/i2.wp.com\/atg.md\/wp-content\/uploads\/2021\/05\/atg_logo_main.png?fit=656%2C569&ssl=1","contentUrl":"https:\/\/i2.wp.com\/atg.md\/wp-content\/uploads\/2021\/05\/atg_logo_main.png?fit=656%2C569&ssl=1","width":656,"height":569,"caption":"S.C. AUTOTOM GRUP S.R.L."},"image":{"@id":"https:\/\/atg.md\/ro\/#\/schema\/logo\/image\/"},"location":{"@id":"https:\/\/atg.md\/ro\/catalog\/metizy\/samorezy\/h2175\/#local-place"},"address":{"@id":"https:\/\/atg.md\/ro\/catalog\/metizy\/samorezy\/h2175\/#local-place-address"},"email":"atgtvv@gmail.com","telephone":"+37369644446","areaServed":"Moldova"},{"@type":"Place","@id":"https:\/\/atg.md\/ro\/catalog\/metizy\/samorezy\/h2175\/#local-place","address":{"@type":"PostalAddress","@id":"https:\/\/atg.md\/ro\/catalog\/metizy\/samorezy\/h2175\/#local-place-address","streetAddress":"str. Alba-Iulia 77\/20","addressLocality":"Chisinau","postalCode":"2043","addressRegion":"mun. Chisinau","addressCountry":"MD"},"geo":{"@type":"GeoCoordinates","latitude":"47.0376","longitude":"28.76899"},"openingHoursSpecification":[{"@type":"OpeningHoursSpecification","dayOfWeek":["Monday","Tuesday","Wednesday","Thursday","Friday"],"opens":"09:00","closes":"18:00"},{"@type":"OpeningHoursSpecification","dayOfWeek":["Saturday"],"opens":"09:00","closes":"14:00"},{"@type":"OpeningHoursSpecification","dayOfWeek":["Sunday"],"opens":"00:00","closes":"00:00"}],"telephone":"+37369644446"}]}},"_links":{"self":[{"href":"https:\/\/atg.md\/ro\/wp-json\/wp\/v2\/product\/9860"}],"collection":[{"href":"https:\/\/atg.md\/ro\/wp-json\/wp\/v2\/product"}],"about":[{"href":"https:\/\/atg.md\/ro\/wp-json\/wp\/v2\/types\/product"}],"wp:featuredmedia":[{"embeddable":true,"href":"https:\/\/atg.md\/ro\/wp-json\/wp\/v2\/media\/9861"}],"wp:attachment":[{"href":"https:\/\/atg.md\/ro\/wp-json\/wp\/v2\/media?parent=9860"}],"wp:term":[{"taxonomy":"product_cat","embeddable":true,"href":"https:\/\/atg.md\/ro\/wp-json\/wp\/v2\/product_cat?post=9860"},{"taxonomy":"product_tag","embeddable":true,"href":"https:\/\/atg.md\/ro\/wp-json\/wp\/v2\/product_tag?post=9860"}],"curies":[{"name":"wp","href":"https:\/\/api.w.org\/{rel}","templated":true}]}}