{"id":9834,"date":"2021-03-30T09:24:36","date_gmt":"2021-03-30T09:24:36","guid":{"rendered":"http:\/\/atg.md\/product\/h2146\/"},"modified":"2024-07-05T10:47:40","modified_gmt":"2024-07-05T10:47:40","slug":"h2146","status":"publish","type":"product","link":"https:\/\/atg.md\/ro\/catalog\/metizy\/skoby-metizy\/h2146\/","title":{"rendered":"H2146"},"content":{"rendered":"<p>Modele:<\/p>\n<p>Acura RL<br \/>\nHonda Accord Inspire,\u00a0CB5<br \/>\nHonda Accord Tourer<br \/>\nHonda Accord,\u00a0CL7, CL8, CL9, CM2, CM3, CM1, AC, AD, CA1, CB1, CB2, CB3, CB4, CD3, CD4, CD5, CD6, CD7, CD8, CE1, CF2, CF3, CF4, CF5, CF6, CF7, SY, SZ, CH9, CL1, CL2, CL3<br \/>\nHonda Acty Truck,\u00a0HA6, HA7, HA1, HA2, HA3, HA4, TA, TB, TC<br \/>\nHonda Acty,\u00a0HH5, HH6, HH1, HH2, HH3, HH4, VD, VH, HA4, HA5<br \/>\nHonda Airwave,\u00a0GJ1, GJ2<br \/>\nHonda Ascot Innova,\u00a0CB3, CB4, CC4, CC5<br \/>\nHonda Ascot,\u00a0CB1, CB2, CB3, CB4, CE4, CE5<br \/>\nHonda Avancier,\u00a0TA1, TA2, TA3, TA4<br \/>\nHonda Ballade,\u00a0AJ, AK<br \/>\nHonda Beat,\u00a0PP1<br \/>\nHonda CR-V,\u00a0RD4, RD5, RD6, RD7, RD1, RD2<br \/>\nHonda CR-X,\u00a0AE, AF, AS<br \/>\nHonda Capa,\u00a0GA4, GA6<br \/>\nHonda City,\u00a0AA, FA, GA1, GA2, VF<br \/>\nHonda Civic CRX<br \/>\nHonda Civic Ferio,\u00a0ES2, ET2, ES1, ES3<br \/>\nHonda Civic Hybrid,\u00a0ES9, FD3<br \/>\nHonda Civic Shuttle,\u00a0AJ, AK, AR<br \/>\nHonda Civic,\u00a0EP3, EU4, FD2, ES9, EU3, FD3, FD1, EN2, AG, AH, AJ, AK, AT, AU, VJ<br \/>\nHonda Concerto,\u00a0MA1, MA2, MA3<br \/>\nHonda Crossroad,\u00a0RT1, RT2, RT3, RT4<br \/>\nHonda Domani,\u00a0MA4, MA5, MA6, MA7<br \/>\nHonda Edix,\u00a0BE2, BE4, BE1, BE3, BE8<br \/>\nHonda Element,\u00a0YH2<br \/>\nHonda Elysion,\u00a0RR1, RR2, RR3, RR4, RR5, RR6<br \/>\nHonda Fit Aria,\u00a0GD6, GD7, GD8, GD9<br \/>\nHonda Fit,\u00a0GD3, GD4, GD1, GD2, GE6, GE7, GE8, GE9<br \/>\nHonda Freed,\u00a0GB3, GB4<br \/>\nHonda Insight,\u00a0ZE1, ZE2<br \/>\nHonda Inspire,\u00a0CP3, UC1, CC2, CC3, UA4, UA5<br \/>\nHonda Integra SJ,\u00a0EK3<br \/>\nHonda Integra,\u00a0DC5, AV, DA1, DA2, DB6, DB8, DB9, DC1, DC2<br \/>\nHonda Jazz<br \/>\nHonda Lagreat,\u00a0RL1<br \/>\nHonda Legend,\u00a0KA9, KB1, KB2, KA1, KA2, KA3, KA4, KA5, KA7, KA8<br \/>\nHonda Life Dunk,\u00a0JB3, JB4<br \/>\nHonda Life,\u00a0JB5, JB6, JB7, JB8, JC2, JC1, JA4, JB1, JB2<br \/>\nHonda Logo,\u00a0GA3, GA5<br \/>\nHonda MDX,\u00a0YD1<br \/>\nHonda MR-V<br \/>\nHonda Mobilio Spike,\u00a0GK1, GK2<br \/>\nHonda Mobilio,\u00a0GB1, GB2<br \/>\nHonda NSX<br \/>\nHonda Odyssey,\u00a0RB1, RB2, RB3, RB4, RA1, RA2, RA3, RA4, RA5, RA6, RA7, RA8, RA9<br \/>\nHonda Orthia,\u00a0EL1, EL2, EL3<br \/>\nHonda Partner,\u00a0EY7, EY8, GJ3, GJ4, EY6, EY9<br \/>\nHonda Pilot<br \/>\nHonda Prelude,\u00a0AB, BA1, BA8, BA9, BB1, BB4<br \/>\nHonda Quintet<br \/>\nHonda Rafaga,\u00a0CE4, CE5<br \/>\nHonda S-MX,\u00a0RH1, RH2<br \/>\nHonda S2000,\u00a0AP1, AP2<br \/>\nHonda Saber,\u00a0UA4, UA5<br \/>\nHonda Stepwgn,\u00a0RF3, RF4, RF5, RF6, RF7, RF8, RG1, RG2, RG3, RG4, RF1, RF2<br \/>\nHonda Stream,\u00a0RN2, RN4, RN1, RN3, RN5, RN6, RN7, RN8, RN9<br \/>\nHonda That&#8217;s,\u00a0JD1, JD2<br \/>\nHonda Today,\u00a0JA1, JA2, JA3, JA4, JA5, JW1, JW2, JW3, JW4<br \/>\nHonda Torneo,\u00a0CF3, CF4, CF5, CL3<br \/>\nHonda Vamos Hobio,\u00a0HM3, HM4, HJ1, HJ2<br \/>\nHonda Vamos,\u00a0HM1, HM2<br \/>\nHonda Vigor,\u00a0AD, CB5, SZ<br \/>\nHonda Z,\u00a0PA1<br \/>\nHonda Zest,\u00a0JE2, JE1<\/p>","protected":false},"excerpt":{"rendered":"<p><b>OEM:<\/b> 90675-SA5-003, 90675SA5003<\/p>\n<p>Dimensiune F: 12,9<br \/>\nDimensiune H: 5,9<br \/>\nDimensiune T: 25,2<\/p>\n","protected":false},"featured_media":9835,"template":"","meta":[],"product_cat":[1243,1244],"product_tag":[],"bundled_by":[],"bundle_stock_status":"instock","bundle_stock_quantity":null,"bundle_virtual":false,"bundle_layout":"","bundle_add_to_cart_form_location":"","bundle_editable_in_cart":false,"bundle_sold_individually_context":"","bundle_item_grouping":"","bundle_min_size":"","bundle_max_size":"","bundled_items":[],"yoast_head":"<!-- This site is optimized with the Yoast SEO Premium plugin v16.6 (Yoast SEO v20.1) - https:\/\/yoast.com\/wordpress\/plugins\/seo\/ -->\n<title>H2146 - Metize, Capse - atg.md<\/title>\n<meta name=\"robots\" content=\"index, follow, max-snippet:-1, max-image-preview:large, max-video-preview:-1\" \/>\n<link rel=\"canonical\" href=\"https:\/\/atg.md\/ro\/catalog\/metizy\/skoby-metizy\/h2146\/\" \/>\n<meta property=\"og:locale\" content=\"ro_RO\" \/>\n<meta property=\"og:type\" content=\"article\" \/>\n<meta property=\"og:title\" content=\"H2146 - Metize, Capse - atg.md\" \/>\n<meta property=\"og:description\" content=\"OEM: 90675-SA5-003, 90675SA5003Dimensiune F: 12,9 Dimensiune H: 5,9 Dimensiune T: 25,2\" \/>\n<meta property=\"og:url\" content=\"https:\/\/atg.md\/ro\/wp-json\/wp\/v2\/product\/9834\" \/>\n<meta property=\"og:site_name\" content=\"atg.md\" \/>\n<meta property=\"article:modified_time\" content=\"2024-07-05T10:47:40+00:00\" \/>\n<meta property=\"og:image\" content=\"https:\/\/atg.md\/wp-content\/uploads\/2021\/03\/h2146.jpg\" \/>\n\t<meta property=\"og:image:width\" content=\"600\" \/>\n\t<meta property=\"og:image:height\" content=\"600\" \/>\n\t<meta property=\"og:image:type\" content=\"image\/jpeg\" \/>\n<meta name=\"twitter:card\" content=\"summary_large_image\" \/>\n<meta name=\"twitter:label1\" content=\"Pre\u021b\" \/>\n\t<meta name=\"twitter:data1\" content=\"9.00&nbsp;MDL\" \/>\n\t<meta name=\"twitter:label2\" content=\"Availability\" \/>\n\t<meta name=\"twitter:data2\" content=\"In stock\" \/>\n<script type=\"application\/ld+json\" class=\"yoast-schema-graph\">{\"@context\":\"https:\/\/schema.org\",\"@graph\":[{\"@type\":\"WebPage\",\"@id\":\"https:\/\/atg.md\/ro\/catalog\/metizy\/skoby-metizy\/h2146\/\",\"url\":\"https:\/\/atg.md\/ro\/catalog\/metizy\/skoby-metizy\/h2146\/\",\"name\":\"H2146 - Metize, Capse - atg.md\",\"isPartOf\":{\"@id\":\"https:\/\/atg.md\/ro\/#website\"},\"datePublished\":\"2021-03-30T09:24:36+00:00\",\"dateModified\":\"2024-07-05T10:47:40+00:00\",\"breadcrumb\":{\"@id\":\"https:\/\/atg.md\/ro\/catalog\/metizy\/skoby-metizy\/h2146\/#breadcrumb\"},\"inLanguage\":\"ro-RO\",\"potentialAction\":[{\"@type\":\"ReadAction\",\"target\":[[\"https:\/\/atg.md\/ro\/catalog\/metizy\/skoby-metizy\/h2146\/\"]]}]},{\"@type\":\"BreadcrumbList\",\"@id\":\"https:\/\/atg.md\/ro\/catalog\/metizy\/skoby-metizy\/h2146\/#breadcrumb\",\"itemListElement\":[{\"@type\":\"ListItem\",\"position\":1,\"name\":\"Home\",\"item\":\"https:\/\/atg.md\/ro\/\"},{\"@type\":\"ListItem\",\"position\":2,\"name\":\"\u041a\u0430\u0442\u0430\u043b\u043e\u0433\",\"item\":\"https:\/\/atg.md\/ro\/catalog\/\"},{\"@type\":\"ListItem\",\"position\":3,\"name\":\"H2146\"}]},{\"@type\":\"WebSite\",\"@id\":\"https:\/\/atg.md\/ro\/#website\",\"url\":\"https:\/\/atg.md\/ro\/\",\"name\":\"atg.md\",\"description\":\"V\u00e2nzare de izola\u021bii \u00eempotriva vibra\u021biilor pentru ma\u0219ini, izola\u021bie termic\u0103, izolare fonic\u0103 de la cei mai buni produc\u0103tori, autoclipsuri, elemente de fixare auto. Cump\u0103ra\u021bi \u00een Moldova, Chi\u0219in\u0103u\",\"publisher\":{\"@id\":\"https:\/\/atg.md\/ro\/#organization\"},\"potentialAction\":[{\"@type\":\"SearchAction\",\"target\":{\"@type\":\"EntryPoint\",\"urlTemplate\":\"https:\/\/atg.md\/ro\/?s={search_term_string}\"},\"query-input\":\"required name=search_term_string\"}],\"inLanguage\":\"ro-RO\"},{\"@type\":[\"Organization\",\"Place\",\"AutoPartsStore\"],\"@id\":\"https:\/\/atg.md\/ro\/#organization\",\"name\":\"S.C. AUTOTOM GRUP S.R.L.\",\"url\":\"https:\/\/atg.md\/ro\/\",\"logo\":{\"@type\":\"ImageObject\",\"inLanguage\":\"ro-RO\",\"@id\":\"https:\/\/atg.md\/ro\/#\/schema\/logo\/image\/\",\"url\":\"https:\/\/i2.wp.com\/atg.md\/wp-content\/uploads\/2021\/05\/atg_logo_main.png?fit=656%2C569&ssl=1\",\"contentUrl\":\"https:\/\/i2.wp.com\/atg.md\/wp-content\/uploads\/2021\/05\/atg_logo_main.png?fit=656%2C569&ssl=1\",\"width\":656,\"height\":569,\"caption\":\"S.C. AUTOTOM GRUP S.R.L.\"},\"image\":{\"@id\":\"https:\/\/atg.md\/ro\/#\/schema\/logo\/image\/\"},\"location\":{\"@id\":\"https:\/\/atg.md\/ro\/catalog\/metizy\/skoby-metizy\/h2146\/#local-place\"},\"address\":{\"@id\":\"https:\/\/atg.md\/ro\/catalog\/metizy\/skoby-metizy\/h2146\/#local-place-address\"},\"email\":\"atgtvv@gmail.com\",\"telephone\":\"+37369644446\",\"areaServed\":\"Moldova\"},{\"@type\":\"Place\",\"@id\":\"https:\/\/atg.md\/ro\/catalog\/metizy\/skoby-metizy\/h2146\/#local-place\",\"address\":{\"@type\":\"PostalAddress\",\"@id\":\"https:\/\/atg.md\/ro\/catalog\/metizy\/skoby-metizy\/h2146\/#local-place-address\",\"streetAddress\":\"str. Alba-Iulia 77\/20\",\"addressLocality\":\"Chisinau\",\"postalCode\":\"2043\",\"addressRegion\":\"mun. Chisinau\",\"addressCountry\":\"MD\"},\"geo\":{\"@type\":\"GeoCoordinates\",\"latitude\":\"47.0376\",\"longitude\":\"28.76899\"},\"openingHoursSpecification\":[{\"@type\":\"OpeningHoursSpecification\",\"dayOfWeek\":[\"Monday\",\"Tuesday\",\"Wednesday\",\"Thursday\",\"Friday\"],\"opens\":\"09:00\",\"closes\":\"18:00\"},{\"@type\":\"OpeningHoursSpecification\",\"dayOfWeek\":[\"Saturday\"],\"opens\":\"09:00\",\"closes\":\"14:00\"},{\"@type\":\"OpeningHoursSpecification\",\"dayOfWeek\":[\"Sunday\"],\"opens\":\"00:00\",\"closes\":\"00:00\"}],\"telephone\":\"+37369644446\"}]}<\/script>\n<meta name=\"geo.placename\" content=\"Chisinau\" \/>\n<meta name=\"geo.position\" content=\"47.0376;28.76899\" \/>\n<meta name=\"geo.region\" content=\"Moldova\" \/>\n<!-- \/ Yoast SEO Premium plugin. -->","yoast_head_json":{"title":"H2146 - Metize, Capse - atg.md","robots":{"index":"index","follow":"follow","max-snippet":"max-snippet:-1","max-image-preview":"max-image-preview:large","max-video-preview":"max-video-preview:-1"},"canonical":"https:\/\/atg.md\/ro\/catalog\/metizy\/skoby-metizy\/h2146\/","og_locale":"ro_RO","og_type":"article","og_title":"H2146 - Metize, Capse - atg.md","og_description":"OEM: 90675-SA5-003, 90675SA5003Dimensiune F: 12,9 Dimensiune H: 5,9 Dimensiune T: 25,2","og_url":"https:\/\/atg.md\/ro\/wp-json\/wp\/v2\/product\/9834","og_site_name":"atg.md","article_modified_time":"2024-07-05T10:47:40+00:00","og_image":[{"width":600,"height":600,"url":"https:\/\/atg.md\/wp-content\/uploads\/2021\/03\/h2146.jpg","type":"image\/jpeg"}],"twitter_card":"summary_large_image","twitter_misc":{"Pre\u021b":"9.00&nbsp;MDL","Availability":"In stock"},"schema":{"@context":"https:\/\/schema.org","@graph":[{"@type":"WebPage","@id":"https:\/\/atg.md\/ro\/catalog\/metizy\/skoby-metizy\/h2146\/","url":"https:\/\/atg.md\/ro\/catalog\/metizy\/skoby-metizy\/h2146\/","name":"H2146 - Metize, Capse - atg.md","isPartOf":{"@id":"https:\/\/atg.md\/ro\/#website"},"datePublished":"2021-03-30T09:24:36+00:00","dateModified":"2024-07-05T10:47:40+00:00","breadcrumb":{"@id":"https:\/\/atg.md\/ro\/catalog\/metizy\/skoby-metizy\/h2146\/#breadcrumb"},"inLanguage":"ro-RO","potentialAction":[{"@type":"ReadAction","target":[["https:\/\/atg.md\/ro\/catalog\/metizy\/skoby-metizy\/h2146\/"]]}]},{"@type":"BreadcrumbList","@id":"https:\/\/atg.md\/ro\/catalog\/metizy\/skoby-metizy\/h2146\/#breadcrumb","itemListElement":[{"@type":"ListItem","position":1,"name":"Home","item":"https:\/\/atg.md\/ro\/"},{"@type":"ListItem","position":2,"name":"\u041a\u0430\u0442\u0430\u043b\u043e\u0433","item":"https:\/\/atg.md\/ro\/catalog\/"},{"@type":"ListItem","position":3,"name":"H2146"}]},{"@type":"WebSite","@id":"https:\/\/atg.md\/ro\/#website","url":"https:\/\/atg.md\/ro\/","name":"atg.md","description":"V\u00e2nzare de izola\u021bii \u00eempotriva vibra\u021biilor pentru ma\u0219ini, izola\u021bie termic\u0103, izolare fonic\u0103 de la cei mai buni produc\u0103tori, autoclipsuri, elemente de fixare auto. Cump\u0103ra\u021bi \u00een Moldova, Chi\u0219in\u0103u","publisher":{"@id":"https:\/\/atg.md\/ro\/#organization"},"potentialAction":[{"@type":"SearchAction","target":{"@type":"EntryPoint","urlTemplate":"https:\/\/atg.md\/ro\/?s={search_term_string}"},"query-input":"required name=search_term_string"}],"inLanguage":"ro-RO"},{"@type":["Organization","Place","AutoPartsStore"],"@id":"https:\/\/atg.md\/ro\/#organization","name":"S.C. AUTOTOM GRUP S.R.L.","url":"https:\/\/atg.md\/ro\/","logo":{"@type":"ImageObject","inLanguage":"ro-RO","@id":"https:\/\/atg.md\/ro\/#\/schema\/logo\/image\/","url":"https:\/\/i2.wp.com\/atg.md\/wp-content\/uploads\/2021\/05\/atg_logo_main.png?fit=656%2C569&ssl=1","contentUrl":"https:\/\/i2.wp.com\/atg.md\/wp-content\/uploads\/2021\/05\/atg_logo_main.png?fit=656%2C569&ssl=1","width":656,"height":569,"caption":"S.C. AUTOTOM GRUP S.R.L."},"image":{"@id":"https:\/\/atg.md\/ro\/#\/schema\/logo\/image\/"},"location":{"@id":"https:\/\/atg.md\/ro\/catalog\/metizy\/skoby-metizy\/h2146\/#local-place"},"address":{"@id":"https:\/\/atg.md\/ro\/catalog\/metizy\/skoby-metizy\/h2146\/#local-place-address"},"email":"atgtvv@gmail.com","telephone":"+37369644446","areaServed":"Moldova"},{"@type":"Place","@id":"https:\/\/atg.md\/ro\/catalog\/metizy\/skoby-metizy\/h2146\/#local-place","address":{"@type":"PostalAddress","@id":"https:\/\/atg.md\/ro\/catalog\/metizy\/skoby-metizy\/h2146\/#local-place-address","streetAddress":"str. Alba-Iulia 77\/20","addressLocality":"Chisinau","postalCode":"2043","addressRegion":"mun. Chisinau","addressCountry":"MD"},"geo":{"@type":"GeoCoordinates","latitude":"47.0376","longitude":"28.76899"},"openingHoursSpecification":[{"@type":"OpeningHoursSpecification","dayOfWeek":["Monday","Tuesday","Wednesday","Thursday","Friday"],"opens":"09:00","closes":"18:00"},{"@type":"OpeningHoursSpecification","dayOfWeek":["Saturday"],"opens":"09:00","closes":"14:00"},{"@type":"OpeningHoursSpecification","dayOfWeek":["Sunday"],"opens":"00:00","closes":"00:00"}],"telephone":"+37369644446"}]}},"_links":{"self":[{"href":"https:\/\/atg.md\/ro\/wp-json\/wp\/v2\/product\/9834"}],"collection":[{"href":"https:\/\/atg.md\/ro\/wp-json\/wp\/v2\/product"}],"about":[{"href":"https:\/\/atg.md\/ro\/wp-json\/wp\/v2\/types\/product"}],"wp:featuredmedia":[{"embeddable":true,"href":"https:\/\/atg.md\/ro\/wp-json\/wp\/v2\/media\/9835"}],"wp:attachment":[{"href":"https:\/\/atg.md\/ro\/wp-json\/wp\/v2\/media?parent=9834"}],"wp:term":[{"taxonomy":"product_cat","embeddable":true,"href":"https:\/\/atg.md\/ro\/wp-json\/wp\/v2\/product_cat?post=9834"},{"taxonomy":"product_tag","embeddable":true,"href":"https:\/\/atg.md\/ro\/wp-json\/wp\/v2\/product_tag?post=9834"}],"curies":[{"name":"wp","href":"https:\/\/api.w.org\/{rel}","templated":true}]}}