{"id":9832,"date":"2021-03-30T09:24:36","date_gmt":"2021-03-30T09:24:36","guid":{"rendered":"http:\/\/atg.md\/product\/h2143\/"},"modified":"2024-07-05T10:47:40","modified_gmt":"2024-07-05T10:47:40","slug":"h2143","status":"publish","type":"product","link":"https:\/\/atg.md\/ro\/catalog\/metizy\/bolty\/h2143\/","title":{"rendered":"H2143"},"content":{"rendered":"<p>M12,\u00a0\u041a\u043b\u044e\u044714,H=20.3<\/p>\n<p>Modele:<\/p>\n<p>Lexus CT200h, ZWA10<br \/>\nLexus ES200, ASV60, ASV61, AVV60, GSV60<br \/>\nLexus ES250, ASV60, ASV61, AVV60, GSV60, VZV21<br \/>\nLexus ES300, MCV10, MCV20, MCV30, MCV31, VCV10<br \/>\nLexus ES300h, ASV60, ASV61, AVV60, GSV60<br \/>\nLexus ES330, MCV30, MCV31<br \/>\nLexus ES350, ACV40, ASV60, ASV61, AVV60, GSV40, GSV60<br \/>\nLexus GS F, URL10<br \/>\nLexus GS200t, ARL10, GRL12, GRL16<br \/>\nLexus GS250, AWL10, GRL10, GRL11, GRL15, GWL10<br \/>\nLexus GS300, ARL10, GRS190, GRS191, GRS195, GRS196, JZS147, JZS160, URS190<br \/>\nLexus GS300h, AWL10<br \/>\nLexus GS350, AWL10, GRL10, GRL11, GRL12, GRL15, GRL16, GRS190, GRS191, GRS195, GRS196, GWL10, URS190<br \/>\nLexus GS400, JZS160<br \/>\nLexus GS430, GRS190, GRS191, GRS195, GRS196, JZS160, URS190<br \/>\nLexus GS450h, AWL10, GRL10, GRL11, GRL15, GWL10, GWS191<br \/>\nLexus GS460, GRS190, GRS191, GRS195, GRS196, URS190<br \/>\nLexus GX400, GRJ158, URJ150<br \/>\nLexus GX460, GRJ158, URJ150<br \/>\nLexus HS250h, ANF10<br \/>\nLexus IS F, USE20<br \/>\nLexus IS200, GXE10, JCE10<br \/>\nLexus IS200d, ALE20, GSE20, GSE21<br \/>\nLexus IS200t, ASE30, AVE30, AVE35, GSE30, GSE31, GSE35, GSE36, GSE37<br \/>\nLexus IS220d, ALE20, GSE20<br \/>\nLexus IS250, ALE20, ASE30, AVE30, AVE35, GSE20, GSE21, GSE22, GSE25, GSE26, GSE30, GSE31, GSE35, GSE36, GSE37<br \/>\nLexus IS250C, GSE20, GSE21, GSE22<br \/>\nLexus IS300, ASE30, AVE30, AVE35, GSE20, GSE22, GSE30, GSE31, GSE35, GSE36, GSE37, GXE10, JCE10<br \/>\nLexus IS300h, ASE30, AVE30, GSE30, GSE31, GSE35<br \/>\nLexus IS350, ALE20, ASE30, AVE30, AVE35, GSE20, GSE21, GSE25, GSE26, GSE30, GSE31, GSE35, GSE36, GSE37<br \/>\nLexus IS350C, GSE20, GSE21<br \/>\nLexus LC500, GWZ100, URZ100<br \/>\nLexus LC500h, GWZ100, URZ100<br \/>\nLexus LFA, LFA10<br \/>\nLexus LS460, USF40, USF41, USF45, USF46<br \/>\nLexus LS460L, USF40, USF41, USF45, USF46<br \/>\nLexus LS600h, UVF45, UVF46<br \/>\nLexus LS600hL, UVF45, UVF46<br \/>\nLexus LX450, FZJ80<br \/>\nLexus LX450d, URJ201, URJ202, VDJ201<br \/>\nLexus LX460, URJ201, URJ202, VDJ201<br \/>\nLexus LX570, URJ201, URJ201W, URJ202, VDJ201<br \/>\nLexus NX200, AGZ10, AGZ15, AYZ10, AYZ15, ZGZ10, ZGZ15<br \/>\nLexus NX200t, AGZ10, AGZ15, AGZ15L, AYZ10, AYZ15, ZGZ10, ZGZ15, ZGZ15L<br \/>\nLexus NX300h, AGZ10, AGZ15, AGZ15L, AYZ10, AYZ15, ZGZ10, ZGZ15, ZGZ15L<br \/>\nLexus RC F, USC10<br \/>\nLexus RC200t, ASC10, AVC10, GSC10, GSC15, GSC16<br \/>\nLexus RC300, ASC10, AVC10, GSC10, GSC15, GSC16<br \/>\nLexus RC300h, ASC10, AVC10, GSC10<br \/>\nLexus RC350, ASC10, AVC10, GSC10, GSC15, GSC16<br \/>\nLexus RX200t, AGL20, AGL20W, AGL25, AGL25W, GGL20, GGL25, GYL20, GYL25<br \/>\nLexus RX270, AGL10, AGL10W, GGL10, GGL15, GGL16, GYL10, GYL15, GYL16<br \/>\nLexus RX300, GSU35, MCU10, MCU15, MCU35, MCU38<br \/>\nLexus RX330, GSU30, GSU35, MCU33, MCU35, MCU38<br \/>\nLexus RX350, AGL10, AGL20, AGL25, GGL10, GGL10W, GGL15, GGL15W, GGL16, GGL16W, GGL20, GGL25, GSU30, GSU35, GYL10, GYL15, GYL16, GYL20, GYL25, MCU33, MCU35, MCU38<br \/>\nLexus RX400h, MHU33, MHU38<br \/>\nLexus RX450h, AGL10, AGL20, AGL25, GGL10, GGL15, GGL16, GGL20, GGL25, GYL10, GYL10W, GYL15, GYL15W, GYL16, GYL16W, GYL20, GYL20W, GYL25, GYL25W<br \/>\nLexus SC300, JZZ31<br \/>\nLexus SC400, JZZ31<br \/>\nScion iM, ZRE186<br \/>\nScion tC, AGT20, ANT10<br \/>\nScion xB, AZE151, NCP31<br \/>\nScion xD, ZSP110<br \/>\nToyota 1000, KP36<br \/>\nToyota 4Runner, GRN210, GRN215, GRN280, GRN285, KZN185, KZN205, KZN215, LN106, LN107, LN111, LN130, LN135, LN205, RN101, RN105, RN106, RN110, RN120, RN121, RN130, RN131, RN135, RN50, RN55, RN60, RN61, RN65, RN66, RN70, RN75, RN80, RN85, RN90, RZN180, RZN185, TRN280, TRN285, VZN100, VZN105, VZN110, VZN120, VZN130, VZN131, VZN180, VZN185, VZN61, VZN66, VZN85, VZN90, VZN95, YN106, YN130, YN135<br \/>\nToyota Allex, NZE121, NZE124, ZZE122, ZZE123, ZZE124<br \/>\nToyota Allion, AZT240, NZT240, NZT260, ZRT260, ZRT261, ZRT265, ZZT240, ZZT245<br \/>\nToyota Alphard, AGH30, AGH30W, AGH35, AGH35W, ANH10, ANH10W, ANH15, ANH15W, ANH20, ANH20W, ANH25, ANH25W, ATH10, ATH10W, ATH20, ATH20W, AYH30, AYH30W, GGH20, GGH20W, GGH25, GGH25W, GGH30, GGH30W, GGH35, GGH35W, MNH10, MNH10W, MNH15, MNH15W<br \/>\nToyota Altezza, GXE10, GXE10W, GXE15, GXE15W, JCE10, JCE10W, JCE15, JCE15W, SXE10<br \/>\nToyota Aqua, NHP10, NHP10H<br \/>\nToyota Aristo, JZS147, JZS147E, JZS160, JZS161<br \/>\nToyota Aurion, ACV40, AHV40, ASV50, AVV50, GSV40, GSV50<br \/>\nToyota Auris, ADE150, ADE157, ADE186, NDE150, NDE180, NRE185, NRE185H, NZE151, NZE151H, NZE154, NZE154H, NZE181, NZE181H, NZE184, NZE184H, ZRE151, ZRE152, ZRE152H, ZRE154, ZRE154H, ZRE181, ZRE182, ZRE185, ZRE186, ZRE186H, ZWE150, ZWE186, ZWE186H, ZZE150<br \/>\nToyota Avalon, AVX40, GSX30, GSX40, MCX10, MCX20<br \/>\nToyota Avensis Verso, ACM20, ACM21, CLM20<br \/>\nToyota Avensis, ADT250, ADT251, ADT270, ADT271, AT220, AT220L, AT221, AZT220, AZT250, AZT250L, AZT250W, AZT251, AZT251L, AZT251W, AZT255, AZT255W, AZT270, CDT220, CDT250, CT220, ST220, ST220L, ZRT270, ZRT271, ZRT272, ZRT272W, ZZT220, ZZT220L, ZZT221, ZZT250, ZZT251, ZZT251L<br \/>\nToyota Belta, NCP96<br \/>\nToyota Blade, AZE154, AZE154H, AZE156, AZE156H, GRE156, GRE156H<br \/>\nToyota Brevis, JCG10, JCG11, JCG15<br \/>\nToyota C-HR, NGX10, NGX50, ZGX10, ZYX10<br \/>\nToyota Caldina, AT191, AT191G, AT211, AT211G, AZT241, AZT241W, AZT246, AZT246W, CT190, CT190G, CT196, CT196V, CT197, CT197V, CT198, CT198V, CT199, CT199V, CT216, CT216G, ET196, ET196V, ST190, ST190G, ST191, ST191G, ST195, ST195G, ST198, ST198V, ST210, ST210G, ST215, ST215G, ST215W, ST246, ST246W, ZZT241, ZZT241W<br \/>\nToyota Camry Gracia, MCV21, MCV21W, MCV25, MCV25W, SXV20, SXV20W, SXV25, SXV25W<br \/>\nToyota Camry, ACV30, ACV30L, ACV31, ACV35, ACV36, ACV40, ACV41, ACV45, ACV51, AHV40, AHV41, ASV40, ASV50, ASV51, AVV50, AXVA70, CV20, CV30, CV40, CV43, GSV40, GSV50, MCV10, MCV20, MCV30, MCV30L, MCV31, MCV36, SV21, SV22, SV25, SV30, SV32, SV33, SV35, SV40, SV41, SV42, SV43, SXV10, SXV11, SXV20, SXV23, VCV10, VZV20, VZV21, VZV30, VZV31, VZV32, VZV33<br \/>\nToyota Carina E, AT190, AT190L, AT191, AT191L, CT190, CT190L, ST191, ST191L<br \/>\nToyota Carina ED, ST162, ST163, ST180, ST181, ST182, ST183, ST200, ST201, ST202, ST203, ST205<br \/>\nToyota Carina II, AT151, AT171, AT177, CT170, CT177, ST171<br \/>\nToyota Carina, AA60, AA63, AT150, AT151, AT160, AT170, AT170G, AT171, AT175, AT177, AT190, AT191, AT192, AT210, AT211, AT212, CT150, CT170, CT170G, CT176, CT177, CT190, CT195, CT210, CT211, CT215, CT216, ET176, KA67, ST162, ST170, ST170G, ST171, ST190, ST195, ST215<br \/>\nToyota Celica, AA63, AT160, AT180, AT200, GA61, MA61, RA60, RA61, RA64, RA65, ST162, ST162C, ST163, ST165, ST182, ST183, ST183C, ST184, ST185, ST202, ST202C, ST203, ST204, ST205, ZZT230, ZZT231<br \/>\nToyota Century, VG40, VG45<br \/>\nToyota Chaser, GX100, GX105, GX71, GX81, GX90, JZX100, JZX101, JZX105, JZX81, JZX90, JZX91, JZX93, LX100, LX80, LX90, MX83, SX100, SX90, YX70, YX72, YX80<br \/>\nToyota Coaster, BB40, BB40R, BB42, BB43, BB46, BB50, BB53, BB54, BB55, BB58, BB59, BB60, BZB40, BZB50, BZB60, BZB70, FB30, GRB53, HDB20, HDB30, HDB31, HDB50, HDB51, HZB30, HZB31, HZB36, HZB40, HZB41, HZB46, HZB50, HZB50L, HZB50R, HZB56, HZB70, RB20, RB26, RZB40, RZB50, RZB53, RZB54, TRB40, TRB50, TRB53, TRB60, TRB70<br \/>\nToyota Comfort, LXS10, LXS12, YXS10<br \/>\nToyota Corolla Axio, CE120, CE140, NDE140, NDE170, NKE165, NZE120, NZE121, NZE140, NZE141, NZE144, NZE161, NZE164, NZE170, ZRE141, ZRE142, ZRE143, ZRE144, ZRE162, ZRE171, ZRE172, ZRE173, ZZE121, ZZE122, ZZE141, ZZE142, ZZE172<br \/>\nToyota Corolla Ceres, AE100, AE101<br \/>\nToyota Corolla FX, AE82<br \/>\nToyota Corolla Fielder, CE121, CE121G, NKE165, NKE165G, NZE120, NZE121, NZE121G, NZE124, NZE124G, NZE141, NZE141G, NZE144, NZE144G, NZE161, NZE161G, NZE164, NZE164G, ZRE142, ZRE142G, ZRE144, ZRE144G, ZRE162, ZRE162G, ZZE122, ZZE122G, ZZE123, ZZE123G, ZZE124, ZZE124G<br \/>\nToyota Corolla II, AL20, AL21, EL30, EL31, EL41, EL43, EL45, EL51, EL53, EL55, NL30, NL40, NL50<br \/>\nToyota Corolla Levin, AE100, AE101, AE110, AE111, AE85, AE86, AE91, AE92, ZRE181, ZRE182, ZWE182<br \/>\nToyota Corolla Rumion, AZE151, NZE151, NZE151N, ZRE152, ZRE152N, ZRE154, ZRE154N<br \/>\nToyota Corolla Runx, NZE121, NZE124, ZZE122, ZZE123, ZZE124<br \/>\nToyota Corolla Spacio, AE111, AE111N, AE115, AE115N, NZE121, NZE121N, ZZE122, ZZE122N, ZZE124, ZZE124N<br \/>\nToyota Corolla Verso, AUR10, CDE120, CUR10, ZNR10, ZNR11, ZNR11L, ZZE121, ZZE122<br \/>\nToyota Corolla, ADE150, AE100, AE100G, AE101, AE101G, AE102, AE103<\/p>","protected":false},"excerpt":{"rendered":"<p><b>OEM:<\/b> 90341-12012, 9034112012<\/p>\n<p>Dimensiune F: 11,8<br \/>\nDimensiune H: 20,3<br \/>\nDimensiune T: 14<\/p>\n","protected":false},"featured_media":9833,"template":"","meta":[],"product_cat":[1246,1243],"product_tag":[],"bundled_by":[],"bundle_stock_status":"instock","bundle_stock_quantity":null,"bundle_virtual":false,"bundle_layout":"","bundle_add_to_cart_form_location":"","bundle_editable_in_cart":false,"bundle_sold_individually_context":"","bundle_item_grouping":"","bundle_min_size":"","bundle_max_size":"","bundled_items":[],"yoast_head":"<!-- This site is optimized with the Yoast SEO Premium plugin v16.6 (Yoast SEO v20.1) - https:\/\/yoast.com\/wordpress\/plugins\/seo\/ -->\n<title>H2143 - \u0218uruburi (bolt), Metize - atg.md<\/title>\n<meta name=\"robots\" content=\"index, follow, max-snippet:-1, max-image-preview:large, max-video-preview:-1\" \/>\n<link rel=\"canonical\" href=\"https:\/\/atg.md\/ro\/catalog\/metizy\/bolty\/h2143\/\" \/>\n<meta property=\"og:locale\" content=\"ro_RO\" \/>\n<meta property=\"og:type\" content=\"article\" \/>\n<meta property=\"og:title\" content=\"H2143 - \u0218uruburi (bolt), Metize - atg.md\" \/>\n<meta property=\"og:description\" content=\"OEM: 90341-12012, 9034112012Dimensiune F: 11,8 Dimensiune H: 20,3 Dimensiune T: 14\" \/>\n<meta property=\"og:url\" content=\"https:\/\/atg.md\/ro\/wp-json\/wp\/v2\/product\/9832\" \/>\n<meta property=\"og:site_name\" content=\"atg.md\" \/>\n<meta property=\"article:modified_time\" content=\"2024-07-05T10:47:40+00:00\" \/>\n<meta property=\"og:image\" content=\"https:\/\/atg.md\/wp-content\/uploads\/2021\/03\/h2143.jpg\" \/>\n\t<meta property=\"og:image:width\" content=\"600\" \/>\n\t<meta property=\"og:image:height\" content=\"600\" \/>\n\t<meta property=\"og:image:type\" content=\"image\/jpeg\" \/>\n<meta name=\"twitter:card\" content=\"summary_large_image\" \/>\n<meta name=\"twitter:label1\" content=\"Pre\u021b\" \/>\n\t<meta name=\"twitter:data1\" content=\"25.00&nbsp;MDL\" \/>\n\t<meta name=\"twitter:label2\" content=\"Availability\" \/>\n\t<meta name=\"twitter:data2\" content=\"In stock\" \/>\n<script type=\"application\/ld+json\" class=\"yoast-schema-graph\">{\"@context\":\"https:\/\/schema.org\",\"@graph\":[{\"@type\":\"WebPage\",\"@id\":\"https:\/\/atg.md\/ro\/catalog\/metizy\/bolty\/h2143\/\",\"url\":\"https:\/\/atg.md\/ro\/catalog\/metizy\/bolty\/h2143\/\",\"name\":\"H2143 - \u0218uruburi (bolt), Metize - atg.md\",\"isPartOf\":{\"@id\":\"https:\/\/atg.md\/ro\/#website\"},\"datePublished\":\"2021-03-30T09:24:36+00:00\",\"dateModified\":\"2024-07-05T10:47:40+00:00\",\"breadcrumb\":{\"@id\":\"https:\/\/atg.md\/ro\/catalog\/metizy\/bolty\/h2143\/#breadcrumb\"},\"inLanguage\":\"ro-RO\",\"potentialAction\":[{\"@type\":\"ReadAction\",\"target\":[[\"https:\/\/atg.md\/ro\/catalog\/metizy\/bolty\/h2143\/\"]]}]},{\"@type\":\"BreadcrumbList\",\"@id\":\"https:\/\/atg.md\/ro\/catalog\/metizy\/bolty\/h2143\/#breadcrumb\",\"itemListElement\":[{\"@type\":\"ListItem\",\"position\":1,\"name\":\"Home\",\"item\":\"https:\/\/atg.md\/ro\/\"},{\"@type\":\"ListItem\",\"position\":2,\"name\":\"\u041a\u0430\u0442\u0430\u043b\u043e\u0433\",\"item\":\"https:\/\/atg.md\/ro\/catalog\/\"},{\"@type\":\"ListItem\",\"position\":3,\"name\":\"H2143\"}]},{\"@type\":\"WebSite\",\"@id\":\"https:\/\/atg.md\/ro\/#website\",\"url\":\"https:\/\/atg.md\/ro\/\",\"name\":\"atg.md\",\"description\":\"V\u00e2nzare de izola\u021bii \u00eempotriva vibra\u021biilor pentru ma\u0219ini, izola\u021bie termic\u0103, izolare fonic\u0103 de la cei mai buni produc\u0103tori, autoclipsuri, elemente de fixare auto. Cump\u0103ra\u021bi \u00een Moldova, Chi\u0219in\u0103u\",\"publisher\":{\"@id\":\"https:\/\/atg.md\/ro\/#organization\"},\"potentialAction\":[{\"@type\":\"SearchAction\",\"target\":{\"@type\":\"EntryPoint\",\"urlTemplate\":\"https:\/\/atg.md\/ro\/?s={search_term_string}\"},\"query-input\":\"required name=search_term_string\"}],\"inLanguage\":\"ro-RO\"},{\"@type\":[\"Organization\",\"Place\",\"AutoPartsStore\"],\"@id\":\"https:\/\/atg.md\/ro\/#organization\",\"name\":\"S.C. AUTOTOM GRUP S.R.L.\",\"url\":\"https:\/\/atg.md\/ro\/\",\"logo\":{\"@type\":\"ImageObject\",\"inLanguage\":\"ro-RO\",\"@id\":\"https:\/\/atg.md\/ro\/#\/schema\/logo\/image\/\",\"url\":\"https:\/\/i2.wp.com\/atg.md\/wp-content\/uploads\/2021\/05\/atg_logo_main.png?fit=656%2C569&ssl=1\",\"contentUrl\":\"https:\/\/i2.wp.com\/atg.md\/wp-content\/uploads\/2021\/05\/atg_logo_main.png?fit=656%2C569&ssl=1\",\"width\":656,\"height\":569,\"caption\":\"S.C. AUTOTOM GRUP S.R.L.\"},\"image\":{\"@id\":\"https:\/\/atg.md\/ro\/#\/schema\/logo\/image\/\"},\"location\":{\"@id\":\"https:\/\/atg.md\/ro\/catalog\/metizy\/bolty\/h2143\/#local-place\"},\"address\":{\"@id\":\"https:\/\/atg.md\/ro\/catalog\/metizy\/bolty\/h2143\/#local-place-address\"},\"email\":\"atgtvv@gmail.com\",\"telephone\":\"+37369644446\",\"areaServed\":\"Moldova\"},{\"@type\":\"Place\",\"@id\":\"https:\/\/atg.md\/ro\/catalog\/metizy\/bolty\/h2143\/#local-place\",\"address\":{\"@type\":\"PostalAddress\",\"@id\":\"https:\/\/atg.md\/ro\/catalog\/metizy\/bolty\/h2143\/#local-place-address\",\"streetAddress\":\"str. Alba-Iulia 77\/20\",\"addressLocality\":\"Chisinau\",\"postalCode\":\"2043\",\"addressRegion\":\"mun. Chisinau\",\"addressCountry\":\"MD\"},\"geo\":{\"@type\":\"GeoCoordinates\",\"latitude\":\"47.0376\",\"longitude\":\"28.76899\"},\"openingHoursSpecification\":[{\"@type\":\"OpeningHoursSpecification\",\"dayOfWeek\":[\"Monday\",\"Tuesday\",\"Wednesday\",\"Thursday\",\"Friday\"],\"opens\":\"09:00\",\"closes\":\"18:00\"},{\"@type\":\"OpeningHoursSpecification\",\"dayOfWeek\":[\"Saturday\"],\"opens\":\"09:00\",\"closes\":\"14:00\"},{\"@type\":\"OpeningHoursSpecification\",\"dayOfWeek\":[\"Sunday\"],\"opens\":\"00:00\",\"closes\":\"00:00\"}],\"telephone\":\"+37369644446\"}]}<\/script>\n<meta name=\"geo.placename\" content=\"Chisinau\" \/>\n<meta name=\"geo.position\" content=\"47.0376;28.76899\" \/>\n<meta name=\"geo.region\" content=\"Moldova\" \/>\n<!-- \/ Yoast SEO Premium plugin. -->","yoast_head_json":{"title":"H2143 - \u0218uruburi (bolt), Metize - atg.md","robots":{"index":"index","follow":"follow","max-snippet":"max-snippet:-1","max-image-preview":"max-image-preview:large","max-video-preview":"max-video-preview:-1"},"canonical":"https:\/\/atg.md\/ro\/catalog\/metizy\/bolty\/h2143\/","og_locale":"ro_RO","og_type":"article","og_title":"H2143 - \u0218uruburi (bolt), Metize - atg.md","og_description":"OEM: 90341-12012, 9034112012Dimensiune F: 11,8 Dimensiune H: 20,3 Dimensiune T: 14","og_url":"https:\/\/atg.md\/ro\/wp-json\/wp\/v2\/product\/9832","og_site_name":"atg.md","article_modified_time":"2024-07-05T10:47:40+00:00","og_image":[{"width":600,"height":600,"url":"https:\/\/atg.md\/wp-content\/uploads\/2021\/03\/h2143.jpg","type":"image\/jpeg"}],"twitter_card":"summary_large_image","twitter_misc":{"Pre\u021b":"25.00&nbsp;MDL","Availability":"In stock"},"schema":{"@context":"https:\/\/schema.org","@graph":[{"@type":"WebPage","@id":"https:\/\/atg.md\/ro\/catalog\/metizy\/bolty\/h2143\/","url":"https:\/\/atg.md\/ro\/catalog\/metizy\/bolty\/h2143\/","name":"H2143 - \u0218uruburi (bolt), Metize - atg.md","isPartOf":{"@id":"https:\/\/atg.md\/ro\/#website"},"datePublished":"2021-03-30T09:24:36+00:00","dateModified":"2024-07-05T10:47:40+00:00","breadcrumb":{"@id":"https:\/\/atg.md\/ro\/catalog\/metizy\/bolty\/h2143\/#breadcrumb"},"inLanguage":"ro-RO","potentialAction":[{"@type":"ReadAction","target":[["https:\/\/atg.md\/ro\/catalog\/metizy\/bolty\/h2143\/"]]}]},{"@type":"BreadcrumbList","@id":"https:\/\/atg.md\/ro\/catalog\/metizy\/bolty\/h2143\/#breadcrumb","itemListElement":[{"@type":"ListItem","position":1,"name":"Home","item":"https:\/\/atg.md\/ro\/"},{"@type":"ListItem","position":2,"name":"\u041a\u0430\u0442\u0430\u043b\u043e\u0433","item":"https:\/\/atg.md\/ro\/catalog\/"},{"@type":"ListItem","position":3,"name":"H2143"}]},{"@type":"WebSite","@id":"https:\/\/atg.md\/ro\/#website","url":"https:\/\/atg.md\/ro\/","name":"atg.md","description":"V\u00e2nzare de izola\u021bii \u00eempotriva vibra\u021biilor pentru ma\u0219ini, izola\u021bie termic\u0103, izolare fonic\u0103 de la cei mai buni produc\u0103tori, autoclipsuri, elemente de fixare auto. Cump\u0103ra\u021bi \u00een Moldova, Chi\u0219in\u0103u","publisher":{"@id":"https:\/\/atg.md\/ro\/#organization"},"potentialAction":[{"@type":"SearchAction","target":{"@type":"EntryPoint","urlTemplate":"https:\/\/atg.md\/ro\/?s={search_term_string}"},"query-input":"required name=search_term_string"}],"inLanguage":"ro-RO"},{"@type":["Organization","Place","AutoPartsStore"],"@id":"https:\/\/atg.md\/ro\/#organization","name":"S.C. AUTOTOM GRUP S.R.L.","url":"https:\/\/atg.md\/ro\/","logo":{"@type":"ImageObject","inLanguage":"ro-RO","@id":"https:\/\/atg.md\/ro\/#\/schema\/logo\/image\/","url":"https:\/\/i2.wp.com\/atg.md\/wp-content\/uploads\/2021\/05\/atg_logo_main.png?fit=656%2C569&ssl=1","contentUrl":"https:\/\/i2.wp.com\/atg.md\/wp-content\/uploads\/2021\/05\/atg_logo_main.png?fit=656%2C569&ssl=1","width":656,"height":569,"caption":"S.C. AUTOTOM GRUP S.R.L."},"image":{"@id":"https:\/\/atg.md\/ro\/#\/schema\/logo\/image\/"},"location":{"@id":"https:\/\/atg.md\/ro\/catalog\/metizy\/bolty\/h2143\/#local-place"},"address":{"@id":"https:\/\/atg.md\/ro\/catalog\/metizy\/bolty\/h2143\/#local-place-address"},"email":"atgtvv@gmail.com","telephone":"+37369644446","areaServed":"Moldova"},{"@type":"Place","@id":"https:\/\/atg.md\/ro\/catalog\/metizy\/bolty\/h2143\/#local-place","address":{"@type":"PostalAddress","@id":"https:\/\/atg.md\/ro\/catalog\/metizy\/bolty\/h2143\/#local-place-address","streetAddress":"str. Alba-Iulia 77\/20","addressLocality":"Chisinau","postalCode":"2043","addressRegion":"mun. Chisinau","addressCountry":"MD"},"geo":{"@type":"GeoCoordinates","latitude":"47.0376","longitude":"28.76899"},"openingHoursSpecification":[{"@type":"OpeningHoursSpecification","dayOfWeek":["Monday","Tuesday","Wednesday","Thursday","Friday"],"opens":"09:00","closes":"18:00"},{"@type":"OpeningHoursSpecification","dayOfWeek":["Saturday"],"opens":"09:00","closes":"14:00"},{"@type":"OpeningHoursSpecification","dayOfWeek":["Sunday"],"opens":"00:00","closes":"00:00"}],"telephone":"+37369644446"}]}},"_links":{"self":[{"href":"https:\/\/atg.md\/ro\/wp-json\/wp\/v2\/product\/9832"}],"collection":[{"href":"https:\/\/atg.md\/ro\/wp-json\/wp\/v2\/product"}],"about":[{"href":"https:\/\/atg.md\/ro\/wp-json\/wp\/v2\/types\/product"}],"wp:featuredmedia":[{"embeddable":true,"href":"https:\/\/atg.md\/ro\/wp-json\/wp\/v2\/media\/9833"}],"wp:attachment":[{"href":"https:\/\/atg.md\/ro\/wp-json\/wp\/v2\/media?parent=9832"}],"wp:term":[{"taxonomy":"product_cat","embeddable":true,"href":"https:\/\/atg.md\/ro\/wp-json\/wp\/v2\/product_cat?post=9832"},{"taxonomy":"product_tag","embeddable":true,"href":"https:\/\/atg.md\/ro\/wp-json\/wp\/v2\/product_tag?post=9832"}],"curies":[{"name":"wp","href":"https:\/\/api.w.org\/{rel}","templated":true}]}}