{"id":9830,"date":"2021-03-30T09:24:36","date_gmt":"2021-03-30T09:24:36","guid":{"rendered":"http:\/\/atg.md\/product\/h2142\/"},"modified":"2024-07-05T10:47:39","modified_gmt":"2024-07-05T10:47:39","slug":"h2142","status":"publish","type":"product","link":"https:\/\/atg.md\/ro\/catalog\/metizy\/bolty\/h2142\/","title":{"rendered":"H2142"},"content":{"rendered":"<p>Modele:<\/p>\n<p>Lexus GS F, URL10<br \/>\nLexus GS200t, ARL10, GRL12, GRL16<br \/>\nLexus GS250, GRL10, GRL11, GRL15, GWL10<br \/>\nLexus GS300, ARL10, GRS190, GRS191, GRS195, GRS196, URS190, UZS190<br \/>\nLexus GS350, GRL10, GRL11, GRL12, GRL15, GRL16, GRS190, GRS191, GRS195, GRS196, GWL10, URS190, UZS190<br \/>\nLexus GS430, GRS190, GRS191, GRS195, GRS196, URS190, UZS190<br \/>\nLexus GS450h, GRL10, GRL11, GRL15, GWL10, GWS191<br \/>\nLexus GS460, GRS190, GRS191, GRS195, GRS196, URS190, UZS190<br \/>\nLexus GX400, GRJ158, URJ150<br \/>\nLexus GX460, GRJ158, URJ150<br \/>\nLexus GX470, UZJ120<br \/>\nLexus IS F, USE20<br \/>\nLexus IS200d, GSE20, GSE21<br \/>\nLexus IS200t, ASE30, GSE30, GSE31, GSE35, GSE36, GSE37<br \/>\nLexus IS220d, GSE20<br \/>\nLexus IS250, ASE30, GSE20, GSE21, GSE22, GSE25, GSE26, GSE30, GSE31, GSE35, GSE36, GSE37<br \/>\nLexus IS250C, GSE20, GSE21, GSE22<br \/>\nLexus IS300, ASE30, GSE20, GSE22, GSE30, GSE31, GSE35, GSE36, GSE37<br \/>\nLexus IS300h, ASE30, GSE30, GSE31, GSE35<br \/>\nLexus IS350, ASE30, GSE20, GSE21, GSE25, GSE26, GSE30, GSE31, GSE35, GSE36, GSE37<br \/>\nLexus IS350C, GSE20, GSE21<br \/>\nLexus LC500, GWZ100<br \/>\nLexus LC500h, GWZ100<br \/>\nLexus LS430, UCF30<br \/>\nLexus LS460, USF40, USF41, USF45, USF46<br \/>\nLexus LS460L, USF40, USF41, USF45, USF46<br \/>\nLexus LS600h, UVF45, UVF46<br \/>\nLexus LS600hL, UVF45, UVF46<br \/>\nLexus LX450d, URJ201, URJ202, VDJ201<br \/>\nLexus LX460, URJ201, URJ202, VDJ201<br \/>\nLexus LX470, UZJ100<br \/>\nLexus LX570, URJ201, URJ201W, URJ202, VDJ201<br \/>\nLexus RC F, USC10<br \/>\nLexus RC200t, ASC10, GSC10, GSC15, GSC16<br \/>\nLexus RC300, ASC10, GSC10, GSC15, GSC16<br \/>\nLexus RC300h, ASC10, GSC10<br \/>\nLexus RC350, ASC10, GSC10, GSC15, GSC16<br \/>\nLexus SC430, UZZ40<br \/>\nToyota 4Runner, GRN210, GRN215, GRN280, GRN285, UZN210, UZN215<br \/>\nToyota Celsior, UCF30, UCF31<br \/>\nToyota Century, GZG50<br \/>\nToyota Crown Majesta, GRS180, GRS181, GRS182, GRS183, GRS184, URS206, UZS186, UZS187, UZS207<br \/>\nToyota Crown, ARS210, ARS212, GRS180, GRS181, GRS182, GRS183, GRS184, GRS188, GRS200, GRS201, GRS202, GRS203, GRS204, GRS208, GRS210, GRS211, GRS214, GRS218, GWS204, GWS214, UZS186, UZS187, UZS200<br \/>\nToyota FJ Cruiser, GSJ10, GSJ10W, GSJ15, GSJ15W<br \/>\nToyota Fortuner, GGN155, GGN165, GGN50, GGN60, GUN155, GUN156, GUN165, GUN166, KUN156, KUN51, KUN51L, KUN60, KUN60L, KUN61, KUN61L, TGN156, TGN166, TGN168<br \/>\nToyota Hiace, GDH201, GDH201K, GDH201V, TRH200, TRH200K, TRH200V, TRH201, TRH211, TRH211K, TRH214, TRH214W, TRH216, TRH216K, TRH219, TRH219W, TRH221, TRH221K, TRH223, TRH223B, TRH223L, TRH224, TRH224W, TRH226, TRH226K, TRH228, TRH228B, TRH229, TRH229W<br \/>\nToyota Hilux Surf, GRN215, GRN215W<br \/>\nToyota Hilux, GGN120, GGN125, GGN135, GGN15, GGN25, GGN35, GUN125, GUN126, GUN135, GUN136, KUN125, KUN126, KUN16, KUN26, KUN35, KUN36, TGN121, TGN126, TGN128, TGN136, TGN138<br \/>\nToyota Innova, GUN142, GUN143, TGN140, TGN141<br \/>\nToyota Land Cruiser Prado, GDJ150, GDJ150L, GDJ150W, GDJ151, GDJ151W, GDJ155, GRJ120, GRJ120W, GRJ121, GRJ121W, GRJ125, GRJ125W, GRJ150, GRJ150L, GRJ150W, GRJ151, GRJ151W, GRJ152, KDJ120, KDJ120W, KDJ125, KDJ125W, KDJ150, KDJ150L, KDJ155, TRJ150, TRJ150L, TRJ150W, TRJ152, TRJ155<br \/>\nToyota Land Cruiser, GRJ200, HDJ100, HDJ100L, HDJ101, HDJ101K, URJ200, URJ202, URJ202W, UZJ100, UZJ100L, UZJ100W, UZJ200, UZJ200W, VDJ200<br \/>\nToyota Mark X, GRX120, GRX121, GRX122, GRX125, GRX130, GRX131, GRX132, GRX133, GRX135<br \/>\nToyota Reiz, GRX121, GRX122<br \/>\nToyota Sequoia, UCK35, UCK45, UCK60, UCK60L, UCK65, UCK65L, UPK60, UPK60L, UPK65, UPK65L, USK60, USK65<br \/>\nToyota Soarer, UZZ40<br \/>\nToyota Tacoma, GRN245, GRN250, GRN265, GRN270, GRN305, GRN310, GRN325, GRN330, TRN245, TRN265<br \/>\nToyota Tundra, GSK30, GSK50, GSK51, UCK30, UCK31, UCK40, UCK41, UCK50, UCK51, UCK52, UCK55, UCK56, UCK57, UPK50, UPK51, UPK52, UPK55, UPK56, UPK57, USK50, USK51, USK52, USK55, USK56, USK57<\/p>","protected":false},"excerpt":{"rendered":"<p><b>OEM:<\/b> 90341-10029034110021<\/p>\n<p>Dimensiune F: 9,8<br \/>\nDimensiune H: 13,9<br \/>\nDimensiune T: 18,1<\/p>\n","protected":false},"featured_media":9831,"template":"","meta":[],"product_cat":[1243,1246],"product_tag":[],"bundled_by":[],"bundle_stock_status":"instock","bundle_stock_quantity":null,"bundle_virtual":false,"bundle_layout":"","bundle_add_to_cart_form_location":"","bundle_editable_in_cart":false,"bundle_sold_individually_context":"","bundle_item_grouping":"","bundle_min_size":"","bundle_max_size":"","bundled_items":[],"yoast_head":"<!-- This site is optimized with the Yoast SEO Premium plugin v16.6 (Yoast SEO v20.1) - https:\/\/yoast.com\/wordpress\/plugins\/seo\/ -->\n<title>H2142 - Metize, \u0218uruburi (bolt) - atg.md<\/title>\n<meta name=\"robots\" content=\"index, follow, max-snippet:-1, max-image-preview:large, max-video-preview:-1\" \/>\n<link rel=\"canonical\" href=\"https:\/\/atg.md\/ro\/catalog\/metizy\/bolty\/h2142\/\" \/>\n<meta property=\"og:locale\" content=\"ro_RO\" \/>\n<meta property=\"og:type\" content=\"article\" \/>\n<meta property=\"og:title\" content=\"H2142 - Metize, \u0218uruburi (bolt) - atg.md\" \/>\n<meta property=\"og:description\" content=\"OEM: 90341-10029034110021Dimensiune F: 9,8 Dimensiune H: 13,9 Dimensiune T: 18,1\" \/>\n<meta property=\"og:url\" content=\"https:\/\/atg.md\/ro\/wp-json\/wp\/v2\/product\/9830\" \/>\n<meta property=\"og:site_name\" content=\"atg.md\" \/>\n<meta property=\"article:modified_time\" content=\"2024-07-05T10:47:39+00:00\" \/>\n<meta property=\"og:image\" content=\"https:\/\/atg.md\/wp-content\/uploads\/2021\/03\/h2142.jpg\" \/>\n\t<meta property=\"og:image:width\" content=\"600\" \/>\n\t<meta property=\"og:image:height\" content=\"600\" \/>\n\t<meta property=\"og:image:type\" content=\"image\/jpeg\" \/>\n<meta name=\"twitter:card\" content=\"summary_large_image\" \/>\n<meta name=\"twitter:label1\" content=\"Pre\u021b\" \/>\n\t<meta name=\"twitter:data1\" content=\"22.00&nbsp;MDL\" \/>\n\t<meta name=\"twitter:label2\" content=\"Availability\" \/>\n\t<meta name=\"twitter:data2\" content=\"In stock\" \/>\n<script type=\"application\/ld+json\" class=\"yoast-schema-graph\">{\"@context\":\"https:\/\/schema.org\",\"@graph\":[{\"@type\":\"WebPage\",\"@id\":\"https:\/\/atg.md\/ro\/catalog\/metizy\/bolty\/h2142\/\",\"url\":\"https:\/\/atg.md\/ro\/catalog\/metizy\/bolty\/h2142\/\",\"name\":\"H2142 - Metize, \u0218uruburi (bolt) - atg.md\",\"isPartOf\":{\"@id\":\"https:\/\/atg.md\/ro\/#website\"},\"datePublished\":\"2021-03-30T09:24:36+00:00\",\"dateModified\":\"2024-07-05T10:47:39+00:00\",\"breadcrumb\":{\"@id\":\"https:\/\/atg.md\/ro\/catalog\/metizy\/bolty\/h2142\/#breadcrumb\"},\"inLanguage\":\"ro-RO\",\"potentialAction\":[{\"@type\":\"ReadAction\",\"target\":[[\"https:\/\/atg.md\/ro\/catalog\/metizy\/bolty\/h2142\/\"]]}]},{\"@type\":\"BreadcrumbList\",\"@id\":\"https:\/\/atg.md\/ro\/catalog\/metizy\/bolty\/h2142\/#breadcrumb\",\"itemListElement\":[{\"@type\":\"ListItem\",\"position\":1,\"name\":\"Home\",\"item\":\"https:\/\/atg.md\/ro\/\"},{\"@type\":\"ListItem\",\"position\":2,\"name\":\"\u041a\u0430\u0442\u0430\u043b\u043e\u0433\",\"item\":\"https:\/\/atg.md\/ro\/catalog\/\"},{\"@type\":\"ListItem\",\"position\":3,\"name\":\"H2142\"}]},{\"@type\":\"WebSite\",\"@id\":\"https:\/\/atg.md\/ro\/#website\",\"url\":\"https:\/\/atg.md\/ro\/\",\"name\":\"atg.md\",\"description\":\"V\u00e2nzare de izola\u021bii \u00eempotriva vibra\u021biilor pentru ma\u0219ini, izola\u021bie termic\u0103, izolare fonic\u0103 de la cei mai buni produc\u0103tori, autoclipsuri, elemente de fixare auto. Cump\u0103ra\u021bi \u00een Moldova, Chi\u0219in\u0103u\",\"publisher\":{\"@id\":\"https:\/\/atg.md\/ro\/#organization\"},\"potentialAction\":[{\"@type\":\"SearchAction\",\"target\":{\"@type\":\"EntryPoint\",\"urlTemplate\":\"https:\/\/atg.md\/ro\/?s={search_term_string}\"},\"query-input\":\"required name=search_term_string\"}],\"inLanguage\":\"ro-RO\"},{\"@type\":[\"Organization\",\"Place\",\"AutoPartsStore\"],\"@id\":\"https:\/\/atg.md\/ro\/#organization\",\"name\":\"S.C. AUTOTOM GRUP S.R.L.\",\"url\":\"https:\/\/atg.md\/ro\/\",\"logo\":{\"@type\":\"ImageObject\",\"inLanguage\":\"ro-RO\",\"@id\":\"https:\/\/atg.md\/ro\/#\/schema\/logo\/image\/\",\"url\":\"https:\/\/i2.wp.com\/atg.md\/wp-content\/uploads\/2021\/05\/atg_logo_main.png?fit=656%2C569&ssl=1\",\"contentUrl\":\"https:\/\/i2.wp.com\/atg.md\/wp-content\/uploads\/2021\/05\/atg_logo_main.png?fit=656%2C569&ssl=1\",\"width\":656,\"height\":569,\"caption\":\"S.C. AUTOTOM GRUP S.R.L.\"},\"image\":{\"@id\":\"https:\/\/atg.md\/ro\/#\/schema\/logo\/image\/\"},\"location\":{\"@id\":\"https:\/\/atg.md\/ro\/catalog\/metizy\/bolty\/h2142\/#local-place\"},\"address\":{\"@id\":\"https:\/\/atg.md\/ro\/catalog\/metizy\/bolty\/h2142\/#local-place-address\"},\"email\":\"atgtvv@gmail.com\",\"telephone\":\"+37369644446\",\"areaServed\":\"Moldova\"},{\"@type\":\"Place\",\"@id\":\"https:\/\/atg.md\/ro\/catalog\/metizy\/bolty\/h2142\/#local-place\",\"address\":{\"@type\":\"PostalAddress\",\"@id\":\"https:\/\/atg.md\/ro\/catalog\/metizy\/bolty\/h2142\/#local-place-address\",\"streetAddress\":\"str. Alba-Iulia 77\/20\",\"addressLocality\":\"Chisinau\",\"postalCode\":\"2043\",\"addressRegion\":\"mun. Chisinau\",\"addressCountry\":\"MD\"},\"geo\":{\"@type\":\"GeoCoordinates\",\"latitude\":\"47.0376\",\"longitude\":\"28.76899\"},\"openingHoursSpecification\":[{\"@type\":\"OpeningHoursSpecification\",\"dayOfWeek\":[\"Monday\",\"Tuesday\",\"Wednesday\",\"Thursday\",\"Friday\"],\"opens\":\"09:00\",\"closes\":\"18:00\"},{\"@type\":\"OpeningHoursSpecification\",\"dayOfWeek\":[\"Saturday\"],\"opens\":\"09:00\",\"closes\":\"14:00\"},{\"@type\":\"OpeningHoursSpecification\",\"dayOfWeek\":[\"Sunday\"],\"opens\":\"00:00\",\"closes\":\"00:00\"}],\"telephone\":\"+37369644446\"}]}<\/script>\n<meta name=\"geo.placename\" content=\"Chisinau\" \/>\n<meta name=\"geo.position\" content=\"47.0376;28.76899\" \/>\n<meta name=\"geo.region\" content=\"Moldova\" \/>\n<!-- \/ Yoast SEO Premium plugin. -->","yoast_head_json":{"title":"H2142 - Metize, \u0218uruburi (bolt) - atg.md","robots":{"index":"index","follow":"follow","max-snippet":"max-snippet:-1","max-image-preview":"max-image-preview:large","max-video-preview":"max-video-preview:-1"},"canonical":"https:\/\/atg.md\/ro\/catalog\/metizy\/bolty\/h2142\/","og_locale":"ro_RO","og_type":"article","og_title":"H2142 - Metize, \u0218uruburi (bolt) - atg.md","og_description":"OEM: 90341-10029034110021Dimensiune F: 9,8 Dimensiune H: 13,9 Dimensiune T: 18,1","og_url":"https:\/\/atg.md\/ro\/wp-json\/wp\/v2\/product\/9830","og_site_name":"atg.md","article_modified_time":"2024-07-05T10:47:39+00:00","og_image":[{"width":600,"height":600,"url":"https:\/\/atg.md\/wp-content\/uploads\/2021\/03\/h2142.jpg","type":"image\/jpeg"}],"twitter_card":"summary_large_image","twitter_misc":{"Pre\u021b":"22.00&nbsp;MDL","Availability":"In stock"},"schema":{"@context":"https:\/\/schema.org","@graph":[{"@type":"WebPage","@id":"https:\/\/atg.md\/ro\/catalog\/metizy\/bolty\/h2142\/","url":"https:\/\/atg.md\/ro\/catalog\/metizy\/bolty\/h2142\/","name":"H2142 - Metize, \u0218uruburi (bolt) - atg.md","isPartOf":{"@id":"https:\/\/atg.md\/ro\/#website"},"datePublished":"2021-03-30T09:24:36+00:00","dateModified":"2024-07-05T10:47:39+00:00","breadcrumb":{"@id":"https:\/\/atg.md\/ro\/catalog\/metizy\/bolty\/h2142\/#breadcrumb"},"inLanguage":"ro-RO","potentialAction":[{"@type":"ReadAction","target":[["https:\/\/atg.md\/ro\/catalog\/metizy\/bolty\/h2142\/"]]}]},{"@type":"BreadcrumbList","@id":"https:\/\/atg.md\/ro\/catalog\/metizy\/bolty\/h2142\/#breadcrumb","itemListElement":[{"@type":"ListItem","position":1,"name":"Home","item":"https:\/\/atg.md\/ro\/"},{"@type":"ListItem","position":2,"name":"\u041a\u0430\u0442\u0430\u043b\u043e\u0433","item":"https:\/\/atg.md\/ro\/catalog\/"},{"@type":"ListItem","position":3,"name":"H2142"}]},{"@type":"WebSite","@id":"https:\/\/atg.md\/ro\/#website","url":"https:\/\/atg.md\/ro\/","name":"atg.md","description":"V\u00e2nzare de izola\u021bii \u00eempotriva vibra\u021biilor pentru ma\u0219ini, izola\u021bie termic\u0103, izolare fonic\u0103 de la cei mai buni produc\u0103tori, autoclipsuri, elemente de fixare auto. Cump\u0103ra\u021bi \u00een Moldova, Chi\u0219in\u0103u","publisher":{"@id":"https:\/\/atg.md\/ro\/#organization"},"potentialAction":[{"@type":"SearchAction","target":{"@type":"EntryPoint","urlTemplate":"https:\/\/atg.md\/ro\/?s={search_term_string}"},"query-input":"required name=search_term_string"}],"inLanguage":"ro-RO"},{"@type":["Organization","Place","AutoPartsStore"],"@id":"https:\/\/atg.md\/ro\/#organization","name":"S.C. AUTOTOM GRUP S.R.L.","url":"https:\/\/atg.md\/ro\/","logo":{"@type":"ImageObject","inLanguage":"ro-RO","@id":"https:\/\/atg.md\/ro\/#\/schema\/logo\/image\/","url":"https:\/\/i2.wp.com\/atg.md\/wp-content\/uploads\/2021\/05\/atg_logo_main.png?fit=656%2C569&ssl=1","contentUrl":"https:\/\/i2.wp.com\/atg.md\/wp-content\/uploads\/2021\/05\/atg_logo_main.png?fit=656%2C569&ssl=1","width":656,"height":569,"caption":"S.C. AUTOTOM GRUP S.R.L."},"image":{"@id":"https:\/\/atg.md\/ro\/#\/schema\/logo\/image\/"},"location":{"@id":"https:\/\/atg.md\/ro\/catalog\/metizy\/bolty\/h2142\/#local-place"},"address":{"@id":"https:\/\/atg.md\/ro\/catalog\/metizy\/bolty\/h2142\/#local-place-address"},"email":"atgtvv@gmail.com","telephone":"+37369644446","areaServed":"Moldova"},{"@type":"Place","@id":"https:\/\/atg.md\/ro\/catalog\/metizy\/bolty\/h2142\/#local-place","address":{"@type":"PostalAddress","@id":"https:\/\/atg.md\/ro\/catalog\/metizy\/bolty\/h2142\/#local-place-address","streetAddress":"str. Alba-Iulia 77\/20","addressLocality":"Chisinau","postalCode":"2043","addressRegion":"mun. Chisinau","addressCountry":"MD"},"geo":{"@type":"GeoCoordinates","latitude":"47.0376","longitude":"28.76899"},"openingHoursSpecification":[{"@type":"OpeningHoursSpecification","dayOfWeek":["Monday","Tuesday","Wednesday","Thursday","Friday"],"opens":"09:00","closes":"18:00"},{"@type":"OpeningHoursSpecification","dayOfWeek":["Saturday"],"opens":"09:00","closes":"14:00"},{"@type":"OpeningHoursSpecification","dayOfWeek":["Sunday"],"opens":"00:00","closes":"00:00"}],"telephone":"+37369644446"}]}},"_links":{"self":[{"href":"https:\/\/atg.md\/ro\/wp-json\/wp\/v2\/product\/9830"}],"collection":[{"href":"https:\/\/atg.md\/ro\/wp-json\/wp\/v2\/product"}],"about":[{"href":"https:\/\/atg.md\/ro\/wp-json\/wp\/v2\/types\/product"}],"wp:featuredmedia":[{"embeddable":true,"href":"https:\/\/atg.md\/ro\/wp-json\/wp\/v2\/media\/9831"}],"wp:attachment":[{"href":"https:\/\/atg.md\/ro\/wp-json\/wp\/v2\/media?parent=9830"}],"wp:term":[{"taxonomy":"product_cat","embeddable":true,"href":"https:\/\/atg.md\/ro\/wp-json\/wp\/v2\/product_cat?post=9830"},{"taxonomy":"product_tag","embeddable":true,"href":"https:\/\/atg.md\/ro\/wp-json\/wp\/v2\/product_tag?post=9830"}],"curies":[{"name":"wp","href":"https:\/\/api.w.org\/{rel}","templated":true}]}}