{"id":9828,"date":"2021-03-30T09:24:36","date_gmt":"2021-03-30T09:24:36","guid":{"rendered":"http:\/\/atg.md\/product\/h2141\/"},"modified":"2024-07-05T10:47:39","modified_gmt":"2024-07-05T10:47:39","slug":"h2141","status":"publish","type":"product","link":"https:\/\/atg.md\/ro\/catalog\/metizy\/bolty\/h2141\/","title":{"rendered":"H2141"},"content":{"rendered":"<p>Modele:<\/p>\n<p>Lexus GS F, URL10<br \/>\nLexus GS200t, ARL10, GRL12, GRL16<br \/>\nLexus GS250, AWL10, GRL10, GRL11, GRL15, GWL10<br \/>\nLexus GS300, ARL10, GRS190, GRS191, GRS195, GRS196, JZS147, JZS160, URS190, UZS160, UZS161, UZS190<br \/>\nLexus GS300h, AWL10<br \/>\nLexus GS350, AWL10, GRL10, GRL11, GRL12, GRL15, GRL16, GRS190, GRS191, GRS195, GRS196, GWL10, URS190, UZS190<br \/>\nLexus GS400, JZS160, UZS160, UZS161<br \/>\nLexus GS430, GRS190, GRS191, GRS195, GRS196, JZS160, URS190, UZS160, UZS161, UZS190<br \/>\nLexus GS450h, AWL10, GRL10, GRL11, GRL15, GWL10, GWS191<br \/>\nLexus GS460, GRS190, GRS191, GRS195, GRS196, URS190, UZS190<br \/>\nLexus GX400, GRJ158, URJ150<br \/>\nLexus GX460, GRJ158, URJ150<br \/>\nLexus GX470, UZJ120<br \/>\nLexus IS F, USE20<br \/>\nLexus IS200, GXE10, JCE10<br \/>\nLexus IS200d, GSE20, GSE21<br \/>\nLexus IS200t, ASE30, AVE30, AVE35, GSE30, GSE31, GSE35, GSE36, GSE37<br \/>\nLexus IS220d, GSE20<br \/>\nLexus IS250, ASE30, AVE30, AVE35, GSE20, GSE21, GSE22, GSE25, GSE26, GSE30, GSE31, GSE35, GSE36, GSE37<br \/>\nLexus IS250C, GSE20, GSE21, GSE22<br \/>\nLexus IS300, ASE30, AVE30, AVE35, GSE20, GSE22, GSE30, GSE31, GSE35, GSE36, GSE37, GXE10, JCE10<br \/>\nLexus IS300h, ASE30, AVE30, GSE30, GSE31, GSE35<br \/>\nLexus IS350, ASE30, AVE30, AVE35, GSE20, GSE21, GSE25, GSE26, GSE30, GSE31, GSE35, GSE36, GSE37<br \/>\nLexus IS350C, GSE20, GSE21<br \/>\nLexus LC500, GWZ100<br \/>\nLexus LC500h, GWZ100<br \/>\nLexus LS400, UCF10, UCF20<br \/>\nLexus LS430, UCF30<br \/>\nLexus LS460, USF40, USF41, USF45, USF46<br \/>\nLexus LS460L, USF40, USF41, USF45, USF46<br \/>\nLexus LS600h, UVF45, UVF46<br \/>\nLexus LS600hL, UVF45, UVF46<br \/>\nLexus LX450, FZJ80<br \/>\nLexus LX450d, URJ201, URJ202, VDJ201<br \/>\nLexus LX460, URJ201, URJ202, VDJ201<br \/>\nLexus LX470, UZJ100<br \/>\nLexus LX570, URJ201, URJ201W, URJ202, VDJ201<br \/>\nLexus RC F, USC10<br \/>\nLexus RC200t, ASC10, AVC10, GSC10, GSC15, GSC16<br \/>\nLexus RC300, ASC10, AVC10, GSC10, GSC15, GSC16<br \/>\nLexus RC300h, ASC10, AVC10, GSC10<br \/>\nLexus RC350, ASC10, AVC10, GSC10, GSC15, GSC16<br \/>\nLexus SC300, JZZ31, UZZ30<br \/>\nLexus SC400, JZZ31, UZZ30<br \/>\nLexus SC430, UZZ40<br \/>\nToyota 4Runner, GRN210, GRN215, GRN280, GRN285, KZN215, RN101, RN106, RN110, RN120, RN121, RN130, RN131, RN50, RN55, RN60, RN61, RN65, RN66, RN70, RN75, RN80, RN85, RN90, RZN180, RZN185, TRN280, UZN210, UZN215, VZN105, VZN110, VZN120, VZN130, VZN131, VZN180, VZN185, VZN61, VZN66, VZN85, VZN90, VZN95, YN130<br \/>\nToyota Altezza, GXE10, GXE10W, GXE15, GXE15W, JCE10, JCE10W, JCE15, JCE15W, SXE10<br \/>\nToyota Aristo, JZS147, JZS147E, JZS160, JZS161, UZS143, UZS143E<br \/>\nToyota Avensis, AT221, AZT255, AZT255W, ST220, ST220L, ZZT221<br \/>\nToyota Belta, NCP96<br \/>\nToyota Brevis, JCG10, JCG11, JCG15<br \/>\nToyota Caldina, AT191, AT191G, AT211, AT211G, AZT241, AZT241W, AZT246, AZT246W, CT190, CT190G, CT196, CT196V, CT197, CT197V, CT216, CT216G, ST190, ST190G, ST191, ST191G, ST210, ST210G, ST215, ST215G, ST215W, ST246, ST246W, ZZT241, ZZT241W<br \/>\nToyota Carina E, AT190, AT190L, AT191, AT191L, ST191, ST191L<br \/>\nToyota Carina II, AT151, AT171, AT177, ST150, ST151<br \/>\nToyota Carina, AA60, AT150, AT151, AT160, AT170, AT170G, AT171, AT175, AT177, AT190, AT191, AT192, AT210, AT211, AT212, CA60, CT150, CT170, CT170G, CT176, CT190, CT210, CT211, CT216, KA67, SA60, SA60G, ST150, ST151, ST190, ST215, TA40, TA47, TA60, TA62, TA63, TA67, TA67V<br \/>\nToyota Celica, AT160, AT180, AT200, GA61, MA46, MA61, MA63, RA40, RA42, RA43, RA60, RA61, RA64, RA65, SA60, SA63, ST182, ST183, ST183C, ST184, ST202, ST202C, TA40, TA60, TA63<br \/>\nToyota Celsior, UCF10, UCF11, UCF20, UCF21, UCF30, UCF31<br \/>\nToyota Century, GZG50, VG35, VG40, VG45<br \/>\nToyota Chaser, GX100, GX105, GX60, GX61, GX71, GX81, GX90, JZX100, JZX101, JZX105, JZX81, JZX90, JZX91, JZX93, LX100, LX60, LX65, LX70, LX80, LX90, MX61, MX71, MX83, RX60, SX100, SX60, SX70, SX80, SX90, TX60, YX80<br \/>\nToyota Comfort, YXS10<br \/>\nToyota Corolla Axio, NZE120, NZE170, ZZE121, ZZE122<br \/>\nToyota Corolla Ceres, AE100, AE101<br \/>\nToyota Corolla FX, AE82<br \/>\nToyota Corolla Fielder, NZE120<br \/>\nToyota Corolla II, EL31, EL43, EL45, EL53, EL55, NL30, NL40, NL50<br \/>\nToyota Corolla Levin, AE100, AE101, AE110, AE111, AE85, AE86, AE91, AE92<br \/>\nToyota Corolla Spacio, AE111, AE111N, AE115, AE115N<br \/>\nToyota Corolla, AE100, AE100G, AE101, AE101G, AE102, AE104, AE104G, AE109, AE109V, AE110, AE111, AE112, AE114, AE70, AE71, AE81, AE82, AE86, AE91, AE91G, AE92, AE95, CE100, CE100G, CE101, CE101G, CE102, CE102G, CE106, CE106V, CE107, CE107V, CE108, CE108G, CE110, CE113, CE70, CE71, CE71V, CE80, CE90, CE96, CE96V, CE97, CE97G, KE70, KE74, NZE120, TE70, TE71, TE72, TE73, TE73V, TE74, TE74V, ZZE110, ZZE112, ZZE121, ZZE121L, ZZE122, ZZE130, ZZE132<br \/>\nToyota Corona, AT140, AT150, AT151, AT160, AT170, AT171, AT175, AT177, AT190, AT210, AT211, AT220, CT140, CT150, CT170, CT176, CT176V, CT190, CT210, CT211, CT216, KT147, RT132, RT133, RT134, RT135, RT142, ST140, ST141, ST150, ST151, ST190, ST191, ST210, ST215, ST220, TT132, TT141, TT142, TT147, YT140<br \/>\nToyota Corsa, EL31, EL43, EL45, EL53, EL55, NL30, NL40, NL50<br \/>\nToyota Cressida, GX60, GX61, GX71, GX81, LX60, LX70, LX71, LX80, MX32, MX36, MX62, MX63, MX72, MX73, MX75, MX81, MX83, RX30, RX35, RX60, RX62, RX70, RX72, RX73, RX80, RX81, TX10, TX30, TX62<br \/>\nToyota Cresta, GX100, GX105, GX50, GX51, GX61, GX71, GX81, GX90, JZX100, JZX101, JZX105, JZX81, JZX90, JZX91, JZX93, LX100, LX60, LX70, LX80, LX90, MX51, MX61, MX71, MX83, SX60, SX70, SX80, SX90, TX50, YX80<br \/>\nToyota Crown Majesta, GRS180, GRS181, GRS182, GRS183, GRS184, GS141, GS151, GS171, JKS175, JZS141, JZS143, JZS145, JZS147, JZS149, JZS151, JZS153, JZS155, JZS157, JZS171, JZS173, JZS175, JZS177, JZS179, LS141, LS151, URS206, UZS141, UZS143, UZS145, UZS147, UZS151, UZS155, UZS157, UZS171, UZS173, UZS175, UZS186, UZS187, UZS207<br \/>\nToyota Crown, ARS210, ARS212, AWS210, AWS211, AWS215, GBS12, GRS180, GRS181, GRS182, GRS183, GRS184, GRS188, GRS200, GRS201, GRS202, GRS203, GRS204, GRS208, GRS210, GRS211, GRS214, GRS218, GS110, GS120, GS120G, GS121, GS130, GS130G, GS130W, GS131, GS131H, GS136, GS141, GS151, GS151H, GS171, GS171W, GWS204, GWS214, GXS10, GXS12, JKS175, JZS130, JZS130G, JZS131, JZS133, JZS135, JZS141, JZS143, JZS145, JZS147, JZS149, JZS151, JZS153, JZS155, JZS157, JZS171, JZS171W, JZS173, JZS173W, JZS175, JZS175W, JZS177, JZS179, LS110, LS111, LS117, LS120, LS120G, LS126, LS126V, LS130, LS130G, LS130W, LS131, LS131H, LS136, LS141, LS151, LS151H, LXS11, MS110, MS111, MS112, MS120, MS122, MS123, MS125, MS130, MS132, MS133, MS135, MS137, MS137X, SXS11, SXS13, TSS10, TSS10H, TSS11, TSS13, UZS131, UZS141, UZS143, UZS145, UZS147, UZS151, UZS155, UZS157, UZS171, UZS173, UZS175, UZS186, UZS187, UZS200, YS130, YXS10, YXS10H, YXS11<br \/>\nToyota Cynos, EL44, EL54, EL54C<br \/>\nToyota Deliboy, CXC10, KXC10<br \/>\nToyota Dyna, KDY220, KDY221, KDY230, KDY231, KDY280, KDY281, LH80, LY101, LY102, LY111, LY112, LY161, LY162, LY220, LY230, LY280, RZY220, RZY230, TRY220, TRY230, YY211, YY61<br \/>\nToyota Echo Verso, NCP20<br \/>\nToyota Echo, NCP10, NCP11, NCP20, SCP10<br \/>\nToyota Estima Emina, CXR10, CXR10G, CXR11, CXR11G, CXR20, CXR20G, CXR21, CXR21G, TCR10, TCR10G, TCR11, TCR11G, TCR20, TCR20G, TCR21, TCR21G<br \/>\nToyota Estima Lucida, CXR10, CXR10G, CXR11, CXR11G, CXR20, CXR20G, CXR21, CXR21G, TCR10, TCR10G, TCR11, TCR11G, TCR20, TCR20G, TCR21, TCR21G<br \/>\nToyota Estima, TCR10, TCR10W, TCR11, TCR11W, TCR20, TCR20W, TCR21, TCR21W<br \/>\nToyota Etios, NGK11, NGK12, NGK15<br \/>\nToyota FJ Cruiser, GSJ10, GSJ10W, GSJ15, GSJ15W<br \/>\nToyota Fortuner, GGN155, GGN165, GGN50, GGN60, GUN155, GUN156, GUN165, GUN166, KUN156, KUN50, KUN51, KUN51L, KUN60, KUN60L, KUN61, KUN61L, TGN156, TGN166, TGN168, TGN51, TGN51L, TGN61, TGN61L<br \/>\nToyota Funcargo, NCP20<br \/>\nToyota Gaia, ACM10, ACM10G, ACM15, ACM15G, CXM10, CXM10G, SXM10, SXM10G, SXM15, SXM15G<br \/>\nToyota Grand Hiace, KCH10, KCH10W, KCH12, KCH16, KCH16W, RCH11, VCH10, VCH10W, VCH16, VCH16W, VCH22, VCH28<br \/>\nToyota Granvia, KCH10, KCH10W, KCH12, KCH16, KCH16W, RCH11, RCH11W, VCH10, VCH10W, VCH16, VCH16W, VCH22, VCH28<br \/>\nToyota Hiace, GDH201, GDH201K, GDH201V, KDH200, KDH200K, KDH200V, KDH201, KDH201K, KDH201V, KDH202, KDH202L, KDH205, KDH205V, KDH206, KDH206K, KDH206V, KDH211, KDH211K, KDH212, KDH212L, KDH213, KDH220, KDH220K, KDH221, KDH221K, KDH222, KDH222B, KDH222L, KDH223, KDH223B, KDH223L, KDH225, KDH225K, KDH227, KDH227B, KLH12, KLH22, KZH100, KZH100G, KZH106, KZH106G, KZH106W, KZH110, KZH110G, KZH116, KZH116G, KZH120, KZH120G, KZH132, KZH132V, KZH138, KZH138V, LH100, LH100G, LH102, LH102V, LH103, LH103V, LH107, LH107G, LH107W, LH112, LH113, LH113K, LH113V, LH119, LH119V, LH120, LH120G, LH123, LH123V, LH125, LH129, LH129V, LH162, LH162V, LH172, LH172K, LH172V, LH178, LH178V, LH182, LH182K, LH184, LH186, LH188, LH188K, LH50, LH50B, LH50G, LH50V, LH51, LH51B, LH51G, LH51V, LH61, LH61B, LH61G, LH61V, LH61VH, LH80, LH90, LXH12, LXH22, LY101, LY111, RCH12, RCH13, RZH100, RZH100G, RZH101, RZH101G, RZH102, RZH102V, RZH103, RZH111, RZH111G, RZH112, RZH112K, RZH112V, RZH113, RZH114, RZH124, RZH125, RZH133, RZH183, RZH183K, TRH102, TRH102V, TRH112, TRH112K, TRH112V, TRH122, TRH122K, TRH124, TRH124B, TRH200, TRH200K, TRH200V, TRH201, TRH203, TRH203L, TRH211, TRH211K, TRH213, TRH213L, TRH214, TRH214W, TRH216, TRH216K, TRH219, TRH219W, TRH221, TRH221K, TRH223, TRH223B, TRH223L, TRH224, TRH224W, TRH226, TRH226K, TRH228, TRH228B, TRH229, TRH229W, YH50, YH50B, YH50V, YH51, YH51B, YH51G, YH51V, YH53, YH53V, YH61, YH61B, YH61G, YH61V, YH61VH, YH63, YH63B, YH63V<br \/>\nToyota Hilux Pick Up, RN34, RN44<br \/>\nToyota Hilux Surf, GRN215, GRN215W, KDN185, KDN185W, KDN215, KDN215W, KZN185, KZN185G, KZN185W, RZN180, RZN180W, RZN185, RZN185W, RZN210, RZN210W, RZN215, RZN215W, TRN210, TRN210W, TRN215, TRN215W, VZN180, VZN180W, VZN185, VZN185W, VZN210, VZN210W, VZN215, VZN215W<br \/>\nToyota Hilux, GGN120, GGN125, GGN135, GGN15, GGN25, GGN35, GUN125, GUN126, GUN135, GUN136, KDN166, KDN190, KUN125, KUN126, KUN15, KUN16, KUN25, KUN26, KUN35, KUN36, KZN130, LN108, LN112, LN130, LN152, LN165, LN170, LN190, LN56, LN85, LN86, LN90, RN85, RN90, RZN147, RZN149, RZN152, RZN154, RZN169, RZN174, TGN121, TGN126, TGN128, TGN136, TGN138, TGN16, TGN26, TGN36, VZN130, VZN167, VZN172, YN130, YN57, YN58, YN61G, YN63, YN86<br \/>\nToyota Innova, GUN142, GU<\/p>","protected":false},"excerpt":{"rendered":"<p><b>OEM:<\/b> 90341-10019034110011<\/p>\n<p>Dimensiune F: 9,8<br \/>\nDimensiune H: 15,1<br \/>\nDimensiune T: 14<\/p>\n","protected":false},"featured_media":9829,"template":"","meta":[],"product_cat":[1243,1246],"product_tag":[],"bundled_by":[],"bundle_stock_status":"instock","bundle_stock_quantity":null,"bundle_virtual":false,"bundle_layout":"","bundle_add_to_cart_form_location":"","bundle_editable_in_cart":false,"bundle_sold_individually_context":"","bundle_item_grouping":"","bundle_min_size":"","bundle_max_size":"","bundled_items":[],"yoast_head":"<!-- This site is optimized with the Yoast SEO Premium plugin v16.6 (Yoast SEO v20.1) - https:\/\/yoast.com\/wordpress\/plugins\/seo\/ -->\n<title>H2141 - Metize, \u0218uruburi (bolt) - atg.md<\/title>\n<meta name=\"robots\" content=\"index, follow, max-snippet:-1, max-image-preview:large, max-video-preview:-1\" \/>\n<link rel=\"canonical\" href=\"https:\/\/atg.md\/ro\/catalog\/metizy\/bolty\/h2141\/\" \/>\n<meta property=\"og:locale\" content=\"ro_RO\" \/>\n<meta property=\"og:type\" content=\"article\" \/>\n<meta property=\"og:title\" content=\"H2141 - Metize, \u0218uruburi (bolt) - atg.md\" \/>\n<meta property=\"og:description\" content=\"OEM: 90341-10019034110011Dimensiune F: 9,8 Dimensiune H: 15,1 Dimensiune T: 14\" \/>\n<meta property=\"og:url\" content=\"https:\/\/atg.md\/ro\/wp-json\/wp\/v2\/product\/9828\" \/>\n<meta property=\"og:site_name\" content=\"atg.md\" \/>\n<meta property=\"article:modified_time\" content=\"2024-07-05T10:47:39+00:00\" \/>\n<meta property=\"og:image\" content=\"https:\/\/atg.md\/wp-content\/uploads\/2021\/03\/h2141.jpg\" \/>\n\t<meta property=\"og:image:width\" content=\"600\" \/>\n\t<meta property=\"og:image:height\" content=\"600\" \/>\n\t<meta property=\"og:image:type\" content=\"image\/jpeg\" \/>\n<meta name=\"twitter:card\" content=\"summary_large_image\" \/>\n<meta name=\"twitter:label1\" content=\"Pre\u021b\" \/>\n\t<meta name=\"twitter:data1\" content=\"22.00&nbsp;MDL\" \/>\n\t<meta name=\"twitter:label2\" content=\"Availability\" \/>\n\t<meta name=\"twitter:data2\" content=\"In stock\" \/>\n<script type=\"application\/ld+json\" class=\"yoast-schema-graph\">{\"@context\":\"https:\/\/schema.org\",\"@graph\":[{\"@type\":\"WebPage\",\"@id\":\"https:\/\/atg.md\/ro\/catalog\/metizy\/bolty\/h2141\/\",\"url\":\"https:\/\/atg.md\/ro\/catalog\/metizy\/bolty\/h2141\/\",\"name\":\"H2141 - Metize, \u0218uruburi (bolt) - atg.md\",\"isPartOf\":{\"@id\":\"https:\/\/atg.md\/ro\/#website\"},\"datePublished\":\"2021-03-30T09:24:36+00:00\",\"dateModified\":\"2024-07-05T10:47:39+00:00\",\"breadcrumb\":{\"@id\":\"https:\/\/atg.md\/ro\/catalog\/metizy\/bolty\/h2141\/#breadcrumb\"},\"inLanguage\":\"ro-RO\",\"potentialAction\":[{\"@type\":\"ReadAction\",\"target\":[[\"https:\/\/atg.md\/ro\/catalog\/metizy\/bolty\/h2141\/\"]]}]},{\"@type\":\"BreadcrumbList\",\"@id\":\"https:\/\/atg.md\/ro\/catalog\/metizy\/bolty\/h2141\/#breadcrumb\",\"itemListElement\":[{\"@type\":\"ListItem\",\"position\":1,\"name\":\"Home\",\"item\":\"https:\/\/atg.md\/ro\/\"},{\"@type\":\"ListItem\",\"position\":2,\"name\":\"\u041a\u0430\u0442\u0430\u043b\u043e\u0433\",\"item\":\"https:\/\/atg.md\/ro\/catalog\/\"},{\"@type\":\"ListItem\",\"position\":3,\"name\":\"H2141\"}]},{\"@type\":\"WebSite\",\"@id\":\"https:\/\/atg.md\/ro\/#website\",\"url\":\"https:\/\/atg.md\/ro\/\",\"name\":\"atg.md\",\"description\":\"V\u00e2nzare de izola\u021bii \u00eempotriva vibra\u021biilor pentru ma\u0219ini, izola\u021bie termic\u0103, izolare fonic\u0103 de la cei mai buni produc\u0103tori, autoclipsuri, elemente de fixare auto. Cump\u0103ra\u021bi \u00een Moldova, Chi\u0219in\u0103u\",\"publisher\":{\"@id\":\"https:\/\/atg.md\/ro\/#organization\"},\"potentialAction\":[{\"@type\":\"SearchAction\",\"target\":{\"@type\":\"EntryPoint\",\"urlTemplate\":\"https:\/\/atg.md\/ro\/?s={search_term_string}\"},\"query-input\":\"required name=search_term_string\"}],\"inLanguage\":\"ro-RO\"},{\"@type\":[\"Organization\",\"Place\",\"AutoPartsStore\"],\"@id\":\"https:\/\/atg.md\/ro\/#organization\",\"name\":\"S.C. AUTOTOM GRUP S.R.L.\",\"url\":\"https:\/\/atg.md\/ro\/\",\"logo\":{\"@type\":\"ImageObject\",\"inLanguage\":\"ro-RO\",\"@id\":\"https:\/\/atg.md\/ro\/#\/schema\/logo\/image\/\",\"url\":\"https:\/\/i2.wp.com\/atg.md\/wp-content\/uploads\/2021\/05\/atg_logo_main.png?fit=656%2C569&ssl=1\",\"contentUrl\":\"https:\/\/i2.wp.com\/atg.md\/wp-content\/uploads\/2021\/05\/atg_logo_main.png?fit=656%2C569&ssl=1\",\"width\":656,\"height\":569,\"caption\":\"S.C. AUTOTOM GRUP S.R.L.\"},\"image\":{\"@id\":\"https:\/\/atg.md\/ro\/#\/schema\/logo\/image\/\"},\"location\":{\"@id\":\"https:\/\/atg.md\/ro\/catalog\/metizy\/bolty\/h2141\/#local-place\"},\"address\":{\"@id\":\"https:\/\/atg.md\/ro\/catalog\/metizy\/bolty\/h2141\/#local-place-address\"},\"email\":\"atgtvv@gmail.com\",\"telephone\":\"+37369644446\",\"areaServed\":\"Moldova\"},{\"@type\":\"Place\",\"@id\":\"https:\/\/atg.md\/ro\/catalog\/metizy\/bolty\/h2141\/#local-place\",\"address\":{\"@type\":\"PostalAddress\",\"@id\":\"https:\/\/atg.md\/ro\/catalog\/metizy\/bolty\/h2141\/#local-place-address\",\"streetAddress\":\"str. Alba-Iulia 77\/20\",\"addressLocality\":\"Chisinau\",\"postalCode\":\"2043\",\"addressRegion\":\"mun. Chisinau\",\"addressCountry\":\"MD\"},\"geo\":{\"@type\":\"GeoCoordinates\",\"latitude\":\"47.0376\",\"longitude\":\"28.76899\"},\"openingHoursSpecification\":[{\"@type\":\"OpeningHoursSpecification\",\"dayOfWeek\":[\"Monday\",\"Tuesday\",\"Wednesday\",\"Thursday\",\"Friday\"],\"opens\":\"09:00\",\"closes\":\"18:00\"},{\"@type\":\"OpeningHoursSpecification\",\"dayOfWeek\":[\"Saturday\"],\"opens\":\"09:00\",\"closes\":\"14:00\"},{\"@type\":\"OpeningHoursSpecification\",\"dayOfWeek\":[\"Sunday\"],\"opens\":\"00:00\",\"closes\":\"00:00\"}],\"telephone\":\"+37369644446\"}]}<\/script>\n<meta name=\"geo.placename\" content=\"Chisinau\" \/>\n<meta name=\"geo.position\" content=\"47.0376;28.76899\" \/>\n<meta name=\"geo.region\" content=\"Moldova\" \/>\n<!-- \/ Yoast SEO Premium plugin. -->","yoast_head_json":{"title":"H2141 - Metize, \u0218uruburi (bolt) - atg.md","robots":{"index":"index","follow":"follow","max-snippet":"max-snippet:-1","max-image-preview":"max-image-preview:large","max-video-preview":"max-video-preview:-1"},"canonical":"https:\/\/atg.md\/ro\/catalog\/metizy\/bolty\/h2141\/","og_locale":"ro_RO","og_type":"article","og_title":"H2141 - Metize, \u0218uruburi (bolt) - atg.md","og_description":"OEM: 90341-10019034110011Dimensiune F: 9,8 Dimensiune H: 15,1 Dimensiune T: 14","og_url":"https:\/\/atg.md\/ro\/wp-json\/wp\/v2\/product\/9828","og_site_name":"atg.md","article_modified_time":"2024-07-05T10:47:39+00:00","og_image":[{"width":600,"height":600,"url":"https:\/\/atg.md\/wp-content\/uploads\/2021\/03\/h2141.jpg","type":"image\/jpeg"}],"twitter_card":"summary_large_image","twitter_misc":{"Pre\u021b":"22.00&nbsp;MDL","Availability":"In stock"},"schema":{"@context":"https:\/\/schema.org","@graph":[{"@type":"WebPage","@id":"https:\/\/atg.md\/ro\/catalog\/metizy\/bolty\/h2141\/","url":"https:\/\/atg.md\/ro\/catalog\/metizy\/bolty\/h2141\/","name":"H2141 - Metize, \u0218uruburi (bolt) - atg.md","isPartOf":{"@id":"https:\/\/atg.md\/ro\/#website"},"datePublished":"2021-03-30T09:24:36+00:00","dateModified":"2024-07-05T10:47:39+00:00","breadcrumb":{"@id":"https:\/\/atg.md\/ro\/catalog\/metizy\/bolty\/h2141\/#breadcrumb"},"inLanguage":"ro-RO","potentialAction":[{"@type":"ReadAction","target":[["https:\/\/atg.md\/ro\/catalog\/metizy\/bolty\/h2141\/"]]}]},{"@type":"BreadcrumbList","@id":"https:\/\/atg.md\/ro\/catalog\/metizy\/bolty\/h2141\/#breadcrumb","itemListElement":[{"@type":"ListItem","position":1,"name":"Home","item":"https:\/\/atg.md\/ro\/"},{"@type":"ListItem","position":2,"name":"\u041a\u0430\u0442\u0430\u043b\u043e\u0433","item":"https:\/\/atg.md\/ro\/catalog\/"},{"@type":"ListItem","position":3,"name":"H2141"}]},{"@type":"WebSite","@id":"https:\/\/atg.md\/ro\/#website","url":"https:\/\/atg.md\/ro\/","name":"atg.md","description":"V\u00e2nzare de izola\u021bii \u00eempotriva vibra\u021biilor pentru ma\u0219ini, izola\u021bie termic\u0103, izolare fonic\u0103 de la cei mai buni produc\u0103tori, autoclipsuri, elemente de fixare auto. Cump\u0103ra\u021bi \u00een Moldova, Chi\u0219in\u0103u","publisher":{"@id":"https:\/\/atg.md\/ro\/#organization"},"potentialAction":[{"@type":"SearchAction","target":{"@type":"EntryPoint","urlTemplate":"https:\/\/atg.md\/ro\/?s={search_term_string}"},"query-input":"required name=search_term_string"}],"inLanguage":"ro-RO"},{"@type":["Organization","Place","AutoPartsStore"],"@id":"https:\/\/atg.md\/ro\/#organization","name":"S.C. AUTOTOM GRUP S.R.L.","url":"https:\/\/atg.md\/ro\/","logo":{"@type":"ImageObject","inLanguage":"ro-RO","@id":"https:\/\/atg.md\/ro\/#\/schema\/logo\/image\/","url":"https:\/\/i2.wp.com\/atg.md\/wp-content\/uploads\/2021\/05\/atg_logo_main.png?fit=656%2C569&ssl=1","contentUrl":"https:\/\/i2.wp.com\/atg.md\/wp-content\/uploads\/2021\/05\/atg_logo_main.png?fit=656%2C569&ssl=1","width":656,"height":569,"caption":"S.C. AUTOTOM GRUP S.R.L."},"image":{"@id":"https:\/\/atg.md\/ro\/#\/schema\/logo\/image\/"},"location":{"@id":"https:\/\/atg.md\/ro\/catalog\/metizy\/bolty\/h2141\/#local-place"},"address":{"@id":"https:\/\/atg.md\/ro\/catalog\/metizy\/bolty\/h2141\/#local-place-address"},"email":"atgtvv@gmail.com","telephone":"+37369644446","areaServed":"Moldova"},{"@type":"Place","@id":"https:\/\/atg.md\/ro\/catalog\/metizy\/bolty\/h2141\/#local-place","address":{"@type":"PostalAddress","@id":"https:\/\/atg.md\/ro\/catalog\/metizy\/bolty\/h2141\/#local-place-address","streetAddress":"str. Alba-Iulia 77\/20","addressLocality":"Chisinau","postalCode":"2043","addressRegion":"mun. Chisinau","addressCountry":"MD"},"geo":{"@type":"GeoCoordinates","latitude":"47.0376","longitude":"28.76899"},"openingHoursSpecification":[{"@type":"OpeningHoursSpecification","dayOfWeek":["Monday","Tuesday","Wednesday","Thursday","Friday"],"opens":"09:00","closes":"18:00"},{"@type":"OpeningHoursSpecification","dayOfWeek":["Saturday"],"opens":"09:00","closes":"14:00"},{"@type":"OpeningHoursSpecification","dayOfWeek":["Sunday"],"opens":"00:00","closes":"00:00"}],"telephone":"+37369644446"}]}},"_links":{"self":[{"href":"https:\/\/atg.md\/ro\/wp-json\/wp\/v2\/product\/9828"}],"collection":[{"href":"https:\/\/atg.md\/ro\/wp-json\/wp\/v2\/product"}],"about":[{"href":"https:\/\/atg.md\/ro\/wp-json\/wp\/v2\/types\/product"}],"wp:featuredmedia":[{"embeddable":true,"href":"https:\/\/atg.md\/ro\/wp-json\/wp\/v2\/media\/9829"}],"wp:attachment":[{"href":"https:\/\/atg.md\/ro\/wp-json\/wp\/v2\/media?parent=9828"}],"wp:term":[{"taxonomy":"product_cat","embeddable":true,"href":"https:\/\/atg.md\/ro\/wp-json\/wp\/v2\/product_cat?post=9828"},{"taxonomy":"product_tag","embeddable":true,"href":"https:\/\/atg.md\/ro\/wp-json\/wp\/v2\/product_tag?post=9828"}],"curies":[{"name":"wp","href":"https:\/\/api.w.org\/{rel}","templated":true}]}}