{"id":9814,"date":"2021-03-30T09:24:20","date_gmt":"2021-03-30T09:24:20","guid":{"rendered":"http:\/\/atg.md\/product\/h2132\/"},"modified":"2024-07-29T13:09:35","modified_gmt":"2024-07-29T13:09:35","slug":"h2132","status":"publish","type":"product","link":"https:\/\/atg.md\/ro\/catalog\/metizy\/bolty\/h2132\/","title":{"rendered":"H2132"},"content":{"rendered":"<p>Modele:<\/p>\n<p>Lexus ES300, MCV20, MCV30, MCV31<br \/>\nLexus ES330, MCV30, MCV31<br \/>\nLexus GS300, JZS160, UZS160, UZS161<br \/>\nLexus GS400, JZS160, UZS160, UZS161<br \/>\nLexus GS430, JZS160, UZS160, UZS161<br \/>\nLexus IS200, GXE10, JCE10<br \/>\nLexus IS300, GXE10, JCE10<br \/>\nLexus LX470, UZJ100<br \/>\nLexus RX300, MCU10, MCU15<br \/>\nToyota Alphard, ANH10, ANH10W, ANH15, ANH15W, ANH20, ANH20W, ANH25, ANH25W, ATH10, ATH10W, ATH20, ATH20W, GGH20, GGH20W, GGH25, GGH25W, MNH10, MNH10W, MNH15, MNH15W<br \/>\nToyota Altezza, GXE10, GXE10W, GXE15, GXE15W, JCE10, JCE10W, JCE15, JCE15W, SXE10<br \/>\nToyota Aristo, JZS160, JZS161<br \/>\nToyota Avalon, MCX10<br \/>\nToyota Avensis Verso, ACM20, ACM21, CLM20<br \/>\nToyota Brevis, JCG10, JCG11, JCG15<br \/>\nToyota Caldina, AT191, AT191G, AT211, AT211G, CT190, CT190G, CT196, CT196V, CT197, CT197V, CT198, CT198V, CT199, CT199V, CT216, CT216G, ET196, ET196V, ST190, ST190G, ST191, ST191G, ST195, ST195G, ST198, ST198V, ST210, ST210G, ST215, ST215G, ST215W<br \/>\nToyota Camry Gracia, MCV21, MCV21W, MCV25, MCV25W, SXV20, SXV20W, SXV25, SXV25W<br \/>\nToyota Camry, ACV30, ACV30L, ACV31, ACV35, ACV36, CV40, CV43, MCV20, MCV30, MCV30L, MCV31, MCV36, SV40, SV41, SV42, SV43, SXV20<br \/>\nToyota Carina ED, ST200, ST201, ST202, ST203, ST205<br \/>\nToyota Carina, AT210, AT211, AT212, CT210, CT211, CT215, CT216, ST215<br \/>\nToyota Celica, AT200, ST202, ST202C, ST203, ST204, ST205, ZZT230, ZZT231<br \/>\nToyota Chaser, GX100, GX105, JZX100, JZX101, JZX105, LX100, SX100<br \/>\nToyota Coaster, BB40, BB40R, BB42, BB43, BB46, BB50, BB53, BB54, BB55, BB58, BB59, BZB40, BZB50, HDB50, HDB51, HZB40, HZB41, HZB46, HZB50, HZB50L, HZB50R, HZB56, RZB40, RZB50, RZB53, RZB54, TRB40, TRB50, TRB53, XZB40, XZB46, XZB50, XZB53, XZB59<br \/>\nToyota Comfort, LXS10, LXS12, YXS10<br \/>\nToyota Corolla II, EL51, EL53, EL55, NL50<br \/>\nToyota Corolla Levin, AE110, AE111<br \/>\nToyota Corolla Spacio, AE111, AE111N, AE115, AE115N, NZE121, NZE121N, ZZE122, ZZE122N, ZZE124, ZZE124N<br \/>\nToyota Corolla Verso, CDE120, ZZE121, ZZE122<br \/>\nToyota Corolla, AE100, AE100G, AE101, AE101G, AE102, AE104, AE104G, AE109, AE109V, AE110, AE111, AE112, AE114, AE115, CDE110, CE100, CE100G, CE101, CE101G, CE102, CE102G, CE104, CE105, CE105V, CE106, CE106V, CE107, CE107V, CE108, CE108G, CE109, CE109V, CE110, CE113, CE114, CE116, EE100, EE101, EE102, EE102V, EE103, EE103V, EE104, EE104G, EE105, EE106, EE106V, EE107, EE107V, EE108, EE108G, EE110, EE111, WZE110, ZRE120, ZZE110, ZZE111, ZZE112, ZZE121, ZZE121L, ZZE122<br \/>\nToyota Corona Exiv, ST200, ST201, ST202, ST203, ST205<br \/>\nToyota Corona, AT210, AT211, CT210, CT211, CT215, CT216, ST210, ST215<br \/>\nToyota Corsa, EL51, EL53, EL55, NL50<br \/>\nToyota Cresta, GX100, GX105, JZX100, JZX101, JZX105, LX100<br \/>\nToyota Crown Majesta, GS151, GS171, JKS175, JZS151, JZS153, JZS155, JZS157, JZS171, JZS173, JZS175, JZS177, JZS179, LS151, UZS151, UZS155, UZS157, UZS171, UZS173, UZS175<br \/>\nToyota Crown, GBS12, GS151, GS151H, GS171, GS171W, GXS10, GXS12, JKS175, JZS151, JZS153, JZS155, JZS157, JZS171, JZS171W, JZS173, JZS173W, JZS175, JZS175W, JZS177, JZS179, LS151, LS151H, LXS11, SXS11, SXS13, TSS10, TSS10H, TSS11, TSS13, UZS151, UZS155, UZS157, UZS171, UZS173, UZS175, YXS10, YXS10H, YXS11<br \/>\nToyota Curren, ST206, ST207, ST208<br \/>\nToyota Cynos, EL52, EL52C, EL54, EL54C<br \/>\nToyota EQ EV, KPJ10<br \/>\nToyota Echo Verso, NCP20, NCP21, NCP22, NLP20, NLP22<br \/>\nToyota Echo, NCP10, NCP11, NCP12, NCP13, SCP10<br \/>\nToyota Estima, ACR30, ACR30W, ACR50, ACR50W, ACR55, ACR55W, AHR10, AHR10W, AHR20, AHR20W, GSR50, GSR50W, GSR55, GSR55W, MCR30, MCR30W<br \/>\nToyota Funcargo, NCP20, NCP21, NCP25<br \/>\nToyota Gaia, ACM10, ACM10G, ACM15, ACM15G, CXM10, CXM10G, SXM10, SXM10G, SXM15, SXM15G<br \/>\nToyota Grand Hiace, KCH10, KCH10W, KCH12, KCH16, KCH16W, RCH11, VCH10, VCH10W, VCH16, VCH16W<br \/>\nToyota Granvia, KCH10, KCH10W, KCH12, KCH16, KCH16W, RCH11, RCH11W, VCH10, VCH10W, VCH16, VCH16W<br \/>\nToyota Harrier, ACU10, ACU10W, ACU15, ACU15W, MCU10, MCU10W, MCU15, MCU15W, SXU10, SXU10W, SXU15, SXU15W<br \/>\nToyota Hiace, KDH200, KDH200K, KDH200V, KDH201, KDH201K, KDH201V, KDH202, KDH202L, KDH203, KDH212, KDH212L, KDH220, KDH220K, KDH221, KDH221K, KDH222, KDH222B, KDH222L, KDH223, KDH223B, KDH223L, KLH12, KLH18, KLH22, KLH28, LH102, LH102V, LH103, LH103V, LH104, LH105, LH112, LH113, LH113K, LH113V, LH114, LH115, LH125, LH162, LH162V, LH164, LH166, LH172, LH172K, LH172V, LH174, LH176, LH184, LH200, LH202, LH212, LH222, LXH12, LXH18, LXH22, LXH28, RCH12, RCH13, RCH18, RCH19, RCH22, RCH23, RCH28, RCH29, RZH102, RZH102V, RZH103, RZH104, RZH105, RZH112, RZH112K, RZH112V, RZH113, RZH114, RZH115, RZH125, RZH155, TRH201, TRH203, TRH203L, TRH213, TRH213L, TRH221, TRH221K, TRH223, TRH223B, TRH223L<br \/>\nToyota Highlander, ACU20, ACU20L, ACU25, ACU25L, MCU20, MCU20L, MCU23, MCU23L, MCU25, MCU25L, MCU28, MCU28L<br \/>\nToyota Ipsum, ACM21, ACM21W, ACM26, ACM26W, CXM10, CXM10G, SXM10, SXM10G, SXM15, SXM15G<br \/>\nToyota Isis, ANM10, ANM10G, ANM10W, ANM15, ANM15G, ANM15W, ZGM10, ZGM10G, ZGM10W, ZGM11, ZGM11G, ZGM11W, ZGM15, ZGM15G, ZGM15W, ZNM10, ZNM10G, ZNM10W<br \/>\nToyota Kluger V, MCU20, MCU20W, MCU25, MCU25W<br \/>\nToyota Land Cruiser, FZJ100, FZJ105, HDJ100, HDJ100L, HDJ101, HDJ101K, HZJ105, HZJ105L, UZJ100, UZJ100L, UZJ100W<br \/>\nToyota Lite Ace Noah, CR40, CR40G, CR41, CR42, KR41, KR42, SR40, SR40G<br \/>\nToyota Lite Ace, CR41, CR41V, KR42, KR42V, SR40<br \/>\nToyota MR-S, ZZW30<br \/>\nToyota MR2, ZZW30<br \/>\nToyota Mark II Wagon Qualis, MCV20, MCV20W, MCV21, MCV21W, MCV25, MCV25W, SXV20, SXV20W, SXV25, SXV25W<br \/>\nToyota Mark II, GX100, GX105, JZX100, JZX101, JZX105, LX100<br \/>\nToyota Mark X, ANA10, ANA15, GGA10<br \/>\nToyota Nadia, ACN10, ACN10H, ACN15, ACN15H, SXN10, SXN10H, SXN15, SXN15H<br \/>\nToyota Noah, AZR60, AZR60G, AZR65, AZR65G, ZRR70, ZRR70G, ZRR70W, ZRR75, ZRR75G, ZRR75W, ZRR80, ZRR80G, ZRR80W, ZRR85, ZRR85G, ZRR85W, ZWR80, ZWR80G, ZWR80W<br \/>\nToyota Opa, ACT10, ZCT10, ZCT15<br \/>\nToyota Origin, JCG17<br \/>\nToyota Paseo, EL54<br \/>\nToyota Picnic Verso, ACM20, ACM21, CLM20<br \/>\nToyota Picnic, CXM10, CXM10L, SXM10, SXM10L<br \/>\nToyota Platz, NCP12, NCP16, SCP11<br \/>\nToyota Porte, NCP141, NCP145, NNP10, NNP11, NNP15, NSP140<br \/>\nToyota Previa, ACR30, ACR50, CLR30, GSR50<br \/>\nToyota Prius, NHW10, NHW11, NHW20<br \/>\nToyota Probox, NCP50, NCP50V, NCP51, NCP51V, NCP52, NCP52V, NCP55, NCP55V, NCP58, NCP58G, NCP59, NCP59G, NLP51, NLP51V<br \/>\nToyota Progres, JCG10, JCG11, JCG15<br \/>\nToyota Ractis, NCP100, NCP105, NCP120, NCP122, NCP125, NSP120, NSP122, SCP100<br \/>\nToyota Raum, EXZ10, NCZ20, NCZ25<br \/>\nToyota Regius Ace, KDH200, KDH200K, KDH200V, KDH201, KDH201K, KDH201V, KDH205, KDH205V, KDH206, KDH206K, KDH206V, KDH211, KDH211K, KDH220, KDH220K, KDH221, KDH221K, KDH222, KDH223, KDH223B, KDH225, KDH225K, KDH227, KZH100, KZH106, KZH110, KZH116, KZH120, KZH126, KZH132, KZH138, LH100, LH102, LH103, LH107, LH109, LH110, LH113, LH115, LH117, LH119, LH120, LH123, LH125, LH129, LH140, LH162, LH162V, LH168, LH168V, LH172, LH172K, LH172V, LH178, LH178V, LH182, LH182K, LH184, LH186, LH188, LH188K, RZH100, RZH101, RZH102, RZH102V, RZH110, RZH111, RZH112, RZH112K, RZH112V, RZH122, RZH124, RZH125, RZH133, RZH182, RZH182K, RZH183, RZH183K, TRH102, TRH102V, TRH112, TRH112K, TRH112V, TRH122, TRH122K, TRH124, TRH200, TRH200K, TRH200V, TRH211, TRH211K, TRH214, TRH216, TRH216K, TRH219, TRH221, TRH221K, TRH223, TRH223B, TRH224, TRH226, TRH226K, TRH228, TRH228B, TRH229<br \/>\nToyota Regius, KCH40, KCH40W, KCH46, KCH46W, LXH43, LXH49, RCH41, RCH41W, RCH42, RCH47, RCH47W<br \/>\nToyota Scion, NCP31, NCP61, ZSP110<br \/>\nToyota Sienta, NCP81, NCP81G, NCP85, NCP85G<br \/>\nToyota Soluna Vios, AXP41, AXP42, NCP41, NCP42, SCP41, SCP42<br \/>\nToyota Soluna, AL50<br \/>\nToyota Spade, NCP141, NCP145, NSP140<br \/>\nToyota Sprinter Carib, AE111, AE111G, AE114, AE114G, AE115, AE115G<br \/>\nToyota Sprinter Trueno, AE110, AE111<br \/>\nToyota Sprinter, AE100, AE101, AE104, AE109, AE110, AE111, AE114, CE100, CE102, CE102G, CE104, CE105, CE106, CE107, CE108, CE108G, CE109, CE110, CE113, CE114, CE116, EE101, EE102, EE103, EE104, EE104G, EE106, EE107, EE108, EE108G, EE111<br \/>\nToyota Starlet, EP90, EP91, EP95, NP90<br \/>\nToyota Succeed, NCP50, NCP51, NCP51V, NCP52, NCP55, NCP55V, NCP58, NCP58G, NCP59, NCP59G, NLP51, NLP51V<br \/>\nToyota T.U.V, KF60, KF70, KF72, KF80, KF82, LF60, LF61, LF70, LF72, LF80, LF81, LF82, LF85, RZF61, RZF71, RZF80, RZF81, RZF85<br \/>\nToyota Tarago, ACR30, ACR50, CLR30, GSR50<br \/>\nToyota Tercel, EL50, EL51, EL53, EL55, NL50<br \/>\nToyota Town Ace Noah, CR40, CR40G, CR41, CR42, KR41, KR42, SR40, SR40G<br \/>\nToyota Town Ace, CR41, CR41V, KR42, KR42V, SR40<br \/>\nToyota Vellfire, ANH20, ANH20W, ANH25, ANH25W, ATH20, ATH20W, GGH20, GGH20W, GGH25, GGH25W<br \/>\nToyota Vios, AXP41, AXP42, NCP41, NCP42, SCP41, SCP42<br \/>\nToyota Vista Ardeo, AZV50, AZV50G, AZV55, AZV55G, SV50, SV50G, SV55, SV55G, ZZV50, ZZV50G<br \/>\nToyota Vista, AZV50, AZV55, CV40, CV43, SV40, SV41, SV42, SV43, SV50, SV55, ZZV50<br \/>\nToyota Vitz, KSP90, NCP10, NCP13, NCP15, NCP91, NCP95, SCP10, SCP13, SCP90<br \/>\nToyota Voxy, AZR60, AZR60G, AZR65, AZR65G, ZRR70, ZRR70G, ZRR70W, ZRR75, ZRR75G, ZRR75W, ZRR80, ZRR80G, ZRR80W, ZRR85, ZRR85G, ZRR85W, ZWR80, ZWR80G, ZWR80W<br \/>\nToyota WiLL Cypha, NCP70, NCP75<br \/>\nToyota Windom, MCV20, MCV21, MCV30<br \/>\nToyota Wish, ANE10, ANE10G, ANE11, ANE11W, ZNE10, ZNE10G, ZNE14, ZNE14G<br \/>\nToyota XA, NCP61<br \/>\nToyota Yaris Verso, NCP20, NCP21, NCP22, NLP20, NLP22<br \/>\nToyota Yaris, KSP90, NCP10, NCP11, NCP12, NCP13, NCP130, NCP131, NCP90, NCP91, NLP10, SCP10, ZSP90<br \/>\nToyota bB, NCP30, NCP31, NCP34, NCP35<br \/>\nToyota iQ, KGJ10, NGJ10, NGJ10L<br \/>\nToyota ist, NCP110, NCP115, NCP60, NCP61, NCP65, ZSP110<\/p>","protected":false},"excerpt":{"rendered":"<p><b>OEM:<\/b> 90901-19040, 9090119040<\/p>\n<p>Dimensiune F: 11<br \/>\nDimensiune H: 28,6<br \/>\nDimensiune T: 14<\/p>\n","protected":false},"featured_media":9815,"template":"","meta":[],"product_cat":[1243,1246],"product_tag":[],"bundled_by":[],"bundle_stock_status":"instock","bundle_stock_quantity":null,"bundle_virtual":false,"bundle_layout":"","bundle_add_to_cart_form_location":"","bundle_editable_in_cart":false,"bundle_sold_individually_context":"","bundle_item_grouping":"","bundle_min_size":"","bundle_max_size":"","bundled_items":[],"yoast_head":"<!-- This site is optimized with the Yoast SEO Premium plugin v16.6 (Yoast SEO v20.1) - https:\/\/yoast.com\/wordpress\/plugins\/seo\/ -->\n<title>H2132 - Metize, \u0218uruburi (bolt) - atg.md<\/title>\n<meta name=\"robots\" content=\"index, follow, max-snippet:-1, max-image-preview:large, max-video-preview:-1\" \/>\n<link rel=\"canonical\" href=\"https:\/\/atg.md\/ro\/catalog\/metizy\/bolty\/h2132\/\" \/>\n<meta property=\"og:locale\" content=\"ro_RO\" \/>\n<meta property=\"og:type\" content=\"article\" \/>\n<meta property=\"og:title\" content=\"H2132 - Metize, \u0218uruburi (bolt) - atg.md\" \/>\n<meta property=\"og:description\" content=\"OEM: 90901-19040, 9090119040Dimensiune F: 11 Dimensiune H: 28,6 Dimensiune T: 14\" \/>\n<meta property=\"og:url\" content=\"https:\/\/atg.md\/ro\/wp-json\/wp\/v2\/product\/9814\" \/>\n<meta property=\"og:site_name\" content=\"atg.md\" \/>\n<meta property=\"article:modified_time\" content=\"2024-07-29T13:09:35+00:00\" \/>\n<meta property=\"og:image\" content=\"https:\/\/atg.md\/wp-content\/uploads\/2021\/03\/h2132.jpg\" \/>\n\t<meta property=\"og:image:width\" content=\"600\" \/>\n\t<meta property=\"og:image:height\" content=\"600\" \/>\n\t<meta property=\"og:image:type\" content=\"image\/jpeg\" \/>\n<meta name=\"twitter:card\" content=\"summary_large_image\" \/>\n<meta name=\"twitter:label1\" content=\"Pre\u021b\" \/>\n\t<meta name=\"twitter:data1\" content=\"25.00&nbsp;MDL\" \/>\n\t<meta name=\"twitter:label2\" content=\"Availability\" \/>\n\t<meta name=\"twitter:data2\" content=\"In stock\" \/>\n<script type=\"application\/ld+json\" class=\"yoast-schema-graph\">{\"@context\":\"https:\/\/schema.org\",\"@graph\":[{\"@type\":\"WebPage\",\"@id\":\"https:\/\/atg.md\/ro\/catalog\/metizy\/bolty\/h2132\/\",\"url\":\"https:\/\/atg.md\/ro\/catalog\/metizy\/bolty\/h2132\/\",\"name\":\"H2132 - Metize, \u0218uruburi (bolt) - atg.md\",\"isPartOf\":{\"@id\":\"https:\/\/atg.md\/ro\/#website\"},\"datePublished\":\"2021-03-30T09:24:20+00:00\",\"dateModified\":\"2024-07-29T13:09:35+00:00\",\"breadcrumb\":{\"@id\":\"https:\/\/atg.md\/ro\/catalog\/metizy\/bolty\/h2132\/#breadcrumb\"},\"inLanguage\":\"ro-RO\",\"potentialAction\":[{\"@type\":\"ReadAction\",\"target\":[[\"https:\/\/atg.md\/ro\/catalog\/metizy\/bolty\/h2132\/\"]]}]},{\"@type\":\"BreadcrumbList\",\"@id\":\"https:\/\/atg.md\/ro\/catalog\/metizy\/bolty\/h2132\/#breadcrumb\",\"itemListElement\":[{\"@type\":\"ListItem\",\"position\":1,\"name\":\"Home\",\"item\":\"https:\/\/atg.md\/ro\/\"},{\"@type\":\"ListItem\",\"position\":2,\"name\":\"\u041a\u0430\u0442\u0430\u043b\u043e\u0433\",\"item\":\"https:\/\/atg.md\/ro\/catalog\/\"},{\"@type\":\"ListItem\",\"position\":3,\"name\":\"H2132\"}]},{\"@type\":\"WebSite\",\"@id\":\"https:\/\/atg.md\/ro\/#website\",\"url\":\"https:\/\/atg.md\/ro\/\",\"name\":\"atg.md\",\"description\":\"V\u00e2nzare de izola\u021bii \u00eempotriva vibra\u021biilor pentru ma\u0219ini, izola\u021bie termic\u0103, izolare fonic\u0103 de la cei mai buni produc\u0103tori, autoclipsuri, elemente de fixare auto. Cump\u0103ra\u021bi \u00een Moldova, Chi\u0219in\u0103u\",\"publisher\":{\"@id\":\"https:\/\/atg.md\/ro\/#organization\"},\"potentialAction\":[{\"@type\":\"SearchAction\",\"target\":{\"@type\":\"EntryPoint\",\"urlTemplate\":\"https:\/\/atg.md\/ro\/?s={search_term_string}\"},\"query-input\":\"required name=search_term_string\"}],\"inLanguage\":\"ro-RO\"},{\"@type\":[\"Organization\",\"Place\",\"AutoPartsStore\"],\"@id\":\"https:\/\/atg.md\/ro\/#organization\",\"name\":\"S.C. AUTOTOM GRUP S.R.L.\",\"url\":\"https:\/\/atg.md\/ro\/\",\"logo\":{\"@type\":\"ImageObject\",\"inLanguage\":\"ro-RO\",\"@id\":\"https:\/\/atg.md\/ro\/#\/schema\/logo\/image\/\",\"url\":\"https:\/\/i2.wp.com\/atg.md\/wp-content\/uploads\/2021\/05\/atg_logo_main.png?fit=656%2C569&ssl=1\",\"contentUrl\":\"https:\/\/i2.wp.com\/atg.md\/wp-content\/uploads\/2021\/05\/atg_logo_main.png?fit=656%2C569&ssl=1\",\"width\":656,\"height\":569,\"caption\":\"S.C. AUTOTOM GRUP S.R.L.\"},\"image\":{\"@id\":\"https:\/\/atg.md\/ro\/#\/schema\/logo\/image\/\"},\"location\":{\"@id\":\"https:\/\/atg.md\/ro\/catalog\/metizy\/bolty\/h2132\/#local-place\"},\"address\":{\"@id\":\"https:\/\/atg.md\/ro\/catalog\/metizy\/bolty\/h2132\/#local-place-address\"},\"email\":\"atgtvv@gmail.com\",\"telephone\":\"+37369644446\",\"areaServed\":\"Moldova\"},{\"@type\":\"Place\",\"@id\":\"https:\/\/atg.md\/ro\/catalog\/metizy\/bolty\/h2132\/#local-place\",\"address\":{\"@type\":\"PostalAddress\",\"@id\":\"https:\/\/atg.md\/ro\/catalog\/metizy\/bolty\/h2132\/#local-place-address\",\"streetAddress\":\"str. Alba-Iulia 77\/20\",\"addressLocality\":\"Chisinau\",\"postalCode\":\"2043\",\"addressRegion\":\"mun. Chisinau\",\"addressCountry\":\"MD\"},\"geo\":{\"@type\":\"GeoCoordinates\",\"latitude\":\"47.0376\",\"longitude\":\"28.76899\"},\"openingHoursSpecification\":[{\"@type\":\"OpeningHoursSpecification\",\"dayOfWeek\":[\"Monday\",\"Tuesday\",\"Wednesday\",\"Thursday\",\"Friday\"],\"opens\":\"09:00\",\"closes\":\"18:00\"},{\"@type\":\"OpeningHoursSpecification\",\"dayOfWeek\":[\"Saturday\"],\"opens\":\"09:00\",\"closes\":\"14:00\"},{\"@type\":\"OpeningHoursSpecification\",\"dayOfWeek\":[\"Sunday\"],\"opens\":\"00:00\",\"closes\":\"00:00\"}],\"telephone\":\"+37369644446\"}]}<\/script>\n<meta name=\"geo.placename\" content=\"Chisinau\" \/>\n<meta name=\"geo.position\" content=\"47.0376;28.76899\" \/>\n<meta name=\"geo.region\" content=\"Moldova\" \/>\n<!-- \/ Yoast SEO Premium plugin. -->","yoast_head_json":{"title":"H2132 - Metize, \u0218uruburi (bolt) - atg.md","robots":{"index":"index","follow":"follow","max-snippet":"max-snippet:-1","max-image-preview":"max-image-preview:large","max-video-preview":"max-video-preview:-1"},"canonical":"https:\/\/atg.md\/ro\/catalog\/metizy\/bolty\/h2132\/","og_locale":"ro_RO","og_type":"article","og_title":"H2132 - Metize, \u0218uruburi (bolt) - atg.md","og_description":"OEM: 90901-19040, 9090119040Dimensiune F: 11 Dimensiune H: 28,6 Dimensiune T: 14","og_url":"https:\/\/atg.md\/ro\/wp-json\/wp\/v2\/product\/9814","og_site_name":"atg.md","article_modified_time":"2024-07-29T13:09:35+00:00","og_image":[{"width":600,"height":600,"url":"https:\/\/atg.md\/wp-content\/uploads\/2021\/03\/h2132.jpg","type":"image\/jpeg"}],"twitter_card":"summary_large_image","twitter_misc":{"Pre\u021b":"25.00&nbsp;MDL","Availability":"In stock"},"schema":{"@context":"https:\/\/schema.org","@graph":[{"@type":"WebPage","@id":"https:\/\/atg.md\/ro\/catalog\/metizy\/bolty\/h2132\/","url":"https:\/\/atg.md\/ro\/catalog\/metizy\/bolty\/h2132\/","name":"H2132 - Metize, \u0218uruburi (bolt) - atg.md","isPartOf":{"@id":"https:\/\/atg.md\/ro\/#website"},"datePublished":"2021-03-30T09:24:20+00:00","dateModified":"2024-07-29T13:09:35+00:00","breadcrumb":{"@id":"https:\/\/atg.md\/ro\/catalog\/metizy\/bolty\/h2132\/#breadcrumb"},"inLanguage":"ro-RO","potentialAction":[{"@type":"ReadAction","target":[["https:\/\/atg.md\/ro\/catalog\/metizy\/bolty\/h2132\/"]]}]},{"@type":"BreadcrumbList","@id":"https:\/\/atg.md\/ro\/catalog\/metizy\/bolty\/h2132\/#breadcrumb","itemListElement":[{"@type":"ListItem","position":1,"name":"Home","item":"https:\/\/atg.md\/ro\/"},{"@type":"ListItem","position":2,"name":"\u041a\u0430\u0442\u0430\u043b\u043e\u0433","item":"https:\/\/atg.md\/ro\/catalog\/"},{"@type":"ListItem","position":3,"name":"H2132"}]},{"@type":"WebSite","@id":"https:\/\/atg.md\/ro\/#website","url":"https:\/\/atg.md\/ro\/","name":"atg.md","description":"V\u00e2nzare de izola\u021bii \u00eempotriva vibra\u021biilor pentru ma\u0219ini, izola\u021bie termic\u0103, izolare fonic\u0103 de la cei mai buni produc\u0103tori, autoclipsuri, elemente de fixare auto. Cump\u0103ra\u021bi \u00een Moldova, Chi\u0219in\u0103u","publisher":{"@id":"https:\/\/atg.md\/ro\/#organization"},"potentialAction":[{"@type":"SearchAction","target":{"@type":"EntryPoint","urlTemplate":"https:\/\/atg.md\/ro\/?s={search_term_string}"},"query-input":"required name=search_term_string"}],"inLanguage":"ro-RO"},{"@type":["Organization","Place","AutoPartsStore"],"@id":"https:\/\/atg.md\/ro\/#organization","name":"S.C. AUTOTOM GRUP S.R.L.","url":"https:\/\/atg.md\/ro\/","logo":{"@type":"ImageObject","inLanguage":"ro-RO","@id":"https:\/\/atg.md\/ro\/#\/schema\/logo\/image\/","url":"https:\/\/i2.wp.com\/atg.md\/wp-content\/uploads\/2021\/05\/atg_logo_main.png?fit=656%2C569&ssl=1","contentUrl":"https:\/\/i2.wp.com\/atg.md\/wp-content\/uploads\/2021\/05\/atg_logo_main.png?fit=656%2C569&ssl=1","width":656,"height":569,"caption":"S.C. AUTOTOM GRUP S.R.L."},"image":{"@id":"https:\/\/atg.md\/ro\/#\/schema\/logo\/image\/"},"location":{"@id":"https:\/\/atg.md\/ro\/catalog\/metizy\/bolty\/h2132\/#local-place"},"address":{"@id":"https:\/\/atg.md\/ro\/catalog\/metizy\/bolty\/h2132\/#local-place-address"},"email":"atgtvv@gmail.com","telephone":"+37369644446","areaServed":"Moldova"},{"@type":"Place","@id":"https:\/\/atg.md\/ro\/catalog\/metizy\/bolty\/h2132\/#local-place","address":{"@type":"PostalAddress","@id":"https:\/\/atg.md\/ro\/catalog\/metizy\/bolty\/h2132\/#local-place-address","streetAddress":"str. Alba-Iulia 77\/20","addressLocality":"Chisinau","postalCode":"2043","addressRegion":"mun. Chisinau","addressCountry":"MD"},"geo":{"@type":"GeoCoordinates","latitude":"47.0376","longitude":"28.76899"},"openingHoursSpecification":[{"@type":"OpeningHoursSpecification","dayOfWeek":["Monday","Tuesday","Wednesday","Thursday","Friday"],"opens":"09:00","closes":"18:00"},{"@type":"OpeningHoursSpecification","dayOfWeek":["Saturday"],"opens":"09:00","closes":"14:00"},{"@type":"OpeningHoursSpecification","dayOfWeek":["Sunday"],"opens":"00:00","closes":"00:00"}],"telephone":"+37369644446"}]}},"_links":{"self":[{"href":"https:\/\/atg.md\/ro\/wp-json\/wp\/v2\/product\/9814"}],"collection":[{"href":"https:\/\/atg.md\/ro\/wp-json\/wp\/v2\/product"}],"about":[{"href":"https:\/\/atg.md\/ro\/wp-json\/wp\/v2\/types\/product"}],"wp:featuredmedia":[{"embeddable":true,"href":"https:\/\/atg.md\/ro\/wp-json\/wp\/v2\/media\/9815"}],"wp:attachment":[{"href":"https:\/\/atg.md\/ro\/wp-json\/wp\/v2\/media?parent=9814"}],"wp:term":[{"taxonomy":"product_cat","embeddable":true,"href":"https:\/\/atg.md\/ro\/wp-json\/wp\/v2\/product_cat?post=9814"},{"taxonomy":"product_tag","embeddable":true,"href":"https:\/\/atg.md\/ro\/wp-json\/wp\/v2\/product_tag?post=9814"}],"curies":[{"name":"wp","href":"https:\/\/api.w.org\/{rel}","templated":true}]}}