{"id":9706,"date":"2021-03-30T09:23:50","date_gmt":"2021-03-30T09:23:50","guid":{"rendered":"http:\/\/atg.md\/product\/h2069\/"},"modified":"2024-07-05T10:46:59","modified_gmt":"2024-07-05T10:46:59","slug":"h2069","status":"publish","type":"product","link":"https:\/\/atg.md\/ro\/catalog\/metizy\/samorezy\/h2069\/","title":{"rendered":"H2069"},"content":{"rendered":"<p>Modele:<\/p>\n<p>Acura TL<br \/>\nAudi 80<br \/>\nAudi 90<br \/>\nAudi A1,\u00a08X1, 8XA, 8XF, 8XK<br \/>\nAudi A2,\u00a08Z0<br \/>\nAudi A3,\u00a08L1, 8P1, 8P7, 8PA, 8V1, 8V7, 8VA, 8VE, 8VF, 8VK, 8VM, 8VS<br \/>\nAudi A4 allroad quattro,\u00a08KH<br \/>\nAudi A4,\u00a08E2, 8E5, 8EC, 8ED, 8H7, 8HE, 8K2, 8K5, 8W2, 8W5, 8WH<br \/>\nAudi A5,\u00a08F7, 8T3, 8TA<br \/>\nAudi A6 allroad quattro,\u00a04BH, 4FH, 4GH, 4GJ<br \/>\nAudi A6,\u00a04B2, 4B4, 4B5, 4B6, 4F2, 4F2\/C6, 4F5, 4F5\/C6, 4G2, 4G2\/C7, 4G5, 4G5\/C7, 4G5\/\u04217, 4GC, 4GD<br \/>\nAudi A7,\u00a04GA, 4GF<br \/>\nAudi A8,\u00a04E2, 4E8, 4H2, 4H8, 4HC, 4HL<br \/>\nAudi Q3,\u00a08UB, 8UG<br \/>\nAudi Q5,\u00a08RB, FYB<br \/>\nAudi Q7,\u00a04LB, 4MB<br \/>\nAudi R8,\u00a0422, 423, 427, 429, 4S3, 4S9<br \/>\nAudi RS Q3,\u00a08UB<br \/>\nAudi RS3,\u00a08PA, 8VA, 8VF, 8VM<br \/>\nAudi RS4,\u00a08D5, 8HE, 8K5<br \/>\nAudi RS5,\u00a08F7, 8T3<br \/>\nAudi RS6,\u00a04B4, 4B6, 4F2, 4F5, 4G5, 4G5\/C7, 4GD<br \/>\nAudi RS7,\u00a04GA, 4GF<br \/>\nAudi S3,\u00a08L1, 8P1, 8PA, 8V1, 8VA, 8VF, 8VK, 8VM, 8VS<br \/>\nAudi S4,\u00a08E2, 8E5, 8EC, 8ED, 8H7, 8HE, 8K2, 8K5, 8W2, 8W5, 8WH<br \/>\nAudi S5,\u00a08F7, 8T3, 8TA<br \/>\nAudi S6,\u00a04B2, 4B4, 4B5, 4B6, 4F2, 4F5, 4G2, 4G2\/C7, 4G5, 4G5\/C7, 4GC, 4GD<br \/>\nAudi S8,\u00a04E2, 4E8, 4H2, 4H8, 4HC, 4HL<br \/>\nAudi TT RS,\u00a08J3, 8J9<br \/>\nAudi TT,\u00a08J3, 8J9, FV3, FV9<br \/>\nAudi TTS,\u00a08J3, 8J9, FV3, FV9<br \/>\nHonda Accord Aerodeck,\u00a0CA1, CA2, CA3<br \/>\nHonda Accord Inspire,\u00a0CB5<br \/>\nHonda Accord Tourer,\u00a0CW2<br \/>\nHonda Accord,\u00a0CU2, CA1, CA2, CA3, CA5, CA6, CB1, CB2, CB3, CB4, CB6, CB7, CB9, CD3, CD4, CD5, CD6, CD7, CD8, CE1, CF2, CL1<br \/>\nHonda Airwave,\u00a0GJ1, GJ2<br \/>\nHonda Ascot Innova,\u00a0CB3, CB4, CC4, CC5<br \/>\nHonda Ascot,\u00a0CB1, CB2, CB3, CB4, CE4, CE5<br \/>\nHonda Avancier,\u00a0TA1, TA2, TA3, TA4<br \/>\nHonda Ballade<br \/>\nHonda Beat,\u00a0PP1<br \/>\nHonda CR-V,\u00a0RD1<br \/>\nHonda CR-X<br \/>\nHonda City<br \/>\nHonda Civic CRX<br \/>\nHonda Civic Ferio,\u00a0ES2, ET2, ES1, ES3, EK3<br \/>\nHonda Civic Hybrid,\u00a0ES9<br \/>\nHonda Civic,\u00a0EP3, EU4, FD2, EU3, EN2, EF2, EF9, EK9, EU1, EU2<br \/>\nHonda Concerto,\u00a0MA1, MA2, MA3<br \/>\nHonda Crossroad,\u00a0RT1, RT2, RT3, RT4<br \/>\nHonda Edix,\u00a0BE2, BE4, BE1, BE3, BE8<br \/>\nHonda Element,\u00a0YH2<br \/>\nHonda FR-V<br \/>\nHonda Fit Aria,\u00a0GD6, GD7, GD8, GD9<br \/>\nHonda Fit,\u00a0GD3, GD4, GD1, GD2, GE6, GE7, GE8, GE9<br \/>\nHonda Insight,\u00a0ZE2<br \/>\nHonda Inspire,\u00a0CC2, CC3, UA1, UA2, UA3, UA4, UA5<br \/>\nHonda Integra,\u00a0DC5<br \/>\nHonda Jazz<br \/>\nHonda Legend,\u00a0KB1, KB2, KA1, KA2, KA3, KA4, KA5, KA6, KA7, KA8<br \/>\nHonda Logo,\u00a0GA3, GA5<br \/>\nHonda Mobilio Spike,\u00a0GK1, GK2<br \/>\nHonda Mobilio,\u00a0GB1, GB2<br \/>\nHonda NSX,\u00a0NA1<br \/>\nHonda Odyssey,\u00a0RA1, RA2, RA5<br \/>\nHonda Orthia,\u00a0EL2, EL3<br \/>\nHonda Partner,\u00a0GJ3, GJ4<br \/>\nHonda Prelude,\u00a0BA4, BA5, BA7, BA8, BA9, BB1, BB4<br \/>\nHonda Rafaga,\u00a0CE4, CE5<br \/>\nHonda S-MX,\u00a0RH2<br \/>\nHonda S2000,\u00a0AP1, AP2<br \/>\nHonda Saber,\u00a0UA1, UA2, UA3, UA4, UA5<br \/>\nHonda Shuttle<br \/>\nHonda Stepwgn,\u00a0RF3, RF4, RF5, RF6, RF7, RF8<br \/>\nHonda Stream,\u00a0RN2, RN4, RN1, RN3, RN5, RN6, RN7, RN8, RN9<br \/>\nHonda Torneo,\u00a0CL1<br \/>\nHonda Vigor,\u00a0CA1, CA2, CA3, CA5, CB5, CC2, CC3<br \/>\nHonda Zest,\u00a0JE2, JE1<br \/>\nSeat Alhambra,\u00a07V9<br \/>\nSeat Altea,\u00a05P1, 5P5, 5P8<br \/>\nSeat Arosa,\u00a06H1<br \/>\nSeat Cordoba,\u00a06KR, 6L2, 6L5<br \/>\nSeat Exeo,\u00a03R2, 3R5<br \/>\nSeat Ibiza,\u00a06J1, 6J5, 6J8, 6L1, 6P1, 6P5, 6P8<br \/>\nSeat Inca<br \/>\nSeat Leon,\u00a01M1, 1M2, 1P1<br \/>\nSeat Toledo,\u00a01M1, 1M2, 5P2<br \/>\nSkoda Fabia,\u00a0551, 6Y2, 6Y3, 6Y5<br \/>\nSkoda Felicia,\u00a06U1, 6U5<br \/>\nSkoda Octavia,\u00a01U2, 1U5, 913<br \/>\nSkoda Roomster,\u00a05J7<br \/>\nSkoda Superb<br \/>\nVolkswagen Beetle,\u00a01C1, 1C9, 1Y7, 9C1, 9G1<br \/>\nVolkswagen Bora,\u00a01J2, 1J6<br \/>\nVolkswagen Caddy<br \/>\nVolkswagen Fox,\u00a05Z1, 5Z7<br \/>\nVolkswagen Golf,\u00a01E7, 1H1, 1H2, 1H5, 1J1, 1J5, 1K1, 1K5, 1V7, 517, 521, 5K1, 5M1, AJ5<br \/>\nVolkswagen Jetta,\u00a01K2<br \/>\nVolkswagen LT,\u00a02DA, 2DB, 2DC, 2DD, 2DE, 2DF, 2DG, 2DH, 2DK, 2DL<br \/>\nVolkswagen Lupo,\u00a06E1, 6X1<br \/>\nVolkswagen Passat,\u00a03B2, 3B3, 3B5, 3B6, 3C2, 3C5<br \/>\nVolkswagen Phaeton,\u00a03D1, 3D2, 3D3, 3D4, 3D6, 3D7, 3D8, 3D9<br \/>\nVolkswagen Polo,\u00a06K5, 6N1, 6N2, 6V2, 9A2, 9J2, 9J4, 9J6, 9N1, 9N2, 9N3<br \/>\nVolkswagen Sharan,\u00a07M6, 7M9<br \/>\nVolkswagen Touareg,\u00a07L6, 7LA, 7P5, 7P6<br \/>\nVolkswagen Transporter,\u00a07HA, 7HB, 7HC, 7HH, 7HJ, 7HM<br \/>\nVolkswagen Vento,\u00a01H2, 1H5<br \/>\nVolkswagen XL1,\u00a06Z1<\/p>","protected":false},"excerpt":{"rendered":"<p>Dimensiune F: 4,8<br \/>\nDimensiune H: 22,5<br \/>\nDimensiune T: 11,4<\/p>\n","protected":false},"featured_media":9707,"template":"","meta":[],"product_cat":[1243,1245],"product_tag":[],"bundled_by":[],"bundle_stock_status":"instock","bundle_stock_quantity":null,"bundle_virtual":false,"bundle_layout":"","bundle_add_to_cart_form_location":"","bundle_editable_in_cart":false,"bundle_sold_individually_context":"","bundle_item_grouping":"","bundle_min_size":"","bundle_max_size":"","bundled_items":[],"yoast_head":"<!-- This site is optimized with the Yoast SEO Premium plugin v16.6 (Yoast SEO v20.1) - https:\/\/yoast.com\/wordpress\/plugins\/seo\/ -->\n<title>H2069 - Metize, \u0218uruburi autofiletante - atg.md<\/title>\n<meta name=\"robots\" content=\"index, follow, max-snippet:-1, max-image-preview:large, max-video-preview:-1\" \/>\n<link rel=\"canonical\" href=\"https:\/\/atg.md\/ro\/catalog\/metizy\/samorezy\/h2069\/\" \/>\n<meta property=\"og:locale\" content=\"ro_RO\" \/>\n<meta property=\"og:type\" content=\"article\" \/>\n<meta property=\"og:title\" content=\"H2069 - Metize, \u0218uruburi autofiletante - atg.md\" \/>\n<meta property=\"og:description\" content=\"Dimensiune F: 4,8 Dimensiune H: 22,5 Dimensiune T: 11,4\" \/>\n<meta property=\"og:url\" content=\"https:\/\/atg.md\/ro\/wp-json\/wp\/v2\/product\/9706\" \/>\n<meta property=\"og:site_name\" content=\"atg.md\" \/>\n<meta property=\"article:modified_time\" content=\"2024-07-05T10:46:59+00:00\" \/>\n<meta property=\"og:image\" content=\"https:\/\/atg.md\/wp-content\/uploads\/2021\/03\/h2069.jpg\" \/>\n\t<meta property=\"og:image:width\" content=\"600\" \/>\n\t<meta property=\"og:image:height\" content=\"600\" \/>\n\t<meta property=\"og:image:type\" content=\"image\/jpeg\" \/>\n<meta name=\"twitter:card\" content=\"summary_large_image\" \/>\n<meta name=\"twitter:label1\" content=\"Pre\u021b\" \/>\n\t<meta name=\"twitter:data1\" content=\"6.00&nbsp;MDL\" \/>\n\t<meta name=\"twitter:label2\" content=\"Availability\" \/>\n\t<meta name=\"twitter:data2\" content=\"In stock\" \/>\n<script type=\"application\/ld+json\" class=\"yoast-schema-graph\">{\"@context\":\"https:\/\/schema.org\",\"@graph\":[{\"@type\":\"WebPage\",\"@id\":\"https:\/\/atg.md\/ro\/catalog\/metizy\/samorezy\/h2069\/\",\"url\":\"https:\/\/atg.md\/ro\/catalog\/metizy\/samorezy\/h2069\/\",\"name\":\"H2069 - Metize, \u0218uruburi autofiletante - atg.md\",\"isPartOf\":{\"@id\":\"https:\/\/atg.md\/ro\/#website\"},\"datePublished\":\"2021-03-30T09:23:50+00:00\",\"dateModified\":\"2024-07-05T10:46:59+00:00\",\"breadcrumb\":{\"@id\":\"https:\/\/atg.md\/ro\/catalog\/metizy\/samorezy\/h2069\/#breadcrumb\"},\"inLanguage\":\"ro-RO\",\"potentialAction\":[{\"@type\":\"ReadAction\",\"target\":[[\"https:\/\/atg.md\/ro\/catalog\/metizy\/samorezy\/h2069\/\"]]}]},{\"@type\":\"BreadcrumbList\",\"@id\":\"https:\/\/atg.md\/ro\/catalog\/metizy\/samorezy\/h2069\/#breadcrumb\",\"itemListElement\":[{\"@type\":\"ListItem\",\"position\":1,\"name\":\"Home\",\"item\":\"https:\/\/atg.md\/ro\/\"},{\"@type\":\"ListItem\",\"position\":2,\"name\":\"\u041a\u0430\u0442\u0430\u043b\u043e\u0433\",\"item\":\"https:\/\/atg.md\/ro\/catalog\/\"},{\"@type\":\"ListItem\",\"position\":3,\"name\":\"H2069\"}]},{\"@type\":\"WebSite\",\"@id\":\"https:\/\/atg.md\/ro\/#website\",\"url\":\"https:\/\/atg.md\/ro\/\",\"name\":\"atg.md\",\"description\":\"V\u00e2nzare de izola\u021bii \u00eempotriva vibra\u021biilor pentru ma\u0219ini, izola\u021bie termic\u0103, izolare fonic\u0103 de la cei mai buni produc\u0103tori, autoclipsuri, elemente de fixare auto. Cump\u0103ra\u021bi \u00een Moldova, Chi\u0219in\u0103u\",\"publisher\":{\"@id\":\"https:\/\/atg.md\/ro\/#organization\"},\"potentialAction\":[{\"@type\":\"SearchAction\",\"target\":{\"@type\":\"EntryPoint\",\"urlTemplate\":\"https:\/\/atg.md\/ro\/?s={search_term_string}\"},\"query-input\":\"required name=search_term_string\"}],\"inLanguage\":\"ro-RO\"},{\"@type\":[\"Organization\",\"Place\",\"AutoPartsStore\"],\"@id\":\"https:\/\/atg.md\/ro\/#organization\",\"name\":\"S.C. AUTOTOM GRUP S.R.L.\",\"url\":\"https:\/\/atg.md\/ro\/\",\"logo\":{\"@type\":\"ImageObject\",\"inLanguage\":\"ro-RO\",\"@id\":\"https:\/\/atg.md\/ro\/#\/schema\/logo\/image\/\",\"url\":\"https:\/\/i2.wp.com\/atg.md\/wp-content\/uploads\/2021\/05\/atg_logo_main.png?fit=656%2C569&ssl=1\",\"contentUrl\":\"https:\/\/i2.wp.com\/atg.md\/wp-content\/uploads\/2021\/05\/atg_logo_main.png?fit=656%2C569&ssl=1\",\"width\":656,\"height\":569,\"caption\":\"S.C. AUTOTOM GRUP S.R.L.\"},\"image\":{\"@id\":\"https:\/\/atg.md\/ro\/#\/schema\/logo\/image\/\"},\"location\":{\"@id\":\"https:\/\/atg.md\/ro\/catalog\/metizy\/samorezy\/h2069\/#local-place\"},\"address\":{\"@id\":\"https:\/\/atg.md\/ro\/catalog\/metizy\/samorezy\/h2069\/#local-place-address\"},\"email\":\"atgtvv@gmail.com\",\"telephone\":\"+37369644446\",\"areaServed\":\"Moldova\"},{\"@type\":\"Place\",\"@id\":\"https:\/\/atg.md\/ro\/catalog\/metizy\/samorezy\/h2069\/#local-place\",\"address\":{\"@type\":\"PostalAddress\",\"@id\":\"https:\/\/atg.md\/ro\/catalog\/metizy\/samorezy\/h2069\/#local-place-address\",\"streetAddress\":\"str. Alba-Iulia 77\/20\",\"addressLocality\":\"Chisinau\",\"postalCode\":\"2043\",\"addressRegion\":\"mun. Chisinau\",\"addressCountry\":\"MD\"},\"geo\":{\"@type\":\"GeoCoordinates\",\"latitude\":\"47.0376\",\"longitude\":\"28.76899\"},\"openingHoursSpecification\":[{\"@type\":\"OpeningHoursSpecification\",\"dayOfWeek\":[\"Monday\",\"Tuesday\",\"Wednesday\",\"Thursday\",\"Friday\"],\"opens\":\"09:00\",\"closes\":\"18:00\"},{\"@type\":\"OpeningHoursSpecification\",\"dayOfWeek\":[\"Saturday\"],\"opens\":\"09:00\",\"closes\":\"14:00\"},{\"@type\":\"OpeningHoursSpecification\",\"dayOfWeek\":[\"Sunday\"],\"opens\":\"00:00\",\"closes\":\"00:00\"}],\"telephone\":\"+37369644446\"}]}<\/script>\n<meta name=\"geo.placename\" content=\"Chisinau\" \/>\n<meta name=\"geo.position\" content=\"47.0376;28.76899\" \/>\n<meta name=\"geo.region\" content=\"Moldova\" \/>\n<!-- \/ Yoast SEO Premium plugin. -->","yoast_head_json":{"title":"H2069 - Metize, \u0218uruburi autofiletante - atg.md","robots":{"index":"index","follow":"follow","max-snippet":"max-snippet:-1","max-image-preview":"max-image-preview:large","max-video-preview":"max-video-preview:-1"},"canonical":"https:\/\/atg.md\/ro\/catalog\/metizy\/samorezy\/h2069\/","og_locale":"ro_RO","og_type":"article","og_title":"H2069 - Metize, \u0218uruburi autofiletante - atg.md","og_description":"Dimensiune F: 4,8 Dimensiune H: 22,5 Dimensiune T: 11,4","og_url":"https:\/\/atg.md\/ro\/wp-json\/wp\/v2\/product\/9706","og_site_name":"atg.md","article_modified_time":"2024-07-05T10:46:59+00:00","og_image":[{"width":600,"height":600,"url":"https:\/\/atg.md\/wp-content\/uploads\/2021\/03\/h2069.jpg","type":"image\/jpeg"}],"twitter_card":"summary_large_image","twitter_misc":{"Pre\u021b":"6.00&nbsp;MDL","Availability":"In stock"},"schema":{"@context":"https:\/\/schema.org","@graph":[{"@type":"WebPage","@id":"https:\/\/atg.md\/ro\/catalog\/metizy\/samorezy\/h2069\/","url":"https:\/\/atg.md\/ro\/catalog\/metizy\/samorezy\/h2069\/","name":"H2069 - Metize, \u0218uruburi autofiletante - atg.md","isPartOf":{"@id":"https:\/\/atg.md\/ro\/#website"},"datePublished":"2021-03-30T09:23:50+00:00","dateModified":"2024-07-05T10:46:59+00:00","breadcrumb":{"@id":"https:\/\/atg.md\/ro\/catalog\/metizy\/samorezy\/h2069\/#breadcrumb"},"inLanguage":"ro-RO","potentialAction":[{"@type":"ReadAction","target":[["https:\/\/atg.md\/ro\/catalog\/metizy\/samorezy\/h2069\/"]]}]},{"@type":"BreadcrumbList","@id":"https:\/\/atg.md\/ro\/catalog\/metizy\/samorezy\/h2069\/#breadcrumb","itemListElement":[{"@type":"ListItem","position":1,"name":"Home","item":"https:\/\/atg.md\/ro\/"},{"@type":"ListItem","position":2,"name":"\u041a\u0430\u0442\u0430\u043b\u043e\u0433","item":"https:\/\/atg.md\/ro\/catalog\/"},{"@type":"ListItem","position":3,"name":"H2069"}]},{"@type":"WebSite","@id":"https:\/\/atg.md\/ro\/#website","url":"https:\/\/atg.md\/ro\/","name":"atg.md","description":"V\u00e2nzare de izola\u021bii \u00eempotriva vibra\u021biilor pentru ma\u0219ini, izola\u021bie termic\u0103, izolare fonic\u0103 de la cei mai buni produc\u0103tori, autoclipsuri, elemente de fixare auto. Cump\u0103ra\u021bi \u00een Moldova, Chi\u0219in\u0103u","publisher":{"@id":"https:\/\/atg.md\/ro\/#organization"},"potentialAction":[{"@type":"SearchAction","target":{"@type":"EntryPoint","urlTemplate":"https:\/\/atg.md\/ro\/?s={search_term_string}"},"query-input":"required name=search_term_string"}],"inLanguage":"ro-RO"},{"@type":["Organization","Place","AutoPartsStore"],"@id":"https:\/\/atg.md\/ro\/#organization","name":"S.C. AUTOTOM GRUP S.R.L.","url":"https:\/\/atg.md\/ro\/","logo":{"@type":"ImageObject","inLanguage":"ro-RO","@id":"https:\/\/atg.md\/ro\/#\/schema\/logo\/image\/","url":"https:\/\/i2.wp.com\/atg.md\/wp-content\/uploads\/2021\/05\/atg_logo_main.png?fit=656%2C569&ssl=1","contentUrl":"https:\/\/i2.wp.com\/atg.md\/wp-content\/uploads\/2021\/05\/atg_logo_main.png?fit=656%2C569&ssl=1","width":656,"height":569,"caption":"S.C. AUTOTOM GRUP S.R.L."},"image":{"@id":"https:\/\/atg.md\/ro\/#\/schema\/logo\/image\/"},"location":{"@id":"https:\/\/atg.md\/ro\/catalog\/metizy\/samorezy\/h2069\/#local-place"},"address":{"@id":"https:\/\/atg.md\/ro\/catalog\/metizy\/samorezy\/h2069\/#local-place-address"},"email":"atgtvv@gmail.com","telephone":"+37369644446","areaServed":"Moldova"},{"@type":"Place","@id":"https:\/\/atg.md\/ro\/catalog\/metizy\/samorezy\/h2069\/#local-place","address":{"@type":"PostalAddress","@id":"https:\/\/atg.md\/ro\/catalog\/metizy\/samorezy\/h2069\/#local-place-address","streetAddress":"str. Alba-Iulia 77\/20","addressLocality":"Chisinau","postalCode":"2043","addressRegion":"mun. Chisinau","addressCountry":"MD"},"geo":{"@type":"GeoCoordinates","latitude":"47.0376","longitude":"28.76899"},"openingHoursSpecification":[{"@type":"OpeningHoursSpecification","dayOfWeek":["Monday","Tuesday","Wednesday","Thursday","Friday"],"opens":"09:00","closes":"18:00"},{"@type":"OpeningHoursSpecification","dayOfWeek":["Saturday"],"opens":"09:00","closes":"14:00"},{"@type":"OpeningHoursSpecification","dayOfWeek":["Sunday"],"opens":"00:00","closes":"00:00"}],"telephone":"+37369644446"}]}},"_links":{"self":[{"href":"https:\/\/atg.md\/ro\/wp-json\/wp\/v2\/product\/9706"}],"collection":[{"href":"https:\/\/atg.md\/ro\/wp-json\/wp\/v2\/product"}],"about":[{"href":"https:\/\/atg.md\/ro\/wp-json\/wp\/v2\/types\/product"}],"wp:featuredmedia":[{"embeddable":true,"href":"https:\/\/atg.md\/ro\/wp-json\/wp\/v2\/media\/9707"}],"wp:attachment":[{"href":"https:\/\/atg.md\/ro\/wp-json\/wp\/v2\/media?parent=9706"}],"wp:term":[{"taxonomy":"product_cat","embeddable":true,"href":"https:\/\/atg.md\/ro\/wp-json\/wp\/v2\/product_cat?post=9706"},{"taxonomy":"product_tag","embeddable":true,"href":"https:\/\/atg.md\/ro\/wp-json\/wp\/v2\/product_tag?post=9706"}],"curies":[{"name":"wp","href":"https:\/\/api.w.org\/{rel}","templated":true}]}}