{"id":9700,"date":"2021-03-30T09:23:34","date_gmt":"2021-03-30T09:23:34","guid":{"rendered":"http:\/\/atg.md\/product\/h2066\/"},"modified":"2024-07-05T10:46:58","modified_gmt":"2024-07-05T10:46:58","slug":"h2066","status":"publish","type":"product","link":"https:\/\/atg.md\/ro\/catalog\/metizy\/samorezy\/h2066\/","title":{"rendered":"H2066"},"content":{"rendered":"<p>Modele:<\/p>\n<p>Mitsubishi Airtrek,\u00a0CU2W, CU4W, CU5W<br \/>\nMitsubishi Aspire,\u00a0EA1A, EA3A, EA7A, EC1A, EC3A, EC5A, EC7A<br \/>\nMitsubishi Bravo,\u00a0U41V, U42T, U42TP, U42V<br \/>\nMitsubishi Chariot Grandis,\u00a0N84W, N86W, N94W, N96W<br \/>\nMitsubishi Chariot,\u00a0D02W, D03W, D04W, D05V, D05W, D08W, D09V, D09W, N31W, N33W, N34W, N35W, N38W, N41W, N43W, N44W, N48W, N83W, N84W, N94W<br \/>\nMitsubishi Colt,\u00a0C11A, C12A, C13A, C14A, C15A, C51A, C51V, C52A, C53A, C54A, C58A, C61A, C62A, C63A, C64A, C65A, C66A, C67A, C68A, C69A, C76A, C77A, CA1A, CA2A, CA4A, CA5A, CB1A, CB2A, CB3A, CB4A, CB5A, CB8A, CC4A, CD4A, CJ1A, CJ2A, CJ4A, CJ5A, CK1A, CK2A, CK4A, CK5A, CN9A, CP9A<br \/>\nMitsubishi Debonair,\u00a0S11A, S12A, S12AG<br \/>\nMitsubishi Delica,\u00a0PA3V, PA3W, PA4W, PA5V, PA5W, PB3V, PB4V, PB4W, PB5V, PB5W, PB6W, PC3W, PC4W, PC5W, PD3W, PD4V, PD4W, PD5V, PD5W, PD6W, PD8W, PE8W, PF6W, PF8W<br \/>\nMitsubishi Diamante,\u00a0F07W, F11A, F12A, F13A, F15A, F16A, F17A, F25A, F27A, F31A, F31AK, F34A, F36A, F36W, F38A, F41A, F46A, F47A<br \/>\nMitsubishi Dignity,\u00a0S32A, S33A, S43A<br \/>\nMitsubishi Dingo,\u00a0CQ1A, CQ2A, CQ5A<br \/>\nMitsubishi Eclipse,\u00a0D21A, D22A, D27A, D31A, D32A, D33A, D38A, D39A, D52A, D53A, DK2A, DK4A<br \/>\nMitsubishi Emeraude,\u00a0E52A, E53A, E54A, E57A, E64A, E72A, E74A, E77A, E84A<br \/>\nMitsubishi Endeavor,\u00a0D71W, D81W<br \/>\nMitsubishi Eterna,\u00a0E12A, E13A, E14A, E15A, E16A, E17A, E18A, E32A, E33A, E34A, E35A, E37A, E39A, E52A, E53A, E54A, E57A, E64A, E72A, E74A, E77A, E84A<br \/>\nMitsubishi FTO,\u00a0DE2A, DE3A<br \/>\nMitsubishi GTO,\u00a0Z11A, Z15A, Z16A<br \/>\nMitsubishi Galant,\u00a0DJ1A, DJ3A, DJ5A, DM1A, E11A, E12A, E12AR, E13A, E14A, E14AR, E15A, E15AK, E16A, E17A, E18A, E19A, E31A, E32A, E32AR, E33A, E34A, E34AR, E35A, E37A, E38A, E39A, E52A, E53A, E54A, E55A, E56A, E57A, E64A, E72A, E74A, E75A, E77A, E84A, E88A, EA1A, EA2A, EA2W, EA3A, EA3W, EA4A, EA5A, EA5W, EA6A, EA6W, EA7A, EA8A, EC1A, EC3A, EC5A, EC7A<br \/>\nMitsubishi L200,\u00a0K01T, K02T, K03T, K04T, K05T, K11T, K12T, K13T, K14T, K15T, K22T, K23T, K24T, K25T, K26T, K32T, K33T, K34T, K35T, K36T, K57T, K66T, K72T, K74T, K75T, K76T, K77T<br \/>\nMitsubishi L400,\u00a0PA3V, PA3W, PA4W, PA5V, PA5W, PB3V, PB4V, PB5V, PC3W, PC5W, PD3W, PD4V, PD4W, PD5V, PD5W<br \/>\nMitsubishi Lancer Cedia,\u00a0CS2A, CS2V, CS2W, CS5A, CS5AR, CS5AZ, CS5W, CS6A, CT9A, CT9W<br \/>\nMitsubishi Lancer,\u00a0C11A, C11V, C12A, C12AS, C12V, C12W, C13A, C14A, C14AS, C14V, C14W, C18A, C32V, C34V, C37V, C37W, C61A, C62A, C63A, C64A, C72A, C73A, C74A, CA1A, CA2A, CA3A, CA4A, CA5A, CB1A, CB1W, CB2A, CB2W, CB3A, CB4A, CB4W, CB5A, CB5AR, CB5W, CB6A, CB7A, CB8A, CB8AR, CB8W, CC3A, CC4A, CD3A, CD4W, CD5A, CD7A, CD8A, CD9A, CE9A, CJ1A, CJ2A, CJ4A, CK1A, CK2A, CK4A, CK5AR, CK6A, CK8A, CK8AR, CL2A, CM2A, CM5A, CM8A, CN9A, CP9A, CS1A, CS2A, CS2V, CS2W, CS3A, CS3W, CS5A, CS5AR, CS5AZ, CS5W, CS6A, CS6W, CS7A, CS7W, CS9A, CS9W, CT9A, CT9W<br \/>\nMitsubishi Legnum,\u00a0EA1W, EA3W, EA4W, EA5W, EA7W, EC1W, EC3W, EC4W, EC5W, EC7W<br \/>\nMitsubishi Libero,\u00a0CB1V, CB2V, CB2W, CB4W, CB5W, CB8V, CB8W, CD2V, CD5W, CD8V, CD8W<br \/>\nMitsubishi Minica Toppo,\u00a0H22A, H22V, H27A, H27V<br \/>\nMitsubishi Minica,\u00a0H14V, H22A, H22V, H22VW, H27A, H27V, H27VW, H47A, H47V<br \/>\nMitsubishi Minicab,\u00a0U61T, U61TP, U61V, U61W, U62T, U62TP, U62V, U62W, U63W, U64W<br \/>\nMitsubishi Mirage,\u00a0C11A, C11V, C12A, C12V, C12W, C13A, C14A, C14V, C14W, C18A, C32V, C34V, C37W, C51A, C52A, C53A, C61A, C62A, C63A, C64A, C72A, C73A, C74A, C82A, C83A, CA1A, CA2A, CA3A, CA4A, CA5A, CB1A, CB2A, CB3A, CB4A, CB5A, CB5AR, CB6A, CB7A, CB8A, CB8AR, CC3A, CC4A, CD3A, CD5A, CD7A, CD8A, CD9A, CE9A, CJ1A, CJ2A, CJ4A, CJ5A, CK1A, CK2A, CK4A, CK5A, CK5AR, CK6A, CK8A, CK8AR, CL2A, CM2A, CM5A, CM8A, CN9A, CP9A, CQ1A, CQ2A, CQ5A<br \/>\nMitsubishi Montero Sport,\u00a0KR1W, KR3W, KR5W, KS1W, KS3W, KS5W<br \/>\nMitsubishi Montero,\u00a0H65W, H66W, H67W, H76W, H77W, L042G, L043G, L044G, L047G, L048G, L049G, L141G, L144G, L146G, L149G, V63W, V64W, V65W, V66W, V67W, V68W, V73W, V74W, V75W, V76W, V77W, V78W<br \/>\nMitsubishi Outlander,\u00a0CU2W, CU4W, CU5W<br \/>\nMitsubishi Pajero Junior,\u00a0H57A<br \/>\nMitsubishi Pajero Mini,\u00a0H51A, H56A<br \/>\nMitsubishi Pajero Pinin,\u00a0H66W, H67W, H77W<br \/>\nMitsubishi Pajero Sport,\u00a0KR1W, KR3W, KS1W, KS3W, KS5W<br \/>\nMitsubishi Pajero iO,\u00a0H61W, H62W, H65W, H66W, H67W, H71W, H72W, H76W, H77W<br \/>\nMitsubishi Pajero,\u00a0H65W, H66W, H67W, H76W, H77W, KR1W, KR3W, KR5W, KS1W, KS3W, KS5W, L041G, L042G, L043G, L044G, L044GV, L046G, L047G, L048G, L049G, L049GV, L049GW, L141G, L141GW, L144G, L144GW, L144GWG, L146G, L146GW, L146GWG, L149G, L149GW, L149GWG, V14V, V21W, V23C, V23W, V24C, V24V, V24W, V24WG, V25C, V25W, V26C, V26W, V26WG, V34V, V43W, V44W, V44WG, V45W, V46V, V46W, V46WG, V47WG, V63W, V64W, V65W, V66W, V67W, V68W, V73W, V74W, V75W, V76W, V77W, V78W<br \/>\nMitsubishi Proudia,\u00a0S32A, S33A, S43A<br \/>\nMitsubishi RVR,\u00a0N11W, N13W, N14W, N18W, N21W, N21WG, N23W, N23WG, N24W, N28W, N28WG, N61W, N63W, N64W, N64WG, N71W, N73WG, N74WG<br \/>\nMitsubishi Sapporo,\u00a0E16A<br \/>\nMitsubishi Sigma,\u00a0F07W, F11A, F12A, F13A, F13AK, F15A, F16A, F17A, F25A, F27A, F36A, F38A<br \/>\nMitsubishi Starion,\u00a0A182A, A183A, A184A, A187A<br \/>\nMitsubishi Strada,\u00a0K34T, K74T<br \/>\nMitsubishi Toppo BJ Wide,\u00a0H43A, H46A, H47A, H47V, H48A<br \/>\nMitsubishi Toppo BJ,\u00a0H43A, H46A, H47A, H47V, H48A<br \/>\nMitsubishi Town Box Wide,\u00a0U61T, U61TP, U61V, U61W, U62T, U62TP, U62V, U62W, U63W, U64W<br \/>\nMitsubishi Town Box,\u00a0U61T, U61TP, U61V, U61W, U62T, U62TP, U62V, U62W, U63W, U64W<\/p>","protected":false},"excerpt":{"rendered":"<p>Dimensiune F: 5,9<br \/>\nDimensiune H: 23,3<br \/>\nDimensiune T: 10<\/p>\n","protected":false},"featured_media":9701,"template":"","meta":[],"product_cat":[1243,1245],"product_tag":[],"bundled_by":[],"bundle_stock_status":"instock","bundle_stock_quantity":null,"bundle_virtual":false,"bundle_layout":"","bundle_add_to_cart_form_location":"","bundle_editable_in_cart":false,"bundle_sold_individually_context":"","bundle_item_grouping":"","bundle_min_size":"","bundle_max_size":"","bundled_items":[],"yoast_head":"<!-- This site is optimized with the Yoast SEO Premium plugin v16.6 (Yoast SEO v20.1) - https:\/\/yoast.com\/wordpress\/plugins\/seo\/ -->\n<title>H2066 - Metize, \u0218uruburi autofiletante - atg.md<\/title>\n<meta name=\"robots\" content=\"index, follow, max-snippet:-1, max-image-preview:large, max-video-preview:-1\" \/>\n<link rel=\"canonical\" href=\"https:\/\/atg.md\/ro\/catalog\/metizy\/samorezy\/h2066\/\" \/>\n<meta property=\"og:locale\" content=\"ro_RO\" \/>\n<meta property=\"og:type\" content=\"article\" \/>\n<meta property=\"og:title\" content=\"H2066 - Metize, \u0218uruburi autofiletante - atg.md\" \/>\n<meta property=\"og:description\" content=\"Dimensiune F: 5,9 Dimensiune H: 23,3 Dimensiune T: 10\" \/>\n<meta property=\"og:url\" content=\"https:\/\/atg.md\/ro\/wp-json\/wp\/v2\/product\/9700\" \/>\n<meta property=\"og:site_name\" content=\"atg.md\" \/>\n<meta property=\"article:modified_time\" content=\"2024-07-05T10:46:58+00:00\" \/>\n<meta property=\"og:image\" content=\"https:\/\/atg.md\/wp-content\/uploads\/2021\/03\/h2066.jpg\" \/>\n\t<meta property=\"og:image:width\" content=\"600\" \/>\n\t<meta property=\"og:image:height\" content=\"600\" \/>\n\t<meta property=\"og:image:type\" content=\"image\/jpeg\" \/>\n<meta name=\"twitter:card\" content=\"summary_large_image\" \/>\n<meta name=\"twitter:label1\" content=\"Pre\u021b\" \/>\n\t<meta name=\"twitter:data1\" content=\"7.00&nbsp;MDL\" \/>\n\t<meta name=\"twitter:label2\" content=\"Availability\" \/>\n\t<meta name=\"twitter:data2\" content=\"In stock\" \/>\n<script type=\"application\/ld+json\" class=\"yoast-schema-graph\">{\"@context\":\"https:\/\/schema.org\",\"@graph\":[{\"@type\":\"WebPage\",\"@id\":\"https:\/\/atg.md\/ro\/catalog\/metizy\/samorezy\/h2066\/\",\"url\":\"https:\/\/atg.md\/ro\/catalog\/metizy\/samorezy\/h2066\/\",\"name\":\"H2066 - Metize, \u0218uruburi autofiletante - atg.md\",\"isPartOf\":{\"@id\":\"https:\/\/atg.md\/ro\/#website\"},\"datePublished\":\"2021-03-30T09:23:34+00:00\",\"dateModified\":\"2024-07-05T10:46:58+00:00\",\"breadcrumb\":{\"@id\":\"https:\/\/atg.md\/ro\/catalog\/metizy\/samorezy\/h2066\/#breadcrumb\"},\"inLanguage\":\"ro-RO\",\"potentialAction\":[{\"@type\":\"ReadAction\",\"target\":[[\"https:\/\/atg.md\/ro\/catalog\/metizy\/samorezy\/h2066\/\"]]}]},{\"@type\":\"BreadcrumbList\",\"@id\":\"https:\/\/atg.md\/ro\/catalog\/metizy\/samorezy\/h2066\/#breadcrumb\",\"itemListElement\":[{\"@type\":\"ListItem\",\"position\":1,\"name\":\"Home\",\"item\":\"https:\/\/atg.md\/ro\/\"},{\"@type\":\"ListItem\",\"position\":2,\"name\":\"\u041a\u0430\u0442\u0430\u043b\u043e\u0433\",\"item\":\"https:\/\/atg.md\/ro\/catalog\/\"},{\"@type\":\"ListItem\",\"position\":3,\"name\":\"H2066\"}]},{\"@type\":\"WebSite\",\"@id\":\"https:\/\/atg.md\/ro\/#website\",\"url\":\"https:\/\/atg.md\/ro\/\",\"name\":\"atg.md\",\"description\":\"V\u00e2nzare de izola\u021bii \u00eempotriva vibra\u021biilor pentru ma\u0219ini, izola\u021bie termic\u0103, izolare fonic\u0103 de la cei mai buni produc\u0103tori, autoclipsuri, elemente de fixare auto. Cump\u0103ra\u021bi \u00een Moldova, Chi\u0219in\u0103u\",\"publisher\":{\"@id\":\"https:\/\/atg.md\/ro\/#organization\"},\"potentialAction\":[{\"@type\":\"SearchAction\",\"target\":{\"@type\":\"EntryPoint\",\"urlTemplate\":\"https:\/\/atg.md\/ro\/?s={search_term_string}\"},\"query-input\":\"required name=search_term_string\"}],\"inLanguage\":\"ro-RO\"},{\"@type\":[\"Organization\",\"Place\",\"AutoPartsStore\"],\"@id\":\"https:\/\/atg.md\/ro\/#organization\",\"name\":\"S.C. AUTOTOM GRUP S.R.L.\",\"url\":\"https:\/\/atg.md\/ro\/\",\"logo\":{\"@type\":\"ImageObject\",\"inLanguage\":\"ro-RO\",\"@id\":\"https:\/\/atg.md\/ro\/#\/schema\/logo\/image\/\",\"url\":\"https:\/\/i2.wp.com\/atg.md\/wp-content\/uploads\/2021\/05\/atg_logo_main.png?fit=656%2C569&ssl=1\",\"contentUrl\":\"https:\/\/i2.wp.com\/atg.md\/wp-content\/uploads\/2021\/05\/atg_logo_main.png?fit=656%2C569&ssl=1\",\"width\":656,\"height\":569,\"caption\":\"S.C. AUTOTOM GRUP S.R.L.\"},\"image\":{\"@id\":\"https:\/\/atg.md\/ro\/#\/schema\/logo\/image\/\"},\"location\":{\"@id\":\"https:\/\/atg.md\/ro\/catalog\/metizy\/samorezy\/h2066\/#local-place\"},\"address\":{\"@id\":\"https:\/\/atg.md\/ro\/catalog\/metizy\/samorezy\/h2066\/#local-place-address\"},\"email\":\"atgtvv@gmail.com\",\"telephone\":\"+37369644446\",\"areaServed\":\"Moldova\"},{\"@type\":\"Place\",\"@id\":\"https:\/\/atg.md\/ro\/catalog\/metizy\/samorezy\/h2066\/#local-place\",\"address\":{\"@type\":\"PostalAddress\",\"@id\":\"https:\/\/atg.md\/ro\/catalog\/metizy\/samorezy\/h2066\/#local-place-address\",\"streetAddress\":\"str. Alba-Iulia 77\/20\",\"addressLocality\":\"Chisinau\",\"postalCode\":\"2043\",\"addressRegion\":\"mun. Chisinau\",\"addressCountry\":\"MD\"},\"geo\":{\"@type\":\"GeoCoordinates\",\"latitude\":\"47.0376\",\"longitude\":\"28.76899\"},\"openingHoursSpecification\":[{\"@type\":\"OpeningHoursSpecification\",\"dayOfWeek\":[\"Monday\",\"Tuesday\",\"Wednesday\",\"Thursday\",\"Friday\"],\"opens\":\"09:00\",\"closes\":\"18:00\"},{\"@type\":\"OpeningHoursSpecification\",\"dayOfWeek\":[\"Saturday\"],\"opens\":\"09:00\",\"closes\":\"14:00\"},{\"@type\":\"OpeningHoursSpecification\",\"dayOfWeek\":[\"Sunday\"],\"opens\":\"00:00\",\"closes\":\"00:00\"}],\"telephone\":\"+37369644446\"}]}<\/script>\n<meta name=\"geo.placename\" content=\"Chisinau\" \/>\n<meta name=\"geo.position\" content=\"47.0376;28.76899\" \/>\n<meta name=\"geo.region\" content=\"Moldova\" \/>\n<!-- \/ Yoast SEO Premium plugin. -->","yoast_head_json":{"title":"H2066 - Metize, \u0218uruburi autofiletante - atg.md","robots":{"index":"index","follow":"follow","max-snippet":"max-snippet:-1","max-image-preview":"max-image-preview:large","max-video-preview":"max-video-preview:-1"},"canonical":"https:\/\/atg.md\/ro\/catalog\/metizy\/samorezy\/h2066\/","og_locale":"ro_RO","og_type":"article","og_title":"H2066 - Metize, \u0218uruburi autofiletante - atg.md","og_description":"Dimensiune F: 5,9 Dimensiune H: 23,3 Dimensiune T: 10","og_url":"https:\/\/atg.md\/ro\/wp-json\/wp\/v2\/product\/9700","og_site_name":"atg.md","article_modified_time":"2024-07-05T10:46:58+00:00","og_image":[{"width":600,"height":600,"url":"https:\/\/atg.md\/wp-content\/uploads\/2021\/03\/h2066.jpg","type":"image\/jpeg"}],"twitter_card":"summary_large_image","twitter_misc":{"Pre\u021b":"7.00&nbsp;MDL","Availability":"In stock"},"schema":{"@context":"https:\/\/schema.org","@graph":[{"@type":"WebPage","@id":"https:\/\/atg.md\/ro\/catalog\/metizy\/samorezy\/h2066\/","url":"https:\/\/atg.md\/ro\/catalog\/metizy\/samorezy\/h2066\/","name":"H2066 - Metize, \u0218uruburi autofiletante - atg.md","isPartOf":{"@id":"https:\/\/atg.md\/ro\/#website"},"datePublished":"2021-03-30T09:23:34+00:00","dateModified":"2024-07-05T10:46:58+00:00","breadcrumb":{"@id":"https:\/\/atg.md\/ro\/catalog\/metizy\/samorezy\/h2066\/#breadcrumb"},"inLanguage":"ro-RO","potentialAction":[{"@type":"ReadAction","target":[["https:\/\/atg.md\/ro\/catalog\/metizy\/samorezy\/h2066\/"]]}]},{"@type":"BreadcrumbList","@id":"https:\/\/atg.md\/ro\/catalog\/metizy\/samorezy\/h2066\/#breadcrumb","itemListElement":[{"@type":"ListItem","position":1,"name":"Home","item":"https:\/\/atg.md\/ro\/"},{"@type":"ListItem","position":2,"name":"\u041a\u0430\u0442\u0430\u043b\u043e\u0433","item":"https:\/\/atg.md\/ro\/catalog\/"},{"@type":"ListItem","position":3,"name":"H2066"}]},{"@type":"WebSite","@id":"https:\/\/atg.md\/ro\/#website","url":"https:\/\/atg.md\/ro\/","name":"atg.md","description":"V\u00e2nzare de izola\u021bii \u00eempotriva vibra\u021biilor pentru ma\u0219ini, izola\u021bie termic\u0103, izolare fonic\u0103 de la cei mai buni produc\u0103tori, autoclipsuri, elemente de fixare auto. Cump\u0103ra\u021bi \u00een Moldova, Chi\u0219in\u0103u","publisher":{"@id":"https:\/\/atg.md\/ro\/#organization"},"potentialAction":[{"@type":"SearchAction","target":{"@type":"EntryPoint","urlTemplate":"https:\/\/atg.md\/ro\/?s={search_term_string}"},"query-input":"required name=search_term_string"}],"inLanguage":"ro-RO"},{"@type":["Organization","Place","AutoPartsStore"],"@id":"https:\/\/atg.md\/ro\/#organization","name":"S.C. AUTOTOM GRUP S.R.L.","url":"https:\/\/atg.md\/ro\/","logo":{"@type":"ImageObject","inLanguage":"ro-RO","@id":"https:\/\/atg.md\/ro\/#\/schema\/logo\/image\/","url":"https:\/\/i2.wp.com\/atg.md\/wp-content\/uploads\/2021\/05\/atg_logo_main.png?fit=656%2C569&ssl=1","contentUrl":"https:\/\/i2.wp.com\/atg.md\/wp-content\/uploads\/2021\/05\/atg_logo_main.png?fit=656%2C569&ssl=1","width":656,"height":569,"caption":"S.C. AUTOTOM GRUP S.R.L."},"image":{"@id":"https:\/\/atg.md\/ro\/#\/schema\/logo\/image\/"},"location":{"@id":"https:\/\/atg.md\/ro\/catalog\/metizy\/samorezy\/h2066\/#local-place"},"address":{"@id":"https:\/\/atg.md\/ro\/catalog\/metizy\/samorezy\/h2066\/#local-place-address"},"email":"atgtvv@gmail.com","telephone":"+37369644446","areaServed":"Moldova"},{"@type":"Place","@id":"https:\/\/atg.md\/ro\/catalog\/metizy\/samorezy\/h2066\/#local-place","address":{"@type":"PostalAddress","@id":"https:\/\/atg.md\/ro\/catalog\/metizy\/samorezy\/h2066\/#local-place-address","streetAddress":"str. Alba-Iulia 77\/20","addressLocality":"Chisinau","postalCode":"2043","addressRegion":"mun. Chisinau","addressCountry":"MD"},"geo":{"@type":"GeoCoordinates","latitude":"47.0376","longitude":"28.76899"},"openingHoursSpecification":[{"@type":"OpeningHoursSpecification","dayOfWeek":["Monday","Tuesday","Wednesday","Thursday","Friday"],"opens":"09:00","closes":"18:00"},{"@type":"OpeningHoursSpecification","dayOfWeek":["Saturday"],"opens":"09:00","closes":"14:00"},{"@type":"OpeningHoursSpecification","dayOfWeek":["Sunday"],"opens":"00:00","closes":"00:00"}],"telephone":"+37369644446"}]}},"_links":{"self":[{"href":"https:\/\/atg.md\/ro\/wp-json\/wp\/v2\/product\/9700"}],"collection":[{"href":"https:\/\/atg.md\/ro\/wp-json\/wp\/v2\/product"}],"about":[{"href":"https:\/\/atg.md\/ro\/wp-json\/wp\/v2\/types\/product"}],"wp:featuredmedia":[{"embeddable":true,"href":"https:\/\/atg.md\/ro\/wp-json\/wp\/v2\/media\/9701"}],"wp:attachment":[{"href":"https:\/\/atg.md\/ro\/wp-json\/wp\/v2\/media?parent=9700"}],"wp:term":[{"taxonomy":"product_cat","embeddable":true,"href":"https:\/\/atg.md\/ro\/wp-json\/wp\/v2\/product_cat?post=9700"},{"taxonomy":"product_tag","embeddable":true,"href":"https:\/\/atg.md\/ro\/wp-json\/wp\/v2\/product_tag?post=9700"}],"curies":[{"name":"wp","href":"https:\/\/api.w.org\/{rel}","templated":true}]}}