{"id":9613,"date":"2021-03-30T09:23:03","date_gmt":"2021-03-30T09:23:03","guid":{"rendered":"http:\/\/atg.md\/product\/h2009\/"},"modified":"2024-07-05T10:46:28","modified_gmt":"2024-07-05T10:46:28","slug":"h2009","status":"publish","type":"product","link":"https:\/\/atg.md\/ro\/catalog\/metizy\/samorezy\/h2009\/","title":{"rendered":"H2009"},"content":{"rendered":"<p>Modele:<\/p>\n<p>Lexus ES300,\u00a0MCV20, MCV30, MCV31<br \/>\nLexus ES330,\u00a0MCV30, MCV31<br \/>\nLexus ES350,\u00a0GSV40<br \/>\nLexus GS300,\u00a0GRS190, GRS191, GRS195, GRS196, JZS147, JZS160, URS190, UZS160, UZS161, UZS190<br \/>\nLexus GS400,\u00a0JZS160, UZS160, UZS161<br \/>\nLexus GS430,\u00a0GRS190, GRS191, GRS195, GRS196, JZS160, URS190, UZS160, UZS161, UZS190<br \/>\nLexus GS450h,\u00a0GWS191<br \/>\nLexus GS460,\u00a0GRS190, GRS191, GRS195, GRS196, URS190, UZS190<br \/>\nLexus GX470,\u00a0UZJ120<br \/>\nLexus IS F,\u00a0USE20<br \/>\nLexus IS200,\u00a0GXE10, JCE10<br \/>\nLexus IS220d,\u00a0ALE20, GSE20<br \/>\nLexus IS250,\u00a0ALE20, GSE20, GSE21, GSE25<br \/>\nLexus IS300,\u00a0GSE22, GXE10, JCE10<br \/>\nLexus LS400,\u00a0UCF10, UCF20<br \/>\nLexus LS430,\u00a0UCF30<br \/>\nLexus LS460,\u00a0USF40, USF41<br \/>\nLexus LS460L,\u00a0USF40, USF41<br \/>\nLexus LS600h,\u00a0UVF45, UVF46<br \/>\nLexus LS600hL,\u00a0UVF45, UVF46<br \/>\nLexus LX470,\u00a0UZJ100<br \/>\nLexus LX570,\u00a0URJ201, URJ201W<br \/>\nLexus RX300,\u00a0GSU35, MCU10, MCU15, MCU35, MCU38<br \/>\nLexus RX330,\u00a0GSU30, GSU35, MCU33, MCU35, MCU38<br \/>\nLexus RX400h,\u00a0MHU33, MHU38<br \/>\nLexus SC430,\u00a0UZZ40<br \/>\nNissan Cube,\u00a0ANZ10, AZ10, Z10<br \/>\nNissan March,\u00a0AK11, ANK11, K11<br \/>\nToyota 4Runner,\u00a0GRN210, GRN215, KZN215, UZN210, UZN215<br \/>\nToyota Allion,\u00a0AZT240, NZT240, NZT260, ZRT260, ZRT261, ZRT265, ZZT240, ZZT245<br \/>\nToyota Alphard,\u00a0ANH10, ANH10W, ANH15, ANH15W, ANH20, ANH20W, ANH25, ANH25W, ATH10, ATH10W, ATH20, ATH20W, GGH20, GGH20W, GGH25, GGH25W, MNH10, MNH10W, MNH15, MNH15W<br \/>\nToyota Altezza,\u00a0GXE10, GXE10W, GXE15, GXE15W, JCE10, JCE10W, JCE15, JCE15W, SXE10<br \/>\nToyota Aqua,\u00a0NHP10, NHP10H<br \/>\nToyota Aristo,\u00a0JZS147, JZS147E, JZS160, JZS161, UZS143, UZS143E<br \/>\nToyota Auris,\u00a0ADE150, ADE157, NDE150, NZE151, NZE151H, NZE154, NZE154H, NZE181, NZE181H, NZE184, NZE184H, ZRE151, ZRE152, ZRE152H, ZRE154, ZRE154H, ZRE186, ZRE186H, ZZE150<br \/>\nToyota Avalon,\u00a0MCX10, MCX20<br \/>\nToyota Avensis Verso,\u00a0ACM20, ACM21, CLM20<br \/>\nToyota Avensis,\u00a0ADT250, ADT251, AZT250, AZT250L, AZT250W, AZT251, AZT251L, AZT251W, CDT250, ZRT272, ZRT272W, ZZT250, ZZT251, ZZT251L<br \/>\nToyota Aygo,\u00a0KGB10, WNB10<br \/>\nToyota Belta,\u00a0KSP92, NCP96, SCP92<br \/>\nToyota Blade,\u00a0AZE154, AZE154H, AZE156, AZE156H, GRE156, GRE156H<br \/>\nToyota Brevis,\u00a0JCG10, JCG11, JCG15<br \/>\nToyota Caldina,\u00a0AT191, AT191G, AZT241, AZT241W, AZT246, AZT246W, CT190, CT190G, CT196, CT196V, CT197, CT197V, CT198, CT198V, CT199, CT199V, ET196, ET196V, ST190, ST190G, ST191, ST191G, ST195, ST195G, ST198, ST198V, ST246, ST246W, ZZT241, ZZT241W<br \/>\nToyota Camry Gracia,\u00a0MCV21, MCV21W, MCV25, MCV25W, SXV20, SXV20W, SXV25, SXV25W<br \/>\nToyota Camry,\u00a0ACV30, ACV30L, ACV40, ACV45, AHV40, CV40, CV43, GSV40, MCV20, MCV30, MCV30L, MCV31, SV40, SV41, SV42, SV43, SXV20, SXV23<br \/>\nToyota Carina E,\u00a0AT190, AT190L, AT191, AT191L, CT190, CT190L, ST191, ST191L<br \/>\nToyota Carina ED,\u00a0ST180, ST181, ST182, ST183, ST200, ST201, ST202, ST203, ST205<br \/>\nToyota Carina,\u00a0AT190, AT191, AT192, CT190, CT195, ST190, ST195<br \/>\nToyota Celica,\u00a0AT180, AT200, ST182, ST183, ST183C, ST184, ST185, ST202, ST202C, ST203, ST204, ST205<br \/>\nToyota Celsior,\u00a0UCF10, UCF11, UCF20, UCF21, UCF30, UCF31<br \/>\nToyota Century,\u00a0GZG50<br \/>\nToyota Chaser,\u00a0GX100, GX105, JZX100, JZX101, JZX105, LX100, SX100<br \/>\nToyota Corolla Axio,\u00a0NKE165, NRE160, NZE141, NZE144, NZE161, NZE164, ZRE142, ZRE144, ZRE162<br \/>\nToyota Corolla Ceres,\u00a0AE100, AE101<br \/>\nToyota Corolla Fielder,\u00a0NKE165, NKE165G, NRE160, NZE141, NZE141G, NZE144, NZE144G, NZE161, NZE161G, NZE164, NZE164G, ZRE142, ZRE142G, ZRE144, ZRE144G, ZRE162, ZRE162G<br \/>\nToyota Corolla II,\u00a0AL20, AL21, EL30, EL31, EL51, EL53, EL55, NL30, NL50<br \/>\nToyota Corolla Levin,\u00a0AE100, AE101, AE110, AE111<br \/>\nToyota Corolla Rumion,\u00a0NZE151, NZE151N, ZRE152, ZRE152N, ZRE154, ZRE154N<br \/>\nToyota Corolla Spacio,\u00a0AE111, AE111N, AE115, AE115N<br \/>\nToyota Corolla Verso,\u00a0AUR10, CUR10, ZNR10, ZNR11, ZNR11L<br \/>\nToyota Corolla,\u00a0ADE150, AE100, AE100G, AE101, AE101G, AE102, AE103, AE104, AE104G, AE109, AE109V, AE110, AE111, AE112, AE114, AE115, CDE110, CDE120, CE100, CE100G, CE101, CE101G, CE102, CE102G, CE104, CE105, CE105V, CE106, CE106V, CE107, CE107V, CE108, CE108G, CE109, CE109V, CE110, CE113, CE114, CE116, CE140, EE100, EE101, EE102, EE102V, EE103, EE103V, EE104, EE104G, EE105, EE106, EE106V, EE107, EE107V, EE108, EE108G, EE110, EE111, NDE120, NDE150, NZE141, WZE110, ZRE142, ZRE151, ZRE152, ZZE110, ZZE111, ZZE112, ZZE120, ZZE120L, ZZE121, ZZE121L, ZZE123, ZZE123L, ZZE130, ZZE131, ZZE132, ZZE133, ZZE134, ZZE141, ZZE142, ZZE150<br \/>\nToyota Corona Exiv,\u00a0ST180, ST181, ST182, ST183, ST200, ST201, ST202, ST203, ST205<br \/>\nToyota Corona,\u00a0AT190, CT190, CT195, ST190, ST191, ST195<br \/>\nToyota Corsa,\u00a0EL30, EL31, EL51, EL53, EL55, NL30, NL50<br \/>\nToyota Cresta,\u00a0GX100, GX105, JZX100, JZX101, JZX105, LX100<br \/>\nToyota Crown Majesta,\u00a0GRS180, GRS181, GRS182, GRS183, GRS184, GS141, GS151, GS171, JKS175, JZS141, JZS143, JZS145, JZS147, JZS149, JZS151, JZS153, JZS155, JZS157, JZS171, JZS173, JZS175, JZS177, JZS179, LS141, LS151, URS206, UZS141, UZS143, UZS145, UZS147, UZS151, UZS155, UZS157, UZS171, UZS173, UZS175, UZS186, UZS187, UZS207<br \/>\nToyota Crown,\u00a0AWS210, GBS12, GRS180, GRS181, GRS182, GRS183, GRS184, GRS188, GRS200, GRS201, GRS202, GRS203, GRS204, GRS210, GRS211, GRS214, GS141, GS151, GS151H, GS171, GS171W, GWS204, GWS214, GXS10, GXS12, JKS175, JZS141, JZS143, JZS145, JZS147, JZS149, JZS151, JZS153, JZS155, JZS157, JZS171, JZS171W, JZS173, JZS173W, JZS175, JZS175W, JZS177, JZS179, LS141, LS151, LS151H, LXS11, SXS11, SXS13, TSS10, TSS10H, TSS11, TSS13, UZS141, UZS143, UZS145, UZS147, UZS151, UZS155, UZS157, UZS171, UZS173, UZS175, UZS186, UZS187, YXS10, YXS10H, YXS11<br \/>\nToyota Curren,\u00a0ST206, ST207, ST208<br \/>\nToyota Cynos,\u00a0EL52, EL52C, EL54, EL54C<br \/>\nToyota Dyna,\u00a0XKU700, XKU710, XKU720, XZC710, XZU700, XZU710, XZU720, XZU730, XZU775<br \/>\nToyota Echo Verso,\u00a0NCP20, NCP21, NCP22, NLP20, NLP22<br \/>\nToyota Echo,\u00a0NCP10, NCP11, NCP12, NCP13, SCP10<br \/>\nToyota Estima Emina,\u00a0CXR10, CXR10G, CXR11, CXR11G, TCR10, TCR10G, TCR11, TCR11G<br \/>\nToyota Estima Lucida,\u00a0CXR10, CXR10G, CXR11, CXR11G, TCR10, TCR10G, TCR11, TCR11G<br \/>\nToyota Estima,\u00a0ACR30, ACR30W, ACR50, ACR50W, ACR55, ACR55W, AHR10, AHR10W, AHR20, AHR20W, GSR50, GSR50W, GSR55, GSR55W, MCR30, MCR30W, TCR10, TCR10W, TCR11, TCR11W<br \/>\nToyota FJ Cruiser,\u00a0GSJ10, GSJ10W, GSJ15, GSJ15W<br \/>\nToyota Funcargo,\u00a0NCP20, NCP21, NCP25<br \/>\nToyota Gaia,\u00a0ACM10, ACM10G, ACM15, ACM15G, CXM10, CXM10G, SXM10, SXM10G, SXM15, SXM15G<br \/>\nToyota Grand Hiace,\u00a0KCH10, KCH10W, KCH12, KCH16, KCH16W, RCH11, VCH10, VCH10W, VCH16, VCH16W<br \/>\nToyota Granvia,\u00a0KCH10, KCH10W, KCH12, KCH16, KCH16W, RCH11, RCH11W, VCH10, VCH10W, VCH16, VCH16W<br \/>\nToyota Harrier,\u00a0ACU10, ACU10W, ACU15, ACU15W, ACU30, ACU30W, ACU35, ACU35W, AVU65, AVU65W, GSU30, GSU30W, GSU31, GSU31W, GSU35, GSU35W, GSU36, GSU36W, MCU10, MCU10W, MCU15, MCU15W, MCU30, MCU30W, MCU31, MCU31W, MCU35, MCU35W, MCU36, MCU36W, MHU38, MHU38W, SXU10, SXU10W, SXU15, SXU15W, ZSU60, ZSU60W, ZSU65, ZSU65W<br \/>\nToyota Hiace,\u00a0KDH200, KDH200K, KDH200V, KDH201, KDH201K, KDH201V, KDH202, KDH202L, KDH203, KDH212, KDH212L, KDH220, KDH220K, KDH221, KDH221K, KDH222, KDH222B, KDH222L, KDH223, KDH223B, KDH223L, KLH12, KLH18, KLH22, KLH28, LH102, LH102V, LH103, LH103V, LH104, LH105, LH108, LH112, LH113, LH113K, LH113V, LH114, LH115, LH118, LH125, LH162, LH162V, LH164, LH166, LH172, LH172K, LH172V, LH174, LH176, LH184, LH200, LH202, LH212, LH222, LXH12, LXH18, LXH22, LXH28, RCH12, RCH13, RCH18, RCH19, RCH22, RCH23, RCH28, RCH29, RZH102, RZH102V, RZH103, RZH104, RZH105, RZH109, RZH112, RZH112K, RZH112V, RZH113, RZH114, RZH115, RZH119, RZH125, RZH155, TRH201, TRH203, TRH203L, TRH213, TRH213L, TRH221, TRH221K, TRH223, TRH223B, TRH223L<br \/>\nToyota Highlander,\u00a0ACU20, ACU20L, ACU25, ACU25L, GSU40, GSU40L, GSU45, MCU20, MCU20L, MCU23, MCU23L, MCU25, MCU25L, MCU28, MCU28L, MHU23, MHU28, MHU48<br \/>\nToyota Hilux Surf,\u00a0GRN215, GRN215W, KDN215, KDN215W, RZN210, RZN210W, RZN215, RZN215W, TRN210, TRN210W, TRN215, TRN215W, VZN210, VZN210W, VZN215, VZN215W<br \/>\nToyota Ipsum,\u00a0ACM21, ACM21W, ACM26, ACM26W, CXM10, CXM10G, SXM10, SXM10G, SXM15, SXM15G<br \/>\nToyota Isis,\u00a0ANM10, ANM10G, ANM10W, ANM15, ANM15G, ANM15W, ZGM10, ZGM10G, ZGM10W, ZGM11, ZGM11G, ZGM11W, ZGM15, ZGM15G, ZGM15W, ZNM10, ZNM10G, ZNM10W<br \/>\nToyota Kluger V,\u00a0ACU20, ACU20W, ACU25, ACU25W, MCU20, MCU20W, MCU25, MCU25W, MCU28, MHU28, MHU28W<br \/>\nToyota Land Cruiser Prado,\u00a0GRJ120, GRJ120W, GRJ121, GRJ121W, GRJ125, GRJ125W, GRJ150, GRJ150L, GRJ150W, GRJ151, GRJ151W, KDJ120, KDJ120W, KDJ121, KDJ121W, KDJ125, KDJ125W, KZJ120, LJ120, LJ125, RZJ120, RZJ120W, RZJ125, RZJ125W, TRJ120, TRJ120W, TRJ125, TRJ125W, TRJ150, TRJ150L, TRJ150W, VZJ120, VZJ120W, VZJ121, VZJ121W, VZJ125, VZJ125W<br \/>\nToyota Land Cruiser,\u00a0FZJ100, FZJ105, GRJ200, HDJ100, HDJ100L, HDJ101, HDJ101K, HZJ105, HZJ105L, URJ200, URJ202, URJ202W, UZJ100, UZJ100L, UZJ100W, UZJ200, UZJ200W, VDJ200<br \/>\nToyota Lite Ace Noah,\u00a0CR40, CR40G, CR41, CR42, KR41, KR42, SR40, SR40G<br \/>\nToyota Lite Ace,\u00a0CR21, CR21G, CR22, CR22G, CR27, CR27V, CR28, CR29, CR29G, CR41, CR41V, KR21, KR27, KR27V, KR28, KR42, KR42V, SR40, YR21, YR21G, YR22, YR25, YR25V, YR29, YR39<br \/>\nToyota MR-S,\u00a0ZZW30<br \/>\nToyota MR2,\u00a0ZZW30<br \/>\nToyota Mark II Wagon Blit,\u00a0GX110, GX110W, GX115, GX115W, JZX110, JZX110W, JZX115, JZX115W<br \/>\nToyota Mark II Wagon Qualis,\u00a0MCV20, MCV20W, MCV21, MCV21W, MCV25, MCV25W, SXV20, SXV20W, SXV25, SXV25W<br \/>\nToyota Mark II,\u00a0GX100, GX105, JZX100, JZX101, JZX105, LX100<br \/>\nToyota Mark X,\u00a0ANA10, ANA15, GGA10, GRX120, GRX121, GRX125, GRX130, GRX133, GRX135<br \/>\nToyota Matrix,\u00a0ZZE130, ZZE131, ZZE132, ZZE133, ZZE134<br \/>\nToyota Nadia,\u00a0ACN10, ACN10H, ACN15, ACN15H, SXN10, SXN10H, SXN15, SXN15H<br \/>\nToyota Noah,\u00a0AZR60, AZR60G, AZR65, AZR65G, ZRR70, ZRR70G, ZRR70W, ZRR75, ZRR75G, ZRR75W, ZRR80, ZRR80G, ZRR80W, ZRR85, ZRR85G, ZRR85W, ZWR80, ZWR80G, ZWR80W<br \/>\nToyota Opa,\u00a0ACT10, ZCT10, ZCT15<br \/>\nToyota Origin,\u00a0JCG17<br \/>\nToyota Paseo,\u00a0EL54<br \/>\nToyota Passo,\u00a0KGC30, KGC35, NGC30<br \/>\nToyota Picnic Verso,\u00a0ACM20, ACM21, CLM20<br \/>\nToyota Picnic,\u00a0CXM10, CXM10L, SXM10, SXM10L<br \/>\nToyota Platz,\u00a0NCP12, NCP16, SCP11<br \/>\nToyota Porte,\u00a0NCP141, NCP145, NNP10, NNP11, NNP15, NSP140<br \/>\nToyota Premio,\u00a0AZT240, NZT240, NZT260, ZRT260, ZRT261, ZRT265, ZZT240, ZZT245<br \/>\nToyota Previa,\u00a0ACR30, ACR50, CLR30, GSR50, TCR10, TCR11, TCR20, TCR21<br \/>\nToyota Prius a,\u00a0ZVW40, ZVW40W, ZVW41, ZVW41W<br \/>\nToyota Prius,\u00a0NHW10, NHW11, NHW20, ZVW30, ZVW30L, ZVW35<br \/>\nToyota Progres,\u00a0JCG10, JCG11, JCG15<br \/>\nToyota Pronard,\u00a0MCX20<br \/>\nToyota Quick Delivery,\u00a0BU280, BU281, LY228, RZU280, XKU280, XZU280, XZU281, XZU282<br \/>\nToyota RAV4,\u00a0ACA30, ACA31, ACA31W, ACA33, ACA36, ACA36W, ACA38, ALA30, BEA11, GSA33, GSA38, SXA10, SXA10C, SXA10G, SXA10W, SXA11, SXA11G, SXA11W, SXA15, SXA15G, SXA16, SXA16G<br \/>\nToyota Ractis,\u00a0NCP100, NCP105, NCP120, NCP122, NCP125, NSP120, NSP122, SCP100<br \/>\nToyota Raum,\u00a0NCZ20, NCZ25<br \/>\nToyota Regius Ace,\u00a0KDH200, KDH200K, KDH200V, KDH201, KDH201K, KDH201V, KDH205, KDH205V, KDH206, KDH206K, KDH206V, KDH211, KDH211K, KDH220, KDH220K, KDH221, KDH221K, KDH222, KDH223, KDH223B, KDH225, KDH225K, KDH227, KZH100, KZH106, KZH110, KZH116, KZH120, KZH126, KZH132, KZH138, LH100, LH102, LH103, LH107, LH109, LH110, LH113, LH115, LH117, LH119, LH120, LH123, LH125, LH129, LH140, LH162, LH162V, LH168, LH168V, LH172, LH172K, LH172V, LH178, LH178V, LH182, LH182K, LH184, LH186, LH188, LH188K, RZH100, RZH101, RZH102, RZH102V, RZH110, RZH111, RZH112, RZH112K, RZH112V, RZH122, RZH124, RZH125, RZH133, RZH182, RZH182K, RZH183, RZH183K, TRH102, TRH102V, TRH112, TRH112K, TRH112V, TRH122, TRH122K, TRH124, TRH200, TRH200K, TRH200V, TRH211, TRH211K, TRH214, TRH216, TRH216K, TRH219, TRH221, TRH221K, TRH223, TRH223B, TRH224, TRH226, TRH226K, TRH228, TRH228B, TRH229<br \/>\nToyota Regius,\u00a0KCH40, KCH40W, KCH46, KCH46W, LXH43, LXH49, RCH41, RCH41W, RCH42, RCH47, RCH47W<br \/>\nToyota Reiz,\u00a0GRX121, GRX122<br \/>\nToyota Sai,\u00a0AZK10<\/p>","protected":false},"excerpt":{"rendered":"<p><b>OEM:<\/b> 90159-60498, 9015960498<\/p>\n<p>Dimensiune F: 6,1<br \/>\nDimensiune H: 17,7<br \/>\nDimensiune T: 16<\/p>\n","protected":false},"featured_media":9614,"template":"","meta":[],"product_cat":[1243,1245],"product_tag":[],"bundled_by":[],"bundle_stock_status":"instock","bundle_stock_quantity":null,"bundle_virtual":false,"bundle_layout":"","bundle_add_to_cart_form_location":"","bundle_editable_in_cart":false,"bundle_sold_individually_context":"","bundle_item_grouping":"","bundle_min_size":"","bundle_max_size":"","bundled_items":[],"yoast_head":"<!-- This site is optimized with the Yoast SEO Premium plugin v16.6 (Yoast SEO v20.1) - https:\/\/yoast.com\/wordpress\/plugins\/seo\/ -->\n<title>H2009 - Metize, \u0218uruburi autofiletante - atg.md<\/title>\n<meta name=\"robots\" content=\"index, follow, max-snippet:-1, max-image-preview:large, max-video-preview:-1\" \/>\n<link rel=\"canonical\" href=\"https:\/\/atg.md\/ro\/catalog\/metizy\/samorezy\/h2009\/\" \/>\n<meta property=\"og:locale\" content=\"ro_RO\" \/>\n<meta property=\"og:type\" content=\"article\" \/>\n<meta property=\"og:title\" content=\"H2009 - Metize, \u0218uruburi autofiletante - atg.md\" \/>\n<meta property=\"og:description\" content=\"OEM: 90159-60498, 9015960498Dimensiune F: 6,1 Dimensiune H: 17,7 Dimensiune T: 16\" \/>\n<meta property=\"og:url\" content=\"https:\/\/atg.md\/ro\/wp-json\/wp\/v2\/product\/9613\" \/>\n<meta property=\"og:site_name\" content=\"atg.md\" \/>\n<meta property=\"article:modified_time\" content=\"2024-07-05T10:46:28+00:00\" \/>\n<meta property=\"og:image\" content=\"https:\/\/atg.md\/wp-content\/uploads\/2021\/03\/h2009.jpg\" \/>\n\t<meta property=\"og:image:width\" content=\"600\" \/>\n\t<meta property=\"og:image:height\" content=\"600\" \/>\n\t<meta property=\"og:image:type\" content=\"image\/jpeg\" \/>\n<meta name=\"twitter:card\" content=\"summary_large_image\" \/>\n<meta name=\"twitter:label1\" content=\"Pre\u021b\" \/>\n\t<meta name=\"twitter:data1\" content=\"7.00&nbsp;MDL\" \/>\n\t<meta name=\"twitter:label2\" content=\"Availability\" \/>\n\t<meta name=\"twitter:data2\" content=\"In stock\" \/>\n<script type=\"application\/ld+json\" class=\"yoast-schema-graph\">{\"@context\":\"https:\/\/schema.org\",\"@graph\":[{\"@type\":\"WebPage\",\"@id\":\"https:\/\/atg.md\/ro\/catalog\/metizy\/samorezy\/h2009\/\",\"url\":\"https:\/\/atg.md\/ro\/catalog\/metizy\/samorezy\/h2009\/\",\"name\":\"H2009 - Metize, \u0218uruburi autofiletante - atg.md\",\"isPartOf\":{\"@id\":\"https:\/\/atg.md\/ro\/#website\"},\"datePublished\":\"2021-03-30T09:23:03+00:00\",\"dateModified\":\"2024-07-05T10:46:28+00:00\",\"breadcrumb\":{\"@id\":\"https:\/\/atg.md\/ro\/catalog\/metizy\/samorezy\/h2009\/#breadcrumb\"},\"inLanguage\":\"ro-RO\",\"potentialAction\":[{\"@type\":\"ReadAction\",\"target\":[[\"https:\/\/atg.md\/ro\/catalog\/metizy\/samorezy\/h2009\/\"]]}]},{\"@type\":\"BreadcrumbList\",\"@id\":\"https:\/\/atg.md\/ro\/catalog\/metizy\/samorezy\/h2009\/#breadcrumb\",\"itemListElement\":[{\"@type\":\"ListItem\",\"position\":1,\"name\":\"Home\",\"item\":\"https:\/\/atg.md\/ro\/\"},{\"@type\":\"ListItem\",\"position\":2,\"name\":\"\u041a\u0430\u0442\u0430\u043b\u043e\u0433\",\"item\":\"https:\/\/atg.md\/ro\/catalog\/\"},{\"@type\":\"ListItem\",\"position\":3,\"name\":\"H2009\"}]},{\"@type\":\"WebSite\",\"@id\":\"https:\/\/atg.md\/ro\/#website\",\"url\":\"https:\/\/atg.md\/ro\/\",\"name\":\"atg.md\",\"description\":\"V\u00e2nzare de izola\u021bii \u00eempotriva vibra\u021biilor pentru ma\u0219ini, izola\u021bie termic\u0103, izolare fonic\u0103 de la cei mai buni produc\u0103tori, autoclipsuri, elemente de fixare auto. Cump\u0103ra\u021bi \u00een Moldova, Chi\u0219in\u0103u\",\"publisher\":{\"@id\":\"https:\/\/atg.md\/ro\/#organization\"},\"potentialAction\":[{\"@type\":\"SearchAction\",\"target\":{\"@type\":\"EntryPoint\",\"urlTemplate\":\"https:\/\/atg.md\/ro\/?s={search_term_string}\"},\"query-input\":\"required name=search_term_string\"}],\"inLanguage\":\"ro-RO\"},{\"@type\":[\"Organization\",\"Place\",\"AutoPartsStore\"],\"@id\":\"https:\/\/atg.md\/ro\/#organization\",\"name\":\"S.C. AUTOTOM GRUP S.R.L.\",\"url\":\"https:\/\/atg.md\/ro\/\",\"logo\":{\"@type\":\"ImageObject\",\"inLanguage\":\"ro-RO\",\"@id\":\"https:\/\/atg.md\/ro\/#\/schema\/logo\/image\/\",\"url\":\"https:\/\/i2.wp.com\/atg.md\/wp-content\/uploads\/2021\/05\/atg_logo_main.png?fit=656%2C569&ssl=1\",\"contentUrl\":\"https:\/\/i2.wp.com\/atg.md\/wp-content\/uploads\/2021\/05\/atg_logo_main.png?fit=656%2C569&ssl=1\",\"width\":656,\"height\":569,\"caption\":\"S.C. AUTOTOM GRUP S.R.L.\"},\"image\":{\"@id\":\"https:\/\/atg.md\/ro\/#\/schema\/logo\/image\/\"},\"location\":{\"@id\":\"https:\/\/atg.md\/ro\/catalog\/metizy\/samorezy\/h2009\/#local-place\"},\"address\":{\"@id\":\"https:\/\/atg.md\/ro\/catalog\/metizy\/samorezy\/h2009\/#local-place-address\"},\"email\":\"atgtvv@gmail.com\",\"telephone\":\"+37369644446\",\"areaServed\":\"Moldova\"},{\"@type\":\"Place\",\"@id\":\"https:\/\/atg.md\/ro\/catalog\/metizy\/samorezy\/h2009\/#local-place\",\"address\":{\"@type\":\"PostalAddress\",\"@id\":\"https:\/\/atg.md\/ro\/catalog\/metizy\/samorezy\/h2009\/#local-place-address\",\"streetAddress\":\"str. Alba-Iulia 77\/20\",\"addressLocality\":\"Chisinau\",\"postalCode\":\"2043\",\"addressRegion\":\"mun. Chisinau\",\"addressCountry\":\"MD\"},\"geo\":{\"@type\":\"GeoCoordinates\",\"latitude\":\"47.0376\",\"longitude\":\"28.76899\"},\"openingHoursSpecification\":[{\"@type\":\"OpeningHoursSpecification\",\"dayOfWeek\":[\"Monday\",\"Tuesday\",\"Wednesday\",\"Thursday\",\"Friday\"],\"opens\":\"09:00\",\"closes\":\"18:00\"},{\"@type\":\"OpeningHoursSpecification\",\"dayOfWeek\":[\"Saturday\"],\"opens\":\"09:00\",\"closes\":\"14:00\"},{\"@type\":\"OpeningHoursSpecification\",\"dayOfWeek\":[\"Sunday\"],\"opens\":\"00:00\",\"closes\":\"00:00\"}],\"telephone\":\"+37369644446\"}]}<\/script>\n<meta name=\"geo.placename\" content=\"Chisinau\" \/>\n<meta name=\"geo.position\" content=\"47.0376;28.76899\" \/>\n<meta name=\"geo.region\" content=\"Moldova\" \/>\n<!-- \/ Yoast SEO Premium plugin. -->","yoast_head_json":{"title":"H2009 - Metize, \u0218uruburi autofiletante - atg.md","robots":{"index":"index","follow":"follow","max-snippet":"max-snippet:-1","max-image-preview":"max-image-preview:large","max-video-preview":"max-video-preview:-1"},"canonical":"https:\/\/atg.md\/ro\/catalog\/metizy\/samorezy\/h2009\/","og_locale":"ro_RO","og_type":"article","og_title":"H2009 - Metize, \u0218uruburi autofiletante - atg.md","og_description":"OEM: 90159-60498, 9015960498Dimensiune F: 6,1 Dimensiune H: 17,7 Dimensiune T: 16","og_url":"https:\/\/atg.md\/ro\/wp-json\/wp\/v2\/product\/9613","og_site_name":"atg.md","article_modified_time":"2024-07-05T10:46:28+00:00","og_image":[{"width":600,"height":600,"url":"https:\/\/atg.md\/wp-content\/uploads\/2021\/03\/h2009.jpg","type":"image\/jpeg"}],"twitter_card":"summary_large_image","twitter_misc":{"Pre\u021b":"7.00&nbsp;MDL","Availability":"In stock"},"schema":{"@context":"https:\/\/schema.org","@graph":[{"@type":"WebPage","@id":"https:\/\/atg.md\/ro\/catalog\/metizy\/samorezy\/h2009\/","url":"https:\/\/atg.md\/ro\/catalog\/metizy\/samorezy\/h2009\/","name":"H2009 - Metize, \u0218uruburi autofiletante - atg.md","isPartOf":{"@id":"https:\/\/atg.md\/ro\/#website"},"datePublished":"2021-03-30T09:23:03+00:00","dateModified":"2024-07-05T10:46:28+00:00","breadcrumb":{"@id":"https:\/\/atg.md\/ro\/catalog\/metizy\/samorezy\/h2009\/#breadcrumb"},"inLanguage":"ro-RO","potentialAction":[{"@type":"ReadAction","target":[["https:\/\/atg.md\/ro\/catalog\/metizy\/samorezy\/h2009\/"]]}]},{"@type":"BreadcrumbList","@id":"https:\/\/atg.md\/ro\/catalog\/metizy\/samorezy\/h2009\/#breadcrumb","itemListElement":[{"@type":"ListItem","position":1,"name":"Home","item":"https:\/\/atg.md\/ro\/"},{"@type":"ListItem","position":2,"name":"\u041a\u0430\u0442\u0430\u043b\u043e\u0433","item":"https:\/\/atg.md\/ro\/catalog\/"},{"@type":"ListItem","position":3,"name":"H2009"}]},{"@type":"WebSite","@id":"https:\/\/atg.md\/ro\/#website","url":"https:\/\/atg.md\/ro\/","name":"atg.md","description":"V\u00e2nzare de izola\u021bii \u00eempotriva vibra\u021biilor pentru ma\u0219ini, izola\u021bie termic\u0103, izolare fonic\u0103 de la cei mai buni produc\u0103tori, autoclipsuri, elemente de fixare auto. Cump\u0103ra\u021bi \u00een Moldova, Chi\u0219in\u0103u","publisher":{"@id":"https:\/\/atg.md\/ro\/#organization"},"potentialAction":[{"@type":"SearchAction","target":{"@type":"EntryPoint","urlTemplate":"https:\/\/atg.md\/ro\/?s={search_term_string}"},"query-input":"required name=search_term_string"}],"inLanguage":"ro-RO"},{"@type":["Organization","Place","AutoPartsStore"],"@id":"https:\/\/atg.md\/ro\/#organization","name":"S.C. AUTOTOM GRUP S.R.L.","url":"https:\/\/atg.md\/ro\/","logo":{"@type":"ImageObject","inLanguage":"ro-RO","@id":"https:\/\/atg.md\/ro\/#\/schema\/logo\/image\/","url":"https:\/\/i2.wp.com\/atg.md\/wp-content\/uploads\/2021\/05\/atg_logo_main.png?fit=656%2C569&ssl=1","contentUrl":"https:\/\/i2.wp.com\/atg.md\/wp-content\/uploads\/2021\/05\/atg_logo_main.png?fit=656%2C569&ssl=1","width":656,"height":569,"caption":"S.C. AUTOTOM GRUP S.R.L."},"image":{"@id":"https:\/\/atg.md\/ro\/#\/schema\/logo\/image\/"},"location":{"@id":"https:\/\/atg.md\/ro\/catalog\/metizy\/samorezy\/h2009\/#local-place"},"address":{"@id":"https:\/\/atg.md\/ro\/catalog\/metizy\/samorezy\/h2009\/#local-place-address"},"email":"atgtvv@gmail.com","telephone":"+37369644446","areaServed":"Moldova"},{"@type":"Place","@id":"https:\/\/atg.md\/ro\/catalog\/metizy\/samorezy\/h2009\/#local-place","address":{"@type":"PostalAddress","@id":"https:\/\/atg.md\/ro\/catalog\/metizy\/samorezy\/h2009\/#local-place-address","streetAddress":"str. Alba-Iulia 77\/20","addressLocality":"Chisinau","postalCode":"2043","addressRegion":"mun. Chisinau","addressCountry":"MD"},"geo":{"@type":"GeoCoordinates","latitude":"47.0376","longitude":"28.76899"},"openingHoursSpecification":[{"@type":"OpeningHoursSpecification","dayOfWeek":["Monday","Tuesday","Wednesday","Thursday","Friday"],"opens":"09:00","closes":"18:00"},{"@type":"OpeningHoursSpecification","dayOfWeek":["Saturday"],"opens":"09:00","closes":"14:00"},{"@type":"OpeningHoursSpecification","dayOfWeek":["Sunday"],"opens":"00:00","closes":"00:00"}],"telephone":"+37369644446"}]}},"_links":{"self":[{"href":"https:\/\/atg.md\/ro\/wp-json\/wp\/v2\/product\/9613"}],"collection":[{"href":"https:\/\/atg.md\/ro\/wp-json\/wp\/v2\/product"}],"about":[{"href":"https:\/\/atg.md\/ro\/wp-json\/wp\/v2\/types\/product"}],"wp:featuredmedia":[{"embeddable":true,"href":"https:\/\/atg.md\/ro\/wp-json\/wp\/v2\/media\/9614"}],"wp:attachment":[{"href":"https:\/\/atg.md\/ro\/wp-json\/wp\/v2\/media?parent=9613"}],"wp:term":[{"taxonomy":"product_cat","embeddable":true,"href":"https:\/\/atg.md\/ro\/wp-json\/wp\/v2\/product_cat?post=9613"},{"taxonomy":"product_tag","embeddable":true,"href":"https:\/\/atg.md\/ro\/wp-json\/wp\/v2\/product_tag?post=9613"}],"curies":[{"name":"wp","href":"https:\/\/api.w.org\/{rel}","templated":true}]}}