{"id":9609,"date":"2021-03-30T09:23:03","date_gmt":"2021-03-30T09:23:03","guid":{"rendered":"http:\/\/atg.md\/product\/h2007\/"},"modified":"2024-07-05T10:46:26","modified_gmt":"2024-07-05T10:46:26","slug":"h2007","status":"publish","type":"product","link":"https:\/\/atg.md\/ro\/catalog\/metizy\/samorezy\/h2007\/","title":{"rendered":"H2007"},"content":{"rendered":"<p>Modele:<\/p>\n<p>Lexus ES350,\u00a0GSV40<br \/>\nLexus GS300,\u00a0GRS190, GRS191, GRS195, GRS196, JZS160, URS190, UZS160, UZS161, UZS190<br \/>\nLexus GS400,\u00a0JZS160, UZS160, UZS161<br \/>\nLexus GS430,\u00a0GRS190, GRS191, GRS195, GRS196, JZS160, URS190, UZS160, UZS161, UZS190<br \/>\nLexus GS450h,\u00a0GWS191<br \/>\nLexus GS460,\u00a0GRS190, GRS191, GRS195, GRS196, URS190, UZS190<br \/>\nLexus IS F,\u00a0USE20<br \/>\nLexus IS220d,\u00a0ALE20, GSE20<br \/>\nLexus IS250,\u00a0ALE20, GSE20, GSE21, GSE25<br \/>\nLexus IS300,\u00a0GSE22<br \/>\nLexus LS400,\u00a0UCF20<br \/>\nLexus LS430,\u00a0UCF30<br \/>\nLexus LS460,\u00a0USF40, USF41<br \/>\nLexus LS460L,\u00a0USF40, USF41<br \/>\nLexus LS600h,\u00a0UVF45, UVF46<br \/>\nLexus LS600hL,\u00a0UVF45, UVF46<br \/>\nLexus LX470,\u00a0UZJ100<br \/>\nLexus SC430,\u00a0UZZ40<br \/>\nToyota Alphard,\u00a0ANH10, ANH10W, ANH15, ANH15W, ANH20, ANH20W, ANH25, ANH25W, ATH10, ATH10W, ATH20, ATH20W, GGH20, GGH20W, GGH25, GGH25W, MNH10, MNH10W, MNH15, MNH15W<br \/>\nToyota Aristo,\u00a0JZS160, JZS161<br \/>\nToyota Aurion,\u00a0ACV40, GSV40<br \/>\nToyota Avalon,\u00a0GSX30<br \/>\nToyota Avensis,\u00a0ZRT272, ZRT272W<br \/>\nToyota Brevis,\u00a0JCG10, JCG11, JCG15<br \/>\nToyota Camry,\u00a0ACV40, AHV40, AVV50, GSV40<br \/>\nToyota Carina,\u00a0AT210, AT211, AT212, CT210, CT211, CT215, CT216, ST215<br \/>\nToyota Celsior,\u00a0UCF20, UCF21, UCF30, UCF31<br \/>\nToyota Century,\u00a0GZG50<br \/>\nToyota Corolla,\u00a0CDE120, NDE120, ZZE120, ZZE120L, ZZE121, ZZE121L, ZZE123, ZZE123L<br \/>\nToyota Crown Majesta,\u00a0GRS180, GRS181, GRS182, GRS183, GRS184, GS171, JKS175, JZS171, JZS173, JZS175, JZS177, JZS179, URS206, UZS171, UZS173, UZS175, UZS186, UZS187, UZS207<br \/>\nToyota Crown,\u00a0AWS210, GRS180, GRS181, GRS182, GRS183, GRS184, GRS188, GRS200, GRS201, GRS202, GRS203, GRS204, GRS210, GRS211, GRS214, GS171, GS171W, GWS204, GWS214, JKS175, JZS171, JZS171W, JZS173, JZS173W, JZS175, JZS175W, JZS177, JZS179, UZS171, UZS173, UZS175, UZS186, UZS187<br \/>\nToyota Echo,\u00a0NCP11, NCP12<br \/>\nToyota Estima,\u00a0ACR30, ACR30W, ACR50, ACR50W, ACR55, ACR55W, AHR10, AHR10W, AHR20, AHR20W, GSR50, GSR50W, GSR55, GSR55W, MCR30, MCR30W<br \/>\nToyota FJ Cruiser,\u00a0GSJ15, GSJ15W<br \/>\nToyota Gaia,\u00a0ACM10, ACM10G, ACM15, ACM15G, CXM10, CXM10G, SXM10, SXM10G, SXM15, SXM15G<br \/>\nToyota Ipsum,\u00a0CXM10, CXM10G, SXM10, SXM10G, SXM15, SXM15G<br \/>\nToyota Land Cruiser,\u00a0FZJ100, FZJ105, HDJ100, HDJ100L, HDJ101, HDJ101K, HZJ105, HZJ105L, UZJ100, UZJ100L, UZJ100W<br \/>\nToyota Mark II Wagon Blit,\u00a0GX110, GX110W, GX115, GX115W, JZX110, JZX110W, JZX115, JZX115W<br \/>\nToyota Mark X,\u00a0GRX120, GRX121, GRX125, GRX130, GRX133, GRX135<br \/>\nToyota Matrix,\u00a0AZE141, AZE141L, AZE144, AZE144L, AZE146, AZE146L, ZRE142, ZRE142L<br \/>\nToyota Nadia,\u00a0ACN10, ACN10H, ACN15, ACN15H, SXN10, SXN10H, SXN15, SXN15H<br \/>\nToyota Noah,\u00a0AZR60, AZR60G, AZR65, AZR65G, ZRR70, ZRR70G, ZRR70W, ZRR75, ZRR75G, ZRR75W, ZRR80, ZRR80G, ZRR80W, ZRR85, ZRR85G, ZRR85W, ZWR80, ZWR80G, ZWR80W<br \/>\nToyota Origin,\u00a0JCG17<br \/>\nToyota Picnic,\u00a0CXM10, CXM10L, SXM10, SXM10L<br \/>\nToyota Previa,\u00a0ACR30, ACR50, CLR30, GSR50<br \/>\nToyota Progres,\u00a0JCG10, JCG11, JCG15<br \/>\nToyota Reiz,\u00a0GRX121, GRX122<br \/>\nToyota Sai,\u00a0AZK10<br \/>\nToyota Scion,\u00a0NCP31<br \/>\nToyota Soarer,\u00a0UZZ40<br \/>\nToyota Tarago,\u00a0ACR30, ACR50, CLR30, GSR50<br \/>\nToyota Vellfire,\u00a0ANH20, ANH20W, ANH25, ANH25W, ATH20, ATH20W, GGH20, GGH20W, GGH25, GGH25W<br \/>\nToyota Verossa,\u00a0GX110, GX115, JZX110<br \/>\nToyota Voxy,\u00a0AZR60, AZR60G, AZR65, AZR65G, ZRR70, ZRR70G, ZRR70W, ZRR75, ZRR75G, ZRR75W, ZRR80, ZRR80G, ZRR80W, ZRR85, ZRR85G, ZRR85W, ZWR80, ZWR80G, ZWR80W<br \/>\nToyota Yaris,\u00a0NCP11, NCP12<br \/>\nToyota bB,\u00a0NCP30, NCP31, NCP34, NCP35<\/p>","protected":false},"excerpt":{"rendered":"<p><b>OEM:<\/b> 90159-60477, 9015960477<\/p>\n<p>Dimensiune F: 6,2<br \/>\nDimensiune H: 21,6<br \/>\nDimensiune T: 17,8<\/p>\n","protected":false},"featured_media":9610,"template":"","meta":[],"product_cat":[1243,1245],"product_tag":[],"bundled_by":[],"bundle_stock_status":"instock","bundle_stock_quantity":null,"bundle_virtual":false,"bundle_layout":"","bundle_add_to_cart_form_location":"","bundle_editable_in_cart":false,"bundle_sold_individually_context":"","bundle_item_grouping":"","bundle_min_size":"","bundle_max_size":"","bundled_items":[],"yoast_head":"<!-- This site is optimized with the Yoast SEO Premium plugin v16.6 (Yoast SEO v20.1) - https:\/\/yoast.com\/wordpress\/plugins\/seo\/ -->\n<title>H2007 - Metize, \u0218uruburi autofiletante - atg.md<\/title>\n<meta name=\"robots\" content=\"index, follow, max-snippet:-1, max-image-preview:large, max-video-preview:-1\" \/>\n<link rel=\"canonical\" href=\"https:\/\/atg.md\/ro\/catalog\/metizy\/samorezy\/h2007\/\" \/>\n<meta property=\"og:locale\" content=\"ro_RO\" \/>\n<meta property=\"og:type\" content=\"article\" \/>\n<meta property=\"og:title\" content=\"H2007 - Metize, \u0218uruburi autofiletante - atg.md\" \/>\n<meta property=\"og:description\" content=\"OEM: 90159-60477, 9015960477Dimensiune F: 6,2 Dimensiune H: 21,6 Dimensiune T: 17,8\" \/>\n<meta property=\"og:url\" content=\"https:\/\/atg.md\/ro\/wp-json\/wp\/v2\/product\/9609\" \/>\n<meta property=\"og:site_name\" content=\"atg.md\" \/>\n<meta property=\"article:modified_time\" content=\"2024-07-05T10:46:26+00:00\" \/>\n<meta property=\"og:image\" content=\"https:\/\/atg.md\/wp-content\/uploads\/2021\/03\/h2007.jpg\" \/>\n\t<meta property=\"og:image:width\" content=\"600\" \/>\n\t<meta property=\"og:image:height\" content=\"600\" \/>\n\t<meta property=\"og:image:type\" content=\"image\/jpeg\" \/>\n<meta name=\"twitter:card\" content=\"summary_large_image\" \/>\n<meta name=\"twitter:label1\" content=\"Pre\u021b\" \/>\n\t<meta name=\"twitter:data1\" content=\"7.00&nbsp;MDL\" \/>\n\t<meta name=\"twitter:label2\" content=\"Availability\" \/>\n\t<meta name=\"twitter:data2\" content=\"In stock\" \/>\n<script type=\"application\/ld+json\" class=\"yoast-schema-graph\">{\"@context\":\"https:\/\/schema.org\",\"@graph\":[{\"@type\":\"WebPage\",\"@id\":\"https:\/\/atg.md\/ro\/catalog\/metizy\/samorezy\/h2007\/\",\"url\":\"https:\/\/atg.md\/ro\/catalog\/metizy\/samorezy\/h2007\/\",\"name\":\"H2007 - Metize, \u0218uruburi autofiletante - atg.md\",\"isPartOf\":{\"@id\":\"https:\/\/atg.md\/ro\/#website\"},\"datePublished\":\"2021-03-30T09:23:03+00:00\",\"dateModified\":\"2024-07-05T10:46:26+00:00\",\"breadcrumb\":{\"@id\":\"https:\/\/atg.md\/ro\/catalog\/metizy\/samorezy\/h2007\/#breadcrumb\"},\"inLanguage\":\"ro-RO\",\"potentialAction\":[{\"@type\":\"ReadAction\",\"target\":[[\"https:\/\/atg.md\/ro\/catalog\/metizy\/samorezy\/h2007\/\"]]}]},{\"@type\":\"BreadcrumbList\",\"@id\":\"https:\/\/atg.md\/ro\/catalog\/metizy\/samorezy\/h2007\/#breadcrumb\",\"itemListElement\":[{\"@type\":\"ListItem\",\"position\":1,\"name\":\"Home\",\"item\":\"https:\/\/atg.md\/ro\/\"},{\"@type\":\"ListItem\",\"position\":2,\"name\":\"\u041a\u0430\u0442\u0430\u043b\u043e\u0433\",\"item\":\"https:\/\/atg.md\/ro\/catalog\/\"},{\"@type\":\"ListItem\",\"position\":3,\"name\":\"H2007\"}]},{\"@type\":\"WebSite\",\"@id\":\"https:\/\/atg.md\/ro\/#website\",\"url\":\"https:\/\/atg.md\/ro\/\",\"name\":\"atg.md\",\"description\":\"V\u00e2nzare de izola\u021bii \u00eempotriva vibra\u021biilor pentru ma\u0219ini, izola\u021bie termic\u0103, izolare fonic\u0103 de la cei mai buni produc\u0103tori, autoclipsuri, elemente de fixare auto. Cump\u0103ra\u021bi \u00een Moldova, Chi\u0219in\u0103u\",\"publisher\":{\"@id\":\"https:\/\/atg.md\/ro\/#organization\"},\"potentialAction\":[{\"@type\":\"SearchAction\",\"target\":{\"@type\":\"EntryPoint\",\"urlTemplate\":\"https:\/\/atg.md\/ro\/?s={search_term_string}\"},\"query-input\":\"required name=search_term_string\"}],\"inLanguage\":\"ro-RO\"},{\"@type\":[\"Organization\",\"Place\",\"AutoPartsStore\"],\"@id\":\"https:\/\/atg.md\/ro\/#organization\",\"name\":\"S.C. AUTOTOM GRUP S.R.L.\",\"url\":\"https:\/\/atg.md\/ro\/\",\"logo\":{\"@type\":\"ImageObject\",\"inLanguage\":\"ro-RO\",\"@id\":\"https:\/\/atg.md\/ro\/#\/schema\/logo\/image\/\",\"url\":\"https:\/\/i2.wp.com\/atg.md\/wp-content\/uploads\/2021\/05\/atg_logo_main.png?fit=656%2C569&ssl=1\",\"contentUrl\":\"https:\/\/i2.wp.com\/atg.md\/wp-content\/uploads\/2021\/05\/atg_logo_main.png?fit=656%2C569&ssl=1\",\"width\":656,\"height\":569,\"caption\":\"S.C. AUTOTOM GRUP S.R.L.\"},\"image\":{\"@id\":\"https:\/\/atg.md\/ro\/#\/schema\/logo\/image\/\"},\"location\":{\"@id\":\"https:\/\/atg.md\/ro\/catalog\/metizy\/samorezy\/h2007\/#local-place\"},\"address\":{\"@id\":\"https:\/\/atg.md\/ro\/catalog\/metizy\/samorezy\/h2007\/#local-place-address\"},\"email\":\"atgtvv@gmail.com\",\"telephone\":\"+37369644446\",\"areaServed\":\"Moldova\"},{\"@type\":\"Place\",\"@id\":\"https:\/\/atg.md\/ro\/catalog\/metizy\/samorezy\/h2007\/#local-place\",\"address\":{\"@type\":\"PostalAddress\",\"@id\":\"https:\/\/atg.md\/ro\/catalog\/metizy\/samorezy\/h2007\/#local-place-address\",\"streetAddress\":\"str. Alba-Iulia 77\/20\",\"addressLocality\":\"Chisinau\",\"postalCode\":\"2043\",\"addressRegion\":\"mun. Chisinau\",\"addressCountry\":\"MD\"},\"geo\":{\"@type\":\"GeoCoordinates\",\"latitude\":\"47.0376\",\"longitude\":\"28.76899\"},\"openingHoursSpecification\":[{\"@type\":\"OpeningHoursSpecification\",\"dayOfWeek\":[\"Monday\",\"Tuesday\",\"Wednesday\",\"Thursday\",\"Friday\"],\"opens\":\"09:00\",\"closes\":\"18:00\"},{\"@type\":\"OpeningHoursSpecification\",\"dayOfWeek\":[\"Saturday\"],\"opens\":\"09:00\",\"closes\":\"14:00\"},{\"@type\":\"OpeningHoursSpecification\",\"dayOfWeek\":[\"Sunday\"],\"opens\":\"00:00\",\"closes\":\"00:00\"}],\"telephone\":\"+37369644446\"}]}<\/script>\n<meta name=\"geo.placename\" content=\"Chisinau\" \/>\n<meta name=\"geo.position\" content=\"47.0376;28.76899\" \/>\n<meta name=\"geo.region\" content=\"Moldova\" \/>\n<!-- \/ Yoast SEO Premium plugin. -->","yoast_head_json":{"title":"H2007 - Metize, \u0218uruburi autofiletante - atg.md","robots":{"index":"index","follow":"follow","max-snippet":"max-snippet:-1","max-image-preview":"max-image-preview:large","max-video-preview":"max-video-preview:-1"},"canonical":"https:\/\/atg.md\/ro\/catalog\/metizy\/samorezy\/h2007\/","og_locale":"ro_RO","og_type":"article","og_title":"H2007 - Metize, \u0218uruburi autofiletante - atg.md","og_description":"OEM: 90159-60477, 9015960477Dimensiune F: 6,2 Dimensiune H: 21,6 Dimensiune T: 17,8","og_url":"https:\/\/atg.md\/ro\/wp-json\/wp\/v2\/product\/9609","og_site_name":"atg.md","article_modified_time":"2024-07-05T10:46:26+00:00","og_image":[{"width":600,"height":600,"url":"https:\/\/atg.md\/wp-content\/uploads\/2021\/03\/h2007.jpg","type":"image\/jpeg"}],"twitter_card":"summary_large_image","twitter_misc":{"Pre\u021b":"7.00&nbsp;MDL","Availability":"In stock"},"schema":{"@context":"https:\/\/schema.org","@graph":[{"@type":"WebPage","@id":"https:\/\/atg.md\/ro\/catalog\/metizy\/samorezy\/h2007\/","url":"https:\/\/atg.md\/ro\/catalog\/metizy\/samorezy\/h2007\/","name":"H2007 - Metize, \u0218uruburi autofiletante - atg.md","isPartOf":{"@id":"https:\/\/atg.md\/ro\/#website"},"datePublished":"2021-03-30T09:23:03+00:00","dateModified":"2024-07-05T10:46:26+00:00","breadcrumb":{"@id":"https:\/\/atg.md\/ro\/catalog\/metizy\/samorezy\/h2007\/#breadcrumb"},"inLanguage":"ro-RO","potentialAction":[{"@type":"ReadAction","target":[["https:\/\/atg.md\/ro\/catalog\/metizy\/samorezy\/h2007\/"]]}]},{"@type":"BreadcrumbList","@id":"https:\/\/atg.md\/ro\/catalog\/metizy\/samorezy\/h2007\/#breadcrumb","itemListElement":[{"@type":"ListItem","position":1,"name":"Home","item":"https:\/\/atg.md\/ro\/"},{"@type":"ListItem","position":2,"name":"\u041a\u0430\u0442\u0430\u043b\u043e\u0433","item":"https:\/\/atg.md\/ro\/catalog\/"},{"@type":"ListItem","position":3,"name":"H2007"}]},{"@type":"WebSite","@id":"https:\/\/atg.md\/ro\/#website","url":"https:\/\/atg.md\/ro\/","name":"atg.md","description":"V\u00e2nzare de izola\u021bii \u00eempotriva vibra\u021biilor pentru ma\u0219ini, izola\u021bie termic\u0103, izolare fonic\u0103 de la cei mai buni produc\u0103tori, autoclipsuri, elemente de fixare auto. Cump\u0103ra\u021bi \u00een Moldova, Chi\u0219in\u0103u","publisher":{"@id":"https:\/\/atg.md\/ro\/#organization"},"potentialAction":[{"@type":"SearchAction","target":{"@type":"EntryPoint","urlTemplate":"https:\/\/atg.md\/ro\/?s={search_term_string}"},"query-input":"required name=search_term_string"}],"inLanguage":"ro-RO"},{"@type":["Organization","Place","AutoPartsStore"],"@id":"https:\/\/atg.md\/ro\/#organization","name":"S.C. AUTOTOM GRUP S.R.L.","url":"https:\/\/atg.md\/ro\/","logo":{"@type":"ImageObject","inLanguage":"ro-RO","@id":"https:\/\/atg.md\/ro\/#\/schema\/logo\/image\/","url":"https:\/\/i2.wp.com\/atg.md\/wp-content\/uploads\/2021\/05\/atg_logo_main.png?fit=656%2C569&ssl=1","contentUrl":"https:\/\/i2.wp.com\/atg.md\/wp-content\/uploads\/2021\/05\/atg_logo_main.png?fit=656%2C569&ssl=1","width":656,"height":569,"caption":"S.C. AUTOTOM GRUP S.R.L."},"image":{"@id":"https:\/\/atg.md\/ro\/#\/schema\/logo\/image\/"},"location":{"@id":"https:\/\/atg.md\/ro\/catalog\/metizy\/samorezy\/h2007\/#local-place"},"address":{"@id":"https:\/\/atg.md\/ro\/catalog\/metizy\/samorezy\/h2007\/#local-place-address"},"email":"atgtvv@gmail.com","telephone":"+37369644446","areaServed":"Moldova"},{"@type":"Place","@id":"https:\/\/atg.md\/ro\/catalog\/metizy\/samorezy\/h2007\/#local-place","address":{"@type":"PostalAddress","@id":"https:\/\/atg.md\/ro\/catalog\/metizy\/samorezy\/h2007\/#local-place-address","streetAddress":"str. Alba-Iulia 77\/20","addressLocality":"Chisinau","postalCode":"2043","addressRegion":"mun. Chisinau","addressCountry":"MD"},"geo":{"@type":"GeoCoordinates","latitude":"47.0376","longitude":"28.76899"},"openingHoursSpecification":[{"@type":"OpeningHoursSpecification","dayOfWeek":["Monday","Tuesday","Wednesday","Thursday","Friday"],"opens":"09:00","closes":"18:00"},{"@type":"OpeningHoursSpecification","dayOfWeek":["Saturday"],"opens":"09:00","closes":"14:00"},{"@type":"OpeningHoursSpecification","dayOfWeek":["Sunday"],"opens":"00:00","closes":"00:00"}],"telephone":"+37369644446"}]}},"_links":{"self":[{"href":"https:\/\/atg.md\/ro\/wp-json\/wp\/v2\/product\/9609"}],"collection":[{"href":"https:\/\/atg.md\/ro\/wp-json\/wp\/v2\/product"}],"about":[{"href":"https:\/\/atg.md\/ro\/wp-json\/wp\/v2\/types\/product"}],"wp:featuredmedia":[{"embeddable":true,"href":"https:\/\/atg.md\/ro\/wp-json\/wp\/v2\/media\/9610"}],"wp:attachment":[{"href":"https:\/\/atg.md\/ro\/wp-json\/wp\/v2\/media?parent=9609"}],"wp:term":[{"taxonomy":"product_cat","embeddable":true,"href":"https:\/\/atg.md\/ro\/wp-json\/wp\/v2\/product_cat?post=9609"},{"taxonomy":"product_tag","embeddable":true,"href":"https:\/\/atg.md\/ro\/wp-json\/wp\/v2\/product_tag?post=9609"}],"curies":[{"name":"wp","href":"https:\/\/api.w.org\/{rel}","templated":true}]}}