{"id":9603,"date":"2021-03-30T09:23:03","date_gmt":"2021-03-30T09:23:03","guid":{"rendered":"http:\/\/atg.md\/product\/h1221\/"},"modified":"2024-07-05T10:46:21","modified_gmt":"2024-07-05T10:46:21","slug":"h1221","status":"publish","type":"product","link":"https:\/\/atg.md\/ro\/catalog\/metizy\/skoby-metizy\/h1221\/","title":{"rendered":"H1221"},"content":{"rendered":"<p>Modele:<\/p>\n<p>Audi 80<br \/>\nAudi 90<br \/>\nAudi A1,\u00a08X1, 8XA, 8XF, 8XK<br \/>\nAudi A2,\u00a08Z0<br \/>\nAudi A3,\u00a08L1, 8P1, 8P7, 8PA, 8V1, 8VA, 8VF, 8VK, 8VM, 8VS<br \/>\nAudi A4,\u00a08E2, 8E5, 8EC, 8ED, 8H7, 8HE, 8K2, 8K5, 8W2, 8W5, 8WH<br \/>\nAudi A5,\u00a08F7, 8T3, 8TA, F53, F5A<br \/>\nAudi A6 allroad quattro,\u00a04BH<br \/>\nAudi A6,\u00a04A2, 4A5, 4B2, 4B4, 4B5, 4B6, 4F2, 4F5, 4G2, 4G5, 4GC, 4GD<br \/>\nAudi A7,\u00a04GA, 4GF<br \/>\nAudi A8,\u00a04E2, 4E8, 4H2, 4H8<br \/>\nAudi Q2,\u00a0GAB<br \/>\nAudi Q3,\u00a08UB, 8UG<br \/>\nAudi Q5,\u00a08RB, FYB<br \/>\nAudi Q7,\u00a04LB, 4MB<br \/>\nAudi R8,\u00a0422, 423, 427, 429<br \/>\nAudi RS3,\u00a08PA, 8VF, 8VM<br \/>\nAudi RS4,\u00a08HE<br \/>\nAudi RS5,\u00a08F7, F53<br \/>\nAudi RS6,\u00a04B4, 4B6, 4F2, 4F5<br \/>\nAudi RS7,\u00a04GA, 4GF<br \/>\nAudi S3,\u00a08L1, 8P1, 8PA, 8V1, 8VA, 8VF, 8VK, 8VM, 8VS<br \/>\nAudi S4,\u00a08E2, 8E5, 8EC, 8ED, 8H7, 8HE, 8K2, 8K5, 8W2, 8W5, 8WH<br \/>\nAudi S5,\u00a08F7, 8T3, 8TA, F53, F5A<br \/>\nAudi S6,\u00a04A2, 4A5, 4B2, 4B4, 4B5, 4B6, 4F2, 4F5, 4G2, 4G5, 4GC, 4GD<br \/>\nAudi S8,\u00a04E2, 4E8, 4H2, 4H8<br \/>\nAudi TT<br \/>\nAudi TTS<br \/>\nSeat Alhambra,\u00a0710, 7V9<br \/>\nSeat Altea,\u00a05P1, 5P5, 5P8<br \/>\nSeat Ateca,\u00a0KH0<br \/>\nSeat Cordoba,\u00a06L2, 6L5<br \/>\nSeat Exeo,\u00a03R2, 3R5<br \/>\nSeat Ibiza,\u00a06J1, 6J5, 6J8, 6L1<br \/>\nSeat Leon,\u00a01M1, 1M2, 1P1, 5F1, 5F5, 5F8<br \/>\nSeat Mii,\u00a0KF1<br \/>\nSeat Toledo,\u00a01M1, 1M2, 5P2, KG3<br \/>\nSkoda Citigo,\u00a0NF1<br \/>\nSkoda Fabia,\u00a0542, 545, 572, 582, 6Y2, 6Y3, 6Y5<br \/>\nSkoda Octavia,\u00a01Z3, 1Z5, 913, 933<br \/>\nSkoda Rapid,\u00a00G3, NG2, NH1, NH3<br \/>\nSkoda Roomster,\u00a05J7<br \/>\nSkoda Superb,\u00a0374, 3T4, 3T5<br \/>\nSkoda Yeti,\u00a00Y7, 5L6, 5L7, 676, 677<br \/>\nVolkswagen Amarok,\u00a02HA, 2HB, S1B, S6B, S7A, S7B<br \/>\nVolkswagen Beetle,\u00a01C1, 1C9, 1Y7, 5C1, 5C2, 9C1, 9G1<br \/>\nVolkswagen Fox,\u00a05Z1, 5Z7<br \/>\nVolkswagen Gol,\u00a05U1, 5U2<br \/>\nVolkswagen Golf,\u00a01J1, 1J5, 1K1, 1K5, 5G1, 5K1, AJ5, AU1, BA5, BQ1, BV5, BX5<br \/>\nVolkswagen Jetta,\u00a0162, 163, 1K2, AV2, AV3, AY2, AY3<br \/>\nVolkswagen Passat,\u00a0A32, A33<br \/>\nVolkswagen Phaeton,\u00a03D1, 3D2, 3D3, 3D4, 3D6, 3D7, 3D8, 3D9<br \/>\nVolkswagen Polo,\u00a06C1, 6K5, 6R1, 6V2, 9A2, 9J4, 9J6, 9N2, AW1<br \/>\nVolkswagen Saveiro,\u00a05U8, 5U9<br \/>\nVolkswagen Scirocco,\u00a0137, 138<br \/>\nVolkswagen Sharan,\u00a07M6, 7M9, 7N1, 7N2<br \/>\nVolkswagen Tiguan,\u00a05N1, 5N2<br \/>\nVolkswagen Touareg,\u00a07L6, 7LA, 7P5, 7P6<br \/>\nVolkswagen Touran,\u00a01T1, 1T2, 1T3<br \/>\nVolkswagen Transporter,\u00a07EA, 7EB, 7EC, 7EF, 7EG, 7EH, 7EJ, 7EM, 7EN, 7FD, 7FE, 7FL, 7FY, 7FZ, 7HA, 7HB, 7HC, 7HF, 7HH, 7HJ, 7HM, 7HN, 7JD, 7JE, 7JL, 7JY, 7JZ, SGA, SGB, SGC, SGF, SGG, SGH, SGJ, SGM, SGN<br \/>\nVolkswagen e-Golf,\u00a0BE1<br \/>\nVolkswagen up!,\u00a0121, 122, 6A1, 6A5, 6A6, BL1, BL2<\/p>\n<p><\/p>","protected":false},"excerpt":{"rendered":"<p>Dimensiune F: 9<br \/>\nDimensiune H: 13,6<br \/>\nDimensiune T: 16,3<\/p>\n","protected":false},"featured_media":9604,"template":"","meta":[],"product_cat":[1243,1244],"product_tag":[],"bundled_by":[],"bundle_stock_status":"instock","bundle_stock_quantity":null,"bundle_virtual":false,"bundle_layout":"","bundle_add_to_cart_form_location":"","bundle_editable_in_cart":false,"bundle_sold_individually_context":"","bundle_item_grouping":"","bundle_min_size":"","bundle_max_size":"","bundled_items":[],"yoast_head":"<!-- This site is optimized with the Yoast SEO Premium plugin v16.6 (Yoast SEO v20.1) - https:\/\/yoast.com\/wordpress\/plugins\/seo\/ -->\n<title>H1221 - Metize, Capse - atg.md<\/title>\n<meta name=\"robots\" content=\"index, follow, max-snippet:-1, max-image-preview:large, max-video-preview:-1\" \/>\n<link rel=\"canonical\" href=\"https:\/\/atg.md\/ro\/catalog\/metizy\/skoby-metizy\/h1221\/\" \/>\n<meta property=\"og:locale\" content=\"ro_RO\" \/>\n<meta property=\"og:type\" content=\"article\" \/>\n<meta property=\"og:title\" content=\"H1221 - Metize, Capse - atg.md\" \/>\n<meta property=\"og:description\" content=\"Dimensiune F: 9 Dimensiune H: 13,6 Dimensiune T: 16,3\" \/>\n<meta property=\"og:url\" content=\"https:\/\/atg.md\/ro\/wp-json\/wp\/v2\/product\/9603\" \/>\n<meta property=\"og:site_name\" content=\"atg.md\" \/>\n<meta property=\"article:modified_time\" content=\"2024-07-05T10:46:21+00:00\" \/>\n<meta property=\"og:image\" content=\"https:\/\/atg.md\/wp-content\/uploads\/2021\/03\/h1221.jpg\" \/>\n\t<meta property=\"og:image:width\" content=\"600\" \/>\n\t<meta property=\"og:image:height\" content=\"600\" \/>\n\t<meta property=\"og:image:type\" content=\"image\/jpeg\" \/>\n<meta name=\"twitter:card\" content=\"summary_large_image\" \/>\n<meta name=\"twitter:label1\" content=\"Pre\u021b\" \/>\n\t<meta name=\"twitter:data1\" content=\"6.00&nbsp;MDL\" \/>\n\t<meta name=\"twitter:label2\" content=\"Availability\" \/>\n\t<meta name=\"twitter:data2\" content=\"In stock\" \/>\n<script type=\"application\/ld+json\" class=\"yoast-schema-graph\">{\"@context\":\"https:\/\/schema.org\",\"@graph\":[{\"@type\":\"WebPage\",\"@id\":\"https:\/\/atg.md\/ro\/catalog\/metizy\/skoby-metizy\/h1221\/\",\"url\":\"https:\/\/atg.md\/ro\/catalog\/metizy\/skoby-metizy\/h1221\/\",\"name\":\"H1221 - Metize, Capse - atg.md\",\"isPartOf\":{\"@id\":\"https:\/\/atg.md\/ro\/#website\"},\"datePublished\":\"2021-03-30T09:23:03+00:00\",\"dateModified\":\"2024-07-05T10:46:21+00:00\",\"breadcrumb\":{\"@id\":\"https:\/\/atg.md\/ro\/catalog\/metizy\/skoby-metizy\/h1221\/#breadcrumb\"},\"inLanguage\":\"ro-RO\",\"potentialAction\":[{\"@type\":\"ReadAction\",\"target\":[[\"https:\/\/atg.md\/ro\/catalog\/metizy\/skoby-metizy\/h1221\/\"]]}]},{\"@type\":\"BreadcrumbList\",\"@id\":\"https:\/\/atg.md\/ro\/catalog\/metizy\/skoby-metizy\/h1221\/#breadcrumb\",\"itemListElement\":[{\"@type\":\"ListItem\",\"position\":1,\"name\":\"Home\",\"item\":\"https:\/\/atg.md\/ro\/\"},{\"@type\":\"ListItem\",\"position\":2,\"name\":\"\u041a\u0430\u0442\u0430\u043b\u043e\u0433\",\"item\":\"https:\/\/atg.md\/ro\/catalog\/\"},{\"@type\":\"ListItem\",\"position\":3,\"name\":\"H1221\"}]},{\"@type\":\"WebSite\",\"@id\":\"https:\/\/atg.md\/ro\/#website\",\"url\":\"https:\/\/atg.md\/ro\/\",\"name\":\"atg.md\",\"description\":\"V\u00e2nzare de izola\u021bii \u00eempotriva vibra\u021biilor pentru ma\u0219ini, izola\u021bie termic\u0103, izolare fonic\u0103 de la cei mai buni produc\u0103tori, autoclipsuri, elemente de fixare auto. Cump\u0103ra\u021bi \u00een Moldova, Chi\u0219in\u0103u\",\"publisher\":{\"@id\":\"https:\/\/atg.md\/ro\/#organization\"},\"potentialAction\":[{\"@type\":\"SearchAction\",\"target\":{\"@type\":\"EntryPoint\",\"urlTemplate\":\"https:\/\/atg.md\/ro\/?s={search_term_string}\"},\"query-input\":\"required name=search_term_string\"}],\"inLanguage\":\"ro-RO\"},{\"@type\":[\"Organization\",\"Place\",\"AutoPartsStore\"],\"@id\":\"https:\/\/atg.md\/ro\/#organization\",\"name\":\"S.C. AUTOTOM GRUP S.R.L.\",\"url\":\"https:\/\/atg.md\/ro\/\",\"logo\":{\"@type\":\"ImageObject\",\"inLanguage\":\"ro-RO\",\"@id\":\"https:\/\/atg.md\/ro\/#\/schema\/logo\/image\/\",\"url\":\"https:\/\/i2.wp.com\/atg.md\/wp-content\/uploads\/2021\/05\/atg_logo_main.png?fit=656%2C569&ssl=1\",\"contentUrl\":\"https:\/\/i2.wp.com\/atg.md\/wp-content\/uploads\/2021\/05\/atg_logo_main.png?fit=656%2C569&ssl=1\",\"width\":656,\"height\":569,\"caption\":\"S.C. AUTOTOM GRUP S.R.L.\"},\"image\":{\"@id\":\"https:\/\/atg.md\/ro\/#\/schema\/logo\/image\/\"},\"location\":{\"@id\":\"https:\/\/atg.md\/ro\/catalog\/metizy\/skoby-metizy\/h1221\/#local-place\"},\"address\":{\"@id\":\"https:\/\/atg.md\/ro\/catalog\/metizy\/skoby-metizy\/h1221\/#local-place-address\"},\"email\":\"atgtvv@gmail.com\",\"telephone\":\"+37369644446\",\"areaServed\":\"Moldova\"},{\"@type\":\"Place\",\"@id\":\"https:\/\/atg.md\/ro\/catalog\/metizy\/skoby-metizy\/h1221\/#local-place\",\"address\":{\"@type\":\"PostalAddress\",\"@id\":\"https:\/\/atg.md\/ro\/catalog\/metizy\/skoby-metizy\/h1221\/#local-place-address\",\"streetAddress\":\"str. Alba-Iulia 77\/20\",\"addressLocality\":\"Chisinau\",\"postalCode\":\"2043\",\"addressRegion\":\"mun. Chisinau\",\"addressCountry\":\"MD\"},\"geo\":{\"@type\":\"GeoCoordinates\",\"latitude\":\"47.0376\",\"longitude\":\"28.76899\"},\"openingHoursSpecification\":[{\"@type\":\"OpeningHoursSpecification\",\"dayOfWeek\":[\"Monday\",\"Tuesday\",\"Wednesday\",\"Thursday\",\"Friday\"],\"opens\":\"09:00\",\"closes\":\"18:00\"},{\"@type\":\"OpeningHoursSpecification\",\"dayOfWeek\":[\"Saturday\"],\"opens\":\"09:00\",\"closes\":\"14:00\"},{\"@type\":\"OpeningHoursSpecification\",\"dayOfWeek\":[\"Sunday\"],\"opens\":\"00:00\",\"closes\":\"00:00\"}],\"telephone\":\"+37369644446\"}]}<\/script>\n<meta name=\"geo.placename\" content=\"Chisinau\" \/>\n<meta name=\"geo.position\" content=\"47.0376;28.76899\" \/>\n<meta name=\"geo.region\" content=\"Moldova\" \/>\n<!-- \/ Yoast SEO Premium plugin. -->","yoast_head_json":{"title":"H1221 - Metize, Capse - atg.md","robots":{"index":"index","follow":"follow","max-snippet":"max-snippet:-1","max-image-preview":"max-image-preview:large","max-video-preview":"max-video-preview:-1"},"canonical":"https:\/\/atg.md\/ro\/catalog\/metizy\/skoby-metizy\/h1221\/","og_locale":"ro_RO","og_type":"article","og_title":"H1221 - Metize, Capse - atg.md","og_description":"Dimensiune F: 9 Dimensiune H: 13,6 Dimensiune T: 16,3","og_url":"https:\/\/atg.md\/ro\/wp-json\/wp\/v2\/product\/9603","og_site_name":"atg.md","article_modified_time":"2024-07-05T10:46:21+00:00","og_image":[{"width":600,"height":600,"url":"https:\/\/atg.md\/wp-content\/uploads\/2021\/03\/h1221.jpg","type":"image\/jpeg"}],"twitter_card":"summary_large_image","twitter_misc":{"Pre\u021b":"6.00&nbsp;MDL","Availability":"In stock"},"schema":{"@context":"https:\/\/schema.org","@graph":[{"@type":"WebPage","@id":"https:\/\/atg.md\/ro\/catalog\/metizy\/skoby-metizy\/h1221\/","url":"https:\/\/atg.md\/ro\/catalog\/metizy\/skoby-metizy\/h1221\/","name":"H1221 - Metize, Capse - atg.md","isPartOf":{"@id":"https:\/\/atg.md\/ro\/#website"},"datePublished":"2021-03-30T09:23:03+00:00","dateModified":"2024-07-05T10:46:21+00:00","breadcrumb":{"@id":"https:\/\/atg.md\/ro\/catalog\/metizy\/skoby-metizy\/h1221\/#breadcrumb"},"inLanguage":"ro-RO","potentialAction":[{"@type":"ReadAction","target":[["https:\/\/atg.md\/ro\/catalog\/metizy\/skoby-metizy\/h1221\/"]]}]},{"@type":"BreadcrumbList","@id":"https:\/\/atg.md\/ro\/catalog\/metizy\/skoby-metizy\/h1221\/#breadcrumb","itemListElement":[{"@type":"ListItem","position":1,"name":"Home","item":"https:\/\/atg.md\/ro\/"},{"@type":"ListItem","position":2,"name":"\u041a\u0430\u0442\u0430\u043b\u043e\u0433","item":"https:\/\/atg.md\/ro\/catalog\/"},{"@type":"ListItem","position":3,"name":"H1221"}]},{"@type":"WebSite","@id":"https:\/\/atg.md\/ro\/#website","url":"https:\/\/atg.md\/ro\/","name":"atg.md","description":"V\u00e2nzare de izola\u021bii \u00eempotriva vibra\u021biilor pentru ma\u0219ini, izola\u021bie termic\u0103, izolare fonic\u0103 de la cei mai buni produc\u0103tori, autoclipsuri, elemente de fixare auto. Cump\u0103ra\u021bi \u00een Moldova, Chi\u0219in\u0103u","publisher":{"@id":"https:\/\/atg.md\/ro\/#organization"},"potentialAction":[{"@type":"SearchAction","target":{"@type":"EntryPoint","urlTemplate":"https:\/\/atg.md\/ro\/?s={search_term_string}"},"query-input":"required name=search_term_string"}],"inLanguage":"ro-RO"},{"@type":["Organization","Place","AutoPartsStore"],"@id":"https:\/\/atg.md\/ro\/#organization","name":"S.C. AUTOTOM GRUP S.R.L.","url":"https:\/\/atg.md\/ro\/","logo":{"@type":"ImageObject","inLanguage":"ro-RO","@id":"https:\/\/atg.md\/ro\/#\/schema\/logo\/image\/","url":"https:\/\/i2.wp.com\/atg.md\/wp-content\/uploads\/2021\/05\/atg_logo_main.png?fit=656%2C569&ssl=1","contentUrl":"https:\/\/i2.wp.com\/atg.md\/wp-content\/uploads\/2021\/05\/atg_logo_main.png?fit=656%2C569&ssl=1","width":656,"height":569,"caption":"S.C. AUTOTOM GRUP S.R.L."},"image":{"@id":"https:\/\/atg.md\/ro\/#\/schema\/logo\/image\/"},"location":{"@id":"https:\/\/atg.md\/ro\/catalog\/metizy\/skoby-metizy\/h1221\/#local-place"},"address":{"@id":"https:\/\/atg.md\/ro\/catalog\/metizy\/skoby-metizy\/h1221\/#local-place-address"},"email":"atgtvv@gmail.com","telephone":"+37369644446","areaServed":"Moldova"},{"@type":"Place","@id":"https:\/\/atg.md\/ro\/catalog\/metizy\/skoby-metizy\/h1221\/#local-place","address":{"@type":"PostalAddress","@id":"https:\/\/atg.md\/ro\/catalog\/metizy\/skoby-metizy\/h1221\/#local-place-address","streetAddress":"str. Alba-Iulia 77\/20","addressLocality":"Chisinau","postalCode":"2043","addressRegion":"mun. Chisinau","addressCountry":"MD"},"geo":{"@type":"GeoCoordinates","latitude":"47.0376","longitude":"28.76899"},"openingHoursSpecification":[{"@type":"OpeningHoursSpecification","dayOfWeek":["Monday","Tuesday","Wednesday","Thursday","Friday"],"opens":"09:00","closes":"18:00"},{"@type":"OpeningHoursSpecification","dayOfWeek":["Saturday"],"opens":"09:00","closes":"14:00"},{"@type":"OpeningHoursSpecification","dayOfWeek":["Sunday"],"opens":"00:00","closes":"00:00"}],"telephone":"+37369644446"}]}},"_links":{"self":[{"href":"https:\/\/atg.md\/ro\/wp-json\/wp\/v2\/product\/9603"}],"collection":[{"href":"https:\/\/atg.md\/ro\/wp-json\/wp\/v2\/product"}],"about":[{"href":"https:\/\/atg.md\/ro\/wp-json\/wp\/v2\/types\/product"}],"wp:featuredmedia":[{"embeddable":true,"href":"https:\/\/atg.md\/ro\/wp-json\/wp\/v2\/media\/9604"}],"wp:attachment":[{"href":"https:\/\/atg.md\/ro\/wp-json\/wp\/v2\/media?parent=9603"}],"wp:term":[{"taxonomy":"product_cat","embeddable":true,"href":"https:\/\/atg.md\/ro\/wp-json\/wp\/v2\/product_cat?post=9603"},{"taxonomy":"product_tag","embeddable":true,"href":"https:\/\/atg.md\/ro\/wp-json\/wp\/v2\/product_tag?post=9603"}],"curies":[{"name":"wp","href":"https:\/\/api.w.org\/{rel}","templated":true}]}}