{"id":9601,"date":"2021-03-30T09:23:03","date_gmt":"2021-03-30T09:23:03","guid":{"rendered":"http:\/\/atg.md\/product\/h1146\/"},"modified":"2024-07-05T10:46:20","modified_gmt":"2024-07-05T10:46:20","slug":"h1146","status":"publish","type":"product","link":"https:\/\/atg.md\/ro\/catalog\/metizy\/skoby-metizy\/h1146\/","title":{"rendered":"H1146"},"content":{"rendered":"<p>Modele:<\/p>\n<p>Lexus ES300,\u00a0MCV10, MCV20, MCV30, MCV31, VCV10<br \/>\nLexus ES330,\u00a0MCV30, MCV31<br \/>\nLexus ES350,\u00a0GSV40<br \/>\nLexus GS300,\u00a0GRS190, GRS191, GRS195, GRS196, JZS160, URS190, UZS160, UZS161, UZS190<br \/>\nLexus GS400,\u00a0JZS160, UZS160, UZS161<br \/>\nLexus GS430,\u00a0GRS190, GRS191, GRS195, GRS196, JZS160, URS190, UZS160, UZS161, UZS190<br \/>\nLexus GS450h,\u00a0GWS191<br \/>\nLexus GS460,\u00a0GRS190, GRS191, GRS195, GRS196, URS190, UZS190<br \/>\nLexus IS F,\u00a0USE20<br \/>\nLexus IS200,\u00a0GXE10, JCE10<br \/>\nLexus IS250,\u00a0GSE20, GSE21, GSE25<br \/>\nLexus IS300,\u00a0GXE10, JCE10<br \/>\nLexus LS430,\u00a0UCF30<br \/>\nLexus LS460,\u00a0USF40, USF41<br \/>\nLexus LS460L,\u00a0USF40, USF41<br \/>\nLexus LS600h,\u00a0UVF45, UVF46<br \/>\nLexus LS600hL,\u00a0UVF45, UVF46<br \/>\nLexus LX470,\u00a0UZJ100<br \/>\nLexus LX570,\u00a0URJ201<br \/>\nLexus RX300,\u00a0GSU35, MCU15, MCU35, MCU38<br \/>\nLexus RX330,\u00a0GSU30, GSU35, MCU33, MCU35, MCU38<br \/>\nLexus RX400h,\u00a0MHU33, MHU38<br \/>\nLexus SC300,\u00a0JZZ31, UZZ30<br \/>\nLexus SC400,\u00a0JZZ31, UZZ30<br \/>\nLexus SC430,\u00a0UZZ40<br \/>\nToyota 4Runner,\u00a0GRN210, GRN215, KZN185, KZN215, RZN180, RZN185, UZN210, UZN215, VZN180, VZN185<br \/>\nToyota Allex,\u00a0NZE121, NZE124, ZZE122, ZZE123, ZZE124<br \/>\nToyota Allion,\u00a0AZT240, NZT240, NZT260, ZRT260, ZRT261, ZRT265, ZZT240, ZZT245<br \/>\nToyota Alphard,\u00a0ANH10, ANH15, ATH10, MNH10, MNH15<br \/>\nToyota Altezza,\u00a0GXE10, GXE15, JCE10, JCE15, SXE10<br \/>\nToyota Aristo,\u00a0JZS147, JZS160, JZS161, UZS143<br \/>\nToyota Aurion,\u00a0ACV40, GSV40<br \/>\nToyota Auris,\u00a0ADE150, ADE157, NDE150, NZE151, NZE154, NZE181, NZE184, ZRE151, ZRE152, ZRE154, ZRE186, ZZE150<br \/>\nToyota Avalon,\u00a0MCX10<br \/>\nToyota Avensis Verso,\u00a0ACM20, ACM21, CLM20<br \/>\nToyota Avensis,\u00a0ADT250, ADT251, AT220, AT221, AZT220, AZT250, AZT251, AZT255, CDT220, CDT250, CT220, ST220, ZRT272, ZZT220, ZZT221, ZZT250, ZZT251<br \/>\nToyota Belta,\u00a0KSP92, NCP96, SCP92<br \/>\nToyota Blade,\u00a0AZE154, AZE156, GRE156<br \/>\nToyota Brevis,\u00a0JCG10, JCG11, JCG15<br \/>\nToyota Caldina,\u00a0AT191, AT211, AZT241, AZT246, CT190, CT196, CT197, CT198, CT199, CT216, ET196, ST190, ST191, ST195, ST198, ST210, ST215, ST246, ZZT241<br \/>\nToyota Camry Gracia,\u00a0MCV21, MCV25, SXV20, SXV25<br \/>\nToyota Camry,\u00a0ACV30, ACV31, ACV35, ACV40, ACV41, AVV50, CV30, CV40, CV43, GSV40, MCV10, MCV20, MCV30, SV30, SV32, SV33, SV35, SV40, SV41, SV42, SV43, SXV10, SXV11, SXV20, VCV10, VZV30, VZV31, VZV32, VZV33<br \/>\nToyota Carina E,\u00a0AT190, AT191, CT190, ST191<br \/>\nToyota Carina ED,\u00a0ST180, ST181, ST182, ST183, ST200, ST201, ST202, ST203, ST205<br \/>\nToyota Carina II,\u00a0AT171, AT177, CT170, CT177, ST171<br \/>\nToyota Carina,\u00a0AT190, AT191, AT192, AT210, AT211, AT212, CT190, CT195, CT210, CT211, CT215, CT216, ST190, ST195, ST215<br \/>\nToyota Celica,\u00a0AT180, AT200, ST182, ST183, ST184, ST185, ST202, ST203, ST204, ST205, ZZT230, ZZT231<br \/>\nToyota Celsior,\u00a0UCF30, UCF31<br \/>\nToyota Chaser,\u00a0GX100, GX105, GX90, JZX100, JZX101, JZX105, JZX90, JZX91, JZX93, LX100, LX90, SX100, SX90<br \/>\nToyota Comfort,\u00a0LXS10, LXS12, YXS10<br \/>\nToyota Corolla Axio,\u00a0NKE165, NRE160, NZE141, NZE144, NZE161, NZE164, ZRE142, ZRE144, ZRE162<br \/>\nToyota Corolla Ceres,\u00a0AE100, AE101<br \/>\nToyota Corolla Fielder,\u00a0CE121, NKE165, NRE160, NZE120, NZE121, NZE124, NZE141, NZE144, NZE161, NZE164, ZRE142, ZRE144, ZRE162, ZZE122, ZZE123, ZZE124<br \/>\nToyota Corolla II,\u00a0EL41, EL43, EL45, EL51, EL53, EL55, NL40, NL50<br \/>\nToyota Corolla Levin,\u00a0AE100, AE101, AE110, AE111<br \/>\nToyota Corolla Rumion,\u00a0NZE151, ZRE152, ZRE154<br \/>\nToyota Corolla Runx,\u00a0NZE121, NZE124, ZZE122, ZZE123, ZZE124<br \/>\nToyota Corolla Spacio,\u00a0AE111, AE115, NZE121, ZZE122, ZZE124<br \/>\nToyota Corolla Verso,\u00a0AUR10, CDE120, CUR10, ZNR10, ZNR11, ZZE121, ZZE122<br \/>\nToyota Corolla,\u00a0ADE150, AE100, AE101, AE102, AE103, AE104, AE109, AE110, AE111, AE112, AE114, AE115, AE92, AE95, CDE110, CDE120, CE100, CE101, CE102, CE104, CE105, CE106, CE107, CE108, CE109, CE110, CE113, CE114, CE116, CE120, CE140, CE90, EE100, EE101, EE102, EE103, EE104, EE105, EE106, EE107, EE108, EE110, EE111, EE90, EE97, NDE120, NDE150, NZE120, NZE121, NZE141, WZE110, ZRE120, ZRE142, ZRE151, ZRE152, ZZE111, ZZE112, ZZE120, ZZE121, ZZE122, ZZE123, ZZE130, ZZE131, ZZE132, ZZE133, ZZE134, ZZE141, ZZE142, ZZE150<br \/>\nToyota Corona Exiv,\u00a0ST180, ST181, ST182, ST183, ST200, ST201, ST202, ST203, ST205<br \/>\nToyota Corona,\u00a0AT170, AT171, AT175, AT177, AT190, AT210, AT211, AT220, CT170, CT176, CT177, CT190, CT195, CT210, CT211, CT215, CT216, CT220, ET176, ST170, ST171, ST190, ST191, ST195, ST210, ST215, ST220<br \/>\nToyota Corsa,\u00a0EL41, EL43, EL45, EL51, EL53, EL55, NL40, NL50<br \/>\nToyota Cresta,\u00a0GX100, GX105, GX90, JZX100, JZX101, JZX105, JZX90, JZX91, JZX93, LX100, LX90, SX90<br \/>\nToyota Crown Majesta,\u00a0GRS180, GRS181, GRS182, GRS183, GRS184, GS141, GS151, GS171, JKS175, JZS141, JZS143, JZS145, JZS147, JZS149, JZS151, JZS153, JZS155, JZS157, JZS171, JZS173, JZS175, JZS177, JZS179, LS141, LS151, UZS141, UZS143, UZS145, UZS147, UZS151, UZS155, UZS157, UZS171, UZS173, UZS175, UZS186, UZS187<br \/>\nToyota Crown,\u00a0GBS12, GRS180, GRS181, GRS182, GRS183, GRS184, GRS188, GRS200, GRS201, GRS202, GRS203, GRS204, GS130, GS131, GS136, GS141, GS151, GS171, GWS204, GXS10, GXS12, JKS175, JZS130, JZS131, JZS133, JZS135, JZS141, JZS143, JZS145, JZS147, JZS149, JZS151, JZS153, JZS155, JZS157, JZS171, JZS173, JZS175, JZS177, JZS179, LS130, LS131, LS136, LS141, LS151, LXS11, SXS11, SXS13, TSS10, TSS11, TSS13, UZS141, UZS143, UZS145, UZS147, UZS151, UZS155, UZS157, UZS171, UZS173, UZS175, UZS186, UZS187, YS130, YS132, YXS10, YXS11<br \/>\nToyota Curren,\u00a0ST206, ST207, ST208<br \/>\nToyota Dyna,\u00a0BU300, BU301, BU303, BU306, BU340, BU343, BU346, BU400, BU410, BU420, BU430, BZU300, BZU340, BZU410, BZU600, KDY220, KDY221, KDY230, KDY231, KDY240, KDY241, KDY270, KDY271, KDY280, KDY281, KDY290, LY220, LY230, LY240, LY270, LY280, LY290, RZU300, RZU301, RZU340, RZY220, RZY230, RZY231, RZY281, TRC600, TRU300, TRU340, TRU600, TRY220, TRY230, TRY231, TRY281, WU300, WU302, WU340, WU342, WU410, WU412, WU420, WU422, XKC605, XKC645, XKC655, XKU304, XKU308, XKU338, XKU344, XKU348, XKU414, XKU508, XKU600, XKU605, XKU640, XKU645, XKU650, XKU655, XKU700, XKU710, XKU720, XZC600, XZC605, XZC610, XZC630, XZC645, XZC655, XZC675, XZC710, XZU300, XZU301, XZU302, XZU304, XZU305, XZU306, XZU307, XZU308, XZU311, XZU312, XZU314, XZU320, XZU321, XZU322, XZU324, XZU327, XZU330, XZU331, XZU334, XZU336, XZU337, XZU338, XZU340, XZU341, XZU342, XZU344, XZU345, XZU346, XZU347, XZU348, XZU350, XZU351, XZU352, XZU354, XZU362, XZU368, XZU371, XZU372, XZU378, XZU382, XZU388, XZU402, XZU404, XZU410, XZU411, XZU412, XZU413, XZU414, XZU415, XZU420, XZU422, XZU423, XZU424, XZU425, XZU430, XZU433, XZU434, XZU435, XZU600, XZU605, XZU610, XZU620, XZU630, XZU640, XZU645, XZU650, XZU655, XZU675, XZU685, XZU695, XZU700, XZU710, XZU720, XZU730, XZU775<br \/>\nToyota EQ EV,\u00a0KPJ10<br \/>\nToyota Echo Verso,\u00a0NCP20, NCP21, NCP22, NLP20, NLP22<br \/>\nToyota Echo,\u00a0NCP10, NCP11, NCP12, NCP13, SCP10<br \/>\nToyota Estima Emina,\u00a0CXR10, CXR11, TCR10, TCR11<br \/>\nToyota Estima Lucida,\u00a0CXR10, CXR11, TCR10, TCR11<br \/>\nToyota Estima,\u00a0ACR30, ACR50, ACR55, AHR10, AHR20, GSR50, GSR55, MCR30, TCR10, TCR11<br \/>\nToyota FJ Cruiser,\u00a0GSJ10, GSJ15<br \/>\nToyota Fortuner,\u00a0GGN50, GGN60, KUN50, KUN51, KUN60, KUN61, LAN50, TGN51, TGN61<br \/>\nToyota Funcargo,\u00a0NCP20, NCP21, NCP25<br \/>\nToyota Gaia,\u00a0ACM10, ACM15, CXM10, SXM10, SXM15<br \/>\nToyota Grand Hiace,\u00a0KCH10, KCH12, KCH16, RCH11, VCH10, VCH16<br \/>\nToyota Granvia,\u00a0KCH10, KCH12, KCH16, RCH11, VCH10, VCH16<br \/>\nToyota Harrier,\u00a0ACU30, ACU35, AVU65, GSU30, GSU31, GSU35, GSU36, MCU30, MCU31, MCU35, MCU36, MHU38, ZSU60, ZSU65<br \/>\nToyota Hiace,\u00a0KDH200, KDH201, KDH202, KDH203, KDH212, KDH220, KDH221, KDH222, KDH223, KLH12, KLH18, KLH22, KLH28, LH102, LH103, LH104, LH105, LH108, LH112, LH113, LH114, LH115, LH118, LH125, LH162, LH164, LH166, LH172, LH174, LH176, LH184, LH200, LH202, LH212, LH222, LXH12, LXH18, LXH22, LXH28, RCH12, RCH13, RCH18, RCH19, RCH22, RCH23, RCH28, RCH29, RZH102, RZH103, RZH104, RZH105, RZH109, RZH112, RZH113, RZH114, RZH115, RZH119, RZH125, RZH155, TRH201, TRH203, TRH213, TRH221, TRH223<br \/>\nToyota Highlander,\u00a0GSU40, GSU45, MHU23, MHU28<br \/>\nToyota Hilux Surf,\u00a0GRN215, KDN185, KDN215, KZN185, RZN180, RZN185, RZN210, RZN215, TRN210, TRN215, VZN180, VZN185, VZN210, VZN215<br \/>\nToyota Hilux,\u00a0GGN15, GGN25, KDN145, KDN150, KDN151, KDN155, KDN165, KDN166, KDN170, KDN190, KUN10, KUN15, KUN16, KUN25, KUN26, KUN35, KUN36, KZN165, KZN190, LAN15, LAN25, LAN35, LN140, LN141, LN145, LN146, LN147, LN150, LN152, LN155, LN157, LN165, LN166, LN167, LN170, LN171, LN172, LN190, LN191, LN192, RZN142, RZN144, RZN147, RZN148, RZN149, RZN154, RZN168, RZN169, RZN173, RZN174, RZN193, RZN194, TGN10, TGN11, TGN15, TGN16, TGN26, TGN36, VZN167, VZN172, YN140<br \/>\nToyota Innova,\u00a0KUN40, TGN40, TGN41<br \/>\nToyota Ipsum,\u00a0ACM21, ACM26, CXM10, SXM10, SXM15<br \/>\nToyota Isis,\u00a0ANM10, ANM15, ZGM10, ZGM11, ZGM15, ZNM10<br \/>\nToyota Kijang,\u00a0KUN40, TGN40, TGN41<br \/>\nToyota Kluger V,\u00a0ACU20, ACU25, MCU20, MCU25, MCU28, MHU28<br \/>\nToyota Land Cruiser Prado,\u00a0GRJ120, GRJ121, GRJ125, GRJ150, GRJ151, KDJ120, KDJ121, KDJ125, KDJ90, KDJ95, KZJ120, KZJ90, KZJ95, LJ120, LJ125, LJ90, LJ95, RZJ120, RZJ125, RZJ90, RZJ95, TRJ120, TRJ125, TRJ150, VZJ120, VZJ121, VZJ125, VZJ90, VZJ95<br \/>\nToyota Land Cruiser,\u00a0FJ70, FJ73, FJ75, FZJ100, FZJ105, FZJ70, FZJ71, FZJ73, FZJ74, FZJ75, FZJ76, FZJ78, FZJ79, GRJ200, HDJ100, HDJ101, HDJ78, HDJ79, HJ75, HZJ105, HZJ70, HZJ71, HZJ73, HZJ75, HZJ76, HZJ78, HZJ79, KZJ70, KZJ77, LJ70, LJ72, LJ77, LJ79, LJ79R, PZJ70, PZJ73, PZJ75, RJ70, RJ77, URJ200, URJ202, UZJ100, UZJ200, VDJ200, VDJ76, VDJ78, VDJ79<br \/>\nToyota Lite Ace Noah,\u00a0CR40, CR41, CR42, KR41, KR42, SR40<br \/>\nToyota Lite Ace,\u00a0CM30, CM35, CM36, CM50, CM51, CM52, CM55, CM70, CM75, CR21, CR22, CR27, CR28, CR29, CR41, KM30, KM31, KM35, KM36, KM37, KM50, KM51, KM70, KM75, KR21, KR27, KR28, KR42, SR40, YM30, YM31, YM35,<\/p>","protected":false},"excerpt":{"rendered":"<p><b>OEM:<\/b> 90179-06127, 9017906127<\/p>\n<p>Dimensiune F: 16,1<br \/>\nDimensiune H: 4<br \/>\nDimensiune T: 18,5<\/p>\n","protected":false},"featured_media":9602,"template":"","meta":[],"product_cat":[1243,1244],"product_tag":[],"bundled_by":[],"bundle_stock_status":"instock","bundle_stock_quantity":null,"bundle_virtual":false,"bundle_layout":"","bundle_add_to_cart_form_location":"","bundle_editable_in_cart":false,"bundle_sold_individually_context":"","bundle_item_grouping":"","bundle_min_size":"","bundle_max_size":"","bundled_items":[],"yoast_head":"<!-- This site is optimized with the Yoast SEO Premium plugin v16.6 (Yoast SEO v20.1) - https:\/\/yoast.com\/wordpress\/plugins\/seo\/ -->\n<title>H1146 - Metize, Capse - atg.md<\/title>\n<meta name=\"robots\" content=\"index, follow, max-snippet:-1, max-image-preview:large, max-video-preview:-1\" \/>\n<link rel=\"canonical\" href=\"https:\/\/atg.md\/ro\/catalog\/metizy\/skoby-metizy\/h1146\/\" \/>\n<meta property=\"og:locale\" content=\"ro_RO\" \/>\n<meta property=\"og:type\" content=\"article\" \/>\n<meta property=\"og:title\" content=\"H1146 - Metize, Capse - atg.md\" \/>\n<meta property=\"og:description\" content=\"OEM: 90179-06127, 9017906127Dimensiune F: 16,1 Dimensiune H: 4 Dimensiune T: 18,5\" \/>\n<meta property=\"og:url\" content=\"https:\/\/atg.md\/ro\/wp-json\/wp\/v2\/product\/9601\" \/>\n<meta property=\"og:site_name\" content=\"atg.md\" \/>\n<meta property=\"article:modified_time\" content=\"2024-07-05T10:46:20+00:00\" \/>\n<meta property=\"og:image\" content=\"https:\/\/atg.md\/wp-content\/uploads\/2021\/03\/h1146.jpg\" \/>\n\t<meta property=\"og:image:width\" content=\"600\" \/>\n\t<meta property=\"og:image:height\" content=\"600\" \/>\n\t<meta property=\"og:image:type\" content=\"image\/jpeg\" \/>\n<meta name=\"twitter:card\" content=\"summary_large_image\" \/>\n<meta name=\"twitter:label1\" content=\"Pre\u021b\" \/>\n\t<meta name=\"twitter:data1\" content=\"7.00&nbsp;MDL\" \/>\n\t<meta name=\"twitter:label2\" content=\"Availability\" \/>\n\t<meta name=\"twitter:data2\" content=\"In stock\" \/>\n<script type=\"application\/ld+json\" class=\"yoast-schema-graph\">{\"@context\":\"https:\/\/schema.org\",\"@graph\":[{\"@type\":\"WebPage\",\"@id\":\"https:\/\/atg.md\/ro\/catalog\/metizy\/skoby-metizy\/h1146\/\",\"url\":\"https:\/\/atg.md\/ro\/catalog\/metizy\/skoby-metizy\/h1146\/\",\"name\":\"H1146 - Metize, Capse - atg.md\",\"isPartOf\":{\"@id\":\"https:\/\/atg.md\/ro\/#website\"},\"datePublished\":\"2021-03-30T09:23:03+00:00\",\"dateModified\":\"2024-07-05T10:46:20+00:00\",\"breadcrumb\":{\"@id\":\"https:\/\/atg.md\/ro\/catalog\/metizy\/skoby-metizy\/h1146\/#breadcrumb\"},\"inLanguage\":\"ro-RO\",\"potentialAction\":[{\"@type\":\"ReadAction\",\"target\":[[\"https:\/\/atg.md\/ro\/catalog\/metizy\/skoby-metizy\/h1146\/\"]]}]},{\"@type\":\"BreadcrumbList\",\"@id\":\"https:\/\/atg.md\/ro\/catalog\/metizy\/skoby-metizy\/h1146\/#breadcrumb\",\"itemListElement\":[{\"@type\":\"ListItem\",\"position\":1,\"name\":\"Home\",\"item\":\"https:\/\/atg.md\/ro\/\"},{\"@type\":\"ListItem\",\"position\":2,\"name\":\"\u041a\u0430\u0442\u0430\u043b\u043e\u0433\",\"item\":\"https:\/\/atg.md\/ro\/catalog\/\"},{\"@type\":\"ListItem\",\"position\":3,\"name\":\"H1146\"}]},{\"@type\":\"WebSite\",\"@id\":\"https:\/\/atg.md\/ro\/#website\",\"url\":\"https:\/\/atg.md\/ro\/\",\"name\":\"atg.md\",\"description\":\"V\u00e2nzare de izola\u021bii \u00eempotriva vibra\u021biilor pentru ma\u0219ini, izola\u021bie termic\u0103, izolare fonic\u0103 de la cei mai buni produc\u0103tori, autoclipsuri, elemente de fixare auto. Cump\u0103ra\u021bi \u00een Moldova, Chi\u0219in\u0103u\",\"publisher\":{\"@id\":\"https:\/\/atg.md\/ro\/#organization\"},\"potentialAction\":[{\"@type\":\"SearchAction\",\"target\":{\"@type\":\"EntryPoint\",\"urlTemplate\":\"https:\/\/atg.md\/ro\/?s={search_term_string}\"},\"query-input\":\"required name=search_term_string\"}],\"inLanguage\":\"ro-RO\"},{\"@type\":[\"Organization\",\"Place\",\"AutoPartsStore\"],\"@id\":\"https:\/\/atg.md\/ro\/#organization\",\"name\":\"S.C. AUTOTOM GRUP S.R.L.\",\"url\":\"https:\/\/atg.md\/ro\/\",\"logo\":{\"@type\":\"ImageObject\",\"inLanguage\":\"ro-RO\",\"@id\":\"https:\/\/atg.md\/ro\/#\/schema\/logo\/image\/\",\"url\":\"https:\/\/i2.wp.com\/atg.md\/wp-content\/uploads\/2021\/05\/atg_logo_main.png?fit=656%2C569&ssl=1\",\"contentUrl\":\"https:\/\/i2.wp.com\/atg.md\/wp-content\/uploads\/2021\/05\/atg_logo_main.png?fit=656%2C569&ssl=1\",\"width\":656,\"height\":569,\"caption\":\"S.C. AUTOTOM GRUP S.R.L.\"},\"image\":{\"@id\":\"https:\/\/atg.md\/ro\/#\/schema\/logo\/image\/\"},\"location\":{\"@id\":\"https:\/\/atg.md\/ro\/catalog\/metizy\/skoby-metizy\/h1146\/#local-place\"},\"address\":{\"@id\":\"https:\/\/atg.md\/ro\/catalog\/metizy\/skoby-metizy\/h1146\/#local-place-address\"},\"email\":\"atgtvv@gmail.com\",\"telephone\":\"+37369644446\",\"areaServed\":\"Moldova\"},{\"@type\":\"Place\",\"@id\":\"https:\/\/atg.md\/ro\/catalog\/metizy\/skoby-metizy\/h1146\/#local-place\",\"address\":{\"@type\":\"PostalAddress\",\"@id\":\"https:\/\/atg.md\/ro\/catalog\/metizy\/skoby-metizy\/h1146\/#local-place-address\",\"streetAddress\":\"str. Alba-Iulia 77\/20\",\"addressLocality\":\"Chisinau\",\"postalCode\":\"2043\",\"addressRegion\":\"mun. Chisinau\",\"addressCountry\":\"MD\"},\"geo\":{\"@type\":\"GeoCoordinates\",\"latitude\":\"47.0376\",\"longitude\":\"28.76899\"},\"openingHoursSpecification\":[{\"@type\":\"OpeningHoursSpecification\",\"dayOfWeek\":[\"Monday\",\"Tuesday\",\"Wednesday\",\"Thursday\",\"Friday\"],\"opens\":\"09:00\",\"closes\":\"18:00\"},{\"@type\":\"OpeningHoursSpecification\",\"dayOfWeek\":[\"Saturday\"],\"opens\":\"09:00\",\"closes\":\"14:00\"},{\"@type\":\"OpeningHoursSpecification\",\"dayOfWeek\":[\"Sunday\"],\"opens\":\"00:00\",\"closes\":\"00:00\"}],\"telephone\":\"+37369644446\"}]}<\/script>\n<meta name=\"geo.placename\" content=\"Chisinau\" \/>\n<meta name=\"geo.position\" content=\"47.0376;28.76899\" \/>\n<meta name=\"geo.region\" content=\"Moldova\" \/>\n<!-- \/ Yoast SEO Premium plugin. -->","yoast_head_json":{"title":"H1146 - Metize, Capse - atg.md","robots":{"index":"index","follow":"follow","max-snippet":"max-snippet:-1","max-image-preview":"max-image-preview:large","max-video-preview":"max-video-preview:-1"},"canonical":"https:\/\/atg.md\/ro\/catalog\/metizy\/skoby-metizy\/h1146\/","og_locale":"ro_RO","og_type":"article","og_title":"H1146 - Metize, Capse - atg.md","og_description":"OEM: 90179-06127, 9017906127Dimensiune F: 16,1 Dimensiune H: 4 Dimensiune T: 18,5","og_url":"https:\/\/atg.md\/ro\/wp-json\/wp\/v2\/product\/9601","og_site_name":"atg.md","article_modified_time":"2024-07-05T10:46:20+00:00","og_image":[{"width":600,"height":600,"url":"https:\/\/atg.md\/wp-content\/uploads\/2021\/03\/h1146.jpg","type":"image\/jpeg"}],"twitter_card":"summary_large_image","twitter_misc":{"Pre\u021b":"7.00&nbsp;MDL","Availability":"In stock"},"schema":{"@context":"https:\/\/schema.org","@graph":[{"@type":"WebPage","@id":"https:\/\/atg.md\/ro\/catalog\/metizy\/skoby-metizy\/h1146\/","url":"https:\/\/atg.md\/ro\/catalog\/metizy\/skoby-metizy\/h1146\/","name":"H1146 - Metize, Capse - atg.md","isPartOf":{"@id":"https:\/\/atg.md\/ro\/#website"},"datePublished":"2021-03-30T09:23:03+00:00","dateModified":"2024-07-05T10:46:20+00:00","breadcrumb":{"@id":"https:\/\/atg.md\/ro\/catalog\/metizy\/skoby-metizy\/h1146\/#breadcrumb"},"inLanguage":"ro-RO","potentialAction":[{"@type":"ReadAction","target":[["https:\/\/atg.md\/ro\/catalog\/metizy\/skoby-metizy\/h1146\/"]]}]},{"@type":"BreadcrumbList","@id":"https:\/\/atg.md\/ro\/catalog\/metizy\/skoby-metizy\/h1146\/#breadcrumb","itemListElement":[{"@type":"ListItem","position":1,"name":"Home","item":"https:\/\/atg.md\/ro\/"},{"@type":"ListItem","position":2,"name":"\u041a\u0430\u0442\u0430\u043b\u043e\u0433","item":"https:\/\/atg.md\/ro\/catalog\/"},{"@type":"ListItem","position":3,"name":"H1146"}]},{"@type":"WebSite","@id":"https:\/\/atg.md\/ro\/#website","url":"https:\/\/atg.md\/ro\/","name":"atg.md","description":"V\u00e2nzare de izola\u021bii \u00eempotriva vibra\u021biilor pentru ma\u0219ini, izola\u021bie termic\u0103, izolare fonic\u0103 de la cei mai buni produc\u0103tori, autoclipsuri, elemente de fixare auto. Cump\u0103ra\u021bi \u00een Moldova, Chi\u0219in\u0103u","publisher":{"@id":"https:\/\/atg.md\/ro\/#organization"},"potentialAction":[{"@type":"SearchAction","target":{"@type":"EntryPoint","urlTemplate":"https:\/\/atg.md\/ro\/?s={search_term_string}"},"query-input":"required name=search_term_string"}],"inLanguage":"ro-RO"},{"@type":["Organization","Place","AutoPartsStore"],"@id":"https:\/\/atg.md\/ro\/#organization","name":"S.C. AUTOTOM GRUP S.R.L.","url":"https:\/\/atg.md\/ro\/","logo":{"@type":"ImageObject","inLanguage":"ro-RO","@id":"https:\/\/atg.md\/ro\/#\/schema\/logo\/image\/","url":"https:\/\/i2.wp.com\/atg.md\/wp-content\/uploads\/2021\/05\/atg_logo_main.png?fit=656%2C569&ssl=1","contentUrl":"https:\/\/i2.wp.com\/atg.md\/wp-content\/uploads\/2021\/05\/atg_logo_main.png?fit=656%2C569&ssl=1","width":656,"height":569,"caption":"S.C. AUTOTOM GRUP S.R.L."},"image":{"@id":"https:\/\/atg.md\/ro\/#\/schema\/logo\/image\/"},"location":{"@id":"https:\/\/atg.md\/ro\/catalog\/metizy\/skoby-metizy\/h1146\/#local-place"},"address":{"@id":"https:\/\/atg.md\/ro\/catalog\/metizy\/skoby-metizy\/h1146\/#local-place-address"},"email":"atgtvv@gmail.com","telephone":"+37369644446","areaServed":"Moldova"},{"@type":"Place","@id":"https:\/\/atg.md\/ro\/catalog\/metizy\/skoby-metizy\/h1146\/#local-place","address":{"@type":"PostalAddress","@id":"https:\/\/atg.md\/ro\/catalog\/metizy\/skoby-metizy\/h1146\/#local-place-address","streetAddress":"str. Alba-Iulia 77\/20","addressLocality":"Chisinau","postalCode":"2043","addressRegion":"mun. Chisinau","addressCountry":"MD"},"geo":{"@type":"GeoCoordinates","latitude":"47.0376","longitude":"28.76899"},"openingHoursSpecification":[{"@type":"OpeningHoursSpecification","dayOfWeek":["Monday","Tuesday","Wednesday","Thursday","Friday"],"opens":"09:00","closes":"18:00"},{"@type":"OpeningHoursSpecification","dayOfWeek":["Saturday"],"opens":"09:00","closes":"14:00"},{"@type":"OpeningHoursSpecification","dayOfWeek":["Sunday"],"opens":"00:00","closes":"00:00"}],"telephone":"+37369644446"}]}},"_links":{"self":[{"href":"https:\/\/atg.md\/ro\/wp-json\/wp\/v2\/product\/9601"}],"collection":[{"href":"https:\/\/atg.md\/ro\/wp-json\/wp\/v2\/product"}],"about":[{"href":"https:\/\/atg.md\/ro\/wp-json\/wp\/v2\/types\/product"}],"wp:featuredmedia":[{"embeddable":true,"href":"https:\/\/atg.md\/ro\/wp-json\/wp\/v2\/media\/9602"}],"wp:attachment":[{"href":"https:\/\/atg.md\/ro\/wp-json\/wp\/v2\/media?parent=9601"}],"wp:term":[{"taxonomy":"product_cat","embeddable":true,"href":"https:\/\/atg.md\/ro\/wp-json\/wp\/v2\/product_cat?post=9601"},{"taxonomy":"product_tag","embeddable":true,"href":"https:\/\/atg.md\/ro\/wp-json\/wp\/v2\/product_tag?post=9601"}],"curies":[{"name":"wp","href":"https:\/\/api.w.org\/{rel}","templated":true}]}}