{"id":9597,"date":"2021-03-30T09:23:03","date_gmt":"2021-03-30T09:23:03","guid":{"rendered":"http:\/\/atg.md\/product\/h1117\/"},"modified":"2024-07-05T10:46:18","modified_gmt":"2024-07-05T10:46:18","slug":"h1117","status":"publish","type":"product","link":"https:\/\/atg.md\/ro\/catalog\/metizy\/skoby-metizy\/h1117\/","title":{"rendered":"H1117"},"content":{"rendered":"<p>Modele:<\/p>\n<p>Audi A1,\u00a08X1, 8XA, 8XF, 8XK<br \/>\nAudi A3,\u00a08L1, 8P1, 8P7, 8PA, 8V1, 8V7, 8VA, 8VE, 8VS<br \/>\nAudi A4 allroad quattro,\u00a08KH<br \/>\nAudi A4,\u00a08E2, 8E5, 8EC, 8ED, 8H7, 8HE, 8K2, 8K5, 8W2, 8W5, 8WH<br \/>\nAudi A5,\u00a08F7, 8T3, 8TA<br \/>\nAudi A6 allroad quattro,\u00a04FH, 4GH, 4GJ<br \/>\nAudi A6,\u00a04F2, 4F2\/C6, 4F5, 4F5\/C6, 4G2, 4G2\/C7, 4G5, 4G5\/C7, 4G5\/\u04217, 4GC, 4GD<br \/>\nAudi A7,\u00a04GA, 4GF<br \/>\nAudi A8,\u00a04HC, 4HL<br \/>\nAudi Q3,\u00a08UB, 8UG<br \/>\nAudi Q5,\u00a08RB<br \/>\nAudi Q7,\u00a04LB, 4MB<br \/>\nAudi RS Q3,\u00a08UB<br \/>\nAudi RS3,\u00a08PA, 8VA<br \/>\nAudi RS4,\u00a08D5, 8HE, 8K5<br \/>\nAudi RS5,\u00a08F7, 8T3, F53<br \/>\nAudi RS6,\u00a04F2, 4F5, 4G5, 4G5\/C7, 4GD<br \/>\nAudi RS7,\u00a04GA, 4GF<br \/>\nAudi S3,\u00a08L1, 8P1, 8PA, 8V1, 8VA, 8VS<br \/>\nAudi S4,\u00a08E2, 8E5, 8EC, 8ED, 8H7, 8HE, 8K2, 8K5, 8W2, 8W5, 8WH<br \/>\nAudi S5,\u00a08F7, 8T3, 8TA<br \/>\nAudi S6,\u00a04F2, 4F5, 4G2, 4G2\/C7, 4G5, 4G5\/C7, 4GC, 4GD<br \/>\nAudi S8,\u00a04HC, 4HL<br \/>\nAudi TT RS,\u00a08J3, 8J9<br \/>\nAudi TT,\u00a08J3, 8J9, FV3, FV9<br \/>\nAudi TTS,\u00a08J3, 8J9, FV3, FV9<br \/>\nSeat Alhambra,\u00a0710, 7V8, 7V9<br \/>\nSeat Altea,\u00a05P1, 5P5, 5P8<br \/>\nSeat Arosa,\u00a06H1<br \/>\nSeat Cordoba,\u00a06KR, 6L2, 6L5<br \/>\nSeat Exeo,\u00a03R2, 3R5<br \/>\nSeat Ibiza,\u00a06J1, 6J5, 6J8, 6L1, 6P1, 6P5, 6P8<br \/>\nSeat Inca,\u00a06KR<br \/>\nSeat Leon,\u00a01M1, 1M2, 1P1, 5F1, 5F5, 5F8<br \/>\nSeat Mii,\u00a0KF1<br \/>\nSeat Toledo,\u00a01M1, 1M2, 5P2, KG3<br \/>\nSkoda Citigo,\u00a0NF1<br \/>\nSkoda Fabia,\u00a00F1, 542, 545, 551, 572, 582, 6Y2, 6Y3, 6Y5, NJ2, NJ5<br \/>\nSkoda Octavia,\u00a01U2, 1U5, 1Z3, 1Z5, 5E3, 5E5, 913, 933, NL3, NM2, NM3, NM4, NM5, NR3<br \/>\nSkoda Rapid,\u00a0NA2, NG2, NH1, NH3<br \/>\nSkoda Roomster,\u00a05J7<br \/>\nSkoda Superb,\u00a0374, 3T4, 3T5, 3V3, 3V5, NT3<br \/>\nSkoda Yeti,\u00a00Y7, 5L6, 5L7, 676, 677<br \/>\nVolkswagen Amarok,\u00a02HA, 2HB, S1B<br \/>\nVolkswagen Beetle,\u00a01C1, 1C9, 1Y7, 5C1, 5C7, 9C1, 9G1<br \/>\nVolkswagen Bora,\u00a01J2, 1J6<br \/>\nVolkswagen Caddy,\u00a02CA, 2CB, 2CH, 2CJ, 2KA, 2KB, 2KH, 2KJ, SAA, SAB, SAH, SAJ<br \/>\nVolkswagen Corrado<br \/>\nVolkswagen Crafter,\u00a02EA, 2EB, 2ED, 2EE, 2EH, 2EK, 2EX, 2FC, 2FF, 2FG<br \/>\nVolkswagen Eos,\u00a01F7, 1F8<br \/>\nVolkswagen Fox,\u00a05Z1, 5Z7<br \/>\nVolkswagen Gol,\u00a05U1, 5U2<br \/>\nVolkswagen Golf,\u00a01E7, 1G1, 1G2, 1H1, 1H2, 1H5, 1J1, 1J5, 1K1, 1K5, 1V7, 517, 521, 5G1, 5K1, 5M1, AJ5, AM1, AU1, BA5, BX5<br \/>\nVolkswagen Jetta,\u00a0162, 163, 1G1, 1G2, 1K2<br \/>\nVolkswagen Lupo,\u00a06E1, 6X1<br \/>\nVolkswagen Passat CC,\u00a0357, 358<br \/>\nVolkswagen Passat,\u00a0362, 365, 3B2, 3B3, 3B5, 3B6, 3C2, 3C5, 3G2, 3G5, A32<br \/>\nVolkswagen Phaeton,\u00a03D1, 3D2, 3D3, 3D4, 3D6, 3D7, 3D8, 3D9<br \/>\nVolkswagen Polo,\u00a0601, 602, 603, 604, 612, 641, 642, 643, 644, 6C1, 6K2, 6K5, 6N1, 6R1, 6V2, 9A2, 9J2, 9J4, 9J6, 9N1, 9N2, 9N3, AW1<br \/>\nVolkswagen Saveiro,\u00a05U8, 5U9<br \/>\nVolkswagen Scirocco,\u00a0137, 138<br \/>\nVolkswagen Sharan,\u00a07M6, 7M8, 7M9, 7N1<br \/>\nVolkswagen Tiguan,\u00a05N1, 5N2<br \/>\nVolkswagen Touareg,\u00a07L6, 7LA, 7P5, 7P6<br \/>\nVolkswagen Touran,\u00a01T1, 1T2, 1T3<br \/>\nVolkswagen Transporter,\u00a070A, 70B, 70C, 70E, 70H, 70J, 70M, 7DA, 7DB, 7DC, 7DE, 7DH, 7DJ, 7DK, 7DL, 7DM, 7EA, 7EB, 7EC, 7EF, 7EG, 7EH, 7EJ, 7EM, 7EN, 7FD, 7FE, 7FL, 7FY, 7FZ, 7HA, 7HB, 7HC, 7HF, 7HH, 7HJ, 7HM, 7HN, 7JD, 7JE, 7JL, 7JY, 7JZ, SFD, SFE, SFL, SFZ<br \/>\nVolkswagen Vento,\u00a01H2, 1H5<br \/>\nVolkswagen XL1,\u00a06Z1<br \/>\nVolkswagen e-Golf,\u00a0BE1<br \/>\nVolkswagen up!,\u00a0121, 6A1, 6A5, BL1<\/p>\n<p><\/p>","protected":false},"excerpt":{"rendered":"<p><b>OEM:<\/b> N90796502, N90796501<\/p>\n<p>Dimensiune F: 30,2<br \/>\nDimensiune H: 3<br \/>\nDimensiune T: 30,2<\/p>\n","protected":false},"featured_media":9598,"template":"","meta":[],"product_cat":[1243,1244],"product_tag":[],"bundled_by":[],"bundle_stock_status":"instock","bundle_stock_quantity":null,"bundle_virtual":false,"bundle_layout":"","bundle_add_to_cart_form_location":"","bundle_editable_in_cart":false,"bundle_sold_individually_context":"","bundle_item_grouping":"","bundle_min_size":"","bundle_max_size":"","bundled_items":[],"yoast_head":"<!-- This site is optimized with the Yoast SEO Premium plugin v16.6 (Yoast SEO v20.1) - https:\/\/yoast.com\/wordpress\/plugins\/seo\/ -->\n<title>H1117 - Metize, Capse - atg.md<\/title>\n<meta name=\"robots\" content=\"index, follow, max-snippet:-1, max-image-preview:large, max-video-preview:-1\" \/>\n<link rel=\"canonical\" href=\"https:\/\/atg.md\/ro\/catalog\/metizy\/skoby-metizy\/h1117\/\" \/>\n<meta property=\"og:locale\" content=\"ro_RO\" \/>\n<meta property=\"og:type\" content=\"article\" \/>\n<meta property=\"og:title\" content=\"H1117 - Metize, Capse - atg.md\" \/>\n<meta property=\"og:description\" content=\"OEM: N90796502, N90796501Dimensiune F: 30,2 Dimensiune H: 3 Dimensiune T: 30,2\" \/>\n<meta property=\"og:url\" content=\"https:\/\/atg.md\/ro\/wp-json\/wp\/v2\/product\/9597\" \/>\n<meta property=\"og:site_name\" content=\"atg.md\" \/>\n<meta property=\"article:modified_time\" content=\"2024-07-05T10:46:18+00:00\" \/>\n<meta property=\"og:image\" content=\"https:\/\/atg.md\/wp-content\/uploads\/2021\/03\/h1117.jpg\" \/>\n\t<meta property=\"og:image:width\" content=\"600\" \/>\n\t<meta property=\"og:image:height\" content=\"600\" \/>\n\t<meta property=\"og:image:type\" content=\"image\/jpeg\" \/>\n<meta name=\"twitter:card\" content=\"summary_large_image\" \/>\n<meta name=\"twitter:label1\" content=\"Pre\u021b\" \/>\n\t<meta name=\"twitter:data1\" content=\"7.00&nbsp;MDL\" \/>\n\t<meta name=\"twitter:label2\" content=\"Availability\" \/>\n\t<meta name=\"twitter:data2\" content=\"In stock\" \/>\n<script type=\"application\/ld+json\" class=\"yoast-schema-graph\">{\"@context\":\"https:\/\/schema.org\",\"@graph\":[{\"@type\":\"WebPage\",\"@id\":\"https:\/\/atg.md\/ro\/catalog\/metizy\/skoby-metizy\/h1117\/\",\"url\":\"https:\/\/atg.md\/ro\/catalog\/metizy\/skoby-metizy\/h1117\/\",\"name\":\"H1117 - Metize, Capse - atg.md\",\"isPartOf\":{\"@id\":\"https:\/\/atg.md\/ro\/#website\"},\"datePublished\":\"2021-03-30T09:23:03+00:00\",\"dateModified\":\"2024-07-05T10:46:18+00:00\",\"breadcrumb\":{\"@id\":\"https:\/\/atg.md\/ro\/catalog\/metizy\/skoby-metizy\/h1117\/#breadcrumb\"},\"inLanguage\":\"ro-RO\",\"potentialAction\":[{\"@type\":\"ReadAction\",\"target\":[[\"https:\/\/atg.md\/ro\/catalog\/metizy\/skoby-metizy\/h1117\/\"]]}]},{\"@type\":\"BreadcrumbList\",\"@id\":\"https:\/\/atg.md\/ro\/catalog\/metizy\/skoby-metizy\/h1117\/#breadcrumb\",\"itemListElement\":[{\"@type\":\"ListItem\",\"position\":1,\"name\":\"Home\",\"item\":\"https:\/\/atg.md\/ro\/\"},{\"@type\":\"ListItem\",\"position\":2,\"name\":\"\u041a\u0430\u0442\u0430\u043b\u043e\u0433\",\"item\":\"https:\/\/atg.md\/ro\/catalog\/\"},{\"@type\":\"ListItem\",\"position\":3,\"name\":\"H1117\"}]},{\"@type\":\"WebSite\",\"@id\":\"https:\/\/atg.md\/ro\/#website\",\"url\":\"https:\/\/atg.md\/ro\/\",\"name\":\"atg.md\",\"description\":\"V\u00e2nzare de izola\u021bii \u00eempotriva vibra\u021biilor pentru ma\u0219ini, izola\u021bie termic\u0103, izolare fonic\u0103 de la cei mai buni produc\u0103tori, autoclipsuri, elemente de fixare auto. Cump\u0103ra\u021bi \u00een Moldova, Chi\u0219in\u0103u\",\"publisher\":{\"@id\":\"https:\/\/atg.md\/ro\/#organization\"},\"potentialAction\":[{\"@type\":\"SearchAction\",\"target\":{\"@type\":\"EntryPoint\",\"urlTemplate\":\"https:\/\/atg.md\/ro\/?s={search_term_string}\"},\"query-input\":\"required name=search_term_string\"}],\"inLanguage\":\"ro-RO\"},{\"@type\":[\"Organization\",\"Place\",\"AutoPartsStore\"],\"@id\":\"https:\/\/atg.md\/ro\/#organization\",\"name\":\"S.C. AUTOTOM GRUP S.R.L.\",\"url\":\"https:\/\/atg.md\/ro\/\",\"logo\":{\"@type\":\"ImageObject\",\"inLanguage\":\"ro-RO\",\"@id\":\"https:\/\/atg.md\/ro\/#\/schema\/logo\/image\/\",\"url\":\"https:\/\/i2.wp.com\/atg.md\/wp-content\/uploads\/2021\/05\/atg_logo_main.png?fit=656%2C569&ssl=1\",\"contentUrl\":\"https:\/\/i2.wp.com\/atg.md\/wp-content\/uploads\/2021\/05\/atg_logo_main.png?fit=656%2C569&ssl=1\",\"width\":656,\"height\":569,\"caption\":\"S.C. AUTOTOM GRUP S.R.L.\"},\"image\":{\"@id\":\"https:\/\/atg.md\/ro\/#\/schema\/logo\/image\/\"},\"location\":{\"@id\":\"https:\/\/atg.md\/ro\/catalog\/metizy\/skoby-metizy\/h1117\/#local-place\"},\"address\":{\"@id\":\"https:\/\/atg.md\/ro\/catalog\/metizy\/skoby-metizy\/h1117\/#local-place-address\"},\"email\":\"atgtvv@gmail.com\",\"telephone\":\"+37369644446\",\"areaServed\":\"Moldova\"},{\"@type\":\"Place\",\"@id\":\"https:\/\/atg.md\/ro\/catalog\/metizy\/skoby-metizy\/h1117\/#local-place\",\"address\":{\"@type\":\"PostalAddress\",\"@id\":\"https:\/\/atg.md\/ro\/catalog\/metizy\/skoby-metizy\/h1117\/#local-place-address\",\"streetAddress\":\"str. Alba-Iulia 77\/20\",\"addressLocality\":\"Chisinau\",\"postalCode\":\"2043\",\"addressRegion\":\"mun. Chisinau\",\"addressCountry\":\"MD\"},\"geo\":{\"@type\":\"GeoCoordinates\",\"latitude\":\"47.0376\",\"longitude\":\"28.76899\"},\"openingHoursSpecification\":[{\"@type\":\"OpeningHoursSpecification\",\"dayOfWeek\":[\"Monday\",\"Tuesday\",\"Wednesday\",\"Thursday\",\"Friday\"],\"opens\":\"09:00\",\"closes\":\"18:00\"},{\"@type\":\"OpeningHoursSpecification\",\"dayOfWeek\":[\"Saturday\"],\"opens\":\"09:00\",\"closes\":\"14:00\"},{\"@type\":\"OpeningHoursSpecification\",\"dayOfWeek\":[\"Sunday\"],\"opens\":\"00:00\",\"closes\":\"00:00\"}],\"telephone\":\"+37369644446\"}]}<\/script>\n<meta name=\"geo.placename\" content=\"Chisinau\" \/>\n<meta name=\"geo.position\" content=\"47.0376;28.76899\" \/>\n<meta name=\"geo.region\" content=\"Moldova\" \/>\n<!-- \/ Yoast SEO Premium plugin. -->","yoast_head_json":{"title":"H1117 - Metize, Capse - atg.md","robots":{"index":"index","follow":"follow","max-snippet":"max-snippet:-1","max-image-preview":"max-image-preview:large","max-video-preview":"max-video-preview:-1"},"canonical":"https:\/\/atg.md\/ro\/catalog\/metizy\/skoby-metizy\/h1117\/","og_locale":"ro_RO","og_type":"article","og_title":"H1117 - Metize, Capse - atg.md","og_description":"OEM: N90796502, N90796501Dimensiune F: 30,2 Dimensiune H: 3 Dimensiune T: 30,2","og_url":"https:\/\/atg.md\/ro\/wp-json\/wp\/v2\/product\/9597","og_site_name":"atg.md","article_modified_time":"2024-07-05T10:46:18+00:00","og_image":[{"width":600,"height":600,"url":"https:\/\/atg.md\/wp-content\/uploads\/2021\/03\/h1117.jpg","type":"image\/jpeg"}],"twitter_card":"summary_large_image","twitter_misc":{"Pre\u021b":"7.00&nbsp;MDL","Availability":"In stock"},"schema":{"@context":"https:\/\/schema.org","@graph":[{"@type":"WebPage","@id":"https:\/\/atg.md\/ro\/catalog\/metizy\/skoby-metizy\/h1117\/","url":"https:\/\/atg.md\/ro\/catalog\/metizy\/skoby-metizy\/h1117\/","name":"H1117 - Metize, Capse - atg.md","isPartOf":{"@id":"https:\/\/atg.md\/ro\/#website"},"datePublished":"2021-03-30T09:23:03+00:00","dateModified":"2024-07-05T10:46:18+00:00","breadcrumb":{"@id":"https:\/\/atg.md\/ro\/catalog\/metizy\/skoby-metizy\/h1117\/#breadcrumb"},"inLanguage":"ro-RO","potentialAction":[{"@type":"ReadAction","target":[["https:\/\/atg.md\/ro\/catalog\/metizy\/skoby-metizy\/h1117\/"]]}]},{"@type":"BreadcrumbList","@id":"https:\/\/atg.md\/ro\/catalog\/metizy\/skoby-metizy\/h1117\/#breadcrumb","itemListElement":[{"@type":"ListItem","position":1,"name":"Home","item":"https:\/\/atg.md\/ro\/"},{"@type":"ListItem","position":2,"name":"\u041a\u0430\u0442\u0430\u043b\u043e\u0433","item":"https:\/\/atg.md\/ro\/catalog\/"},{"@type":"ListItem","position":3,"name":"H1117"}]},{"@type":"WebSite","@id":"https:\/\/atg.md\/ro\/#website","url":"https:\/\/atg.md\/ro\/","name":"atg.md","description":"V\u00e2nzare de izola\u021bii \u00eempotriva vibra\u021biilor pentru ma\u0219ini, izola\u021bie termic\u0103, izolare fonic\u0103 de la cei mai buni produc\u0103tori, autoclipsuri, elemente de fixare auto. Cump\u0103ra\u021bi \u00een Moldova, Chi\u0219in\u0103u","publisher":{"@id":"https:\/\/atg.md\/ro\/#organization"},"potentialAction":[{"@type":"SearchAction","target":{"@type":"EntryPoint","urlTemplate":"https:\/\/atg.md\/ro\/?s={search_term_string}"},"query-input":"required name=search_term_string"}],"inLanguage":"ro-RO"},{"@type":["Organization","Place","AutoPartsStore"],"@id":"https:\/\/atg.md\/ro\/#organization","name":"S.C. AUTOTOM GRUP S.R.L.","url":"https:\/\/atg.md\/ro\/","logo":{"@type":"ImageObject","inLanguage":"ro-RO","@id":"https:\/\/atg.md\/ro\/#\/schema\/logo\/image\/","url":"https:\/\/i2.wp.com\/atg.md\/wp-content\/uploads\/2021\/05\/atg_logo_main.png?fit=656%2C569&ssl=1","contentUrl":"https:\/\/i2.wp.com\/atg.md\/wp-content\/uploads\/2021\/05\/atg_logo_main.png?fit=656%2C569&ssl=1","width":656,"height":569,"caption":"S.C. AUTOTOM GRUP S.R.L."},"image":{"@id":"https:\/\/atg.md\/ro\/#\/schema\/logo\/image\/"},"location":{"@id":"https:\/\/atg.md\/ro\/catalog\/metizy\/skoby-metizy\/h1117\/#local-place"},"address":{"@id":"https:\/\/atg.md\/ro\/catalog\/metizy\/skoby-metizy\/h1117\/#local-place-address"},"email":"atgtvv@gmail.com","telephone":"+37369644446","areaServed":"Moldova"},{"@type":"Place","@id":"https:\/\/atg.md\/ro\/catalog\/metizy\/skoby-metizy\/h1117\/#local-place","address":{"@type":"PostalAddress","@id":"https:\/\/atg.md\/ro\/catalog\/metizy\/skoby-metizy\/h1117\/#local-place-address","streetAddress":"str. Alba-Iulia 77\/20","addressLocality":"Chisinau","postalCode":"2043","addressRegion":"mun. Chisinau","addressCountry":"MD"},"geo":{"@type":"GeoCoordinates","latitude":"47.0376","longitude":"28.76899"},"openingHoursSpecification":[{"@type":"OpeningHoursSpecification","dayOfWeek":["Monday","Tuesday","Wednesday","Thursday","Friday"],"opens":"09:00","closes":"18:00"},{"@type":"OpeningHoursSpecification","dayOfWeek":["Saturday"],"opens":"09:00","closes":"14:00"},{"@type":"OpeningHoursSpecification","dayOfWeek":["Sunday"],"opens":"00:00","closes":"00:00"}],"telephone":"+37369644446"}]}},"_links":{"self":[{"href":"https:\/\/atg.md\/ro\/wp-json\/wp\/v2\/product\/9597"}],"collection":[{"href":"https:\/\/atg.md\/ro\/wp-json\/wp\/v2\/product"}],"about":[{"href":"https:\/\/atg.md\/ro\/wp-json\/wp\/v2\/types\/product"}],"wp:featuredmedia":[{"embeddable":true,"href":"https:\/\/atg.md\/ro\/wp-json\/wp\/v2\/media\/9598"}],"wp:attachment":[{"href":"https:\/\/atg.md\/ro\/wp-json\/wp\/v2\/media?parent=9597"}],"wp:term":[{"taxonomy":"product_cat","embeddable":true,"href":"https:\/\/atg.md\/ro\/wp-json\/wp\/v2\/product_cat?post=9597"},{"taxonomy":"product_tag","embeddable":true,"href":"https:\/\/atg.md\/ro\/wp-json\/wp\/v2\/product_tag?post=9597"}],"curies":[{"name":"wp","href":"https:\/\/api.w.org\/{rel}","templated":true}]}}