{"id":9595,"date":"2021-03-30T09:23:03","date_gmt":"2021-03-30T09:23:03","guid":{"rendered":"http:\/\/atg.md\/product\/h1116\/"},"modified":"2024-07-05T10:46:17","modified_gmt":"2024-07-05T10:46:17","slug":"h1116","status":"publish","type":"product","link":"https:\/\/atg.md\/ro\/catalog\/metizy\/skoby-metizy\/h1116\/","title":{"rendered":"H1116"},"content":{"rendered":"<p>Modele:<\/p>\n<p>Audi A1, 8XF, 8XK<br \/>\nAudi A3, 8L1, 8PA, 8V7, 8VE, 8VF, 8VK, 8VM<br \/>\nAudi A4, 8E2, 8E5, 8EC, 8ED, 8H7, 8K2, 8K5, 8W2, 8W5, 8WH<br \/>\nAudi A5, F53, F57, F5A<br \/>\nAudi A6 allroad quattro, 4GH, 4GJ<br \/>\nAudi A6, 4G2, 4G2\/C7, 4G5, 4G5\/C7, 4G5\/\u04217, 4GC, 4GD<br \/>\nAudi A7, 4GA, 4GF<br \/>\nAudi Q2, GAB<br \/>\nAudi Q5, FYB<br \/>\nAudi Q7, 4MB<br \/>\nAudi R8, 4S3, 4S9<br \/>\nAudi RS3, 8VA, 8VF, 8VM<br \/>\nAudi RS4, 8D5<br \/>\nAudi RS5, F53<br \/>\nAudi RS6, 4G5, 4G5\/C7, 4GD<br \/>\nAudi RS7, 4GA, 4GF<br \/>\nAudi S3, 8L1, 8PA, 8VF, 8VK, 8VM<br \/>\nAudi S4, 8E2, 8E5, 8EC, 8ED, 8H7, 8K2, 8K5, 8W2, 8W5, 8WH<br \/>\nAudi S5, F53, F57, F5A<br \/>\nAudi S6, 4G2, 4G2\/C7, 4G5, 4G5\/C7, 4GC, 4GD<br \/>\nAudi TT RS, FV3, FV9<br \/>\nAudi TT, FV3, FV9<br \/>\nAudi TTS, FV3, FV9<br \/>\nSeat Alhambra, 710, 7V8, 7V9<br \/>\nSeat Altea, 5P1, 5P5, 5P8<br \/>\nSeat Arosa, 6H1<br \/>\nSeat Ateca, KH0<br \/>\nSeat Ibiza, 6J1, 6J5, 6J8, 6L1, 6P1, 6P5, 6P8, KJ1<br \/>\nSeat Leon, 1P1, 5F1, 5F5, 5F8<br \/>\nSeat Mii, KF1<br \/>\nSeat Toledo, 5P2, KG3<br \/>\nSkoda Fabia, NJ2, NJ5<br \/>\nSkoda Kodiaq, 0Z7, NS7<br \/>\nSkoda Octavia, 5E3, 5E5, NL3, NR3<br \/>\nSkoda Rapid, 0G3, NH1, NH3<br \/>\nSkoda Superb, 3V3, 3V5, NT3<br \/>\nVolkswagen Amarok, 2HA, 2HB, S1B, S6B, S7A, S7B<br \/>\nVolkswagen Ameo, 631<br \/>\nVolkswagen Arteon, 3H7<br \/>\nVolkswagen Beetle, 5C2, 5C7, 5C8<br \/>\nVolkswagen Bora, 1J2, 1J6<br \/>\nVolkswagen Caddy, 2KA, 2KB, SAA, SAB, SAH, SAJ<br \/>\nVolkswagen Corrado<br \/>\nVolkswagen Crafter, 2EA, 2EB, 2ED, 2EE, 2EH, 2EK, 2EX, 2FC, 2FF, 2FG, SYB, SYC, SYD, SYI, SYJ, SZB, SZC, SZD, SZH, SZI, SZO, SZP, SZQ, SZU, SZV<br \/>\nVolkswagen Fox, 5Z1<br \/>\nVolkswagen Gol, 5U1, 5U2<br \/>\nVolkswagen Golf, 1E7, 1G1, 1G2, 1H1, 1H2, 1H5, 1J1, 1J5, 1K1, 517, 5G1, AM1, AU1, BA5, BQ1, BV5, BX5<br \/>\nVolkswagen Jetta, 1G1, 1G2<br \/>\nVolkswagen Lupo, 6E1, 6X1<br \/>\nVolkswagen Passat, 362, 365, 3B2, 3B3, 3B5, 3B6, 3G2, 3G5, A32, A33<br \/>\nVolkswagen Phaeton, 3D2, 3D8<br \/>\nVolkswagen Polo, 602, 603, 604, 614, 641, 642, 643, 644, 6C1, 6N1, 6N2, 6R1, 9A2, 9J2, 9N1, 9N2, 9N3, AW1<br \/>\nVolkswagen Saveiro, 5U8, 5U9<br \/>\nVolkswagen Scirocco, 138<br \/>\nVolkswagen Sharan, 7M6, 7M8, 7M9, 7N1, 7N2<br \/>\nVolkswagen Tiguan, 5N2, AD1, BT1, BW2<br \/>\nVolkswagen Touareg, 7L6, 7LA, 7P6<br \/>\nVolkswagen Touran, 1T1, 1T2, 5T1<br \/>\nVolkswagen Transporter, 70A, 70B, 70C, 70E, 70H, 70J, 70K, 70M, 7DA, 7DB, 7DC, 7DE, 7DH, 7DJ, 7DK, 7DL, 7DM, 7EA, 7EB, 7EC, 7EF, 7EG, 7EH, 7EJ, 7EM, 7EN, 7FD, 7FE, 7FL, 7FY, 7FZ, 7HA, 7HB, 7HC, 7HF, 7HH, 7HJ, 7HM, 7HN, 7JD, 7JE, 7JL, 7JY, 7JZ, SFD, SFE, SFL, SFZ, SGA, SGB, SGC, SGF, SGG, SGH, SGJ, SGM, SGN<br \/>\nVolkswagen Vento, 1H2, 1H5<br \/>\nVolkswagen XL1, 6Z1<br \/>\nVolkswagen e-Golf, BE1<br \/>\nVolkswagen up!, 121, 122, 6A1, 6A5, 6A6, BL1, BL2<\/p>","protected":false},"excerpt":{"rendered":"<p><b>OEM:<\/b> N90335004, N90335006, N90796502<\/p>\n<p>Dimensiune F: 30<br \/>\nDimensiune H: 3<br \/>\nDimensiune T: 30<\/p>\n","protected":false},"featured_media":9596,"template":"","meta":[],"product_cat":[1243,1244],"product_tag":[],"bundled_by":[],"bundle_stock_status":"instock","bundle_stock_quantity":null,"bundle_virtual":false,"bundle_layout":"","bundle_add_to_cart_form_location":"","bundle_editable_in_cart":false,"bundle_sold_individually_context":"","bundle_item_grouping":"","bundle_min_size":"","bundle_max_size":"","bundled_items":[],"yoast_head":"<!-- This site is optimized with the Yoast SEO Premium plugin v16.6 (Yoast SEO v20.1) - https:\/\/yoast.com\/wordpress\/plugins\/seo\/ -->\n<title>H1116 - Metize, Capse - atg.md<\/title>\n<meta name=\"robots\" content=\"index, follow, max-snippet:-1, max-image-preview:large, max-video-preview:-1\" \/>\n<link rel=\"canonical\" href=\"https:\/\/atg.md\/ro\/catalog\/metizy\/skoby-metizy\/h1116\/\" \/>\n<meta property=\"og:locale\" content=\"ro_RO\" \/>\n<meta property=\"og:type\" content=\"article\" \/>\n<meta property=\"og:title\" content=\"H1116 - Metize, Capse - atg.md\" \/>\n<meta property=\"og:description\" content=\"OEM: N90335004, N90335006, N90796502Dimensiune F: 30 Dimensiune H: 3 Dimensiune T: 30\" \/>\n<meta property=\"og:url\" content=\"https:\/\/atg.md\/ro\/wp-json\/wp\/v2\/product\/9595\" \/>\n<meta property=\"og:site_name\" content=\"atg.md\" \/>\n<meta property=\"article:modified_time\" content=\"2024-07-05T10:46:17+00:00\" \/>\n<meta property=\"og:image\" content=\"https:\/\/atg.md\/wp-content\/uploads\/2021\/03\/h1116.jpg\" \/>\n\t<meta property=\"og:image:width\" content=\"600\" \/>\n\t<meta property=\"og:image:height\" content=\"600\" \/>\n\t<meta property=\"og:image:type\" content=\"image\/jpeg\" \/>\n<meta name=\"twitter:card\" content=\"summary_large_image\" \/>\n<meta name=\"twitter:label1\" content=\"Pre\u021b\" \/>\n\t<meta name=\"twitter:data1\" content=\"7.00&nbsp;MDL\" \/>\n\t<meta name=\"twitter:label2\" content=\"Availability\" \/>\n\t<meta name=\"twitter:data2\" content=\"In stock\" \/>\n<script type=\"application\/ld+json\" class=\"yoast-schema-graph\">{\"@context\":\"https:\/\/schema.org\",\"@graph\":[{\"@type\":\"WebPage\",\"@id\":\"https:\/\/atg.md\/ro\/catalog\/metizy\/skoby-metizy\/h1116\/\",\"url\":\"https:\/\/atg.md\/ro\/catalog\/metizy\/skoby-metizy\/h1116\/\",\"name\":\"H1116 - Metize, Capse - atg.md\",\"isPartOf\":{\"@id\":\"https:\/\/atg.md\/ro\/#website\"},\"datePublished\":\"2021-03-30T09:23:03+00:00\",\"dateModified\":\"2024-07-05T10:46:17+00:00\",\"breadcrumb\":{\"@id\":\"https:\/\/atg.md\/ro\/catalog\/metizy\/skoby-metizy\/h1116\/#breadcrumb\"},\"inLanguage\":\"ro-RO\",\"potentialAction\":[{\"@type\":\"ReadAction\",\"target\":[[\"https:\/\/atg.md\/ro\/catalog\/metizy\/skoby-metizy\/h1116\/\"]]}]},{\"@type\":\"BreadcrumbList\",\"@id\":\"https:\/\/atg.md\/ro\/catalog\/metizy\/skoby-metizy\/h1116\/#breadcrumb\",\"itemListElement\":[{\"@type\":\"ListItem\",\"position\":1,\"name\":\"Home\",\"item\":\"https:\/\/atg.md\/ro\/\"},{\"@type\":\"ListItem\",\"position\":2,\"name\":\"\u041a\u0430\u0442\u0430\u043b\u043e\u0433\",\"item\":\"https:\/\/atg.md\/ro\/catalog\/\"},{\"@type\":\"ListItem\",\"position\":3,\"name\":\"H1116\"}]},{\"@type\":\"WebSite\",\"@id\":\"https:\/\/atg.md\/ro\/#website\",\"url\":\"https:\/\/atg.md\/ro\/\",\"name\":\"atg.md\",\"description\":\"V\u00e2nzare de izola\u021bii \u00eempotriva vibra\u021biilor pentru ma\u0219ini, izola\u021bie termic\u0103, izolare fonic\u0103 de la cei mai buni produc\u0103tori, autoclipsuri, elemente de fixare auto. Cump\u0103ra\u021bi \u00een Moldova, Chi\u0219in\u0103u\",\"publisher\":{\"@id\":\"https:\/\/atg.md\/ro\/#organization\"},\"potentialAction\":[{\"@type\":\"SearchAction\",\"target\":{\"@type\":\"EntryPoint\",\"urlTemplate\":\"https:\/\/atg.md\/ro\/?s={search_term_string}\"},\"query-input\":\"required name=search_term_string\"}],\"inLanguage\":\"ro-RO\"},{\"@type\":[\"Organization\",\"Place\",\"AutoPartsStore\"],\"@id\":\"https:\/\/atg.md\/ro\/#organization\",\"name\":\"S.C. AUTOTOM GRUP S.R.L.\",\"url\":\"https:\/\/atg.md\/ro\/\",\"logo\":{\"@type\":\"ImageObject\",\"inLanguage\":\"ro-RO\",\"@id\":\"https:\/\/atg.md\/ro\/#\/schema\/logo\/image\/\",\"url\":\"https:\/\/i2.wp.com\/atg.md\/wp-content\/uploads\/2021\/05\/atg_logo_main.png?fit=656%2C569&ssl=1\",\"contentUrl\":\"https:\/\/i2.wp.com\/atg.md\/wp-content\/uploads\/2021\/05\/atg_logo_main.png?fit=656%2C569&ssl=1\",\"width\":656,\"height\":569,\"caption\":\"S.C. AUTOTOM GRUP S.R.L.\"},\"image\":{\"@id\":\"https:\/\/atg.md\/ro\/#\/schema\/logo\/image\/\"},\"location\":{\"@id\":\"https:\/\/atg.md\/ro\/catalog\/metizy\/skoby-metizy\/h1116\/#local-place\"},\"address\":{\"@id\":\"https:\/\/atg.md\/ro\/catalog\/metizy\/skoby-metizy\/h1116\/#local-place-address\"},\"email\":\"atgtvv@gmail.com\",\"telephone\":\"+37369644446\",\"areaServed\":\"Moldova\"},{\"@type\":\"Place\",\"@id\":\"https:\/\/atg.md\/ro\/catalog\/metizy\/skoby-metizy\/h1116\/#local-place\",\"address\":{\"@type\":\"PostalAddress\",\"@id\":\"https:\/\/atg.md\/ro\/catalog\/metizy\/skoby-metizy\/h1116\/#local-place-address\",\"streetAddress\":\"str. Alba-Iulia 77\/20\",\"addressLocality\":\"Chisinau\",\"postalCode\":\"2043\",\"addressRegion\":\"mun. Chisinau\",\"addressCountry\":\"MD\"},\"geo\":{\"@type\":\"GeoCoordinates\",\"latitude\":\"47.0376\",\"longitude\":\"28.76899\"},\"openingHoursSpecification\":[{\"@type\":\"OpeningHoursSpecification\",\"dayOfWeek\":[\"Monday\",\"Tuesday\",\"Wednesday\",\"Thursday\",\"Friday\"],\"opens\":\"09:00\",\"closes\":\"18:00\"},{\"@type\":\"OpeningHoursSpecification\",\"dayOfWeek\":[\"Saturday\"],\"opens\":\"09:00\",\"closes\":\"14:00\"},{\"@type\":\"OpeningHoursSpecification\",\"dayOfWeek\":[\"Sunday\"],\"opens\":\"00:00\",\"closes\":\"00:00\"}],\"telephone\":\"+37369644446\"}]}<\/script>\n<meta name=\"geo.placename\" content=\"Chisinau\" \/>\n<meta name=\"geo.position\" content=\"47.0376;28.76899\" \/>\n<meta name=\"geo.region\" content=\"Moldova\" \/>\n<!-- \/ Yoast SEO Premium plugin. -->","yoast_head_json":{"title":"H1116 - Metize, Capse - atg.md","robots":{"index":"index","follow":"follow","max-snippet":"max-snippet:-1","max-image-preview":"max-image-preview:large","max-video-preview":"max-video-preview:-1"},"canonical":"https:\/\/atg.md\/ro\/catalog\/metizy\/skoby-metizy\/h1116\/","og_locale":"ro_RO","og_type":"article","og_title":"H1116 - Metize, Capse - atg.md","og_description":"OEM: N90335004, N90335006, N90796502Dimensiune F: 30 Dimensiune H: 3 Dimensiune T: 30","og_url":"https:\/\/atg.md\/ro\/wp-json\/wp\/v2\/product\/9595","og_site_name":"atg.md","article_modified_time":"2024-07-05T10:46:17+00:00","og_image":[{"width":600,"height":600,"url":"https:\/\/atg.md\/wp-content\/uploads\/2021\/03\/h1116.jpg","type":"image\/jpeg"}],"twitter_card":"summary_large_image","twitter_misc":{"Pre\u021b":"7.00&nbsp;MDL","Availability":"In stock"},"schema":{"@context":"https:\/\/schema.org","@graph":[{"@type":"WebPage","@id":"https:\/\/atg.md\/ro\/catalog\/metizy\/skoby-metizy\/h1116\/","url":"https:\/\/atg.md\/ro\/catalog\/metizy\/skoby-metizy\/h1116\/","name":"H1116 - Metize, Capse - atg.md","isPartOf":{"@id":"https:\/\/atg.md\/ro\/#website"},"datePublished":"2021-03-30T09:23:03+00:00","dateModified":"2024-07-05T10:46:17+00:00","breadcrumb":{"@id":"https:\/\/atg.md\/ro\/catalog\/metizy\/skoby-metizy\/h1116\/#breadcrumb"},"inLanguage":"ro-RO","potentialAction":[{"@type":"ReadAction","target":[["https:\/\/atg.md\/ro\/catalog\/metizy\/skoby-metizy\/h1116\/"]]}]},{"@type":"BreadcrumbList","@id":"https:\/\/atg.md\/ro\/catalog\/metizy\/skoby-metizy\/h1116\/#breadcrumb","itemListElement":[{"@type":"ListItem","position":1,"name":"Home","item":"https:\/\/atg.md\/ro\/"},{"@type":"ListItem","position":2,"name":"\u041a\u0430\u0442\u0430\u043b\u043e\u0433","item":"https:\/\/atg.md\/ro\/catalog\/"},{"@type":"ListItem","position":3,"name":"H1116"}]},{"@type":"WebSite","@id":"https:\/\/atg.md\/ro\/#website","url":"https:\/\/atg.md\/ro\/","name":"atg.md","description":"V\u00e2nzare de izola\u021bii \u00eempotriva vibra\u021biilor pentru ma\u0219ini, izola\u021bie termic\u0103, izolare fonic\u0103 de la cei mai buni produc\u0103tori, autoclipsuri, elemente de fixare auto. Cump\u0103ra\u021bi \u00een Moldova, Chi\u0219in\u0103u","publisher":{"@id":"https:\/\/atg.md\/ro\/#organization"},"potentialAction":[{"@type":"SearchAction","target":{"@type":"EntryPoint","urlTemplate":"https:\/\/atg.md\/ro\/?s={search_term_string}"},"query-input":"required name=search_term_string"}],"inLanguage":"ro-RO"},{"@type":["Organization","Place","AutoPartsStore"],"@id":"https:\/\/atg.md\/ro\/#organization","name":"S.C. AUTOTOM GRUP S.R.L.","url":"https:\/\/atg.md\/ro\/","logo":{"@type":"ImageObject","inLanguage":"ro-RO","@id":"https:\/\/atg.md\/ro\/#\/schema\/logo\/image\/","url":"https:\/\/i2.wp.com\/atg.md\/wp-content\/uploads\/2021\/05\/atg_logo_main.png?fit=656%2C569&ssl=1","contentUrl":"https:\/\/i2.wp.com\/atg.md\/wp-content\/uploads\/2021\/05\/atg_logo_main.png?fit=656%2C569&ssl=1","width":656,"height":569,"caption":"S.C. AUTOTOM GRUP S.R.L."},"image":{"@id":"https:\/\/atg.md\/ro\/#\/schema\/logo\/image\/"},"location":{"@id":"https:\/\/atg.md\/ro\/catalog\/metizy\/skoby-metizy\/h1116\/#local-place"},"address":{"@id":"https:\/\/atg.md\/ro\/catalog\/metizy\/skoby-metizy\/h1116\/#local-place-address"},"email":"atgtvv@gmail.com","telephone":"+37369644446","areaServed":"Moldova"},{"@type":"Place","@id":"https:\/\/atg.md\/ro\/catalog\/metizy\/skoby-metizy\/h1116\/#local-place","address":{"@type":"PostalAddress","@id":"https:\/\/atg.md\/ro\/catalog\/metizy\/skoby-metizy\/h1116\/#local-place-address","streetAddress":"str. Alba-Iulia 77\/20","addressLocality":"Chisinau","postalCode":"2043","addressRegion":"mun. Chisinau","addressCountry":"MD"},"geo":{"@type":"GeoCoordinates","latitude":"47.0376","longitude":"28.76899"},"openingHoursSpecification":[{"@type":"OpeningHoursSpecification","dayOfWeek":["Monday","Tuesday","Wednesday","Thursday","Friday"],"opens":"09:00","closes":"18:00"},{"@type":"OpeningHoursSpecification","dayOfWeek":["Saturday"],"opens":"09:00","closes":"14:00"},{"@type":"OpeningHoursSpecification","dayOfWeek":["Sunday"],"opens":"00:00","closes":"00:00"}],"telephone":"+37369644446"}]}},"_links":{"self":[{"href":"https:\/\/atg.md\/ro\/wp-json\/wp\/v2\/product\/9595"}],"collection":[{"href":"https:\/\/atg.md\/ro\/wp-json\/wp\/v2\/product"}],"about":[{"href":"https:\/\/atg.md\/ro\/wp-json\/wp\/v2\/types\/product"}],"wp:featuredmedia":[{"embeddable":true,"href":"https:\/\/atg.md\/ro\/wp-json\/wp\/v2\/media\/9596"}],"wp:attachment":[{"href":"https:\/\/atg.md\/ro\/wp-json\/wp\/v2\/media?parent=9595"}],"wp:term":[{"taxonomy":"product_cat","embeddable":true,"href":"https:\/\/atg.md\/ro\/wp-json\/wp\/v2\/product_cat?post=9595"},{"taxonomy":"product_tag","embeddable":true,"href":"https:\/\/atg.md\/ro\/wp-json\/wp\/v2\/product_tag?post=9595"}],"curies":[{"name":"wp","href":"https:\/\/api.w.org\/{rel}","templated":true}]}}