{"id":9539,"date":"2021-03-30T09:22:34","date_gmt":"2021-03-30T09:22:34","guid":{"rendered":"http:\/\/atg.md\/product\/c3306\/"},"modified":"2024-07-05T07:14:02","modified_gmt":"2024-07-05T07:14:02","slug":"c3306","status":"publish","type":"product","link":"https:\/\/atg.md\/ro\/catalog\/autoclipsuri\/figurnye\/c3306\/","title":{"rendered":"C3306"},"content":{"rendered":"<p><strong>Modele:<\/strong><\/p>\n<ul>\n<li>InfinitiG\n<li>20,P\n<li>10, P\n<li>11<\/li>\n<li>Infiniti I30, A32<\/li>\n<li>Infiniti JX35, L50<\/li>\n<li>Infiniti M30, F31<\/li>\n<li>Infiniti M35, G50, HG50<\/li>\n<li>Infiniti Q30, H15E<\/li>\n<li>Infiniti Q45, G50<\/li>\n<li>Infiniti QX56, JA60, Z62<\/li>\n<li>Infiniti QX60, L50, L50HV<\/li>\n<li>Infiniti QX80, Z62<\/li>\n<li>Nissan 180SX, KRPS13, RPS13, RS13<\/li>\n<li>Nissan 200SX, B14U, S13<\/li>\n<li>Nissan 300ZX, Z31, Z32<\/li>\n<li>Nissan AD, VB11, VENY11, VEY11, VHB11, VSB11, VSGY10, VSNY10, VSY10, WEY10, WFY11, WHNY11, WHY11, WPY11, WRY11, WSY10, Y11<\/li>\n<li>Nissan Almera, N15, N16, N16E, V10M<\/li>\n<li>Nissan Altima, CL32, L30, L31, L32, L32HV, L33<\/li>\n<li>Nissan Ambulance, ALE50, ALWE50, ATE50, ATWE50, FLGE50, FLWGE50, FPGE50, FPWGE50<\/li>\n<li>Nissan Armada, TA60, Y62<\/li>\n<li>Nissan Auster, PT12<\/li>\n<li>Nissan Avenir, PNW10, PW10, SW10, VSW10, W10<\/li>\n<li>Nissan Bluebird Sylphy, QG10, QNG10, TG10<\/li>\n<li>Nissan Bluebird, ENU12, EU12, EU14, HNU12, HNU14, HU12, HU14, QU14, RNU12, RU12, SU12, SU14, T12, T72, U11<\/li>\n<li>Nissan Cedric, BJY31, CBJY31, CMJY31, CUY31, CY31, FPAY31, FPY31, MJY31, NJY31, PAY31, PY31, QJY31, SY31, TNJY31, TUJY31, TY31, UJY31, UY31, VHY30, VNY30, VUY30, VY30, WHY30, WUY30, WY30, Y31, YPY31, YY31<\/li>\n<li>Nissan Cefiro, A31, A32, A33, CA31, EA31, ECA31, HA32, LA31, LCA31, LNA31, NA31, PA32, PA33, WA32, WHA32, WPA32<\/li>\n<li>Nissan Crew, SK30<\/li>\n<li>Nissan Cube, Z12<\/li>\n<li>Nissan Datsun Truck, BD21, BGD21, BMD21<\/li>\n<li>Nissan Dualis, J10, KJ10, KNJ10, NJ10<\/li>\n<li>Nissan Elgrand, ALE50, ALWE50, APE50, APWE50, ATE50, ATWE50, AVE50, AVWE50<\/li>\n<li>Nissan Expert, VENW11, VEW11<\/li>\n<li>Nissan Fairlady Z, GZ31, HGZ31, HZ31, PGZ31, PZ31, Z31<\/li>\n<li>Nissan Gloria, BJY31, CBJY31, CMJY31, CUY31, CY31, FPAY31, FPY31, MJY31, NJY31, PAY31, PY31, QJY31, TNJY31, TUJY31, TY31, UJY31, UY31, VHY30, VNY30, VUY30, VY30, WHY30, WUY30, WY30, Y31, YPY31, YY31<\/li>\n<li>Nissan Hardbody, D22S<\/li>\n<li>Nissan Juke, F15, F15E, F15N<\/li>\n<li>Nissan Kicks, P15B, P15X, P15Z<\/li>\n<li>Nissan King Cab, D22, LCD22<\/li>\n<li>Nissan Lafesta, B30, NB30<\/li>\n<li>Nissan Langley, BSN13<\/li>\n<li>Nissan Latio, N17B, N17X<\/li>\n<li>Nissan Laurel Spirit, SB12<\/li>\n<li>Nissan Laurel, A31, C32, EC33, ECC33, FC33, HC33, HCC33, SC33<\/li>\n<li>Nissan Leaf, ZE0, ZE0E, ZE0U<\/li>\n<li>Nissan Leopard, GF31, UF31<\/li>\n<li>Nissan Liberta Villa, BSN13<\/li>\n<li>Nissan Liberty, PM12, PNM12, RM12, RNM12<\/li>\n<li>Nissan Lucino, FNB14, HB14, JB14, SB14, SNB14<\/li>\n<li>Nissan March, K13B, MK13B<\/li>\n<li>Nissan Maxima, A32, A32B, A34, A35, A36, A36Z, CA33, J30, PJ30<\/li>\n<li>Nissan Micra C+C, CK12E, FHZK12<\/li>\n<li>Nissan Micra, K11E, K12E, K14FR<\/li>\n<li>Nissan Mistral, KR20, R20<\/li>\n<li>Nissan Murano, Z52, Z52HV, Z52R, Z52Z<\/li>\n<li>Nissan NP300, D22SS, D22X, D23X, LCD22S<\/li>\n<li>Nissan NV200, M20, M20F, M20M, M20X, M20XY<\/li>\n<li>Nissan NX-Coupe, B13<\/li>\n<li>Nissan Navara, D22S, D22U, D23F, D23M, D40, D40M<\/li>\n<li>Nissan Note, E11E, E12E, E12X<\/li>\n<li>Nissan Pathfinder, R51, R51M, R52, R52HV, R52R, R52RR<\/li>\n<li>Nissan Patrol, Y60, Y61, Y62<\/li>\n<li>Nissan Pickup, D21<\/li>\n<li>Nissan Prairie, HM11, HNM11, M11, PM12, PNM12, RM12, RNM12<\/li>\n<li>Nissan Presea, HR10, PR10<\/li>\n<li>Nissan Primera Camino, HNP11, HP11, P11, QP11, WHNP11, WHP11, WP11, WQP11<\/li>\n<li>Nissan Primera, FHP10, FHP11, HNP10, HP10, HP12, P10, P10E, P11, P11E, P12E, QP12, RP12, TNP12, TP12, W10, WHP12, WP11E, WRP12, WTNP12, WTP12<\/li>\n<li>Nissan Pulsar, HN14, HN15, JN15, N15, N16, SN13, SN14, SN15, SNN15<\/li>\n<li>Nissan QX-30, H15E<\/li>\n<li>Nissan Qashqai+2, JJ10E<\/li>\n<li>Nissan Qashqai, J10E, J10Z, J11, J11E, J11R, J11Z<\/li>\n<li>Nissan Quest, E52, V41, V42<\/li>\n<li>Nissan Rogue, J11, S35, T32D, T32HVU, T32J, T32U<\/li>\n<li>Nissan Safari, TY61, VRGY60, VRGY61, VRY60, WFGY61, WGY60, WGY61, WRGY60, WRGY61, WRY60, WTY61, WYY60, WYY61, Y61<\/li>\n<li>Nissan Sentra, B13, B13X, B14, B14U, B14X, B15U, B15X, B16U, B16X, B17U<\/li>\n<li>Nissan Serena, C24, PC24, PNC24, RC24, TC24, TNC24, VC24, VNC24<\/li>\n<li>Nissan Silvia, KPS13, PS13, S12<\/li>\n<li>Nissan Skyline, BNR32, ECR32, ER32, FJR31, FR32, HCR32, HNR32, HR31, HR32, SR31, WFJR31, WHJR31, YHR32<\/li>\n<li>Nissan Stanza, PT12, U13U<\/li>\n<li>Nissan Sunny, B11, B12, B13, B14, FNB14, FNB15, G10, HB13, HB14, HNB13, JB14, JB15, N13, N14, QB15, SB12, SB13, SB14, SB15, SNB13, SNB14, WSB12, Y10<\/li>\n<li>Nissan Teana, J31, L33L, L33LL, L33R, L33T, L33Z, PJ31, TNJ31<\/li>\n<li>Nissan Terrano II, R20<\/li>\n<li>Nissan Terrano, R20, WD21<\/li>\n<li>Nissan Tiida, C11X, SC11X<\/li>\n<li>Nissan Tino, V10M<\/li>\n<li>Nissan Titan, A60, A61<\/li>\n<li>Nissan Wingroad, VENY11, VEY11, WFY11, WHNY11, WHY11, WPY11, WRY11<\/li>\n<li>Nissan X-Trail, DNT31, NT30, NT31, PNT30, T30, T31, T31N, T31P, T31R, T31Z, T32, T32H, T32L, T32LL, T32N, T32NN, T32R, T32RR, T32T, T32W, T32WW, T32Z, TNT31<\/li>\n<li>Nissan Xterra, N50, WD22<\/li>\n<li>Nissan e-NV200, ME0M<\/li>\n<\/ul>\n<p><\/p>","protected":false},"excerpt":{"rendered":"<p><b>OEM:<\/b> F584630F00<\/p>\n<p><b>Dimensiune F:<\/b> 5<br \/><b>Dimensiune H:<\/b> 12<br \/><b>Dimensiune T:<\/b> 30<\/p>\n","protected":false},"featured_media":12568,"template":"","meta":[],"product_cat":[25,80],"product_tag":[],"bundled_by":[],"bundle_stock_status":"instock","bundle_stock_quantity":null,"bundle_virtual":false,"bundle_layout":"","bundle_add_to_cart_form_location":"","bundle_editable_in_cart":false,"bundle_sold_individually_context":"","bundle_item_grouping":"","bundle_min_size":"","bundle_max_size":"","bundled_items":[],"yoast_head":"<!-- This site is optimized with the Yoast SEO Premium plugin v16.6 (Yoast SEO v20.1) - https:\/\/yoast.com\/wordpress\/plugins\/seo\/ -->\n<title>C3306 - Autoclipsuri, Cre\u021b - atg.md<\/title>\n<meta name=\"robots\" content=\"index, follow, max-snippet:-1, max-image-preview:large, max-video-preview:-1\" \/>\n<link rel=\"canonical\" href=\"https:\/\/atg.md\/ro\/catalog\/autoclipsuri\/figurnye\/c3306\/\" \/>\n<meta property=\"og:locale\" content=\"ro_RO\" \/>\n<meta property=\"og:type\" content=\"article\" \/>\n<meta property=\"og:title\" content=\"C3306 - Autoclipsuri, Cre\u021b - atg.md\" \/>\n<meta property=\"og:description\" content=\"OEM: F584630F00Dimensiune F: 5Dimensiune H: 12Dimensiune T: 30\" \/>\n<meta property=\"og:url\" content=\"https:\/\/atg.md\/ro\/wp-json\/wp\/v2\/product\/9539\" \/>\n<meta property=\"og:site_name\" content=\"atg.md\" \/>\n<meta property=\"article:modified_time\" content=\"2024-07-05T07:14:02+00:00\" \/>\n<meta property=\"og:image\" content=\"https:\/\/atg.md\/wp-content\/uploads\/2021\/03\/615fw9pvqys.jpg\" \/>\n\t<meta property=\"og:image:width\" content=\"1326\" \/>\n\t<meta property=\"og:image:height\" content=\"918\" \/>\n\t<meta property=\"og:image:type\" content=\"image\/jpeg\" \/>\n<meta name=\"twitter:card\" content=\"summary_large_image\" \/>\n<meta name=\"twitter:label1\" content=\"Pre\u021b\" \/>\n\t<meta name=\"twitter:data1\" content=\"6.00&nbsp;MDL\" \/>\n\t<meta name=\"twitter:label2\" content=\"Availability\" \/>\n\t<meta name=\"twitter:data2\" content=\"In stock\" \/>\n<script type=\"application\/ld+json\" class=\"yoast-schema-graph\">{\"@context\":\"https:\/\/schema.org\",\"@graph\":[{\"@type\":\"WebPage\",\"@id\":\"https:\/\/atg.md\/ro\/catalog\/autoclipsuri\/figurnye\/c3306\/\",\"url\":\"https:\/\/atg.md\/ro\/catalog\/autoclipsuri\/figurnye\/c3306\/\",\"name\":\"C3306 - Autoclipsuri, Cre\u021b - atg.md\",\"isPartOf\":{\"@id\":\"https:\/\/atg.md\/ro\/#website\"},\"datePublished\":\"2021-03-30T09:22:34+00:00\",\"dateModified\":\"2024-07-05T07:14:02+00:00\",\"breadcrumb\":{\"@id\":\"https:\/\/atg.md\/ro\/catalog\/autoclipsuri\/figurnye\/c3306\/#breadcrumb\"},\"inLanguage\":\"ro-RO\",\"potentialAction\":[{\"@type\":\"ReadAction\",\"target\":[[\"https:\/\/atg.md\/ro\/catalog\/autoclipsuri\/figurnye\/c3306\/\"]]}]},{\"@type\":\"BreadcrumbList\",\"@id\":\"https:\/\/atg.md\/ro\/catalog\/autoclipsuri\/figurnye\/c3306\/#breadcrumb\",\"itemListElement\":[{\"@type\":\"ListItem\",\"position\":1,\"name\":\"Home\",\"item\":\"https:\/\/atg.md\/ro\/\"},{\"@type\":\"ListItem\",\"position\":2,\"name\":\"\u041a\u0430\u0442\u0430\u043b\u043e\u0433\",\"item\":\"https:\/\/atg.md\/ro\/catalog\/\"},{\"@type\":\"ListItem\",\"position\":3,\"name\":\"C3306\"}]},{\"@type\":\"WebSite\",\"@id\":\"https:\/\/atg.md\/ro\/#website\",\"url\":\"https:\/\/atg.md\/ro\/\",\"name\":\"atg.md\",\"description\":\"V\u00e2nzare de izola\u021bii \u00eempotriva vibra\u021biilor pentru ma\u0219ini, izola\u021bie termic\u0103, izolare fonic\u0103 de la cei mai buni produc\u0103tori, autoclipsuri, elemente de fixare auto. Cump\u0103ra\u021bi \u00een Moldova, Chi\u0219in\u0103u\",\"publisher\":{\"@id\":\"https:\/\/atg.md\/ro\/#organization\"},\"potentialAction\":[{\"@type\":\"SearchAction\",\"target\":{\"@type\":\"EntryPoint\",\"urlTemplate\":\"https:\/\/atg.md\/ro\/?s={search_term_string}\"},\"query-input\":\"required name=search_term_string\"}],\"inLanguage\":\"ro-RO\"},{\"@type\":[\"Organization\",\"Place\",\"AutoPartsStore\"],\"@id\":\"https:\/\/atg.md\/ro\/#organization\",\"name\":\"S.C. AUTOTOM GRUP S.R.L.\",\"url\":\"https:\/\/atg.md\/ro\/\",\"logo\":{\"@type\":\"ImageObject\",\"inLanguage\":\"ro-RO\",\"@id\":\"https:\/\/atg.md\/ro\/#\/schema\/logo\/image\/\",\"url\":\"https:\/\/i2.wp.com\/atg.md\/wp-content\/uploads\/2021\/05\/atg_logo_main.png?fit=656%2C569&ssl=1\",\"contentUrl\":\"https:\/\/i2.wp.com\/atg.md\/wp-content\/uploads\/2021\/05\/atg_logo_main.png?fit=656%2C569&ssl=1\",\"width\":656,\"height\":569,\"caption\":\"S.C. AUTOTOM GRUP S.R.L.\"},\"image\":{\"@id\":\"https:\/\/atg.md\/ro\/#\/schema\/logo\/image\/\"},\"location\":{\"@id\":\"https:\/\/atg.md\/ro\/catalog\/autoclipsuri\/figurnye\/c3306\/#local-place\"},\"address\":{\"@id\":\"https:\/\/atg.md\/ro\/catalog\/autoclipsuri\/figurnye\/c3306\/#local-place-address\"},\"email\":\"atgtvv@gmail.com\",\"telephone\":\"+37369644446\",\"areaServed\":\"Moldova\"},{\"@type\":\"Place\",\"@id\":\"https:\/\/atg.md\/ro\/catalog\/autoclipsuri\/figurnye\/c3306\/#local-place\",\"address\":{\"@type\":\"PostalAddress\",\"@id\":\"https:\/\/atg.md\/ro\/catalog\/autoclipsuri\/figurnye\/c3306\/#local-place-address\",\"streetAddress\":\"str. Alba-Iulia 77\/20\",\"addressLocality\":\"Chisinau\",\"postalCode\":\"2043\",\"addressRegion\":\"mun. Chisinau\",\"addressCountry\":\"MD\"},\"geo\":{\"@type\":\"GeoCoordinates\",\"latitude\":\"47.0376\",\"longitude\":\"28.76899\"},\"openingHoursSpecification\":[{\"@type\":\"OpeningHoursSpecification\",\"dayOfWeek\":[\"Monday\",\"Tuesday\",\"Wednesday\",\"Thursday\",\"Friday\"],\"opens\":\"09:00\",\"closes\":\"18:00\"},{\"@type\":\"OpeningHoursSpecification\",\"dayOfWeek\":[\"Saturday\"],\"opens\":\"09:00\",\"closes\":\"14:00\"},{\"@type\":\"OpeningHoursSpecification\",\"dayOfWeek\":[\"Sunday\"],\"opens\":\"00:00\",\"closes\":\"00:00\"}],\"telephone\":\"+37369644446\"}]}<\/script>\n<meta name=\"geo.placename\" content=\"Chisinau\" \/>\n<meta name=\"geo.position\" content=\"47.0376;28.76899\" \/>\n<meta name=\"geo.region\" content=\"Moldova\" \/>\n<!-- \/ Yoast SEO Premium plugin. -->","yoast_head_json":{"title":"C3306 - Autoclipsuri, Cre\u021b - atg.md","robots":{"index":"index","follow":"follow","max-snippet":"max-snippet:-1","max-image-preview":"max-image-preview:large","max-video-preview":"max-video-preview:-1"},"canonical":"https:\/\/atg.md\/ro\/catalog\/autoclipsuri\/figurnye\/c3306\/","og_locale":"ro_RO","og_type":"article","og_title":"C3306 - Autoclipsuri, Cre\u021b - atg.md","og_description":"OEM: F584630F00Dimensiune F: 5Dimensiune H: 12Dimensiune T: 30","og_url":"https:\/\/atg.md\/ro\/wp-json\/wp\/v2\/product\/9539","og_site_name":"atg.md","article_modified_time":"2024-07-05T07:14:02+00:00","og_image":[{"width":1326,"height":918,"url":"https:\/\/atg.md\/wp-content\/uploads\/2021\/03\/615fw9pvqys.jpg","type":"image\/jpeg"}],"twitter_card":"summary_large_image","twitter_misc":{"Pre\u021b":"6.00&nbsp;MDL","Availability":"In stock"},"schema":{"@context":"https:\/\/schema.org","@graph":[{"@type":"WebPage","@id":"https:\/\/atg.md\/ro\/catalog\/autoclipsuri\/figurnye\/c3306\/","url":"https:\/\/atg.md\/ro\/catalog\/autoclipsuri\/figurnye\/c3306\/","name":"C3306 - Autoclipsuri, Cre\u021b - atg.md","isPartOf":{"@id":"https:\/\/atg.md\/ro\/#website"},"datePublished":"2021-03-30T09:22:34+00:00","dateModified":"2024-07-05T07:14:02+00:00","breadcrumb":{"@id":"https:\/\/atg.md\/ro\/catalog\/autoclipsuri\/figurnye\/c3306\/#breadcrumb"},"inLanguage":"ro-RO","potentialAction":[{"@type":"ReadAction","target":[["https:\/\/atg.md\/ro\/catalog\/autoclipsuri\/figurnye\/c3306\/"]]}]},{"@type":"BreadcrumbList","@id":"https:\/\/atg.md\/ro\/catalog\/autoclipsuri\/figurnye\/c3306\/#breadcrumb","itemListElement":[{"@type":"ListItem","position":1,"name":"Home","item":"https:\/\/atg.md\/ro\/"},{"@type":"ListItem","position":2,"name":"\u041a\u0430\u0442\u0430\u043b\u043e\u0433","item":"https:\/\/atg.md\/ro\/catalog\/"},{"@type":"ListItem","position":3,"name":"C3306"}]},{"@type":"WebSite","@id":"https:\/\/atg.md\/ro\/#website","url":"https:\/\/atg.md\/ro\/","name":"atg.md","description":"V\u00e2nzare de izola\u021bii \u00eempotriva vibra\u021biilor pentru ma\u0219ini, izola\u021bie termic\u0103, izolare fonic\u0103 de la cei mai buni produc\u0103tori, autoclipsuri, elemente de fixare auto. Cump\u0103ra\u021bi \u00een Moldova, Chi\u0219in\u0103u","publisher":{"@id":"https:\/\/atg.md\/ro\/#organization"},"potentialAction":[{"@type":"SearchAction","target":{"@type":"EntryPoint","urlTemplate":"https:\/\/atg.md\/ro\/?s={search_term_string}"},"query-input":"required name=search_term_string"}],"inLanguage":"ro-RO"},{"@type":["Organization","Place","AutoPartsStore"],"@id":"https:\/\/atg.md\/ro\/#organization","name":"S.C. AUTOTOM GRUP S.R.L.","url":"https:\/\/atg.md\/ro\/","logo":{"@type":"ImageObject","inLanguage":"ro-RO","@id":"https:\/\/atg.md\/ro\/#\/schema\/logo\/image\/","url":"https:\/\/i2.wp.com\/atg.md\/wp-content\/uploads\/2021\/05\/atg_logo_main.png?fit=656%2C569&ssl=1","contentUrl":"https:\/\/i2.wp.com\/atg.md\/wp-content\/uploads\/2021\/05\/atg_logo_main.png?fit=656%2C569&ssl=1","width":656,"height":569,"caption":"S.C. AUTOTOM GRUP S.R.L."},"image":{"@id":"https:\/\/atg.md\/ro\/#\/schema\/logo\/image\/"},"location":{"@id":"https:\/\/atg.md\/ro\/catalog\/autoclipsuri\/figurnye\/c3306\/#local-place"},"address":{"@id":"https:\/\/atg.md\/ro\/catalog\/autoclipsuri\/figurnye\/c3306\/#local-place-address"},"email":"atgtvv@gmail.com","telephone":"+37369644446","areaServed":"Moldova"},{"@type":"Place","@id":"https:\/\/atg.md\/ro\/catalog\/autoclipsuri\/figurnye\/c3306\/#local-place","address":{"@type":"PostalAddress","@id":"https:\/\/atg.md\/ro\/catalog\/autoclipsuri\/figurnye\/c3306\/#local-place-address","streetAddress":"str. Alba-Iulia 77\/20","addressLocality":"Chisinau","postalCode":"2043","addressRegion":"mun. Chisinau","addressCountry":"MD"},"geo":{"@type":"GeoCoordinates","latitude":"47.0376","longitude":"28.76899"},"openingHoursSpecification":[{"@type":"OpeningHoursSpecification","dayOfWeek":["Monday","Tuesday","Wednesday","Thursday","Friday"],"opens":"09:00","closes":"18:00"},{"@type":"OpeningHoursSpecification","dayOfWeek":["Saturday"],"opens":"09:00","closes":"14:00"},{"@type":"OpeningHoursSpecification","dayOfWeek":["Sunday"],"opens":"00:00","closes":"00:00"}],"telephone":"+37369644446"}]}},"_links":{"self":[{"href":"https:\/\/atg.md\/ro\/wp-json\/wp\/v2\/product\/9539"}],"collection":[{"href":"https:\/\/atg.md\/ro\/wp-json\/wp\/v2\/product"}],"about":[{"href":"https:\/\/atg.md\/ro\/wp-json\/wp\/v2\/types\/product"}],"wp:featuredmedia":[{"embeddable":true,"href":"https:\/\/atg.md\/ro\/wp-json\/wp\/v2\/media\/12568"}],"wp:attachment":[{"href":"https:\/\/atg.md\/ro\/wp-json\/wp\/v2\/media?parent=9539"}],"wp:term":[{"taxonomy":"product_cat","embeddable":true,"href":"https:\/\/atg.md\/ro\/wp-json\/wp\/v2\/product_cat?post=9539"},{"taxonomy":"product_tag","embeddable":true,"href":"https:\/\/atg.md\/ro\/wp-json\/wp\/v2\/product_tag?post=9539"}],"curies":[{"name":"wp","href":"https:\/\/api.w.org\/{rel}","templated":true}]}}