{"id":9450,"date":"2021-03-30T09:22:04","date_gmt":"2021-03-30T09:22:04","guid":{"rendered":"http:\/\/atg.md\/product\/c3247\/"},"modified":"2024-07-05T07:13:33","modified_gmt":"2024-07-05T07:13:33","slug":"c3247","status":"publish","type":"product","link":"https:\/\/atg.md\/ro\/catalog\/autoclipsuri\/figurnye\/c3247\/","title":{"rendered":"C3247"},"content":{"rendered":"<p><strong>Modele:<\/strong><\/p>\n<ul>\n<li>Infiniti FX35, S50<\/li>\n<li>Infiniti FX45, S50<\/li>\n<li>Infiniti I30, A32, CA33<\/li>\n<li>Infiniti I35, CA33<\/li>\n<li>Infiniti QX56, JA60<\/li>\n<li>Nissan 100NX, B13<\/li>\n<li>Nissan 200SX, B14U<\/li>\n<li>Nissan AD, VAY12, VENY11, VEY11, VFY11, VGY11, VHNY11, VJY12, VY11, VY12, VZNY12, WFY11, WHNY11, WHY11, WPY11, WRY11, Y11<\/li>\n<li>Nissan Almera, N15, N16, N16E, N17K, N17L, N17LL, N17P, N17PP, N17T<\/li>\n<li>Nissan Armada, TA60<\/li>\n<li>Nissan Avenir, PNW10, PW10, SW10, VENW10, VEW10, VSW10, W10<\/li>\n<li>Nissan Bluebird Sylphy, FG10, QG10, QNG10, TG10<\/li>\n<li>Nissan Bluebird, ENU14, EU14, HNU14, HU14, QU14, SU14<\/li>\n<li>Nissan Cefiro, A32, A33, HA32, PA32, PA33, WA32, WHA32, WPA32<\/li>\n<li>Nissan Cube Cubic, BGZ11, YGNZ11, YGZ11<\/li>\n<li>Nissan Cube, ANZ10, AZ10, BNZ11, BZ11, NZ12, YZ11, Z10, Z12<\/li>\n<li>Nissan Datsun, BD22, FMD22, LBD22, LFD22, LPD22, PD22, QD22, RMD22<\/li>\n<li>Nissan Hardbody, D22S<\/li>\n<li>Nissan Kicks, P15X<\/li>\n<li>Nissan King Cab, D22, LCD22<\/li>\n<li>Nissan Latio, N17B, N17K, N17X<\/li>\n<li>Nissan Laurel, GC34, GCC34, GNC34, HC34, SC34<\/li>\n<li>Nissan Liberty, PM12, PNM12, RM12, RNM12<\/li>\n<li>Nissan Lucino, B14, EB14, FB14, FNB14, HB14, JB14, SB14, SNB14<\/li>\n<li>Nissan March Box, WAK11, WK11<\/li>\n<li>Nissan March, AK11, ANK11, FHK11, HK11, K11<\/li>\n<li>Nissan Maxima, A32, A32B, A33B, CA33<\/li>\n<li>Nissan Micra, K11E, K14FR<\/li>\n<li>Nissan Mistral, KR20, R20<\/li>\n<li>Nissan NP300, D22SS, D22X, LCD22S<\/li>\n<li>Nissan NX-Coupe, B13<\/li>\n<li>Nissan Navara, D22S, D22U<\/li>\n<li>Nissan Note, E11, E12E, E12T, E12X, NE11, ZE11<\/li>\n<li>Nissan Prairie, PM12, PNM12, RM12, RNM12<\/li>\n<li>Nissan Primera, P11E, W10, WP11E<\/li>\n<li>Nissan Pulsar, EN15, FN15, FNN15, HN15, HNN15, JN15, N15, N16, SN15, SNN15<\/li>\n<li>Nissan Rogue, T32D, T32J, T32U<\/li>\n<li>Nissan Sentra, B13, B13XX, B14, B14U, B14X, B15U, B15X, B16U, B16X<\/li>\n<li>Nissan Sunny, B12, B13, B14, B15, EB13, EB14, FB13, FB14, FB15, FNB14, FNB15, G10, HB13, HB14, JB14, JB15, N16G, N17G, N17GG, N17H, N17HH, N17K, N17Z, QB15, SB14, SB15, SNB14<\/li>\n<li>Nissan Terrano II, R20<\/li>\n<li>Nissan Terrano, R20<\/li>\n<li>Nissan Titan, A60<\/li>\n<li>Nissan Wingroad, JY12, NY12, VENY11, VEY11, VFY11, VGY11, VHNY11, VY11, WFY11, WHNY11, WHY11, WPY11, WRY11, Y12<\/li>\n<li>Nissan X-Trail, T32, T32H, T32L, T32LL, T32N, T32NN, T32R, T32RR, T32T, T32W, T32WW, T32Z<\/li>\n<li>Nissan Xterra, WD22<\/li>\n<li>Nissan e-NV200, ME0M<\/li>\n<li><\/ul>\n<p><\/p>","protected":false},"excerpt":{"rendered":"<p><b>Dimensiune F:<\/b> 10.1<br \/><b>Dimensiune H:<\/b> 20.1<br \/><b>Dimensiune T:<\/b> 14.7<\/p>\n","protected":false},"featured_media":9451,"template":"","meta":[],"product_cat":[25,80],"product_tag":[],"bundled_by":[],"bundle_stock_status":"instock","bundle_stock_quantity":null,"bundle_virtual":false,"bundle_layout":"","bundle_add_to_cart_form_location":"","bundle_editable_in_cart":false,"bundle_sold_individually_context":"","bundle_item_grouping":"","bundle_min_size":"","bundle_max_size":"","bundled_items":[],"yoast_head":"<!-- This site is optimized with the Yoast SEO Premium plugin v16.6 (Yoast SEO v20.1) - https:\/\/yoast.com\/wordpress\/plugins\/seo\/ -->\n<title>C3247 - Autoclipsuri, Cre\u021b - atg.md<\/title>\n<meta name=\"robots\" content=\"index, follow, max-snippet:-1, max-image-preview:large, max-video-preview:-1\" \/>\n<link rel=\"canonical\" href=\"https:\/\/atg.md\/ro\/catalog\/autoclipsuri\/figurnye\/c3247\/\" \/>\n<meta property=\"og:locale\" content=\"ro_RO\" \/>\n<meta property=\"og:type\" content=\"article\" \/>\n<meta property=\"og:title\" content=\"C3247 - Autoclipsuri, Cre\u021b - atg.md\" \/>\n<meta property=\"og:description\" content=\"Dimensiune F: 10.1Dimensiune H: 20.1Dimensiune T: 14.7\" \/>\n<meta property=\"og:url\" content=\"https:\/\/atg.md\/ro\/wp-json\/wp\/v2\/product\/9450\" \/>\n<meta property=\"og:site_name\" content=\"atg.md\" \/>\n<meta property=\"article:modified_time\" content=\"2024-07-05T07:13:33+00:00\" \/>\n<meta property=\"og:image\" content=\"https:\/\/atg.md\/wp-content\/uploads\/2021\/03\/c3247.png\" \/>\n\t<meta property=\"og:image:width\" content=\"600\" \/>\n\t<meta property=\"og:image:height\" content=\"600\" \/>\n\t<meta property=\"og:image:type\" content=\"image\/png\" \/>\n<meta name=\"twitter:card\" content=\"summary_large_image\" \/>\n<meta name=\"twitter:label1\" content=\"Pre\u021b\" \/>\n\t<meta name=\"twitter:data1\" content=\"8.00&nbsp;MDL\" \/>\n\t<meta name=\"twitter:label2\" content=\"Availability\" \/>\n\t<meta name=\"twitter:data2\" content=\"In stock\" \/>\n<script type=\"application\/ld+json\" class=\"yoast-schema-graph\">{\"@context\":\"https:\/\/schema.org\",\"@graph\":[{\"@type\":\"WebPage\",\"@id\":\"https:\/\/atg.md\/ro\/catalog\/autoclipsuri\/figurnye\/c3247\/\",\"url\":\"https:\/\/atg.md\/ro\/catalog\/autoclipsuri\/figurnye\/c3247\/\",\"name\":\"C3247 - Autoclipsuri, Cre\u021b - atg.md\",\"isPartOf\":{\"@id\":\"https:\/\/atg.md\/ro\/#website\"},\"datePublished\":\"2021-03-30T09:22:04+00:00\",\"dateModified\":\"2024-07-05T07:13:33+00:00\",\"breadcrumb\":{\"@id\":\"https:\/\/atg.md\/ro\/catalog\/autoclipsuri\/figurnye\/c3247\/#breadcrumb\"},\"inLanguage\":\"ro-RO\",\"potentialAction\":[{\"@type\":\"ReadAction\",\"target\":[[\"https:\/\/atg.md\/ro\/catalog\/autoclipsuri\/figurnye\/c3247\/\"]]}]},{\"@type\":\"BreadcrumbList\",\"@id\":\"https:\/\/atg.md\/ro\/catalog\/autoclipsuri\/figurnye\/c3247\/#breadcrumb\",\"itemListElement\":[{\"@type\":\"ListItem\",\"position\":1,\"name\":\"Home\",\"item\":\"https:\/\/atg.md\/ro\/\"},{\"@type\":\"ListItem\",\"position\":2,\"name\":\"\u041a\u0430\u0442\u0430\u043b\u043e\u0433\",\"item\":\"https:\/\/atg.md\/ro\/catalog\/\"},{\"@type\":\"ListItem\",\"position\":3,\"name\":\"C3247\"}]},{\"@type\":\"WebSite\",\"@id\":\"https:\/\/atg.md\/ro\/#website\",\"url\":\"https:\/\/atg.md\/ro\/\",\"name\":\"atg.md\",\"description\":\"V\u00e2nzare de izola\u021bii \u00eempotriva vibra\u021biilor pentru ma\u0219ini, izola\u021bie termic\u0103, izolare fonic\u0103 de la cei mai buni produc\u0103tori, autoclipsuri, elemente de fixare auto. Cump\u0103ra\u021bi \u00een Moldova, Chi\u0219in\u0103u\",\"publisher\":{\"@id\":\"https:\/\/atg.md\/ro\/#organization\"},\"potentialAction\":[{\"@type\":\"SearchAction\",\"target\":{\"@type\":\"EntryPoint\",\"urlTemplate\":\"https:\/\/atg.md\/ro\/?s={search_term_string}\"},\"query-input\":\"required name=search_term_string\"}],\"inLanguage\":\"ro-RO\"},{\"@type\":[\"Organization\",\"Place\",\"AutoPartsStore\"],\"@id\":\"https:\/\/atg.md\/ro\/#organization\",\"name\":\"S.C. AUTOTOM GRUP S.R.L.\",\"url\":\"https:\/\/atg.md\/ro\/\",\"logo\":{\"@type\":\"ImageObject\",\"inLanguage\":\"ro-RO\",\"@id\":\"https:\/\/atg.md\/ro\/#\/schema\/logo\/image\/\",\"url\":\"https:\/\/i2.wp.com\/atg.md\/wp-content\/uploads\/2021\/05\/atg_logo_main.png?fit=656%2C569&ssl=1\",\"contentUrl\":\"https:\/\/i2.wp.com\/atg.md\/wp-content\/uploads\/2021\/05\/atg_logo_main.png?fit=656%2C569&ssl=1\",\"width\":656,\"height\":569,\"caption\":\"S.C. AUTOTOM GRUP S.R.L.\"},\"image\":{\"@id\":\"https:\/\/atg.md\/ro\/#\/schema\/logo\/image\/\"},\"location\":{\"@id\":\"https:\/\/atg.md\/ro\/catalog\/autoclipsuri\/figurnye\/c3247\/#local-place\"},\"address\":{\"@id\":\"https:\/\/atg.md\/ro\/catalog\/autoclipsuri\/figurnye\/c3247\/#local-place-address\"},\"email\":\"atgtvv@gmail.com\",\"telephone\":\"+37369644446\",\"areaServed\":\"Moldova\"},{\"@type\":\"Place\",\"@id\":\"https:\/\/atg.md\/ro\/catalog\/autoclipsuri\/figurnye\/c3247\/#local-place\",\"address\":{\"@type\":\"PostalAddress\",\"@id\":\"https:\/\/atg.md\/ro\/catalog\/autoclipsuri\/figurnye\/c3247\/#local-place-address\",\"streetAddress\":\"str. Alba-Iulia 77\/20\",\"addressLocality\":\"Chisinau\",\"postalCode\":\"2043\",\"addressRegion\":\"mun. Chisinau\",\"addressCountry\":\"MD\"},\"geo\":{\"@type\":\"GeoCoordinates\",\"latitude\":\"47.0376\",\"longitude\":\"28.76899\"},\"openingHoursSpecification\":[{\"@type\":\"OpeningHoursSpecification\",\"dayOfWeek\":[\"Monday\",\"Tuesday\",\"Wednesday\",\"Thursday\",\"Friday\"],\"opens\":\"09:00\",\"closes\":\"18:00\"},{\"@type\":\"OpeningHoursSpecification\",\"dayOfWeek\":[\"Saturday\"],\"opens\":\"09:00\",\"closes\":\"14:00\"},{\"@type\":\"OpeningHoursSpecification\",\"dayOfWeek\":[\"Sunday\"],\"opens\":\"00:00\",\"closes\":\"00:00\"}],\"telephone\":\"+37369644446\"}]}<\/script>\n<meta name=\"geo.placename\" content=\"Chisinau\" \/>\n<meta name=\"geo.position\" content=\"47.0376;28.76899\" \/>\n<meta name=\"geo.region\" content=\"Moldova\" \/>\n<!-- \/ Yoast SEO Premium plugin. -->","yoast_head_json":{"title":"C3247 - Autoclipsuri, Cre\u021b - atg.md","robots":{"index":"index","follow":"follow","max-snippet":"max-snippet:-1","max-image-preview":"max-image-preview:large","max-video-preview":"max-video-preview:-1"},"canonical":"https:\/\/atg.md\/ro\/catalog\/autoclipsuri\/figurnye\/c3247\/","og_locale":"ro_RO","og_type":"article","og_title":"C3247 - Autoclipsuri, Cre\u021b - atg.md","og_description":"Dimensiune F: 10.1Dimensiune H: 20.1Dimensiune T: 14.7","og_url":"https:\/\/atg.md\/ro\/wp-json\/wp\/v2\/product\/9450","og_site_name":"atg.md","article_modified_time":"2024-07-05T07:13:33+00:00","og_image":[{"width":600,"height":600,"url":"https:\/\/atg.md\/wp-content\/uploads\/2021\/03\/c3247.png","type":"image\/png"}],"twitter_card":"summary_large_image","twitter_misc":{"Pre\u021b":"8.00&nbsp;MDL","Availability":"In stock"},"schema":{"@context":"https:\/\/schema.org","@graph":[{"@type":"WebPage","@id":"https:\/\/atg.md\/ro\/catalog\/autoclipsuri\/figurnye\/c3247\/","url":"https:\/\/atg.md\/ro\/catalog\/autoclipsuri\/figurnye\/c3247\/","name":"C3247 - Autoclipsuri, Cre\u021b - atg.md","isPartOf":{"@id":"https:\/\/atg.md\/ro\/#website"},"datePublished":"2021-03-30T09:22:04+00:00","dateModified":"2024-07-05T07:13:33+00:00","breadcrumb":{"@id":"https:\/\/atg.md\/ro\/catalog\/autoclipsuri\/figurnye\/c3247\/#breadcrumb"},"inLanguage":"ro-RO","potentialAction":[{"@type":"ReadAction","target":[["https:\/\/atg.md\/ro\/catalog\/autoclipsuri\/figurnye\/c3247\/"]]}]},{"@type":"BreadcrumbList","@id":"https:\/\/atg.md\/ro\/catalog\/autoclipsuri\/figurnye\/c3247\/#breadcrumb","itemListElement":[{"@type":"ListItem","position":1,"name":"Home","item":"https:\/\/atg.md\/ro\/"},{"@type":"ListItem","position":2,"name":"\u041a\u0430\u0442\u0430\u043b\u043e\u0433","item":"https:\/\/atg.md\/ro\/catalog\/"},{"@type":"ListItem","position":3,"name":"C3247"}]},{"@type":"WebSite","@id":"https:\/\/atg.md\/ro\/#website","url":"https:\/\/atg.md\/ro\/","name":"atg.md","description":"V\u00e2nzare de izola\u021bii \u00eempotriva vibra\u021biilor pentru ma\u0219ini, izola\u021bie termic\u0103, izolare fonic\u0103 de la cei mai buni produc\u0103tori, autoclipsuri, elemente de fixare auto. Cump\u0103ra\u021bi \u00een Moldova, Chi\u0219in\u0103u","publisher":{"@id":"https:\/\/atg.md\/ro\/#organization"},"potentialAction":[{"@type":"SearchAction","target":{"@type":"EntryPoint","urlTemplate":"https:\/\/atg.md\/ro\/?s={search_term_string}"},"query-input":"required name=search_term_string"}],"inLanguage":"ro-RO"},{"@type":["Organization","Place","AutoPartsStore"],"@id":"https:\/\/atg.md\/ro\/#organization","name":"S.C. AUTOTOM GRUP S.R.L.","url":"https:\/\/atg.md\/ro\/","logo":{"@type":"ImageObject","inLanguage":"ro-RO","@id":"https:\/\/atg.md\/ro\/#\/schema\/logo\/image\/","url":"https:\/\/i2.wp.com\/atg.md\/wp-content\/uploads\/2021\/05\/atg_logo_main.png?fit=656%2C569&ssl=1","contentUrl":"https:\/\/i2.wp.com\/atg.md\/wp-content\/uploads\/2021\/05\/atg_logo_main.png?fit=656%2C569&ssl=1","width":656,"height":569,"caption":"S.C. AUTOTOM GRUP S.R.L."},"image":{"@id":"https:\/\/atg.md\/ro\/#\/schema\/logo\/image\/"},"location":{"@id":"https:\/\/atg.md\/ro\/catalog\/autoclipsuri\/figurnye\/c3247\/#local-place"},"address":{"@id":"https:\/\/atg.md\/ro\/catalog\/autoclipsuri\/figurnye\/c3247\/#local-place-address"},"email":"atgtvv@gmail.com","telephone":"+37369644446","areaServed":"Moldova"},{"@type":"Place","@id":"https:\/\/atg.md\/ro\/catalog\/autoclipsuri\/figurnye\/c3247\/#local-place","address":{"@type":"PostalAddress","@id":"https:\/\/atg.md\/ro\/catalog\/autoclipsuri\/figurnye\/c3247\/#local-place-address","streetAddress":"str. Alba-Iulia 77\/20","addressLocality":"Chisinau","postalCode":"2043","addressRegion":"mun. Chisinau","addressCountry":"MD"},"geo":{"@type":"GeoCoordinates","latitude":"47.0376","longitude":"28.76899"},"openingHoursSpecification":[{"@type":"OpeningHoursSpecification","dayOfWeek":["Monday","Tuesday","Wednesday","Thursday","Friday"],"opens":"09:00","closes":"18:00"},{"@type":"OpeningHoursSpecification","dayOfWeek":["Saturday"],"opens":"09:00","closes":"14:00"},{"@type":"OpeningHoursSpecification","dayOfWeek":["Sunday"],"opens":"00:00","closes":"00:00"}],"telephone":"+37369644446"}]}},"_links":{"self":[{"href":"https:\/\/atg.md\/ro\/wp-json\/wp\/v2\/product\/9450"}],"collection":[{"href":"https:\/\/atg.md\/ro\/wp-json\/wp\/v2\/product"}],"about":[{"href":"https:\/\/atg.md\/ro\/wp-json\/wp\/v2\/types\/product"}],"wp:featuredmedia":[{"embeddable":true,"href":"https:\/\/atg.md\/ro\/wp-json\/wp\/v2\/media\/9451"}],"wp:attachment":[{"href":"https:\/\/atg.md\/ro\/wp-json\/wp\/v2\/media?parent=9450"}],"wp:term":[{"taxonomy":"product_cat","embeddable":true,"href":"https:\/\/atg.md\/ro\/wp-json\/wp\/v2\/product_cat?post=9450"},{"taxonomy":"product_tag","embeddable":true,"href":"https:\/\/atg.md\/ro\/wp-json\/wp\/v2\/product_tag?post=9450"}],"curies":[{"name":"wp","href":"https:\/\/api.w.org\/{rel}","templated":true}]}}