{"id":8785,"date":"2021-03-30T09:17:47","date_gmt":"2021-03-30T09:17:47","guid":{"rendered":"http:\/\/atg.md\/product\/c1757\/"},"modified":"2024-07-05T07:10:12","modified_gmt":"2024-07-05T07:10:12","slug":"c1757","status":"publish","type":"product","link":"https:\/\/atg.md\/ro\/catalog\/autoclipsuri\/s-nazhimnym-shtyrkom\/c1757\/","title":{"rendered":"C1757"},"content":{"rendered":"<p><strong>Modele:<\/strong><\/p>\n<ul>\n<li>Subaru BRZ, ZC6<\/li>\n<li>Subaru Exiga, YA4, YA5, YA9<\/li>\n<li>Subaru Forester, SF5, SF9, SG5, SG9, SG9L, SH5, SH9, SH9L, SHD, SHG, SHH, SHJ, SHM, SHN, SJ5, SJ9, SJD, SJG<\/li>\n<li>Subaru Impreza WRX STI, GDF, GRE, GRF, GVE, GVF, VAF<\/li>\n<li>Subaru Impreza WRX, GD9, GDG, GEE, GGG, GHE, VAG<\/li>\n<li>Subaru Impreza, GD2, GD3, GD4, GD5, GD9, GDA, GDB, GDC, GDD, GE2, GE3, GE6, GE7, GG2, GG3, GG5, GG9, GGA, GGC, GGD, GH2, GH3, GH6, GH7, GH8, GHD, GJ2, GJ3, GJ6, GJ7, GK2, GK3, GK7, GP2, GP3, GP6, GP7, GRB, GRF, GT2, GT3, GT7, GVB, GVF<\/li>\n<li>Subaru Legacy B4, BL5, BL9, BLE, BM5, BM9, BMD, BMF, BMJ, BMM, BN9, BNF, BNG<\/li>\n<li>Subaru Legacy, BH5, BH9, BHC, BHE, BL5, BLE, BM9, BM9LV, BMG, BMM, BP5, BP9, BPE, BR9, BRF, BRG, BRM<\/li>\n<li>Subaru Levorg, VM4, VMG<\/li>\n<li>Subaru Outback, BP5, BP9, BPE, BR5, BR9, BRD, BRF, BRJ, BRM, BS9, BSD, BSF, BSG<\/li>\n<li>Subaru XV, GP3, GP7, GPD, GT3, GT7<\/li>\n<li>Mitsubishi ASX, GA1W, GA2W, GA3W, GA4W, GA6W, GA7W, GA8W<\/li>\n<li>Mitsubishi Airtrek, CU2W, CU4W, CU5W<\/li>\n<li>Mitsubishi Attrage, A13A<\/li>\n<li>Mitsubishi Bravo, U42V, U43V, U44V<\/li>\n<li>Mitsubishi Chariot Grandis, N84W<\/li>\n<li>Mitsubishi Chariot, N31W, N33W, N34W, N38W, N43W, N44W, N48W<\/li>\n<li>Mitsubishi Colt, CJ1A, CJ2A, CJ4A, CJ5A, CK1A, CK2A, CK4A, CK5A, CN9A, CP9A<\/li>\n<li>Mitsubishi Delica D5, CV1W, CV2W, CV4W, CV5W<\/li>\n<li>Mitsubishi Delica, CV5W, PA3V, PA3W, PA4W, PA5V, PA5W, PB3V, PB4V, PB4W, PB5V, PB5W, PB6W, PC3W, PC4W, PC5W, PD3W, PD4V, PD4W, PD5V, PD5W, PD6W, PD8W, PE8W, PF6W, PF8W<\/li>\n<li>Mitsubishi Dingo, CQ1A, CQ2A, CQ5A<\/li>\n<li>Mitsubishi Dion, CR5W, CR6W, CR9W<\/li>\n<li>Mitsubishi Eclipse, DK2A, DK4A<\/li>\n<li>Mitsubishi Endeavor, D71W, D81W<\/li>\n<li>Mitsubishi FTO, DE2A, DE3A<\/li>\n<li>Mitsubishi Galant Fortis, CX3A, CX4A, CX6A, CY3A, CY4A, CY6A, CZ4A<\/li>\n<li>Mitsubishi Galant, DJ1A, DJ3A, DJ5A, DM1A<\/li>\n<li>Mitsubishi Grandis, NA4W, NA8W<\/li>\n<li>Mitsubishi L200, KA4T, KA5T, KA9T, KB4T, KB5T, KB7T, KB8T, KB9T, KJ3T, KJ4T, KK1T, KK2T, KK3T, KK4T, KL1T, KL2T, KL3T, KL4T<\/li>\n<li>Mitsubishi L400, PA3V, PA3W, PA4W, PA5V, PA5W, PB3V, PB4V, PB5V, PC3W, PC5W, PD3W, PD4V, PD4W, PD5V, PD5W<\/li>\n<li>Mitsubishi Lancer Cedia, CS2A, CS2V, CS2W, CS5A, CS5AR, CS5AZ, CS5W, CS6A, CT9A, CT9W<\/li>\n<li>Mitsubishi Lancer Evolution, CY3A, CY4A, CY6A, CZ4A<\/li>\n<li>Mitsubishi Lancer, CB1W, CB2W, CB4W, CB5W, CD4W, CJ1A, CJ2A, CJ4A, CK1A, CK2A, CK4A, CK5AR, CK6A, CK8A, CK8AR, CL2A, CM2A, CM5A, CM8A, CN9A, CP9A, CS1A, CS2A, CS2V, CS2W, CS3A, CS3W, CS5A, CS5AR, CS5AZ, CS5W, CS6A, CS6W, CS7A, CS7W, CS9A, CS9W, CT9A, CT9W, CX1A, CX2A, CX3A, CX4A, CX5A, CX6A, CX8A, CX9A, CY1A, CY2A, CY3A, CY4A, CY5A, CY6A, CY8A, CY9A, CZ4A<\/li>\n<li>Mitsubishi Libero, CB1V, CB2V, CB2W, CB4W, CB5W, CB8V, CB8W, CD2V, CD5W, CD8V, CD8W<\/li>\n<li>Mitsubishi Minica Toppo, H31A, H32A, H32V, H36A, H37V<\/li>\n<li>Mitsubishi Minica, H31A, H32A, H32V, H36A, H37A, H37V, H42A, H42V, H44A, H47A, H47V<\/li>\n<li>Mitsubishi Minicab MiEV, U67V, U68T, U68V<\/li>\n<li>Mitsubishi Minicab, U43V, U44V, U61T, U61TP, U61V, U61W, U62T, U62TP, U62V, U62W, U63W, U64W, U65W, U66W<\/li>\n<li>Mitsubishi Mirage, A03A, A05A, A13A, CJ1A, CJ2A, CJ4A, CJ5A, CK1A, CK2A, CK4A, CK5A, CK5AR, CK6A, CK8A, CK8AR, CL2A, CM2A, CM5A, CM8A, CN9A, CP9A, CQ1A, CQ2A, CQ5A<\/li>\n<li>Mitsubishi Montero Sport, K85W, K86W, K89W, K94W, K96W, K99W, KG6W, KH4W, KH6W, KH8W, KH9W, KR1W, KR3W, KR5W, KS1W, KS3W, KS5W<\/li>\n<li>Mitsubishi Montero, V63W, V64W, V65W, V66W, V67W, V68W, V73W, V74W, V75W, V76W, V77W, V78W, V83W, V85W, V86W, V87W, V88V, V88W, V93W, V95W, V96W, V97W, V98V, V98W<\/li>\n<li>Mitsubishi Nativa, K86W, K94W, K96W, K97W, KG4W, KG6W, KH4W, KH8W, KH9W<\/li>\n<li>Mitsubishi Outlander, CU2W, CU4W, CU5W, CW1W, CW4W, CW5W, CW6W, CW7W, CW8W, GA2W, GA5W, GF2W, GF3W, GF4W, GF6V, GF6W, GF7W, GF8W, GG2W<\/li>\n<li>Mitsubishi Pajero Junior, H57A<\/li>\n<li>Mitsubishi Pajero Mini, H51A, H56A, H58A<\/li>\n<li>Mitsubishi Pajero Sport, K86W, K96W, K97W, KG4W, KG5W, KG6W, KH4W, KH6W, KH8W, KH9W, KR1W, KR3W, KS1W, KS3W, KS5W<\/li>\n<li>Mitsubishi Pajero, K94W, K96W, KH4W, KH6W, KH8W, KH9W, KR1W, KR3W, KR5W, KS1W, KS3W, KS5W, V63W, V64W, V65W, V66W, V67W, V68W, V73W, V74W, V75W, V76W, V77W, V78W, V83W, V85W, V86W, V87W, V88V, V88W, V93W, V95W, V96W, V97W, V98V, V98W<\/li>\n<li>Mitsubishi RVR, GA2W, GA3W, GA4W, GA5W, N11W, N13W, N14W, N18W, N21W, N21WG, N23W, N23WG, N28W, N28WG<\/li>\n<li>Mitsubishi Strada, KJ3T, KJ4T, KK1T, KK2T, KK3T, KK4T, KL1T, KL2T, KL3T, KL4T<\/li>\n<li>Mitsubishi Toppo BJ Wide, H41A, H42A, H42V, H43A, H46A, H47A, H47V, H48A<\/li>\n<li>Mitsubishi Toppo BJ, H41A, H42A, H42V, H43A, H46A, H47A, H47V, H48A<\/li>\n<li>Mitsubishi Toppo, H82A<\/li>\n<li>Mitsubishi Town Box Wide, U61T, U61TP, U61V, U61W, U62T, U62TP, U62V, U62W, U63W, U64W, U65W, U66W<\/li>\n<li>Mitsubishi Town Box, U61T, U61TP, U61V, U61W, U62T, U62TP, U62V, U62W, U63W, U64W, U65W, U66W<\/li>\n<li>Mitsubishi Triton, KB9T, KJ3T, KJ4T, KK1T, KK2T, KK3T, KK4T, KL1T, KL2T, KL3T, KL4T<\/li>\n<li>Mitsubishi eK Space, B11A<\/li>\n<li>Mitsubishi eK Wagon, B11W, H81W<\/li>\n<li>Mitsubishi ek Custom, B11W, H81W<\/li>\n<li>Mitsubishi i, HA1W<\/li>\n<li>Mitsubishi i-MiEV, HA3V, HA3W, HA4V, HA4W, HA4WLDD, HA4WLDDB<\/li>\n<\/ul>\n<p><\/p>","protected":false},"excerpt":{"rendered":"<p><b>OEM:<\/b> MR288150909130013<\/p>\n<p><b>Dimensiune F:<\/b> 5.9<br \/><b>Dimensiune H:<\/b> 11.2<br \/><b>Dimensiune T:<\/b> 14.9<\/p>\n","protected":false},"featured_media":8786,"template":"","meta":[],"product_cat":[25,125],"product_tag":[],"bundled_by":[],"bundle_stock_status":"instock","bundle_stock_quantity":null,"bundle_virtual":false,"bundle_layout":"","bundle_add_to_cart_form_location":"","bundle_editable_in_cart":false,"bundle_sold_individually_context":"","bundle_item_grouping":"","bundle_min_size":"","bundle_max_size":"","bundled_items":[],"yoast_head":"<!-- This site is optimized with the Yoast SEO Premium plugin v16.6 (Yoast SEO v20.1) - https:\/\/yoast.com\/wordpress\/plugins\/seo\/ -->\n<title>C1757 - Autoclipsuri, Cu un ac de \u00eempingere - atg.md<\/title>\n<meta name=\"robots\" content=\"index, follow, max-snippet:-1, max-image-preview:large, max-video-preview:-1\" \/>\n<link rel=\"canonical\" href=\"https:\/\/atg.md\/ro\/catalog\/autoclipsuri\/s-nazhimnym-shtyrkom\/c1757\/\" \/>\n<meta property=\"og:locale\" content=\"ro_RO\" \/>\n<meta property=\"og:type\" content=\"article\" \/>\n<meta property=\"og:title\" content=\"C1757 - Autoclipsuri, Cu un ac de \u00eempingere - atg.md\" \/>\n<meta property=\"og:description\" content=\"OEM: MR288150909130013Dimensiune F: 5.9Dimensiune H: 11.2Dimensiune T: 14.9\" \/>\n<meta property=\"og:url\" content=\"https:\/\/atg.md\/ro\/wp-json\/wp\/v2\/product\/8785\" \/>\n<meta property=\"og:site_name\" content=\"atg.md\" \/>\n<meta property=\"article:modified_time\" content=\"2024-07-05T07:10:12+00:00\" \/>\n<meta property=\"og:image\" content=\"https:\/\/atg.md\/wp-content\/uploads\/2021\/03\/c1757.jpg\" \/>\n\t<meta property=\"og:image:width\" content=\"600\" \/>\n\t<meta property=\"og:image:height\" content=\"600\" \/>\n\t<meta property=\"og:image:type\" content=\"image\/jpeg\" \/>\n<meta name=\"twitter:card\" content=\"summary_large_image\" \/>\n<meta name=\"twitter:label1\" content=\"Pre\u021b\" \/>\n\t<meta name=\"twitter:data1\" content=\"5.00&nbsp;MDL\" \/>\n\t<meta name=\"twitter:label2\" content=\"Availability\" \/>\n\t<meta name=\"twitter:data2\" content=\"In stock\" \/>\n<script type=\"application\/ld+json\" class=\"yoast-schema-graph\">{\"@context\":\"https:\/\/schema.org\",\"@graph\":[{\"@type\":\"WebPage\",\"@id\":\"https:\/\/atg.md\/ro\/catalog\/autoclipsuri\/s-nazhimnym-shtyrkom\/c1757\/\",\"url\":\"https:\/\/atg.md\/ro\/catalog\/autoclipsuri\/s-nazhimnym-shtyrkom\/c1757\/\",\"name\":\"C1757 - Autoclipsuri, Cu un ac de \u00eempingere - atg.md\",\"isPartOf\":{\"@id\":\"https:\/\/atg.md\/ro\/#website\"},\"datePublished\":\"2021-03-30T09:17:47+00:00\",\"dateModified\":\"2024-07-05T07:10:12+00:00\",\"breadcrumb\":{\"@id\":\"https:\/\/atg.md\/ro\/catalog\/autoclipsuri\/s-nazhimnym-shtyrkom\/c1757\/#breadcrumb\"},\"inLanguage\":\"ro-RO\",\"potentialAction\":[{\"@type\":\"ReadAction\",\"target\":[[\"https:\/\/atg.md\/ro\/catalog\/autoclipsuri\/s-nazhimnym-shtyrkom\/c1757\/\"]]}]},{\"@type\":\"BreadcrumbList\",\"@id\":\"https:\/\/atg.md\/ro\/catalog\/autoclipsuri\/s-nazhimnym-shtyrkom\/c1757\/#breadcrumb\",\"itemListElement\":[{\"@type\":\"ListItem\",\"position\":1,\"name\":\"Home\",\"item\":\"https:\/\/atg.md\/ro\/\"},{\"@type\":\"ListItem\",\"position\":2,\"name\":\"\u041a\u0430\u0442\u0430\u043b\u043e\u0433\",\"item\":\"https:\/\/atg.md\/ro\/catalog\/\"},{\"@type\":\"ListItem\",\"position\":3,\"name\":\"C1757\"}]},{\"@type\":\"WebSite\",\"@id\":\"https:\/\/atg.md\/ro\/#website\",\"url\":\"https:\/\/atg.md\/ro\/\",\"name\":\"atg.md\",\"description\":\"V\u00e2nzare de izola\u021bii \u00eempotriva vibra\u021biilor pentru ma\u0219ini, izola\u021bie termic\u0103, izolare fonic\u0103 de la cei mai buni produc\u0103tori, autoclipsuri, elemente de fixare auto. Cump\u0103ra\u021bi \u00een Moldova, Chi\u0219in\u0103u\",\"publisher\":{\"@id\":\"https:\/\/atg.md\/ro\/#organization\"},\"potentialAction\":[{\"@type\":\"SearchAction\",\"target\":{\"@type\":\"EntryPoint\",\"urlTemplate\":\"https:\/\/atg.md\/ro\/?s={search_term_string}\"},\"query-input\":\"required name=search_term_string\"}],\"inLanguage\":\"ro-RO\"},{\"@type\":[\"Organization\",\"Place\",\"AutoPartsStore\"],\"@id\":\"https:\/\/atg.md\/ro\/#organization\",\"name\":\"S.C. AUTOTOM GRUP S.R.L.\",\"url\":\"https:\/\/atg.md\/ro\/\",\"logo\":{\"@type\":\"ImageObject\",\"inLanguage\":\"ro-RO\",\"@id\":\"https:\/\/atg.md\/ro\/#\/schema\/logo\/image\/\",\"url\":\"https:\/\/i2.wp.com\/atg.md\/wp-content\/uploads\/2021\/05\/atg_logo_main.png?fit=656%2C569&ssl=1\",\"contentUrl\":\"https:\/\/i2.wp.com\/atg.md\/wp-content\/uploads\/2021\/05\/atg_logo_main.png?fit=656%2C569&ssl=1\",\"width\":656,\"height\":569,\"caption\":\"S.C. AUTOTOM GRUP S.R.L.\"},\"image\":{\"@id\":\"https:\/\/atg.md\/ro\/#\/schema\/logo\/image\/\"},\"location\":{\"@id\":\"https:\/\/atg.md\/ro\/catalog\/autoclipsuri\/s-nazhimnym-shtyrkom\/c1757\/#local-place\"},\"address\":{\"@id\":\"https:\/\/atg.md\/ro\/catalog\/autoclipsuri\/s-nazhimnym-shtyrkom\/c1757\/#local-place-address\"},\"email\":\"atgtvv@gmail.com\",\"telephone\":\"+37369644446\",\"areaServed\":\"Moldova\"},{\"@type\":\"Place\",\"@id\":\"https:\/\/atg.md\/ro\/catalog\/autoclipsuri\/s-nazhimnym-shtyrkom\/c1757\/#local-place\",\"address\":{\"@type\":\"PostalAddress\",\"@id\":\"https:\/\/atg.md\/ro\/catalog\/autoclipsuri\/s-nazhimnym-shtyrkom\/c1757\/#local-place-address\",\"streetAddress\":\"str. Alba-Iulia 77\/20\",\"addressLocality\":\"Chisinau\",\"postalCode\":\"2043\",\"addressRegion\":\"mun. Chisinau\",\"addressCountry\":\"MD\"},\"geo\":{\"@type\":\"GeoCoordinates\",\"latitude\":\"47.0376\",\"longitude\":\"28.76899\"},\"openingHoursSpecification\":[{\"@type\":\"OpeningHoursSpecification\",\"dayOfWeek\":[\"Monday\",\"Tuesday\",\"Wednesday\",\"Thursday\",\"Friday\"],\"opens\":\"09:00\",\"closes\":\"18:00\"},{\"@type\":\"OpeningHoursSpecification\",\"dayOfWeek\":[\"Saturday\"],\"opens\":\"09:00\",\"closes\":\"14:00\"},{\"@type\":\"OpeningHoursSpecification\",\"dayOfWeek\":[\"Sunday\"],\"opens\":\"00:00\",\"closes\":\"00:00\"}],\"telephone\":\"+37369644446\"}]}<\/script>\n<meta name=\"geo.placename\" content=\"Chisinau\" \/>\n<meta name=\"geo.position\" content=\"47.0376;28.76899\" \/>\n<meta name=\"geo.region\" content=\"Moldova\" \/>\n<!-- \/ Yoast SEO Premium plugin. -->","yoast_head_json":{"title":"C1757 - Autoclipsuri, Cu un ac de \u00eempingere - atg.md","robots":{"index":"index","follow":"follow","max-snippet":"max-snippet:-1","max-image-preview":"max-image-preview:large","max-video-preview":"max-video-preview:-1"},"canonical":"https:\/\/atg.md\/ro\/catalog\/autoclipsuri\/s-nazhimnym-shtyrkom\/c1757\/","og_locale":"ro_RO","og_type":"article","og_title":"C1757 - Autoclipsuri, Cu un ac de \u00eempingere - atg.md","og_description":"OEM: MR288150909130013Dimensiune F: 5.9Dimensiune H: 11.2Dimensiune T: 14.9","og_url":"https:\/\/atg.md\/ro\/wp-json\/wp\/v2\/product\/8785","og_site_name":"atg.md","article_modified_time":"2024-07-05T07:10:12+00:00","og_image":[{"width":600,"height":600,"url":"https:\/\/atg.md\/wp-content\/uploads\/2021\/03\/c1757.jpg","type":"image\/jpeg"}],"twitter_card":"summary_large_image","twitter_misc":{"Pre\u021b":"5.00&nbsp;MDL","Availability":"In stock"},"schema":{"@context":"https:\/\/schema.org","@graph":[{"@type":"WebPage","@id":"https:\/\/atg.md\/ro\/catalog\/autoclipsuri\/s-nazhimnym-shtyrkom\/c1757\/","url":"https:\/\/atg.md\/ro\/catalog\/autoclipsuri\/s-nazhimnym-shtyrkom\/c1757\/","name":"C1757 - Autoclipsuri, Cu un ac de \u00eempingere - atg.md","isPartOf":{"@id":"https:\/\/atg.md\/ro\/#website"},"datePublished":"2021-03-30T09:17:47+00:00","dateModified":"2024-07-05T07:10:12+00:00","breadcrumb":{"@id":"https:\/\/atg.md\/ro\/catalog\/autoclipsuri\/s-nazhimnym-shtyrkom\/c1757\/#breadcrumb"},"inLanguage":"ro-RO","potentialAction":[{"@type":"ReadAction","target":[["https:\/\/atg.md\/ro\/catalog\/autoclipsuri\/s-nazhimnym-shtyrkom\/c1757\/"]]}]},{"@type":"BreadcrumbList","@id":"https:\/\/atg.md\/ro\/catalog\/autoclipsuri\/s-nazhimnym-shtyrkom\/c1757\/#breadcrumb","itemListElement":[{"@type":"ListItem","position":1,"name":"Home","item":"https:\/\/atg.md\/ro\/"},{"@type":"ListItem","position":2,"name":"\u041a\u0430\u0442\u0430\u043b\u043e\u0433","item":"https:\/\/atg.md\/ro\/catalog\/"},{"@type":"ListItem","position":3,"name":"C1757"}]},{"@type":"WebSite","@id":"https:\/\/atg.md\/ro\/#website","url":"https:\/\/atg.md\/ro\/","name":"atg.md","description":"V\u00e2nzare de izola\u021bii \u00eempotriva vibra\u021biilor pentru ma\u0219ini, izola\u021bie termic\u0103, izolare fonic\u0103 de la cei mai buni produc\u0103tori, autoclipsuri, elemente de fixare auto. Cump\u0103ra\u021bi \u00een Moldova, Chi\u0219in\u0103u","publisher":{"@id":"https:\/\/atg.md\/ro\/#organization"},"potentialAction":[{"@type":"SearchAction","target":{"@type":"EntryPoint","urlTemplate":"https:\/\/atg.md\/ro\/?s={search_term_string}"},"query-input":"required name=search_term_string"}],"inLanguage":"ro-RO"},{"@type":["Organization","Place","AutoPartsStore"],"@id":"https:\/\/atg.md\/ro\/#organization","name":"S.C. AUTOTOM GRUP S.R.L.","url":"https:\/\/atg.md\/ro\/","logo":{"@type":"ImageObject","inLanguage":"ro-RO","@id":"https:\/\/atg.md\/ro\/#\/schema\/logo\/image\/","url":"https:\/\/i2.wp.com\/atg.md\/wp-content\/uploads\/2021\/05\/atg_logo_main.png?fit=656%2C569&ssl=1","contentUrl":"https:\/\/i2.wp.com\/atg.md\/wp-content\/uploads\/2021\/05\/atg_logo_main.png?fit=656%2C569&ssl=1","width":656,"height":569,"caption":"S.C. AUTOTOM GRUP S.R.L."},"image":{"@id":"https:\/\/atg.md\/ro\/#\/schema\/logo\/image\/"},"location":{"@id":"https:\/\/atg.md\/ro\/catalog\/autoclipsuri\/s-nazhimnym-shtyrkom\/c1757\/#local-place"},"address":{"@id":"https:\/\/atg.md\/ro\/catalog\/autoclipsuri\/s-nazhimnym-shtyrkom\/c1757\/#local-place-address"},"email":"atgtvv@gmail.com","telephone":"+37369644446","areaServed":"Moldova"},{"@type":"Place","@id":"https:\/\/atg.md\/ro\/catalog\/autoclipsuri\/s-nazhimnym-shtyrkom\/c1757\/#local-place","address":{"@type":"PostalAddress","@id":"https:\/\/atg.md\/ro\/catalog\/autoclipsuri\/s-nazhimnym-shtyrkom\/c1757\/#local-place-address","streetAddress":"str. Alba-Iulia 77\/20","addressLocality":"Chisinau","postalCode":"2043","addressRegion":"mun. Chisinau","addressCountry":"MD"},"geo":{"@type":"GeoCoordinates","latitude":"47.0376","longitude":"28.76899"},"openingHoursSpecification":[{"@type":"OpeningHoursSpecification","dayOfWeek":["Monday","Tuesday","Wednesday","Thursday","Friday"],"opens":"09:00","closes":"18:00"},{"@type":"OpeningHoursSpecification","dayOfWeek":["Saturday"],"opens":"09:00","closes":"14:00"},{"@type":"OpeningHoursSpecification","dayOfWeek":["Sunday"],"opens":"00:00","closes":"00:00"}],"telephone":"+37369644446"}]}},"_links":{"self":[{"href":"https:\/\/atg.md\/ro\/wp-json\/wp\/v2\/product\/8785"}],"collection":[{"href":"https:\/\/atg.md\/ro\/wp-json\/wp\/v2\/product"}],"about":[{"href":"https:\/\/atg.md\/ro\/wp-json\/wp\/v2\/types\/product"}],"wp:featuredmedia":[{"embeddable":true,"href":"https:\/\/atg.md\/ro\/wp-json\/wp\/v2\/media\/8786"}],"wp:attachment":[{"href":"https:\/\/atg.md\/ro\/wp-json\/wp\/v2\/media?parent=8785"}],"wp:term":[{"taxonomy":"product_cat","embeddable":true,"href":"https:\/\/atg.md\/ro\/wp-json\/wp\/v2\/product_cat?post=8785"},{"taxonomy":"product_tag","embeddable":true,"href":"https:\/\/atg.md\/ro\/wp-json\/wp\/v2\/product_tag?post=8785"}],"curies":[{"name":"wp","href":"https:\/\/api.w.org\/{rel}","templated":true}]}}