{"id":8693,"date":"2021-03-30T09:17:20","date_gmt":"2021-03-30T09:17:20","guid":{"rendered":"http:\/\/atg.md\/product\/c1700\/"},"modified":"2024-07-05T07:09:43","modified_gmt":"2024-07-05T07:09:43","slug":"c1700","status":"publish","type":"product","link":"https:\/\/atg.md\/ro\/catalog\/autoclipsuri\/dvernye\/c1700\/","title":{"rendered":"C1700"},"content":{"rendered":"<p><strong>Modele:<\/strong><\/p>\n<ul>\n<li>Nissan 100NX, B13<\/li>\n<li>Nissan 180SX, KRPS13, RPS13, RS13<\/li>\n<li>Nissan 200SX, B14U, S13, S14<\/li>\n<li>Nissan 240SX, S14<\/li>\n<li>Nissan 280ZX, S130<\/li>\n<li>Nissan 300ZX, Z31<\/li>\n<li>Nissan 350Z, Z33<\/li>\n<li>Nissan AD, HY10, MVFY10, MVY10, VENY10, VENY11, VEY10, VEY11, VFNY10, VFY10, VFY11, VGY11, VHNY11, VSNY10, VSY10, VY10, VY11, WEY10, WFNY10, WFY10, WFY11, WHNY11, WHY11, WPY11, WRY11, WSY10, WY10, Y10, Y11<\/li>\n<li>Nissan Almera, N15, N16, N16E, V10M<\/li>\n<li>Nissan Altima, L30, L31, L32, L32HV<\/li>\n<li>Nissan Ambulance, ALE50, ALWE50, ATE50, ATWE50, FLGE50, FLWGE50, FPGE50, FPWGE50<\/li>\n<li>Nissan Armada, TA60, Y62<\/li>\n<li>Nissan Atlas, AF22, AGF22, AH40, AMF22, BF22, BGF22, EF22, EGF22, EH40, FGH40, FH40, H2F23, H4F23, J2F23, JGH40, JH40, K2F23, K4F23, M2F23, M6F23, MGH40, MH40, N2F23, N6F23, P2F23, P4F23, P6F23, P8F23, PF22, PGF22, PH40, R4F23, R8F23, RH40, SGH40, SH40, SQ1F24, SQ2F24, SQH40, SZ1F24, SZ2F24, SZ4F24, SZ5F24, TF22, TGF22, TZ2F24, UF22, UGF22, WF22, WGF22, WH40, YF22, YGF22<\/li>\n<li>Nissan Auster, PT11, PT12, T11, T12<\/li>\n<li>Nissan Avenir, PNW10, PNW11, PW10, PW11, RNW11, RW11, SW10, SW11, W10, W11<\/li>\n<li>Nissan Bassara, JHU30, JNU30, JTNU30, JTU30, JU30, JVNU30, JVU30<\/li>\n<li>Nissan Bluebird Sylphy, FG10, QG10, QNG10, TG10<\/li>\n<li>Nissan Bluebird, 910, ENU12, ENU13, ENU14, EU11, EU12, EU13, EU14, HAU12, HNU12, HNU13, HNU14, HU12, HU13, HU14, P910, PJ910, PU11, PU13, QU14, RNU12, RU11, RU12, SNU13, SU12, SU13, SU14, T12, T72, U11, U12, U13, U910, UJ910, VEJ910, VEU11, VJ910, VRU11, VTJ910, WPJ910, WU11, WUJ910, Y910, YJ910, YU11<\/li>\n<li>Nissan Cabstar, F22, F24M<\/li>\n<li>Nissan Caravan, AEGE24, ARE24, ARGE24, ARME24, ARMGE24, CHGE23, CHGE24, CPGE23, CPGE24, CQGE24, CQGE25, CRGE23, CRGE24, CRMGE24, CSGE25, CTGE24, CWGE24, CWGE25, CWMGE24, CWMGE25, CYGE23, CYGE24, DHGE23, DHGE24, DPGE23, DQGE25, DRGE23, DRGE24, DSGE25, DTGE24, DWGE24, DWGE25, DWMGE25, DYGE23, DYGE24, FEGE24, FHGE23, FHGE24, FPGE23, FTGE24, KEE24, KHE23, KHE24, KHGE23, KHGE24, KRE23, KRE24, KRGE23, KRGE24, KRME24, KRMGE24, KSE23, KSE24, KSGE23, KSGE24, QE25, QGE25, SE25, SGE25, VBE23, VHE24, VHGE23, VHGE24, VNE23, VPE24, VPE25, VPGE23, VPGE24, VRE23, VRE24, VRE25, VRGE23, VRGE24, VRMGE24, VTE24, VTGE24, VWE24, VWE25, VWGE24, VWME24, VWME25, VWMGE24, VYE23, VYE24, VYGE23, VYGE24<\/li>\n<li>Nissan Cedric, BJY31, CBJY31, CMJY31, CUY31, CY31, ENY33, ENY34, FPAY31, FPY31, HBY33, HY30, HY33, HY34, MJY31, MY30, MY33, MY34, NJY31, NY30, PAY31, PAY32, PBY32, PY30, PY31, PY32, PY33, QJY31, SY31, TNJY31, TUJY31, TY31, UJY31, UY30, UY31, UY32, UY33, VHY30, VNY30, VUY30, VY30, WHY30, WUY30, WY30, Y30, Y31, Y32, Y33, Y34, YPY30, YPY31, YY31<\/li>\n<li>Nissan Cefiro, A31, A32, A33, CA31, EA31, ECA31, HA32, LA31, LCA31, LNA31, NA31, PA32, PA33, WA32, WHA32, WPA32<\/li>\n<li>Nissan Cherry, N12<\/li>\n<li>Nissan Cima, FGDY32, FGDY33, FGNY32, FGNY33, FGY32, FGY33, FHY33, FPY32<\/li>\n<li>Nissan Civilian, ACW41, AHW41, AJW41, AVW41, BCW41, BHW41, BJW41, BVW41, DCW41, DHW41, DJW41, DVW41, W41<\/li>\n<li>Nissan Crew, HK30, QK30, SK30, THK30, TSK30, YHK30<\/li>\n<li>Nissan Cube Cubic, BGZ11, YGNZ11, YGZ11<\/li>\n<li>Nissan Cube, ANZ10, AZ10, BNZ11, BZ11, NZ12, YZ11, Z10, Z12<\/li>\n<li>Nissan Datsun Truck, AD21, AGD21, AMD21, BD21, BGD21, BMD21, CD21, CGD21, D21, DD21, DMD21, DYD21, FD21, FGD21, FMD21, FYD21, GD21, PD21, PGD21, PMD21, QD21, QGD21, QMD21, QYD21<\/li>\n<li>Nissan Datsun, BD22, FMD22, LBD22, LFD22, LPD22, PD22, QD22, RMD22<\/li>\n<li>Nissan Dualis, J10, KJ10, KNJ10, NJ10<\/li>\n<li>Nissan Elgrand, ALE50, ALWE50, APE50, APWE50, ATE50, ATWE50, AVE50, AVWE50, E51, ME51, MNE51, NE51<\/li>\n<li>Nissan Exa, KEN13<\/li>\n<li>Nissan Expert, VENW11, VEW11, VNW11, VW11<\/li>\n<li>Nissan Fairlady Z, GZ31, HGZ31, HZ31, HZ33, PGZ31, PZ31, Z31, Z33<\/li>\n<li>Nissan Fuga, GY50, PNY50, PY50, Y50<\/li>\n<li>Nissan GT-R, R35<\/li>\n<li>Nissan Gazelle, JS12, S12, US12<\/li>\n<li>Nissan Gloria, BJY31, CBJY31, CMJY31, CUY31, CY31, ENY33, ENY34, FPAY31, FPY31, HBY33, HY30, HY33, HY34, MJY31, MY30, MY33, MY34, NJY31, NY30, PAY31, PAY32, PBY32, PY30, PY31, PY32, PY33, QJY31, TNJY31, TUJY31, TY31, UJY31, UY30, UY31, UY32, UY33, VHY30, VNY30, VUY30, VY30, WHY30, WUY30, WY30, Y30, Y31, Y32, Y33, Y34, YPY30, YPY31, YY31<\/li>\n<li>Nissan Grand Livina, L10H, L10HH, L10L, L10N, L10P<\/li>\n<li>Nissan Hardbody, D22S<\/li>\n<li>Nissan Homy, AEGE24, ARE24, ARGE24, ARME24, ARMGE24, CHGE23, CHGE24, CPGE23, CPGE24, CQGE24, CRGE23, CRGE24, CRMGE24, CTGE24, CWGE24, CWMGE24, CYGE23, CYGE24, DHGE23, DHGE24, DPGE23, DRGE23, DRGE24, DTGE24, DWGE24, DYGE23, DYGE24, FEGE24, FHGE23, FHGE24, FPGE23, FTGE24, KEE24, KHE23, KHE24, KHGE23, KHGE24, KRE23, KRE24, KRGE23, KRGE24, KRME24, KRMGE24, KSE23, KSE24, KSGE23, KSGE24, VBE23, VHE24, VHGE23, VHGE24, VNE23, VPE24, VPGE23, VPGE24, VRE23, VRE24, VRGE23, VRGE24, VRMGE24, VTE24, VTGE24, VWE24, VWGE24, VWME24, VWMGE24, VYE23, VYE24, VYGE23, VYGE24<\/li>\n<li>Nissan Hypermini, EA0<\/li>\n<li>Nissan Juke, F15, F15E, F15N, JF15<\/li>\n<li>Nissan King Cab, D21, D22, LCD22<\/li>\n<li>Nissan King Van, E24<\/li>\n<li>Nissan Lafesta, B30, NB30<\/li>\n<li>Nissan Langley, BEN13, BFN13, BFNN13, BHN13, BHNN13, BSN13<\/li>\n<li>Nissan Largo, NW30, VNW30, VW30, W30<\/li>\n<li>Nissan Latio, N17B<\/li>\n<li>Nissan Laurel Spirit, HB11, SB11<\/li>\n<li>Nissan Laurel, A31, C32, EC33, ECC33, EJC32, FC33, FJC32, GC32, GC34, GC35, GCC34, GCC35, GNC34, GNC35, HC32, HC33, HC34, HC35, HCC33, HJC32, SC33, SC34, SC35, SJC32<\/li>\n<li>Nissan Leopard, GF31, JENY33, JGBY32, JHBY33, JHY33, JMY33, JPY32, JPY33, JY33, UF31<\/li>\n<li>Nissan Liberta Villa, BEN13, BFN13, BFNN13, BHN13, BHNN13, BSN13<\/li>\n<li>Nissan Liberty, PM12, PNM12, RM12, RNM12<\/li>\n<li>Nissan Livina, L10B, L10BB, L10S, L10Z, L11N, L11NN, L11W, L11WW, L11Z, NL10S, NTL10L, NTL10N, TL10N<\/li>\n<li>Nissan Lucino, B14, EB14, FB14, FNB14, HB14, JB14, SB14, SNB14<\/li>\n<li><\/ul>\n<p><\/p>","protected":false},"excerpt":{"rendered":"<p><b>OEM:<\/b> 01553-09790155309791<\/p>\n","protected":false},"featured_media":8694,"template":"","meta":[],"product_cat":[25,76],"product_tag":[],"bundled_by":[],"bundle_stock_status":"instock","bundle_stock_quantity":null,"bundle_virtual":false,"bundle_layout":"","bundle_add_to_cart_form_location":"","bundle_editable_in_cart":false,"bundle_sold_individually_context":"","bundle_item_grouping":"","bundle_min_size":"","bundle_max_size":"","bundled_items":[],"yoast_head":"<!-- This site is optimized with the Yoast SEO Premium plugin v16.6 (Yoast SEO v20.1) - https:\/\/yoast.com\/wordpress\/plugins\/seo\/ -->\n<title>C1700 - Autoclipsuri, Autoclipsuri pentru u\u0219\u0103 - atg.md<\/title>\n<meta name=\"robots\" content=\"index, follow, max-snippet:-1, max-image-preview:large, max-video-preview:-1\" \/>\n<link rel=\"canonical\" href=\"https:\/\/atg.md\/ro\/catalog\/autoclipsuri\/dvernye\/c1700\/\" \/>\n<meta property=\"og:locale\" content=\"ro_RO\" \/>\n<meta property=\"og:type\" content=\"article\" \/>\n<meta property=\"og:title\" content=\"C1700 - Autoclipsuri, Autoclipsuri pentru u\u0219\u0103 - atg.md\" \/>\n<meta property=\"og:description\" content=\"OEM: 01553-09790155309791\" \/>\n<meta property=\"og:url\" content=\"https:\/\/atg.md\/ro\/wp-json\/wp\/v2\/product\/8693\" \/>\n<meta property=\"og:site_name\" content=\"atg.md\" \/>\n<meta property=\"article:modified_time\" content=\"2024-07-05T07:09:43+00:00\" \/>\n<meta property=\"og:image\" content=\"https:\/\/atg.md\/wp-content\/uploads\/2021\/03\/c1700.jpg\" \/>\n\t<meta property=\"og:image:width\" content=\"600\" \/>\n\t<meta property=\"og:image:height\" content=\"600\" \/>\n\t<meta property=\"og:image:type\" content=\"image\/jpeg\" \/>\n<meta name=\"twitter:card\" content=\"summary_large_image\" \/>\n<meta name=\"twitter:label1\" content=\"Pre\u021b\" \/>\n\t<meta name=\"twitter:data1\" content=\"5.00&nbsp;MDL\" \/>\n\t<meta name=\"twitter:label2\" content=\"Availability\" \/>\n\t<meta name=\"twitter:data2\" content=\"In stock\" \/>\n<script type=\"application\/ld+json\" class=\"yoast-schema-graph\">{\"@context\":\"https:\/\/schema.org\",\"@graph\":[{\"@type\":\"WebPage\",\"@id\":\"https:\/\/atg.md\/ro\/catalog\/autoclipsuri\/dvernye\/c1700\/\",\"url\":\"https:\/\/atg.md\/ro\/catalog\/autoclipsuri\/dvernye\/c1700\/\",\"name\":\"C1700 - Autoclipsuri, Autoclipsuri pentru u\u0219\u0103 - atg.md\",\"isPartOf\":{\"@id\":\"https:\/\/atg.md\/ro\/#website\"},\"datePublished\":\"2021-03-30T09:17:20+00:00\",\"dateModified\":\"2024-07-05T07:09:43+00:00\",\"breadcrumb\":{\"@id\":\"https:\/\/atg.md\/ro\/catalog\/autoclipsuri\/dvernye\/c1700\/#breadcrumb\"},\"inLanguage\":\"ro-RO\",\"potentialAction\":[{\"@type\":\"ReadAction\",\"target\":[[\"https:\/\/atg.md\/ro\/catalog\/autoclipsuri\/dvernye\/c1700\/\"]]}]},{\"@type\":\"BreadcrumbList\",\"@id\":\"https:\/\/atg.md\/ro\/catalog\/autoclipsuri\/dvernye\/c1700\/#breadcrumb\",\"itemListElement\":[{\"@type\":\"ListItem\",\"position\":1,\"name\":\"Home\",\"item\":\"https:\/\/atg.md\/ro\/\"},{\"@type\":\"ListItem\",\"position\":2,\"name\":\"\u041a\u0430\u0442\u0430\u043b\u043e\u0433\",\"item\":\"https:\/\/atg.md\/ro\/catalog\/\"},{\"@type\":\"ListItem\",\"position\":3,\"name\":\"C1700\"}]},{\"@type\":\"WebSite\",\"@id\":\"https:\/\/atg.md\/ro\/#website\",\"url\":\"https:\/\/atg.md\/ro\/\",\"name\":\"atg.md\",\"description\":\"V\u00e2nzare de izola\u021bii \u00eempotriva vibra\u021biilor pentru ma\u0219ini, izola\u021bie termic\u0103, izolare fonic\u0103 de la cei mai buni produc\u0103tori, autoclipsuri, elemente de fixare auto. Cump\u0103ra\u021bi \u00een Moldova, Chi\u0219in\u0103u\",\"publisher\":{\"@id\":\"https:\/\/atg.md\/ro\/#organization\"},\"potentialAction\":[{\"@type\":\"SearchAction\",\"target\":{\"@type\":\"EntryPoint\",\"urlTemplate\":\"https:\/\/atg.md\/ro\/?s={search_term_string}\"},\"query-input\":\"required name=search_term_string\"}],\"inLanguage\":\"ro-RO\"},{\"@type\":[\"Organization\",\"Place\",\"AutoPartsStore\"],\"@id\":\"https:\/\/atg.md\/ro\/#organization\",\"name\":\"S.C. AUTOTOM GRUP S.R.L.\",\"url\":\"https:\/\/atg.md\/ro\/\",\"logo\":{\"@type\":\"ImageObject\",\"inLanguage\":\"ro-RO\",\"@id\":\"https:\/\/atg.md\/ro\/#\/schema\/logo\/image\/\",\"url\":\"https:\/\/i2.wp.com\/atg.md\/wp-content\/uploads\/2021\/05\/atg_logo_main.png?fit=656%2C569&ssl=1\",\"contentUrl\":\"https:\/\/i2.wp.com\/atg.md\/wp-content\/uploads\/2021\/05\/atg_logo_main.png?fit=656%2C569&ssl=1\",\"width\":656,\"height\":569,\"caption\":\"S.C. AUTOTOM GRUP S.R.L.\"},\"image\":{\"@id\":\"https:\/\/atg.md\/ro\/#\/schema\/logo\/image\/\"},\"location\":{\"@id\":\"https:\/\/atg.md\/ro\/catalog\/autoclipsuri\/dvernye\/c1700\/#local-place\"},\"address\":{\"@id\":\"https:\/\/atg.md\/ro\/catalog\/autoclipsuri\/dvernye\/c1700\/#local-place-address\"},\"email\":\"atgtvv@gmail.com\",\"telephone\":\"+37369644446\",\"areaServed\":\"Moldova\"},{\"@type\":\"Place\",\"@id\":\"https:\/\/atg.md\/ro\/catalog\/autoclipsuri\/dvernye\/c1700\/#local-place\",\"address\":{\"@type\":\"PostalAddress\",\"@id\":\"https:\/\/atg.md\/ro\/catalog\/autoclipsuri\/dvernye\/c1700\/#local-place-address\",\"streetAddress\":\"str. Alba-Iulia 77\/20\",\"addressLocality\":\"Chisinau\",\"postalCode\":\"2043\",\"addressRegion\":\"mun. Chisinau\",\"addressCountry\":\"MD\"},\"geo\":{\"@type\":\"GeoCoordinates\",\"latitude\":\"47.0376\",\"longitude\":\"28.76899\"},\"openingHoursSpecification\":[{\"@type\":\"OpeningHoursSpecification\",\"dayOfWeek\":[\"Monday\",\"Tuesday\",\"Wednesday\",\"Thursday\",\"Friday\"],\"opens\":\"09:00\",\"closes\":\"18:00\"},{\"@type\":\"OpeningHoursSpecification\",\"dayOfWeek\":[\"Saturday\"],\"opens\":\"09:00\",\"closes\":\"14:00\"},{\"@type\":\"OpeningHoursSpecification\",\"dayOfWeek\":[\"Sunday\"],\"opens\":\"00:00\",\"closes\":\"00:00\"}],\"telephone\":\"+37369644446\"}]}<\/script>\n<meta name=\"geo.placename\" content=\"Chisinau\" \/>\n<meta name=\"geo.position\" content=\"47.0376;28.76899\" \/>\n<meta name=\"geo.region\" content=\"Moldova\" \/>\n<!-- \/ Yoast SEO Premium plugin. -->","yoast_head_json":{"title":"C1700 - Autoclipsuri, Autoclipsuri pentru u\u0219\u0103 - atg.md","robots":{"index":"index","follow":"follow","max-snippet":"max-snippet:-1","max-image-preview":"max-image-preview:large","max-video-preview":"max-video-preview:-1"},"canonical":"https:\/\/atg.md\/ro\/catalog\/autoclipsuri\/dvernye\/c1700\/","og_locale":"ro_RO","og_type":"article","og_title":"C1700 - Autoclipsuri, Autoclipsuri pentru u\u0219\u0103 - atg.md","og_description":"OEM: 01553-09790155309791","og_url":"https:\/\/atg.md\/ro\/wp-json\/wp\/v2\/product\/8693","og_site_name":"atg.md","article_modified_time":"2024-07-05T07:09:43+00:00","og_image":[{"width":600,"height":600,"url":"https:\/\/atg.md\/wp-content\/uploads\/2021\/03\/c1700.jpg","type":"image\/jpeg"}],"twitter_card":"summary_large_image","twitter_misc":{"Pre\u021b":"5.00&nbsp;MDL","Availability":"In stock"},"schema":{"@context":"https:\/\/schema.org","@graph":[{"@type":"WebPage","@id":"https:\/\/atg.md\/ro\/catalog\/autoclipsuri\/dvernye\/c1700\/","url":"https:\/\/atg.md\/ro\/catalog\/autoclipsuri\/dvernye\/c1700\/","name":"C1700 - Autoclipsuri, Autoclipsuri pentru u\u0219\u0103 - atg.md","isPartOf":{"@id":"https:\/\/atg.md\/ro\/#website"},"datePublished":"2021-03-30T09:17:20+00:00","dateModified":"2024-07-05T07:09:43+00:00","breadcrumb":{"@id":"https:\/\/atg.md\/ro\/catalog\/autoclipsuri\/dvernye\/c1700\/#breadcrumb"},"inLanguage":"ro-RO","potentialAction":[{"@type":"ReadAction","target":[["https:\/\/atg.md\/ro\/catalog\/autoclipsuri\/dvernye\/c1700\/"]]}]},{"@type":"BreadcrumbList","@id":"https:\/\/atg.md\/ro\/catalog\/autoclipsuri\/dvernye\/c1700\/#breadcrumb","itemListElement":[{"@type":"ListItem","position":1,"name":"Home","item":"https:\/\/atg.md\/ro\/"},{"@type":"ListItem","position":2,"name":"\u041a\u0430\u0442\u0430\u043b\u043e\u0433","item":"https:\/\/atg.md\/ro\/catalog\/"},{"@type":"ListItem","position":3,"name":"C1700"}]},{"@type":"WebSite","@id":"https:\/\/atg.md\/ro\/#website","url":"https:\/\/atg.md\/ro\/","name":"atg.md","description":"V\u00e2nzare de izola\u021bii \u00eempotriva vibra\u021biilor pentru ma\u0219ini, izola\u021bie termic\u0103, izolare fonic\u0103 de la cei mai buni produc\u0103tori, autoclipsuri, elemente de fixare auto. Cump\u0103ra\u021bi \u00een Moldova, Chi\u0219in\u0103u","publisher":{"@id":"https:\/\/atg.md\/ro\/#organization"},"potentialAction":[{"@type":"SearchAction","target":{"@type":"EntryPoint","urlTemplate":"https:\/\/atg.md\/ro\/?s={search_term_string}"},"query-input":"required name=search_term_string"}],"inLanguage":"ro-RO"},{"@type":["Organization","Place","AutoPartsStore"],"@id":"https:\/\/atg.md\/ro\/#organization","name":"S.C. AUTOTOM GRUP S.R.L.","url":"https:\/\/atg.md\/ro\/","logo":{"@type":"ImageObject","inLanguage":"ro-RO","@id":"https:\/\/atg.md\/ro\/#\/schema\/logo\/image\/","url":"https:\/\/i2.wp.com\/atg.md\/wp-content\/uploads\/2021\/05\/atg_logo_main.png?fit=656%2C569&ssl=1","contentUrl":"https:\/\/i2.wp.com\/atg.md\/wp-content\/uploads\/2021\/05\/atg_logo_main.png?fit=656%2C569&ssl=1","width":656,"height":569,"caption":"S.C. AUTOTOM GRUP S.R.L."},"image":{"@id":"https:\/\/atg.md\/ro\/#\/schema\/logo\/image\/"},"location":{"@id":"https:\/\/atg.md\/ro\/catalog\/autoclipsuri\/dvernye\/c1700\/#local-place"},"address":{"@id":"https:\/\/atg.md\/ro\/catalog\/autoclipsuri\/dvernye\/c1700\/#local-place-address"},"email":"atgtvv@gmail.com","telephone":"+37369644446","areaServed":"Moldova"},{"@type":"Place","@id":"https:\/\/atg.md\/ro\/catalog\/autoclipsuri\/dvernye\/c1700\/#local-place","address":{"@type":"PostalAddress","@id":"https:\/\/atg.md\/ro\/catalog\/autoclipsuri\/dvernye\/c1700\/#local-place-address","streetAddress":"str. Alba-Iulia 77\/20","addressLocality":"Chisinau","postalCode":"2043","addressRegion":"mun. Chisinau","addressCountry":"MD"},"geo":{"@type":"GeoCoordinates","latitude":"47.0376","longitude":"28.76899"},"openingHoursSpecification":[{"@type":"OpeningHoursSpecification","dayOfWeek":["Monday","Tuesday","Wednesday","Thursday","Friday"],"opens":"09:00","closes":"18:00"},{"@type":"OpeningHoursSpecification","dayOfWeek":["Saturday"],"opens":"09:00","closes":"14:00"},{"@type":"OpeningHoursSpecification","dayOfWeek":["Sunday"],"opens":"00:00","closes":"00:00"}],"telephone":"+37369644446"}]}},"_links":{"self":[{"href":"https:\/\/atg.md\/ro\/wp-json\/wp\/v2\/product\/8693"}],"collection":[{"href":"https:\/\/atg.md\/ro\/wp-json\/wp\/v2\/product"}],"about":[{"href":"https:\/\/atg.md\/ro\/wp-json\/wp\/v2\/types\/product"}],"wp:featuredmedia":[{"embeddable":true,"href":"https:\/\/atg.md\/ro\/wp-json\/wp\/v2\/media\/8694"}],"wp:attachment":[{"href":"https:\/\/atg.md\/ro\/wp-json\/wp\/v2\/media?parent=8693"}],"wp:term":[{"taxonomy":"product_cat","embeddable":true,"href":"https:\/\/atg.md\/ro\/wp-json\/wp\/v2\/product_cat?post=8693"},{"taxonomy":"product_tag","embeddable":true,"href":"https:\/\/atg.md\/ro\/wp-json\/wp\/v2\/product_tag?post=8693"}],"curies":[{"name":"wp","href":"https:\/\/api.w.org\/{rel}","templated":true}]}}