{"id":8558,"date":"2021-03-30T09:16:20","date_gmt":"2021-03-30T09:16:20","guid":{"rendered":"http:\/\/atg.md\/product\/c1602\/"},"modified":"2024-07-05T07:09:10","modified_gmt":"2024-07-05T07:09:10","slug":"c1602","status":"publish","type":"product","link":"https:\/\/atg.md\/ro\/catalog\/autoclipsuri\/vstavki\/c1602\/","title":{"rendered":"C1602"},"content":{"rendered":"<p><strong>Modele:<\/strong><\/p>\n<ul>\n<li>Lexus ES250, VZV21\n<li>Lexus ES300, MCV10, VCV10\n<li>Lexus ES350, GSV40\n<li>Lexus GS300, JZS147\n<li>Lexus GX470, UZJ120\n<li>Lexus IS200, GXE10, JCE10\n<li>Lexus IS300, GXE10, JCE10\n<li>Lexus LX470, UZJ100\n<li>Lexus LX570, URJ201, URJ201W\n<li>Lexus RX300, GSU35, MCU10, MCU15, MCU35, MCU38\n<li>Lexus RX330, GSU30, GSU35, MCU33, MCU35, MCU38\n<li>Lexus RX400h, MHU33, MHU38\n<li>Lexus SC430, UZZ40\n<li>Toyota 4Runner, GRN210, GRN215, KZN185, KZN205, KZN215, LN106, LN107, LN111, LN130, LN135, LN205, LN51, LN56, LN65, LN66, RN101, RN105, RN106, RN110, RN120, RN121, RN130, RN131, RN135, RN50, RN55, RN60, RN61, RN65, RN66, RN70, RN75, RN80, RN85, RN90, RZN180, RZN185, UZN210, UZN215, VZN100, VZN105, VZN110, VZN120, VZN130, VZN131, VZN180, VZN185, VZN61, VZN66, VZN85, VZN90, VZN95, YN106, YN130, YN135\n<li>Toyota Allex, NZE121, NZE124, ZZE122, ZZE123, ZZE124\n<li>Toyota Allion, AZT240, NZT240, NZT260, ZRT260, ZRT261, ZRT265, ZZT240, ZZT245\n<li>Toyota Alphard, ANH10, ANH10W, ANH15, ANH15W, ATH10, ATH10W, MNH10, MNH10W, MNH15, MNH15W\n<li>Toyota Altezza, GXE10, GXE10W, GXE15, GXE15W, JCE10, JCE10W, JCE15, JCE15W, SXE10\n<li>Toyota Aqua, NHP10, NHP10H\n<li>Toyota Aristo, JZS147, JZS147E, UZS143, UZS143E\n<li>Toyota Aurion, ACV40, GSV40\n<li>Toyota Auris, ADE150, ADE157, NDE150, NZE151, NZE151H, NZE154, NZE154H, NZE181, NZE181H, NZE184, NZE184H, ZRE151, ZRE152, ZRE152H, ZRE154, ZRE154H, ZRE186, ZRE186H, ZZE150\n<li>Toyota Avalon, GSX30, MCX10\n<li>Toyota Avensis Verso, ACM20, ACM21, CLM20\n<li>Toyota Avensis, ADT250, ADT251, AZT250, AZT250L, AZT250W, AZT251, AZT251L, AZT251W, AZT255, AZT255W, CDT250, ZRT272, ZRT272W, ZZT250, ZZT251, ZZT251L\n<li>Toyota Belta, KSP92, NCP96, SCP92\n<li>Toyota Blade, AZE154, AZE154H, AZE156, AZE156H, GRE156, GRE156H\n<li>Toyota Caldina, AZT241, AZT241W, AZT246, AZT246W, CT190, CT190G, ST190, ST190G, ST246, ST246W, ZZT241, ZZT241W\n<li>Toyota Camry Gracia, MCV21, MCV21W, MCV25, MCV25W, SXV20, SXV20W, SXV25, SXV25W\n<li>Toyota Camry, ACV30, ACV30L, ACV31, ACV35, ACV36, ACV40, ACV41, ACV45, AHV40, AVV50, CV10, CV11, CV20, CV40, CV43, GSV40, MCV10, MCV30, MCV30L, MCV31, MCV36, SV10, SV11, SV12, SV20, SV21, SV22, SV25, SV40, SV41, SV42, SV43, SXV10, SXV11, VCV10, VZV20, VZV21\n<li>Toyota Carina E, AT190, AT190L, AT191, AT191L, CT190, CT190L, ST191, ST191L\n<li>Toyota Carina ED, ST180, ST181, ST182, ST183, ST200, ST201, ST202, ST203, ST205\n<li>Toyota Carina II, AT171, AT177, CT170, CT177, ST171\n<li>Toyota Carina, AT170, AT170G, AT171, AT175, AT210, AT211, AT212, CT170, CT170G, CT176, CT210, CT211, CT215, CT216, ET176, ST170, ST170G, ST215\n<li>Toyota Celica, AT180, AT200, ST182, ST183, ST183C, ST184, ST185, ST202, ST202C, ST203, ST204, ST205\n<li>Toyota Century, GZG50, VG40, VG45\n<li>Toyota Chaser, GX100, GX105, GX71, GX81, JZX100, JZX101, JZX105, JZX81, LX100, LX70, LX80, MX71, MX83, SX100, SX70, SX80, YX70, YX72, YX80\n<li>Toyota Coaster, BB40, BB40R, BB42, BB43, BB46, BB50, BB55, BB58, BB59, BZB40, BZB50, HDB50, HDB51, HZB40, HZB41, HZB46, HZB50, HZB50L, HZB50R, HZB56, RZB40, RZB50, TRB40, TRB50, XZB50, XZB59\n<li>Toyota Corolla Axio, NKE165, NRE160, NZE141, NZE144, NZE161, NZE164, ZRE142, ZRE144, ZRE162\n<li>Toyota Corolla Ceres, AE100, AE101\n<li>Toyota Corolla FX, AE82\n<li>Toyota Corolla Fielder, CE121, CE121G, NKE165, NKE165G, NRE160, NZE120, NZE121, NZE121G, NZE124, NZE124G, NZE141, NZE141G, NZE144, NZE144G, NZE161, NZE161G, NZE164, NZE164G, ZRE142, ZRE142G, ZRE144, ZRE144G, ZRE162, ZRE162G, ZZE122, ZZE122G, ZZE123, ZZE123G, ZZE124, ZZE124G\n<li>Toyota Corolla II, AL20, AL21, EL30, EL31, EL41, EL43, EL45, EL51, EL53, EL55, NL30, NL40, NL50\n<li>Toyota Corolla Levin, AE100, AE101, AE110, AE111, AE85, AE86, AE91, AE92\n<li>Toyota Corolla Rumion, NZE151, NZE151N, ZRE152, ZRE152N, ZRE154, ZRE154N\n<li>Toyota Corolla Runx, NZE121, NZE124, ZZE122, ZZE123, ZZE124\n<li>Toyota Corolla Spacio, AE111, AE111N, AE115, AE115N, NZE121, NZE121N, ZZE122, ZZE122N, ZZE124, ZZE124N\n<li>Toyota Corolla Verso, CDE120, ZZE121, ZZE122\n<li>Toyota Corolla, ADE150, AE100, AE100G, AE101, AE101G, AE102, AE103, AE104, AE104G, AE109, AE109V, AE110, AE111, AE112, AE114, AE115, AE70, AE71, AE80, AE81, AE82, AE86, AE91, AE91G, AE92, AE95, AZE141, CDE110, CDE120, CE100, CE100G, CE101, CE101G, CE102, CE102G, CE104, CE105, CE105V, CE106, CE106V, CE107, CE107V, CE108, CE108G, CE109, CE109V, CE110, CE113, CE114, CE116, CE120, CE140, CE70, CE71, CE71V, CE72, CE80, CE90, CE95, CE96, CE96V, CE97, CE97G, EE100, EE101, EE102, EE102V, EE103, EE103V, EE104, EE104G, EE105, EE106, EE106V, EE107, EE107V, EE108, EE108G, EE110, EE111, EE80, EE90, EE96, EE96V, EE97, EE97G, EE98, EE98V, KE70, KE71, KE71V, KE72, KE72V, KE73, KE73G, KE74, NDE120, NDE150, NZE120, NZE121, NZE141, TE70, TE71, TE72, TE73, TE73V, TE74, TE74V, WZE110, ZRE120, ZRE142, ZRE151, ZRE152, ZZE110, ZZE111, ZZE112, ZZE120, ZZE120L, ZZE121, ZZE121L, ZZE122, ZZE123, ZZE123L, ZZE130, ZZE131, ZZE132, ZZE133, ZZE134, ZZE141, ZZE142, ZZE150\n<li>Toyota Corona Exiv, ST180, ST181, ST182, ST183, ST200, ST201, ST202, ST203, ST205\n<li>Toyota Corona, AT170, AT171, AT175, AT177, CT170, CT176, CT176V, CT177, ET176, ET176V, RT130, RT132, RT133, RT134, RT135, ST170, ST171, TT132, TT133, XT130\n<li>Toyota Corsa, AL20, AL21, AL25, EL30, EL31, EL41, EL43, EL45, EL51, EL53, EL55, NL30, NL40, NL50\n<li>Toyota Cressida, GX71, GX81, LX70, LX71, LX80, MX72, MX73, MX75, MX81, MX83, RX70, RX71, RX72, RX73, RX80, RX81, YX70, YX72\n<li>Toyota Cresta, GX100, GX105, GX71, GX81, JZX100, JZX101, JZX105, JZX81, LX100, LX70, LX80, MX71, MX83, SX70, SX80, YX80\n<li>Toyota Crown Majesta, GS141, GS151, JZS141, JZS143, JZS145, JZS147, JZS149, JZS151, JZS153, JZS155, JZS157, LS141, LS151, UZS141, UZS143, UZS145, UZS147, UZS151, UZS155, UZS157\n<li>Toyota Crown, GS120, GS120G, GS121, GS126, GS126V, GS131, GS131H, GS141, GS151, GS151H, JZS141, JZS143, JZS145, JZS147, JZS149, JZS151, JZS153, JZS155, JZS157, LS120, LS120G, LS126, LS126V, LS130, LS130G, LS130W, LS141, LS151, LS151H, MS120, MS123, MS125, MS132, MS133, MS135, UZS141, UZS143, UZS145, UZS147, UZS151, UZS155, UZS157, YS120, YS132\n<li>Toyota Curren, ST206, ST207, ST208\n<li>Toyota Cynos, EL44, EL52, EL52C, EL54, EL54C\n<li>Toyota Dyna, BU300, BU301, BU303, BU306, BU340, BU343, BU346, BU400, BU410, BU420, BU430, BZU300, BZU340, BZU410, KDY220, KDY221, KDY230, KDY231, KDY240, KDY241, KDY241V, KDY250, KDY251, KDY260, KDY261, KDY270, KDY271, KDY280, KDY281, KDY290, LY220, LY225, LY230, LY235, LY240, LY270, LY280, LY290, RZU300, RZU301, RZU340, RZY220, RZY230, RZY231, RZY281, TRU300, TRU300A, TRU340, TRY220, TRY230, TRY231, TRY281, WU300, WU302, WU340, WU342, WU410, WU412, WU420, WU422, XKU304, XKU308, XKU308H, XKU338, XKU344, XKU348, XKU414, XKU508, XKU508H, XKU700, XKU710, XKU720, XZC710, XZU300, XZU301, XZU302, XZU304, XZU304D, XZU304H, XZU305, XZU306, XZU307, XZU308, XZU311, XZU312, XZU314, XZU314D, XZU320, XZU321, XZU322, XZU324, XZU324D, XZU327, XZU330, XZU331, XZU334, XZU336, XZU337, XZU338, XZU340, XZU341, XZU342, XZU344, XZU345, XZU346, XZU347, XZU348, XZU350, XZU351, XZU351D, XZU352, XZU354, XZU354D, XZU362, XZU368, XZU368D, XZU371, XZU372, XZU378, XZU382, XZU388, XZU402, XZU404, XZU404A, XZU410, XZU411, XZU412, XZU413, XZU414, XZU415, XZU420, XZU422, XZU423, XZU424, XZU425, XZU430, XZU433, XZU434, XZU435, XZU700, XZU700A, XZU710, XZU720, XZU730, XZU775\n<li>Toyota EQ EV, KPJ10\n<li>Toyota Echo, NCP10, NCP11, NCP12, NCP12L, NCP13, SCP10\n<li>Toyota Estima Emina, CXR10, CXR10G, CXR11, CXR11G, TCR10, TCR10G, TCR11, TCR11G\n<li>Toyota Estima Lucida, CXR10, CXR10G, CXR11, CXR11G, TCR10, TCR10G, TCR11, TCR11G\n<li>Toyota Estima, ACR30, ACR30W, ACR50, ACR50W, ACR55, ACR55W, AHR10, AHR10W, AHR20, AHR20W, GSR50, GSR50W, GSR55, GSR55W, MCR30, MCR30W, TCR10, TCR10W, TCR11, TCR11W\n<li>Toyota FJ Cruiser, GSJ10, GSJ10W, GSJ15, GSJ15W\n<li>Toyota Fortuner, GGN50, GGN50L, GGN60, KUN50, KUN51, KUN51L, KUN60, KUN60L, KUN61, KUN61L, LAN50, TGN51, TGN51L, TGN61, TGN61L\n<li>Toyota Funcargo, NCP20, NCP21, NCP25\n<li>Toyota Gaia, ACM10, ACM10G, ACM15, ACM15G, CXM10, CXM10G, SXM10, SXM10G, SXM15, SXM15G\n<li>Toyota Grand Hiace, KCH10, KCH10W, KCH12, KCH16, KCH16W, RCH11, VCH10, VCH10W, VCH16, VCH16W\n<li>Toyota Granvia, KCH10, KCH10W, KCH12, KCH16, KCH16W, RCH11, RCH11W, VCH10, VCH10W, VCH16, VCH16W\n<li>Toyota Harrier, ACU10, ACU10W, ACU15, ACU15W, ACU30, ACU30W, ACU35, ACU35W, AVU65, AVU65W, GSU30, GSU30W, GSU31, GSU31W, GSU35, GSU35W, GSU36, GSU36W, MCU10, MCU10W, MCU15, MCU15W, MCU30, MCU30W, MCU31, MCU31W, MCU35, MCU35W, MCU36, MCU36W, MHU38, MHU38W, SXU10, SXU10W, SXU15, SXU15W, ZSU60, ZSU60W, ZSU65, ZSU65W\n<li>Toyota Hiace, KLH12, KLH18, KLH22, KLH28, LH102, LH102V, LH103, LH103V, LH104, LH105, LH108, LH112, LH113, LH113K, LH113V, LH114, LH115, LH118, LH125, LH162, LH162V, LH164, LH166, LH172, LH172K, LH172V, LH174, LH176, LH184, LXH12, LXH18, LXH22, LXH28, RCH12, RCH13, RCH18, RCH19, RCH22, RCH23, RCH28, RCH29, RZH102, RZH102V, RZH103, RZH104, RZH105, RZH109, RZH112, RZH112K, RZH112V, RZH113, RZH114, RZH115, RZH119, RZH125, RZH155<\/ul>\n<p><\/p>","protected":false},"excerpt":{"rendered":"<p><b>OEM:<\/b> 90189-06065, 9018906065<\/p>\n<p><b>Dimensiune F:<\/b> 13.7<br \/><b>Dimensiune H:<\/b> 19<br \/><b>Dimensiune T:<\/b> 20<\/p>\n","protected":false},"featured_media":8559,"template":"","meta":[],"product_cat":[25,105],"product_tag":[],"bundled_by":[],"bundle_stock_status":"instock","bundle_stock_quantity":null,"bundle_virtual":false,"bundle_layout":"","bundle_add_to_cart_form_location":"","bundle_editable_in_cart":false,"bundle_sold_individually_context":"","bundle_item_grouping":"","bundle_min_size":"","bundle_max_size":"","bundled_items":[],"yoast_head":"<!-- This site is optimized with the Yoast SEO Premium plugin v16.6 (Yoast SEO v20.1) - https:\/\/yoast.com\/wordpress\/plugins\/seo\/ -->\n<title>C1602 - Autoclipsuri, Inserturi - atg.md<\/title>\n<meta name=\"robots\" content=\"index, follow, max-snippet:-1, max-image-preview:large, max-video-preview:-1\" \/>\n<link rel=\"canonical\" href=\"https:\/\/atg.md\/ro\/catalog\/autoclipsuri\/vstavki\/c1602\/\" \/>\n<meta property=\"og:locale\" content=\"ro_RO\" \/>\n<meta property=\"og:type\" content=\"article\" \/>\n<meta property=\"og:title\" content=\"C1602 - Autoclipsuri, Inserturi - atg.md\" \/>\n<meta property=\"og:description\" content=\"OEM: 90189-06065, 9018906065Dimensiune F: 13.7Dimensiune H: 19Dimensiune T: 20\" \/>\n<meta property=\"og:url\" content=\"https:\/\/atg.md\/ro\/wp-json\/wp\/v2\/product\/8558\" \/>\n<meta property=\"og:site_name\" content=\"atg.md\" \/>\n<meta property=\"article:modified_time\" content=\"2024-07-05T07:09:10+00:00\" \/>\n<meta property=\"og:image\" content=\"https:\/\/atg.md\/wp-content\/uploads\/2021\/03\/c1602.jpg\" \/>\n\t<meta property=\"og:image:width\" content=\"600\" \/>\n\t<meta property=\"og:image:height\" content=\"600\" \/>\n\t<meta property=\"og:image:type\" content=\"image\/jpeg\" \/>\n<meta name=\"twitter:card\" content=\"summary_large_image\" \/>\n<meta name=\"twitter:label1\" content=\"Pre\u021b\" \/>\n\t<meta name=\"twitter:data1\" content=\"7.00&nbsp;MDL\" \/>\n\t<meta name=\"twitter:label2\" content=\"Availability\" \/>\n\t<meta name=\"twitter:data2\" content=\"In stock\" \/>\n<script type=\"application\/ld+json\" class=\"yoast-schema-graph\">{\"@context\":\"https:\/\/schema.org\",\"@graph\":[{\"@type\":\"WebPage\",\"@id\":\"https:\/\/atg.md\/ro\/catalog\/autoclipsuri\/vstavki\/c1602\/\",\"url\":\"https:\/\/atg.md\/ro\/catalog\/autoclipsuri\/vstavki\/c1602\/\",\"name\":\"C1602 - Autoclipsuri, Inserturi - atg.md\",\"isPartOf\":{\"@id\":\"https:\/\/atg.md\/ro\/#website\"},\"datePublished\":\"2021-03-30T09:16:20+00:00\",\"dateModified\":\"2024-07-05T07:09:10+00:00\",\"breadcrumb\":{\"@id\":\"https:\/\/atg.md\/ro\/catalog\/autoclipsuri\/vstavki\/c1602\/#breadcrumb\"},\"inLanguage\":\"ro-RO\",\"potentialAction\":[{\"@type\":\"ReadAction\",\"target\":[[\"https:\/\/atg.md\/ro\/catalog\/autoclipsuri\/vstavki\/c1602\/\"]]}]},{\"@type\":\"BreadcrumbList\",\"@id\":\"https:\/\/atg.md\/ro\/catalog\/autoclipsuri\/vstavki\/c1602\/#breadcrumb\",\"itemListElement\":[{\"@type\":\"ListItem\",\"position\":1,\"name\":\"Home\",\"item\":\"https:\/\/atg.md\/ro\/\"},{\"@type\":\"ListItem\",\"position\":2,\"name\":\"\u041a\u0430\u0442\u0430\u043b\u043e\u0433\",\"item\":\"https:\/\/atg.md\/ro\/catalog\/\"},{\"@type\":\"ListItem\",\"position\":3,\"name\":\"C1602\"}]},{\"@type\":\"WebSite\",\"@id\":\"https:\/\/atg.md\/ro\/#website\",\"url\":\"https:\/\/atg.md\/ro\/\",\"name\":\"atg.md\",\"description\":\"V\u00e2nzare de izola\u021bii \u00eempotriva vibra\u021biilor pentru ma\u0219ini, izola\u021bie termic\u0103, izolare fonic\u0103 de la cei mai buni produc\u0103tori, autoclipsuri, elemente de fixare auto. Cump\u0103ra\u021bi \u00een Moldova, Chi\u0219in\u0103u\",\"publisher\":{\"@id\":\"https:\/\/atg.md\/ro\/#organization\"},\"potentialAction\":[{\"@type\":\"SearchAction\",\"target\":{\"@type\":\"EntryPoint\",\"urlTemplate\":\"https:\/\/atg.md\/ro\/?s={search_term_string}\"},\"query-input\":\"required name=search_term_string\"}],\"inLanguage\":\"ro-RO\"},{\"@type\":[\"Organization\",\"Place\",\"AutoPartsStore\"],\"@id\":\"https:\/\/atg.md\/ro\/#organization\",\"name\":\"S.C. AUTOTOM GRUP S.R.L.\",\"url\":\"https:\/\/atg.md\/ro\/\",\"logo\":{\"@type\":\"ImageObject\",\"inLanguage\":\"ro-RO\",\"@id\":\"https:\/\/atg.md\/ro\/#\/schema\/logo\/image\/\",\"url\":\"https:\/\/i2.wp.com\/atg.md\/wp-content\/uploads\/2021\/05\/atg_logo_main.png?fit=656%2C569&ssl=1\",\"contentUrl\":\"https:\/\/i2.wp.com\/atg.md\/wp-content\/uploads\/2021\/05\/atg_logo_main.png?fit=656%2C569&ssl=1\",\"width\":656,\"height\":569,\"caption\":\"S.C. AUTOTOM GRUP S.R.L.\"},\"image\":{\"@id\":\"https:\/\/atg.md\/ro\/#\/schema\/logo\/image\/\"},\"location\":{\"@id\":\"https:\/\/atg.md\/ro\/catalog\/autoclipsuri\/vstavki\/c1602\/#local-place\"},\"address\":{\"@id\":\"https:\/\/atg.md\/ro\/catalog\/autoclipsuri\/vstavki\/c1602\/#local-place-address\"},\"email\":\"atgtvv@gmail.com\",\"telephone\":\"+37369644446\",\"areaServed\":\"Moldova\"},{\"@type\":\"Place\",\"@id\":\"https:\/\/atg.md\/ro\/catalog\/autoclipsuri\/vstavki\/c1602\/#local-place\",\"address\":{\"@type\":\"PostalAddress\",\"@id\":\"https:\/\/atg.md\/ro\/catalog\/autoclipsuri\/vstavki\/c1602\/#local-place-address\",\"streetAddress\":\"str. Alba-Iulia 77\/20\",\"addressLocality\":\"Chisinau\",\"postalCode\":\"2043\",\"addressRegion\":\"mun. Chisinau\",\"addressCountry\":\"MD\"},\"geo\":{\"@type\":\"GeoCoordinates\",\"latitude\":\"47.0376\",\"longitude\":\"28.76899\"},\"openingHoursSpecification\":[{\"@type\":\"OpeningHoursSpecification\",\"dayOfWeek\":[\"Monday\",\"Tuesday\",\"Wednesday\",\"Thursday\",\"Friday\"],\"opens\":\"09:00\",\"closes\":\"18:00\"},{\"@type\":\"OpeningHoursSpecification\",\"dayOfWeek\":[\"Saturday\"],\"opens\":\"09:00\",\"closes\":\"14:00\"},{\"@type\":\"OpeningHoursSpecification\",\"dayOfWeek\":[\"Sunday\"],\"opens\":\"00:00\",\"closes\":\"00:00\"}],\"telephone\":\"+37369644446\"}]}<\/script>\n<meta name=\"geo.placename\" content=\"Chisinau\" \/>\n<meta name=\"geo.position\" content=\"47.0376;28.76899\" \/>\n<meta name=\"geo.region\" content=\"Moldova\" \/>\n<!-- \/ Yoast SEO Premium plugin. -->","yoast_head_json":{"title":"C1602 - Autoclipsuri, Inserturi - atg.md","robots":{"index":"index","follow":"follow","max-snippet":"max-snippet:-1","max-image-preview":"max-image-preview:large","max-video-preview":"max-video-preview:-1"},"canonical":"https:\/\/atg.md\/ro\/catalog\/autoclipsuri\/vstavki\/c1602\/","og_locale":"ro_RO","og_type":"article","og_title":"C1602 - Autoclipsuri, Inserturi - atg.md","og_description":"OEM: 90189-06065, 9018906065Dimensiune F: 13.7Dimensiune H: 19Dimensiune T: 20","og_url":"https:\/\/atg.md\/ro\/wp-json\/wp\/v2\/product\/8558","og_site_name":"atg.md","article_modified_time":"2024-07-05T07:09:10+00:00","og_image":[{"width":600,"height":600,"url":"https:\/\/atg.md\/wp-content\/uploads\/2021\/03\/c1602.jpg","type":"image\/jpeg"}],"twitter_card":"summary_large_image","twitter_misc":{"Pre\u021b":"7.00&nbsp;MDL","Availability":"In stock"},"schema":{"@context":"https:\/\/schema.org","@graph":[{"@type":"WebPage","@id":"https:\/\/atg.md\/ro\/catalog\/autoclipsuri\/vstavki\/c1602\/","url":"https:\/\/atg.md\/ro\/catalog\/autoclipsuri\/vstavki\/c1602\/","name":"C1602 - Autoclipsuri, Inserturi - atg.md","isPartOf":{"@id":"https:\/\/atg.md\/ro\/#website"},"datePublished":"2021-03-30T09:16:20+00:00","dateModified":"2024-07-05T07:09:10+00:00","breadcrumb":{"@id":"https:\/\/atg.md\/ro\/catalog\/autoclipsuri\/vstavki\/c1602\/#breadcrumb"},"inLanguage":"ro-RO","potentialAction":[{"@type":"ReadAction","target":[["https:\/\/atg.md\/ro\/catalog\/autoclipsuri\/vstavki\/c1602\/"]]}]},{"@type":"BreadcrumbList","@id":"https:\/\/atg.md\/ro\/catalog\/autoclipsuri\/vstavki\/c1602\/#breadcrumb","itemListElement":[{"@type":"ListItem","position":1,"name":"Home","item":"https:\/\/atg.md\/ro\/"},{"@type":"ListItem","position":2,"name":"\u041a\u0430\u0442\u0430\u043b\u043e\u0433","item":"https:\/\/atg.md\/ro\/catalog\/"},{"@type":"ListItem","position":3,"name":"C1602"}]},{"@type":"WebSite","@id":"https:\/\/atg.md\/ro\/#website","url":"https:\/\/atg.md\/ro\/","name":"atg.md","description":"V\u00e2nzare de izola\u021bii \u00eempotriva vibra\u021biilor pentru ma\u0219ini, izola\u021bie termic\u0103, izolare fonic\u0103 de la cei mai buni produc\u0103tori, autoclipsuri, elemente de fixare auto. Cump\u0103ra\u021bi \u00een Moldova, Chi\u0219in\u0103u","publisher":{"@id":"https:\/\/atg.md\/ro\/#organization"},"potentialAction":[{"@type":"SearchAction","target":{"@type":"EntryPoint","urlTemplate":"https:\/\/atg.md\/ro\/?s={search_term_string}"},"query-input":"required name=search_term_string"}],"inLanguage":"ro-RO"},{"@type":["Organization","Place","AutoPartsStore"],"@id":"https:\/\/atg.md\/ro\/#organization","name":"S.C. AUTOTOM GRUP S.R.L.","url":"https:\/\/atg.md\/ro\/","logo":{"@type":"ImageObject","inLanguage":"ro-RO","@id":"https:\/\/atg.md\/ro\/#\/schema\/logo\/image\/","url":"https:\/\/i2.wp.com\/atg.md\/wp-content\/uploads\/2021\/05\/atg_logo_main.png?fit=656%2C569&ssl=1","contentUrl":"https:\/\/i2.wp.com\/atg.md\/wp-content\/uploads\/2021\/05\/atg_logo_main.png?fit=656%2C569&ssl=1","width":656,"height":569,"caption":"S.C. AUTOTOM GRUP S.R.L."},"image":{"@id":"https:\/\/atg.md\/ro\/#\/schema\/logo\/image\/"},"location":{"@id":"https:\/\/atg.md\/ro\/catalog\/autoclipsuri\/vstavki\/c1602\/#local-place"},"address":{"@id":"https:\/\/atg.md\/ro\/catalog\/autoclipsuri\/vstavki\/c1602\/#local-place-address"},"email":"atgtvv@gmail.com","telephone":"+37369644446","areaServed":"Moldova"},{"@type":"Place","@id":"https:\/\/atg.md\/ro\/catalog\/autoclipsuri\/vstavki\/c1602\/#local-place","address":{"@type":"PostalAddress","@id":"https:\/\/atg.md\/ro\/catalog\/autoclipsuri\/vstavki\/c1602\/#local-place-address","streetAddress":"str. Alba-Iulia 77\/20","addressLocality":"Chisinau","postalCode":"2043","addressRegion":"mun. Chisinau","addressCountry":"MD"},"geo":{"@type":"GeoCoordinates","latitude":"47.0376","longitude":"28.76899"},"openingHoursSpecification":[{"@type":"OpeningHoursSpecification","dayOfWeek":["Monday","Tuesday","Wednesday","Thursday","Friday"],"opens":"09:00","closes":"18:00"},{"@type":"OpeningHoursSpecification","dayOfWeek":["Saturday"],"opens":"09:00","closes":"14:00"},{"@type":"OpeningHoursSpecification","dayOfWeek":["Sunday"],"opens":"00:00","closes":"00:00"}],"telephone":"+37369644446"}]}},"_links":{"self":[{"href":"https:\/\/atg.md\/ro\/wp-json\/wp\/v2\/product\/8558"}],"collection":[{"href":"https:\/\/atg.md\/ro\/wp-json\/wp\/v2\/product"}],"about":[{"href":"https:\/\/atg.md\/ro\/wp-json\/wp\/v2\/types\/product"}],"wp:featuredmedia":[{"embeddable":true,"href":"https:\/\/atg.md\/ro\/wp-json\/wp\/v2\/media\/8559"}],"wp:attachment":[{"href":"https:\/\/atg.md\/ro\/wp-json\/wp\/v2\/media?parent=8558"}],"wp:term":[{"taxonomy":"product_cat","embeddable":true,"href":"https:\/\/atg.md\/ro\/wp-json\/wp\/v2\/product_cat?post=8558"},{"taxonomy":"product_tag","embeddable":true,"href":"https:\/\/atg.md\/ro\/wp-json\/wp\/v2\/product_tag?post=8558"}],"curies":[{"name":"wp","href":"https:\/\/api.w.org\/{rel}","templated":true}]}}