{"id":8418,"date":"2021-03-30T09:15:37","date_gmt":"2021-03-30T09:15:37","guid":{"rendered":"http:\/\/atg.md\/product\/c1522\/"},"modified":"2024-07-05T07:08:34","modified_gmt":"2024-07-05T07:08:34","slug":"c1522","status":"publish","type":"product","link":"https:\/\/atg.md\/ro\/catalog\/autoclipsuri\/vstavki\/c1522\/","title":{"rendered":"C1522"},"content":{"rendered":"<p><strong>Modele:<\/strong><\/p>\n<ul>\n<li>Mazda 121,\n<li>DB\n<li><\/li>\n<li>Mazda 323,\n<li>BA, BJ,<br \/>\nBJ143, BJ14F, BJ14L, BJ14M5, BJ14P, BJ14R, BJ14S<\/p>\n<li><\/li>\n<li>Mazda 323F,\n<li>BA\n<li><\/li>\n<li>Mazda 626,\n<li>GD, GE, GF,<br \/>\nGW<\/p>\n<li><\/li>\n<li>Mazda 929,\n<li>HC\n<li><\/li>\n<li>Mazda Atenza,\n<li>GG3P, GG3S,<br \/>\nGGEP, GGES, GH5AP, GH5AS, GH5AW, GH5FP, GH5FS, GH5FW, GHEFP, GHEFS, GHEFW, GY3W,<br \/>\nGYEW<\/p>\n<li><\/li>\n<li>Mazda Autozam AZ-3,\n<li>EC5S, EC5SA,<br \/>\nEC8S, ECPSA<\/p>\n<li><\/li>\n<li>Mazda Autozam Clef,\n<li>GE5PA,<br \/>\nGEEPA, GESRA<\/p>\n<li><\/li>\n<li>Mazda Axela,\n<li>BK3P, BK5P,<br \/>\nBKEP<\/p>\n<li><\/li>\n<li>Mazda Biante,\n<li>CC3FW,<br \/>\nCCEAW, CCEFW<\/p>\n<li><\/li>\n<li>Mazda Bongo Brawny,\n<li>SD, SD29M,<br \/>\nSD29T, SD2AM, SD2AT, SD59M, SD59T, SD5AM, SD5AT, SD89T, SDEAT, SK, SK24L,<br \/>\nSK24T, SK26L, SK26T, SK54L, SK54T, SK54V, SK56L, SK56M, SK56T, SK56V, SK5HM,<br \/>\nSK5HV, SKE4T, SKE6T, SKE6V, SKF6M, SKF6V, SKFHM, SKFHV, SL, SR, SR29V, SR2AM,<br \/>\nSR2AV, SR59V, SR5AM, SR5AV, SR89V, SRE9V, SRE9W, SREAM, SREAV, SRF9W, SRS9V,<br \/>\nSRSAV<\/p>\n<li><\/li>\n<li>Mazda Bongo,\n<li>SE28M,<br \/>\nSE28R, SE28T, SE48T, SE58T, SE88M, SE88T, SEF8T, SS28H, SS28M, SS28ME, SS28R,<br \/>\nSS28V, SS48V, SS58V, SS88H, SS88M, SS88R, SS88V, SS88W, SSE8R, SSE8W, SSE8WE,<br \/>\nSSF8R, SSF8RE, SSF8V, SSF8W, SSF8WE<\/p>\n<li><\/li>\n<li>Mazda CX-3,\n<li>DK, DK5AW,<br \/>\nDK5FW, DK8AW, DK8FW, DKEAW, DKEFW<\/p>\n<li><\/li>\n<li>Mazda CX-5,\n<li>KE, KE2AW,<br \/>\nKE2FW, KE5AW, KE5FW, KEEAW, KEEFW, KF, KF2P, KF5P, KFEP<\/p>\n<li><\/li>\n<li>Mazda CX-7,\n<li>ER, ER19,<br \/>\nER3P<\/p>\n<li><\/li>\n<li>Mazda CX-9,\n<li>TB, TC\n<li><\/li>\n<li>Mazda Capella,\n<li>CG2PP,<br \/>\nCG2SP, CG2SR, GC1412, GC2210, GC6P, GC8J, GC8P, GCEP, GCFJ, GCFP, GD6P, GD8A,<br \/>\nGD8B, GD8J, GD8P, GD8R, GD8S, GD8Y, GDEA, GDEB, GDEP, GDER, GDES, GDFJ, GDFP,<br \/>\nGF8P, GFEP, GFER, GFFP, GV8W, GVER, GVEW, GVFR, GVFW, GW5R, GW8W, GWER, GWEW,<br \/>\nGWFW<\/p>\n<li><\/li>\n<li>Mazda Carol,\n<li>AA5PA,<br \/>\nAA5RA, AA6PA, AA6RA<\/p>\n<li><\/li>\n<li>Mazda Cronos,\n<li>GE5P, GE8P,<br \/>\nGEEP, GEFP, GESR<\/p>\n<li><\/li>\n<li>Mazda Demio,\n<li>DE3AS,<br \/>\nDE3FS, DE5FS, DW, DW3W, DW5W<\/p>\n<li><\/li>\n<li>Mazda Efini MS-8,\n<li>MB5A, MB5P,<br \/>\nMBEP<\/p>\n<li><\/li>\n<li>Mazda Efini MS-9,\n<li>HD5S, HDES\n<li><\/li>\n<li>Mazda Etude,\n<li>BFMP, BFSP\n<li><\/li>\n<li>Mazda Eunos 300,\n<li>MA8PE, MAEPE\n<li><\/li>\n<li>Mazda Eunos 500,\n<li>CA8P, CA8PE,<br \/>\nCAEP, CAEPE, CAPP<\/p>\n<li><\/li>\n<li>Mazda Eunos 800,\n<li>TA3A, TA3P,<br \/>\nTA3Y, TA3Z, TA5A, TA5P, TA5Y, TA5Z<\/p>\n<li><\/li>\n<li>Mazda Eunos Cargo,\n<li>SE28ME,<br \/>\nSE58TE, SEF8TE, SS28ME, SS58VE, SSE8WE, SSF8RE, SSF8VE, SSF8WE<\/p>\n<li><\/li>\n<li>Mazda Eunos Cosmo,\n<li>EC5S, EC5SA,<br \/>\nEC8S, JC3SE, JCES, JCESE<\/p>\n<li><\/li>\n<li>Mazda Eunos Presso,\n<li><\/ul>\n<p><\/p>","protected":false},"excerpt":{"rendered":"<p><b>OEM:<\/b> 9991-00-506, 999100506<\/p>\n","protected":false},"featured_media":8419,"template":"","meta":[],"product_cat":[25,105],"product_tag":[],"bundled_by":[],"bundle_stock_status":"instock","bundle_stock_quantity":null,"bundle_virtual":false,"bundle_layout":"","bundle_add_to_cart_form_location":"","bundle_editable_in_cart":false,"bundle_sold_individually_context":"","bundle_item_grouping":"","bundle_min_size":"","bundle_max_size":"","bundled_items":[],"yoast_head":"<!-- This site is optimized with the Yoast SEO Premium plugin v16.6 (Yoast SEO v20.1) - https:\/\/yoast.com\/wordpress\/plugins\/seo\/ -->\n<title>C1522 - Autoclipsuri, Inserturi - atg.md<\/title>\n<meta name=\"robots\" content=\"index, follow, max-snippet:-1, max-image-preview:large, max-video-preview:-1\" \/>\n<link rel=\"canonical\" href=\"https:\/\/atg.md\/ro\/catalog\/autoclipsuri\/vstavki\/c1522\/\" \/>\n<meta property=\"og:locale\" content=\"ro_RO\" \/>\n<meta property=\"og:type\" content=\"article\" \/>\n<meta property=\"og:title\" content=\"C1522 - Autoclipsuri, Inserturi - atg.md\" \/>\n<meta property=\"og:description\" content=\"OEM: 9991-00-506, 999100506\" \/>\n<meta property=\"og:url\" content=\"https:\/\/atg.md\/ro\/wp-json\/wp\/v2\/product\/8418\" \/>\n<meta property=\"og:site_name\" content=\"atg.md\" \/>\n<meta property=\"article:modified_time\" content=\"2024-07-05T07:08:34+00:00\" \/>\n<meta property=\"og:image\" content=\"https:\/\/atg.md\/wp-content\/uploads\/2021\/03\/c1522.jpg\" \/>\n\t<meta property=\"og:image:width\" content=\"600\" \/>\n\t<meta property=\"og:image:height\" content=\"600\" \/>\n\t<meta property=\"og:image:type\" content=\"image\/jpeg\" \/>\n<meta name=\"twitter:card\" content=\"summary_large_image\" \/>\n<meta name=\"twitter:label1\" content=\"Pre\u021b\" \/>\n\t<meta name=\"twitter:data1\" content=\"8.00&nbsp;MDL\" \/>\n\t<meta name=\"twitter:label2\" content=\"Availability\" \/>\n\t<meta name=\"twitter:data2\" content=\"In stock\" \/>\n<script type=\"application\/ld+json\" class=\"yoast-schema-graph\">{\"@context\":\"https:\/\/schema.org\",\"@graph\":[{\"@type\":\"WebPage\",\"@id\":\"https:\/\/atg.md\/ro\/catalog\/autoclipsuri\/vstavki\/c1522\/\",\"url\":\"https:\/\/atg.md\/ro\/catalog\/autoclipsuri\/vstavki\/c1522\/\",\"name\":\"C1522 - Autoclipsuri, Inserturi - atg.md\",\"isPartOf\":{\"@id\":\"https:\/\/atg.md\/ro\/#website\"},\"datePublished\":\"2021-03-30T09:15:37+00:00\",\"dateModified\":\"2024-07-05T07:08:34+00:00\",\"breadcrumb\":{\"@id\":\"https:\/\/atg.md\/ro\/catalog\/autoclipsuri\/vstavki\/c1522\/#breadcrumb\"},\"inLanguage\":\"ro-RO\",\"potentialAction\":[{\"@type\":\"ReadAction\",\"target\":[[\"https:\/\/atg.md\/ro\/catalog\/autoclipsuri\/vstavki\/c1522\/\"]]}]},{\"@type\":\"BreadcrumbList\",\"@id\":\"https:\/\/atg.md\/ro\/catalog\/autoclipsuri\/vstavki\/c1522\/#breadcrumb\",\"itemListElement\":[{\"@type\":\"ListItem\",\"position\":1,\"name\":\"Home\",\"item\":\"https:\/\/atg.md\/ro\/\"},{\"@type\":\"ListItem\",\"position\":2,\"name\":\"\u041a\u0430\u0442\u0430\u043b\u043e\u0433\",\"item\":\"https:\/\/atg.md\/ro\/catalog\/\"},{\"@type\":\"ListItem\",\"position\":3,\"name\":\"C1522\"}]},{\"@type\":\"WebSite\",\"@id\":\"https:\/\/atg.md\/ro\/#website\",\"url\":\"https:\/\/atg.md\/ro\/\",\"name\":\"atg.md\",\"description\":\"V\u00e2nzare de izola\u021bii \u00eempotriva vibra\u021biilor pentru ma\u0219ini, izola\u021bie termic\u0103, izolare fonic\u0103 de la cei mai buni produc\u0103tori, autoclipsuri, elemente de fixare auto. Cump\u0103ra\u021bi \u00een Moldova, Chi\u0219in\u0103u\",\"publisher\":{\"@id\":\"https:\/\/atg.md\/ro\/#organization\"},\"potentialAction\":[{\"@type\":\"SearchAction\",\"target\":{\"@type\":\"EntryPoint\",\"urlTemplate\":\"https:\/\/atg.md\/ro\/?s={search_term_string}\"},\"query-input\":\"required name=search_term_string\"}],\"inLanguage\":\"ro-RO\"},{\"@type\":[\"Organization\",\"Place\",\"AutoPartsStore\"],\"@id\":\"https:\/\/atg.md\/ro\/#organization\",\"name\":\"S.C. AUTOTOM GRUP S.R.L.\",\"url\":\"https:\/\/atg.md\/ro\/\",\"logo\":{\"@type\":\"ImageObject\",\"inLanguage\":\"ro-RO\",\"@id\":\"https:\/\/atg.md\/ro\/#\/schema\/logo\/image\/\",\"url\":\"https:\/\/i2.wp.com\/atg.md\/wp-content\/uploads\/2021\/05\/atg_logo_main.png?fit=656%2C569&ssl=1\",\"contentUrl\":\"https:\/\/i2.wp.com\/atg.md\/wp-content\/uploads\/2021\/05\/atg_logo_main.png?fit=656%2C569&ssl=1\",\"width\":656,\"height\":569,\"caption\":\"S.C. AUTOTOM GRUP S.R.L.\"},\"image\":{\"@id\":\"https:\/\/atg.md\/ro\/#\/schema\/logo\/image\/\"},\"location\":{\"@id\":\"https:\/\/atg.md\/ro\/catalog\/autoclipsuri\/vstavki\/c1522\/#local-place\"},\"address\":{\"@id\":\"https:\/\/atg.md\/ro\/catalog\/autoclipsuri\/vstavki\/c1522\/#local-place-address\"},\"email\":\"atgtvv@gmail.com\",\"telephone\":\"+37369644446\",\"areaServed\":\"Moldova\"},{\"@type\":\"Place\",\"@id\":\"https:\/\/atg.md\/ro\/catalog\/autoclipsuri\/vstavki\/c1522\/#local-place\",\"address\":{\"@type\":\"PostalAddress\",\"@id\":\"https:\/\/atg.md\/ro\/catalog\/autoclipsuri\/vstavki\/c1522\/#local-place-address\",\"streetAddress\":\"str. Alba-Iulia 77\/20\",\"addressLocality\":\"Chisinau\",\"postalCode\":\"2043\",\"addressRegion\":\"mun. Chisinau\",\"addressCountry\":\"MD\"},\"geo\":{\"@type\":\"GeoCoordinates\",\"latitude\":\"47.0376\",\"longitude\":\"28.76899\"},\"openingHoursSpecification\":[{\"@type\":\"OpeningHoursSpecification\",\"dayOfWeek\":[\"Monday\",\"Tuesday\",\"Wednesday\",\"Thursday\",\"Friday\"],\"opens\":\"09:00\",\"closes\":\"18:00\"},{\"@type\":\"OpeningHoursSpecification\",\"dayOfWeek\":[\"Saturday\"],\"opens\":\"09:00\",\"closes\":\"14:00\"},{\"@type\":\"OpeningHoursSpecification\",\"dayOfWeek\":[\"Sunday\"],\"opens\":\"00:00\",\"closes\":\"00:00\"}],\"telephone\":\"+37369644446\"}]}<\/script>\n<meta name=\"geo.placename\" content=\"Chisinau\" \/>\n<meta name=\"geo.position\" content=\"47.0376;28.76899\" \/>\n<meta name=\"geo.region\" content=\"Moldova\" \/>\n<!-- \/ Yoast SEO Premium plugin. -->","yoast_head_json":{"title":"C1522 - Autoclipsuri, Inserturi - atg.md","robots":{"index":"index","follow":"follow","max-snippet":"max-snippet:-1","max-image-preview":"max-image-preview:large","max-video-preview":"max-video-preview:-1"},"canonical":"https:\/\/atg.md\/ro\/catalog\/autoclipsuri\/vstavki\/c1522\/","og_locale":"ro_RO","og_type":"article","og_title":"C1522 - Autoclipsuri, Inserturi - atg.md","og_description":"OEM: 9991-00-506, 999100506","og_url":"https:\/\/atg.md\/ro\/wp-json\/wp\/v2\/product\/8418","og_site_name":"atg.md","article_modified_time":"2024-07-05T07:08:34+00:00","og_image":[{"width":600,"height":600,"url":"https:\/\/atg.md\/wp-content\/uploads\/2021\/03\/c1522.jpg","type":"image\/jpeg"}],"twitter_card":"summary_large_image","twitter_misc":{"Pre\u021b":"8.00&nbsp;MDL","Availability":"In stock"},"schema":{"@context":"https:\/\/schema.org","@graph":[{"@type":"WebPage","@id":"https:\/\/atg.md\/ro\/catalog\/autoclipsuri\/vstavki\/c1522\/","url":"https:\/\/atg.md\/ro\/catalog\/autoclipsuri\/vstavki\/c1522\/","name":"C1522 - Autoclipsuri, Inserturi - atg.md","isPartOf":{"@id":"https:\/\/atg.md\/ro\/#website"},"datePublished":"2021-03-30T09:15:37+00:00","dateModified":"2024-07-05T07:08:34+00:00","breadcrumb":{"@id":"https:\/\/atg.md\/ro\/catalog\/autoclipsuri\/vstavki\/c1522\/#breadcrumb"},"inLanguage":"ro-RO","potentialAction":[{"@type":"ReadAction","target":[["https:\/\/atg.md\/ro\/catalog\/autoclipsuri\/vstavki\/c1522\/"]]}]},{"@type":"BreadcrumbList","@id":"https:\/\/atg.md\/ro\/catalog\/autoclipsuri\/vstavki\/c1522\/#breadcrumb","itemListElement":[{"@type":"ListItem","position":1,"name":"Home","item":"https:\/\/atg.md\/ro\/"},{"@type":"ListItem","position":2,"name":"\u041a\u0430\u0442\u0430\u043b\u043e\u0433","item":"https:\/\/atg.md\/ro\/catalog\/"},{"@type":"ListItem","position":3,"name":"C1522"}]},{"@type":"WebSite","@id":"https:\/\/atg.md\/ro\/#website","url":"https:\/\/atg.md\/ro\/","name":"atg.md","description":"V\u00e2nzare de izola\u021bii \u00eempotriva vibra\u021biilor pentru ma\u0219ini, izola\u021bie termic\u0103, izolare fonic\u0103 de la cei mai buni produc\u0103tori, autoclipsuri, elemente de fixare auto. Cump\u0103ra\u021bi \u00een Moldova, Chi\u0219in\u0103u","publisher":{"@id":"https:\/\/atg.md\/ro\/#organization"},"potentialAction":[{"@type":"SearchAction","target":{"@type":"EntryPoint","urlTemplate":"https:\/\/atg.md\/ro\/?s={search_term_string}"},"query-input":"required name=search_term_string"}],"inLanguage":"ro-RO"},{"@type":["Organization","Place","AutoPartsStore"],"@id":"https:\/\/atg.md\/ro\/#organization","name":"S.C. AUTOTOM GRUP S.R.L.","url":"https:\/\/atg.md\/ro\/","logo":{"@type":"ImageObject","inLanguage":"ro-RO","@id":"https:\/\/atg.md\/ro\/#\/schema\/logo\/image\/","url":"https:\/\/i2.wp.com\/atg.md\/wp-content\/uploads\/2021\/05\/atg_logo_main.png?fit=656%2C569&ssl=1","contentUrl":"https:\/\/i2.wp.com\/atg.md\/wp-content\/uploads\/2021\/05\/atg_logo_main.png?fit=656%2C569&ssl=1","width":656,"height":569,"caption":"S.C. AUTOTOM GRUP S.R.L."},"image":{"@id":"https:\/\/atg.md\/ro\/#\/schema\/logo\/image\/"},"location":{"@id":"https:\/\/atg.md\/ro\/catalog\/autoclipsuri\/vstavki\/c1522\/#local-place"},"address":{"@id":"https:\/\/atg.md\/ro\/catalog\/autoclipsuri\/vstavki\/c1522\/#local-place-address"},"email":"atgtvv@gmail.com","telephone":"+37369644446","areaServed":"Moldova"},{"@type":"Place","@id":"https:\/\/atg.md\/ro\/catalog\/autoclipsuri\/vstavki\/c1522\/#local-place","address":{"@type":"PostalAddress","@id":"https:\/\/atg.md\/ro\/catalog\/autoclipsuri\/vstavki\/c1522\/#local-place-address","streetAddress":"str. Alba-Iulia 77\/20","addressLocality":"Chisinau","postalCode":"2043","addressRegion":"mun. Chisinau","addressCountry":"MD"},"geo":{"@type":"GeoCoordinates","latitude":"47.0376","longitude":"28.76899"},"openingHoursSpecification":[{"@type":"OpeningHoursSpecification","dayOfWeek":["Monday","Tuesday","Wednesday","Thursday","Friday"],"opens":"09:00","closes":"18:00"},{"@type":"OpeningHoursSpecification","dayOfWeek":["Saturday"],"opens":"09:00","closes":"14:00"},{"@type":"OpeningHoursSpecification","dayOfWeek":["Sunday"],"opens":"00:00","closes":"00:00"}],"telephone":"+37369644446"}]}},"_links":{"self":[{"href":"https:\/\/atg.md\/ro\/wp-json\/wp\/v2\/product\/8418"}],"collection":[{"href":"https:\/\/atg.md\/ro\/wp-json\/wp\/v2\/product"}],"about":[{"href":"https:\/\/atg.md\/ro\/wp-json\/wp\/v2\/types\/product"}],"wp:featuredmedia":[{"embeddable":true,"href":"https:\/\/atg.md\/ro\/wp-json\/wp\/v2\/media\/8419"}],"wp:attachment":[{"href":"https:\/\/atg.md\/ro\/wp-json\/wp\/v2\/media?parent=8418"}],"wp:term":[{"taxonomy":"product_cat","embeddable":true,"href":"https:\/\/atg.md\/ro\/wp-json\/wp\/v2\/product_cat?post=8418"},{"taxonomy":"product_tag","embeddable":true,"href":"https:\/\/atg.md\/ro\/wp-json\/wp\/v2\/product_tag?post=8418"}],"curies":[{"name":"wp","href":"https:\/\/api.w.org\/{rel}","templated":true}]}}