{"id":8314,"date":"2021-03-30T09:14:53","date_gmt":"2021-03-30T09:14:53","guid":{"rendered":"http:\/\/atg.md\/product\/c1453\/"},"modified":"2024-07-05T07:08:07","modified_gmt":"2024-07-05T07:08:07","slug":"c1453","status":"publish","type":"product","link":"https:\/\/atg.md\/ro\/catalog\/autoclipsuri\/s-rezbovym-shtyrkom\/c1453\/","title":{"rendered":"C1453"},"content":{"rendered":"<p><strong>Modele:<\/strong><\/p>\n<ul>\n<li>\nMazda Savanna RX-7, FB3315, FB3316, FD3S, SA22C<\/li>\n<li>Mazda<br \/>\nTitan, WG5AT, WG61D, WG61H, WG61K, WG61T, WG64H, WG64T, WG67H, WG67T,<br \/>\nWG6AD, WG6AF, WG6AK, WG6AT, WGE1T, WGE4T, WGEAD, WGEAH, WGEAT, WGFAD, WGFAK,<br \/>\nWGFAT, WGJ4T, WGL4H, WGL4M, WGL4S, WGL4T, WGL7H, WGL7T, WGLAD, WGLAF, WGLAM,<br \/>\nWGLAN, WGLAT, WGM1D, WGM4H, WGM4S, WGM4T, WGM7H, WGM7T, WGMAD, WGMAF, WGSAT,<br \/>\nWGT1D, WGT4H, WGT4T, WGT7H, WGT7T, WGT7V, WGTAD, WGTAE, WGTAK, WGTAT, WGZ4T<\/p>\n<li>Lexus ES300,\n<li>MCV10, VCV10\n<li><\/li>\n<li>Lexus SC430,\n<li>UZZ40\n<li><\/li>\n<li>Mazda Savanna RX-7,\n<li>FB3315, FB3316, FD3S, SA22C\n<li><\/li>\n<li>Mazda Titan,\n<li>WG5AT, WG61D, WG61H, WG61K, WG61T, WG64H, WG64T, WG67H, WG67T, WG6AD,<br \/>\nWG6AF, WG6AK, WG6AT, WGE1T, WGE4T, WGEAD, WGEAH, WGEAT, WGFAD, WGFAK, WGFAT,<br \/>\nWGJ4T, WGL4H, WGL4M, WGL4S, WGL4T, WGL7H, WGL7T, WGLAD, WGLAF, WGLAM, WGLAN,<br \/>\nWGLAT, WGM1D, WGM4H, WGM4S, WGM4T, WGM7H, WGM7T, WGMAD, WGMAF, WGSAT, WGT1D,<br \/>\nWGT4H, WGT4T, WGT7H, WGT7T, WGT7V, WGTAD, WGTAE, WGTAK, WGTAT, WGZ4T<\/p>\n<li><\/li>\n<li>Opel Campo<\/li>\n<li>Opel Monterey<\/li>\n<li>Toyota Carina,\n<li>AT210, AT211, AT212, CT210, CT211, CT215, CT216, ST215\n<li><\/li>\n<li>Toyota Century,\n<li>GZG50\n<li><\/li>\n<li>Toyota Corolla Ceres,\n<li>AE100, AE101\n<li><\/li>\n<li>Toyota Corolla Levin,\n<li>AE100, AE101, AE110, AE111\n<li><\/li>\n<li>Toyota Corolla Spacio,\n<li>AE111, AE111N, AE115, AE115N\n<li><\/li>\n<li>Toyota Corolla,\n<li>AE100, AE100G, AE101, AE101G, AE102, CDE110, CE100, CE100G, EE100, EE101,<br \/>\nEE104, EE104G, EE105, EE108, EE108G, WZE110, ZZE111, ZZE112<\/p>\n<li><\/li>\n<li>Toyota Corona,\n<li>AT210, AT211, CT210, CT211, CT215, CT216, ST210, ST215\n<li><\/li>\n<li>Toyota Dyna,\n<li>BU100, BU101, BU102, BU105, BU107, BU110, BU111, BU112, BU120, BU122,<br \/>\nBU132, BU137, BU140, BU141, BU142, BU145, BU147, BU162, BU172, BU182, BU211,<br \/>\nBU212, BU221, BU222, LY100, LY101, LY102, LY111, LY112, LY121, LY122, LY131,<br \/>\nLY132, LY151, LY152, LY161, LY162, LY211, LY212, RZU100, XZU130, YU210, YY100,<br \/>\nYY101, YY121, YY131, YY211<\/p>\n<li><\/li>\n<li>Toyota Lite Ace Noah,\n<li>CR40, CR40G, CR41, CR42, KR41, KR42, SR40, SR40G\n<li><\/li>\n<li>Toyota MR2,\n<li>SW20, SW20L, SW21\n<li><\/li>\n<li>Toyota Soarer,\n<li>UZZ40\n<li><\/li>\n<li>Toyota Sprinter Marino,\n<li>AE100, AE101\n<li><\/li>\n<li>Toyota Sprinter Trueno,\n<li>AE100, AE101, AE110, AE111\n<li><\/li>\n<li>Toyota Town Ace Noah,\n<li>CR40, CR40G, CR41, CR42, KR41, KR42, SR40, SR40G\n<li><\/li>\n<li>Toyota ToyoAce,\n<li>BU100, BU102, BU105, BU107, BU112, BU120, BU122, BU132, BU137, BU140,<br \/>\nBU142, BU145, BU147, BU162, BU172, BU182, LY101, LY102, LY111, LY112, LY121,<br \/>\nLY122, LY131, LY132, LY151, LY152, LY161, LY162, RZU100, XZU130, YY101, YY121,<br \/>\nYY131<\/li>\n<li>Toyota<br \/>\nWindom, <\/p>\n<li>VCV10, VCV11<\/li>\n<\/ul>\n<p><\/p>","protected":false},"excerpt":{"rendered":"<p class=\"qtranxs-available-languages-message qtranxs-available-languages-message-ro\">Din p\u0103cate acest articol este disponibil doar \u00een <a href=\"https:\/\/atg.md\/ru\/wp-json\/wp\/v2\/product\/8314\" class=\"qtranxs-available-language-link qtranxs-available-language-link-ru\" title=\"\u0420\u0443\u0441\u0441\u043a\u0438\u0439\">Rus\u0103<\/a>.<\/p>\n<p><!-- \u041a\u043b\u0438\u043f\u0441\u0430 Toyota Lexus Mazda Opel 904670707222 N30413356A --><\/p>\n","protected":false},"featured_media":8315,"template":"","meta":[],"product_cat":[25,90],"product_tag":[],"bundled_by":[],"bundle_stock_status":"instock","bundle_stock_quantity":null,"bundle_virtual":false,"bundle_layout":"","bundle_add_to_cart_form_location":"","bundle_editable_in_cart":false,"bundle_sold_individually_context":"","bundle_item_grouping":"","bundle_min_size":"","bundle_max_size":"","bundled_items":[],"yoast_head":"<!-- This site is optimized with the Yoast SEO Premium plugin v16.6 (Yoast SEO v20.1) - https:\/\/yoast.com\/wordpress\/plugins\/seo\/ -->\n<title>C1453 - Autoclipsuri, Cu un ac filetat - atg.md<\/title>\n<meta name=\"robots\" content=\"index, follow, max-snippet:-1, max-image-preview:large, max-video-preview:-1\" \/>\n<link rel=\"canonical\" href=\"https:\/\/atg.md\/ro\/catalog\/autoclipsuri\/s-rezbovym-shtyrkom\/c1453\/\" \/>\n<meta property=\"og:locale\" content=\"ro_RO\" \/>\n<meta property=\"og:type\" content=\"article\" \/>\n<meta property=\"og:title\" content=\"C1453 - Autoclipsuri, Cu un ac filetat - atg.md\" \/>\n<meta property=\"og:url\" content=\"https:\/\/atg.md\/ro\/wp-json\/wp\/v2\/product\/8314\" \/>\n<meta property=\"og:site_name\" content=\"atg.md\" \/>\n<meta property=\"article:modified_time\" content=\"2024-07-05T07:08:07+00:00\" \/>\n<meta property=\"og:image\" content=\"https:\/\/atg.md\/wp-content\/uploads\/2021\/03\/c1453.jpg\" \/>\n\t<meta property=\"og:image:width\" content=\"600\" \/>\n\t<meta property=\"og:image:height\" content=\"600\" \/>\n\t<meta property=\"og:image:type\" content=\"image\/jpeg\" \/>\n<meta name=\"twitter:card\" content=\"summary_large_image\" \/>\n<meta name=\"twitter:label1\" content=\"Pre\u021b\" \/>\n\t<meta name=\"twitter:data1\" content=\"7.00&nbsp;MDL\" \/>\n\t<meta name=\"twitter:label2\" content=\"Availability\" \/>\n\t<meta name=\"twitter:data2\" content=\"In stock\" \/>\n<script type=\"application\/ld+json\" class=\"yoast-schema-graph\">{\"@context\":\"https:\/\/schema.org\",\"@graph\":[{\"@type\":\"WebPage\",\"@id\":\"https:\/\/atg.md\/ro\/catalog\/autoclipsuri\/s-rezbovym-shtyrkom\/c1453\/\",\"url\":\"https:\/\/atg.md\/ro\/catalog\/autoclipsuri\/s-rezbovym-shtyrkom\/c1453\/\",\"name\":\"C1453 - Autoclipsuri, Cu un ac filetat - atg.md\",\"isPartOf\":{\"@id\":\"https:\/\/atg.md\/ro\/#website\"},\"datePublished\":\"2021-03-30T09:14:53+00:00\",\"dateModified\":\"2024-07-05T07:08:07+00:00\",\"breadcrumb\":{\"@id\":\"https:\/\/atg.md\/ro\/catalog\/autoclipsuri\/s-rezbovym-shtyrkom\/c1453\/#breadcrumb\"},\"inLanguage\":\"ro-RO\",\"potentialAction\":[{\"@type\":\"ReadAction\",\"target\":[[\"https:\/\/atg.md\/ro\/catalog\/autoclipsuri\/s-rezbovym-shtyrkom\/c1453\/\"]]}]},{\"@type\":\"BreadcrumbList\",\"@id\":\"https:\/\/atg.md\/ro\/catalog\/autoclipsuri\/s-rezbovym-shtyrkom\/c1453\/#breadcrumb\",\"itemListElement\":[{\"@type\":\"ListItem\",\"position\":1,\"name\":\"Home\",\"item\":\"https:\/\/atg.md\/ro\/\"},{\"@type\":\"ListItem\",\"position\":2,\"name\":\"\u041a\u0430\u0442\u0430\u043b\u043e\u0433\",\"item\":\"https:\/\/atg.md\/ro\/catalog\/\"},{\"@type\":\"ListItem\",\"position\":3,\"name\":\"C1453\"}]},{\"@type\":\"WebSite\",\"@id\":\"https:\/\/atg.md\/ro\/#website\",\"url\":\"https:\/\/atg.md\/ro\/\",\"name\":\"atg.md\",\"description\":\"V\u00e2nzare de izola\u021bii \u00eempotriva vibra\u021biilor pentru ma\u0219ini, izola\u021bie termic\u0103, izolare fonic\u0103 de la cei mai buni produc\u0103tori, autoclipsuri, elemente de fixare auto. Cump\u0103ra\u021bi \u00een Moldova, Chi\u0219in\u0103u\",\"publisher\":{\"@id\":\"https:\/\/atg.md\/ro\/#organization\"},\"potentialAction\":[{\"@type\":\"SearchAction\",\"target\":{\"@type\":\"EntryPoint\",\"urlTemplate\":\"https:\/\/atg.md\/ro\/?s={search_term_string}\"},\"query-input\":\"required name=search_term_string\"}],\"inLanguage\":\"ro-RO\"},{\"@type\":[\"Organization\",\"Place\",\"AutoPartsStore\"],\"@id\":\"https:\/\/atg.md\/ro\/#organization\",\"name\":\"S.C. AUTOTOM GRUP S.R.L.\",\"url\":\"https:\/\/atg.md\/ro\/\",\"logo\":{\"@type\":\"ImageObject\",\"inLanguage\":\"ro-RO\",\"@id\":\"https:\/\/atg.md\/ro\/#\/schema\/logo\/image\/\",\"url\":\"https:\/\/i2.wp.com\/atg.md\/wp-content\/uploads\/2021\/05\/atg_logo_main.png?fit=656%2C569&ssl=1\",\"contentUrl\":\"https:\/\/i2.wp.com\/atg.md\/wp-content\/uploads\/2021\/05\/atg_logo_main.png?fit=656%2C569&ssl=1\",\"width\":656,\"height\":569,\"caption\":\"S.C. AUTOTOM GRUP S.R.L.\"},\"image\":{\"@id\":\"https:\/\/atg.md\/ro\/#\/schema\/logo\/image\/\"},\"location\":{\"@id\":\"https:\/\/atg.md\/ro\/catalog\/autoclipsuri\/s-rezbovym-shtyrkom\/c1453\/#local-place\"},\"address\":{\"@id\":\"https:\/\/atg.md\/ro\/catalog\/autoclipsuri\/s-rezbovym-shtyrkom\/c1453\/#local-place-address\"},\"email\":\"atgtvv@gmail.com\",\"telephone\":\"+37369644446\",\"areaServed\":\"Moldova\"},{\"@type\":\"Place\",\"@id\":\"https:\/\/atg.md\/ro\/catalog\/autoclipsuri\/s-rezbovym-shtyrkom\/c1453\/#local-place\",\"address\":{\"@type\":\"PostalAddress\",\"@id\":\"https:\/\/atg.md\/ro\/catalog\/autoclipsuri\/s-rezbovym-shtyrkom\/c1453\/#local-place-address\",\"streetAddress\":\"str. Alba-Iulia 77\/20\",\"addressLocality\":\"Chisinau\",\"postalCode\":\"2043\",\"addressRegion\":\"mun. Chisinau\",\"addressCountry\":\"MD\"},\"geo\":{\"@type\":\"GeoCoordinates\",\"latitude\":\"47.0376\",\"longitude\":\"28.76899\"},\"openingHoursSpecification\":[{\"@type\":\"OpeningHoursSpecification\",\"dayOfWeek\":[\"Monday\",\"Tuesday\",\"Wednesday\",\"Thursday\",\"Friday\"],\"opens\":\"09:00\",\"closes\":\"18:00\"},{\"@type\":\"OpeningHoursSpecification\",\"dayOfWeek\":[\"Saturday\"],\"opens\":\"09:00\",\"closes\":\"14:00\"},{\"@type\":\"OpeningHoursSpecification\",\"dayOfWeek\":[\"Sunday\"],\"opens\":\"00:00\",\"closes\":\"00:00\"}],\"telephone\":\"+37369644446\"}]}<\/script>\n<meta name=\"geo.placename\" content=\"Chisinau\" \/>\n<meta name=\"geo.position\" content=\"47.0376;28.76899\" \/>\n<meta name=\"geo.region\" content=\"Moldova\" \/>\n<!-- \/ Yoast SEO Premium plugin. -->","yoast_head_json":{"title":"C1453 - Autoclipsuri, Cu un ac filetat - atg.md","robots":{"index":"index","follow":"follow","max-snippet":"max-snippet:-1","max-image-preview":"max-image-preview:large","max-video-preview":"max-video-preview:-1"},"canonical":"https:\/\/atg.md\/ro\/catalog\/autoclipsuri\/s-rezbovym-shtyrkom\/c1453\/","og_locale":"ro_RO","og_type":"article","og_title":"C1453 - Autoclipsuri, Cu un ac filetat - atg.md","og_url":"https:\/\/atg.md\/ro\/wp-json\/wp\/v2\/product\/8314","og_site_name":"atg.md","article_modified_time":"2024-07-05T07:08:07+00:00","og_image":[{"width":600,"height":600,"url":"https:\/\/atg.md\/wp-content\/uploads\/2021\/03\/c1453.jpg","type":"image\/jpeg"}],"twitter_card":"summary_large_image","twitter_misc":{"Pre\u021b":"7.00&nbsp;MDL","Availability":"In stock"},"schema":{"@context":"https:\/\/schema.org","@graph":[{"@type":"WebPage","@id":"https:\/\/atg.md\/ro\/catalog\/autoclipsuri\/s-rezbovym-shtyrkom\/c1453\/","url":"https:\/\/atg.md\/ro\/catalog\/autoclipsuri\/s-rezbovym-shtyrkom\/c1453\/","name":"C1453 - Autoclipsuri, Cu un ac filetat - atg.md","isPartOf":{"@id":"https:\/\/atg.md\/ro\/#website"},"datePublished":"2021-03-30T09:14:53+00:00","dateModified":"2024-07-05T07:08:07+00:00","breadcrumb":{"@id":"https:\/\/atg.md\/ro\/catalog\/autoclipsuri\/s-rezbovym-shtyrkom\/c1453\/#breadcrumb"},"inLanguage":"ro-RO","potentialAction":[{"@type":"ReadAction","target":[["https:\/\/atg.md\/ro\/catalog\/autoclipsuri\/s-rezbovym-shtyrkom\/c1453\/"]]}]},{"@type":"BreadcrumbList","@id":"https:\/\/atg.md\/ro\/catalog\/autoclipsuri\/s-rezbovym-shtyrkom\/c1453\/#breadcrumb","itemListElement":[{"@type":"ListItem","position":1,"name":"Home","item":"https:\/\/atg.md\/ro\/"},{"@type":"ListItem","position":2,"name":"\u041a\u0430\u0442\u0430\u043b\u043e\u0433","item":"https:\/\/atg.md\/ro\/catalog\/"},{"@type":"ListItem","position":3,"name":"C1453"}]},{"@type":"WebSite","@id":"https:\/\/atg.md\/ro\/#website","url":"https:\/\/atg.md\/ro\/","name":"atg.md","description":"V\u00e2nzare de izola\u021bii \u00eempotriva vibra\u021biilor pentru ma\u0219ini, izola\u021bie termic\u0103, izolare fonic\u0103 de la cei mai buni produc\u0103tori, autoclipsuri, elemente de fixare auto. Cump\u0103ra\u021bi \u00een Moldova, Chi\u0219in\u0103u","publisher":{"@id":"https:\/\/atg.md\/ro\/#organization"},"potentialAction":[{"@type":"SearchAction","target":{"@type":"EntryPoint","urlTemplate":"https:\/\/atg.md\/ro\/?s={search_term_string}"},"query-input":"required name=search_term_string"}],"inLanguage":"ro-RO"},{"@type":["Organization","Place","AutoPartsStore"],"@id":"https:\/\/atg.md\/ro\/#organization","name":"S.C. AUTOTOM GRUP S.R.L.","url":"https:\/\/atg.md\/ro\/","logo":{"@type":"ImageObject","inLanguage":"ro-RO","@id":"https:\/\/atg.md\/ro\/#\/schema\/logo\/image\/","url":"https:\/\/i2.wp.com\/atg.md\/wp-content\/uploads\/2021\/05\/atg_logo_main.png?fit=656%2C569&ssl=1","contentUrl":"https:\/\/i2.wp.com\/atg.md\/wp-content\/uploads\/2021\/05\/atg_logo_main.png?fit=656%2C569&ssl=1","width":656,"height":569,"caption":"S.C. AUTOTOM GRUP S.R.L."},"image":{"@id":"https:\/\/atg.md\/ro\/#\/schema\/logo\/image\/"},"location":{"@id":"https:\/\/atg.md\/ro\/catalog\/autoclipsuri\/s-rezbovym-shtyrkom\/c1453\/#local-place"},"address":{"@id":"https:\/\/atg.md\/ro\/catalog\/autoclipsuri\/s-rezbovym-shtyrkom\/c1453\/#local-place-address"},"email":"atgtvv@gmail.com","telephone":"+37369644446","areaServed":"Moldova"},{"@type":"Place","@id":"https:\/\/atg.md\/ro\/catalog\/autoclipsuri\/s-rezbovym-shtyrkom\/c1453\/#local-place","address":{"@type":"PostalAddress","@id":"https:\/\/atg.md\/ro\/catalog\/autoclipsuri\/s-rezbovym-shtyrkom\/c1453\/#local-place-address","streetAddress":"str. Alba-Iulia 77\/20","addressLocality":"Chisinau","postalCode":"2043","addressRegion":"mun. Chisinau","addressCountry":"MD"},"geo":{"@type":"GeoCoordinates","latitude":"47.0376","longitude":"28.76899"},"openingHoursSpecification":[{"@type":"OpeningHoursSpecification","dayOfWeek":["Monday","Tuesday","Wednesday","Thursday","Friday"],"opens":"09:00","closes":"18:00"},{"@type":"OpeningHoursSpecification","dayOfWeek":["Saturday"],"opens":"09:00","closes":"14:00"},{"@type":"OpeningHoursSpecification","dayOfWeek":["Sunday"],"opens":"00:00","closes":"00:00"}],"telephone":"+37369644446"}]}},"_links":{"self":[{"href":"https:\/\/atg.md\/ro\/wp-json\/wp\/v2\/product\/8314"}],"collection":[{"href":"https:\/\/atg.md\/ro\/wp-json\/wp\/v2\/product"}],"about":[{"href":"https:\/\/atg.md\/ro\/wp-json\/wp\/v2\/types\/product"}],"wp:featuredmedia":[{"embeddable":true,"href":"https:\/\/atg.md\/ro\/wp-json\/wp\/v2\/media\/8315"}],"wp:attachment":[{"href":"https:\/\/atg.md\/ro\/wp-json\/wp\/v2\/media?parent=8314"}],"wp:term":[{"taxonomy":"product_cat","embeddable":true,"href":"https:\/\/atg.md\/ro\/wp-json\/wp\/v2\/product_cat?post=8314"},{"taxonomy":"product_tag","embeddable":true,"href":"https:\/\/atg.md\/ro\/wp-json\/wp\/v2\/product_tag?post=8314"}],"curies":[{"name":"wp","href":"https:\/\/api.w.org\/{rel}","templated":true}]}}