{"id":8298,"date":"2021-03-30T09:14:53","date_gmt":"2021-03-30T09:14:53","guid":{"rendered":"http:\/\/atg.md\/product\/c1445\/"},"modified":"2024-07-05T07:08:04","modified_gmt":"2024-07-05T07:08:04","slug":"c1445","status":"publish","type":"product","link":"https:\/\/atg.md\/ro\/catalog\/autoclipsuri\/s-rezbovym-shtyrkom\/c1445\/","title":{"rendered":"C1445"},"content":{"rendered":"<p><strong>Modele:<\/strong><\/p>\n<ul>\n<li>\nKia Avella<\/li>\n<li>Kia Capital<\/li>\n<li>Kia Carens<\/li>\n<li>Kia Carnival<\/li>\n<li>Kia Mentor<\/li>\n<li>Kia Retona<\/li>\n<li>Kia Rio<\/li>\n<li>Kia Sedona<\/li>\n<li>Kia Sephia<\/li>\n<li>Kia Shuma<\/li>\n<li>Kia Sorento<\/li>\n<li>Kia Spectra<\/li>\n<li>Kia Sportage<\/li>\n<li>Kia X-Trek<\/li>\n<li>Hyundai Excel<\/li>\n<li>Hyundai Pony<\/li>\n<li>Mitsubishi 1\/2T Truck, V16B<\/li>\n<li>Mitsubishi ASX, GA1W, GA2W, GA3W, GA4W, GA6W,<br \/>\nGA7W, GA8W<\/li>\n<li>Mitsubishi Airtrek, CU2W, CU4W, CU5W<\/li>\n<li>Mitsubishi Aspire, EA1A, EA3A, EA7A, EC1A, EC3A,<br \/>\nEC5A, EC7A<\/li>\n<li>Mitsubishi Bravo, U41T, U41TP, U41V, U42T, U42V,<br \/>\nU43V, U44V<\/li>\n<li>Mitsubishi Carisma, DA1A, DA2A, DA4A, DA5A, DA6A<\/li>\n<li>Mitsubishi Challenger, K99W<\/li>\n<li>Mitsubishi Chariot Grandis, N84W, N86W, N94W,<br \/>\nN96W<\/li>\n<li>Mitsubishi Chariot, D02W, D03W, D04W, D05V, D05W,<br \/>\nD08W, D09V, D09W, N31W, N33W, N34W, N35W, N38W, N41W, N43W, N44W, N48W, N83W,<br \/>\nN84W, N94W<\/li>\n<li>Mitsubishi Colt Plus, Z21A, Z21W, Z22A, Z22W,<br \/>\nZ23A, Z23W, Z24A, Z24W, Z25A, Z26A, Z27A, Z27AG, Z27W, Z27WG, Z28A<\/li>\n<li>Mitsubishi Colt, C11A, C12A, C13A, C14A, C15A,<br \/>\nC51A, C52A, C53A, C54A, C58A, C61A, C62A, C64A, C66A, C67A, C68A, C69A, C76A,<br \/>\nC77A, CA1A, CA2A, CA4A, CA5A, CB1A, CB2A, CB3A, CB4A, CB5A, CB8A, CC4A, CD4A,<br \/>\nCJ1A, CJ2A, CJ4A, CJ5A, CK1A, CK2A, CK4A, CK5A, CN9A, CP9A, Z21A, Z21W, Z22A,<br \/>\nZ22W, Z23A, Z23W, Z24A, Z24W, Z25A, Z26A, Z27A, Z27AG, Z27W, Z27WG, Z28A, Z31A,<br \/>\nZ32A, Z33A, Z34A, Z35A, Z36A, Z37A, Z38A, Z39A, Z39V<\/li>\n<li>Mitsubishi Debonair, S11A, S12A, S12AG, S22A,<br \/>\nS26A, S27A<\/li>\n<li>Mitsubishi Delica D5, CV1W, CV2W, CV4W, CV5W<\/li>\n<li>Mitsubishi Delica, CV5W, P01V, P02T, P02V, P03V,<br \/>\nP03W, P04V, P04W, P05T, P05V, P05W, P06V, P07V, P12V, P13T, P13V, P15T, P15V,<br \/>\nP15W, P17V, P23V, P23W, P24W, P25T, P25V, P25W, P27V, P35W, P45V, PA3V, PA3W,<br \/>\nPA4W, PA5V, PA5W, PB3V, PB4V, PB4W, PB5V, PB5W, PB6W, PC3W, PC4W, PC5W, PD3W,<br \/>\nPD4V, PD4W, PD5V, PD5W, PD6W, PD8W, PE8W, PF6W, PF8W<\/li>\n<li>Mitsubishi Diamante, F07W, F11A, F13A, F15A, F17A,<br \/>\nF25A, F27A, F31A, F31AK, F34A, F36A, F36W, F38A, F41A, F46A, F47A<\/li>\n<li>Mitsubishi Dignity, S32A, S33A, S43A<\/li>\n<li>Mitsubishi Dingo, CQ1A, CQ2A, CQ5A<\/li>\n<li>Mitsubishi Dion, CR5W, CR6W, CR9W<\/li>\n<li>Mitsubishi Eclipse, D21A, D22A, D27A, D52A, D53A,<br \/>\nDK2A, DK4A<\/li>\n<li>Mitsubishi Emeraude, E52A, E53A, E54A, E57A,<br \/>\nE64A, E72A, E74A, E77A, E84A<\/li>\n<li>Mitsubishi Endeavor, D71W, D81W<\/li>\n<li>Mitsubishi Eterna, E12A, E13A, E14A, E15A, E16A,<br \/>\nE17A, E18A, E32A, E33A, E34A, E35A, E37A, E39A, E52A, E53A, E54A, E57A, E64A,<br \/>\nE72A, E74A, E77A, E84A<\/li>\n<li>Mitsubishi FTO, DE2A, DE3A<\/li>\n<li>Mitsubishi GTO, Z11A, Z15A, Z16A<\/li>\n<li>Mitsubishi Galant Fortis, CX3A, CX4A, CX6A, CY3A,<br \/>\nCY4A, CY6A, CZ4A<\/li>\n<li>Mitsubishi Galant, DJ1A, DJ3A, DJ5A, DM1A, E11A,<br \/>\nE12A, E12AR, E13A, E14A, E14AR, E15A, E15AK, E16A, E17A, E18A, E19A, E31A,<br \/>\nE32A, E32AR, E33A, E34A, E34AR, E35A, E37A, E38A, E39A, E52A, E53A, E54A, E55A,<br \/>\nE56A, E57A, E64A, E72A, E74A, E75A, E77A, E84A, E88A, EA1A, EA2A, EA2W, EA3A,<br \/>\nEA3W, EA4A, EA5A, EA5W, EA6A, EA6W, EA7A, EA8A, EC1A, EC3A, EC5A, EC7A<\/li>\n<li>Mitsubishi Grandis, NA4W, NA8W<\/li>\n<li>Mitsubishi L200, K01T, K02T, K03T, K04T, K11T,<br \/>\nK12T, K13T, K14T, K15T, K22T, K24T, K32T, K34T, K35T, K62T, K64T, K65T, K66T,<br \/>\nK67T, K72T, K74T, K75T, K76T, K77T, KA4T, KA5T, KA9T, KB4T, KB5T, KB7T, KB8T,<br \/>\nKB9T, KJ3T, KJ4T, KK1T, KK2T, KK3T, KK4T, KL1T, KL2T, KL3T, KL4T<\/li>\n<li>Mitsubishi L300 Truck, P13T, P15T<\/li>\n<li>Mitsubishi L300, P01V, P01W, P02V, P02W, P03V,<br \/>\nP03W, P04V, P04W, P05V, P05W, P06V, P12V, P12W, P13V, P13W, P14V, P14W, P15V,<br \/>\nP15W, P16V, P23V, P23W, P24V, P24W, P25V, P25W, P45V<\/li>\n<li>Mitsubishi L400, PA3V, PA3W, PA4W, PA5V, PA5W,<br \/>\nPB3V, PB4V, PB5V, PC3W, PC5W, PD3W, PD4V, PD4W, PD5V, PD5W<\/li>\n<li>Mitsubishi Lancer Cedia, CS2A, CS2V, CS2W, CS5A,<br \/>\nCS5AR, CS5AZ, CS5W, CS6A, CT9A, CT9W<\/li>\n<li>Mitsubishi Lancer Evolution, CY3A, CY4A, CY6A,<br \/>\nCZ4A<\/li>\n<li>Mitsubishi Lancer, C11A, C11V, C12A, C12V, C12W,<br \/>\nC13A, C14A, C14V, C14W, C18A, C32V, C34V, C34W, C37V, C37W, C61A, C62A, C63A,<br \/>\nC64A, C72A, C73A, C74A, CA1A, CA2A, CA3A, CA4A, CA5A, CB1A, CB1W, CB2A, CB2W,<br \/>\nCB3A, CB4A, CB4W, CB5A, CB5AR, CB5W, CB6A, CB7A, CB8A, CB8AR, CB8W, CC3A, CC4A,<br \/>\nCD3A, CD4W, CD5A, CD7A, CD8A, CD9A, CE9A, CJ1A, CJ2A, CJ4A, CK1A, CK2A, CK4A,<br \/>\nCK5AR, CK6A, CK8A, CK8AR, CL2A, CM2A, CM5A, CM8A, CN9A, CP9A, CS1A, CS2A, CS2V,<br \/>\nCS2W, CS3A, CS3W, CS5A, CS5AR, CS5AZ, CS5W, CS6A, CS6W, CS7A, CS7W, CS9A, CS9W,<br \/>\nCT9A, CT9W, CX1A, CX2A, CX3A, CX4A, CX5A, CX6A, CX8A, CX9A, CY1A, CY2A, CY3A,<br \/>\nCY4A, CY5A, CY6A, CY8A, CY9A, CZ4A<\/li>\n<li>Mitsubishi Legnum, EA1W, EA3W, EA4W, EA5W, EA7W,<br \/>\nEC1W, EC3W, EC4W, EC5W, EC7W<\/li>\n<li>Mitsubishi Libero, CB1V, CB2V, CB2W, CB4W, CB5W,<br \/>\nCB8V, CB8W, CD2V, CD5W, CD8V, CD8W<\/li>\n<li>Mitsubishi Minica Toppo, H22A, H22V, H27A, H27V,<br \/>\nH31A, H32A, H32V, H36A, H37V<\/li>\n<li>Mitsubishi Minica, H11A, H11V, H12V, H14A, H14V,<br \/>\nH15A, H15V, H21A, H21V, H21VW, H22A, H22V, H22VW, H26A, H26V, H27A, H27V,<br \/>\nH27VW, H31A, H32A, H32V, H36A, H37A, H37V, H42A, H42V, H44A, H47A, H47V<\/li>\n<li>Mitsubishi Minicab MiEV, U67V, U68T, U68V<\/li>\n<li><\/ul>\n<p><\/p>","protected":false},"excerpt":{"rendered":"<p><b>OEM:<\/b> 90684-SA5-0030, 90684SA50030<\/p>\n","protected":false},"featured_media":8299,"template":"","meta":[],"product_cat":[25,90],"product_tag":[],"bundled_by":[],"bundle_stock_status":"instock","bundle_stock_quantity":null,"bundle_virtual":false,"bundle_layout":"","bundle_add_to_cart_form_location":"","bundle_editable_in_cart":false,"bundle_sold_individually_context":"","bundle_item_grouping":"","bundle_min_size":"","bundle_max_size":"","bundled_items":[],"yoast_head":"<!-- This site is optimized with the Yoast SEO Premium plugin v16.6 (Yoast SEO v20.1) - https:\/\/yoast.com\/wordpress\/plugins\/seo\/ -->\n<title>C1445 - Autoclipsuri, Cu un ac filetat - atg.md<\/title>\n<meta name=\"robots\" content=\"index, follow, max-snippet:-1, max-image-preview:large, max-video-preview:-1\" \/>\n<link rel=\"canonical\" href=\"https:\/\/atg.md\/ro\/catalog\/autoclipsuri\/s-rezbovym-shtyrkom\/c1445\/\" \/>\n<meta property=\"og:locale\" content=\"ro_RO\" \/>\n<meta property=\"og:type\" content=\"article\" \/>\n<meta property=\"og:title\" content=\"C1445 - Autoclipsuri, Cu un ac filetat - atg.md\" \/>\n<meta property=\"og:description\" content=\"OEM: 90684-SA5-0030, 90684SA50030\" \/>\n<meta property=\"og:url\" content=\"https:\/\/atg.md\/ro\/wp-json\/wp\/v2\/product\/8298\" \/>\n<meta property=\"og:site_name\" content=\"atg.md\" \/>\n<meta property=\"article:modified_time\" content=\"2024-07-05T07:08:04+00:00\" \/>\n<meta property=\"og:image\" content=\"https:\/\/atg.md\/wp-content\/uploads\/2021\/03\/c1445.jpg\" \/>\n\t<meta property=\"og:image:width\" content=\"600\" \/>\n\t<meta property=\"og:image:height\" content=\"600\" \/>\n\t<meta property=\"og:image:type\" content=\"image\/jpeg\" \/>\n<meta name=\"twitter:card\" content=\"summary_large_image\" \/>\n<meta name=\"twitter:label1\" content=\"Pre\u021b\" \/>\n\t<meta name=\"twitter:data1\" content=\"6.00&nbsp;MDL\" \/>\n\t<meta name=\"twitter:label2\" content=\"Availability\" \/>\n\t<meta name=\"twitter:data2\" content=\"In stock\" \/>\n<script type=\"application\/ld+json\" class=\"yoast-schema-graph\">{\"@context\":\"https:\/\/schema.org\",\"@graph\":[{\"@type\":\"WebPage\",\"@id\":\"https:\/\/atg.md\/ro\/catalog\/autoclipsuri\/s-rezbovym-shtyrkom\/c1445\/\",\"url\":\"https:\/\/atg.md\/ro\/catalog\/autoclipsuri\/s-rezbovym-shtyrkom\/c1445\/\",\"name\":\"C1445 - Autoclipsuri, Cu un ac filetat - atg.md\",\"isPartOf\":{\"@id\":\"https:\/\/atg.md\/ro\/#website\"},\"datePublished\":\"2021-03-30T09:14:53+00:00\",\"dateModified\":\"2024-07-05T07:08:04+00:00\",\"breadcrumb\":{\"@id\":\"https:\/\/atg.md\/ro\/catalog\/autoclipsuri\/s-rezbovym-shtyrkom\/c1445\/#breadcrumb\"},\"inLanguage\":\"ro-RO\",\"potentialAction\":[{\"@type\":\"ReadAction\",\"target\":[[\"https:\/\/atg.md\/ro\/catalog\/autoclipsuri\/s-rezbovym-shtyrkom\/c1445\/\"]]}]},{\"@type\":\"BreadcrumbList\",\"@id\":\"https:\/\/atg.md\/ro\/catalog\/autoclipsuri\/s-rezbovym-shtyrkom\/c1445\/#breadcrumb\",\"itemListElement\":[{\"@type\":\"ListItem\",\"position\":1,\"name\":\"Home\",\"item\":\"https:\/\/atg.md\/ro\/\"},{\"@type\":\"ListItem\",\"position\":2,\"name\":\"\u041a\u0430\u0442\u0430\u043b\u043e\u0433\",\"item\":\"https:\/\/atg.md\/ro\/catalog\/\"},{\"@type\":\"ListItem\",\"position\":3,\"name\":\"C1445\"}]},{\"@type\":\"WebSite\",\"@id\":\"https:\/\/atg.md\/ro\/#website\",\"url\":\"https:\/\/atg.md\/ro\/\",\"name\":\"atg.md\",\"description\":\"V\u00e2nzare de izola\u021bii \u00eempotriva vibra\u021biilor pentru ma\u0219ini, izola\u021bie termic\u0103, izolare fonic\u0103 de la cei mai buni produc\u0103tori, autoclipsuri, elemente de fixare auto. Cump\u0103ra\u021bi \u00een Moldova, Chi\u0219in\u0103u\",\"publisher\":{\"@id\":\"https:\/\/atg.md\/ro\/#organization\"},\"potentialAction\":[{\"@type\":\"SearchAction\",\"target\":{\"@type\":\"EntryPoint\",\"urlTemplate\":\"https:\/\/atg.md\/ro\/?s={search_term_string}\"},\"query-input\":\"required name=search_term_string\"}],\"inLanguage\":\"ro-RO\"},{\"@type\":[\"Organization\",\"Place\",\"AutoPartsStore\"],\"@id\":\"https:\/\/atg.md\/ro\/#organization\",\"name\":\"S.C. AUTOTOM GRUP S.R.L.\",\"url\":\"https:\/\/atg.md\/ro\/\",\"logo\":{\"@type\":\"ImageObject\",\"inLanguage\":\"ro-RO\",\"@id\":\"https:\/\/atg.md\/ro\/#\/schema\/logo\/image\/\",\"url\":\"https:\/\/i2.wp.com\/atg.md\/wp-content\/uploads\/2021\/05\/atg_logo_main.png?fit=656%2C569&ssl=1\",\"contentUrl\":\"https:\/\/i2.wp.com\/atg.md\/wp-content\/uploads\/2021\/05\/atg_logo_main.png?fit=656%2C569&ssl=1\",\"width\":656,\"height\":569,\"caption\":\"S.C. AUTOTOM GRUP S.R.L.\"},\"image\":{\"@id\":\"https:\/\/atg.md\/ro\/#\/schema\/logo\/image\/\"},\"location\":{\"@id\":\"https:\/\/atg.md\/ro\/catalog\/autoclipsuri\/s-rezbovym-shtyrkom\/c1445\/#local-place\"},\"address\":{\"@id\":\"https:\/\/atg.md\/ro\/catalog\/autoclipsuri\/s-rezbovym-shtyrkom\/c1445\/#local-place-address\"},\"email\":\"atgtvv@gmail.com\",\"telephone\":\"+37369644446\",\"areaServed\":\"Moldova\"},{\"@type\":\"Place\",\"@id\":\"https:\/\/atg.md\/ro\/catalog\/autoclipsuri\/s-rezbovym-shtyrkom\/c1445\/#local-place\",\"address\":{\"@type\":\"PostalAddress\",\"@id\":\"https:\/\/atg.md\/ro\/catalog\/autoclipsuri\/s-rezbovym-shtyrkom\/c1445\/#local-place-address\",\"streetAddress\":\"str. Alba-Iulia 77\/20\",\"addressLocality\":\"Chisinau\",\"postalCode\":\"2043\",\"addressRegion\":\"mun. Chisinau\",\"addressCountry\":\"MD\"},\"geo\":{\"@type\":\"GeoCoordinates\",\"latitude\":\"47.0376\",\"longitude\":\"28.76899\"},\"openingHoursSpecification\":[{\"@type\":\"OpeningHoursSpecification\",\"dayOfWeek\":[\"Monday\",\"Tuesday\",\"Wednesday\",\"Thursday\",\"Friday\"],\"opens\":\"09:00\",\"closes\":\"18:00\"},{\"@type\":\"OpeningHoursSpecification\",\"dayOfWeek\":[\"Saturday\"],\"opens\":\"09:00\",\"closes\":\"14:00\"},{\"@type\":\"OpeningHoursSpecification\",\"dayOfWeek\":[\"Sunday\"],\"opens\":\"00:00\",\"closes\":\"00:00\"}],\"telephone\":\"+37369644446\"}]}<\/script>\n<meta name=\"geo.placename\" content=\"Chisinau\" \/>\n<meta name=\"geo.position\" content=\"47.0376;28.76899\" \/>\n<meta name=\"geo.region\" content=\"Moldova\" \/>\n<!-- \/ Yoast SEO Premium plugin. -->","yoast_head_json":{"title":"C1445 - Autoclipsuri, Cu un ac filetat - atg.md","robots":{"index":"index","follow":"follow","max-snippet":"max-snippet:-1","max-image-preview":"max-image-preview:large","max-video-preview":"max-video-preview:-1"},"canonical":"https:\/\/atg.md\/ro\/catalog\/autoclipsuri\/s-rezbovym-shtyrkom\/c1445\/","og_locale":"ro_RO","og_type":"article","og_title":"C1445 - Autoclipsuri, Cu un ac filetat - atg.md","og_description":"OEM: 90684-SA5-0030, 90684SA50030","og_url":"https:\/\/atg.md\/ro\/wp-json\/wp\/v2\/product\/8298","og_site_name":"atg.md","article_modified_time":"2024-07-05T07:08:04+00:00","og_image":[{"width":600,"height":600,"url":"https:\/\/atg.md\/wp-content\/uploads\/2021\/03\/c1445.jpg","type":"image\/jpeg"}],"twitter_card":"summary_large_image","twitter_misc":{"Pre\u021b":"6.00&nbsp;MDL","Availability":"In stock"},"schema":{"@context":"https:\/\/schema.org","@graph":[{"@type":"WebPage","@id":"https:\/\/atg.md\/ro\/catalog\/autoclipsuri\/s-rezbovym-shtyrkom\/c1445\/","url":"https:\/\/atg.md\/ro\/catalog\/autoclipsuri\/s-rezbovym-shtyrkom\/c1445\/","name":"C1445 - Autoclipsuri, Cu un ac filetat - atg.md","isPartOf":{"@id":"https:\/\/atg.md\/ro\/#website"},"datePublished":"2021-03-30T09:14:53+00:00","dateModified":"2024-07-05T07:08:04+00:00","breadcrumb":{"@id":"https:\/\/atg.md\/ro\/catalog\/autoclipsuri\/s-rezbovym-shtyrkom\/c1445\/#breadcrumb"},"inLanguage":"ro-RO","potentialAction":[{"@type":"ReadAction","target":[["https:\/\/atg.md\/ro\/catalog\/autoclipsuri\/s-rezbovym-shtyrkom\/c1445\/"]]}]},{"@type":"BreadcrumbList","@id":"https:\/\/atg.md\/ro\/catalog\/autoclipsuri\/s-rezbovym-shtyrkom\/c1445\/#breadcrumb","itemListElement":[{"@type":"ListItem","position":1,"name":"Home","item":"https:\/\/atg.md\/ro\/"},{"@type":"ListItem","position":2,"name":"\u041a\u0430\u0442\u0430\u043b\u043e\u0433","item":"https:\/\/atg.md\/ro\/catalog\/"},{"@type":"ListItem","position":3,"name":"C1445"}]},{"@type":"WebSite","@id":"https:\/\/atg.md\/ro\/#website","url":"https:\/\/atg.md\/ro\/","name":"atg.md","description":"V\u00e2nzare de izola\u021bii \u00eempotriva vibra\u021biilor pentru ma\u0219ini, izola\u021bie termic\u0103, izolare fonic\u0103 de la cei mai buni produc\u0103tori, autoclipsuri, elemente de fixare auto. Cump\u0103ra\u021bi \u00een Moldova, Chi\u0219in\u0103u","publisher":{"@id":"https:\/\/atg.md\/ro\/#organization"},"potentialAction":[{"@type":"SearchAction","target":{"@type":"EntryPoint","urlTemplate":"https:\/\/atg.md\/ro\/?s={search_term_string}"},"query-input":"required name=search_term_string"}],"inLanguage":"ro-RO"},{"@type":["Organization","Place","AutoPartsStore"],"@id":"https:\/\/atg.md\/ro\/#organization","name":"S.C. AUTOTOM GRUP S.R.L.","url":"https:\/\/atg.md\/ro\/","logo":{"@type":"ImageObject","inLanguage":"ro-RO","@id":"https:\/\/atg.md\/ro\/#\/schema\/logo\/image\/","url":"https:\/\/i2.wp.com\/atg.md\/wp-content\/uploads\/2021\/05\/atg_logo_main.png?fit=656%2C569&ssl=1","contentUrl":"https:\/\/i2.wp.com\/atg.md\/wp-content\/uploads\/2021\/05\/atg_logo_main.png?fit=656%2C569&ssl=1","width":656,"height":569,"caption":"S.C. AUTOTOM GRUP S.R.L."},"image":{"@id":"https:\/\/atg.md\/ro\/#\/schema\/logo\/image\/"},"location":{"@id":"https:\/\/atg.md\/ro\/catalog\/autoclipsuri\/s-rezbovym-shtyrkom\/c1445\/#local-place"},"address":{"@id":"https:\/\/atg.md\/ro\/catalog\/autoclipsuri\/s-rezbovym-shtyrkom\/c1445\/#local-place-address"},"email":"atgtvv@gmail.com","telephone":"+37369644446","areaServed":"Moldova"},{"@type":"Place","@id":"https:\/\/atg.md\/ro\/catalog\/autoclipsuri\/s-rezbovym-shtyrkom\/c1445\/#local-place","address":{"@type":"PostalAddress","@id":"https:\/\/atg.md\/ro\/catalog\/autoclipsuri\/s-rezbovym-shtyrkom\/c1445\/#local-place-address","streetAddress":"str. Alba-Iulia 77\/20","addressLocality":"Chisinau","postalCode":"2043","addressRegion":"mun. Chisinau","addressCountry":"MD"},"geo":{"@type":"GeoCoordinates","latitude":"47.0376","longitude":"28.76899"},"openingHoursSpecification":[{"@type":"OpeningHoursSpecification","dayOfWeek":["Monday","Tuesday","Wednesday","Thursday","Friday"],"opens":"09:00","closes":"18:00"},{"@type":"OpeningHoursSpecification","dayOfWeek":["Saturday"],"opens":"09:00","closes":"14:00"},{"@type":"OpeningHoursSpecification","dayOfWeek":["Sunday"],"opens":"00:00","closes":"00:00"}],"telephone":"+37369644446"}]}},"_links":{"self":[{"href":"https:\/\/atg.md\/ro\/wp-json\/wp\/v2\/product\/8298"}],"collection":[{"href":"https:\/\/atg.md\/ro\/wp-json\/wp\/v2\/product"}],"about":[{"href":"https:\/\/atg.md\/ro\/wp-json\/wp\/v2\/types\/product"}],"wp:featuredmedia":[{"embeddable":true,"href":"https:\/\/atg.md\/ro\/wp-json\/wp\/v2\/media\/8299"}],"wp:attachment":[{"href":"https:\/\/atg.md\/ro\/wp-json\/wp\/v2\/media?parent=8298"}],"wp:term":[{"taxonomy":"product_cat","embeddable":true,"href":"https:\/\/atg.md\/ro\/wp-json\/wp\/v2\/product_cat?post=8298"},{"taxonomy":"product_tag","embeddable":true,"href":"https:\/\/atg.md\/ro\/wp-json\/wp\/v2\/product_tag?post=8298"}],"curies":[{"name":"wp","href":"https:\/\/api.w.org\/{rel}","templated":true}]}}