{"id":8227,"date":"2021-03-30T09:14:25","date_gmt":"2021-03-30T09:14:25","guid":{"rendered":"http:\/\/atg.md\/product\/c1401\/"},"modified":"2024-07-05T07:07:45","modified_gmt":"2024-07-05T07:07:45","slug":"c1401","status":"publish","type":"product","link":"https:\/\/atg.md\/ro\/catalog\/autoclipsuri\/dvernye\/c1401\/","title":{"rendered":"C1401"},"content":{"rendered":"<p><strong>Modele:<\/strong><\/p>\n<ul>\n<li>\nLexus CT200h, ZWA10<\/li>\n<li>Lexus<br \/>\nES200, ASV60, ASV61, AVV60, GSV60<\/li>\n<li>Lexus<br \/>\nES250, ASV60, ASV61, AVV60, GSV60<\/li>\n<li>Lexus<br \/>\nES300, MCV20, MCV30, MCV31<\/li>\n<li>Lexus<br \/>\nES300h, ASV60, ASV61, AVV60, GSV60<\/li>\n<li>Lexus<br \/>\nES330, MCV30, MCV31<\/li>\n<li>Lexus<br \/>\nES350, ACV40, ASV60, ASV61, AVV60, GSV40, GSV60<\/li>\n<li>Lexus GS<br \/>\nF, URL10<\/li>\n<li>Lexus<br \/>\nGS200t, ARL10, GRL12, GRL16<\/li>\n<li>Lexus<br \/>\nGS250, AWL10, GRL10, GRL11, GRL15, GWL10<\/li>\n<li>Lexus<br \/>\nGS300, ARL10, GRS190, GRS191, GRS195, GRS196, URS190, UZS190<\/li>\n<li>Lexus<br \/>\nGS300h, AWL10<\/li>\n<li>Lexus<br \/>\nGS350, AWL10, GRL10, GRL11, GRL12, GRL15, GRL16, GRS190, GRS191, GRS195,<br \/>\nGRS196, GWL10, URS190, UZS190<\/li>\n<li>Lexus<br \/>\nGS430, GRS190, GRS191, GRS195, GRS196, URS190, UZS190<\/li>\n<li>Lexus<br \/>\nGS450h, AWL10, GRL10, GRL11, GRL15, GWL10, GWS191<\/li>\n<li>Lexus<br \/>\nGS460, GRS190, GRS191, GRS195, GRS196, URS190, UZS190<\/li>\n<li>Lexus<br \/>\nGX400, GRJ158, URJ150<\/li>\n<li>Lexus<br \/>\nGX460, GRJ158, URJ150<\/li>\n<li>Lexus<br \/>\nGX470, UZJ120<\/li>\n<li>Lexus<br \/>\nHS250h, ANF10<\/li>\n<li>Lexus IS<br \/>\nF, USE20<\/li>\n<li>Lexus<br \/>\nIS200, GXE10, JCE10<\/li>\n<li>Lexus<br \/>\nIS200d, ALE20, GSE20, GSE21<\/li>\n<li>Lexus<br \/>\nIS200t, ASE30, AVE30, AVE35, GSE30, GSE31, GSE35, GSE36, GSE37<\/li>\n<li>Lexus<br \/>\nIS220d, ALE20, GSE20<\/li>\n<li>Lexus<br \/>\nIS250, ALE20, ASE30, AVE30, AVE35, GSE20, GSE21, GSE22, GSE25, GSE26,<br \/>\nGSE30, GSE31, GSE35, GSE36, GSE37<\/li>\n<li>Lexus<br \/>\nIS250C, GSE20, GSE21, GSE22<\/li>\n<li>Lexus<br \/>\nIS300, ASE30, AVE30, AVE35, GSE20, GSE22, GSE30, GSE31, GSE35, GSE36,<br \/>\nGSE37, GXE10, JCE10<\/li>\n<li>Lexus<br \/>\nIS300h, ASE30, AVE30, GSE30, GSE31, GSE35<\/li>\n<li>Lexus<br \/>\nIS350, ALE20, ASE30, AVE30, AVE35, GSE20, GSE21, GSE25, GSE26, GSE30,<br \/>\nGSE31, GSE35, GSE36, GSE37<\/li>\n<li>Lexus<br \/>\nIS350C, GSE20, GSE21<\/li>\n<li>Lexus<br \/>\nLC500, GWZ100, URZ100<\/li>\n<li>Lexus<br \/>\nLC500h, GWZ100, URZ100<\/li>\n<li>Lexus<br \/>\nLS400, UCF20<\/li>\n<li>Lexus<br \/>\nLS430, UCF30<\/li>\n<li>Lexus<br \/>\nLS460, USF40, USF41, USF45, USF46<\/li>\n<li>Lexus<br \/>\nLS460L, USF40, USF41, USF45, USF46<\/li>\n<li>Lexus<br \/>\nLS600h, UVF45, UVF46<\/li>\n<li>Lexus<br \/>\nLS600hL, UVF45, UVF46<\/li>\n<li>Lexus<br \/>\nLX450, FZJ80<\/li>\n<li>Lexus<br \/>\nLX450d, URJ201, URJ202, VDJ201<\/li>\n<li>Lexus<br \/>\nLX460, URJ201, URJ202, VDJ201<\/li>\n<li>Lexus<br \/>\nLX470, UZJ100<\/li>\n<li>Lexus<br \/>\nLX570, URJ201, URJ202, VDJ201<\/li>\n<li>Lexus<br \/>\nNX200, AGZ10, AGZ15, AYZ10, AYZ15, ZGZ10, ZGZ15<\/li>\n<li>Lexus<br \/>\nNX200t, AGZ10, AGZ15, AYZ10, AYZ15, ZGZ10, ZGZ15<\/li>\n<li>Lexus<br \/>\nNX300h, AGZ10, AGZ15, AYZ10, AYZ15, ZGZ10, ZGZ15<\/li>\n<li>Lexus RC<br \/>\nF, USC10<\/li>\n<li>Lexus<br \/>\nRC200t, ASC10, AVC10, GSC10, GSC15, GSC16<\/li>\n<li>Lexus<br \/>\nRC300, ASC10, AVC10, GSC10, GSC15, GSC16<\/li>\n<li>Lexus<br \/>\nRC300h, ASC10, AVC10, GSC10<\/li>\n<li>Lexus<br \/>\nRC350, ASC10, AVC10, GSC10, GSC15, GSC16<\/li>\n<li>Lexus<br \/>\nRX200t, AGL20, AGL25, GGL20, GGL25, GYL20, GYL25<\/li>\n<li>Lexus<br \/>\nRX270, AGL10, GGL10, GGL15, GGL16, GYL10, GYL15, GYL16<\/li>\n<li>Lexus<br \/>\nRX300, GSU35, MCU10, MCU15, MCU35, MCU38<\/li>\n<li>Lexus<br \/>\nRX330, GSU30, GSU35, MCU33, MCU35, MCU38<\/li>\n<li>Lexus<br \/>\nRX350, AGL10, AGL20, AGL25, GGL10, GGL15, GGL16, GGL20, GGL25, GSU30,<br \/>\nGSU35, GYL10, GYL15, GYL16, GYL20, GYL25, MCU33, MCU35, MCU38<\/li>\n<li>Lexus<br \/>\nRX400h, MHU33, MHU38<\/li>\n<li>Lexus<br \/>\nRX450h, AGL10, AGL20, AGL25, GGL10, GGL15, GGL16, GGL20, GGL25, GYL10,<br \/>\nGYL15, GYL16, GYL20, GYL25<\/li>\n<li>Lexus<br \/>\nSC430, UZZ40<\/li>\n<li>Mitsubishi<br \/>\nASX, GA1W, GA2W, GA3W, GA4W, GA6W, GA7W, GA8W<\/li>\n<li>Mitsubishi<br \/>\nAirtrek, CU2W, CU4W, CU5W<\/li>\n<li>Mitsubishi<br \/>\nAttrage, A13A<\/li>\n<li>Mitsubishi<br \/>\nColt Plus, Z21A, Z21W, Z22A, Z22W, Z23A, Z23W, Z24A, Z24W, Z25A, Z26A,<br \/>\nZ27A, Z27AG, Z27W, Z27WG, Z28A<\/li>\n<li>Mitsubishi<br \/>\nColt, Z21A, Z21W, Z22A, Z22W, Z23A, Z23W, Z24A, Z24W, Z25A, Z26A, Z27A,<br \/>\nZ27AG, Z27W, Z27WG, Z28A<\/li>\n<li>Mitsubishi<br \/>\nDelica D5, CV1W, CV2W, CV4W, CV5W<\/li>\n<li>Mitsubishi<br \/>\nDelica, CV5W<\/li>\n<li>Mitsubishi<br \/>\nDion, CR5W, CR6W<\/li>\n<li>Mitsubishi<br \/>\nEclipse, DK2A, DK4A<\/li>\n<li>Mitsubishi<br \/>\nGalant Fortis, CX3A, CX4A, CX6A, CY3A, CY4A, CY6A, CZ4A<\/li>\n<li>Mitsubishi<br \/>\nGrandis, NA4W, NA8W<\/li>\n<li>Mitsubishi<br \/>\nL200, KA4T, KA5T, KA9T, KB4T, KB5T, KB7T, KB8T, KB9T, KJ3T, KJ4T, KK1T,<br \/>\nKK2T, KK3T, KK4T, KL1T, KL2T, KL3T, KL4T<\/li>\n<li>Mitsubishi<br \/>\nLancer Cedia, CS2V<\/li>\n<li>Mitsubishi<br \/>\nLancer Evolution, CY3A, CY4A, CY6A, CZ4A<\/li>\n<li>Mitsubishi<br \/>\nLancer, CS2V, CX1A, CX2A, CX3A, CX4A, CX5A, CX6A, CX8A, CX9A, CY1A, CY2A,<br \/>\nCY3A, CY4A, CY5A, CY6A, CY8A, CY9A, CZ4A<\/li>\n<li>Mitsubishi<br \/>\nMinica, H42A, H42V, H44A, H47A, H47V<\/li>\n<li>Mitsubishi<br \/>\nMirage, A03A, A05A, A13A<\/li>\n<li>Mitsubishi<br \/>\nMontero Sport, KG6W, KH4W, KH6W, KH8W, KH9W, KR1W, KR3W, KR5W, KS1W, KS3W,<br \/>\nKS5W<\/li>\n<li>Mitsubishi<br \/>\nMontero, V63W, V64W, V65W, V66W, V67W, V68W, V83W, V85W, V86W, V87W, V88V,<br \/>\nV88W, V93W, V95W, V96W, V97W, V98V, V98W<\/li>\n<li>Mitsubishi<br \/>\nNativa, KG4W, KG6W, KH4W, KH8W, KH9W<\/li>\n<li>Mitsubishi<br \/>\nOutlander, CU2W, CU4W, CU5W, CW1W, CW4W, CW5W, CW6W, CW7W, CW8W, GA2W,<br \/>\nGA5W, GF2W, GF3W, GF4W, GF6V, GF6W, GF7W, GF8W, GG2W<\/li>\n<li>Mitsubishi<br \/>\nPajero Sport, KG4W, KG5W, KG6W, KH4W, KH6W, KH8W, KH9W, KR1W, KR3W, KS1W,<br \/>\nKS3W, KS5W<\/li>\n<li>Mitsubishi<br \/>\nPajero, KH4W, KH6W, KH8W, KH9W, KR1W, KR3W, KR5W, KS1W, KS3W, KS5W, V63W,<br \/>\nV64W, V65W, V66W, V67W, V68W, V83W, V85W, V86W, V87W, V88V, V88W, V93W, V95W,<br \/>\nV96W, V97W, V98V, V98W<\/li>\n<li>Mitsubishi<br \/>\nRVR, GA2W, GA3W, GA4W, GA5W<\/li>\n<li>Mitsubishi<br \/>\nSpace Star, DG1A, DG3A, DG4A, DG5A<\/li>\n<li>Mitsubishi<br \/>\nStrada, KJ3T, KJ4T, KK1T, KK2T, KK3T, KK4T, KL1T, KL2T, KL3T, KL4T<\/li>\n<li>Mitsubishi<br \/>\nToppo BJ Wide, H41A, H42A, H42V, H43A, H46A, H47A, H47V, H48A<\/li>\n<li>Mitsubishi<br \/>\nToppo BJ, H41A, H42A, H42V, H43A, H46A, H47A, H47V, H48A<\/li>\n<li>Mitsubishi<br \/>\nToppo, H82A<\/li>\n<li>Mitsubishi<br \/>\nTriton, KB9T, KJ3T, KJ4T, KK1T, KK2T, KK3T, KK4T, KL1T, KL2T, KL3T, KL4T<\/li>\n<li>Mitsubishi<br \/>\neK Space, B11A<\/li>\n<li>Mitsubishi<br \/>\neK Wagon, B11W, H81W, H82W<\/li>\n<li>Mitsubishi<br \/>\nek Custom, B11W, H81W, H82W<\/li>\n<li>Mitsubishi<br \/>\ni, HA1W<\/li>\n<li>Mitsubishi<br \/>\ni-MiEV, HA3V, HA3W, HA4V, HA4W<\/li>\n<li>Scion<br \/>\niM, ZRE186<\/li>\n<li>Scion<br \/>\ntC, AGT20, ANT10<\/li>\n<li>Scion<br \/>\nxB, AZE151, NCP31<\/li>\n<li>Scion<br \/>\nxD, ZSP110<\/li>\n<li>Toyota<br \/>\n4Runner, GRN210, GRN215, GRN280, GRN285, KZN215, TRN280, TRN285, UZN210,<br \/>\nUZN215<\/li>\n<li><\/ul>\n<p><\/p>","protected":false},"excerpt":{"rendered":"<p><b>OEM:<\/b> 90467-A0005, 90467A0005, 90467-T0019, 90467T0019<\/p>\n","protected":false},"featured_media":8228,"template":"","meta":[],"product_cat":[25,76],"product_tag":[],"bundled_by":[],"bundle_stock_status":"instock","bundle_stock_quantity":null,"bundle_virtual":false,"bundle_layout":"","bundle_add_to_cart_form_location":"","bundle_editable_in_cart":false,"bundle_sold_individually_context":"","bundle_item_grouping":"","bundle_min_size":"","bundle_max_size":"","bundled_items":[],"yoast_head":"<!-- This site is optimized with the Yoast SEO Premium plugin v16.6 (Yoast SEO v20.1) - https:\/\/yoast.com\/wordpress\/plugins\/seo\/ -->\n<title>C1401 - Autoclipsuri, Autoclipsuri pentru u\u0219\u0103 - atg.md<\/title>\n<meta name=\"robots\" content=\"index, follow, max-snippet:-1, max-image-preview:large, max-video-preview:-1\" \/>\n<link rel=\"canonical\" href=\"https:\/\/atg.md\/ro\/catalog\/autoclipsuri\/dvernye\/c1401\/\" \/>\n<meta property=\"og:locale\" content=\"ro_RO\" \/>\n<meta property=\"og:type\" content=\"article\" \/>\n<meta property=\"og:title\" content=\"C1401 - Autoclipsuri, Autoclipsuri pentru u\u0219\u0103 - atg.md\" \/>\n<meta property=\"og:description\" content=\"OEM: 90467-A0005, 90467A0005, 90467-T0019, 90467T0019\" \/>\n<meta property=\"og:url\" content=\"https:\/\/atg.md\/ro\/wp-json\/wp\/v2\/product\/8227\" \/>\n<meta property=\"og:site_name\" content=\"atg.md\" \/>\n<meta property=\"article:modified_time\" content=\"2024-07-05T07:07:45+00:00\" \/>\n<meta property=\"og:image\" content=\"https:\/\/atg.md\/wp-content\/uploads\/2021\/03\/c1401.jpg\" \/>\n\t<meta property=\"og:image:width\" content=\"600\" \/>\n\t<meta property=\"og:image:height\" content=\"600\" \/>\n\t<meta property=\"og:image:type\" content=\"image\/jpeg\" \/>\n<meta name=\"twitter:card\" content=\"summary_large_image\" \/>\n<meta name=\"twitter:label1\" content=\"Pre\u021b\" \/>\n\t<meta name=\"twitter:data1\" content=\"7.00&nbsp;MDL\" \/>\n\t<meta name=\"twitter:label2\" content=\"Availability\" \/>\n\t<meta name=\"twitter:data2\" content=\"In stock\" \/>\n<script type=\"application\/ld+json\" class=\"yoast-schema-graph\">{\"@context\":\"https:\/\/schema.org\",\"@graph\":[{\"@type\":\"WebPage\",\"@id\":\"https:\/\/atg.md\/ro\/catalog\/autoclipsuri\/dvernye\/c1401\/\",\"url\":\"https:\/\/atg.md\/ro\/catalog\/autoclipsuri\/dvernye\/c1401\/\",\"name\":\"C1401 - Autoclipsuri, Autoclipsuri pentru u\u0219\u0103 - atg.md\",\"isPartOf\":{\"@id\":\"https:\/\/atg.md\/ro\/#website\"},\"datePublished\":\"2021-03-30T09:14:25+00:00\",\"dateModified\":\"2024-07-05T07:07:45+00:00\",\"breadcrumb\":{\"@id\":\"https:\/\/atg.md\/ro\/catalog\/autoclipsuri\/dvernye\/c1401\/#breadcrumb\"},\"inLanguage\":\"ro-RO\",\"potentialAction\":[{\"@type\":\"ReadAction\",\"target\":[[\"https:\/\/atg.md\/ro\/catalog\/autoclipsuri\/dvernye\/c1401\/\"]]}]},{\"@type\":\"BreadcrumbList\",\"@id\":\"https:\/\/atg.md\/ro\/catalog\/autoclipsuri\/dvernye\/c1401\/#breadcrumb\",\"itemListElement\":[{\"@type\":\"ListItem\",\"position\":1,\"name\":\"Home\",\"item\":\"https:\/\/atg.md\/ro\/\"},{\"@type\":\"ListItem\",\"position\":2,\"name\":\"\u041a\u0430\u0442\u0430\u043b\u043e\u0433\",\"item\":\"https:\/\/atg.md\/ro\/catalog\/\"},{\"@type\":\"ListItem\",\"position\":3,\"name\":\"C1401\"}]},{\"@type\":\"WebSite\",\"@id\":\"https:\/\/atg.md\/ro\/#website\",\"url\":\"https:\/\/atg.md\/ro\/\",\"name\":\"atg.md\",\"description\":\"V\u00e2nzare de izola\u021bii \u00eempotriva vibra\u021biilor pentru ma\u0219ini, izola\u021bie termic\u0103, izolare fonic\u0103 de la cei mai buni produc\u0103tori, autoclipsuri, elemente de fixare auto. Cump\u0103ra\u021bi \u00een Moldova, Chi\u0219in\u0103u\",\"publisher\":{\"@id\":\"https:\/\/atg.md\/ro\/#organization\"},\"potentialAction\":[{\"@type\":\"SearchAction\",\"target\":{\"@type\":\"EntryPoint\",\"urlTemplate\":\"https:\/\/atg.md\/ro\/?s={search_term_string}\"},\"query-input\":\"required name=search_term_string\"}],\"inLanguage\":\"ro-RO\"},{\"@type\":[\"Organization\",\"Place\",\"AutoPartsStore\"],\"@id\":\"https:\/\/atg.md\/ro\/#organization\",\"name\":\"S.C. AUTOTOM GRUP S.R.L.\",\"url\":\"https:\/\/atg.md\/ro\/\",\"logo\":{\"@type\":\"ImageObject\",\"inLanguage\":\"ro-RO\",\"@id\":\"https:\/\/atg.md\/ro\/#\/schema\/logo\/image\/\",\"url\":\"https:\/\/i2.wp.com\/atg.md\/wp-content\/uploads\/2021\/05\/atg_logo_main.png?fit=656%2C569&ssl=1\",\"contentUrl\":\"https:\/\/i2.wp.com\/atg.md\/wp-content\/uploads\/2021\/05\/atg_logo_main.png?fit=656%2C569&ssl=1\",\"width\":656,\"height\":569,\"caption\":\"S.C. AUTOTOM GRUP S.R.L.\"},\"image\":{\"@id\":\"https:\/\/atg.md\/ro\/#\/schema\/logo\/image\/\"},\"location\":{\"@id\":\"https:\/\/atg.md\/ro\/catalog\/autoclipsuri\/dvernye\/c1401\/#local-place\"},\"address\":{\"@id\":\"https:\/\/atg.md\/ro\/catalog\/autoclipsuri\/dvernye\/c1401\/#local-place-address\"},\"email\":\"atgtvv@gmail.com\",\"telephone\":\"+37369644446\",\"areaServed\":\"Moldova\"},{\"@type\":\"Place\",\"@id\":\"https:\/\/atg.md\/ro\/catalog\/autoclipsuri\/dvernye\/c1401\/#local-place\",\"address\":{\"@type\":\"PostalAddress\",\"@id\":\"https:\/\/atg.md\/ro\/catalog\/autoclipsuri\/dvernye\/c1401\/#local-place-address\",\"streetAddress\":\"str. Alba-Iulia 77\/20\",\"addressLocality\":\"Chisinau\",\"postalCode\":\"2043\",\"addressRegion\":\"mun. Chisinau\",\"addressCountry\":\"MD\"},\"geo\":{\"@type\":\"GeoCoordinates\",\"latitude\":\"47.0376\",\"longitude\":\"28.76899\"},\"openingHoursSpecification\":[{\"@type\":\"OpeningHoursSpecification\",\"dayOfWeek\":[\"Monday\",\"Tuesday\",\"Wednesday\",\"Thursday\",\"Friday\"],\"opens\":\"09:00\",\"closes\":\"18:00\"},{\"@type\":\"OpeningHoursSpecification\",\"dayOfWeek\":[\"Saturday\"],\"opens\":\"09:00\",\"closes\":\"14:00\"},{\"@type\":\"OpeningHoursSpecification\",\"dayOfWeek\":[\"Sunday\"],\"opens\":\"00:00\",\"closes\":\"00:00\"}],\"telephone\":\"+37369644446\"}]}<\/script>\n<meta name=\"geo.placename\" content=\"Chisinau\" \/>\n<meta name=\"geo.position\" content=\"47.0376;28.76899\" \/>\n<meta name=\"geo.region\" content=\"Moldova\" \/>\n<!-- \/ Yoast SEO Premium plugin. -->","yoast_head_json":{"title":"C1401 - Autoclipsuri, Autoclipsuri pentru u\u0219\u0103 - atg.md","robots":{"index":"index","follow":"follow","max-snippet":"max-snippet:-1","max-image-preview":"max-image-preview:large","max-video-preview":"max-video-preview:-1"},"canonical":"https:\/\/atg.md\/ro\/catalog\/autoclipsuri\/dvernye\/c1401\/","og_locale":"ro_RO","og_type":"article","og_title":"C1401 - Autoclipsuri, Autoclipsuri pentru u\u0219\u0103 - atg.md","og_description":"OEM: 90467-A0005, 90467A0005, 90467-T0019, 90467T0019","og_url":"https:\/\/atg.md\/ro\/wp-json\/wp\/v2\/product\/8227","og_site_name":"atg.md","article_modified_time":"2024-07-05T07:07:45+00:00","og_image":[{"width":600,"height":600,"url":"https:\/\/atg.md\/wp-content\/uploads\/2021\/03\/c1401.jpg","type":"image\/jpeg"}],"twitter_card":"summary_large_image","twitter_misc":{"Pre\u021b":"7.00&nbsp;MDL","Availability":"In stock"},"schema":{"@context":"https:\/\/schema.org","@graph":[{"@type":"WebPage","@id":"https:\/\/atg.md\/ro\/catalog\/autoclipsuri\/dvernye\/c1401\/","url":"https:\/\/atg.md\/ro\/catalog\/autoclipsuri\/dvernye\/c1401\/","name":"C1401 - Autoclipsuri, Autoclipsuri pentru u\u0219\u0103 - atg.md","isPartOf":{"@id":"https:\/\/atg.md\/ro\/#website"},"datePublished":"2021-03-30T09:14:25+00:00","dateModified":"2024-07-05T07:07:45+00:00","breadcrumb":{"@id":"https:\/\/atg.md\/ro\/catalog\/autoclipsuri\/dvernye\/c1401\/#breadcrumb"},"inLanguage":"ro-RO","potentialAction":[{"@type":"ReadAction","target":[["https:\/\/atg.md\/ro\/catalog\/autoclipsuri\/dvernye\/c1401\/"]]}]},{"@type":"BreadcrumbList","@id":"https:\/\/atg.md\/ro\/catalog\/autoclipsuri\/dvernye\/c1401\/#breadcrumb","itemListElement":[{"@type":"ListItem","position":1,"name":"Home","item":"https:\/\/atg.md\/ro\/"},{"@type":"ListItem","position":2,"name":"\u041a\u0430\u0442\u0430\u043b\u043e\u0433","item":"https:\/\/atg.md\/ro\/catalog\/"},{"@type":"ListItem","position":3,"name":"C1401"}]},{"@type":"WebSite","@id":"https:\/\/atg.md\/ro\/#website","url":"https:\/\/atg.md\/ro\/","name":"atg.md","description":"V\u00e2nzare de izola\u021bii \u00eempotriva vibra\u021biilor pentru ma\u0219ini, izola\u021bie termic\u0103, izolare fonic\u0103 de la cei mai buni produc\u0103tori, autoclipsuri, elemente de fixare auto. Cump\u0103ra\u021bi \u00een Moldova, Chi\u0219in\u0103u","publisher":{"@id":"https:\/\/atg.md\/ro\/#organization"},"potentialAction":[{"@type":"SearchAction","target":{"@type":"EntryPoint","urlTemplate":"https:\/\/atg.md\/ro\/?s={search_term_string}"},"query-input":"required name=search_term_string"}],"inLanguage":"ro-RO"},{"@type":["Organization","Place","AutoPartsStore"],"@id":"https:\/\/atg.md\/ro\/#organization","name":"S.C. AUTOTOM GRUP S.R.L.","url":"https:\/\/atg.md\/ro\/","logo":{"@type":"ImageObject","inLanguage":"ro-RO","@id":"https:\/\/atg.md\/ro\/#\/schema\/logo\/image\/","url":"https:\/\/i2.wp.com\/atg.md\/wp-content\/uploads\/2021\/05\/atg_logo_main.png?fit=656%2C569&ssl=1","contentUrl":"https:\/\/i2.wp.com\/atg.md\/wp-content\/uploads\/2021\/05\/atg_logo_main.png?fit=656%2C569&ssl=1","width":656,"height":569,"caption":"S.C. AUTOTOM GRUP S.R.L."},"image":{"@id":"https:\/\/atg.md\/ro\/#\/schema\/logo\/image\/"},"location":{"@id":"https:\/\/atg.md\/ro\/catalog\/autoclipsuri\/dvernye\/c1401\/#local-place"},"address":{"@id":"https:\/\/atg.md\/ro\/catalog\/autoclipsuri\/dvernye\/c1401\/#local-place-address"},"email":"atgtvv@gmail.com","telephone":"+37369644446","areaServed":"Moldova"},{"@type":"Place","@id":"https:\/\/atg.md\/ro\/catalog\/autoclipsuri\/dvernye\/c1401\/#local-place","address":{"@type":"PostalAddress","@id":"https:\/\/atg.md\/ro\/catalog\/autoclipsuri\/dvernye\/c1401\/#local-place-address","streetAddress":"str. Alba-Iulia 77\/20","addressLocality":"Chisinau","postalCode":"2043","addressRegion":"mun. Chisinau","addressCountry":"MD"},"geo":{"@type":"GeoCoordinates","latitude":"47.0376","longitude":"28.76899"},"openingHoursSpecification":[{"@type":"OpeningHoursSpecification","dayOfWeek":["Monday","Tuesday","Wednesday","Thursday","Friday"],"opens":"09:00","closes":"18:00"},{"@type":"OpeningHoursSpecification","dayOfWeek":["Saturday"],"opens":"09:00","closes":"14:00"},{"@type":"OpeningHoursSpecification","dayOfWeek":["Sunday"],"opens":"00:00","closes":"00:00"}],"telephone":"+37369644446"}]}},"_links":{"self":[{"href":"https:\/\/atg.md\/ro\/wp-json\/wp\/v2\/product\/8227"}],"collection":[{"href":"https:\/\/atg.md\/ro\/wp-json\/wp\/v2\/product"}],"about":[{"href":"https:\/\/atg.md\/ro\/wp-json\/wp\/v2\/types\/product"}],"wp:featuredmedia":[{"embeddable":true,"href":"https:\/\/atg.md\/ro\/wp-json\/wp\/v2\/media\/8228"}],"wp:attachment":[{"href":"https:\/\/atg.md\/ro\/wp-json\/wp\/v2\/media?parent=8227"}],"wp:term":[{"taxonomy":"product_cat","embeddable":true,"href":"https:\/\/atg.md\/ro\/wp-json\/wp\/v2\/product_cat?post=8227"},{"taxonomy":"product_tag","embeddable":true,"href":"https:\/\/atg.md\/ro\/wp-json\/wp\/v2\/product_tag?post=8227"}],"curies":[{"name":"wp","href":"https:\/\/api.w.org\/{rel}","templated":true}]}}