{"id":8213,"date":"2021-03-30T09:14:25","date_gmt":"2021-03-30T09:14:25","guid":{"rendered":"http:\/\/atg.md\/product\/c1392\/"},"modified":"2024-07-05T07:07:39","modified_gmt":"2024-07-05T07:07:39","slug":"c1392","status":"publish","type":"product","link":"https:\/\/atg.md\/ro\/catalog\/autoclipsuri\/figurnye\/c1392\/","title":{"rendered":"C1392"},"content":{"rendered":"<p><strong>Modele:<\/strong><\/p>\n<ul>\n<li>VW Caddy (1995 &#8211; 2003)<\/li>\n<li>VW Polo III (1994 &#8211; 2001)<\/li>\n<li>Seat Alhambra (1996 &#8211; 2010)<\/li>\n<li>Seat Cordoba (1993 &#8211; 2017)<\/li>\n<li>Seat Ibiza (1993 &#8211; 2017)<\/li>\n<li>Seat Leon (1999 &#8211; 2012)<\/li>\n<li>Seat Toledo (1998 &#8211; 2009)<\/li>\n<li>BMW 7-series E32 (1986 &#8211; 1994)<\/li>\n<li>BMW 5-series E34 (1988 &#8211; 1996)<\/li>\n<li>BMW 7-series E65 (2002 &#8211; 2008)<\/li>\n<li>BMW 3-series E36 (1991 &#8211; 1999)<\/li>\n<li>BMW 3-series E46 (1998 &#8211; 2005)<\/li>\n<li>BMW X3<\/li>\n<li>BMW X1<\/li>\n<li>BMW Z4<\/li>\n<li>BMW 3-series E90 (2005 &#8211; 2012)<\/li>\n<li>Mercedes-Benz A-Class, W168, W168.006, W168.007, W168.008, W168.009, W168.031, W168.032, W168.033, W168.035, W169, W169.006, W169.007, W169.008, W169.031, W169.032, W169.033, W169.034, W176<\/li>\n<li>Mercedes-Benz B-Class, W242, W245, W246<\/li>\n<li>Mercedes-Benz C-Class, C204, C204.302, C204.303, C204.331, C204.347, C204.348, C204.349, C204.357, C204.377, CL203, CL203.706, CL203.707, CL203.708, CL203.718, CL203.730, CL203.735, CL203.740, CL203.742, CL203.743, CL203.745, CL203.746, CL203.747, CL203.752, CL203.756, CL203.764, S202, S202.078, S202.080, S202.081, S202.082, S202.083, S202.085, S202.086, S202.087, S202.088, S202.089, S202.093, S202.180, S202.182, S202.188, S202.193, S202.194, S203, S203.204, S203.206, S203.207, S203.208, S203.216, S203.218, S203.220, S203.235, S203.242, S203.243, S203.245, S203.246, S203.252, S203.254, S203.256, S203.261, S203.264, S203.265, S203.276, S203.281, S203.284, S203.287, S203.292, S204, S204.200, S204.201, S204.202, S204.203, S204.207, S204.208, S204.222, S204.223, S204.225, S204.231, S204.241, S204.245, S204.246, S204.247, S204.248, S204.249, S204.252, S204.254, S204.256, S204.257, S204.277, S204.282, S204.289, S204.292, W201, W202, W202.018, W202.020, W202.022, W202.023, W202.024, W202.025, W202.026, W202.028, W202.029, W202.033, W202.120, W202.121, W202.122, W202.125, W202.128, W202.133, W202.134, W203, W203.004, W203.006, W203.007, W203.008, W203.016, W203.018, W203.020, W203.035, W203.040, W203.042, W203.043, W203.045, W203.046, W203.052, W203.054, W203.056, W203.061, W203.064, W203.065, W203.076, W203.081, W203.084, W203.087, W203.092, W204, W204.000, W204.001, W204.002, W204.003, W204.007, W204.008, W204.022, W204.023, W204.025, W204.031, W204.041, W204.044, W204.046, W204.047, W204.048, W204.049, W204.052, W204.054, W204.056, W204.057, W204.065, W204.077, W204.080, W204.081, W204.082, W204.087, W204.088, W204.089, W204.092<\/li>\n<li>Mercedes-Benz CL-Class, A217, C215, C216, C217<\/li>\n<li>Mercedes-Benz CLA-Class, C117, X117<\/li>\n<li>Mercedes-Benz CLC-Class, C203<\/li>\n<li>Mercedes-Benz CLK-Class, A207, A208, A208.435, A208.444, A208.445, A208.447, A208.448, A208.465, A208.470, A209, A209.420, A209.441, A209.442, A209.454, A209.456, A209.461, A209.465, A209.472, A209.475, A209.476, A209.477, C207, C208, C208.335, C208.344, C208.345, C208.347, C208.348, C208.365, C208.370, C208.374, C209, C209.308, C209.316, C209.320, C209.341, C209.342, C209.343, C209.354, C209.356, C209.361, C209.365, C209.372, C209.375, C209.376, C209.377<\/li>\n<li>Mercedes-Benz CLS-Class, C218, C219, X218<\/li>\n<li>Mercedes-Benz E-Class, A124, C124, S124, S210, S211, S212, S213, V124, W124, W210, W211, W212, W213<\/li>\n<li>Mercedes-Benz G-Class, W461, W463, W463.200, W463.204, W463.207, W463.220, W463.221, W463.224, W463.225, W463.227, W463.228, W463.300, W463.304, W463.307, W463.320, W463.321, W463.324, W463.325, W463.327, W463.328<\/li>\n<li>Mercedes-Benz GL-Class, W164, W166, X166, X166.824, X166.872, X166.873, X166.874<\/li>\n<li>Mercedes-Benz GLA-Class, X156<\/li>\n<li>Mercedes-Benz GLE, C292, X166<\/li>\n<li>Mercedes-Benz GLK-Class, X204<\/li>\n<li>Mercedes-Benz GLS-Class, X166<\/li>\n<li>Mercedes-Benz M-Class, W163, W164, W166, X166<\/li>\n<li>Mercedes-Benz R-Class, W251, W251.020, W251.021, W251.022, W251.023, W251.026, W251.054, W251.056, W251.065, W251.072, W251.075, W251.077<\/li>\n<li>Mercedes-Benz S-Class, C140, V140, V220, V221, V222, W140, W220, W221, W222<\/li>\n<li>Mercedes-Benz SL-Class, R129, R129.058, R129.059, R129.060, R129.061, R129.063, R129.064, R129.066, R129.067, R129.068, R129.070, R129.076, R230, R230.456, R230.467, R230.470, R230.471, R230.472, R230.474, R230.475, R230.476, R230.477, R230.479<\/li>\n<li>Mercedes-Benz SLK-Class, R170, R170.435, R170.444, R170.445, R170.447, R170.449, R170.465, R170.466, R171, R171.442, R171.445, R171.454, R171.456, R171.458, R171.473, R172, R172.403, R172.434, R172.438, R172.447, R172.448, R172.457, R172.475<\/li>\n<li>Mercedes-Benz V-Class, W447, W447.811, W447.813, W447.815, W639<\/li>\n<li><\/ul>\n<p><\/p>","protected":false},"excerpt":{"rendered":"<p><b>OEM:<\/b> 2019900050<\/p>\n","protected":false},"featured_media":8214,"template":"","meta":[],"product_cat":[25,80],"product_tag":[],"bundled_by":[],"bundle_stock_status":"instock","bundle_stock_quantity":null,"bundle_virtual":false,"bundle_layout":"","bundle_add_to_cart_form_location":"","bundle_editable_in_cart":false,"bundle_sold_individually_context":"","bundle_item_grouping":"","bundle_min_size":"","bundle_max_size":"","bundled_items":[],"yoast_head":"<!-- This site is optimized with the Yoast SEO Premium plugin v16.6 (Yoast SEO v20.1) - https:\/\/yoast.com\/wordpress\/plugins\/seo\/ -->\n<title>C1392 - Autoclipsuri, Cre\u021b - atg.md<\/title>\n<meta name=\"robots\" content=\"index, follow, max-snippet:-1, max-image-preview:large, max-video-preview:-1\" \/>\n<link rel=\"canonical\" href=\"https:\/\/atg.md\/ro\/catalog\/autoclipsuri\/figurnye\/c1392\/\" \/>\n<meta property=\"og:locale\" content=\"ro_RO\" \/>\n<meta property=\"og:type\" content=\"article\" \/>\n<meta property=\"og:title\" content=\"C1392 - Autoclipsuri, Cre\u021b - atg.md\" \/>\n<meta property=\"og:description\" content=\"OEM: 2019900050\" \/>\n<meta property=\"og:url\" content=\"https:\/\/atg.md\/ro\/wp-json\/wp\/v2\/product\/8213\" \/>\n<meta property=\"og:site_name\" content=\"atg.md\" \/>\n<meta property=\"article:modified_time\" content=\"2024-07-05T07:07:39+00:00\" \/>\n<meta property=\"og:image\" content=\"https:\/\/atg.md\/wp-content\/uploads\/2021\/03\/c1392.jpg\" \/>\n\t<meta property=\"og:image:width\" content=\"600\" \/>\n\t<meta property=\"og:image:height\" content=\"600\" \/>\n\t<meta property=\"og:image:type\" content=\"image\/jpeg\" \/>\n<meta name=\"twitter:card\" content=\"summary_large_image\" \/>\n<meta name=\"twitter:label1\" content=\"Pre\u021b\" \/>\n\t<meta name=\"twitter:data1\" content=\"8.00&nbsp;MDL\" \/>\n\t<meta name=\"twitter:label2\" content=\"Availability\" \/>\n\t<meta name=\"twitter:data2\" content=\"In stock\" \/>\n<script type=\"application\/ld+json\" class=\"yoast-schema-graph\">{\"@context\":\"https:\/\/schema.org\",\"@graph\":[{\"@type\":\"WebPage\",\"@id\":\"https:\/\/atg.md\/ro\/catalog\/autoclipsuri\/figurnye\/c1392\/\",\"url\":\"https:\/\/atg.md\/ro\/catalog\/autoclipsuri\/figurnye\/c1392\/\",\"name\":\"C1392 - Autoclipsuri, Cre\u021b - atg.md\",\"isPartOf\":{\"@id\":\"https:\/\/atg.md\/ro\/#website\"},\"datePublished\":\"2021-03-30T09:14:25+00:00\",\"dateModified\":\"2024-07-05T07:07:39+00:00\",\"breadcrumb\":{\"@id\":\"https:\/\/atg.md\/ro\/catalog\/autoclipsuri\/figurnye\/c1392\/#breadcrumb\"},\"inLanguage\":\"ro-RO\",\"potentialAction\":[{\"@type\":\"ReadAction\",\"target\":[[\"https:\/\/atg.md\/ro\/catalog\/autoclipsuri\/figurnye\/c1392\/\"]]}]},{\"@type\":\"BreadcrumbList\",\"@id\":\"https:\/\/atg.md\/ro\/catalog\/autoclipsuri\/figurnye\/c1392\/#breadcrumb\",\"itemListElement\":[{\"@type\":\"ListItem\",\"position\":1,\"name\":\"Home\",\"item\":\"https:\/\/atg.md\/ro\/\"},{\"@type\":\"ListItem\",\"position\":2,\"name\":\"\u041a\u0430\u0442\u0430\u043b\u043e\u0433\",\"item\":\"https:\/\/atg.md\/ro\/catalog\/\"},{\"@type\":\"ListItem\",\"position\":3,\"name\":\"C1392\"}]},{\"@type\":\"WebSite\",\"@id\":\"https:\/\/atg.md\/ro\/#website\",\"url\":\"https:\/\/atg.md\/ro\/\",\"name\":\"atg.md\",\"description\":\"V\u00e2nzare de izola\u021bii \u00eempotriva vibra\u021biilor pentru ma\u0219ini, izola\u021bie termic\u0103, izolare fonic\u0103 de la cei mai buni produc\u0103tori, autoclipsuri, elemente de fixare auto. Cump\u0103ra\u021bi \u00een Moldova, Chi\u0219in\u0103u\",\"publisher\":{\"@id\":\"https:\/\/atg.md\/ro\/#organization\"},\"potentialAction\":[{\"@type\":\"SearchAction\",\"target\":{\"@type\":\"EntryPoint\",\"urlTemplate\":\"https:\/\/atg.md\/ro\/?s={search_term_string}\"},\"query-input\":\"required name=search_term_string\"}],\"inLanguage\":\"ro-RO\"},{\"@type\":[\"Organization\",\"Place\",\"AutoPartsStore\"],\"@id\":\"https:\/\/atg.md\/ro\/#organization\",\"name\":\"S.C. AUTOTOM GRUP S.R.L.\",\"url\":\"https:\/\/atg.md\/ro\/\",\"logo\":{\"@type\":\"ImageObject\",\"inLanguage\":\"ro-RO\",\"@id\":\"https:\/\/atg.md\/ro\/#\/schema\/logo\/image\/\",\"url\":\"https:\/\/i2.wp.com\/atg.md\/wp-content\/uploads\/2021\/05\/atg_logo_main.png?fit=656%2C569&ssl=1\",\"contentUrl\":\"https:\/\/i2.wp.com\/atg.md\/wp-content\/uploads\/2021\/05\/atg_logo_main.png?fit=656%2C569&ssl=1\",\"width\":656,\"height\":569,\"caption\":\"S.C. AUTOTOM GRUP S.R.L.\"},\"image\":{\"@id\":\"https:\/\/atg.md\/ro\/#\/schema\/logo\/image\/\"},\"location\":{\"@id\":\"https:\/\/atg.md\/ro\/catalog\/autoclipsuri\/figurnye\/c1392\/#local-place\"},\"address\":{\"@id\":\"https:\/\/atg.md\/ro\/catalog\/autoclipsuri\/figurnye\/c1392\/#local-place-address\"},\"email\":\"atgtvv@gmail.com\",\"telephone\":\"+37369644446\",\"areaServed\":\"Moldova\"},{\"@type\":\"Place\",\"@id\":\"https:\/\/atg.md\/ro\/catalog\/autoclipsuri\/figurnye\/c1392\/#local-place\",\"address\":{\"@type\":\"PostalAddress\",\"@id\":\"https:\/\/atg.md\/ro\/catalog\/autoclipsuri\/figurnye\/c1392\/#local-place-address\",\"streetAddress\":\"str. Alba-Iulia 77\/20\",\"addressLocality\":\"Chisinau\",\"postalCode\":\"2043\",\"addressRegion\":\"mun. Chisinau\",\"addressCountry\":\"MD\"},\"geo\":{\"@type\":\"GeoCoordinates\",\"latitude\":\"47.0376\",\"longitude\":\"28.76899\"},\"openingHoursSpecification\":[{\"@type\":\"OpeningHoursSpecification\",\"dayOfWeek\":[\"Monday\",\"Tuesday\",\"Wednesday\",\"Thursday\",\"Friday\"],\"opens\":\"09:00\",\"closes\":\"18:00\"},{\"@type\":\"OpeningHoursSpecification\",\"dayOfWeek\":[\"Saturday\"],\"opens\":\"09:00\",\"closes\":\"14:00\"},{\"@type\":\"OpeningHoursSpecification\",\"dayOfWeek\":[\"Sunday\"],\"opens\":\"00:00\",\"closes\":\"00:00\"}],\"telephone\":\"+37369644446\"}]}<\/script>\n<meta name=\"geo.placename\" content=\"Chisinau\" \/>\n<meta name=\"geo.position\" content=\"47.0376;28.76899\" \/>\n<meta name=\"geo.region\" content=\"Moldova\" \/>\n<!-- \/ Yoast SEO Premium plugin. -->","yoast_head_json":{"title":"C1392 - Autoclipsuri, Cre\u021b - atg.md","robots":{"index":"index","follow":"follow","max-snippet":"max-snippet:-1","max-image-preview":"max-image-preview:large","max-video-preview":"max-video-preview:-1"},"canonical":"https:\/\/atg.md\/ro\/catalog\/autoclipsuri\/figurnye\/c1392\/","og_locale":"ro_RO","og_type":"article","og_title":"C1392 - Autoclipsuri, Cre\u021b - atg.md","og_description":"OEM: 2019900050","og_url":"https:\/\/atg.md\/ro\/wp-json\/wp\/v2\/product\/8213","og_site_name":"atg.md","article_modified_time":"2024-07-05T07:07:39+00:00","og_image":[{"width":600,"height":600,"url":"https:\/\/atg.md\/wp-content\/uploads\/2021\/03\/c1392.jpg","type":"image\/jpeg"}],"twitter_card":"summary_large_image","twitter_misc":{"Pre\u021b":"8.00&nbsp;MDL","Availability":"In stock"},"schema":{"@context":"https:\/\/schema.org","@graph":[{"@type":"WebPage","@id":"https:\/\/atg.md\/ro\/catalog\/autoclipsuri\/figurnye\/c1392\/","url":"https:\/\/atg.md\/ro\/catalog\/autoclipsuri\/figurnye\/c1392\/","name":"C1392 - Autoclipsuri, Cre\u021b - atg.md","isPartOf":{"@id":"https:\/\/atg.md\/ro\/#website"},"datePublished":"2021-03-30T09:14:25+00:00","dateModified":"2024-07-05T07:07:39+00:00","breadcrumb":{"@id":"https:\/\/atg.md\/ro\/catalog\/autoclipsuri\/figurnye\/c1392\/#breadcrumb"},"inLanguage":"ro-RO","potentialAction":[{"@type":"ReadAction","target":[["https:\/\/atg.md\/ro\/catalog\/autoclipsuri\/figurnye\/c1392\/"]]}]},{"@type":"BreadcrumbList","@id":"https:\/\/atg.md\/ro\/catalog\/autoclipsuri\/figurnye\/c1392\/#breadcrumb","itemListElement":[{"@type":"ListItem","position":1,"name":"Home","item":"https:\/\/atg.md\/ro\/"},{"@type":"ListItem","position":2,"name":"\u041a\u0430\u0442\u0430\u043b\u043e\u0433","item":"https:\/\/atg.md\/ro\/catalog\/"},{"@type":"ListItem","position":3,"name":"C1392"}]},{"@type":"WebSite","@id":"https:\/\/atg.md\/ro\/#website","url":"https:\/\/atg.md\/ro\/","name":"atg.md","description":"V\u00e2nzare de izola\u021bii \u00eempotriva vibra\u021biilor pentru ma\u0219ini, izola\u021bie termic\u0103, izolare fonic\u0103 de la cei mai buni produc\u0103tori, autoclipsuri, elemente de fixare auto. Cump\u0103ra\u021bi \u00een Moldova, Chi\u0219in\u0103u","publisher":{"@id":"https:\/\/atg.md\/ro\/#organization"},"potentialAction":[{"@type":"SearchAction","target":{"@type":"EntryPoint","urlTemplate":"https:\/\/atg.md\/ro\/?s={search_term_string}"},"query-input":"required name=search_term_string"}],"inLanguage":"ro-RO"},{"@type":["Organization","Place","AutoPartsStore"],"@id":"https:\/\/atg.md\/ro\/#organization","name":"S.C. AUTOTOM GRUP S.R.L.","url":"https:\/\/atg.md\/ro\/","logo":{"@type":"ImageObject","inLanguage":"ro-RO","@id":"https:\/\/atg.md\/ro\/#\/schema\/logo\/image\/","url":"https:\/\/i2.wp.com\/atg.md\/wp-content\/uploads\/2021\/05\/atg_logo_main.png?fit=656%2C569&ssl=1","contentUrl":"https:\/\/i2.wp.com\/atg.md\/wp-content\/uploads\/2021\/05\/atg_logo_main.png?fit=656%2C569&ssl=1","width":656,"height":569,"caption":"S.C. AUTOTOM GRUP S.R.L."},"image":{"@id":"https:\/\/atg.md\/ro\/#\/schema\/logo\/image\/"},"location":{"@id":"https:\/\/atg.md\/ro\/catalog\/autoclipsuri\/figurnye\/c1392\/#local-place"},"address":{"@id":"https:\/\/atg.md\/ro\/catalog\/autoclipsuri\/figurnye\/c1392\/#local-place-address"},"email":"atgtvv@gmail.com","telephone":"+37369644446","areaServed":"Moldova"},{"@type":"Place","@id":"https:\/\/atg.md\/ro\/catalog\/autoclipsuri\/figurnye\/c1392\/#local-place","address":{"@type":"PostalAddress","@id":"https:\/\/atg.md\/ro\/catalog\/autoclipsuri\/figurnye\/c1392\/#local-place-address","streetAddress":"str. Alba-Iulia 77\/20","addressLocality":"Chisinau","postalCode":"2043","addressRegion":"mun. Chisinau","addressCountry":"MD"},"geo":{"@type":"GeoCoordinates","latitude":"47.0376","longitude":"28.76899"},"openingHoursSpecification":[{"@type":"OpeningHoursSpecification","dayOfWeek":["Monday","Tuesday","Wednesday","Thursday","Friday"],"opens":"09:00","closes":"18:00"},{"@type":"OpeningHoursSpecification","dayOfWeek":["Saturday"],"opens":"09:00","closes":"14:00"},{"@type":"OpeningHoursSpecification","dayOfWeek":["Sunday"],"opens":"00:00","closes":"00:00"}],"telephone":"+37369644446"}]}},"_links":{"self":[{"href":"https:\/\/atg.md\/ro\/wp-json\/wp\/v2\/product\/8213"}],"collection":[{"href":"https:\/\/atg.md\/ro\/wp-json\/wp\/v2\/product"}],"about":[{"href":"https:\/\/atg.md\/ro\/wp-json\/wp\/v2\/types\/product"}],"wp:featuredmedia":[{"embeddable":true,"href":"https:\/\/atg.md\/ro\/wp-json\/wp\/v2\/media\/8214"}],"wp:attachment":[{"href":"https:\/\/atg.md\/ro\/wp-json\/wp\/v2\/media?parent=8213"}],"wp:term":[{"taxonomy":"product_cat","embeddable":true,"href":"https:\/\/atg.md\/ro\/wp-json\/wp\/v2\/product_cat?post=8213"},{"taxonomy":"product_tag","embeddable":true,"href":"https:\/\/atg.md\/ro\/wp-json\/wp\/v2\/product_tag?post=8213"}],"curies":[{"name":"wp","href":"https:\/\/api.w.org\/{rel}","templated":true}]}}