{"id":8205,"date":"2021-03-30T09:14:11","date_gmt":"2021-03-30T09:14:11","guid":{"rendered":"http:\/\/atg.md\/product\/c1386\/"},"modified":"2024-07-05T07:07:37","modified_gmt":"2024-07-05T07:07:37","slug":"c1386","status":"publish","type":"product","link":"https:\/\/atg.md\/ro\/catalog\/autoclipsuri\/figurnye\/c1386\/","title":{"rendered":"C1386"},"content":{"rendered":"<p><strong>Modele:<\/strong><\/p>\n<ul>\n<li>Chevrolet Cruze, HR51S, HR52S, HR81S, HR82S, ME34S<\/li>\n<li>Suzuki Alto, CL22V, CM22V, CR22S, CS22S, FC31A, FC31S, FC3A1, HA11S, HA12S, HA12V, HA21S, HA22S, HA23S, HA23V, HA24S, HA24V, HA62S, HB11S, HB21S, HC11V, HD11V<\/li>\n<li>Suzuki Cappuccino, EA11R, EA21R<\/li>\n<li>Suzuki Carry Truck, DA64V, DA64W<\/li>\n<li>Suzuki Cervo, CN21S, CN22S, CN31S, CN32S, CP21S, CP22S, CP31S, CP32S, HG21S<\/li>\n<li>Suzuki Cultus Crescent, AA34S, AA44S, AB34S, AB44S, AF34S, AH14S, AH64S, AJ14S, AJ64S, AK34S<\/li>\n<li>Suzuki Cultus, AA34S, AA44S, AB34S, AB44S, AF34S, AH14S, AH64S, AJ14S, AJ64S, AK34S<\/li>\n<li>Suzuki Escudo, TA01R, TA01W, TA02W, TA11W, TA31W, TA51W, TA52W, TA74W, TD01W, TD02W, TD11W, TD31W, TD32W, TD51W, TD52W, TD54W, TD61W, TD62W, TD94W, TL52W, TX92W<\/li>\n<li>Suzuki Esteem, AA34S, AA44S, AB34S, AB44S, AF34S, AH14S, AH64S, AJ14S, AJ64S, AK34S<\/li>\n<li>Suzuki Every, DA64V, DA64W<\/li>\n<li>Suzuki Grand Vitara XL-7, TX83V, TX92V, TY92V<\/li>\n<li>Suzuki Grand Vitara, TA04V, TA0D1, TA44V, TA74V, TA7D1, TAA4V, TD041, TD042, TD044, TD047, TD04V, TD0D1, TD0D2, TD0D3, TD0D4, TD0D6, TD0D7, TD148, TD149, TD14V, TD1D8, TD1D9, TD44V, TD54V, TD941, TD943, TD944, TD945, TD947, TD94V, TDA4V, TDA4W, TDB4V, TE041, TE042, TE044, TE047, TE04V, TE0D1, TE0D2, TE0D4, TE0D5, TE0D6, TE0D7, TE148, TE149, TE54V, TE941, TE943, TE944, TE945, TE947, TE94V, TEA4V<\/li>\n<li>Suzuki Ignis, HV51S, HV81S, HX51S, HX81S, HX91S, HY51S, HY81S<\/li>\n<li>Suzuki Jimny, JA12C, JA12V, JA12W, JA22W, JB23W, JB32W, JB33W, JB43W<\/li>\n<li>Suzuki Kei, HN11S, HN12S, HN21S, HN22S, HT51S, HT81S<\/li>\n<li>Suzuki MR, MF21S<\/li>\n<li>Suzuki Swift, AA34S, AA35S, AA44S, AB34S, AB35S, AB44S, AC34S, AC35S, AD35S, AE35S, AH35S, AH44S, HN11S, HN12S, HN21S, HN22S, HT51S, HT81S<\/li>\n<li>Suzuki Twin, EC22S<\/li>\n<li>Suzuki Vitara, A01C0, A01V0, TA01C, TA01V, TA02C, TA02V, TC01C, TC02C, TD01V, TD02V, TD03V, TD21V, TE01V, TE02V, TE21V<\/li>\n<li>Suzuki Wagon R Plus, CT21S, CT51S, CV21S, CV51S, MA15S, MA34S, MA61S, MA63S, MA64S, MB61S, MC11S, MC12S, MC21S, MC22S, MH21S, MH22S<\/li>\n<li>Suzuki Wagon R Solio, CT21S, CT51S, CV21S, CV51S, MA34S, MA61S, MA63S, MA64S, MB61S, MC11S, MC12S, MC21S, MC22S, MH21S, MH22S<\/li>\n<li>Suzuki Wagon R Wide, CT21S, CT51S, CV21S, CV51S, MA34S, MA61S, MA63S, MA64S, MB61S, MC11S, MC12S, MC21S, MC22S, MH21S, MH22S<\/li>\n<li>Suzuki Wagon R, CT21S<\/li>\n<li>Suzuki X-90, LB11S<\/li>\n<li><\/ul>\n<p><\/p>","protected":false},"excerpt":{"rendered":"<p><b>OEM:<\/b> 09148-05042, 0914805042<\/p>\n","protected":false},"featured_media":8206,"template":"","meta":[],"product_cat":[25,80],"product_tag":[],"bundled_by":[],"bundle_stock_status":"instock","bundle_stock_quantity":null,"bundle_virtual":false,"bundle_layout":"","bundle_add_to_cart_form_location":"","bundle_editable_in_cart":false,"bundle_sold_individually_context":"","bundle_item_grouping":"","bundle_min_size":"","bundle_max_size":"","bundled_items":[],"yoast_head":"<!-- This site is optimized with the Yoast SEO Premium plugin v16.6 (Yoast SEO v20.1) - https:\/\/yoast.com\/wordpress\/plugins\/seo\/ -->\n<title>C1386 - Autoclipsuri, Cre\u021b - atg.md<\/title>\n<meta name=\"robots\" content=\"index, follow, max-snippet:-1, max-image-preview:large, max-video-preview:-1\" \/>\n<link rel=\"canonical\" href=\"https:\/\/atg.md\/ro\/catalog\/autoclipsuri\/figurnye\/c1386\/\" \/>\n<meta property=\"og:locale\" content=\"ro_RO\" \/>\n<meta property=\"og:type\" content=\"article\" \/>\n<meta property=\"og:title\" content=\"C1386 - Autoclipsuri, Cre\u021b - atg.md\" \/>\n<meta property=\"og:description\" content=\"OEM: 09148-05042, 0914805042\" \/>\n<meta property=\"og:url\" content=\"https:\/\/atg.md\/ro\/wp-json\/wp\/v2\/product\/8205\" \/>\n<meta property=\"og:site_name\" content=\"atg.md\" \/>\n<meta property=\"article:modified_time\" content=\"2024-07-05T07:07:37+00:00\" \/>\n<meta property=\"og:image\" content=\"https:\/\/atg.md\/wp-content\/uploads\/2021\/03\/c1386.jpg\" \/>\n\t<meta property=\"og:image:width\" content=\"600\" \/>\n\t<meta property=\"og:image:height\" content=\"600\" \/>\n\t<meta property=\"og:image:type\" content=\"image\/jpeg\" \/>\n<meta name=\"twitter:card\" content=\"summary_large_image\" \/>\n<meta name=\"twitter:label1\" content=\"Pre\u021b\" \/>\n\t<meta name=\"twitter:data1\" content=\"7.00&nbsp;MDL\" \/>\n\t<meta name=\"twitter:label2\" content=\"Availability\" \/>\n\t<meta name=\"twitter:data2\" content=\"In stock\" \/>\n<script type=\"application\/ld+json\" class=\"yoast-schema-graph\">{\"@context\":\"https:\/\/schema.org\",\"@graph\":[{\"@type\":\"WebPage\",\"@id\":\"https:\/\/atg.md\/ro\/catalog\/autoclipsuri\/figurnye\/c1386\/\",\"url\":\"https:\/\/atg.md\/ro\/catalog\/autoclipsuri\/figurnye\/c1386\/\",\"name\":\"C1386 - Autoclipsuri, Cre\u021b - atg.md\",\"isPartOf\":{\"@id\":\"https:\/\/atg.md\/ro\/#website\"},\"datePublished\":\"2021-03-30T09:14:11+00:00\",\"dateModified\":\"2024-07-05T07:07:37+00:00\",\"breadcrumb\":{\"@id\":\"https:\/\/atg.md\/ro\/catalog\/autoclipsuri\/figurnye\/c1386\/#breadcrumb\"},\"inLanguage\":\"ro-RO\",\"potentialAction\":[{\"@type\":\"ReadAction\",\"target\":[[\"https:\/\/atg.md\/ro\/catalog\/autoclipsuri\/figurnye\/c1386\/\"]]}]},{\"@type\":\"BreadcrumbList\",\"@id\":\"https:\/\/atg.md\/ro\/catalog\/autoclipsuri\/figurnye\/c1386\/#breadcrumb\",\"itemListElement\":[{\"@type\":\"ListItem\",\"position\":1,\"name\":\"Home\",\"item\":\"https:\/\/atg.md\/ro\/\"},{\"@type\":\"ListItem\",\"position\":2,\"name\":\"\u041a\u0430\u0442\u0430\u043b\u043e\u0433\",\"item\":\"https:\/\/atg.md\/ro\/catalog\/\"},{\"@type\":\"ListItem\",\"position\":3,\"name\":\"C1386\"}]},{\"@type\":\"WebSite\",\"@id\":\"https:\/\/atg.md\/ro\/#website\",\"url\":\"https:\/\/atg.md\/ro\/\",\"name\":\"atg.md\",\"description\":\"V\u00e2nzare de izola\u021bii \u00eempotriva vibra\u021biilor pentru ma\u0219ini, izola\u021bie termic\u0103, izolare fonic\u0103 de la cei mai buni produc\u0103tori, autoclipsuri, elemente de fixare auto. Cump\u0103ra\u021bi \u00een Moldova, Chi\u0219in\u0103u\",\"publisher\":{\"@id\":\"https:\/\/atg.md\/ro\/#organization\"},\"potentialAction\":[{\"@type\":\"SearchAction\",\"target\":{\"@type\":\"EntryPoint\",\"urlTemplate\":\"https:\/\/atg.md\/ro\/?s={search_term_string}\"},\"query-input\":\"required name=search_term_string\"}],\"inLanguage\":\"ro-RO\"},{\"@type\":[\"Organization\",\"Place\",\"AutoPartsStore\"],\"@id\":\"https:\/\/atg.md\/ro\/#organization\",\"name\":\"S.C. AUTOTOM GRUP S.R.L.\",\"url\":\"https:\/\/atg.md\/ro\/\",\"logo\":{\"@type\":\"ImageObject\",\"inLanguage\":\"ro-RO\",\"@id\":\"https:\/\/atg.md\/ro\/#\/schema\/logo\/image\/\",\"url\":\"https:\/\/i2.wp.com\/atg.md\/wp-content\/uploads\/2021\/05\/atg_logo_main.png?fit=656%2C569&ssl=1\",\"contentUrl\":\"https:\/\/i2.wp.com\/atg.md\/wp-content\/uploads\/2021\/05\/atg_logo_main.png?fit=656%2C569&ssl=1\",\"width\":656,\"height\":569,\"caption\":\"S.C. AUTOTOM GRUP S.R.L.\"},\"image\":{\"@id\":\"https:\/\/atg.md\/ro\/#\/schema\/logo\/image\/\"},\"location\":{\"@id\":\"https:\/\/atg.md\/ro\/catalog\/autoclipsuri\/figurnye\/c1386\/#local-place\"},\"address\":{\"@id\":\"https:\/\/atg.md\/ro\/catalog\/autoclipsuri\/figurnye\/c1386\/#local-place-address\"},\"email\":\"atgtvv@gmail.com\",\"telephone\":\"+37369644446\",\"areaServed\":\"Moldova\"},{\"@type\":\"Place\",\"@id\":\"https:\/\/atg.md\/ro\/catalog\/autoclipsuri\/figurnye\/c1386\/#local-place\",\"address\":{\"@type\":\"PostalAddress\",\"@id\":\"https:\/\/atg.md\/ro\/catalog\/autoclipsuri\/figurnye\/c1386\/#local-place-address\",\"streetAddress\":\"str. Alba-Iulia 77\/20\",\"addressLocality\":\"Chisinau\",\"postalCode\":\"2043\",\"addressRegion\":\"mun. Chisinau\",\"addressCountry\":\"MD\"},\"geo\":{\"@type\":\"GeoCoordinates\",\"latitude\":\"47.0376\",\"longitude\":\"28.76899\"},\"openingHoursSpecification\":[{\"@type\":\"OpeningHoursSpecification\",\"dayOfWeek\":[\"Monday\",\"Tuesday\",\"Wednesday\",\"Thursday\",\"Friday\"],\"opens\":\"09:00\",\"closes\":\"18:00\"},{\"@type\":\"OpeningHoursSpecification\",\"dayOfWeek\":[\"Saturday\"],\"opens\":\"09:00\",\"closes\":\"14:00\"},{\"@type\":\"OpeningHoursSpecification\",\"dayOfWeek\":[\"Sunday\"],\"opens\":\"00:00\",\"closes\":\"00:00\"}],\"telephone\":\"+37369644446\"}]}<\/script>\n<meta name=\"geo.placename\" content=\"Chisinau\" \/>\n<meta name=\"geo.position\" content=\"47.0376;28.76899\" \/>\n<meta name=\"geo.region\" content=\"Moldova\" \/>\n<!-- \/ Yoast SEO Premium plugin. -->","yoast_head_json":{"title":"C1386 - Autoclipsuri, Cre\u021b - atg.md","robots":{"index":"index","follow":"follow","max-snippet":"max-snippet:-1","max-image-preview":"max-image-preview:large","max-video-preview":"max-video-preview:-1"},"canonical":"https:\/\/atg.md\/ro\/catalog\/autoclipsuri\/figurnye\/c1386\/","og_locale":"ro_RO","og_type":"article","og_title":"C1386 - Autoclipsuri, Cre\u021b - atg.md","og_description":"OEM: 09148-05042, 0914805042","og_url":"https:\/\/atg.md\/ro\/wp-json\/wp\/v2\/product\/8205","og_site_name":"atg.md","article_modified_time":"2024-07-05T07:07:37+00:00","og_image":[{"width":600,"height":600,"url":"https:\/\/atg.md\/wp-content\/uploads\/2021\/03\/c1386.jpg","type":"image\/jpeg"}],"twitter_card":"summary_large_image","twitter_misc":{"Pre\u021b":"7.00&nbsp;MDL","Availability":"In stock"},"schema":{"@context":"https:\/\/schema.org","@graph":[{"@type":"WebPage","@id":"https:\/\/atg.md\/ro\/catalog\/autoclipsuri\/figurnye\/c1386\/","url":"https:\/\/atg.md\/ro\/catalog\/autoclipsuri\/figurnye\/c1386\/","name":"C1386 - Autoclipsuri, Cre\u021b - atg.md","isPartOf":{"@id":"https:\/\/atg.md\/ro\/#website"},"datePublished":"2021-03-30T09:14:11+00:00","dateModified":"2024-07-05T07:07:37+00:00","breadcrumb":{"@id":"https:\/\/atg.md\/ro\/catalog\/autoclipsuri\/figurnye\/c1386\/#breadcrumb"},"inLanguage":"ro-RO","potentialAction":[{"@type":"ReadAction","target":[["https:\/\/atg.md\/ro\/catalog\/autoclipsuri\/figurnye\/c1386\/"]]}]},{"@type":"BreadcrumbList","@id":"https:\/\/atg.md\/ro\/catalog\/autoclipsuri\/figurnye\/c1386\/#breadcrumb","itemListElement":[{"@type":"ListItem","position":1,"name":"Home","item":"https:\/\/atg.md\/ro\/"},{"@type":"ListItem","position":2,"name":"\u041a\u0430\u0442\u0430\u043b\u043e\u0433","item":"https:\/\/atg.md\/ro\/catalog\/"},{"@type":"ListItem","position":3,"name":"C1386"}]},{"@type":"WebSite","@id":"https:\/\/atg.md\/ro\/#website","url":"https:\/\/atg.md\/ro\/","name":"atg.md","description":"V\u00e2nzare de izola\u021bii \u00eempotriva vibra\u021biilor pentru ma\u0219ini, izola\u021bie termic\u0103, izolare fonic\u0103 de la cei mai buni produc\u0103tori, autoclipsuri, elemente de fixare auto. Cump\u0103ra\u021bi \u00een Moldova, Chi\u0219in\u0103u","publisher":{"@id":"https:\/\/atg.md\/ro\/#organization"},"potentialAction":[{"@type":"SearchAction","target":{"@type":"EntryPoint","urlTemplate":"https:\/\/atg.md\/ro\/?s={search_term_string}"},"query-input":"required name=search_term_string"}],"inLanguage":"ro-RO"},{"@type":["Organization","Place","AutoPartsStore"],"@id":"https:\/\/atg.md\/ro\/#organization","name":"S.C. AUTOTOM GRUP S.R.L.","url":"https:\/\/atg.md\/ro\/","logo":{"@type":"ImageObject","inLanguage":"ro-RO","@id":"https:\/\/atg.md\/ro\/#\/schema\/logo\/image\/","url":"https:\/\/i2.wp.com\/atg.md\/wp-content\/uploads\/2021\/05\/atg_logo_main.png?fit=656%2C569&ssl=1","contentUrl":"https:\/\/i2.wp.com\/atg.md\/wp-content\/uploads\/2021\/05\/atg_logo_main.png?fit=656%2C569&ssl=1","width":656,"height":569,"caption":"S.C. AUTOTOM GRUP S.R.L."},"image":{"@id":"https:\/\/atg.md\/ro\/#\/schema\/logo\/image\/"},"location":{"@id":"https:\/\/atg.md\/ro\/catalog\/autoclipsuri\/figurnye\/c1386\/#local-place"},"address":{"@id":"https:\/\/atg.md\/ro\/catalog\/autoclipsuri\/figurnye\/c1386\/#local-place-address"},"email":"atgtvv@gmail.com","telephone":"+37369644446","areaServed":"Moldova"},{"@type":"Place","@id":"https:\/\/atg.md\/ro\/catalog\/autoclipsuri\/figurnye\/c1386\/#local-place","address":{"@type":"PostalAddress","@id":"https:\/\/atg.md\/ro\/catalog\/autoclipsuri\/figurnye\/c1386\/#local-place-address","streetAddress":"str. Alba-Iulia 77\/20","addressLocality":"Chisinau","postalCode":"2043","addressRegion":"mun. Chisinau","addressCountry":"MD"},"geo":{"@type":"GeoCoordinates","latitude":"47.0376","longitude":"28.76899"},"openingHoursSpecification":[{"@type":"OpeningHoursSpecification","dayOfWeek":["Monday","Tuesday","Wednesday","Thursday","Friday"],"opens":"09:00","closes":"18:00"},{"@type":"OpeningHoursSpecification","dayOfWeek":["Saturday"],"opens":"09:00","closes":"14:00"},{"@type":"OpeningHoursSpecification","dayOfWeek":["Sunday"],"opens":"00:00","closes":"00:00"}],"telephone":"+37369644446"}]}},"_links":{"self":[{"href":"https:\/\/atg.md\/ro\/wp-json\/wp\/v2\/product\/8205"}],"collection":[{"href":"https:\/\/atg.md\/ro\/wp-json\/wp\/v2\/product"}],"about":[{"href":"https:\/\/atg.md\/ro\/wp-json\/wp\/v2\/types\/product"}],"wp:featuredmedia":[{"embeddable":true,"href":"https:\/\/atg.md\/ro\/wp-json\/wp\/v2\/media\/8206"}],"wp:attachment":[{"href":"https:\/\/atg.md\/ro\/wp-json\/wp\/v2\/media?parent=8205"}],"wp:term":[{"taxonomy":"product_cat","embeddable":true,"href":"https:\/\/atg.md\/ro\/wp-json\/wp\/v2\/product_cat?post=8205"},{"taxonomy":"product_tag","embeddable":true,"href":"https:\/\/atg.md\/ro\/wp-json\/wp\/v2\/product_tag?post=8205"}],"curies":[{"name":"wp","href":"https:\/\/api.w.org\/{rel}","templated":true}]}}