{"id":8165,"date":"2021-03-30T09:13:58","date_gmt":"2021-03-30T09:13:58","guid":{"rendered":"http:\/\/atg.md\/product\/c1350\/"},"modified":"2024-07-05T07:07:27","modified_gmt":"2024-07-05T07:07:27","slug":"c1350","status":"publish","type":"product","link":"https:\/\/atg.md\/ro\/catalog\/autoclipsuri\/vstavki\/c1350\/","title":{"rendered":"C1350"},"content":{"rendered":"<p><strong>Modele:<\/strong><\/p>\n<ul>\n<li>Toyota Alphard, ANH20W, ANH25W, ATH20W, GGH20W, GGH25W<\/li>\n<li>Toyota Aqua, NHP10H<\/li>\n<li>Toyota Auris, NZE151H, NZE154H, NZE181H, NZE184H, ZRE152H, ZRE154H, ZRE186H<\/li>\n<li>Toyota Avensis, AT220L, AZT250L, AZT250W, AZT251L, AZT251W, AZT255W, ST220L, ZRT272W, ZZT220L, ZZT251L<\/li>\n<li>Toyota Blade, AZE154H, AZE156H, GRE156H<\/li>\n<li>Toyota Caldina, AT211G, AZT241W, AZT246W, CT216G, ST210G, ST215G, ST215W, ST246W, ZZT241W<\/li>\n<li>Toyota Corolla Fielder, NKE165G, NZE141G, NZE144G, NZE161G, NZE164G, ZRE142G, ZRE144G, ZRE162G<\/li>\n<li>Toyota Corolla Rumion, NZE151N, ZRE152N, ZRE154N<\/li>\n<li>Toyota Corolla Spacio, AE111N, AE115N<\/li>\n<li>Toyota Dyna, XZU304D, XZU304H, XZU314D, XZU351D, XZU354D, XZU368D<\/li>\n<li>Toyota Echo, NCP12L<\/li>\n<li>Toyota Estima, ACR30W, ACR50W, ACR55W, AHR10W, AHR20W, GSR50W, GSR55W, MCR30W<\/li>\n<li>Toyota FJ Cruiser, GSJ10W, GSJ15W<\/li>\n<li>Toyota Gaia, ACM10G, ACM15G, CXM10G, SXM10G, SXM15G<\/li>\n<li>Toyota Harrier, AVU65W, ZSU60W, ZSU65W<\/li>\n<li>Toyota Hiace, KDH200K, KDH200V, KDH201K, KDH201V, KDH202L, KDH212L, KDH220K, KDH221K, KDH222B, KDH222L, KDH223B, KDH223L, TRH203L, TRH213L, TRH221K, TRH223B, TRH223L<\/li>\n<li>Toyota Highlander, ACU20L, ACU25L, GSU40L, MCU20L, MCU23L, MCU25L, MCU28L<\/li>\n<li>Toyota Hilux Surf, GRN215W, KDN215W, RZN210W, RZN215W, TRN210W, TRN215W, VZN210W, VZN215W<\/li>\n<li>Toyota Ipsum, ACM21W, ACM26W, CXM10G, SXM10G, SXM15G<\/li>\n<li>Toyota Kluger V, ACU20W, ACU25W, MCU20W, MCU25W, MHU28W<\/li>\n<li>Toyota Land Cruiser Prado, GRJ120W, GRJ121W, GRJ125W, GRJ150L, GRJ150W, GRJ151W, KDJ120W, KDJ121W, KDJ125W, RZJ120W, RZJ125W, TRJ120W, TRJ125W, TRJ150L, TRJ150W, VZJ120W, VZJ121W, VZJ125W<\/li>\n<li>Toyota Land Cruiser, HDJ100L, HDJ101K, HZJ105L, UZJ100L, UZJ100W<\/li>\n<li>Toyota Lite Ace Noah, CR40G, SR40G<\/li>\n<li>Toyota Lite Ace, CR41V, KR42V<\/li>\n<li>Toyota Matrix, AZE141L, AZE144L, AZE146L, ZRE142L<\/li>\n<li>Toyota Nadia, ACN10H, ACN15H, SXN10H, SXN15H<\/li>\n<li>Toyota Noah, AZR60G, AZR65G, ZRR70G, ZRR70W, ZRR75G, ZRR75W, ZRR80G, ZRR80W, ZRR85G, ZRR85W, ZWR80G, ZWR80W<\/li>\n<li>Toyota Picnic, CXM10L, SXM10L<\/li>\n<li>Toyota Prius a, ZVW40W, ZVW41W<\/li>\n<li>Toyota Prius, ZVW30L<\/li>\n<li>Toyota Probox, NCP50V, NCP51V, NCP52V, NCP55V, NCP58G, NCP59G, NLP51V<\/li>\n<li>Toyota RAV4, ACA20W, ACA21W, ACA31W, ACA36W, ZCA25W, ZCA26W<\/li>\n<li>Toyota Regius Ace, KDH200K, KDH200V, KDH201K, KDH201V, KDH205V, KDH206K, KDH206V, KDH211K, KDH220K, KDH221K, KDH223B, KDH225K, TRH200K, TRH200V, TRH211K, TRH216K, TRH221K, TRH223B, TRH226K, TRH228B<\/li>\n<li>Toyota Sequoia, UCK60L, UCK65L<\/li>\n<li>Toyota Sienta, NCP81G, NCP85G<\/li>\n<li>Toyota Succeed, NCP51V, NCP55V, NCP58G, NCP59G, NLP51V<\/li>\n<li>Toyota Town Ace Noah, CR40G, SR40G<\/li>\n<li>Toyota Town Ace, CR41V, KR42V<\/li>\n<li>Toyota ToyoAce, XZU304D, XZU304H, XZU314D, XZU351D, XZU354D, XZU368D<\/li>\n<li>Toyota Vellfire, ANH20W, ANH25W, ATH20W, GGH20W, GGH25W<\/li>\n<li>Toyota Voxy, AZR60G, AZR65G, ZRR70G, ZRR70W, ZRR75G, ZRR75W, ZRR80G, ZRR80W, ZRR85G, ZRR85W, ZWR80G, ZWR80W<\/li>\n<li>Toyota Wish, ANE10G, ANE11W, ZGE20G, ZGE20W, ZGE21G, ZGE22W, ZGE25G, ZGE25W, ZNE10G, ZNE14G<\/li>\n<li>Toyota Yaris, NCP130, NCP131<\/li>\n<li>Toyota iQ, NGJ10L<\/li>\n<\/ul>\n<p><\/p>","protected":false},"excerpt":{"rendered":"<p><b>OEM:<\/b> 4121J10-0014121J1000190189-05142, 9018905142<\/p>\n","protected":false},"featured_media":8166,"template":"","meta":[],"product_cat":[25,105],"product_tag":[],"bundled_by":[],"bundle_stock_status":"instock","bundle_stock_quantity":null,"bundle_virtual":false,"bundle_layout":"","bundle_add_to_cart_form_location":"","bundle_editable_in_cart":false,"bundle_sold_individually_context":"","bundle_item_grouping":"","bundle_min_size":"","bundle_max_size":"","bundled_items":[],"yoast_head":"<!-- This site is optimized with the Yoast SEO Premium plugin v16.6 (Yoast SEO v20.1) - https:\/\/yoast.com\/wordpress\/plugins\/seo\/ -->\n<title>C1350 - Autoclipsuri, Inserturi - atg.md<\/title>\n<meta name=\"robots\" content=\"index, follow, max-snippet:-1, max-image-preview:large, max-video-preview:-1\" \/>\n<link rel=\"canonical\" href=\"https:\/\/atg.md\/ro\/catalog\/autoclipsuri\/vstavki\/c1350\/\" \/>\n<meta property=\"og:locale\" content=\"ro_RO\" \/>\n<meta property=\"og:type\" content=\"article\" \/>\n<meta property=\"og:title\" content=\"C1350 - Autoclipsuri, Inserturi - atg.md\" \/>\n<meta property=\"og:description\" content=\"OEM: 4121J10-0014121J1000190189-05142, 9018905142\" \/>\n<meta property=\"og:url\" content=\"https:\/\/atg.md\/ro\/wp-json\/wp\/v2\/product\/8165\" \/>\n<meta property=\"og:site_name\" content=\"atg.md\" \/>\n<meta property=\"article:modified_time\" content=\"2024-07-05T07:07:27+00:00\" \/>\n<meta property=\"og:image\" content=\"https:\/\/atg.md\/wp-content\/uploads\/2021\/03\/c1350.jpg\" \/>\n\t<meta property=\"og:image:width\" content=\"600\" \/>\n\t<meta property=\"og:image:height\" content=\"600\" \/>\n\t<meta property=\"og:image:type\" content=\"image\/jpeg\" \/>\n<meta name=\"twitter:card\" content=\"summary_large_image\" \/>\n<meta name=\"twitter:label1\" content=\"Pre\u021b\" \/>\n\t<meta name=\"twitter:data1\" content=\"6.00&nbsp;MDL\" \/>\n\t<meta name=\"twitter:label2\" content=\"Availability\" \/>\n\t<meta name=\"twitter:data2\" content=\"In stock\" \/>\n<script type=\"application\/ld+json\" class=\"yoast-schema-graph\">{\"@context\":\"https:\/\/schema.org\",\"@graph\":[{\"@type\":\"WebPage\",\"@id\":\"https:\/\/atg.md\/ro\/catalog\/autoclipsuri\/vstavki\/c1350\/\",\"url\":\"https:\/\/atg.md\/ro\/catalog\/autoclipsuri\/vstavki\/c1350\/\",\"name\":\"C1350 - Autoclipsuri, Inserturi - atg.md\",\"isPartOf\":{\"@id\":\"https:\/\/atg.md\/ro\/#website\"},\"datePublished\":\"2021-03-30T09:13:58+00:00\",\"dateModified\":\"2024-07-05T07:07:27+00:00\",\"breadcrumb\":{\"@id\":\"https:\/\/atg.md\/ro\/catalog\/autoclipsuri\/vstavki\/c1350\/#breadcrumb\"},\"inLanguage\":\"ro-RO\",\"potentialAction\":[{\"@type\":\"ReadAction\",\"target\":[[\"https:\/\/atg.md\/ro\/catalog\/autoclipsuri\/vstavki\/c1350\/\"]]}]},{\"@type\":\"BreadcrumbList\",\"@id\":\"https:\/\/atg.md\/ro\/catalog\/autoclipsuri\/vstavki\/c1350\/#breadcrumb\",\"itemListElement\":[{\"@type\":\"ListItem\",\"position\":1,\"name\":\"Home\",\"item\":\"https:\/\/atg.md\/ro\/\"},{\"@type\":\"ListItem\",\"position\":2,\"name\":\"\u041a\u0430\u0442\u0430\u043b\u043e\u0433\",\"item\":\"https:\/\/atg.md\/ro\/catalog\/\"},{\"@type\":\"ListItem\",\"position\":3,\"name\":\"C1350\"}]},{\"@type\":\"WebSite\",\"@id\":\"https:\/\/atg.md\/ro\/#website\",\"url\":\"https:\/\/atg.md\/ro\/\",\"name\":\"atg.md\",\"description\":\"V\u00e2nzare de izola\u021bii \u00eempotriva vibra\u021biilor pentru ma\u0219ini, izola\u021bie termic\u0103, izolare fonic\u0103 de la cei mai buni produc\u0103tori, autoclipsuri, elemente de fixare auto. Cump\u0103ra\u021bi \u00een Moldova, Chi\u0219in\u0103u\",\"publisher\":{\"@id\":\"https:\/\/atg.md\/ro\/#organization\"},\"potentialAction\":[{\"@type\":\"SearchAction\",\"target\":{\"@type\":\"EntryPoint\",\"urlTemplate\":\"https:\/\/atg.md\/ro\/?s={search_term_string}\"},\"query-input\":\"required name=search_term_string\"}],\"inLanguage\":\"ro-RO\"},{\"@type\":[\"Organization\",\"Place\",\"AutoPartsStore\"],\"@id\":\"https:\/\/atg.md\/ro\/#organization\",\"name\":\"S.C. AUTOTOM GRUP S.R.L.\",\"url\":\"https:\/\/atg.md\/ro\/\",\"logo\":{\"@type\":\"ImageObject\",\"inLanguage\":\"ro-RO\",\"@id\":\"https:\/\/atg.md\/ro\/#\/schema\/logo\/image\/\",\"url\":\"https:\/\/i2.wp.com\/atg.md\/wp-content\/uploads\/2021\/05\/atg_logo_main.png?fit=656%2C569&ssl=1\",\"contentUrl\":\"https:\/\/i2.wp.com\/atg.md\/wp-content\/uploads\/2021\/05\/atg_logo_main.png?fit=656%2C569&ssl=1\",\"width\":656,\"height\":569,\"caption\":\"S.C. AUTOTOM GRUP S.R.L.\"},\"image\":{\"@id\":\"https:\/\/atg.md\/ro\/#\/schema\/logo\/image\/\"},\"location\":{\"@id\":\"https:\/\/atg.md\/ro\/catalog\/autoclipsuri\/vstavki\/c1350\/#local-place\"},\"address\":{\"@id\":\"https:\/\/atg.md\/ro\/catalog\/autoclipsuri\/vstavki\/c1350\/#local-place-address\"},\"email\":\"atgtvv@gmail.com\",\"telephone\":\"+37369644446\",\"areaServed\":\"Moldova\"},{\"@type\":\"Place\",\"@id\":\"https:\/\/atg.md\/ro\/catalog\/autoclipsuri\/vstavki\/c1350\/#local-place\",\"address\":{\"@type\":\"PostalAddress\",\"@id\":\"https:\/\/atg.md\/ro\/catalog\/autoclipsuri\/vstavki\/c1350\/#local-place-address\",\"streetAddress\":\"str. Alba-Iulia 77\/20\",\"addressLocality\":\"Chisinau\",\"postalCode\":\"2043\",\"addressRegion\":\"mun. Chisinau\",\"addressCountry\":\"MD\"},\"geo\":{\"@type\":\"GeoCoordinates\",\"latitude\":\"47.0376\",\"longitude\":\"28.76899\"},\"openingHoursSpecification\":[{\"@type\":\"OpeningHoursSpecification\",\"dayOfWeek\":[\"Monday\",\"Tuesday\",\"Wednesday\",\"Thursday\",\"Friday\"],\"opens\":\"09:00\",\"closes\":\"18:00\"},{\"@type\":\"OpeningHoursSpecification\",\"dayOfWeek\":[\"Saturday\"],\"opens\":\"09:00\",\"closes\":\"14:00\"},{\"@type\":\"OpeningHoursSpecification\",\"dayOfWeek\":[\"Sunday\"],\"opens\":\"00:00\",\"closes\":\"00:00\"}],\"telephone\":\"+37369644446\"}]}<\/script>\n<meta name=\"geo.placename\" content=\"Chisinau\" \/>\n<meta name=\"geo.position\" content=\"47.0376;28.76899\" \/>\n<meta name=\"geo.region\" content=\"Moldova\" \/>\n<!-- \/ Yoast SEO Premium plugin. -->","yoast_head_json":{"title":"C1350 - Autoclipsuri, Inserturi - atg.md","robots":{"index":"index","follow":"follow","max-snippet":"max-snippet:-1","max-image-preview":"max-image-preview:large","max-video-preview":"max-video-preview:-1"},"canonical":"https:\/\/atg.md\/ro\/catalog\/autoclipsuri\/vstavki\/c1350\/","og_locale":"ro_RO","og_type":"article","og_title":"C1350 - Autoclipsuri, Inserturi - atg.md","og_description":"OEM: 4121J10-0014121J1000190189-05142, 9018905142","og_url":"https:\/\/atg.md\/ro\/wp-json\/wp\/v2\/product\/8165","og_site_name":"atg.md","article_modified_time":"2024-07-05T07:07:27+00:00","og_image":[{"width":600,"height":600,"url":"https:\/\/atg.md\/wp-content\/uploads\/2021\/03\/c1350.jpg","type":"image\/jpeg"}],"twitter_card":"summary_large_image","twitter_misc":{"Pre\u021b":"6.00&nbsp;MDL","Availability":"In stock"},"schema":{"@context":"https:\/\/schema.org","@graph":[{"@type":"WebPage","@id":"https:\/\/atg.md\/ro\/catalog\/autoclipsuri\/vstavki\/c1350\/","url":"https:\/\/atg.md\/ro\/catalog\/autoclipsuri\/vstavki\/c1350\/","name":"C1350 - Autoclipsuri, Inserturi - atg.md","isPartOf":{"@id":"https:\/\/atg.md\/ro\/#website"},"datePublished":"2021-03-30T09:13:58+00:00","dateModified":"2024-07-05T07:07:27+00:00","breadcrumb":{"@id":"https:\/\/atg.md\/ro\/catalog\/autoclipsuri\/vstavki\/c1350\/#breadcrumb"},"inLanguage":"ro-RO","potentialAction":[{"@type":"ReadAction","target":[["https:\/\/atg.md\/ro\/catalog\/autoclipsuri\/vstavki\/c1350\/"]]}]},{"@type":"BreadcrumbList","@id":"https:\/\/atg.md\/ro\/catalog\/autoclipsuri\/vstavki\/c1350\/#breadcrumb","itemListElement":[{"@type":"ListItem","position":1,"name":"Home","item":"https:\/\/atg.md\/ro\/"},{"@type":"ListItem","position":2,"name":"\u041a\u0430\u0442\u0430\u043b\u043e\u0433","item":"https:\/\/atg.md\/ro\/catalog\/"},{"@type":"ListItem","position":3,"name":"C1350"}]},{"@type":"WebSite","@id":"https:\/\/atg.md\/ro\/#website","url":"https:\/\/atg.md\/ro\/","name":"atg.md","description":"V\u00e2nzare de izola\u021bii \u00eempotriva vibra\u021biilor pentru ma\u0219ini, izola\u021bie termic\u0103, izolare fonic\u0103 de la cei mai buni produc\u0103tori, autoclipsuri, elemente de fixare auto. Cump\u0103ra\u021bi \u00een Moldova, Chi\u0219in\u0103u","publisher":{"@id":"https:\/\/atg.md\/ro\/#organization"},"potentialAction":[{"@type":"SearchAction","target":{"@type":"EntryPoint","urlTemplate":"https:\/\/atg.md\/ro\/?s={search_term_string}"},"query-input":"required name=search_term_string"}],"inLanguage":"ro-RO"},{"@type":["Organization","Place","AutoPartsStore"],"@id":"https:\/\/atg.md\/ro\/#organization","name":"S.C. AUTOTOM GRUP S.R.L.","url":"https:\/\/atg.md\/ro\/","logo":{"@type":"ImageObject","inLanguage":"ro-RO","@id":"https:\/\/atg.md\/ro\/#\/schema\/logo\/image\/","url":"https:\/\/i2.wp.com\/atg.md\/wp-content\/uploads\/2021\/05\/atg_logo_main.png?fit=656%2C569&ssl=1","contentUrl":"https:\/\/i2.wp.com\/atg.md\/wp-content\/uploads\/2021\/05\/atg_logo_main.png?fit=656%2C569&ssl=1","width":656,"height":569,"caption":"S.C. AUTOTOM GRUP S.R.L."},"image":{"@id":"https:\/\/atg.md\/ro\/#\/schema\/logo\/image\/"},"location":{"@id":"https:\/\/atg.md\/ro\/catalog\/autoclipsuri\/vstavki\/c1350\/#local-place"},"address":{"@id":"https:\/\/atg.md\/ro\/catalog\/autoclipsuri\/vstavki\/c1350\/#local-place-address"},"email":"atgtvv@gmail.com","telephone":"+37369644446","areaServed":"Moldova"},{"@type":"Place","@id":"https:\/\/atg.md\/ro\/catalog\/autoclipsuri\/vstavki\/c1350\/#local-place","address":{"@type":"PostalAddress","@id":"https:\/\/atg.md\/ro\/catalog\/autoclipsuri\/vstavki\/c1350\/#local-place-address","streetAddress":"str. Alba-Iulia 77\/20","addressLocality":"Chisinau","postalCode":"2043","addressRegion":"mun. Chisinau","addressCountry":"MD"},"geo":{"@type":"GeoCoordinates","latitude":"47.0376","longitude":"28.76899"},"openingHoursSpecification":[{"@type":"OpeningHoursSpecification","dayOfWeek":["Monday","Tuesday","Wednesday","Thursday","Friday"],"opens":"09:00","closes":"18:00"},{"@type":"OpeningHoursSpecification","dayOfWeek":["Saturday"],"opens":"09:00","closes":"14:00"},{"@type":"OpeningHoursSpecification","dayOfWeek":["Sunday"],"opens":"00:00","closes":"00:00"}],"telephone":"+37369644446"}]}},"_links":{"self":[{"href":"https:\/\/atg.md\/ro\/wp-json\/wp\/v2\/product\/8165"}],"collection":[{"href":"https:\/\/atg.md\/ro\/wp-json\/wp\/v2\/product"}],"about":[{"href":"https:\/\/atg.md\/ro\/wp-json\/wp\/v2\/types\/product"}],"wp:featuredmedia":[{"embeddable":true,"href":"https:\/\/atg.md\/ro\/wp-json\/wp\/v2\/media\/8166"}],"wp:attachment":[{"href":"https:\/\/atg.md\/ro\/wp-json\/wp\/v2\/media?parent=8165"}],"wp:term":[{"taxonomy":"product_cat","embeddable":true,"href":"https:\/\/atg.md\/ro\/wp-json\/wp\/v2\/product_cat?post=8165"},{"taxonomy":"product_tag","embeddable":true,"href":"https:\/\/atg.md\/ro\/wp-json\/wp\/v2\/product_tag?post=8165"}],"curies":[{"name":"wp","href":"https:\/\/api.w.org\/{rel}","templated":true}]}}