{"id":8053,"date":"2021-03-30T09:13:30","date_gmt":"2021-03-30T09:13:30","guid":{"rendered":"http:\/\/atg.md\/product\/c1274\/"},"modified":"2024-07-05T07:06:57","modified_gmt":"2024-07-05T07:06:57","slug":"c1274","status":"publish","type":"product","link":"https:\/\/atg.md\/ro\/catalog\/autoclipsuri\/nazhimnye-zaglushki\/c1274\/","title":{"rendered":"C1274"},"content":{"rendered":"<p><strong>Modele:<\/strong><\/p>\n<ul>\n<li>\nFord Festiva, <\/p>\n<li>D23PF, D25PF,<br \/>\nDW3WF, DW5WF<\/p>\n<li><\/li>\n<li>Ford Telstar,\n<li>CG2PPF, CG2SPF, CG2SRF, GE5PF, GE8PF, GEEPF, GEFPF, GESRF, GF8PF, GFEPF,<br \/>\nGFERF, GFFPF, GV8WF, GVERF, GVEWF, GVFRF, GVFWF, GW5RF, GW8WF, GWERF, GWEWF,<br \/>\nGWFWF<\/p>\n<li><\/li>\n<li>Mazda 323F,\n<li>BA\n<li><\/li>\n<li>Mazda 626,\n<li>GE, GF, GW\n<li><\/li>\n<li>Mazda Atenza,\n<li>GG3P, GG3S, GGEP, GGES, GH5AP, GH5AS, GH5AW, GH5FP, GH5FS, GH5FW, GHEFP,<br \/>\nGHEFS, GHEFW, GY3W, GYEW<\/p>\n<li><\/li>\n<li>Mazda Autozam Clef,\n<li>GE5PA, GEEPA, GESRA\n<li><\/li>\n<li>Mazda Axela,\n<li>BK3P, BK5P, BKEP\n<li><\/li>\n<li>Mazda B-Series,\n<li>UN\n<li><\/li>\n<li>Mazda BT-50,\n<li>UN\n<li><\/li>\n<li>Mazda Biante,\n<li>CC3FW, CCEAW, CCEFW\n<li><\/li>\n<li>Mazda CX-3,\n<li>DK\n<li><\/li>\n<li>Mazda CX-5,\n<li>KE, KF\n<li><\/li>\n<li>Mazda CX-7,\n<li>ER, ER3P\n<li><\/li>\n<li>Mazda CX-9,\n<li>TB, TC\n<li><\/li>\n<li>Mazda Capella,\n<li>CG2PP, CG2SP, CG2SR, GF8P, GFEP, GFER, GFFP, GV8W, GVER, GVEW, GVFR, GVFW,<br \/>\nGW5R, GW8W, GWER, GWEW, GWFW<\/p>\n<li><\/li>\n<li>Mazda Cronos,\n<li>GE5P, GE8P, GEEP, GEFP, GESR\n<li><\/li>\n<li>Mazda Demio,\n<li>DW, DW3W, DW5W\n<li><\/li>\n<li>Mazda Efini MS-8,\n<li>MB5A, MB5P, MBEP\n<li><\/li>\n<li>Mazda Efini MS-9,\n<li>HD5S, HDES\n<li><\/li>\n<li>Mazda Eunos 100,\n<li>BG5PE, BG8PE\n<li><\/li>\n<li>Mazda Eunos 500,\n<li>CA8P, CA8PE, CAEP, CAEPE, CAPP\n<li><\/li>\n<li>Mazda Eunos 800,\n<li>TA3A, TA3P, TA3Y, TA3Z, TA5A, TA5P, TA5Y, TA5Z\n<li><\/li>\n<li>Mazda Eunos Cosmo,\n<li>EC5S, EC5SA, EC8S, JC3S, JC3SE, JCES, JCESE\n<li><\/li>\n<li>Mazda Familia,\n<li>BG3P, BG3S, BG5P, BG5S, BG6P, BG6R, BG6S, BG6Z, BG7P, BG8P, BG8R, BG8RA,<br \/>\nBG8S, BG8Z<\/p>\n<li><\/li>\n<li>Mazda Lantis,\n<li>CBA8P, CBAEP\n<li><\/li>\n<li>Mazda Luce,\n<li>LA4MV, LA4SV, TA3A\n<li><\/li>\n<li>Mazda MPV,\n<li>GE5P, GE8P, GEEP, GEFP, GESR, LVEW, LVEWE, LVLR, LVLW, LW, LW3W, LW5W,<br \/>\nLWEW, LWFW, LY3P<\/p>\n<li><\/li>\n<li>Mazda MX-5,\n<li>ND\n<li><\/li>\n<li>Mazda MX-6,\n<li>GE, GE5B, GE5S, GEEB, GEES\n<li><\/li>\n<li>Mazda Mazda2,\n<li>DJ, DL\n<li><\/li>\n<li>Mazda Mazda3,\n<li>BK, BL, BM, BN\n<li><\/ul>\n<p><\/p>","protected":false},"excerpt":{"rendered":"<p><b>OEM:<\/b> J001-56-74J00156741<\/p>\n","protected":false},"featured_media":8054,"template":"","meta":[],"product_cat":[25,53],"product_tag":[],"bundled_by":[],"bundle_stock_status":"instock","bundle_stock_quantity":null,"bundle_virtual":false,"bundle_layout":"","bundle_add_to_cart_form_location":"","bundle_editable_in_cart":false,"bundle_sold_individually_context":"","bundle_item_grouping":"","bundle_min_size":"","bundle_max_size":"","bundled_items":[],"yoast_head":"<!-- This site is optimized with the Yoast SEO Premium plugin v16.6 (Yoast SEO v20.1) - https:\/\/yoast.com\/wordpress\/plugins\/seo\/ -->\n<title>C1274 - Autoclipsuri, Dopuri de presiune - atg.md<\/title>\n<meta name=\"robots\" content=\"index, follow, max-snippet:-1, max-image-preview:large, max-video-preview:-1\" \/>\n<link rel=\"canonical\" href=\"https:\/\/atg.md\/ro\/catalog\/autoclipsuri\/nazhimnye-zaglushki\/c1274\/\" \/>\n<meta property=\"og:locale\" content=\"ro_RO\" \/>\n<meta property=\"og:type\" content=\"article\" \/>\n<meta property=\"og:title\" content=\"C1274 - Autoclipsuri, Dopuri de presiune - atg.md\" \/>\n<meta property=\"og:description\" content=\"OEM: J001-56-74J00156741\" \/>\n<meta property=\"og:url\" content=\"https:\/\/atg.md\/ro\/wp-json\/wp\/v2\/product\/8053\" \/>\n<meta property=\"og:site_name\" content=\"atg.md\" \/>\n<meta property=\"article:modified_time\" content=\"2024-07-05T07:06:57+00:00\" \/>\n<meta property=\"og:image\" content=\"https:\/\/atg.md\/wp-content\/uploads\/2021\/03\/c1274.jpg\" \/>\n\t<meta property=\"og:image:width\" content=\"600\" \/>\n\t<meta property=\"og:image:height\" content=\"600\" \/>\n\t<meta property=\"og:image:type\" content=\"image\/jpeg\" \/>\n<meta name=\"twitter:card\" content=\"summary_large_image\" \/>\n<meta name=\"twitter:label1\" content=\"Pre\u021b\" \/>\n\t<meta name=\"twitter:data1\" content=\"5.00&nbsp;MDL\" \/>\n\t<meta name=\"twitter:label2\" content=\"Availability\" \/>\n\t<meta name=\"twitter:data2\" content=\"In stock\" \/>\n<script type=\"application\/ld+json\" class=\"yoast-schema-graph\">{\"@context\":\"https:\/\/schema.org\",\"@graph\":[{\"@type\":\"WebPage\",\"@id\":\"https:\/\/atg.md\/ro\/catalog\/autoclipsuri\/nazhimnye-zaglushki\/c1274\/\",\"url\":\"https:\/\/atg.md\/ro\/catalog\/autoclipsuri\/nazhimnye-zaglushki\/c1274\/\",\"name\":\"C1274 - Autoclipsuri, Dopuri de presiune - atg.md\",\"isPartOf\":{\"@id\":\"https:\/\/atg.md\/ro\/#website\"},\"datePublished\":\"2021-03-30T09:13:30+00:00\",\"dateModified\":\"2024-07-05T07:06:57+00:00\",\"breadcrumb\":{\"@id\":\"https:\/\/atg.md\/ro\/catalog\/autoclipsuri\/nazhimnye-zaglushki\/c1274\/#breadcrumb\"},\"inLanguage\":\"ro-RO\",\"potentialAction\":[{\"@type\":\"ReadAction\",\"target\":[[\"https:\/\/atg.md\/ro\/catalog\/autoclipsuri\/nazhimnye-zaglushki\/c1274\/\"]]}]},{\"@type\":\"BreadcrumbList\",\"@id\":\"https:\/\/atg.md\/ro\/catalog\/autoclipsuri\/nazhimnye-zaglushki\/c1274\/#breadcrumb\",\"itemListElement\":[{\"@type\":\"ListItem\",\"position\":1,\"name\":\"Home\",\"item\":\"https:\/\/atg.md\/ro\/\"},{\"@type\":\"ListItem\",\"position\":2,\"name\":\"\u041a\u0430\u0442\u0430\u043b\u043e\u0433\",\"item\":\"https:\/\/atg.md\/ro\/catalog\/\"},{\"@type\":\"ListItem\",\"position\":3,\"name\":\"C1274\"}]},{\"@type\":\"WebSite\",\"@id\":\"https:\/\/atg.md\/ro\/#website\",\"url\":\"https:\/\/atg.md\/ro\/\",\"name\":\"atg.md\",\"description\":\"V\u00e2nzare de izola\u021bii \u00eempotriva vibra\u021biilor pentru ma\u0219ini, izola\u021bie termic\u0103, izolare fonic\u0103 de la cei mai buni produc\u0103tori, autoclipsuri, elemente de fixare auto. Cump\u0103ra\u021bi \u00een Moldova, Chi\u0219in\u0103u\",\"publisher\":{\"@id\":\"https:\/\/atg.md\/ro\/#organization\"},\"potentialAction\":[{\"@type\":\"SearchAction\",\"target\":{\"@type\":\"EntryPoint\",\"urlTemplate\":\"https:\/\/atg.md\/ro\/?s={search_term_string}\"},\"query-input\":\"required name=search_term_string\"}],\"inLanguage\":\"ro-RO\"},{\"@type\":[\"Organization\",\"Place\",\"AutoPartsStore\"],\"@id\":\"https:\/\/atg.md\/ro\/#organization\",\"name\":\"S.C. AUTOTOM GRUP S.R.L.\",\"url\":\"https:\/\/atg.md\/ro\/\",\"logo\":{\"@type\":\"ImageObject\",\"inLanguage\":\"ro-RO\",\"@id\":\"https:\/\/atg.md\/ro\/#\/schema\/logo\/image\/\",\"url\":\"https:\/\/i2.wp.com\/atg.md\/wp-content\/uploads\/2021\/05\/atg_logo_main.png?fit=656%2C569&ssl=1\",\"contentUrl\":\"https:\/\/i2.wp.com\/atg.md\/wp-content\/uploads\/2021\/05\/atg_logo_main.png?fit=656%2C569&ssl=1\",\"width\":656,\"height\":569,\"caption\":\"S.C. AUTOTOM GRUP S.R.L.\"},\"image\":{\"@id\":\"https:\/\/atg.md\/ro\/#\/schema\/logo\/image\/\"},\"location\":{\"@id\":\"https:\/\/atg.md\/ro\/catalog\/autoclipsuri\/nazhimnye-zaglushki\/c1274\/#local-place\"},\"address\":{\"@id\":\"https:\/\/atg.md\/ro\/catalog\/autoclipsuri\/nazhimnye-zaglushki\/c1274\/#local-place-address\"},\"email\":\"atgtvv@gmail.com\",\"telephone\":\"+37369644446\",\"areaServed\":\"Moldova\"},{\"@type\":\"Place\",\"@id\":\"https:\/\/atg.md\/ro\/catalog\/autoclipsuri\/nazhimnye-zaglushki\/c1274\/#local-place\",\"address\":{\"@type\":\"PostalAddress\",\"@id\":\"https:\/\/atg.md\/ro\/catalog\/autoclipsuri\/nazhimnye-zaglushki\/c1274\/#local-place-address\",\"streetAddress\":\"str. Alba-Iulia 77\/20\",\"addressLocality\":\"Chisinau\",\"postalCode\":\"2043\",\"addressRegion\":\"mun. Chisinau\",\"addressCountry\":\"MD\"},\"geo\":{\"@type\":\"GeoCoordinates\",\"latitude\":\"47.0376\",\"longitude\":\"28.76899\"},\"openingHoursSpecification\":[{\"@type\":\"OpeningHoursSpecification\",\"dayOfWeek\":[\"Monday\",\"Tuesday\",\"Wednesday\",\"Thursday\",\"Friday\"],\"opens\":\"09:00\",\"closes\":\"18:00\"},{\"@type\":\"OpeningHoursSpecification\",\"dayOfWeek\":[\"Saturday\"],\"opens\":\"09:00\",\"closes\":\"14:00\"},{\"@type\":\"OpeningHoursSpecification\",\"dayOfWeek\":[\"Sunday\"],\"opens\":\"00:00\",\"closes\":\"00:00\"}],\"telephone\":\"+37369644446\"}]}<\/script>\n<meta name=\"geo.placename\" content=\"Chisinau\" \/>\n<meta name=\"geo.position\" content=\"47.0376;28.76899\" \/>\n<meta name=\"geo.region\" content=\"Moldova\" \/>\n<!-- \/ Yoast SEO Premium plugin. -->","yoast_head_json":{"title":"C1274 - Autoclipsuri, Dopuri de presiune - atg.md","robots":{"index":"index","follow":"follow","max-snippet":"max-snippet:-1","max-image-preview":"max-image-preview:large","max-video-preview":"max-video-preview:-1"},"canonical":"https:\/\/atg.md\/ro\/catalog\/autoclipsuri\/nazhimnye-zaglushki\/c1274\/","og_locale":"ro_RO","og_type":"article","og_title":"C1274 - Autoclipsuri, Dopuri de presiune - atg.md","og_description":"OEM: J001-56-74J00156741","og_url":"https:\/\/atg.md\/ro\/wp-json\/wp\/v2\/product\/8053","og_site_name":"atg.md","article_modified_time":"2024-07-05T07:06:57+00:00","og_image":[{"width":600,"height":600,"url":"https:\/\/atg.md\/wp-content\/uploads\/2021\/03\/c1274.jpg","type":"image\/jpeg"}],"twitter_card":"summary_large_image","twitter_misc":{"Pre\u021b":"5.00&nbsp;MDL","Availability":"In stock"},"schema":{"@context":"https:\/\/schema.org","@graph":[{"@type":"WebPage","@id":"https:\/\/atg.md\/ro\/catalog\/autoclipsuri\/nazhimnye-zaglushki\/c1274\/","url":"https:\/\/atg.md\/ro\/catalog\/autoclipsuri\/nazhimnye-zaglushki\/c1274\/","name":"C1274 - Autoclipsuri, Dopuri de presiune - atg.md","isPartOf":{"@id":"https:\/\/atg.md\/ro\/#website"},"datePublished":"2021-03-30T09:13:30+00:00","dateModified":"2024-07-05T07:06:57+00:00","breadcrumb":{"@id":"https:\/\/atg.md\/ro\/catalog\/autoclipsuri\/nazhimnye-zaglushki\/c1274\/#breadcrumb"},"inLanguage":"ro-RO","potentialAction":[{"@type":"ReadAction","target":[["https:\/\/atg.md\/ro\/catalog\/autoclipsuri\/nazhimnye-zaglushki\/c1274\/"]]}]},{"@type":"BreadcrumbList","@id":"https:\/\/atg.md\/ro\/catalog\/autoclipsuri\/nazhimnye-zaglushki\/c1274\/#breadcrumb","itemListElement":[{"@type":"ListItem","position":1,"name":"Home","item":"https:\/\/atg.md\/ro\/"},{"@type":"ListItem","position":2,"name":"\u041a\u0430\u0442\u0430\u043b\u043e\u0433","item":"https:\/\/atg.md\/ro\/catalog\/"},{"@type":"ListItem","position":3,"name":"C1274"}]},{"@type":"WebSite","@id":"https:\/\/atg.md\/ro\/#website","url":"https:\/\/atg.md\/ro\/","name":"atg.md","description":"V\u00e2nzare de izola\u021bii \u00eempotriva vibra\u021biilor pentru ma\u0219ini, izola\u021bie termic\u0103, izolare fonic\u0103 de la cei mai buni produc\u0103tori, autoclipsuri, elemente de fixare auto. Cump\u0103ra\u021bi \u00een Moldova, Chi\u0219in\u0103u","publisher":{"@id":"https:\/\/atg.md\/ro\/#organization"},"potentialAction":[{"@type":"SearchAction","target":{"@type":"EntryPoint","urlTemplate":"https:\/\/atg.md\/ro\/?s={search_term_string}"},"query-input":"required name=search_term_string"}],"inLanguage":"ro-RO"},{"@type":["Organization","Place","AutoPartsStore"],"@id":"https:\/\/atg.md\/ro\/#organization","name":"S.C. AUTOTOM GRUP S.R.L.","url":"https:\/\/atg.md\/ro\/","logo":{"@type":"ImageObject","inLanguage":"ro-RO","@id":"https:\/\/atg.md\/ro\/#\/schema\/logo\/image\/","url":"https:\/\/i2.wp.com\/atg.md\/wp-content\/uploads\/2021\/05\/atg_logo_main.png?fit=656%2C569&ssl=1","contentUrl":"https:\/\/i2.wp.com\/atg.md\/wp-content\/uploads\/2021\/05\/atg_logo_main.png?fit=656%2C569&ssl=1","width":656,"height":569,"caption":"S.C. AUTOTOM GRUP S.R.L."},"image":{"@id":"https:\/\/atg.md\/ro\/#\/schema\/logo\/image\/"},"location":{"@id":"https:\/\/atg.md\/ro\/catalog\/autoclipsuri\/nazhimnye-zaglushki\/c1274\/#local-place"},"address":{"@id":"https:\/\/atg.md\/ro\/catalog\/autoclipsuri\/nazhimnye-zaglushki\/c1274\/#local-place-address"},"email":"atgtvv@gmail.com","telephone":"+37369644446","areaServed":"Moldova"},{"@type":"Place","@id":"https:\/\/atg.md\/ro\/catalog\/autoclipsuri\/nazhimnye-zaglushki\/c1274\/#local-place","address":{"@type":"PostalAddress","@id":"https:\/\/atg.md\/ro\/catalog\/autoclipsuri\/nazhimnye-zaglushki\/c1274\/#local-place-address","streetAddress":"str. Alba-Iulia 77\/20","addressLocality":"Chisinau","postalCode":"2043","addressRegion":"mun. Chisinau","addressCountry":"MD"},"geo":{"@type":"GeoCoordinates","latitude":"47.0376","longitude":"28.76899"},"openingHoursSpecification":[{"@type":"OpeningHoursSpecification","dayOfWeek":["Monday","Tuesday","Wednesday","Thursday","Friday"],"opens":"09:00","closes":"18:00"},{"@type":"OpeningHoursSpecification","dayOfWeek":["Saturday"],"opens":"09:00","closes":"14:00"},{"@type":"OpeningHoursSpecification","dayOfWeek":["Sunday"],"opens":"00:00","closes":"00:00"}],"telephone":"+37369644446"}]}},"_links":{"self":[{"href":"https:\/\/atg.md\/ro\/wp-json\/wp\/v2\/product\/8053"}],"collection":[{"href":"https:\/\/atg.md\/ro\/wp-json\/wp\/v2\/product"}],"about":[{"href":"https:\/\/atg.md\/ro\/wp-json\/wp\/v2\/types\/product"}],"wp:featuredmedia":[{"embeddable":true,"href":"https:\/\/atg.md\/ro\/wp-json\/wp\/v2\/media\/8054"}],"wp:attachment":[{"href":"https:\/\/atg.md\/ro\/wp-json\/wp\/v2\/media?parent=8053"}],"wp:term":[{"taxonomy":"product_cat","embeddable":true,"href":"https:\/\/atg.md\/ro\/wp-json\/wp\/v2\/product_cat?post=8053"},{"taxonomy":"product_tag","embeddable":true,"href":"https:\/\/atg.md\/ro\/wp-json\/wp\/v2\/product_tag?post=8053"}],"curies":[{"name":"wp","href":"https:\/\/api.w.org\/{rel}","templated":true}]}}