{"id":7977,"date":"2021-03-30T09:13:05","date_gmt":"2021-03-30T09:13:05","guid":{"rendered":"http:\/\/atg.md\/product\/c1224\/"},"modified":"2024-07-05T07:06:41","modified_gmt":"2024-07-05T07:06:41","slug":"c1224","status":"publish","type":"product","link":"https:\/\/atg.md\/ro\/catalog\/autoclipsuri\/s-nazhimnym-shtyrkom\/c1224\/","title":{"rendered":"C1224"},"content":{"rendered":"<p><strong>Modele:<\/strong><\/p>\n<ul>\n<li>Lexus\n<li>\n<li>ES350,\n<li> GSV40<\/li>\n<li>Lexus GS300, GRS190, GRS191, GRS195, GRS196, JZS147, JZS160, URS190, UZS160, UZS161, UZS190<\/li>\n<li>Lexus GS400, JZS160, UZS160, UZS161<\/li>\n<li>Lexus GS430, GRS190, GRS191, GRS195, GRS196, JZS160, URS190, UZS160, UZS161, UZS190<\/li>\n<li>Lexus GS450h, GWS191<\/li>\n<li>Lexus GS460, GRS190, GRS191, GRS195, GRS196, URS190, UZS190<\/li>\n<li>Lexus IS F, USE20<\/li>\n<li>Lexus IS200, GXE10, JCE10<\/li>\n<li>Lexus IS220d, ALE20, GSE20<\/li>\n<li>Lexus IS250, ALE20, GSE20, GSE21, GSE25<\/li>\n<li>Lexus IS300, GSE22, GXE10, JCE10<\/li>\n<li>Lexus LS400, UCF20<\/li>\n<li>Lexus LS430, UCF30<\/li>\n<li>Lexus LS460, USF40, USF41<\/li>\n<li>Lexus LS460L, USF40, USF41<\/li>\n<li>Lexus LS600h, UVF45, UVF46<\/li>\n<li>Lexus LS600hL, UVF45, UVF46<\/li>\n<li>Lexus LX450d, URJ201<\/li>\n<li>Lexus LX460, URJ201<\/li>\n<li>Lexus LX570, URJ201, URJ201W<\/li>\n<li>Toyota Allex, NZE121, NZE124, ZZE122, ZZE123, ZZE124<\/li>\n<li>Toyota Allion, NZT260, ZRT260, ZRT261, ZRT265<\/li>\n<li>Toyota Alphard, ANH10, ANH10W, ANH15, ANH15W, ATH10, ATH10W, MNH10, MNH10W, MNH15, MNH15W<\/li>\n<li>Toyota Altezza, GXE10, GXE10W, GXE15, GXE15W, JCE10, JCE10W, JCE15, JCE15W, SXE10<\/li>\n<li>Toyota Aristo, JZS147, JZS147E, JZS160, JZS161, UZS143, UZS143E<\/li>\n<li>Toyota Aurion, ACV40, ASV50, AVV50, GSV40, GSV50<\/li>\n<li>Toyota Avalon, AVX40, GSX40<\/li>\n<li>Toyota Avensis Verso, ACM20, ACM21, CLM20<\/li>\n<li>Toyota Avensis, AT220, AT220L, AT221, AZT220, CDT220, CT220, ST220, ST220L, ZZT220, ZZT220L, ZZT221<\/li>\n<li>Toyota Aygo, KGB10, WNB10<\/li>\n<li>Toyota Brevis, JCG10, JCG11, JCG15<\/li>\n<li>Toyota Camry, ACV30, ACV30L, ACV31, ACV40, ACV41, ACV45, ACV51, AHV40, ASV50, ASV51, AVV50, GSV40, GSV50, MCV30, MCV30L<\/li>\n<li>Toyota Carina, AT210, AT211, AT212, CT210, CT211, CT215, CT216, ST215<\/li>\n<li>Toyota Celsior, UCF20, UCF21, UCF30, UCF31<\/li>\n<li>Toyota Century, GZG50<\/li>\n<li>Toyota Chaser, GX100, GX105, JZX100, JZX101, JZX105, LX100, SX100<\/li>\n<li>Toyota Comfort, LXS10, LXS12, YXS10<\/li>\n<li>Toyota Corolla Axio, NZE141, NZE144, ZRE142, ZRE144<\/li>\n<li>Toyota Corolla Ceres, AE100, AE101<\/li>\n<li>Toyota Corolla Fielder, CE121, CE121G, NZE120, NZE121, NZE121G, NZE124, NZE124G, NZE141, NZE141G, NZE144, NZE144G, ZRE142, ZRE142G, ZRE144, ZRE144G, ZZE122, ZZE122G, ZZE123, ZZE123G, ZZE124, ZZE124G<\/li>\n<li>Toyota Corolla II, EL51, EL53, EL55, NL50<\/li>\n<li>Toyota Corolla Levin, AE100, AE101, AE110, AE111<\/li>\n<li>Toyota Corolla Runx, NZE121, NZE124, ZZE122, ZZE123, ZZE124<\/li>\n<li>Toyota Corolla Spacio, AE111, AE111N, AE115, AE115N, NZE121, NZE121N, ZZE122, ZZE122N, ZZE124, ZZE124N<\/li>\n<li>Toyota Corolla Verso, CDE120, ZZE121, ZZE122<\/li>\n<li>Toyota Corolla, AE100, AE100G, AE101, AE101G, AE102, AE103, AE104, AE104G, AE109, AE109V, AE110, AE111, AE112, AE114, AE115, CDE110, CDE120, CE100, CE100G, CE101, CE101G, CE102, CE102G, CE104, CE105, CE105V, CE106, CE106V, CE107, CE107V, CE108, CE108G, CE109, CE109V, CE110, CE113, CE114, CE116, CE120, CE140, EE100, EE101, EE102, EE102V, EE103, EE103V, EE104, EE104G, EE105, EE106, EE106V, EE107, EE107V, EE108, EE108G, EE110, EE111, NDE120, NZE120, NZE121, NZE141, WZE110, ZRE120, ZZE110, ZZE111, ZZE112, ZZE120, ZZE120L, ZZE121, ZZE121L, ZZE122, ZZE123, ZZE123L, ZZE130, ZZE131, ZZE132, ZZE133, ZZE134, ZZE141, ZZE142<\/li>\n<li>Toyota Corona, AT220, CT220, ST220<\/li>\n<li>Toyota Corsa, EL51, EL53, EL55, NL50<\/li>\n<li>Toyota Cresta, GX100, GX105, JZX100, JZX101, JZX105, LX100<\/li>\n<li>Toyota Crown Majesta, GRS180, GRS181, GRS182, GRS183, GRS184, GS151, GS171, JKS175, JZS151, JZS153, JZS155, JZS157, JZS171, JZS173, JZS175, JZS177, JZS179, LS151, UZS151, UZS155, UZS157, UZS171, UZS173, UZS175, UZS186, UZS187<\/li>\n<li>Toyota Crown, GRS180, GRS181, GRS182, GRS183, GRS184, GRS188, GRS200, GRS201, GRS202, GRS203, GRS204, GS151, GS151H, GS171, GS171W, GWS204, JKS175, JZS151, JZS153, JZS155, JZS157, JZS171, JZS171W, JZS173, JZS173W, JZS175, JZS175W, JZS177, JZS179, LS151, LS151H, UZS151, UZS155, UZS157, UZS171, UZS173, UZS175, UZS186, UZS187<\/li>\n<li>Toyota Cynos, EL44, EL52, EL52C, EL54, EL54C<\/li>\n<li>Toyota Echo Verso, NCP20, NCP21, NCP22, NLP20, NLP22<\/li>\n<li>Toyota Echo, NCP10, NCP11, NCP12, NCP12L, NCP13, SCP10<\/li>\n<li>Toyota Estima, ACR30, ACR30W, ACR40, ACR40W, ACR50, ACR50W, ACR55, ACR55W, AHR10, AHR10W, AHR20, AHR20W, GSR50, GSR50W, GSR55, GSR55W, MCR30, MCR30W, MCR40, MCR40W<\/li>\n<li>Toyota Funcargo, NCP20, NCP21, NCP25<\/li>\n<li>Toyota Gaia, ACM10, ACM10G, ACM15, ACM15G, CXM10, CXM10G, SXM10, SXM10G, SXM15, SXM15G<\/li>\n<li>Toyota Grand Hiace, KCH10, KCH10W, KCH12, KCH16, KCH16W, RCH11, VCH10, VCH10W, VCH16, VCH16W<\/li>\n<li>Toyota Granvia, KCH10, KCH10W, KCH12, KCH16, KCH16W, RCH11, RCH11W, VCH10, VCH10W, VCH16, VCH16W<\/li>\n<li>Toyota Hiace, KDH200, KDH200K, KDH200V, KDH201, KDH201K, KDH201V, KDH202, KDH202L, KDH203, KDH212, KDH212L, KDH220, KDH220K, KDH221, KDH221K, KDH222, KDH222B, KDH222L, KDH223, KDH223B, KDH223L, KLH12, KLH18, KLH22, KLH28, LH200, LH202, LH212, LH222, LXH12, LXH18, LXH22, LXH28, RCH12, RCH13, RCH18, RCH19, RCH22, RCH23, RCH28, RCH29, TRH201, TRH203, TRH203L, TRH213, TRH213L, TRH221, TRH221K, TRH223, TRH223B, TRH223L<\/li>\n<li>Toyota Ipsum, ACM21, ACM21W, ACM26, ACM26W, CXM10, CXM10G, SXM10, SXM10G, SXM15, SXM15G<\/li>\n<li>Toyota Isis, ANM10, ANM10G, ANM10W, ANM15, ANM15G, ANM15W, ZGM10, ZGM10G, ZGM10W, ZGM11, ZGM11G, ZGM11W, ZGM15, ZGM15G, ZGM15W, ZNM10, ZNM10G, ZNM10W<\/li>\n<li>Toyota Land Cruiser, GRJ200, URJ200, URJ202, URJ202W, UZJ200, UZJ200W, VDJ200<\/li>\n<li>Toyota MR-S, ZZW30<\/li>\n<li>Toyota MR2, ZZW30<\/li>\n<li>Toyota Mark II Wagon Blit, GX110, GX110W, GX115, GX115W, JZX110, JZX110W, JZX115, JZX115W<\/li>\n<li>Toyota Mark II, GX100, GX105, JZX100, JZX101, JZX105, LX100<\/li>\n<li>Toyota Mark X, ANA10, ANA15, GGA10, GRX120, GRX121, GRX125, GRX130, GRX131, GRX132, GRX133, GRX135<\/li>\n<li>Toyota Matrix, ZZE130, ZZE131, ZZE132, ZZE133, ZZE134<\/li>\n<li>Toyota Nadia, ACN10, ACN10H, ACN15, ACN15H, SXN10, SXN10H, SXN15, SXN15H<\/li>\n<li>Toyota Noah, AZR60, AZR60G, AZR65, AZR65G, ZRR70, ZRR70G, ZRR70W, ZRR75, ZRR75G, ZRR75W, ZRR80, ZRR80G, ZRR80W, ZRR85, ZRR85G, ZRR85W, ZWR80, ZWR80G, ZWR80W<\/li>\n<li>Toyota Origin, JCG17<\/li>\n<li>Toyota Paseo, EL44, EL54<\/li>\n<li>Toyota Picnic Verso, ACM20, ACM21, CLM20<\/li>\n<li>Toyota Picnic, CXM10, CXM10L, SXM10, SXM10L<\/li>\n<li>Toyota Platz, NCP12, NCP16, SCP11<\/li>\n<li>Toyota Premio, NZT260, ZRT260, ZRT261, ZRT265<\/li>\n<li>Toyota Previa, ACR30, ACR50, CLR30, GSR50<\/li>\n<li>Toyota Prius, NHW10, NHW11, ZVW30, ZVW30L<\/li>\n<li>Toyota Progres, JCG10, JCG11, JCG15<\/li>\n<li><\/ul>\n<p><\/p>","protected":false},"excerpt":{"rendered":"<p><b>Dimensiune F:<\/b> 6.7<br \/><b>Dimensiune H:<\/b> 9.5<br \/><b>Dimensiune T:<\/b> 19.8<\/p>\n","protected":false},"featured_media":7978,"template":"","meta":[],"product_cat":[25,125],"product_tag":[],"bundled_by":[],"bundle_stock_status":"instock","bundle_stock_quantity":null,"bundle_virtual":false,"bundle_layout":"","bundle_add_to_cart_form_location":"","bundle_editable_in_cart":false,"bundle_sold_individually_context":"","bundle_item_grouping":"","bundle_min_size":"","bundle_max_size":"","bundled_items":[],"yoast_head":"<!-- This site is optimized with the Yoast SEO Premium plugin v16.6 (Yoast SEO v20.1) - https:\/\/yoast.com\/wordpress\/plugins\/seo\/ -->\n<title>C1224 - Autoclipsuri, Cu un ac de \u00eempingere - atg.md<\/title>\n<meta name=\"robots\" content=\"index, follow, max-snippet:-1, max-image-preview:large, max-video-preview:-1\" \/>\n<link rel=\"canonical\" href=\"https:\/\/atg.md\/ro\/catalog\/autoclipsuri\/s-nazhimnym-shtyrkom\/c1224\/\" \/>\n<meta property=\"og:locale\" content=\"ro_RO\" \/>\n<meta property=\"og:type\" content=\"article\" \/>\n<meta property=\"og:title\" content=\"C1224 - Autoclipsuri, Cu un ac de \u00eempingere - atg.md\" \/>\n<meta property=\"og:description\" content=\"Dimensiune F: 6.7Dimensiune H: 9.5Dimensiune T: 19.8\" \/>\n<meta property=\"og:url\" content=\"https:\/\/atg.md\/ro\/wp-json\/wp\/v2\/product\/7977\" \/>\n<meta property=\"og:site_name\" content=\"atg.md\" \/>\n<meta property=\"article:modified_time\" content=\"2024-07-05T07:06:41+00:00\" \/>\n<meta property=\"og:image\" content=\"https:\/\/atg.md\/wp-content\/uploads\/2021\/03\/c1224.jpg\" \/>\n\t<meta property=\"og:image:width\" content=\"600\" \/>\n\t<meta property=\"og:image:height\" content=\"600\" \/>\n\t<meta property=\"og:image:type\" content=\"image\/jpeg\" \/>\n<meta name=\"twitter:card\" content=\"summary_large_image\" \/>\n<meta name=\"twitter:label1\" content=\"Pre\u021b\" \/>\n\t<meta name=\"twitter:data1\" content=\"6.00&nbsp;MDL\" \/>\n\t<meta name=\"twitter:label2\" content=\"Availability\" \/>\n\t<meta name=\"twitter:data2\" content=\"In stock\" \/>\n<script type=\"application\/ld+json\" class=\"yoast-schema-graph\">{\"@context\":\"https:\/\/schema.org\",\"@graph\":[{\"@type\":\"WebPage\",\"@id\":\"https:\/\/atg.md\/ro\/catalog\/autoclipsuri\/s-nazhimnym-shtyrkom\/c1224\/\",\"url\":\"https:\/\/atg.md\/ro\/catalog\/autoclipsuri\/s-nazhimnym-shtyrkom\/c1224\/\",\"name\":\"C1224 - Autoclipsuri, Cu un ac de \u00eempingere - atg.md\",\"isPartOf\":{\"@id\":\"https:\/\/atg.md\/ro\/#website\"},\"datePublished\":\"2021-03-30T09:13:05+00:00\",\"dateModified\":\"2024-07-05T07:06:41+00:00\",\"breadcrumb\":{\"@id\":\"https:\/\/atg.md\/ro\/catalog\/autoclipsuri\/s-nazhimnym-shtyrkom\/c1224\/#breadcrumb\"},\"inLanguage\":\"ro-RO\",\"potentialAction\":[{\"@type\":\"ReadAction\",\"target\":[[\"https:\/\/atg.md\/ro\/catalog\/autoclipsuri\/s-nazhimnym-shtyrkom\/c1224\/\"]]}]},{\"@type\":\"BreadcrumbList\",\"@id\":\"https:\/\/atg.md\/ro\/catalog\/autoclipsuri\/s-nazhimnym-shtyrkom\/c1224\/#breadcrumb\",\"itemListElement\":[{\"@type\":\"ListItem\",\"position\":1,\"name\":\"Home\",\"item\":\"https:\/\/atg.md\/ro\/\"},{\"@type\":\"ListItem\",\"position\":2,\"name\":\"\u041a\u0430\u0442\u0430\u043b\u043e\u0433\",\"item\":\"https:\/\/atg.md\/ro\/catalog\/\"},{\"@type\":\"ListItem\",\"position\":3,\"name\":\"C1224\"}]},{\"@type\":\"WebSite\",\"@id\":\"https:\/\/atg.md\/ro\/#website\",\"url\":\"https:\/\/atg.md\/ro\/\",\"name\":\"atg.md\",\"description\":\"V\u00e2nzare de izola\u021bii \u00eempotriva vibra\u021biilor pentru ma\u0219ini, izola\u021bie termic\u0103, izolare fonic\u0103 de la cei mai buni produc\u0103tori, autoclipsuri, elemente de fixare auto. Cump\u0103ra\u021bi \u00een Moldova, Chi\u0219in\u0103u\",\"publisher\":{\"@id\":\"https:\/\/atg.md\/ro\/#organization\"},\"potentialAction\":[{\"@type\":\"SearchAction\",\"target\":{\"@type\":\"EntryPoint\",\"urlTemplate\":\"https:\/\/atg.md\/ro\/?s={search_term_string}\"},\"query-input\":\"required name=search_term_string\"}],\"inLanguage\":\"ro-RO\"},{\"@type\":[\"Organization\",\"Place\",\"AutoPartsStore\"],\"@id\":\"https:\/\/atg.md\/ro\/#organization\",\"name\":\"S.C. AUTOTOM GRUP S.R.L.\",\"url\":\"https:\/\/atg.md\/ro\/\",\"logo\":{\"@type\":\"ImageObject\",\"inLanguage\":\"ro-RO\",\"@id\":\"https:\/\/atg.md\/ro\/#\/schema\/logo\/image\/\",\"url\":\"https:\/\/i2.wp.com\/atg.md\/wp-content\/uploads\/2021\/05\/atg_logo_main.png?fit=656%2C569&ssl=1\",\"contentUrl\":\"https:\/\/i2.wp.com\/atg.md\/wp-content\/uploads\/2021\/05\/atg_logo_main.png?fit=656%2C569&ssl=1\",\"width\":656,\"height\":569,\"caption\":\"S.C. AUTOTOM GRUP S.R.L.\"},\"image\":{\"@id\":\"https:\/\/atg.md\/ro\/#\/schema\/logo\/image\/\"},\"location\":{\"@id\":\"https:\/\/atg.md\/ro\/catalog\/autoclipsuri\/s-nazhimnym-shtyrkom\/c1224\/#local-place\"},\"address\":{\"@id\":\"https:\/\/atg.md\/ro\/catalog\/autoclipsuri\/s-nazhimnym-shtyrkom\/c1224\/#local-place-address\"},\"email\":\"atgtvv@gmail.com\",\"telephone\":\"+37369644446\",\"areaServed\":\"Moldova\"},{\"@type\":\"Place\",\"@id\":\"https:\/\/atg.md\/ro\/catalog\/autoclipsuri\/s-nazhimnym-shtyrkom\/c1224\/#local-place\",\"address\":{\"@type\":\"PostalAddress\",\"@id\":\"https:\/\/atg.md\/ro\/catalog\/autoclipsuri\/s-nazhimnym-shtyrkom\/c1224\/#local-place-address\",\"streetAddress\":\"str. Alba-Iulia 77\/20\",\"addressLocality\":\"Chisinau\",\"postalCode\":\"2043\",\"addressRegion\":\"mun. Chisinau\",\"addressCountry\":\"MD\"},\"geo\":{\"@type\":\"GeoCoordinates\",\"latitude\":\"47.0376\",\"longitude\":\"28.76899\"},\"openingHoursSpecification\":[{\"@type\":\"OpeningHoursSpecification\",\"dayOfWeek\":[\"Monday\",\"Tuesday\",\"Wednesday\",\"Thursday\",\"Friday\"],\"opens\":\"09:00\",\"closes\":\"18:00\"},{\"@type\":\"OpeningHoursSpecification\",\"dayOfWeek\":[\"Saturday\"],\"opens\":\"09:00\",\"closes\":\"14:00\"},{\"@type\":\"OpeningHoursSpecification\",\"dayOfWeek\":[\"Sunday\"],\"opens\":\"00:00\",\"closes\":\"00:00\"}],\"telephone\":\"+37369644446\"}]}<\/script>\n<meta name=\"geo.placename\" content=\"Chisinau\" \/>\n<meta name=\"geo.position\" content=\"47.0376;28.76899\" \/>\n<meta name=\"geo.region\" content=\"Moldova\" \/>\n<!-- \/ Yoast SEO Premium plugin. -->","yoast_head_json":{"title":"C1224 - Autoclipsuri, Cu un ac de \u00eempingere - atg.md","robots":{"index":"index","follow":"follow","max-snippet":"max-snippet:-1","max-image-preview":"max-image-preview:large","max-video-preview":"max-video-preview:-1"},"canonical":"https:\/\/atg.md\/ro\/catalog\/autoclipsuri\/s-nazhimnym-shtyrkom\/c1224\/","og_locale":"ro_RO","og_type":"article","og_title":"C1224 - Autoclipsuri, Cu un ac de \u00eempingere - atg.md","og_description":"Dimensiune F: 6.7Dimensiune H: 9.5Dimensiune T: 19.8","og_url":"https:\/\/atg.md\/ro\/wp-json\/wp\/v2\/product\/7977","og_site_name":"atg.md","article_modified_time":"2024-07-05T07:06:41+00:00","og_image":[{"width":600,"height":600,"url":"https:\/\/atg.md\/wp-content\/uploads\/2021\/03\/c1224.jpg","type":"image\/jpeg"}],"twitter_card":"summary_large_image","twitter_misc":{"Pre\u021b":"6.00&nbsp;MDL","Availability":"In stock"},"schema":{"@context":"https:\/\/schema.org","@graph":[{"@type":"WebPage","@id":"https:\/\/atg.md\/ro\/catalog\/autoclipsuri\/s-nazhimnym-shtyrkom\/c1224\/","url":"https:\/\/atg.md\/ro\/catalog\/autoclipsuri\/s-nazhimnym-shtyrkom\/c1224\/","name":"C1224 - Autoclipsuri, Cu un ac de \u00eempingere - atg.md","isPartOf":{"@id":"https:\/\/atg.md\/ro\/#website"},"datePublished":"2021-03-30T09:13:05+00:00","dateModified":"2024-07-05T07:06:41+00:00","breadcrumb":{"@id":"https:\/\/atg.md\/ro\/catalog\/autoclipsuri\/s-nazhimnym-shtyrkom\/c1224\/#breadcrumb"},"inLanguage":"ro-RO","potentialAction":[{"@type":"ReadAction","target":[["https:\/\/atg.md\/ro\/catalog\/autoclipsuri\/s-nazhimnym-shtyrkom\/c1224\/"]]}]},{"@type":"BreadcrumbList","@id":"https:\/\/atg.md\/ro\/catalog\/autoclipsuri\/s-nazhimnym-shtyrkom\/c1224\/#breadcrumb","itemListElement":[{"@type":"ListItem","position":1,"name":"Home","item":"https:\/\/atg.md\/ro\/"},{"@type":"ListItem","position":2,"name":"\u041a\u0430\u0442\u0430\u043b\u043e\u0433","item":"https:\/\/atg.md\/ro\/catalog\/"},{"@type":"ListItem","position":3,"name":"C1224"}]},{"@type":"WebSite","@id":"https:\/\/atg.md\/ro\/#website","url":"https:\/\/atg.md\/ro\/","name":"atg.md","description":"V\u00e2nzare de izola\u021bii \u00eempotriva vibra\u021biilor pentru ma\u0219ini, izola\u021bie termic\u0103, izolare fonic\u0103 de la cei mai buni produc\u0103tori, autoclipsuri, elemente de fixare auto. Cump\u0103ra\u021bi \u00een Moldova, Chi\u0219in\u0103u","publisher":{"@id":"https:\/\/atg.md\/ro\/#organization"},"potentialAction":[{"@type":"SearchAction","target":{"@type":"EntryPoint","urlTemplate":"https:\/\/atg.md\/ro\/?s={search_term_string}"},"query-input":"required name=search_term_string"}],"inLanguage":"ro-RO"},{"@type":["Organization","Place","AutoPartsStore"],"@id":"https:\/\/atg.md\/ro\/#organization","name":"S.C. AUTOTOM GRUP S.R.L.","url":"https:\/\/atg.md\/ro\/","logo":{"@type":"ImageObject","inLanguage":"ro-RO","@id":"https:\/\/atg.md\/ro\/#\/schema\/logo\/image\/","url":"https:\/\/i2.wp.com\/atg.md\/wp-content\/uploads\/2021\/05\/atg_logo_main.png?fit=656%2C569&ssl=1","contentUrl":"https:\/\/i2.wp.com\/atg.md\/wp-content\/uploads\/2021\/05\/atg_logo_main.png?fit=656%2C569&ssl=1","width":656,"height":569,"caption":"S.C. AUTOTOM GRUP S.R.L."},"image":{"@id":"https:\/\/atg.md\/ro\/#\/schema\/logo\/image\/"},"location":{"@id":"https:\/\/atg.md\/ro\/catalog\/autoclipsuri\/s-nazhimnym-shtyrkom\/c1224\/#local-place"},"address":{"@id":"https:\/\/atg.md\/ro\/catalog\/autoclipsuri\/s-nazhimnym-shtyrkom\/c1224\/#local-place-address"},"email":"atgtvv@gmail.com","telephone":"+37369644446","areaServed":"Moldova"},{"@type":"Place","@id":"https:\/\/atg.md\/ro\/catalog\/autoclipsuri\/s-nazhimnym-shtyrkom\/c1224\/#local-place","address":{"@type":"PostalAddress","@id":"https:\/\/atg.md\/ro\/catalog\/autoclipsuri\/s-nazhimnym-shtyrkom\/c1224\/#local-place-address","streetAddress":"str. Alba-Iulia 77\/20","addressLocality":"Chisinau","postalCode":"2043","addressRegion":"mun. Chisinau","addressCountry":"MD"},"geo":{"@type":"GeoCoordinates","latitude":"47.0376","longitude":"28.76899"},"openingHoursSpecification":[{"@type":"OpeningHoursSpecification","dayOfWeek":["Monday","Tuesday","Wednesday","Thursday","Friday"],"opens":"09:00","closes":"18:00"},{"@type":"OpeningHoursSpecification","dayOfWeek":["Saturday"],"opens":"09:00","closes":"14:00"},{"@type":"OpeningHoursSpecification","dayOfWeek":["Sunday"],"opens":"00:00","closes":"00:00"}],"telephone":"+37369644446"}]}},"_links":{"self":[{"href":"https:\/\/atg.md\/ro\/wp-json\/wp\/v2\/product\/7977"}],"collection":[{"href":"https:\/\/atg.md\/ro\/wp-json\/wp\/v2\/product"}],"about":[{"href":"https:\/\/atg.md\/ro\/wp-json\/wp\/v2\/types\/product"}],"wp:featuredmedia":[{"embeddable":true,"href":"https:\/\/atg.md\/ro\/wp-json\/wp\/v2\/media\/7978"}],"wp:attachment":[{"href":"https:\/\/atg.md\/ro\/wp-json\/wp\/v2\/media?parent=7977"}],"wp:term":[{"taxonomy":"product_cat","embeddable":true,"href":"https:\/\/atg.md\/ro\/wp-json\/wp\/v2\/product_cat?post=7977"},{"taxonomy":"product_tag","embeddable":true,"href":"https:\/\/atg.md\/ro\/wp-json\/wp\/v2\/product_tag?post=7977"}],"curies":[{"name":"wp","href":"https:\/\/api.w.org\/{rel}","templated":true}]}}