{"id":7925,"date":"2021-03-30T09:12:39","date_gmt":"2021-03-30T09:12:39","guid":{"rendered":"http:\/\/atg.md\/product\/c1167\/"},"modified":"2024-07-05T07:06:26","modified_gmt":"2024-07-05T07:06:26","slug":"c1167","status":"publish","type":"product","link":"https:\/\/atg.md\/ro\/catalog\/autoclipsuri\/figurnye\/c1167\/","title":{"rendered":"C1167"},"content":{"rendered":"<p><strong>Modele:<\/strong><\/p>\n<ul>\n<li>Lexus GS F, URL10\n<li>Lexus GX400, GRJ158, URJ150\n<li>Lexus GX460, GRJ158, URJ150\n<li>Lexus GX470, UZJ120\n<li>Lexus LFA, LFA10\n<li>Lexus LX450d, URJ201, VDJ201\n<li>Lexus LX460, URJ201, VDJ201\n<li>Lexus LX570, URJ201, VDJ201\n<li>Toyota 4Runner, GRN210, GRN215, GRN280, GRN285, KZN215, TRN280, TRN285, UZN210, UZN215\n<li>Toyota Allex, NZE121, NZE124, ZZE122, ZZE123, ZZE124\n<li>Toyota Allion, NZT260, ZRT260, ZRT261, ZRT265\n<li>Toyota Alphard, AGH30, AGH35, ANH20, ANH25, ATH20, AYH30, GGH20, GGH25, GGH30, GGH35\n<li>Toyota Aqua, NHP10\n<li>Toyota Aurion, ACV40, GSV40\n<li>Toyota Avalon, AVX40, GSX40\n<li>Toyota Blade, AZE154, AZE156, GRE156\n<li>Toyota C-HR, NGX10, NGX50, ZGX10, ZYX10\n<li>Toyota Caldina, AZT241, AZT246, ST246, ZZT241\n<li>Toyota Camry, ACV40, ASV40, ASV50, AVV50, GSV40, GSV50\n<li>Toyota Coaster, BZB60, BZB70, HZB70, TRB70, XZB60, XZB70\n<li>Toyota Corolla Axio, NKE165, NRE161, NZE141, NZE144, NZE161, NZE164, ZRE142, ZRE143, ZRE144, ZRE162, ZZE122, ZZE142\n<li>Toyota Corolla Fielder, CE121, NKE165, NRE161, NZE120, NZE121, NZE124, NZE141, NZE144, NZE161, NZE164, ZRE142, ZRE144, ZRE162, ZZE122, ZZE123, ZZE124\n<li>Toyota Corolla Runx, NZE121, NZE124, ZZE122, ZZE123, ZZE124\n<li>Toyota Corolla, AZE141, CDE120, CE120, NDE120, NZE120, NZE121, ZRE142, ZRE152, ZZE120, ZZE121, ZZE122, ZZE123, ZZE130, ZZE131, ZZE132, ZZE133, ZZE134\n<li>Toyota Crown Majesta, GRS180, GRS181, GRS182, GRS183, GRS184, URS206, UZS186, UZS187, UZS207\n<li>Toyota Crown, ARS210, ARS212, AWS210, AWS211, AWS215, GRS180, GRS181, GRS182, GRS183, GRS184, GRS188, GRS200, GRS201, GRS202, GRS204, GRS208, GRS210, GRS211, GRS214, GRS218, GWS204, GWS214, UZS186, UZS187\n<li>Toyota Esquire, ZRR80, ZRR85, ZWR80\n<li>Toyota Estima, ACR50, ACR55, AHR20, GSR50, GSR55\n<li>Toyota Etios, NGK10, NGK11, NGK12, NGK15, NUK10\n<li>Toyota Hiace, KLH12, KLH18, KLH22, KLH28\n<li>Toyota Highlander, ASU40, ASU50, ASU55, GSU40, GSU45, GSU50, GSU55, GVU48, GVU58\n<li>Toyota Hilux Surf, RZN210, RZN215, TRN210, TRN215\n<li>Toyota Hilux, GGN25, GGN35, KUN25, KUN26, KUN35, KUN36, LAN25, LAN35, TGN26, TGN36\n<li>Toyota Kluger V, ASU50, GSU40, GSU45, GSU50, GSU55\n<li>Toyota Land Cruiser, FZJ70, FZJ71, FZJ73, FZJ74, FZJ75, FZJ76, FZJ78, FZJ79, GRJ200, GRJ76, HZJ70, HZJ71, HZJ73, HZJ75, HZJ76, HZJ78, HZJ79, URJ200, URJ202, UZJ200, VDJ200, VDJ76, VDJ78, VDJ79\n<li>Toyota Mark X, GRX120, GRX121, GRX122, GRX130, GRX131, GRX132, GRX133, GRX135\n<li>Toyota Matrix, AZE141, AZE144, AZE146, ZRE142, ZZE130, ZZE131, ZZE132, ZZE133, ZZE134\n<li>Toyota Mirai, JPD10\n<li>Toyota Noah, ZRR70, ZRR75, ZRR80, ZRR85, ZWR80\n<li>Toyota Premio, NZT260, ZRT260, ZRT261, ZRT265\n<li>Toyota Prius C, NHP10\n<li>Toyota Prius, NHW20, ZVW30, ZVW35\n<li>Toyota RAV4, ACA30, ACA31, ACA33, ACA36, ACA38, ALA30, ASA33, ASA38, GSA33, GSA38\n<li>Toyota Ractis, NCP100, NCP105\n<li>Toyota Raum, NCZ20, NCZ25\n<li>Toyota Reiz, GRX121, GRX122\n<li>Toyota Sienta, NCP175, NHP170, NSP170, NSP172, ZSP170\n<li>Toyota Solara, ACV30, MCV31\n<li>Toyota Soluna Vios, AXP42, NCP42, SCP42\n<li>Toyota Tundra, UPK51, UPK56, USK51, USK52, USK56, USK57\n<li>Toyota Vanguard, ACA31, ACA33, ACA36, ACA38, GSA33Toyota Vellfire, AGH30, AGH35, ANH20, ANH25, ATH20, AYH30, GGH20, GGH25, GGH30, GGH35\n<li>Toyota Venza, AGV10, AGV15\n<li>Toyota Vios, AXP42, NCP42, NCP93, SCP42, ZSP92\n<li>Toyota Vitz, KSP130, NCP131, NHP130, NSP130, NSP135\n<li>Toyota Voxy, ZRR70, ZRR75, ZRR80, ZRR85, ZWR80\n<li>Toyota Wish, ANE11, ZGE20, ZGE21, ZGE22, ZGE25\n<li>Toyota Yaris, KSP130, NCP130, NCP131, NCP150, NCP151, NCP91, NCP92, NCP93, NHP130, NLP130, NSP130, NSP131, NSP150, NSP151<\/ul>\n<p><\/p>","protected":false},"excerpt":{"rendered":"<p><b>OEM:<\/b> 75392-35200, 7539235200, 75392-04010<\/p>\n","protected":false},"featured_media":7926,"template":"","meta":[],"product_cat":[25,80],"product_tag":[],"bundled_by":[],"bundle_stock_status":"instock","bundle_stock_quantity":null,"bundle_virtual":false,"bundle_layout":"","bundle_add_to_cart_form_location":"","bundle_editable_in_cart":false,"bundle_sold_individually_context":"","bundle_item_grouping":"","bundle_min_size":"","bundle_max_size":"","bundled_items":[],"yoast_head":"<!-- This site is optimized with the Yoast SEO Premium plugin v16.6 (Yoast SEO v20.1) - https:\/\/yoast.com\/wordpress\/plugins\/seo\/ -->\n<title>C1167 - Autoclipsuri, Cre\u021b - atg.md<\/title>\n<meta name=\"robots\" content=\"index, follow, max-snippet:-1, max-image-preview:large, max-video-preview:-1\" \/>\n<link rel=\"canonical\" href=\"https:\/\/atg.md\/ro\/catalog\/autoclipsuri\/figurnye\/c1167\/\" \/>\n<meta property=\"og:locale\" content=\"ro_RO\" \/>\n<meta property=\"og:type\" content=\"article\" \/>\n<meta property=\"og:title\" content=\"C1167 - Autoclipsuri, Cre\u021b - atg.md\" \/>\n<meta property=\"og:description\" content=\"OEM: 75392-35200, 7539235200, 75392-04010\" \/>\n<meta property=\"og:url\" content=\"https:\/\/atg.md\/ro\/wp-json\/wp\/v2\/product\/7925\" \/>\n<meta property=\"og:site_name\" content=\"atg.md\" \/>\n<meta property=\"article:modified_time\" content=\"2024-07-05T07:06:26+00:00\" \/>\n<meta property=\"og:image\" content=\"https:\/\/atg.md\/wp-content\/uploads\/2021\/03\/c1167.jpg\" \/>\n\t<meta property=\"og:image:width\" content=\"600\" \/>\n\t<meta property=\"og:image:height\" content=\"600\" \/>\n\t<meta property=\"og:image:type\" content=\"image\/jpeg\" \/>\n<meta name=\"twitter:card\" content=\"summary_large_image\" \/>\n<meta name=\"twitter:label1\" content=\"Pre\u021b\" \/>\n\t<meta name=\"twitter:data1\" content=\"8.00&nbsp;MDL\" \/>\n\t<meta name=\"twitter:label2\" content=\"Availability\" \/>\n\t<meta name=\"twitter:data2\" content=\"In stock\" \/>\n<script type=\"application\/ld+json\" class=\"yoast-schema-graph\">{\"@context\":\"https:\/\/schema.org\",\"@graph\":[{\"@type\":\"WebPage\",\"@id\":\"https:\/\/atg.md\/ro\/catalog\/autoclipsuri\/figurnye\/c1167\/\",\"url\":\"https:\/\/atg.md\/ro\/catalog\/autoclipsuri\/figurnye\/c1167\/\",\"name\":\"C1167 - Autoclipsuri, Cre\u021b - atg.md\",\"isPartOf\":{\"@id\":\"https:\/\/atg.md\/ro\/#website\"},\"datePublished\":\"2021-03-30T09:12:39+00:00\",\"dateModified\":\"2024-07-05T07:06:26+00:00\",\"breadcrumb\":{\"@id\":\"https:\/\/atg.md\/ro\/catalog\/autoclipsuri\/figurnye\/c1167\/#breadcrumb\"},\"inLanguage\":\"ro-RO\",\"potentialAction\":[{\"@type\":\"ReadAction\",\"target\":[[\"https:\/\/atg.md\/ro\/catalog\/autoclipsuri\/figurnye\/c1167\/\"]]}]},{\"@type\":\"BreadcrumbList\",\"@id\":\"https:\/\/atg.md\/ro\/catalog\/autoclipsuri\/figurnye\/c1167\/#breadcrumb\",\"itemListElement\":[{\"@type\":\"ListItem\",\"position\":1,\"name\":\"Home\",\"item\":\"https:\/\/atg.md\/ro\/\"},{\"@type\":\"ListItem\",\"position\":2,\"name\":\"\u041a\u0430\u0442\u0430\u043b\u043e\u0433\",\"item\":\"https:\/\/atg.md\/ro\/catalog\/\"},{\"@type\":\"ListItem\",\"position\":3,\"name\":\"C1167\"}]},{\"@type\":\"WebSite\",\"@id\":\"https:\/\/atg.md\/ro\/#website\",\"url\":\"https:\/\/atg.md\/ro\/\",\"name\":\"atg.md\",\"description\":\"V\u00e2nzare de izola\u021bii \u00eempotriva vibra\u021biilor pentru ma\u0219ini, izola\u021bie termic\u0103, izolare fonic\u0103 de la cei mai buni produc\u0103tori, autoclipsuri, elemente de fixare auto. Cump\u0103ra\u021bi \u00een Moldova, Chi\u0219in\u0103u\",\"publisher\":{\"@id\":\"https:\/\/atg.md\/ro\/#organization\"},\"potentialAction\":[{\"@type\":\"SearchAction\",\"target\":{\"@type\":\"EntryPoint\",\"urlTemplate\":\"https:\/\/atg.md\/ro\/?s={search_term_string}\"},\"query-input\":\"required name=search_term_string\"}],\"inLanguage\":\"ro-RO\"},{\"@type\":[\"Organization\",\"Place\",\"AutoPartsStore\"],\"@id\":\"https:\/\/atg.md\/ro\/#organization\",\"name\":\"S.C. AUTOTOM GRUP S.R.L.\",\"url\":\"https:\/\/atg.md\/ro\/\",\"logo\":{\"@type\":\"ImageObject\",\"inLanguage\":\"ro-RO\",\"@id\":\"https:\/\/atg.md\/ro\/#\/schema\/logo\/image\/\",\"url\":\"https:\/\/i2.wp.com\/atg.md\/wp-content\/uploads\/2021\/05\/atg_logo_main.png?fit=656%2C569&ssl=1\",\"contentUrl\":\"https:\/\/i2.wp.com\/atg.md\/wp-content\/uploads\/2021\/05\/atg_logo_main.png?fit=656%2C569&ssl=1\",\"width\":656,\"height\":569,\"caption\":\"S.C. AUTOTOM GRUP S.R.L.\"},\"image\":{\"@id\":\"https:\/\/atg.md\/ro\/#\/schema\/logo\/image\/\"},\"location\":{\"@id\":\"https:\/\/atg.md\/ro\/catalog\/autoclipsuri\/figurnye\/c1167\/#local-place\"},\"address\":{\"@id\":\"https:\/\/atg.md\/ro\/catalog\/autoclipsuri\/figurnye\/c1167\/#local-place-address\"},\"email\":\"atgtvv@gmail.com\",\"telephone\":\"+37369644446\",\"areaServed\":\"Moldova\"},{\"@type\":\"Place\",\"@id\":\"https:\/\/atg.md\/ro\/catalog\/autoclipsuri\/figurnye\/c1167\/#local-place\",\"address\":{\"@type\":\"PostalAddress\",\"@id\":\"https:\/\/atg.md\/ro\/catalog\/autoclipsuri\/figurnye\/c1167\/#local-place-address\",\"streetAddress\":\"str. Alba-Iulia 77\/20\",\"addressLocality\":\"Chisinau\",\"postalCode\":\"2043\",\"addressRegion\":\"mun. Chisinau\",\"addressCountry\":\"MD\"},\"geo\":{\"@type\":\"GeoCoordinates\",\"latitude\":\"47.0376\",\"longitude\":\"28.76899\"},\"openingHoursSpecification\":[{\"@type\":\"OpeningHoursSpecification\",\"dayOfWeek\":[\"Monday\",\"Tuesday\",\"Wednesday\",\"Thursday\",\"Friday\"],\"opens\":\"09:00\",\"closes\":\"18:00\"},{\"@type\":\"OpeningHoursSpecification\",\"dayOfWeek\":[\"Saturday\"],\"opens\":\"09:00\",\"closes\":\"14:00\"},{\"@type\":\"OpeningHoursSpecification\",\"dayOfWeek\":[\"Sunday\"],\"opens\":\"00:00\",\"closes\":\"00:00\"}],\"telephone\":\"+37369644446\"}]}<\/script>\n<meta name=\"geo.placename\" content=\"Chisinau\" \/>\n<meta name=\"geo.position\" content=\"47.0376;28.76899\" \/>\n<meta name=\"geo.region\" content=\"Moldova\" \/>\n<!-- \/ Yoast SEO Premium plugin. -->","yoast_head_json":{"title":"C1167 - Autoclipsuri, Cre\u021b - atg.md","robots":{"index":"index","follow":"follow","max-snippet":"max-snippet:-1","max-image-preview":"max-image-preview:large","max-video-preview":"max-video-preview:-1"},"canonical":"https:\/\/atg.md\/ro\/catalog\/autoclipsuri\/figurnye\/c1167\/","og_locale":"ro_RO","og_type":"article","og_title":"C1167 - Autoclipsuri, Cre\u021b - atg.md","og_description":"OEM: 75392-35200, 7539235200, 75392-04010","og_url":"https:\/\/atg.md\/ro\/wp-json\/wp\/v2\/product\/7925","og_site_name":"atg.md","article_modified_time":"2024-07-05T07:06:26+00:00","og_image":[{"width":600,"height":600,"url":"https:\/\/atg.md\/wp-content\/uploads\/2021\/03\/c1167.jpg","type":"image\/jpeg"}],"twitter_card":"summary_large_image","twitter_misc":{"Pre\u021b":"8.00&nbsp;MDL","Availability":"In stock"},"schema":{"@context":"https:\/\/schema.org","@graph":[{"@type":"WebPage","@id":"https:\/\/atg.md\/ro\/catalog\/autoclipsuri\/figurnye\/c1167\/","url":"https:\/\/atg.md\/ro\/catalog\/autoclipsuri\/figurnye\/c1167\/","name":"C1167 - Autoclipsuri, Cre\u021b - atg.md","isPartOf":{"@id":"https:\/\/atg.md\/ro\/#website"},"datePublished":"2021-03-30T09:12:39+00:00","dateModified":"2024-07-05T07:06:26+00:00","breadcrumb":{"@id":"https:\/\/atg.md\/ro\/catalog\/autoclipsuri\/figurnye\/c1167\/#breadcrumb"},"inLanguage":"ro-RO","potentialAction":[{"@type":"ReadAction","target":[["https:\/\/atg.md\/ro\/catalog\/autoclipsuri\/figurnye\/c1167\/"]]}]},{"@type":"BreadcrumbList","@id":"https:\/\/atg.md\/ro\/catalog\/autoclipsuri\/figurnye\/c1167\/#breadcrumb","itemListElement":[{"@type":"ListItem","position":1,"name":"Home","item":"https:\/\/atg.md\/ro\/"},{"@type":"ListItem","position":2,"name":"\u041a\u0430\u0442\u0430\u043b\u043e\u0433","item":"https:\/\/atg.md\/ro\/catalog\/"},{"@type":"ListItem","position":3,"name":"C1167"}]},{"@type":"WebSite","@id":"https:\/\/atg.md\/ro\/#website","url":"https:\/\/atg.md\/ro\/","name":"atg.md","description":"V\u00e2nzare de izola\u021bii \u00eempotriva vibra\u021biilor pentru ma\u0219ini, izola\u021bie termic\u0103, izolare fonic\u0103 de la cei mai buni produc\u0103tori, autoclipsuri, elemente de fixare auto. Cump\u0103ra\u021bi \u00een Moldova, Chi\u0219in\u0103u","publisher":{"@id":"https:\/\/atg.md\/ro\/#organization"},"potentialAction":[{"@type":"SearchAction","target":{"@type":"EntryPoint","urlTemplate":"https:\/\/atg.md\/ro\/?s={search_term_string}"},"query-input":"required name=search_term_string"}],"inLanguage":"ro-RO"},{"@type":["Organization","Place","AutoPartsStore"],"@id":"https:\/\/atg.md\/ro\/#organization","name":"S.C. AUTOTOM GRUP S.R.L.","url":"https:\/\/atg.md\/ro\/","logo":{"@type":"ImageObject","inLanguage":"ro-RO","@id":"https:\/\/atg.md\/ro\/#\/schema\/logo\/image\/","url":"https:\/\/i2.wp.com\/atg.md\/wp-content\/uploads\/2021\/05\/atg_logo_main.png?fit=656%2C569&ssl=1","contentUrl":"https:\/\/i2.wp.com\/atg.md\/wp-content\/uploads\/2021\/05\/atg_logo_main.png?fit=656%2C569&ssl=1","width":656,"height":569,"caption":"S.C. AUTOTOM GRUP S.R.L."},"image":{"@id":"https:\/\/atg.md\/ro\/#\/schema\/logo\/image\/"},"location":{"@id":"https:\/\/atg.md\/ro\/catalog\/autoclipsuri\/figurnye\/c1167\/#local-place"},"address":{"@id":"https:\/\/atg.md\/ro\/catalog\/autoclipsuri\/figurnye\/c1167\/#local-place-address"},"email":"atgtvv@gmail.com","telephone":"+37369644446","areaServed":"Moldova"},{"@type":"Place","@id":"https:\/\/atg.md\/ro\/catalog\/autoclipsuri\/figurnye\/c1167\/#local-place","address":{"@type":"PostalAddress","@id":"https:\/\/atg.md\/ro\/catalog\/autoclipsuri\/figurnye\/c1167\/#local-place-address","streetAddress":"str. Alba-Iulia 77\/20","addressLocality":"Chisinau","postalCode":"2043","addressRegion":"mun. Chisinau","addressCountry":"MD"},"geo":{"@type":"GeoCoordinates","latitude":"47.0376","longitude":"28.76899"},"openingHoursSpecification":[{"@type":"OpeningHoursSpecification","dayOfWeek":["Monday","Tuesday","Wednesday","Thursday","Friday"],"opens":"09:00","closes":"18:00"},{"@type":"OpeningHoursSpecification","dayOfWeek":["Saturday"],"opens":"09:00","closes":"14:00"},{"@type":"OpeningHoursSpecification","dayOfWeek":["Sunday"],"opens":"00:00","closes":"00:00"}],"telephone":"+37369644446"}]}},"_links":{"self":[{"href":"https:\/\/atg.md\/ro\/wp-json\/wp\/v2\/product\/7925"}],"collection":[{"href":"https:\/\/atg.md\/ro\/wp-json\/wp\/v2\/product"}],"about":[{"href":"https:\/\/atg.md\/ro\/wp-json\/wp\/v2\/types\/product"}],"wp:featuredmedia":[{"embeddable":true,"href":"https:\/\/atg.md\/ro\/wp-json\/wp\/v2\/media\/7926"}],"wp:attachment":[{"href":"https:\/\/atg.md\/ro\/wp-json\/wp\/v2\/media?parent=7925"}],"wp:term":[{"taxonomy":"product_cat","embeddable":true,"href":"https:\/\/atg.md\/ro\/wp-json\/wp\/v2\/product_cat?post=7925"},{"taxonomy":"product_tag","embeddable":true,"href":"https:\/\/atg.md\/ro\/wp-json\/wp\/v2\/product_tag?post=7925"}],"curies":[{"name":"wp","href":"https:\/\/api.w.org\/{rel}","templated":true}]}}