{"id":7891,"date":"2021-03-30T09:12:39","date_gmt":"2021-03-30T09:12:39","guid":{"rendered":"http:\/\/atg.md\/product\/c1129\/"},"modified":"2024-07-05T07:06:14","modified_gmt":"2024-07-05T07:06:14","slug":"c1129","status":"publish","type":"product","link":"https:\/\/atg.md\/ro\/catalog\/autoclipsuri\/dvernye\/c1129\/","title":{"rendered":"C1129"},"content":{"rendered":"<p><strong>Modele:<\/strong><\/p>\n<ul>\n<li>Infiniti<br \/>\nFX35, S50<\/li>\n<li>Infiniti<br \/>\nFX45, S50<\/li>\n<li>Infiniti<br \/>\nG20, P11<\/li>\n<li>Infiniti<br \/>\nG25, V36<\/li>\n<li>Infiniti<br \/>\nG35, V35, V36<\/li>\n<li>Infiniti<br \/>\nG37, CV36, HV36, V36<\/li>\n<li>Infiniti<br \/>\nI30, A32, CA33<\/li>\n<li>Infiniti<br \/>\nI35, CA33<\/li>\n<li>Infiniti<br \/>\nJ30, JPY32<\/li>\n<li>Infiniti<br \/>\nM35, G50, HG50, Y50<\/li>\n<li>Infiniti<br \/>\nM45, Y34, Y50<\/li>\n<li>Infiniti<br \/>\nQ40, V36<\/li>\n<li>Infiniti<br \/>\nQ45, FGY33, G50<\/li>\n<li>Infiniti<br \/>\nQ60, CV36, HV36<\/li>\n<li>Infiniti<br \/>\nQX4, JR50<\/li>\n<li>Infiniti<br \/>\nQX56, JA60, Z62<\/li>\n<li>Infiniti<br \/>\nQX80, Z62<\/li>\n<li>Nissan<br \/>\n200SX, B14U, S14<\/li>\n<li>Nissan<br \/>\n240SX, S14<\/li>\n<li>Nissan<br \/>\n280ZX, S130<\/li>\n<li>Nissan<br \/>\n300ZX, Z31<\/li>\n<li>Nissan<br \/>\n350Z, Z33<\/li>\n<li>Nissan<br \/>\nAD, HY10, MVFY10, MVY10, VENY10, VENY11, VEY10, VEY11, VFNY10, VFY10,<br \/>\nVFY11, VGY11, VHNY11, VSNY10, VSY10, VY10, VY11, WEY10, WFNY10, WFY10, WFY11,<br \/>\nWHNY11, WHY11, WPY11, WRY11, WSY10, WY10, Y10, Y11<\/li>\n<li>Nissan<br \/>\nAlmera, N15, N16, N16E, V10M<\/li>\n<li>Nissan<br \/>\nAltima, L30, L31, L32, L32HV<\/li>\n<li>Nissan<br \/>\nAmbulance, ALE50, ALWE50, ATE50, ATWE50, FLGE50, FLWGE50, FPGE50, FPWGE50<\/li>\n<li>Nissan<br \/>\nArmada, TA60, Y62<\/li>\n<li>Nissan<br \/>\nAtlas, AF22, AGF22, AH40, AMF22, BF22, BGF22, EF22, EGF22, EH40, FGH40,<br \/>\nFH40, JGH40, JH40, MGH40, MH40, PF22, PGF22, PH40, RH40, SGH40, SH40, SQH40,<br \/>\nTF22, TGF22, UF22, UGF22, WF22, WGF22, WH40, YF22, YGF22<\/li>\n<li>Nissan<br \/>\nAvenir, PNW11, PW11, RNW11, RW11, SW11, W11<\/li>\n<li>Nissan Bassara, JHU30,<br \/>\nJNU30, JTNU30, JTU30, JU30, JVNU30, JVU30<\/li>\n<li>Nissan<br \/>\nBluebird Sylphy, FG10, QG10, QNG10, TG10<\/li>\n<li>Nissan<br \/>\nBluebird, 910, ENU13, ENU14, EU13, EU14, HNU13, HNU14, HU13, HU14, PU13,<br \/>\nQU14, SNU13, SU13, SU14, T12, U11, U13, VEJ910, VJ910, VTJ910, WPJ910, WUJ910<\/li>\n<li>Nissan<br \/>\nCabstar, F22<\/li>\n<li>Nissan<br \/>\nCaravan, AEGE24, ARE24, ARGE24, ARME24, ARMGE24, CHGE23, CPGE23, CPGE24,<br \/>\nCQGE24, CQGE25, CRGE23, CRGE24, CRMGE24, CSGE25, CTGE24, CWGE24, CWGE25,<br \/>\nCWMGE24, CWMGE25, CYGE23, DHGE23, DHGE24, DPGE23, DQGE25, DRGE23, DRGE24, DSGE25,<br \/>\nDTGE24, DWGE24, DWGE25, DWMGE25, DYGE23, DYGE24, FEGE24, FHGE23, FHGE24,<br \/>\nFPGE23, FTGE24, KEE24, KHE23, KHE24, KHGE23, KHGE24, KRE23, KRE24, KRGE23,<br \/>\nKRGE24, KRME24, KRMGE24, KSE23, KSE24, KSGE23, KSGE24, QE25, QGE25, SE25,<br \/>\nSGE25, VBE23, VHGE23, VNE23, VPE24, VPE25, VPGE23, VPGE24, VRE23, VRE24, VRE25,<br \/>\nVRGE23, VRGE24, VRMGE24, VTE24, VTGE24, VWE24, VWE25, VWGE24, VWME24, VWME25,<br \/>\nVWMGE24, VYE23, VYGE23<\/li>\n<li>Nissan<br \/>\nCedric, BJY31, CBJY31, CMJY31, CUY31, CY31, ENY33, ENY34, HBY33, HY33,<br \/>\nHY34, MJY31, MY33, MY34, PAY31, PAY32, PBY32, PY31, PY32, PY33, QJY31, SY31,<br \/>\nTY31, UJY31, UY31, UY32, UY33, Y31, Y32, Y33, Y34, YPY31, YY31<\/li>\n<li>Nissan<br \/>\nCefiro, A31, A32, A33, CA31, EA31, ECA31, HA32, LA31, LCA31, LNA31, NA31,<br \/>\nPA32, PA33, WA32, WHA32, WPA32<\/li>\n<li>Nissan<br \/>\nCherry, N12<\/li>\n<li>Nissan Cima, FGDY32,<br \/>\nFGDY33, FGNY32, FGNY33, FGY32, FGY33, FHY33, FPY32<\/li>\n<li>Nissan<br \/>\nCivilian, ACW41, AHW41, AJW41, AVW41, BCW41, BHW41, BJW41, BVW41, DCW41,<br \/>\nDHW41, DJW41, DVW41, W41<\/li>\n<li>Nissan<br \/>\nCrew, HK30, QK30, SK30, THK30, TSK30, YHK30<\/li>\n<li>Nissan Cube<br \/>\nCubic, BGZ11, YGNZ11, YGZ11<\/li>\n<li>Nissan<br \/>\nCube, ANZ10, AZ10, BNZ11, BZ11, YZ11, Z10<\/li>\n<li>Nissan<br \/>\nDatsun Truck, AD21, AGD21, AMD21, BD21, BGD21, BMD21, CD21, CGD21, D21,<br \/>\nDD21, DMD21, DYD21, FD21, FGD21, FMD21, FYD21, GD21, PD21, PGD21, PMD21, QD21,<br \/>\nQGD21, QMD21, QYD21<\/li>\n<li>Nissan<br \/>\nDatsun, FMD22, LFD22, RMD22<\/li>\n<li>Nissan<br \/>\nDualis, J10, KJ10, KNJ10, NJ10<\/li>\n<li>Nissan<br \/>\nElgrand, ALE50, ALWE50, APE50, APWE50, ATE50, ATWE50, AVE50, AVWE50, E51,<br \/>\nME51, MNE51, NE51<\/li>\n<li>Nissan<br \/>\nExpert, VENW11, VEW11, VNW11, VW11<\/li>\n<li>Nissan<br \/>\nFairlady Z, GZ31, HGZ31, HZ31, HZ33, PGZ31, PZ31, Z31, Z33<\/li>\n<li>Nissan<br \/>\nFuga, GY50, PNY50, PY50, Y50<\/li>\n<li>Nissan<br \/>\nGloria, BJY31, CBJY31, CMJY31, CUY31, CY31, ENY33, ENY34, HBY33, HY33,<br \/>\nHY34, MJY31, MY33, MY34, PAY31, PAY32, PBY32, PY31, PY32, PY33, PY33E, QJY31,<br \/>\nTY31, UJY31, UY31, UY32, UY33, Y31, Y32, Y33, Y34, YPY31, YY31<\/li>\n<li>Nissan<br \/>\nHardbody, D22S<\/li>\n<li>Nissan<br \/>\nHomy, AEGE24, ARE24, ARGE24, ARME24, ARMGE24, CHGE23, CPGE23, CPGE24,<br \/>\nCQGE24, CRGE23, CRGE24, CRMGE24, CTGE24, CWGE24, CWMGE24, CYGE23, DHGE23,<br \/>\nDHGE24, DPGE23, DRGE23, DRGE24, DTGE24, DWGE24, DYGE23, DYGE24, FEGE24, FHGE23,<br \/>\nFHGE24, FPGE23, FTGE24, KEE24, KHE23, KHE24, KHGE23, KHGE24, KRE23, KRE24,<br \/>\nKRGE23, KRGE24, KRME24, KRMGE24, KSE23, KSE24, KSGE23, KSGE24, VBE23, VHGE23,<br \/>\nVNE23, VPE24, VPGE23, VPGE24, VRE23, VRE24, VRGE23, VRGE24, VRMGE24, VTE24,<br \/>\nVTGE24, VWE24, VWGE24, VWME24, VWMGE24, VYE23, VYGE23<\/li>\n<li>Nissan<br \/>\nHypermini, EA0<\/li>\n<li>Nissan King<br \/>\nCab, D21, D22, LCD22<\/li>\n<li>Nissan King<br \/>\nVan, E24<\/li>\n<li>Nissan<br \/>\nLargo, NW30, VNW30, VW30, W30<\/li>\n<li>Nissan<br \/>\nLaurel, A31, GC34, GCC34, GNC34, HC34, SC34<\/li>\n<li>Nissan<br \/>\nLeopard, JENY33, JGBY32, JHBY33, JHY33, JMY33, JPY32, JPY33, JY33<\/li>\n<li>Nissan<br \/>\nLiberty, PM12, PNM12, RM12, RNM12<\/li>\n<li>Nissan<br \/>\nLucino, FB14, HB14, JB14<\/li>\n<li>Nissan<br \/>\nMarch, AK11, AK12, ANK11, BK12, BNK12, HK11, K11, K12, YK12<\/li>\n<li>Nissan<br \/>\nMaxima, A32, A32B, A33B, A34, CA33<\/li>\n<li>Nissan Micra<br \/>\nC+C, CK12E, FHZK12<\/li>\n<li>Nissan<br \/>\nMicra, K10, K11E, K12E<\/li>\n<li>Nissan Murano, PNZ51,<br \/>\nTNZ51, Z51, Z51R, Z51Z<\/li>\n<li>Nissan<br \/>\nNP300, D22SS, D22X, LCD22S<\/li>\n<li>Nissan<br \/>\nNV200, M20, M20M<\/li>\n<li>Nissan NV350<br \/>\nCaravan, E24, E25, E26, VE24<\/li>\n<li>Nissan<br \/>\nNavara, D22B, D22S, D22U, D40, D40B, D40BB, D40L, D40M, D40T, D40TT,<br \/>\nLCD22T<\/li>\n<li>Nissan<br \/>\nNote, E11E<\/li>\n<li>Nissan<br \/>\nPathfinder, R50, R51, R51M<\/li>\n<li>Nissan<br \/>\nPatrol, 160, Y60, Y61, Y62<\/li>\n<li>Nissan<br \/>\nPickup, D21, D21U<\/li>\n<li>Nissan<br \/>\nPrairie, M10, PM12, PNM12, RM12, RNM12<\/li>\n<li>Nissan<br \/>\nPresage, HU30, NU30, PNU31, PU31, TNU30, TNU31, TU30, TU31, U30, U31,<br \/>\nVNU30, VU30<\/li>\n<li>Nissan<br \/>\nPresea, HR11, PR11, R11<\/li>\n<li>Nissan<br \/>\nPresident, JHG50, PG50, PHG50<\/li>\n<li>Nissan<br \/>\nPrimera Camino, HNP11, HP11, P11, QP11, WHNP11, WHP11, WP11, WQP11<\/li>\n<li>Nissan<br \/>\nPrimera, FHP10, FHP11, HP12, P10E, P11, P11E, P12E, QP12, RP12, TNP12,<br \/>\nTP12, W10, WHP12, WP11E, WRP12, WTNP12, WTP12<\/li>\n<li>Nissan<br \/>\nPulsar, EN14, EN15, FN14, FN15, FNN14, FNN15, HN14, HN15, HNN15, JN15,<br \/>\nN14, N15, N16, SN14, SN15, SNN15<\/li>\n<li>Nissan<br \/>\nQashqai+2, JJ10E<\/li>\n<li>Nissan<br \/>\nQashqai, J10E, J10Z, J11, J11E, J11R, J11Z<\/li>\n<li>Nissan<br \/>\nQuest, V41, V42<\/li>\n<li>Nissan<br \/>\nR&#8217;nessa, N30, NN30, PNN30<\/li>\n<li>Nissan<br \/>\nRasheen, RFNB14, RHNB14, RKNB14<\/li>\n<li>Nissan<br \/>\nRogue, J11<\/li>\n<li>Nissan<br \/>\nSafari, FGY60, TY61, VRGY60, VRGY61, VRY60, WFGY61, WGY60, WGY61, WRGY60,<br \/>\nWRGY61, WRY60, WTY61, WYY60, WYY61, Y61<\/li>\n<li>Nissan<br \/>\nSentra, B13X, B14U, B14X, B15U, B15X, B16U, B16X, B17T<\/li>\n<li>Nissan<br \/>\nSerena, C24, PC24, PNC24, RC24, TC24, TNC24, VC24, VNC24<\/li>\n<li>Nissan<br \/>\nSilvia, CS14, S14, S15<\/li>\n<li>Nissan<br \/>\nSkyline, BCNR33, BNR32, CPV35, ECR32, ECR33, ENR33, ER33, HCR32, HNR32,<br \/>\nHR32, HR33, HV35, KV36, NV35, NV36, PV35, PV36, R33, V35, V36<\/li>\n<li>Nissan<br \/>\nStagea, HM35, M35, NM35, PM35, PNM35, WGC34, WGNC34, WHC34<\/li>\n<li><\/ul>\n<p><\/p>","protected":false},"excerpt":{"rendered":"<p><b>OEM:<\/b> 84953-AU100, 84953AU100, 80999-VE000, 80999VE000<\/p>\n","protected":false},"featured_media":7892,"template":"","meta":[],"product_cat":[25,76],"product_tag":[],"bundled_by":[],"bundle_stock_status":"instock","bundle_stock_quantity":null,"bundle_virtual":false,"bundle_layout":"","bundle_add_to_cart_form_location":"","bundle_editable_in_cart":false,"bundle_sold_individually_context":"","bundle_item_grouping":"","bundle_min_size":"","bundle_max_size":"","bundled_items":[],"yoast_head":"<!-- This site is optimized with the Yoast SEO Premium plugin v16.6 (Yoast SEO v20.1) - https:\/\/yoast.com\/wordpress\/plugins\/seo\/ -->\n<title>C1129 - Autoclipsuri, Autoclipsuri pentru u\u0219\u0103 - atg.md<\/title>\n<meta name=\"robots\" content=\"index, follow, max-snippet:-1, max-image-preview:large, max-video-preview:-1\" \/>\n<link rel=\"canonical\" href=\"https:\/\/atg.md\/ro\/catalog\/autoclipsuri\/dvernye\/c1129\/\" \/>\n<meta property=\"og:locale\" content=\"ro_RO\" \/>\n<meta property=\"og:type\" content=\"article\" \/>\n<meta property=\"og:title\" content=\"C1129 - Autoclipsuri, Autoclipsuri pentru u\u0219\u0103 - atg.md\" \/>\n<meta property=\"og:description\" content=\"OEM: 84953-AU100, 84953AU100, 80999-VE000, 80999VE000\" \/>\n<meta property=\"og:url\" content=\"https:\/\/atg.md\/ro\/wp-json\/wp\/v2\/product\/7891\" \/>\n<meta property=\"og:site_name\" content=\"atg.md\" \/>\n<meta property=\"article:modified_time\" content=\"2024-07-05T07:06:14+00:00\" \/>\n<meta property=\"og:image\" content=\"https:\/\/atg.md\/wp-content\/uploads\/2021\/03\/c1129.jpg\" \/>\n\t<meta property=\"og:image:width\" content=\"600\" \/>\n\t<meta property=\"og:image:height\" content=\"600\" \/>\n\t<meta property=\"og:image:type\" content=\"image\/jpeg\" \/>\n<meta name=\"twitter:card\" content=\"summary_large_image\" \/>\n<meta name=\"twitter:label1\" content=\"Pre\u021b\" \/>\n\t<meta name=\"twitter:data1\" content=\"8.00&nbsp;MDL\" \/>\n\t<meta name=\"twitter:label2\" content=\"Availability\" \/>\n\t<meta name=\"twitter:data2\" content=\"In stock\" \/>\n<script type=\"application\/ld+json\" class=\"yoast-schema-graph\">{\"@context\":\"https:\/\/schema.org\",\"@graph\":[{\"@type\":\"WebPage\",\"@id\":\"https:\/\/atg.md\/ro\/catalog\/autoclipsuri\/dvernye\/c1129\/\",\"url\":\"https:\/\/atg.md\/ro\/catalog\/autoclipsuri\/dvernye\/c1129\/\",\"name\":\"C1129 - Autoclipsuri, Autoclipsuri pentru u\u0219\u0103 - atg.md\",\"isPartOf\":{\"@id\":\"https:\/\/atg.md\/ro\/#website\"},\"datePublished\":\"2021-03-30T09:12:39+00:00\",\"dateModified\":\"2024-07-05T07:06:14+00:00\",\"breadcrumb\":{\"@id\":\"https:\/\/atg.md\/ro\/catalog\/autoclipsuri\/dvernye\/c1129\/#breadcrumb\"},\"inLanguage\":\"ro-RO\",\"potentialAction\":[{\"@type\":\"ReadAction\",\"target\":[[\"https:\/\/atg.md\/ro\/catalog\/autoclipsuri\/dvernye\/c1129\/\"]]}]},{\"@type\":\"BreadcrumbList\",\"@id\":\"https:\/\/atg.md\/ro\/catalog\/autoclipsuri\/dvernye\/c1129\/#breadcrumb\",\"itemListElement\":[{\"@type\":\"ListItem\",\"position\":1,\"name\":\"Home\",\"item\":\"https:\/\/atg.md\/ro\/\"},{\"@type\":\"ListItem\",\"position\":2,\"name\":\"\u041a\u0430\u0442\u0430\u043b\u043e\u0433\",\"item\":\"https:\/\/atg.md\/ro\/catalog\/\"},{\"@type\":\"ListItem\",\"position\":3,\"name\":\"C1129\"}]},{\"@type\":\"WebSite\",\"@id\":\"https:\/\/atg.md\/ro\/#website\",\"url\":\"https:\/\/atg.md\/ro\/\",\"name\":\"atg.md\",\"description\":\"V\u00e2nzare de izola\u021bii \u00eempotriva vibra\u021biilor pentru ma\u0219ini, izola\u021bie termic\u0103, izolare fonic\u0103 de la cei mai buni produc\u0103tori, autoclipsuri, elemente de fixare auto. Cump\u0103ra\u021bi \u00een Moldova, Chi\u0219in\u0103u\",\"publisher\":{\"@id\":\"https:\/\/atg.md\/ro\/#organization\"},\"potentialAction\":[{\"@type\":\"SearchAction\",\"target\":{\"@type\":\"EntryPoint\",\"urlTemplate\":\"https:\/\/atg.md\/ro\/?s={search_term_string}\"},\"query-input\":\"required name=search_term_string\"}],\"inLanguage\":\"ro-RO\"},{\"@type\":[\"Organization\",\"Place\",\"AutoPartsStore\"],\"@id\":\"https:\/\/atg.md\/ro\/#organization\",\"name\":\"S.C. AUTOTOM GRUP S.R.L.\",\"url\":\"https:\/\/atg.md\/ro\/\",\"logo\":{\"@type\":\"ImageObject\",\"inLanguage\":\"ro-RO\",\"@id\":\"https:\/\/atg.md\/ro\/#\/schema\/logo\/image\/\",\"url\":\"https:\/\/i2.wp.com\/atg.md\/wp-content\/uploads\/2021\/05\/atg_logo_main.png?fit=656%2C569&ssl=1\",\"contentUrl\":\"https:\/\/i2.wp.com\/atg.md\/wp-content\/uploads\/2021\/05\/atg_logo_main.png?fit=656%2C569&ssl=1\",\"width\":656,\"height\":569,\"caption\":\"S.C. AUTOTOM GRUP S.R.L.\"},\"image\":{\"@id\":\"https:\/\/atg.md\/ro\/#\/schema\/logo\/image\/\"},\"location\":{\"@id\":\"https:\/\/atg.md\/ro\/catalog\/autoclipsuri\/dvernye\/c1129\/#local-place\"},\"address\":{\"@id\":\"https:\/\/atg.md\/ro\/catalog\/autoclipsuri\/dvernye\/c1129\/#local-place-address\"},\"email\":\"atgtvv@gmail.com\",\"telephone\":\"+37369644446\",\"areaServed\":\"Moldova\"},{\"@type\":\"Place\",\"@id\":\"https:\/\/atg.md\/ro\/catalog\/autoclipsuri\/dvernye\/c1129\/#local-place\",\"address\":{\"@type\":\"PostalAddress\",\"@id\":\"https:\/\/atg.md\/ro\/catalog\/autoclipsuri\/dvernye\/c1129\/#local-place-address\",\"streetAddress\":\"str. Alba-Iulia 77\/20\",\"addressLocality\":\"Chisinau\",\"postalCode\":\"2043\",\"addressRegion\":\"mun. Chisinau\",\"addressCountry\":\"MD\"},\"geo\":{\"@type\":\"GeoCoordinates\",\"latitude\":\"47.0376\",\"longitude\":\"28.76899\"},\"openingHoursSpecification\":[{\"@type\":\"OpeningHoursSpecification\",\"dayOfWeek\":[\"Monday\",\"Tuesday\",\"Wednesday\",\"Thursday\",\"Friday\"],\"opens\":\"09:00\",\"closes\":\"18:00\"},{\"@type\":\"OpeningHoursSpecification\",\"dayOfWeek\":[\"Saturday\"],\"opens\":\"09:00\",\"closes\":\"14:00\"},{\"@type\":\"OpeningHoursSpecification\",\"dayOfWeek\":[\"Sunday\"],\"opens\":\"00:00\",\"closes\":\"00:00\"}],\"telephone\":\"+37369644446\"}]}<\/script>\n<meta name=\"geo.placename\" content=\"Chisinau\" \/>\n<meta name=\"geo.position\" content=\"47.0376;28.76899\" \/>\n<meta name=\"geo.region\" content=\"Moldova\" \/>\n<!-- \/ Yoast SEO Premium plugin. -->","yoast_head_json":{"title":"C1129 - Autoclipsuri, Autoclipsuri pentru u\u0219\u0103 - atg.md","robots":{"index":"index","follow":"follow","max-snippet":"max-snippet:-1","max-image-preview":"max-image-preview:large","max-video-preview":"max-video-preview:-1"},"canonical":"https:\/\/atg.md\/ro\/catalog\/autoclipsuri\/dvernye\/c1129\/","og_locale":"ro_RO","og_type":"article","og_title":"C1129 - Autoclipsuri, Autoclipsuri pentru u\u0219\u0103 - atg.md","og_description":"OEM: 84953-AU100, 84953AU100, 80999-VE000, 80999VE000","og_url":"https:\/\/atg.md\/ro\/wp-json\/wp\/v2\/product\/7891","og_site_name":"atg.md","article_modified_time":"2024-07-05T07:06:14+00:00","og_image":[{"width":600,"height":600,"url":"https:\/\/atg.md\/wp-content\/uploads\/2021\/03\/c1129.jpg","type":"image\/jpeg"}],"twitter_card":"summary_large_image","twitter_misc":{"Pre\u021b":"8.00&nbsp;MDL","Availability":"In stock"},"schema":{"@context":"https:\/\/schema.org","@graph":[{"@type":"WebPage","@id":"https:\/\/atg.md\/ro\/catalog\/autoclipsuri\/dvernye\/c1129\/","url":"https:\/\/atg.md\/ro\/catalog\/autoclipsuri\/dvernye\/c1129\/","name":"C1129 - Autoclipsuri, Autoclipsuri pentru u\u0219\u0103 - atg.md","isPartOf":{"@id":"https:\/\/atg.md\/ro\/#website"},"datePublished":"2021-03-30T09:12:39+00:00","dateModified":"2024-07-05T07:06:14+00:00","breadcrumb":{"@id":"https:\/\/atg.md\/ro\/catalog\/autoclipsuri\/dvernye\/c1129\/#breadcrumb"},"inLanguage":"ro-RO","potentialAction":[{"@type":"ReadAction","target":[["https:\/\/atg.md\/ro\/catalog\/autoclipsuri\/dvernye\/c1129\/"]]}]},{"@type":"BreadcrumbList","@id":"https:\/\/atg.md\/ro\/catalog\/autoclipsuri\/dvernye\/c1129\/#breadcrumb","itemListElement":[{"@type":"ListItem","position":1,"name":"Home","item":"https:\/\/atg.md\/ro\/"},{"@type":"ListItem","position":2,"name":"\u041a\u0430\u0442\u0430\u043b\u043e\u0433","item":"https:\/\/atg.md\/ro\/catalog\/"},{"@type":"ListItem","position":3,"name":"C1129"}]},{"@type":"WebSite","@id":"https:\/\/atg.md\/ro\/#website","url":"https:\/\/atg.md\/ro\/","name":"atg.md","description":"V\u00e2nzare de izola\u021bii \u00eempotriva vibra\u021biilor pentru ma\u0219ini, izola\u021bie termic\u0103, izolare fonic\u0103 de la cei mai buni produc\u0103tori, autoclipsuri, elemente de fixare auto. Cump\u0103ra\u021bi \u00een Moldova, Chi\u0219in\u0103u","publisher":{"@id":"https:\/\/atg.md\/ro\/#organization"},"potentialAction":[{"@type":"SearchAction","target":{"@type":"EntryPoint","urlTemplate":"https:\/\/atg.md\/ro\/?s={search_term_string}"},"query-input":"required name=search_term_string"}],"inLanguage":"ro-RO"},{"@type":["Organization","Place","AutoPartsStore"],"@id":"https:\/\/atg.md\/ro\/#organization","name":"S.C. AUTOTOM GRUP S.R.L.","url":"https:\/\/atg.md\/ro\/","logo":{"@type":"ImageObject","inLanguage":"ro-RO","@id":"https:\/\/atg.md\/ro\/#\/schema\/logo\/image\/","url":"https:\/\/i2.wp.com\/atg.md\/wp-content\/uploads\/2021\/05\/atg_logo_main.png?fit=656%2C569&ssl=1","contentUrl":"https:\/\/i2.wp.com\/atg.md\/wp-content\/uploads\/2021\/05\/atg_logo_main.png?fit=656%2C569&ssl=1","width":656,"height":569,"caption":"S.C. AUTOTOM GRUP S.R.L."},"image":{"@id":"https:\/\/atg.md\/ro\/#\/schema\/logo\/image\/"},"location":{"@id":"https:\/\/atg.md\/ro\/catalog\/autoclipsuri\/dvernye\/c1129\/#local-place"},"address":{"@id":"https:\/\/atg.md\/ro\/catalog\/autoclipsuri\/dvernye\/c1129\/#local-place-address"},"email":"atgtvv@gmail.com","telephone":"+37369644446","areaServed":"Moldova"},{"@type":"Place","@id":"https:\/\/atg.md\/ro\/catalog\/autoclipsuri\/dvernye\/c1129\/#local-place","address":{"@type":"PostalAddress","@id":"https:\/\/atg.md\/ro\/catalog\/autoclipsuri\/dvernye\/c1129\/#local-place-address","streetAddress":"str. Alba-Iulia 77\/20","addressLocality":"Chisinau","postalCode":"2043","addressRegion":"mun. Chisinau","addressCountry":"MD"},"geo":{"@type":"GeoCoordinates","latitude":"47.0376","longitude":"28.76899"},"openingHoursSpecification":[{"@type":"OpeningHoursSpecification","dayOfWeek":["Monday","Tuesday","Wednesday","Thursday","Friday"],"opens":"09:00","closes":"18:00"},{"@type":"OpeningHoursSpecification","dayOfWeek":["Saturday"],"opens":"09:00","closes":"14:00"},{"@type":"OpeningHoursSpecification","dayOfWeek":["Sunday"],"opens":"00:00","closes":"00:00"}],"telephone":"+37369644446"}]}},"_links":{"self":[{"href":"https:\/\/atg.md\/ro\/wp-json\/wp\/v2\/product\/7891"}],"collection":[{"href":"https:\/\/atg.md\/ro\/wp-json\/wp\/v2\/product"}],"about":[{"href":"https:\/\/atg.md\/ro\/wp-json\/wp\/v2\/types\/product"}],"wp:featuredmedia":[{"embeddable":true,"href":"https:\/\/atg.md\/ro\/wp-json\/wp\/v2\/media\/7892"}],"wp:attachment":[{"href":"https:\/\/atg.md\/ro\/wp-json\/wp\/v2\/media?parent=7891"}],"wp:term":[{"taxonomy":"product_cat","embeddable":true,"href":"https:\/\/atg.md\/ro\/wp-json\/wp\/v2\/product_cat?post=7891"},{"taxonomy":"product_tag","embeddable":true,"href":"https:\/\/atg.md\/ro\/wp-json\/wp\/v2\/product_tag?post=7891"}],"curies":[{"name":"wp","href":"https:\/\/api.w.org\/{rel}","templated":true}]}}