{"id":7847,"date":"2021-03-30T09:12:13","date_gmt":"2021-03-30T09:12:13","guid":{"rendered":"http:\/\/atg.md\/product\/c1096\/"},"modified":"2024-07-05T07:06:04","modified_gmt":"2024-07-05T07:06:04","slug":"c1096","status":"publish","type":"product","link":"https:\/\/atg.md\/ro\/catalog\/autoclipsuri\/probki\/c1096\/","title":{"rendered":"C1096"},"content":{"rendered":"<p><strong>Modele:<\/strong><\/p>\n<ul>\n<li>\n<li>Mitsubishi ASX, GA1W, GA2W, GA3W, GA4W, GA6W, GA7W, GA8W<\/li>\n<li>Mitsubishi<br \/>\nAirtrek, CU2W, CU4W, CU5W<\/li>\n<li>Mitsubishi<br \/>\nAttrage, A13A<\/li>\n<li>Mitsubishi<br \/>\nBravo, U41V, U42T, U42TP, U42V<\/li>\n<li>Mitsubishi<br \/>\nCarisma, DA1A, DA2A, DA4A, DA5A, DA6A<\/li>\n<li>Mitsubishi<br \/>\nChariot Grandis, N84W, N86W, N94W, N96W<\/li>\n<li>Mitsubishi<br \/>\nChariot, D02W, D03W, D04W, D05V, D05W, D08W, D09V, D09W, N48W, N83W, N84W,<br \/>\nN94W<\/li>\n<li>Mitsubishi<br \/>\nColt Plus, Z21A, Z21W, Z22A, Z22W, Z23A, Z23W, Z24A, Z24W, Z25A, Z26A,<br \/>\nZ27A, Z27AG, Z27W, Z27WG, Z28A<\/li>\n<li>Mitsubishi<br \/>\nColt, C11A, C12A, C13A, C14A, C15A, CB8A, CJ1A, CJ2A, CJ4A, CJ5A, CK1A,<br \/>\nCK2A, CK4A, CK5A, CN9A, CP9A, Z21A, Z21W, Z22A, Z22W, Z23A, Z23W, Z24A, Z24W,<br \/>\nZ25A, Z26A, Z27A, Z27AG, Z27W, Z27WG, Z28A, Z31A, Z32A, Z33A, Z33AM, Z34A,<br \/>\nZ34AM, Z35A, Z35AM, Z36A, Z37A, Z38A, Z39A, Z39V<\/li>\n<li>Mitsubishi<br \/>\nDebonair, S11A, S12A, S12AG, S22A, S26A, S27A<\/li>\n<li>Mitsubishi<br \/>\nDelica D5, CV1W, CV2W, CV4W, CV5W<\/li>\n<li>Mitsubishi<br \/>\nDelica, CV5W, P03W, P04V, P04W, P05W, P23W, P24W, P25W, P35W, PA3V, PA3W,<br \/>\nPA4W, PA5V, PA5W, PB3V, PB4V, PB4W, PB5V, PB5W, PC3W, PC4W, PC5W, PD3W, PD4V,<br \/>\nPD4W, PD5V, PD5W, PD6W, PD8W, PE8W, PF6W, PF8W<\/li>\n<li>Mitsubishi<br \/>\nDiamante, F07W, F11A, F12A, F13A, F15A, F16A, F17A, F25A, F27A, F31A,<br \/>\nF31AK, F34A, F36A, F36W, F38A, F41A, F46A, F47A<\/li>\n<li>Mitsubishi<br \/>\nDignity, S32A, S33A, S43A<\/li>\n<li>Mitsubishi<br \/>\nDingo, CQ2A, CQ5A<\/li>\n<li>Mitsubishi<br \/>\nDion, CR5W, CR6W, CR9W<\/li>\n<li>Mitsubishi<br \/>\nEclipse, D21A, D22A, D27A, DK2A, DK4A<\/li>\n<li>Mitsubishi<br \/>\nEmeraude, E54A, E57A, E64A, E74A, E77A, E84A<\/li>\n<li>Mitsubishi<br \/>\nEndeavor, D71W, D81W<\/li>\n<li>Mitsubishi<br \/>\nEterna, E12A, E13A, E14A, E15A, E16A, E17A, E18A, E32A, E33A, E34A, E35A,<br \/>\nE37A, E39A, E54A, E57A, E64A, E74A, E77A, E84A<\/li>\n<li>Mitsubishi<br \/>\nGTO, Z11A, Z15A, Z16A<\/li>\n<li>Mitsubishi<br \/>\nGalant Fortis, CX3A, CX4A, CX6A, CY3A, CY4A, CY6A, CZ4A<\/li>\n<li>Mitsubishi<br \/>\nGalant, DJ1A, DJ3A, DJ5A, DM1A, E11A, E12A, E12AR, E13A, E14A, E14AR,<br \/>\nE15A, E15AK, E16A, E17A, E18A, E19A, E31A, E32A, E32AR, E33A, E34A, E34AR,<br \/>\nE35A, E37A, E38A, E39A, E52A, E54A, E55A, E56A, E57A, E64A, E74A, E75A, E77A,<br \/>\nE84A, E88A<\/li>\n<li>Mitsubishi<br \/>\nGrandis, NA4W, NA8W<\/li>\n<li>Mitsubishi<br \/>\nL200, KA4T, KB4T, KB7T, KB8T, KB9T, KJ3T, KJ4T, KK1T, KK2T, KK3T, KK4T,<br \/>\nKL1T, KL2T, KL3T, KL4T<\/li>\n<li>Mitsubishi<br \/>\nL300, P02W, P03W, P04W, P05W, P23W, P24W<\/li>\n<li>Mitsubishi<br \/>\nL400, PA3V, PA3W, PA4W, PA5V, PA5W, PB3V, PB4V, PB5V, PC3W, PC5W, PD3W,<br \/>\nPD4V, PD4W, PD5V, PD5W<\/li>\n<li>Mitsubishi<br \/>\nLancer Cedia, CS2A, CS2W, CS5A, CS5AR, CS5AZ, CS5W, CS6A, CT9A, CT9W<\/li>\n<li>Mitsubishi<br \/>\nLancer Evolution, CY3A, CY4A, CY6A, CZ4A<\/li>\n<li>Mitsubishi<br \/>\nLancer, C11A, C11V, C12A, C12AS, C12V, C12W, C13A, C14A, C14AS, C14V,<br \/>\nC14W, C18A, C32V, C34V, C34W, C37V, C37W, CB5AR, CB6A, CB7A, CB8A, CB8AR, CB8W,<br \/>\nCD7A, CD8A, CJ1A, CJ2A, CJ4A, CK1A, CK2A, CK4A, CK5AR, CK6A, CK8A, CK8AR, CL2A,<br \/>\nCM2A, CM5A, CM8A, CN9A, CP9A, CS1A, CS2A, CS2W, CS3A, CS3W, CS5A, CS5AR, CS5AZ,<br \/>\nCS5W, CS6A, CS6W, CS7A, CS7W, CS9A, CS9W, CT9A, CT9W, CX1A, CX2A, CX3A, CX4A,<br \/>\nCX5A, CX6A, CX8A, CX9A, CY1A, CY2A, CY3A, CY4A, CY5A, CY6A, CY8A, CY9A, CZ4A<\/li>\n<li>Mitsubishi<br \/>\nLibero, CB8V, CB8W, CD8V, CD8W<\/li>\n<li>Mitsubishi<br \/>\nMinica, H11A, H11V, H12V, H14A, H14V, H15A, H15V, H42A, H42V, H44A, H47A,<br \/>\nH47V<\/li>\n<li>Mitsubishi<br \/>\nMinicab, U61T, U61TP, U61V, U61W, U62T, U62TP, U62V, U62W, U63W, U64W,<br \/>\nU65W, U66W<\/li>\n<li>Mitsubishi<br \/>\nMirage, A03A, A05A, A13A, C11A, C11V, C12A, C12V, C12W, C13A, C14A, C14V,<br \/>\nC14W, C18A, C32V, C34V, C34W, C37W, C51A, C52A, C53A, C61A, C62A, C63A, C64A,<br \/>\nC72A, C73A, CB5AR, CB6A, CB7A, CB8A, CB8AR, CD7A, CD8A, CJ1A, CJ2A, CJ4A, CJ5A,<br \/>\nCK1A, CK2A, CK4A, CK5A, CK5AR, CK6A, CK8A, CK8AR, CL2A, CM2A, CM5A, CM8A, CN9A,<br \/>\nCP9A, CQ2A, CQ5A<\/li>\n<li>Mitsubishi<br \/>\nMontero Sport, KG6W, KH4W, KH6W, KH8W, KH9W, KR1W, KR3W, KR5W, KS1W, KS3W,<br \/>\nKS5W<\/li>\n<li>Mitsubishi<br \/>\nMontero, H65W, H66W, H67W, H76W, H77W, L042G, L043G, L044G, L047G, L048G,<br \/>\nL049G, L141G, L144G, L146G, L149G, V11V, V11W, V12C, V12V, V12W, V13V, V14C,<br \/>\nV14V, V21C, V21W, V23C, V23W, V24C, V24W, V25W, V26W, V31V, V31W, V32V, V32W,<br \/>\nV33V, V34V, V34W, V36V, V36W, V41W, V43W, V44W, V45W, V46W, V63W, V64W, V65W,<br \/>\nV66W, V67W, V68W, V73W, V74W, V75W, V76W, V77W, V78W, V83W, V85W, V86W, V87W,<br \/>\nV88V, V88W, V93W, V95W, V96W, V97W, V98V, V98W<\/li>\n<li>Mitsubishi<br \/>\nNativa, KG4W, KG6W, KH4W, KH8W, KH9W<\/li>\n<li>Mitsubishi<br \/>\nOutlander, CU2W, CU4W, CU5W, CW1W, CW4W, CW5W, CW6W, CW7W, CW8W, GA2W,<br \/>\nGA5W, GF2W, GF3W, GF4W, GF6V, GF6W, GF7W, GF8W, GG2W<\/li>\n<li>Mitsubishi<br \/>\nPajero Junior, H57A<\/li>\n<li>Mitsubishi<br \/>\nPajero Mini, H51A, H53A, H56A, H58A<\/li>\n<li>Mitsubishi<br \/>\nPajero Pinin, H66W, H67W, H76W, H77W<\/li>\n<li>Mitsubishi<br \/>\nPajero Sport, KG4W, KG5W, KG6W, KH4W, KH6W, KH8W, KH9W, KR1W, KR3W, KS1W,<br \/>\nKS3W, KS5W<\/li>\n<li>Mitsubishi<br \/>\nPajero iO, H61W, H62W, H65W, H66W, H67W, H71W, H72W, H76W, H77W<\/li>\n<li>Mitsubishi<br \/>\nPajero, H65W, H66W, H67W, H76W, H77W, KH4W, KH6W, KH8W, KH9W, KR1W, KR3W,<br \/>\nKR5W, KS1W, KS3W, KS5W, L041G, L042G, L043G, L044G, L044GV, L046G, L047G,<br \/>\nL048G, L049G, L049GV, L049GW, L141G, L141GW, L144G, L144GW, L144GWG, L146G,<br \/>\nL146GW, L146GWG, L149G, L149GW, L149GWG, V11V, V11W, V12C, V12V, V12W, V13V,<br \/>\nV14C, V14V, V21C, V21W, V23C, V23W, V24C, V24V, V24W, V24WG, V25C, V25W, V26C,<br \/>\nV26W, V26WG, V31V, V31W, V32V, V32W, V33V, V33W, V34V, V34W, V36V, V36W, V41W,<br \/>\nV43W, V44W, V44WG, V45W, V46V, V46W, V46WG, V47WG, V55W, V63W, V64W, V65W,<br \/>\nV66W, V67W, V68W, V73W, V74W, V75W, V76W, V77W, V78W, V83W, V85W, V86W, V87W,<br \/>\nV88V, V88W, V93W, V95W, V96W, V97W, V98V, V98W<\/li>\n<li>Mitsubishi<br \/>\nProudia, S32A, S33A, S43A<\/li>\n<li>Mitsubishi RVR, GA2W,<br \/>\nGA3W, GA4W, GA5W, N61W, N63W, N64W, N64WG, N71W, N73WG, N74WG<\/li>\n<li>Mitsubishi<br \/>\nSapporo, E16A<\/li>\n<li>Mitsubishi<br \/>\nSigma, F07W, F11A, F12A, F13A, F13AK, F15A, F16A, F17A, F25A, F27A, F36A,<br \/>\nF38A<\/li>\n<li>Mitsubishi<br \/>\nSpace Star, DG1A, DG3A, DG4A, DG5A<\/li>\n<li>Mitsubishi<br \/>\nStarion, A182A, A183A, A184A, A187A<\/li>\n<li>Mitsubishi<br \/>\nStrada, KJ3T, KJ4T, KK1T, KK2T, KK3T, KK4T, KL1T, KL2T, KL3T, KL4T<\/li>\n<li>Mitsubishi<br \/>\nToppo BJ Wide, H43A, H48A<\/li>\n<li>Mitsubishi<br \/>\nToppo BJ, H43A, H48A<\/li>\n<li>Mitsubishi<br \/>\nToppo, H82A<\/li>\n<li>Mitsubishi<br \/>\nTown Box Wide, U61T, U61TP, U61V, U61W, U62T, U62TP, U62V, U62W, U63W,<br \/>\nU64W, U65W, U66W<\/li>\n<li>Mitsubishi<br \/>\nTown Box, U61T, U61TP, U61V, U61W, U62T, U62TP, U62V, U62W, U63W, U64W,<br \/>\nU65W, U66W<\/li>\n<li>Mitsubishi<br \/>\nTriton, KB9T, KJ3T, KJ4T, KK1T, KK2T, KK3T, KK4T, KL1T, KL2T, KL3T, KL4T<\/li>\n<li>Mitsubishi<br \/>\neK Space, B11A<\/li>\n<li>Mitsubishi<br \/>\neK Wagon, B11W, H81W, H82W<\/li>\n<li>Mitsubishi<br \/>\nek Custom, B11W, H81W, H82W<\/li>\n<li>Mitsubishi<br \/>\ni, HA1W<\/li>\n<li>Mitsubishi i-MiEV, HA3V, HA3W, HA4V, HA4W,<br \/>\nHA4WLDD, HA4WLDDB<\/li>\n<\/ul>\n<p><\/p>","protected":false},"excerpt":{"rendered":"<p><b>OEM:<\/b> MB157530, TQ69806S<\/p>\n","protected":false},"featured_media":7848,"template":"","meta":[],"product_cat":[25,290],"product_tag":[],"bundled_by":[],"bundle_stock_status":"instock","bundle_stock_quantity":null,"bundle_virtual":false,"bundle_layout":"","bundle_add_to_cart_form_location":"","bundle_editable_in_cart":false,"bundle_sold_individually_context":"","bundle_item_grouping":"","bundle_min_size":"","bundle_max_size":"","bundled_items":[],"yoast_head":"<!-- This site is optimized with the Yoast SEO Premium plugin v16.6 (Yoast SEO v20.1) - https:\/\/yoast.com\/wordpress\/plugins\/seo\/ -->\n<title>C1096 - Autoclipsuri, Dopuri - atg.md<\/title>\n<meta name=\"robots\" content=\"index, follow, max-snippet:-1, max-image-preview:large, max-video-preview:-1\" \/>\n<link rel=\"canonical\" href=\"https:\/\/atg.md\/ro\/catalog\/autoclipsuri\/probki\/c1096\/\" \/>\n<meta property=\"og:locale\" content=\"ro_RO\" \/>\n<meta property=\"og:type\" content=\"article\" \/>\n<meta property=\"og:title\" content=\"C1096 - Autoclipsuri, Dopuri - atg.md\" \/>\n<meta property=\"og:description\" content=\"OEM: MB157530, TQ69806S\" \/>\n<meta property=\"og:url\" content=\"https:\/\/atg.md\/ro\/wp-json\/wp\/v2\/product\/7847\" \/>\n<meta property=\"og:site_name\" content=\"atg.md\" \/>\n<meta property=\"article:modified_time\" content=\"2024-07-05T07:06:04+00:00\" \/>\n<meta property=\"og:image\" content=\"https:\/\/atg.md\/wp-content\/uploads\/2021\/03\/c1096.jpg\" \/>\n\t<meta property=\"og:image:width\" content=\"600\" \/>\n\t<meta property=\"og:image:height\" content=\"600\" \/>\n\t<meta property=\"og:image:type\" content=\"image\/jpeg\" \/>\n<meta name=\"twitter:card\" content=\"summary_large_image\" \/>\n<meta name=\"twitter:label1\" content=\"Pre\u021b\" \/>\n\t<meta name=\"twitter:data1\" content=\"6.00&nbsp;MDL\" \/>\n\t<meta name=\"twitter:label2\" content=\"Availability\" \/>\n\t<meta name=\"twitter:data2\" content=\"In stock\" \/>\n<script type=\"application\/ld+json\" class=\"yoast-schema-graph\">{\"@context\":\"https:\/\/schema.org\",\"@graph\":[{\"@type\":\"WebPage\",\"@id\":\"https:\/\/atg.md\/ro\/catalog\/autoclipsuri\/probki\/c1096\/\",\"url\":\"https:\/\/atg.md\/ro\/catalog\/autoclipsuri\/probki\/c1096\/\",\"name\":\"C1096 - Autoclipsuri, Dopuri - atg.md\",\"isPartOf\":{\"@id\":\"https:\/\/atg.md\/ro\/#website\"},\"datePublished\":\"2021-03-30T09:12:13+00:00\",\"dateModified\":\"2024-07-05T07:06:04+00:00\",\"breadcrumb\":{\"@id\":\"https:\/\/atg.md\/ro\/catalog\/autoclipsuri\/probki\/c1096\/#breadcrumb\"},\"inLanguage\":\"ro-RO\",\"potentialAction\":[{\"@type\":\"ReadAction\",\"target\":[[\"https:\/\/atg.md\/ro\/catalog\/autoclipsuri\/probki\/c1096\/\"]]}]},{\"@type\":\"BreadcrumbList\",\"@id\":\"https:\/\/atg.md\/ro\/catalog\/autoclipsuri\/probki\/c1096\/#breadcrumb\",\"itemListElement\":[{\"@type\":\"ListItem\",\"position\":1,\"name\":\"Home\",\"item\":\"https:\/\/atg.md\/ro\/\"},{\"@type\":\"ListItem\",\"position\":2,\"name\":\"\u041a\u0430\u0442\u0430\u043b\u043e\u0433\",\"item\":\"https:\/\/atg.md\/ro\/catalog\/\"},{\"@type\":\"ListItem\",\"position\":3,\"name\":\"C1096\"}]},{\"@type\":\"WebSite\",\"@id\":\"https:\/\/atg.md\/ro\/#website\",\"url\":\"https:\/\/atg.md\/ro\/\",\"name\":\"atg.md\",\"description\":\"V\u00e2nzare de izola\u021bii \u00eempotriva vibra\u021biilor pentru ma\u0219ini, izola\u021bie termic\u0103, izolare fonic\u0103 de la cei mai buni produc\u0103tori, autoclipsuri, elemente de fixare auto. Cump\u0103ra\u021bi \u00een Moldova, Chi\u0219in\u0103u\",\"publisher\":{\"@id\":\"https:\/\/atg.md\/ro\/#organization\"},\"potentialAction\":[{\"@type\":\"SearchAction\",\"target\":{\"@type\":\"EntryPoint\",\"urlTemplate\":\"https:\/\/atg.md\/ro\/?s={search_term_string}\"},\"query-input\":\"required name=search_term_string\"}],\"inLanguage\":\"ro-RO\"},{\"@type\":[\"Organization\",\"Place\",\"AutoPartsStore\"],\"@id\":\"https:\/\/atg.md\/ro\/#organization\",\"name\":\"S.C. AUTOTOM GRUP S.R.L.\",\"url\":\"https:\/\/atg.md\/ro\/\",\"logo\":{\"@type\":\"ImageObject\",\"inLanguage\":\"ro-RO\",\"@id\":\"https:\/\/atg.md\/ro\/#\/schema\/logo\/image\/\",\"url\":\"https:\/\/i2.wp.com\/atg.md\/wp-content\/uploads\/2021\/05\/atg_logo_main.png?fit=656%2C569&ssl=1\",\"contentUrl\":\"https:\/\/i2.wp.com\/atg.md\/wp-content\/uploads\/2021\/05\/atg_logo_main.png?fit=656%2C569&ssl=1\",\"width\":656,\"height\":569,\"caption\":\"S.C. AUTOTOM GRUP S.R.L.\"},\"image\":{\"@id\":\"https:\/\/atg.md\/ro\/#\/schema\/logo\/image\/\"},\"location\":{\"@id\":\"https:\/\/atg.md\/ro\/catalog\/autoclipsuri\/probki\/c1096\/#local-place\"},\"address\":{\"@id\":\"https:\/\/atg.md\/ro\/catalog\/autoclipsuri\/probki\/c1096\/#local-place-address\"},\"email\":\"atgtvv@gmail.com\",\"telephone\":\"+37369644446\",\"areaServed\":\"Moldova\"},{\"@type\":\"Place\",\"@id\":\"https:\/\/atg.md\/ro\/catalog\/autoclipsuri\/probki\/c1096\/#local-place\",\"address\":{\"@type\":\"PostalAddress\",\"@id\":\"https:\/\/atg.md\/ro\/catalog\/autoclipsuri\/probki\/c1096\/#local-place-address\",\"streetAddress\":\"str. Alba-Iulia 77\/20\",\"addressLocality\":\"Chisinau\",\"postalCode\":\"2043\",\"addressRegion\":\"mun. Chisinau\",\"addressCountry\":\"MD\"},\"geo\":{\"@type\":\"GeoCoordinates\",\"latitude\":\"47.0376\",\"longitude\":\"28.76899\"},\"openingHoursSpecification\":[{\"@type\":\"OpeningHoursSpecification\",\"dayOfWeek\":[\"Monday\",\"Tuesday\",\"Wednesday\",\"Thursday\",\"Friday\"],\"opens\":\"09:00\",\"closes\":\"18:00\"},{\"@type\":\"OpeningHoursSpecification\",\"dayOfWeek\":[\"Saturday\"],\"opens\":\"09:00\",\"closes\":\"14:00\"},{\"@type\":\"OpeningHoursSpecification\",\"dayOfWeek\":[\"Sunday\"],\"opens\":\"00:00\",\"closes\":\"00:00\"}],\"telephone\":\"+37369644446\"}]}<\/script>\n<meta name=\"geo.placename\" content=\"Chisinau\" \/>\n<meta name=\"geo.position\" content=\"47.0376;28.76899\" \/>\n<meta name=\"geo.region\" content=\"Moldova\" \/>\n<!-- \/ Yoast SEO Premium plugin. -->","yoast_head_json":{"title":"C1096 - Autoclipsuri, Dopuri - atg.md","robots":{"index":"index","follow":"follow","max-snippet":"max-snippet:-1","max-image-preview":"max-image-preview:large","max-video-preview":"max-video-preview:-1"},"canonical":"https:\/\/atg.md\/ro\/catalog\/autoclipsuri\/probki\/c1096\/","og_locale":"ro_RO","og_type":"article","og_title":"C1096 - Autoclipsuri, Dopuri - atg.md","og_description":"OEM: MB157530, TQ69806S","og_url":"https:\/\/atg.md\/ro\/wp-json\/wp\/v2\/product\/7847","og_site_name":"atg.md","article_modified_time":"2024-07-05T07:06:04+00:00","og_image":[{"width":600,"height":600,"url":"https:\/\/atg.md\/wp-content\/uploads\/2021\/03\/c1096.jpg","type":"image\/jpeg"}],"twitter_card":"summary_large_image","twitter_misc":{"Pre\u021b":"6.00&nbsp;MDL","Availability":"In stock"},"schema":{"@context":"https:\/\/schema.org","@graph":[{"@type":"WebPage","@id":"https:\/\/atg.md\/ro\/catalog\/autoclipsuri\/probki\/c1096\/","url":"https:\/\/atg.md\/ro\/catalog\/autoclipsuri\/probki\/c1096\/","name":"C1096 - Autoclipsuri, Dopuri - atg.md","isPartOf":{"@id":"https:\/\/atg.md\/ro\/#website"},"datePublished":"2021-03-30T09:12:13+00:00","dateModified":"2024-07-05T07:06:04+00:00","breadcrumb":{"@id":"https:\/\/atg.md\/ro\/catalog\/autoclipsuri\/probki\/c1096\/#breadcrumb"},"inLanguage":"ro-RO","potentialAction":[{"@type":"ReadAction","target":[["https:\/\/atg.md\/ro\/catalog\/autoclipsuri\/probki\/c1096\/"]]}]},{"@type":"BreadcrumbList","@id":"https:\/\/atg.md\/ro\/catalog\/autoclipsuri\/probki\/c1096\/#breadcrumb","itemListElement":[{"@type":"ListItem","position":1,"name":"Home","item":"https:\/\/atg.md\/ro\/"},{"@type":"ListItem","position":2,"name":"\u041a\u0430\u0442\u0430\u043b\u043e\u0433","item":"https:\/\/atg.md\/ro\/catalog\/"},{"@type":"ListItem","position":3,"name":"C1096"}]},{"@type":"WebSite","@id":"https:\/\/atg.md\/ro\/#website","url":"https:\/\/atg.md\/ro\/","name":"atg.md","description":"V\u00e2nzare de izola\u021bii \u00eempotriva vibra\u021biilor pentru ma\u0219ini, izola\u021bie termic\u0103, izolare fonic\u0103 de la cei mai buni produc\u0103tori, autoclipsuri, elemente de fixare auto. Cump\u0103ra\u021bi \u00een Moldova, Chi\u0219in\u0103u","publisher":{"@id":"https:\/\/atg.md\/ro\/#organization"},"potentialAction":[{"@type":"SearchAction","target":{"@type":"EntryPoint","urlTemplate":"https:\/\/atg.md\/ro\/?s={search_term_string}"},"query-input":"required name=search_term_string"}],"inLanguage":"ro-RO"},{"@type":["Organization","Place","AutoPartsStore"],"@id":"https:\/\/atg.md\/ro\/#organization","name":"S.C. AUTOTOM GRUP S.R.L.","url":"https:\/\/atg.md\/ro\/","logo":{"@type":"ImageObject","inLanguage":"ro-RO","@id":"https:\/\/atg.md\/ro\/#\/schema\/logo\/image\/","url":"https:\/\/i2.wp.com\/atg.md\/wp-content\/uploads\/2021\/05\/atg_logo_main.png?fit=656%2C569&ssl=1","contentUrl":"https:\/\/i2.wp.com\/atg.md\/wp-content\/uploads\/2021\/05\/atg_logo_main.png?fit=656%2C569&ssl=1","width":656,"height":569,"caption":"S.C. AUTOTOM GRUP S.R.L."},"image":{"@id":"https:\/\/atg.md\/ro\/#\/schema\/logo\/image\/"},"location":{"@id":"https:\/\/atg.md\/ro\/catalog\/autoclipsuri\/probki\/c1096\/#local-place"},"address":{"@id":"https:\/\/atg.md\/ro\/catalog\/autoclipsuri\/probki\/c1096\/#local-place-address"},"email":"atgtvv@gmail.com","telephone":"+37369644446","areaServed":"Moldova"},{"@type":"Place","@id":"https:\/\/atg.md\/ro\/catalog\/autoclipsuri\/probki\/c1096\/#local-place","address":{"@type":"PostalAddress","@id":"https:\/\/atg.md\/ro\/catalog\/autoclipsuri\/probki\/c1096\/#local-place-address","streetAddress":"str. Alba-Iulia 77\/20","addressLocality":"Chisinau","postalCode":"2043","addressRegion":"mun. Chisinau","addressCountry":"MD"},"geo":{"@type":"GeoCoordinates","latitude":"47.0376","longitude":"28.76899"},"openingHoursSpecification":[{"@type":"OpeningHoursSpecification","dayOfWeek":["Monday","Tuesday","Wednesday","Thursday","Friday"],"opens":"09:00","closes":"18:00"},{"@type":"OpeningHoursSpecification","dayOfWeek":["Saturday"],"opens":"09:00","closes":"14:00"},{"@type":"OpeningHoursSpecification","dayOfWeek":["Sunday"],"opens":"00:00","closes":"00:00"}],"telephone":"+37369644446"}]}},"_links":{"self":[{"href":"https:\/\/atg.md\/ro\/wp-json\/wp\/v2\/product\/7847"}],"collection":[{"href":"https:\/\/atg.md\/ro\/wp-json\/wp\/v2\/product"}],"about":[{"href":"https:\/\/atg.md\/ro\/wp-json\/wp\/v2\/types\/product"}],"wp:featuredmedia":[{"embeddable":true,"href":"https:\/\/atg.md\/ro\/wp-json\/wp\/v2\/media\/7848"}],"wp:attachment":[{"href":"https:\/\/atg.md\/ro\/wp-json\/wp\/v2\/media?parent=7847"}],"wp:term":[{"taxonomy":"product_cat","embeddable":true,"href":"https:\/\/atg.md\/ro\/wp-json\/wp\/v2\/product_cat?post=7847"},{"taxonomy":"product_tag","embeddable":true,"href":"https:\/\/atg.md\/ro\/wp-json\/wp\/v2\/product_tag?post=7847"}],"curies":[{"name":"wp","href":"https:\/\/api.w.org\/{rel}","templated":true}]}}