{"id":7821,"date":"2021-03-30T09:12:13","date_gmt":"2021-03-30T09:12:13","guid":{"rendered":"http:\/\/atg.md\/product\/c1041\/"},"modified":"2024-07-05T07:05:59","modified_gmt":"2024-07-05T07:05:59","slug":"c1041","status":"publish","type":"product","link":"https:\/\/atg.md\/ro\/catalog\/autoclipsuri\/probki\/c1041\/","title":{"rendered":"C1041"},"content":{"rendered":"<p><strong>Modele:<\/strong><\/p>\n<ul>\n<li>Lexus ES300, MCV30, MCV31<\/li>\n<li>Lexus ES330, MCV30, MCV31<\/li>\n<li>Lexus IS200, GXE10, JCE10<\/li>\n<li>Lexus IS300, GXE10, JCE10<\/li>\n<li>Lexus RX300, GSU35, MCU10, MCU15, MCU35, MCU38<\/li>\n<li>Lexus RX330, GSU30, GSU35, MCU33, MCU35, MCU38<\/li>\n<li>Lexus RX400h, MHU33, MHU38<\/li>\n<li>Lexus SC300, JZZ31, UZZ30<\/li>\n<li>Lexus SC400, JZZ31, UZZ30<\/li>\n<li>Lexus SC430, UZZ40<\/li>\n<li>Toyota 4Runner, KZN205, LN106, LN107, LN111, LN130, LN135, LN205, LN51, LN56, LN65, LN66, RN101, RN105, RN106, RN110, RN120, RN121, RN130, RN131, RN135, RN50, RN55, RN60, RN61, RN65, RN66, RN70, RN75, RN80, RN85, RN90, VZN100, VZN105, VZN110, VZN120, VZN130, VZN131, VZN61, VZN66, VZN85, VZN90, VZN95, YN106, YN130, YN135<\/li>\n<li>Toyota Allex, NZE121, NZE124, ZZE122, ZZE123, ZZE124<\/li>\n<li>Toyota Allion, AZT240, NZT240, NZT260, ZRT260, ZRT261, ZRT265, ZZT240, ZZT245<\/li>\n<li>Toyota Alphard, ANH10, ANH10W, ANH15, ANH15W, ANH20, ANH20W, ANH25, ANH25W, ATH10, ATH10W, ATH20, ATH20W, GGH20, GGH20W, GGH25, GGH25W, MNH10, MNH10W, MNH15, MNH15W<\/li>\n<li>Toyota Altezza, GXE10, GXE10W, GXE15, GXE15W, JCE10, JCE10W, JCE15, JCE15W, SXE10<\/li>\n<li>Toyota Aqua, NHP10, NHP10H<\/li>\n<li>Toyota Auris, ADE150, ADE157, NDE150, NZE151, NZE151H, NZE154, NZE154H, NZE181, NZE181H, NZE184, NZE184H, ZRE151, ZRE152, ZRE152H, ZRE154, ZRE154H, ZRE186, ZRE186H, ZZE150<\/li>\n<li>Toyota Avalon, MCX10<\/li>\n<li>Toyota Avensis Verso, ACM20, ACM21, CLM20<\/li>\n<li>Toyota Avensis, ADT250, ADT251, AZT250, AZT250L, AZT250W, AZT251, AZT251L, AZT251W, AZT255, AZT255W, CDT250, ZRT272, ZRT272W, ZZT250, ZZT251, ZZT251L<\/li>\n<li>Toyota Aygo, KGB10, WNB10<\/li>\n<li>Toyota Belta, KSP92, NCP96, SCP92<\/li>\n<li>Toyota Blade, AZE154, AZE154H, AZE156, AZE156H, GRE156, GRE156H<\/li>\n<li>Toyota Brevis, JCG10, JCG11, JCG15<\/li>\n<li>Toyota Caldina, AZT241, AZT241W, AZT246, AZT246W, ST246, ST246W, ZZT241, ZZT241W<\/li>\n<li>Toyota Camry, AVV50<\/li>\n<li>Toyota Celica, AT180, ST182, ST183, ST183C, ST184, ST185<\/li>\n<li>Toyota Corolla Axio, NKE165, NRE160, NZE141, NZE144, NZE161, NZE164, ZRE142, ZRE144, ZRE162<\/li>\n<li>Toyota Corolla Fielder, CE121, CE121G, NKE165, NKE165G, NRE160, NZE120, NZE121, NZE121G, NZE124, NZE124G, NZE141, NZE141G, NZE144, NZE144G, NZE161, NZE161G, NZE164, NZE164G, ZRE142, ZRE142G, ZRE144, ZRE144G, ZRE162, ZRE162G, ZZE122, ZZE122G, ZZE123, ZZE123G, ZZE124, ZZE124G<\/li>\n<li>Toyota Corolla Rumion, NZE151, NZE151N, ZRE152, ZRE152N, ZRE154, ZRE154N<\/li>\n<li>Toyota Corolla Runx, NZE121, NZE124, ZZE122, ZZE123, ZZE124<\/li>\n<li>Toyota Corolla Spacio, NZE121, NZE121N, ZZE122, ZZE122N, ZZE124, ZZE124N<\/li>\n<li>Toyota Corolla Verso, AUR10, CDE120, CUR10, ZNR10, ZNR11, ZNR11L, ZZE121, ZZE122<\/li>\n<li>Toyota Corolla, ADE150, AZE141, CDE120, CE120, CE140, NDE120, NDE150, NZE120, NZE121, NZE141, ZRE120, ZRE142, ZRE151, ZRE152, ZZE120, ZZE120L, ZZE121, ZZE121L, ZZE122, ZZE123, ZZE123L, ZZE130, ZZE131, ZZE132, ZZE133, ZZE134, ZZE141, ZZE142, ZZE150<\/li>\n<li>Toyota Crown Majesta, GRS180, GRS181, GRS182, GRS183, GRS184, URS206, UZS186, UZS187, UZS207<\/li>\n<li>Toyota Crown, AWS210, GRS180, GRS181, GRS182, GRS183, GRS184, GRS188, GRS200, GRS201, GRS202, GRS203, GRS204, GRS210, GRS211, GRS214, GWS204, GWS214, UZS186, UZS187<\/li>\n<li>Toyota EQ EV, KPJ10<\/li>\n<li>Toyota Echo Verso, NCP20, NCP21, NCP22, NLP20, NLP22<\/li>\n<li>Toyota Estima, ACR30, ACR30W, ACR50, ACR50W, ACR55, ACR55W, AHR10, AHR10W, AHR20, AHR20W, GSR50, GSR50W, GSR55, GSR55W, MCR30, MCR30W<\/li>\n<li>Toyota FJ Cruiser, GSJ15, GSJ15W<\/li>\n<li>Toyota Fortuner, GGN50, GGN60, KUN50, KUN51, KUN51L, KUN60, KUN60L, KUN61, KUN61L, LAN50, TGN51, TGN51L, TGN61, TGN61L<\/li>\n<li>Toyota Funcargo, NCP20, NCP21, NCP25<\/li>\n<li>Toyota Harrier, ACU10, ACU10W, ACU15, ACU15W, ACU30, ACU30W, ACU35, ACU35W, AVU65, AVU65W, GSU30, GSU30W, GSU31, GSU31W, GSU35, GSU35W, GSU36, GSU36W, MCU10, MCU10W, MCU15, MCU15W, MCU30, MCU30W, MCU31, MCU31W, MCU35, MCU35W, MCU36, MCU36W, MHU38, MHU38W, SXU10, SXU10W, SXU15, SXU15W, ZSU60, ZSU60W, ZSU65, ZSU65W<\/li>\n<li>Toyota Hiace, KDH200, KDH200K, KDH200V, KDH201, KDH201K, KDH201V, KDH202, KDH202L, KDH203, KDH212, KDH212L, KDH220, KDH220K, KDH221, KDH221K, KDH222, KDH222B, KDH222L, KDH223, KDH223B, KDH223L, LH200, LH202, LH212, LH222, TRH201, TRH203, TRH203L, TRH213, TRH213L, TRH221, TRH221K, TRH223, TRH223B, TRH223L<\/li>\n<li>Toyota Highlander, ACU20, ACU20L, ACU25, ACU25L, GSU40, GSU40L, GSU45, MCU20, MCU20L, MCU23, MCU23L, MCU25, MCU25L, MCU28, MCU28L, MHU23, MHU28, MHU48<\/li>\n<li>Toyota Hilux, GGN15, GGN25, KDN145, KDN150, KDN151, KDN155, KDN165, KDN166, KDN190, KUN10, KUN15, KUN16, KUN25, KUN26, KUN35, KUN36, KZN130, KZN165, KZN190, KZN205, LAN15, LAN25, LAN35, LN105, LN106, LN107, LN108, LN110, LN111, LN130, LN135, LN140, LN141, LN145, LN146, LN147, LN150, LN152, LN155, LN157, LN166, LN167, LN171, LN172, LN191, LN192, LN200, LN205, LN50, LN51, LN55, LN56, LN57, LN60, LN61, LN65, LN67, LN80, LN81, LN85, LN86, LN90, LN91, RN105, RN106, RN110, RN125, RN130, RN135, RN50, RN55, RN58, RN61, RN67, RN80, RN85, RN90, RZN142, RZN144, RZN147, RZN148, RZN149, RZN154, RZN168, RZN169, RZN174, RZN193, RZN194, RZN200, TGN10, TGN11, TGN110, TGN111, TGN15, TGN16, TGN26, TGN36, VZN130, VZN167, VZN172, YN106, YN110, YN130, YN135, YN140, YN50, YN51, YN52, YN55, YN56, YN57, YN58, YN60, YN62, YN63, YN65, YN67, YN80, YN81, YN85, YN86, YN87, YN90, YN92<\/li>\n<li>Toyota Innova, KUN40, TGN40, TGN41<\/li>\n<li>Toyota Ipsum, ACM21, ACM21W, ACM26, ACM26W, CXM10, CXM10G, SXM10, SXM10G, SXM15, SXM15G<\/li>\n<li>Toyota Isis, ANM10, ANM10G, ANM10W, ANM15, ANM15G, ANM15W, ZGM10, ZGM10G, ZGM10W, ZGM11, ZGM11G, ZGM11W, ZGM15, ZGM15G, ZGM15W, ZNM10, ZNM10G, ZNM10W<\/li>\n<li>Toyota Kijang, KUN40, TGN40, TGN41<\/li>\n<li>Toyota Kluger V, ACU20, ACU20W, ACU25, ACU25W, MCU20, MCU20W, MCU25, MCU25W, MCU28, MHU28, MHU28W<\/li>\n<li>Toyota Land Cruiser Prado, GRJ150, GRJ150L, GRJ150W, GRJ151, GRJ151W, TRJ150, TRJ150L, TRJ150W<\/li>\n<li>Toyota Mark II Wagon Blit, GX110, GX110W, GX115, GX115W, JZX110, JZX110W, JZX115, JZX115W<\/li>\n<li>Toyota Mark X, ANA10, ANA15, GGA10, GRX120, GRX121, GRX125, GRX130, GRX133, GRX135<\/li>\n<li>Toyota Matrix, AZE141, AZE141L, AZE144, AZE144L, AZE146, AZE146L, ZRE142, ZRE142L, ZZE130, ZZE131, ZZE132, ZZE133, ZZE134<\/li>\n<li>Toyota Noah, AZR60, AZR60G, AZR65, AZR65G, ZRR70, ZRR70G, ZRR70W, ZRR75, ZRR75G, ZRR75W, ZRR80, ZRR80G, ZRR80W, ZRR85, ZRR85G, ZRR85W, ZWR80, ZWR80G, ZWR80W<\/li>\n<li>Toyota Opa, ACT10, ZCT10, ZCT15<\/li>\n<li>Toyota Origin, JCG17<\/li>\n<li>Toyota Picnic Verso, ACM20, ACM21, CLM20<\/li>\n<li>Toyota Picnic, CXM10, CXM10L, SXM10, SXM10L<\/li>\n<li>Toyota Porte, NCP141, NCP145, NNP10, NNP11, NNP15, NSP140<\/li>\n<li>Toyota Premio, AZT240, NZT240, NZT260, ZRT260, ZRT261, ZRT265, ZZT240, ZZT245<\/li>\n<li>Toyota Previa, ACR30, ACR50, CLR30, GSR50<\/li>\n<li>Toyota Prius a, ZVW40, ZVW40W, ZVW41, ZVW41W<\/li>\n<li>Toyota Prius, NHW20, ZVW30, ZVW30L, ZVW35<\/li>\n<li>Toyota Probox, NCP50, NCP50V, NCP51, NCP51V, NCP52, NCP52V, NCP55, NCP55V, NCP58, NCP58G, NCP59, NCP59G, NLP51, NLP51V<\/li>\n<li>Toyota Progres, JCG10, JCG11, JCG15<\/li>\n<li>Toyota RAV4, ACA20, ACA20W, ACA21, ACA21W, ACA22, ACA23, ACA26, ACA28, ACA30, ACA31, ACA31W, ACA33, ACA36, ACA36W, ACA38, ALA30, BEA11, CLA20, CLA21, G<\/li>\n<\/ul>\n<p><\/p>","protected":false},"excerpt":{"rendered":"<p><b>OEM:<\/b> 90950-01620, 9095001620, 61Z16-20086, 61Z1620086<\/p>\n","protected":false},"featured_media":7822,"template":"","meta":[],"product_cat":[25,290],"product_tag":[],"bundled_by":[],"bundle_stock_status":"instock","bundle_stock_quantity":null,"bundle_virtual":false,"bundle_layout":"","bundle_add_to_cart_form_location":"","bundle_editable_in_cart":false,"bundle_sold_individually_context":"","bundle_item_grouping":"","bundle_min_size":"","bundle_max_size":"","bundled_items":[],"yoast_head":"<!-- This site is optimized with the Yoast SEO Premium plugin v16.6 (Yoast SEO v20.1) - https:\/\/yoast.com\/wordpress\/plugins\/seo\/ -->\n<title>C1041 - Autoclipsuri, Dopuri - atg.md<\/title>\n<meta name=\"robots\" content=\"index, follow, max-snippet:-1, max-image-preview:large, max-video-preview:-1\" \/>\n<link rel=\"canonical\" href=\"https:\/\/atg.md\/ro\/catalog\/autoclipsuri\/probki\/c1041\/\" \/>\n<meta property=\"og:locale\" content=\"ro_RO\" \/>\n<meta property=\"og:type\" content=\"article\" \/>\n<meta property=\"og:title\" content=\"C1041 - Autoclipsuri, Dopuri - atg.md\" \/>\n<meta property=\"og:description\" content=\"OEM: 90950-01620, 9095001620, 61Z16-20086, 61Z1620086\" \/>\n<meta property=\"og:url\" content=\"https:\/\/atg.md\/ro\/wp-json\/wp\/v2\/product\/7821\" \/>\n<meta property=\"og:site_name\" content=\"atg.md\" \/>\n<meta property=\"article:modified_time\" content=\"2024-07-05T07:05:59+00:00\" \/>\n<meta property=\"og:image\" content=\"https:\/\/atg.md\/wp-content\/uploads\/2021\/03\/c1041.jpg\" \/>\n\t<meta property=\"og:image:width\" content=\"600\" \/>\n\t<meta property=\"og:image:height\" content=\"600\" \/>\n\t<meta property=\"og:image:type\" content=\"image\/jpeg\" \/>\n<meta name=\"twitter:card\" content=\"summary_large_image\" \/>\n<meta name=\"twitter:label1\" content=\"Pre\u021b\" \/>\n\t<meta name=\"twitter:data1\" content=\"7.00&nbsp;MDL\" \/>\n\t<meta name=\"twitter:label2\" content=\"Availability\" \/>\n\t<meta name=\"twitter:data2\" content=\"In stock\" \/>\n<script type=\"application\/ld+json\" class=\"yoast-schema-graph\">{\"@context\":\"https:\/\/schema.org\",\"@graph\":[{\"@type\":\"WebPage\",\"@id\":\"https:\/\/atg.md\/ro\/catalog\/autoclipsuri\/probki\/c1041\/\",\"url\":\"https:\/\/atg.md\/ro\/catalog\/autoclipsuri\/probki\/c1041\/\",\"name\":\"C1041 - Autoclipsuri, Dopuri - atg.md\",\"isPartOf\":{\"@id\":\"https:\/\/atg.md\/ro\/#website\"},\"datePublished\":\"2021-03-30T09:12:13+00:00\",\"dateModified\":\"2024-07-05T07:05:59+00:00\",\"breadcrumb\":{\"@id\":\"https:\/\/atg.md\/ro\/catalog\/autoclipsuri\/probki\/c1041\/#breadcrumb\"},\"inLanguage\":\"ro-RO\",\"potentialAction\":[{\"@type\":\"ReadAction\",\"target\":[[\"https:\/\/atg.md\/ro\/catalog\/autoclipsuri\/probki\/c1041\/\"]]}]},{\"@type\":\"BreadcrumbList\",\"@id\":\"https:\/\/atg.md\/ro\/catalog\/autoclipsuri\/probki\/c1041\/#breadcrumb\",\"itemListElement\":[{\"@type\":\"ListItem\",\"position\":1,\"name\":\"Home\",\"item\":\"https:\/\/atg.md\/ro\/\"},{\"@type\":\"ListItem\",\"position\":2,\"name\":\"\u041a\u0430\u0442\u0430\u043b\u043e\u0433\",\"item\":\"https:\/\/atg.md\/ro\/catalog\/\"},{\"@type\":\"ListItem\",\"position\":3,\"name\":\"C1041\"}]},{\"@type\":\"WebSite\",\"@id\":\"https:\/\/atg.md\/ro\/#website\",\"url\":\"https:\/\/atg.md\/ro\/\",\"name\":\"atg.md\",\"description\":\"V\u00e2nzare de izola\u021bii \u00eempotriva vibra\u021biilor pentru ma\u0219ini, izola\u021bie termic\u0103, izolare fonic\u0103 de la cei mai buni produc\u0103tori, autoclipsuri, elemente de fixare auto. Cump\u0103ra\u021bi \u00een Moldova, Chi\u0219in\u0103u\",\"publisher\":{\"@id\":\"https:\/\/atg.md\/ro\/#organization\"},\"potentialAction\":[{\"@type\":\"SearchAction\",\"target\":{\"@type\":\"EntryPoint\",\"urlTemplate\":\"https:\/\/atg.md\/ro\/?s={search_term_string}\"},\"query-input\":\"required name=search_term_string\"}],\"inLanguage\":\"ro-RO\"},{\"@type\":[\"Organization\",\"Place\",\"AutoPartsStore\"],\"@id\":\"https:\/\/atg.md\/ro\/#organization\",\"name\":\"S.C. AUTOTOM GRUP S.R.L.\",\"url\":\"https:\/\/atg.md\/ro\/\",\"logo\":{\"@type\":\"ImageObject\",\"inLanguage\":\"ro-RO\",\"@id\":\"https:\/\/atg.md\/ro\/#\/schema\/logo\/image\/\",\"url\":\"https:\/\/i2.wp.com\/atg.md\/wp-content\/uploads\/2021\/05\/atg_logo_main.png?fit=656%2C569&ssl=1\",\"contentUrl\":\"https:\/\/i2.wp.com\/atg.md\/wp-content\/uploads\/2021\/05\/atg_logo_main.png?fit=656%2C569&ssl=1\",\"width\":656,\"height\":569,\"caption\":\"S.C. AUTOTOM GRUP S.R.L.\"},\"image\":{\"@id\":\"https:\/\/atg.md\/ro\/#\/schema\/logo\/image\/\"},\"location\":{\"@id\":\"https:\/\/atg.md\/ro\/catalog\/autoclipsuri\/probki\/c1041\/#local-place\"},\"address\":{\"@id\":\"https:\/\/atg.md\/ro\/catalog\/autoclipsuri\/probki\/c1041\/#local-place-address\"},\"email\":\"atgtvv@gmail.com\",\"telephone\":\"+37369644446\",\"areaServed\":\"Moldova\"},{\"@type\":\"Place\",\"@id\":\"https:\/\/atg.md\/ro\/catalog\/autoclipsuri\/probki\/c1041\/#local-place\",\"address\":{\"@type\":\"PostalAddress\",\"@id\":\"https:\/\/atg.md\/ro\/catalog\/autoclipsuri\/probki\/c1041\/#local-place-address\",\"streetAddress\":\"str. Alba-Iulia 77\/20\",\"addressLocality\":\"Chisinau\",\"postalCode\":\"2043\",\"addressRegion\":\"mun. Chisinau\",\"addressCountry\":\"MD\"},\"geo\":{\"@type\":\"GeoCoordinates\",\"latitude\":\"47.0376\",\"longitude\":\"28.76899\"},\"openingHoursSpecification\":[{\"@type\":\"OpeningHoursSpecification\",\"dayOfWeek\":[\"Monday\",\"Tuesday\",\"Wednesday\",\"Thursday\",\"Friday\"],\"opens\":\"09:00\",\"closes\":\"18:00\"},{\"@type\":\"OpeningHoursSpecification\",\"dayOfWeek\":[\"Saturday\"],\"opens\":\"09:00\",\"closes\":\"14:00\"},{\"@type\":\"OpeningHoursSpecification\",\"dayOfWeek\":[\"Sunday\"],\"opens\":\"00:00\",\"closes\":\"00:00\"}],\"telephone\":\"+37369644446\"}]}<\/script>\n<meta name=\"geo.placename\" content=\"Chisinau\" \/>\n<meta name=\"geo.position\" content=\"47.0376;28.76899\" \/>\n<meta name=\"geo.region\" content=\"Moldova\" \/>\n<!-- \/ Yoast SEO Premium plugin. -->","yoast_head_json":{"title":"C1041 - Autoclipsuri, Dopuri - atg.md","robots":{"index":"index","follow":"follow","max-snippet":"max-snippet:-1","max-image-preview":"max-image-preview:large","max-video-preview":"max-video-preview:-1"},"canonical":"https:\/\/atg.md\/ro\/catalog\/autoclipsuri\/probki\/c1041\/","og_locale":"ro_RO","og_type":"article","og_title":"C1041 - Autoclipsuri, Dopuri - atg.md","og_description":"OEM: 90950-01620, 9095001620, 61Z16-20086, 61Z1620086","og_url":"https:\/\/atg.md\/ro\/wp-json\/wp\/v2\/product\/7821","og_site_name":"atg.md","article_modified_time":"2024-07-05T07:05:59+00:00","og_image":[{"width":600,"height":600,"url":"https:\/\/atg.md\/wp-content\/uploads\/2021\/03\/c1041.jpg","type":"image\/jpeg"}],"twitter_card":"summary_large_image","twitter_misc":{"Pre\u021b":"7.00&nbsp;MDL","Availability":"In stock"},"schema":{"@context":"https:\/\/schema.org","@graph":[{"@type":"WebPage","@id":"https:\/\/atg.md\/ro\/catalog\/autoclipsuri\/probki\/c1041\/","url":"https:\/\/atg.md\/ro\/catalog\/autoclipsuri\/probki\/c1041\/","name":"C1041 - Autoclipsuri, Dopuri - atg.md","isPartOf":{"@id":"https:\/\/atg.md\/ro\/#website"},"datePublished":"2021-03-30T09:12:13+00:00","dateModified":"2024-07-05T07:05:59+00:00","breadcrumb":{"@id":"https:\/\/atg.md\/ro\/catalog\/autoclipsuri\/probki\/c1041\/#breadcrumb"},"inLanguage":"ro-RO","potentialAction":[{"@type":"ReadAction","target":[["https:\/\/atg.md\/ro\/catalog\/autoclipsuri\/probki\/c1041\/"]]}]},{"@type":"BreadcrumbList","@id":"https:\/\/atg.md\/ro\/catalog\/autoclipsuri\/probki\/c1041\/#breadcrumb","itemListElement":[{"@type":"ListItem","position":1,"name":"Home","item":"https:\/\/atg.md\/ro\/"},{"@type":"ListItem","position":2,"name":"\u041a\u0430\u0442\u0430\u043b\u043e\u0433","item":"https:\/\/atg.md\/ro\/catalog\/"},{"@type":"ListItem","position":3,"name":"C1041"}]},{"@type":"WebSite","@id":"https:\/\/atg.md\/ro\/#website","url":"https:\/\/atg.md\/ro\/","name":"atg.md","description":"V\u00e2nzare de izola\u021bii \u00eempotriva vibra\u021biilor pentru ma\u0219ini, izola\u021bie termic\u0103, izolare fonic\u0103 de la cei mai buni produc\u0103tori, autoclipsuri, elemente de fixare auto. Cump\u0103ra\u021bi \u00een Moldova, Chi\u0219in\u0103u","publisher":{"@id":"https:\/\/atg.md\/ro\/#organization"},"potentialAction":[{"@type":"SearchAction","target":{"@type":"EntryPoint","urlTemplate":"https:\/\/atg.md\/ro\/?s={search_term_string}"},"query-input":"required name=search_term_string"}],"inLanguage":"ro-RO"},{"@type":["Organization","Place","AutoPartsStore"],"@id":"https:\/\/atg.md\/ro\/#organization","name":"S.C. AUTOTOM GRUP S.R.L.","url":"https:\/\/atg.md\/ro\/","logo":{"@type":"ImageObject","inLanguage":"ro-RO","@id":"https:\/\/atg.md\/ro\/#\/schema\/logo\/image\/","url":"https:\/\/i2.wp.com\/atg.md\/wp-content\/uploads\/2021\/05\/atg_logo_main.png?fit=656%2C569&ssl=1","contentUrl":"https:\/\/i2.wp.com\/atg.md\/wp-content\/uploads\/2021\/05\/atg_logo_main.png?fit=656%2C569&ssl=1","width":656,"height":569,"caption":"S.C. AUTOTOM GRUP S.R.L."},"image":{"@id":"https:\/\/atg.md\/ro\/#\/schema\/logo\/image\/"},"location":{"@id":"https:\/\/atg.md\/ro\/catalog\/autoclipsuri\/probki\/c1041\/#local-place"},"address":{"@id":"https:\/\/atg.md\/ro\/catalog\/autoclipsuri\/probki\/c1041\/#local-place-address"},"email":"atgtvv@gmail.com","telephone":"+37369644446","areaServed":"Moldova"},{"@type":"Place","@id":"https:\/\/atg.md\/ro\/catalog\/autoclipsuri\/probki\/c1041\/#local-place","address":{"@type":"PostalAddress","@id":"https:\/\/atg.md\/ro\/catalog\/autoclipsuri\/probki\/c1041\/#local-place-address","streetAddress":"str. Alba-Iulia 77\/20","addressLocality":"Chisinau","postalCode":"2043","addressRegion":"mun. Chisinau","addressCountry":"MD"},"geo":{"@type":"GeoCoordinates","latitude":"47.0376","longitude":"28.76899"},"openingHoursSpecification":[{"@type":"OpeningHoursSpecification","dayOfWeek":["Monday","Tuesday","Wednesday","Thursday","Friday"],"opens":"09:00","closes":"18:00"},{"@type":"OpeningHoursSpecification","dayOfWeek":["Saturday"],"opens":"09:00","closes":"14:00"},{"@type":"OpeningHoursSpecification","dayOfWeek":["Sunday"],"opens":"00:00","closes":"00:00"}],"telephone":"+37369644446"}]}},"_links":{"self":[{"href":"https:\/\/atg.md\/ro\/wp-json\/wp\/v2\/product\/7821"}],"collection":[{"href":"https:\/\/atg.md\/ro\/wp-json\/wp\/v2\/product"}],"about":[{"href":"https:\/\/atg.md\/ro\/wp-json\/wp\/v2\/types\/product"}],"wp:featuredmedia":[{"embeddable":true,"href":"https:\/\/atg.md\/ro\/wp-json\/wp\/v2\/media\/7822"}],"wp:attachment":[{"href":"https:\/\/atg.md\/ro\/wp-json\/wp\/v2\/media?parent=7821"}],"wp:term":[{"taxonomy":"product_cat","embeddable":true,"href":"https:\/\/atg.md\/ro\/wp-json\/wp\/v2\/product_cat?post=7821"},{"taxonomy":"product_tag","embeddable":true,"href":"https:\/\/atg.md\/ro\/wp-json\/wp\/v2\/product_tag?post=7821"}],"curies":[{"name":"wp","href":"https:\/\/api.w.org\/{rel}","templated":true}]}}