{"id":7791,"date":"2021-03-30T09:11:56","date_gmt":"2021-03-30T09:11:56","guid":{"rendered":"http:\/\/atg.md\/product\/c1003\/"},"modified":"2024-07-05T07:05:51","modified_gmt":"2024-07-05T07:05:51","slug":"c1003","status":"publish","type":"product","link":"https:\/\/atg.md\/ro\/catalog\/autoclipsuri\/ershi\/c1003\/","title":{"rendered":"C1003"},"content":{"rendered":"<p><strong>Modele:<\/strong><\/p>\n<ul>\n<li>Lexus ES200, ASV60, ASV61, AVV60, GSV60<\/li>\n<li>Lexus ES250, ASV60, ASV61, AVV60, GSV60<\/li>\n<li>Lexus ES300, MCV20<\/li>\n<li>Lexus ES300h, ASV60, ASV61, AVV60, GSV60<\/li>\n<li>Lexus ES350, ASV60, ASV61, AVV60, GSV60<\/li>\n<li>Lexus GX470, UZJ120<\/li>\n<li>Lexus IS200, GXE10, JCE10<\/li>\n<li>Lexus IS300, GXE10, JCE10<\/li>\n<li>Lexus NX200, AGZ10, AGZ15, AYZ10, AYZ15, ZGZ10, ZGZ15<\/li>\n<li>Lexus NX200t, AGZ10, AGZ15, AGZ15L, AYZ10, AYZ15, ZGZ10, ZGZ15, ZGZ15L<\/li>\n<li>Lexus NX300h, AGZ10, AGZ15, AGZ15L, AYZ10, AYZ15, ZGZ10, ZGZ15, ZGZ15L<\/li>\n<li>Lexus RC F, USC10<\/li>\n<li>Lexus RC200t, ASC10, AVC10, GSC10, GSC15, GSC16<\/li>\n<li>Lexus RC300, ASC10, AVC10, GSC10, GSC15, GSC16<\/li>\n<li>Lexus RC300h, ASC10, AVC10, GSC10<\/li>\n<li>Lexus RC350, ASC10, AVC10, GSC10, GSC15, GSC16<\/li>\n<li>Lexus RX200t, AGL20, AGL20W, AGL25, AGL25W, GGL20, GGL25, GYL20, GYL25<\/li>\n<li>Lexus RX350, AGL20, AGL25, GGL20, GGL25, GYL20, GYL25<\/li>\n<li>Lexus RX450h, AGL20, AGL25, GGL20, GGL25, GYL20, GYL20W, GYL25, GYL25W<\/li>\n<li>Lexus SC430, UZZ40<\/li>\n<li>Scion iM, ZRE186<\/li>\n<li>Scion tC, AGT20<\/li>\n<li>Scion xB, AZE151<\/li>\n<li>Toyota Allion, AZT240, NZT240, ZZT240, ZZT245<\/li>\n<li>Toyota Altezza, GXE10, GXE10W, GXE15, GXE15W, JCE10, JCE10W, JCE15, JCE15W, SXE10<\/li>\n<li>Toyota Auris, ADE150, ADE157, ADE186, NDE150, NDE180, NRE150, NRE180, NRE185, NRE185H, NZE151, NZE151H, NZE154, NZE154H, NZE181, NZE181H, NZE184, NZE184H, WWE185, ZRE151, ZRE152, ZRE152H, ZRE154, ZRE154H, ZRE181, ZRE182, ZRE185, ZRE186, ZRE186H, ZWE150, ZWE186, ZWE186H, ZZE150<\/li>\n<li>Toyota Avensis, ADT250, ADT251, AT220, AT220L, AT221, AZT220, AZT250, AZT250L, AZT250W, AZT251, AZT251L, AZT251W, AZT255, AZT255W, CDT220, CDT250, CT220, ST220, ST220L, ZZT220, ZZT220L, ZZT221, ZZT250, ZZT251, ZZT251L<\/li>\n<li>Toyota Blade, AZE154, AZE154H, AZE156, AZE156H, GRE156, GRE156H<\/li>\n<li>Toyota Brevis, JCG10, JCG11, JCG15<\/li>\n<li>Toyota Caldina, AT211, AT211G, CT216, CT216G, ST210, ST210G, ST215, ST215G, ST215W<\/li>\n<li>Toyota Camry, ACV30, ACV30L, ACV31, ACV35, ACV36, MCV30, MCV30L, MCV31, MCV36<\/li>\n<li>Toyota Carina ED, ST180, ST181, ST182, ST183, ST200, ST201, ST202, ST203, ST205<\/li>\n<li>Toyota Carina, AT210, AT211, AT212, CT210, CT211, CT215, CT216, ST215<\/li>\n<li>Toyota Celica, AT180, AT200, ST182, ST183, ST183C, ST184, ST185, ST202, ST202C, ST203, ST204, ST205, ZZT230, ZZT231<\/li>\n<li>Toyota Chaser, GX100, GX105, JZX100, JZX101, JZX105, LX100, SX100<\/li>\n<li>Toyota Corolla Axio, CE120, CE140, NDE140, NDE170, NZE120, NZE140, NZE170, ZRE141, ZRE142, ZRE143, ZRE171, ZRE172, ZRE173, ZZE121, ZZE122, ZZE141, ZZE142, ZZE172<\/li>\n<li>Toyota Corolla Ceres, AE100, AE101<\/li>\n<li>Toyota Corolla Levin, AE100, AE101, NRE181, ZRE181, ZRE182, ZWE182<\/li>\n<li>Toyota Corolla Rumion, AZE151, NZE151, NZE151N, ZRE152, ZRE152N, ZRE154, ZRE154N<\/li>\n<li>Toyota Corolla Verso, AUR10, CUR10, ZNR10, ZNR11, ZNR11L<\/li>\n<li>Toyota Corolla, ADE150, AZE141, CDE120, CE140, NDE120, NDE150, NDE180, NRE150, NRE180, NRE181, NZE120, NZE141, ZRE141, ZRE142, ZRE143, ZRE151, ZRE152, ZRE153, ZRE172, ZRE173, ZRE181, ZRE182, ZWE182, ZWE186, ZZE120, ZZE120L, ZZE121, ZZE121L, ZZE122, ZZE123, ZZE123L, ZZE130, ZZE131, ZZE132, ZZE133, ZZE134, ZZE141, ZZE142, ZZE150<\/li>\n<li>Toyota Corona Exiv, ST180, ST181, ST182, ST183, ST200, ST201, ST202, ST203, ST205<\/li>\n<li>Toyota Corona, AT210, AT211, AT220, CT210, CT211, CT215, CT216, CT220, ST210, ST215, ST220<\/li>\n<li>Toyota Crown Majesta, JZS147, JZS149, UZS141, UZS143, UZS145, UZS147<\/li>\n<li>Toyota Crown, JZS147, JZS149, UZS141, UZS143, UZS145, UZS147<\/li>\n<li>Toyota Curren, ST206, ST207, ST208<\/li>\n<li>Toyota Dyna, BU301, BU306, BU346, BZU300, BZU340, BZU600, KDY220, KDY221, KDY230, KDY231, KDY240, KDY241, KDY270, KDY271, KDY280, KDY281, KDY290, LY220, LY230, LY240, LY270, LY280, LY290, RZU300, RZU301, RZU340, RZY220, RZY230, RZY231, RZY281, TRC600, TRU300, TRU340, TRU600, TRY220, TRY230, TRY231, TRY281, XZC600, XZC605, XZC610, XZC630, XZC645, XZC655, XZC675, XZU300, XZU301, XZU302, XZU304, XZU305, XZU306, XZU307, XZU308, XZU311, XZU312, XZU314, XZU320, XZU321, XZU322, XZU324, XZU330, XZU331, XZU334, XZU336, XZU337, XZU338, XZU340, XZU341, XZU342, XZU344, XZU346, XZU347, XZU348, XZU350, XZU351, XZU352, XZU354, XZU362, XZU368, XZU371, XZU372, XZU378, XZU382, XZU388, XZU600, XZU605, XZU610, XZU620, XZU630, XZU640, XZU645, XZU650, XZU655, XZU675, XZU685, XZU695<\/li>\n<li>Toyota Estima, ACR30, ACR30W, ACR40, ACR40W, ACR50, ACR50W, ACR55, ACR55W, AHR10, AHR10W, AHR20, AHR20W, GSR50, GSR50W, GSR55, GSR55W, MCR30, MCR30W, MCR40, MCR40W<\/li>\n<li>Toyota FJ Cruiser, GSJ10, GSJ10W, GSJ15, GSJ15W<\/li>\n<li>Toyota Gaia, ACM10, ACM10G, ACM15, ACM15G, CXM10, CXM10G, SXM10, SXM10G, SXM15, SXM15G<\/li>\n<li>Toyota Harrier, AVU65, AVU65W, ZSU60, ZSU60W, ZSU65, ZSU65W<\/li>\n<li>Toyota Hiace, KDH200, KDH200K, KDH200V, KDH201, KDH201K, KDH201V, KDH202, KDH202L, KDH203, KDH205, KDH205V, KDH212, KDH212L, KDH220, KDH220K, KDH221, KDH221K, KDH222, KDH222B, KDH222L, KDH223, KDH223B, KDH223L, KDH225, KDH225K, KDH227, KDH227B, KLH12, KLH18, KLH22, KLH28, LH102, LH102V, LH103, LH103V, LH104, LH105, LH112, LH113, LH113K, LH113V, LH114, LH115, LH125, LH162, LH162V, LH164, LH166, LH172, LH172K, LH172V, LH174, LH176, LH184, LH200, LH202, LH212, LH222, LXH12, LXH18, LXH22, LXH28, RCH12, RCH13, RCH18, RCH19, RCH22, RCH23, RCH28, RCH29, RZH102, RZH102V, RZH103, RZH104, RZH105, RZH112, RZH112K, RZH112V, RZH113, RZH114, RZH115, RZH125, RZH155, TRH200, TRH200K, TRH200V, TRH201, TRH203, TRH203L, TRH213, TRH213L, TRH214, TRH214W, TRH219, TRH219W, TRH221, TRH221K, TRH223, TRH223B, TRH223L, TRH224, TRH224W, TRH226, TRH226K, TRH228, TRH228B, TRH229, TRH229W<\/li>\n<li>Toyota Highlander, ACU20, ACU20L, ACU25, ACU25L, ASU50, ASU50L, ASU55, GSU50, GSU55, GSU55L, GVU58, MCU20, MCU20L, MCU23, MCU23L, MCU25, MCU25L, MCU28, MCU28L, MHU23, MHU28<\/li>\n<li>Toyota Hilux, GUN122, GUN123, GUN125, GUN126, GUN135, GUN136, KUN122, KUN125, KUN126, TGN121, TGN136<\/li>\n<li>Toyota Kluger V, ACU20, ACU20W, ACU25, ACU25W, ASU50, GSU50, GSU55, MCU20, MCU20W, MCU25, MCU25W, MCU28, MHU28, MHU28W<\/li>\n<li>Toyota Land Cruiser Prado, GRJ120, GRJ120W, GRJ121, GRJ121W, GRJ125, GRJ125W, KDJ120, KDJ120W, KDJ121, KDJ121W, KDJ125, KDJ125W, KZJ120, LJ120, LJ125, RZJ120, RZJ120W, RZJ125, RZJ125W, TRJ120, TRJ120W, TRJ125, TRJ125W, VZJ120, VZJ120W, VZJ121, VZJ121W, VZJ125, VZJ125W<\/li>\n<li>Toyota Land Cruiser, FJ80, FJ80G, FZJ80, FZJ80G, HDJ80, HDJ81, HDJ81V, HZJ80, HZJ81, HZJ81V<\/li>\n<li>Toyota MR2, SW20, SW20L, SW21<\/li>\n<li>Toyota Matrix, AZE141, AZE141L, AZE144, AZE144L, AZE146, AZE146L, ZRE142, ZRE142L, ZZE130, ZZE131, ZZE132, ZZE133, ZZE134<\/li>\n<li>Toyota Mirai, JPD10<\/li>\n<li>Toyota Opa, ACT10, ZCT10, ZCT15<\/li>\n<li>Toyota Origin, JCG17<\/li>\n<li>Toyota Pixis Space, L575A, L585A<\/li>\n<li>Toyota Porte, NCP141, NCP145, NSP140, NSP141<\/li>\n<li><\/ul>\n<p><\/p>","protected":false},"excerpt":{"rendered":"<p><b>OEM:<\/b> 67869-20030, 6786920030<\/p>\n<p><b>Dimensiune F:<\/b> 6<br \/><b>Dimensiune H:<\/b> 12.5<br \/><b>Dimensiune T:<\/b> 10<\/p>\n","protected":false},"featured_media":7792,"template":"","meta":[],"product_cat":[25,26],"product_tag":[],"bundled_by":[],"bundle_stock_status":"instock","bundle_stock_quantity":null,"bundle_virtual":false,"bundle_layout":"","bundle_add_to_cart_form_location":"","bundle_editable_in_cart":false,"bundle_sold_individually_context":"","bundle_item_grouping":"","bundle_min_size":"","bundle_max_size":"","bundled_items":[],"yoast_head":"<!-- This site is optimized with the Yoast SEO Premium plugin v16.6 (Yoast SEO v20.1) - https:\/\/yoast.com\/wordpress\/plugins\/seo\/ -->\n<title>C1003 - Autoclipsuri, Ruffs - atg.md<\/title>\n<meta name=\"robots\" content=\"index, follow, max-snippet:-1, max-image-preview:large, max-video-preview:-1\" \/>\n<link rel=\"canonical\" href=\"https:\/\/atg.md\/ro\/catalog\/autoclipsuri\/ershi\/c1003\/\" \/>\n<meta property=\"og:locale\" content=\"ro_RO\" \/>\n<meta property=\"og:type\" content=\"article\" \/>\n<meta property=\"og:title\" content=\"C1003 - Autoclipsuri, Ruffs - atg.md\" \/>\n<meta property=\"og:description\" content=\"OEM: 67869-20030, 6786920030Dimensiune F: 6Dimensiune H: 12.5Dimensiune T: 10\" \/>\n<meta property=\"og:url\" content=\"https:\/\/atg.md\/ro\/wp-json\/wp\/v2\/product\/7791\" \/>\n<meta property=\"og:site_name\" content=\"atg.md\" \/>\n<meta property=\"article:modified_time\" content=\"2024-07-05T07:05:51+00:00\" \/>\n<meta property=\"og:image\" content=\"https:\/\/atg.md\/wp-content\/uploads\/2021\/03\/c1003.jpg\" \/>\n\t<meta property=\"og:image:width\" content=\"600\" \/>\n\t<meta property=\"og:image:height\" content=\"600\" \/>\n\t<meta property=\"og:image:type\" content=\"image\/jpeg\" \/>\n<meta name=\"twitter:card\" content=\"summary_large_image\" \/>\n<meta name=\"twitter:label1\" content=\"Pre\u021b\" \/>\n\t<meta name=\"twitter:data1\" content=\"5.00&nbsp;MDL\" \/>\n\t<meta name=\"twitter:label2\" content=\"Availability\" \/>\n\t<meta name=\"twitter:data2\" content=\"In stock\" \/>\n<script type=\"application\/ld+json\" class=\"yoast-schema-graph\">{\"@context\":\"https:\/\/schema.org\",\"@graph\":[{\"@type\":\"WebPage\",\"@id\":\"https:\/\/atg.md\/ro\/catalog\/autoclipsuri\/ershi\/c1003\/\",\"url\":\"https:\/\/atg.md\/ro\/catalog\/autoclipsuri\/ershi\/c1003\/\",\"name\":\"C1003 - Autoclipsuri, Ruffs - atg.md\",\"isPartOf\":{\"@id\":\"https:\/\/atg.md\/ro\/#website\"},\"datePublished\":\"2021-03-30T09:11:56+00:00\",\"dateModified\":\"2024-07-05T07:05:51+00:00\",\"breadcrumb\":{\"@id\":\"https:\/\/atg.md\/ro\/catalog\/autoclipsuri\/ershi\/c1003\/#breadcrumb\"},\"inLanguage\":\"ro-RO\",\"potentialAction\":[{\"@type\":\"ReadAction\",\"target\":[[\"https:\/\/atg.md\/ro\/catalog\/autoclipsuri\/ershi\/c1003\/\"]]}]},{\"@type\":\"BreadcrumbList\",\"@id\":\"https:\/\/atg.md\/ro\/catalog\/autoclipsuri\/ershi\/c1003\/#breadcrumb\",\"itemListElement\":[{\"@type\":\"ListItem\",\"position\":1,\"name\":\"Home\",\"item\":\"https:\/\/atg.md\/ro\/\"},{\"@type\":\"ListItem\",\"position\":2,\"name\":\"\u041a\u0430\u0442\u0430\u043b\u043e\u0433\",\"item\":\"https:\/\/atg.md\/ro\/catalog\/\"},{\"@type\":\"ListItem\",\"position\":3,\"name\":\"C1003\"}]},{\"@type\":\"WebSite\",\"@id\":\"https:\/\/atg.md\/ro\/#website\",\"url\":\"https:\/\/atg.md\/ro\/\",\"name\":\"atg.md\",\"description\":\"V\u00e2nzare de izola\u021bii \u00eempotriva vibra\u021biilor pentru ma\u0219ini, izola\u021bie termic\u0103, izolare fonic\u0103 de la cei mai buni produc\u0103tori, autoclipsuri, elemente de fixare auto. Cump\u0103ra\u021bi \u00een Moldova, Chi\u0219in\u0103u\",\"publisher\":{\"@id\":\"https:\/\/atg.md\/ro\/#organization\"},\"potentialAction\":[{\"@type\":\"SearchAction\",\"target\":{\"@type\":\"EntryPoint\",\"urlTemplate\":\"https:\/\/atg.md\/ro\/?s={search_term_string}\"},\"query-input\":\"required name=search_term_string\"}],\"inLanguage\":\"ro-RO\"},{\"@type\":[\"Organization\",\"Place\",\"AutoPartsStore\"],\"@id\":\"https:\/\/atg.md\/ro\/#organization\",\"name\":\"S.C. AUTOTOM GRUP S.R.L.\",\"url\":\"https:\/\/atg.md\/ro\/\",\"logo\":{\"@type\":\"ImageObject\",\"inLanguage\":\"ro-RO\",\"@id\":\"https:\/\/atg.md\/ro\/#\/schema\/logo\/image\/\",\"url\":\"https:\/\/i2.wp.com\/atg.md\/wp-content\/uploads\/2021\/05\/atg_logo_main.png?fit=656%2C569&ssl=1\",\"contentUrl\":\"https:\/\/i2.wp.com\/atg.md\/wp-content\/uploads\/2021\/05\/atg_logo_main.png?fit=656%2C569&ssl=1\",\"width\":656,\"height\":569,\"caption\":\"S.C. AUTOTOM GRUP S.R.L.\"},\"image\":{\"@id\":\"https:\/\/atg.md\/ro\/#\/schema\/logo\/image\/\"},\"location\":{\"@id\":\"https:\/\/atg.md\/ro\/catalog\/autoclipsuri\/ershi\/c1003\/#local-place\"},\"address\":{\"@id\":\"https:\/\/atg.md\/ro\/catalog\/autoclipsuri\/ershi\/c1003\/#local-place-address\"},\"email\":\"atgtvv@gmail.com\",\"telephone\":\"+37369644446\",\"areaServed\":\"Moldova\"},{\"@type\":\"Place\",\"@id\":\"https:\/\/atg.md\/ro\/catalog\/autoclipsuri\/ershi\/c1003\/#local-place\",\"address\":{\"@type\":\"PostalAddress\",\"@id\":\"https:\/\/atg.md\/ro\/catalog\/autoclipsuri\/ershi\/c1003\/#local-place-address\",\"streetAddress\":\"str. Alba-Iulia 77\/20\",\"addressLocality\":\"Chisinau\",\"postalCode\":\"2043\",\"addressRegion\":\"mun. Chisinau\",\"addressCountry\":\"MD\"},\"geo\":{\"@type\":\"GeoCoordinates\",\"latitude\":\"47.0376\",\"longitude\":\"28.76899\"},\"openingHoursSpecification\":[{\"@type\":\"OpeningHoursSpecification\",\"dayOfWeek\":[\"Monday\",\"Tuesday\",\"Wednesday\",\"Thursday\",\"Friday\"],\"opens\":\"09:00\",\"closes\":\"18:00\"},{\"@type\":\"OpeningHoursSpecification\",\"dayOfWeek\":[\"Saturday\"],\"opens\":\"09:00\",\"closes\":\"14:00\"},{\"@type\":\"OpeningHoursSpecification\",\"dayOfWeek\":[\"Sunday\"],\"opens\":\"00:00\",\"closes\":\"00:00\"}],\"telephone\":\"+37369644446\"}]}<\/script>\n<meta name=\"geo.placename\" content=\"Chisinau\" \/>\n<meta name=\"geo.position\" content=\"47.0376;28.76899\" \/>\n<meta name=\"geo.region\" content=\"Moldova\" \/>\n<!-- \/ Yoast SEO Premium plugin. -->","yoast_head_json":{"title":"C1003 - Autoclipsuri, Ruffs - atg.md","robots":{"index":"index","follow":"follow","max-snippet":"max-snippet:-1","max-image-preview":"max-image-preview:large","max-video-preview":"max-video-preview:-1"},"canonical":"https:\/\/atg.md\/ro\/catalog\/autoclipsuri\/ershi\/c1003\/","og_locale":"ro_RO","og_type":"article","og_title":"C1003 - Autoclipsuri, Ruffs - atg.md","og_description":"OEM: 67869-20030, 6786920030Dimensiune F: 6Dimensiune H: 12.5Dimensiune T: 10","og_url":"https:\/\/atg.md\/ro\/wp-json\/wp\/v2\/product\/7791","og_site_name":"atg.md","article_modified_time":"2024-07-05T07:05:51+00:00","og_image":[{"width":600,"height":600,"url":"https:\/\/atg.md\/wp-content\/uploads\/2021\/03\/c1003.jpg","type":"image\/jpeg"}],"twitter_card":"summary_large_image","twitter_misc":{"Pre\u021b":"5.00&nbsp;MDL","Availability":"In stock"},"schema":{"@context":"https:\/\/schema.org","@graph":[{"@type":"WebPage","@id":"https:\/\/atg.md\/ro\/catalog\/autoclipsuri\/ershi\/c1003\/","url":"https:\/\/atg.md\/ro\/catalog\/autoclipsuri\/ershi\/c1003\/","name":"C1003 - Autoclipsuri, Ruffs - atg.md","isPartOf":{"@id":"https:\/\/atg.md\/ro\/#website"},"datePublished":"2021-03-30T09:11:56+00:00","dateModified":"2024-07-05T07:05:51+00:00","breadcrumb":{"@id":"https:\/\/atg.md\/ro\/catalog\/autoclipsuri\/ershi\/c1003\/#breadcrumb"},"inLanguage":"ro-RO","potentialAction":[{"@type":"ReadAction","target":[["https:\/\/atg.md\/ro\/catalog\/autoclipsuri\/ershi\/c1003\/"]]}]},{"@type":"BreadcrumbList","@id":"https:\/\/atg.md\/ro\/catalog\/autoclipsuri\/ershi\/c1003\/#breadcrumb","itemListElement":[{"@type":"ListItem","position":1,"name":"Home","item":"https:\/\/atg.md\/ro\/"},{"@type":"ListItem","position":2,"name":"\u041a\u0430\u0442\u0430\u043b\u043e\u0433","item":"https:\/\/atg.md\/ro\/catalog\/"},{"@type":"ListItem","position":3,"name":"C1003"}]},{"@type":"WebSite","@id":"https:\/\/atg.md\/ro\/#website","url":"https:\/\/atg.md\/ro\/","name":"atg.md","description":"V\u00e2nzare de izola\u021bii \u00eempotriva vibra\u021biilor pentru ma\u0219ini, izola\u021bie termic\u0103, izolare fonic\u0103 de la cei mai buni produc\u0103tori, autoclipsuri, elemente de fixare auto. Cump\u0103ra\u021bi \u00een Moldova, Chi\u0219in\u0103u","publisher":{"@id":"https:\/\/atg.md\/ro\/#organization"},"potentialAction":[{"@type":"SearchAction","target":{"@type":"EntryPoint","urlTemplate":"https:\/\/atg.md\/ro\/?s={search_term_string}"},"query-input":"required name=search_term_string"}],"inLanguage":"ro-RO"},{"@type":["Organization","Place","AutoPartsStore"],"@id":"https:\/\/atg.md\/ro\/#organization","name":"S.C. AUTOTOM GRUP S.R.L.","url":"https:\/\/atg.md\/ro\/","logo":{"@type":"ImageObject","inLanguage":"ro-RO","@id":"https:\/\/atg.md\/ro\/#\/schema\/logo\/image\/","url":"https:\/\/i2.wp.com\/atg.md\/wp-content\/uploads\/2021\/05\/atg_logo_main.png?fit=656%2C569&ssl=1","contentUrl":"https:\/\/i2.wp.com\/atg.md\/wp-content\/uploads\/2021\/05\/atg_logo_main.png?fit=656%2C569&ssl=1","width":656,"height":569,"caption":"S.C. AUTOTOM GRUP S.R.L."},"image":{"@id":"https:\/\/atg.md\/ro\/#\/schema\/logo\/image\/"},"location":{"@id":"https:\/\/atg.md\/ro\/catalog\/autoclipsuri\/ershi\/c1003\/#local-place"},"address":{"@id":"https:\/\/atg.md\/ro\/catalog\/autoclipsuri\/ershi\/c1003\/#local-place-address"},"email":"atgtvv@gmail.com","telephone":"+37369644446","areaServed":"Moldova"},{"@type":"Place","@id":"https:\/\/atg.md\/ro\/catalog\/autoclipsuri\/ershi\/c1003\/#local-place","address":{"@type":"PostalAddress","@id":"https:\/\/atg.md\/ro\/catalog\/autoclipsuri\/ershi\/c1003\/#local-place-address","streetAddress":"str. Alba-Iulia 77\/20","addressLocality":"Chisinau","postalCode":"2043","addressRegion":"mun. Chisinau","addressCountry":"MD"},"geo":{"@type":"GeoCoordinates","latitude":"47.0376","longitude":"28.76899"},"openingHoursSpecification":[{"@type":"OpeningHoursSpecification","dayOfWeek":["Monday","Tuesday","Wednesday","Thursday","Friday"],"opens":"09:00","closes":"18:00"},{"@type":"OpeningHoursSpecification","dayOfWeek":["Saturday"],"opens":"09:00","closes":"14:00"},{"@type":"OpeningHoursSpecification","dayOfWeek":["Sunday"],"opens":"00:00","closes":"00:00"}],"telephone":"+37369644446"}]}},"_links":{"self":[{"href":"https:\/\/atg.md\/ro\/wp-json\/wp\/v2\/product\/7791"}],"collection":[{"href":"https:\/\/atg.md\/ro\/wp-json\/wp\/v2\/product"}],"about":[{"href":"https:\/\/atg.md\/ro\/wp-json\/wp\/v2\/types\/product"}],"wp:featuredmedia":[{"embeddable":true,"href":"https:\/\/atg.md\/ro\/wp-json\/wp\/v2\/media\/7792"}],"wp:attachment":[{"href":"https:\/\/atg.md\/ro\/wp-json\/wp\/v2\/media?parent=7791"}],"wp:term":[{"taxonomy":"product_cat","embeddable":true,"href":"https:\/\/atg.md\/ro\/wp-json\/wp\/v2\/product_cat?post=7791"},{"taxonomy":"product_tag","embeddable":true,"href":"https:\/\/atg.md\/ro\/wp-json\/wp\/v2\/product_tag?post=7791"}],"curies":[{"name":"wp","href":"https:\/\/api.w.org\/{rel}","templated":true}]}}