{"id":7717,"date":"2021-03-30T09:11:30","date_gmt":"2021-03-30T09:11:30","guid":{"rendered":"http:\/\/atg.md\/product\/c0962\/"},"modified":"2024-07-05T07:05:34","modified_gmt":"2024-07-05T07:05:34","slug":"c0962","status":"publish","type":"product","link":"https:\/\/atg.md\/ro\/catalog\/autoclipsuri\/figurnye\/c0962\/","title":{"rendered":"C0962"},"content":{"rendered":"<p><strong>Modele:<\/strong><\/p>\n<ul>\n<li>Lexus ES300, MCV30, MCV31<\/li>\n<li>Lexus ES330, MCV30, MCV31<\/li>\n<li>Lexus ES350, GSV40<\/li>\n<li>Lexus GS300, GRS190, GRS191, GRS195, GRS196, URS190, UZS190<\/li>\n<li>Lexus GS430, GRS190, GRS191, GRS195, GRS196, URS190, UZS190<\/li>\n<li>Lexus GS450h, GWS191<\/li>\n<li>Lexus GS460, GRS190, GRS191, GRS195, GRS196, URS190, UZS190<\/li>\n<li>Lexus IS220d, ALE20, GSE20<\/li>\n<li>Lexus IS250, ALE20, GSE20, GSE21, GSE25<\/li>\n<li>Lexus IS300, GSE22<\/li>\n<li>Lexus LS430, UCF30<\/li>\n<li>Toyota Allion, NZT260, ZRT260, ZRT261, ZRT265<\/li>\n<li>Toyota Alphard, ANH10, ANH15, ATH10, MNH10, MNH15<\/li>\n<li>Toyota Aurion, ACV40, GSV40<\/li>\n<li>Toyota Auris, ADE150, ADE157, NDE150, NRE150, NRE180, NZE151, NZE154, NZE181, NZE184, ZRE151, ZRE152, ZRE154, ZRE181, ZRE182, ZRE186, ZWE150, ZZE150<\/li>\n<li>Toyota Avalon, GSX30<\/li>\n<li>Toyota Avensis, ADT270, ADT271, AZT270, ZRT270, ZRT271, ZRT272<\/li>\n<li>Toyota Blade, AZE154, AZE156, GRE156<\/li>\n<li>Toyota Camry, ACV30, ACV31, ACV35, ACV36, ACV40, ACV41, ACV45, AHV40, AVV50, GSV40, MCV30, MCV31, MCV36<\/li>\n<li>Toyota Celsior, UCF30, UCF31<\/li>\n<li>Toyota Corolla Axio, NKE165, NRE160, NZE141, NZE144, NZE161, NZE164, ZRE142, ZRE144, ZRE162<\/li>\n<li>Toyota Corolla Fielder, NKE165, NRE160, NZE141, NZE144, NZE161, NZE164, ZRE142, ZRE144, ZRE162<\/li>\n<li>Toyota Corolla Levin, NRE181, ZRE181, ZRE182, ZWE182<\/li>\n<li>Toyota Corolla Rumion, NZE151, ZRE152, ZRE154<\/li>\n<li>Toyota Corolla, ADE150, AZE141, CE140, NDE150, NDE180, NRE180, NRE181, NZE141, ZRE142, ZRE143, ZRE151, ZRE152, ZRE181, ZRE182, ZWE182, ZZE141, ZZE142, ZZE150<\/li>\n<li>Toyota EQ EV, KPJ10<\/li>\n<li>Toyota Etios, NGK10, NGK12, NUK10<\/li>\n<li>Toyota Highlander, ACU20, ACU25, MCU20, MCU23, MCU25, MCU28, MHU23, MHU28<\/li>\n<li>Toyota Innova, GUN142, GUN143, TGN140, TGN141<\/li>\n<li>Toyota Isis, ANM10, ANM15, ZGM10, ZGM11, ZGM15, ZNM10<\/li>\n<li>Toyota Kluger V, ACU20, ACU25, MCU20, MCU25, MCU28, MHU28<\/li>\n<li>Toyota Matrix, AZE141, AZE144, AZE146, ZRE142<\/li>\n<li>Toyota Premio, NZT260, ZRT260, ZRT261, ZRT265<\/li>\n<li>Toyota Prius a, ZVW40, ZVW41<\/li>\n<li>Toyota Prius v, ZVW40, ZVW41<\/li>\n<li>Toyota Prius, ZVW30, ZVW35, ZVW40<\/li>\n<li>Toyota Ractis, NCP120, NCP122, NCP125, NSP120, NSP122<\/li>\n<li>Toyota Scion, AZE151<\/li>\n<li>Toyota Solara, ACV30, MCV31<\/li>\n<li>Toyota Tacoma, GRN225, GRN245, GRN250, GRN265, GRN270, TRN220, TRN225, TRN240, TRN245, TRN260, TRN265<\/li>\n<li>Toyota Venza, AGV10, AGV15, GGV10, GGV15<\/li>\n<li>Toyota Verso, NLP121, NSP120<\/li>\n<li>Toyota Windom, MCV30<\/li>\n<li>Toyota Wish, ANE11<\/li>\n<li>Toyota Yaris, NCP150, NCP151, NSP150, NSP151, NSP152<\/li>\n<li>Toyota iQ, KPJ10<\/li>\n<\/ul>\n<p><\/p>","protected":false},"excerpt":{"rendered":"<p><b>OEM:<\/b> 47749-58010, 4774958010<\/p>\n<p><b>Dimensiune F:<\/b> 6.3<br \/><b>Dimensiune H:<\/b> 27.7<br \/><b>Dimensiune T:<\/b> 15.3<\/p>\n","protected":false},"featured_media":7718,"template":"","meta":[],"product_cat":[25,80],"product_tag":[],"bundled_by":[],"bundle_stock_status":"instock","bundle_stock_quantity":null,"bundle_virtual":false,"bundle_layout":"","bundle_add_to_cart_form_location":"","bundle_editable_in_cart":false,"bundle_sold_individually_context":"","bundle_item_grouping":"","bundle_min_size":"","bundle_max_size":"","bundled_items":[],"yoast_head":"<!-- This site is optimized with the Yoast SEO Premium plugin v16.6 (Yoast SEO v20.1) - https:\/\/yoast.com\/wordpress\/plugins\/seo\/ -->\n<title>C0962 - Autoclipsuri, Cre\u021b - atg.md<\/title>\n<meta name=\"robots\" content=\"index, follow, max-snippet:-1, max-image-preview:large, max-video-preview:-1\" \/>\n<link rel=\"canonical\" href=\"https:\/\/atg.md\/ro\/catalog\/autoclipsuri\/figurnye\/c0962\/\" \/>\n<meta property=\"og:locale\" content=\"ro_RO\" \/>\n<meta property=\"og:type\" content=\"article\" \/>\n<meta property=\"og:title\" content=\"C0962 - Autoclipsuri, Cre\u021b - atg.md\" \/>\n<meta property=\"og:description\" content=\"OEM: 47749-58010, 4774958010Dimensiune F: 6.3Dimensiune H: 27.7Dimensiune T: 15.3\" \/>\n<meta property=\"og:url\" content=\"https:\/\/atg.md\/ro\/wp-json\/wp\/v2\/product\/7717\" \/>\n<meta property=\"og:site_name\" content=\"atg.md\" \/>\n<meta property=\"article:modified_time\" content=\"2024-07-05T07:05:34+00:00\" \/>\n<meta property=\"og:image\" content=\"https:\/\/atg.md\/wp-content\/uploads\/2021\/03\/c0962.jpg\" \/>\n\t<meta property=\"og:image:width\" content=\"600\" \/>\n\t<meta property=\"og:image:height\" content=\"600\" \/>\n\t<meta property=\"og:image:type\" content=\"image\/jpeg\" \/>\n<meta name=\"twitter:card\" content=\"summary_large_image\" \/>\n<meta name=\"twitter:label1\" content=\"Pre\u021b\" \/>\n\t<meta name=\"twitter:data1\" content=\"6.00&nbsp;MDL\" \/>\n\t<meta name=\"twitter:label2\" content=\"Availability\" \/>\n\t<meta name=\"twitter:data2\" content=\"In stock\" \/>\n<script type=\"application\/ld+json\" class=\"yoast-schema-graph\">{\"@context\":\"https:\/\/schema.org\",\"@graph\":[{\"@type\":\"WebPage\",\"@id\":\"https:\/\/atg.md\/ro\/catalog\/autoclipsuri\/figurnye\/c0962\/\",\"url\":\"https:\/\/atg.md\/ro\/catalog\/autoclipsuri\/figurnye\/c0962\/\",\"name\":\"C0962 - Autoclipsuri, Cre\u021b - atg.md\",\"isPartOf\":{\"@id\":\"https:\/\/atg.md\/ro\/#website\"},\"datePublished\":\"2021-03-30T09:11:30+00:00\",\"dateModified\":\"2024-07-05T07:05:34+00:00\",\"breadcrumb\":{\"@id\":\"https:\/\/atg.md\/ro\/catalog\/autoclipsuri\/figurnye\/c0962\/#breadcrumb\"},\"inLanguage\":\"ro-RO\",\"potentialAction\":[{\"@type\":\"ReadAction\",\"target\":[[\"https:\/\/atg.md\/ro\/catalog\/autoclipsuri\/figurnye\/c0962\/\"]]}]},{\"@type\":\"BreadcrumbList\",\"@id\":\"https:\/\/atg.md\/ro\/catalog\/autoclipsuri\/figurnye\/c0962\/#breadcrumb\",\"itemListElement\":[{\"@type\":\"ListItem\",\"position\":1,\"name\":\"Home\",\"item\":\"https:\/\/atg.md\/ro\/\"},{\"@type\":\"ListItem\",\"position\":2,\"name\":\"\u041a\u0430\u0442\u0430\u043b\u043e\u0433\",\"item\":\"https:\/\/atg.md\/ro\/catalog\/\"},{\"@type\":\"ListItem\",\"position\":3,\"name\":\"C0962\"}]},{\"@type\":\"WebSite\",\"@id\":\"https:\/\/atg.md\/ro\/#website\",\"url\":\"https:\/\/atg.md\/ro\/\",\"name\":\"atg.md\",\"description\":\"V\u00e2nzare de izola\u021bii \u00eempotriva vibra\u021biilor pentru ma\u0219ini, izola\u021bie termic\u0103, izolare fonic\u0103 de la cei mai buni produc\u0103tori, autoclipsuri, elemente de fixare auto. Cump\u0103ra\u021bi \u00een Moldova, Chi\u0219in\u0103u\",\"publisher\":{\"@id\":\"https:\/\/atg.md\/ro\/#organization\"},\"potentialAction\":[{\"@type\":\"SearchAction\",\"target\":{\"@type\":\"EntryPoint\",\"urlTemplate\":\"https:\/\/atg.md\/ro\/?s={search_term_string}\"},\"query-input\":\"required name=search_term_string\"}],\"inLanguage\":\"ro-RO\"},{\"@type\":[\"Organization\",\"Place\",\"AutoPartsStore\"],\"@id\":\"https:\/\/atg.md\/ro\/#organization\",\"name\":\"S.C. AUTOTOM GRUP S.R.L.\",\"url\":\"https:\/\/atg.md\/ro\/\",\"logo\":{\"@type\":\"ImageObject\",\"inLanguage\":\"ro-RO\",\"@id\":\"https:\/\/atg.md\/ro\/#\/schema\/logo\/image\/\",\"url\":\"https:\/\/i2.wp.com\/atg.md\/wp-content\/uploads\/2021\/05\/atg_logo_main.png?fit=656%2C569&ssl=1\",\"contentUrl\":\"https:\/\/i2.wp.com\/atg.md\/wp-content\/uploads\/2021\/05\/atg_logo_main.png?fit=656%2C569&ssl=1\",\"width\":656,\"height\":569,\"caption\":\"S.C. AUTOTOM GRUP S.R.L.\"},\"image\":{\"@id\":\"https:\/\/atg.md\/ro\/#\/schema\/logo\/image\/\"},\"location\":{\"@id\":\"https:\/\/atg.md\/ro\/catalog\/autoclipsuri\/figurnye\/c0962\/#local-place\"},\"address\":{\"@id\":\"https:\/\/atg.md\/ro\/catalog\/autoclipsuri\/figurnye\/c0962\/#local-place-address\"},\"email\":\"atgtvv@gmail.com\",\"telephone\":\"+37369644446\",\"areaServed\":\"Moldova\"},{\"@type\":\"Place\",\"@id\":\"https:\/\/atg.md\/ro\/catalog\/autoclipsuri\/figurnye\/c0962\/#local-place\",\"address\":{\"@type\":\"PostalAddress\",\"@id\":\"https:\/\/atg.md\/ro\/catalog\/autoclipsuri\/figurnye\/c0962\/#local-place-address\",\"streetAddress\":\"str. Alba-Iulia 77\/20\",\"addressLocality\":\"Chisinau\",\"postalCode\":\"2043\",\"addressRegion\":\"mun. Chisinau\",\"addressCountry\":\"MD\"},\"geo\":{\"@type\":\"GeoCoordinates\",\"latitude\":\"47.0376\",\"longitude\":\"28.76899\"},\"openingHoursSpecification\":[{\"@type\":\"OpeningHoursSpecification\",\"dayOfWeek\":[\"Monday\",\"Tuesday\",\"Wednesday\",\"Thursday\",\"Friday\"],\"opens\":\"09:00\",\"closes\":\"18:00\"},{\"@type\":\"OpeningHoursSpecification\",\"dayOfWeek\":[\"Saturday\"],\"opens\":\"09:00\",\"closes\":\"14:00\"},{\"@type\":\"OpeningHoursSpecification\",\"dayOfWeek\":[\"Sunday\"],\"opens\":\"00:00\",\"closes\":\"00:00\"}],\"telephone\":\"+37369644446\"}]}<\/script>\n<meta name=\"geo.placename\" content=\"Chisinau\" \/>\n<meta name=\"geo.position\" content=\"47.0376;28.76899\" \/>\n<meta name=\"geo.region\" content=\"Moldova\" \/>\n<!-- \/ Yoast SEO Premium plugin. -->","yoast_head_json":{"title":"C0962 - Autoclipsuri, Cre\u021b - atg.md","robots":{"index":"index","follow":"follow","max-snippet":"max-snippet:-1","max-image-preview":"max-image-preview:large","max-video-preview":"max-video-preview:-1"},"canonical":"https:\/\/atg.md\/ro\/catalog\/autoclipsuri\/figurnye\/c0962\/","og_locale":"ro_RO","og_type":"article","og_title":"C0962 - Autoclipsuri, Cre\u021b - atg.md","og_description":"OEM: 47749-58010, 4774958010Dimensiune F: 6.3Dimensiune H: 27.7Dimensiune T: 15.3","og_url":"https:\/\/atg.md\/ro\/wp-json\/wp\/v2\/product\/7717","og_site_name":"atg.md","article_modified_time":"2024-07-05T07:05:34+00:00","og_image":[{"width":600,"height":600,"url":"https:\/\/atg.md\/wp-content\/uploads\/2021\/03\/c0962.jpg","type":"image\/jpeg"}],"twitter_card":"summary_large_image","twitter_misc":{"Pre\u021b":"6.00&nbsp;MDL","Availability":"In stock"},"schema":{"@context":"https:\/\/schema.org","@graph":[{"@type":"WebPage","@id":"https:\/\/atg.md\/ro\/catalog\/autoclipsuri\/figurnye\/c0962\/","url":"https:\/\/atg.md\/ro\/catalog\/autoclipsuri\/figurnye\/c0962\/","name":"C0962 - Autoclipsuri, Cre\u021b - atg.md","isPartOf":{"@id":"https:\/\/atg.md\/ro\/#website"},"datePublished":"2021-03-30T09:11:30+00:00","dateModified":"2024-07-05T07:05:34+00:00","breadcrumb":{"@id":"https:\/\/atg.md\/ro\/catalog\/autoclipsuri\/figurnye\/c0962\/#breadcrumb"},"inLanguage":"ro-RO","potentialAction":[{"@type":"ReadAction","target":[["https:\/\/atg.md\/ro\/catalog\/autoclipsuri\/figurnye\/c0962\/"]]}]},{"@type":"BreadcrumbList","@id":"https:\/\/atg.md\/ro\/catalog\/autoclipsuri\/figurnye\/c0962\/#breadcrumb","itemListElement":[{"@type":"ListItem","position":1,"name":"Home","item":"https:\/\/atg.md\/ro\/"},{"@type":"ListItem","position":2,"name":"\u041a\u0430\u0442\u0430\u043b\u043e\u0433","item":"https:\/\/atg.md\/ro\/catalog\/"},{"@type":"ListItem","position":3,"name":"C0962"}]},{"@type":"WebSite","@id":"https:\/\/atg.md\/ro\/#website","url":"https:\/\/atg.md\/ro\/","name":"atg.md","description":"V\u00e2nzare de izola\u021bii \u00eempotriva vibra\u021biilor pentru ma\u0219ini, izola\u021bie termic\u0103, izolare fonic\u0103 de la cei mai buni produc\u0103tori, autoclipsuri, elemente de fixare auto. Cump\u0103ra\u021bi \u00een Moldova, Chi\u0219in\u0103u","publisher":{"@id":"https:\/\/atg.md\/ro\/#organization"},"potentialAction":[{"@type":"SearchAction","target":{"@type":"EntryPoint","urlTemplate":"https:\/\/atg.md\/ro\/?s={search_term_string}"},"query-input":"required name=search_term_string"}],"inLanguage":"ro-RO"},{"@type":["Organization","Place","AutoPartsStore"],"@id":"https:\/\/atg.md\/ro\/#organization","name":"S.C. AUTOTOM GRUP S.R.L.","url":"https:\/\/atg.md\/ro\/","logo":{"@type":"ImageObject","inLanguage":"ro-RO","@id":"https:\/\/atg.md\/ro\/#\/schema\/logo\/image\/","url":"https:\/\/i2.wp.com\/atg.md\/wp-content\/uploads\/2021\/05\/atg_logo_main.png?fit=656%2C569&ssl=1","contentUrl":"https:\/\/i2.wp.com\/atg.md\/wp-content\/uploads\/2021\/05\/atg_logo_main.png?fit=656%2C569&ssl=1","width":656,"height":569,"caption":"S.C. AUTOTOM GRUP S.R.L."},"image":{"@id":"https:\/\/atg.md\/ro\/#\/schema\/logo\/image\/"},"location":{"@id":"https:\/\/atg.md\/ro\/catalog\/autoclipsuri\/figurnye\/c0962\/#local-place"},"address":{"@id":"https:\/\/atg.md\/ro\/catalog\/autoclipsuri\/figurnye\/c0962\/#local-place-address"},"email":"atgtvv@gmail.com","telephone":"+37369644446","areaServed":"Moldova"},{"@type":"Place","@id":"https:\/\/atg.md\/ro\/catalog\/autoclipsuri\/figurnye\/c0962\/#local-place","address":{"@type":"PostalAddress","@id":"https:\/\/atg.md\/ro\/catalog\/autoclipsuri\/figurnye\/c0962\/#local-place-address","streetAddress":"str. Alba-Iulia 77\/20","addressLocality":"Chisinau","postalCode":"2043","addressRegion":"mun. Chisinau","addressCountry":"MD"},"geo":{"@type":"GeoCoordinates","latitude":"47.0376","longitude":"28.76899"},"openingHoursSpecification":[{"@type":"OpeningHoursSpecification","dayOfWeek":["Monday","Tuesday","Wednesday","Thursday","Friday"],"opens":"09:00","closes":"18:00"},{"@type":"OpeningHoursSpecification","dayOfWeek":["Saturday"],"opens":"09:00","closes":"14:00"},{"@type":"OpeningHoursSpecification","dayOfWeek":["Sunday"],"opens":"00:00","closes":"00:00"}],"telephone":"+37369644446"}]}},"_links":{"self":[{"href":"https:\/\/atg.md\/ro\/wp-json\/wp\/v2\/product\/7717"}],"collection":[{"href":"https:\/\/atg.md\/ro\/wp-json\/wp\/v2\/product"}],"about":[{"href":"https:\/\/atg.md\/ro\/wp-json\/wp\/v2\/types\/product"}],"wp:featuredmedia":[{"embeddable":true,"href":"https:\/\/atg.md\/ro\/wp-json\/wp\/v2\/media\/7718"}],"wp:attachment":[{"href":"https:\/\/atg.md\/ro\/wp-json\/wp\/v2\/media?parent=7717"}],"wp:term":[{"taxonomy":"product_cat","embeddable":true,"href":"https:\/\/atg.md\/ro\/wp-json\/wp\/v2\/product_cat?post=7717"},{"taxonomy":"product_tag","embeddable":true,"href":"https:\/\/atg.md\/ro\/wp-json\/wp\/v2\/product_tag?post=7717"}],"curies":[{"name":"wp","href":"https:\/\/api.w.org\/{rel}","templated":true}]}}