{"id":7661,"date":"2021-03-30T09:11:16","date_gmt":"2021-03-30T09:11:16","guid":{"rendered":"http:\/\/atg.md\/product\/c0933\/"},"modified":"2024-07-05T07:05:14","modified_gmt":"2024-07-05T07:05:14","slug":"c0933","status":"publish","type":"product","link":"https:\/\/atg.md\/ro\/catalog\/autoclipsuri\/figurnye\/c0933\/","title":{"rendered":"C0933"},"content":{"rendered":"<p><strong>Modele:<\/strong><\/p>\n<ul>\n<li>Audi 100, 443, 444, 445, 446<\/li>\n<li>Audi 200<\/li>\n<li>Audi 80, 811, 812, 813, 814, 8C0<\/li>\n<li>Audi 90, 811, 812, 813, 814, 8C0<\/li>\n<li>Audi A1, 8X1, 8XA<\/li>\n<li>Audi A2, 8Z0<\/li>\n<li>Audi A3, 8P1, 8PA<\/li>\n<li>Audi A4, 8E2, 8E5, 8EC, 8ED, 8H7, 8HE<\/li>\n<li>Audi A6 allroad quattro, 4BH, 4FH, 4GH, 4GJ<\/li>\n<li>Audi A6, 4A2, 4A5, 4B2, 4B4, 4B5, 4B6, 4F2, 4F2\/C6, 4F5, 4F5\/C6, 4G2, 4G2\/C7, 4G5, 4G5\/C7, 4G5\/\u04217, 4GC, 4GD<\/li>\n<li>Audi A7, 4GA, 4GF<\/li>\n<li>Audi A8, 4E2, 4E8, 4H2, 4H8, 4HC, 4HL<\/li>\n<li>Audi Cabriolet<\/li>\n<li>Audi Coupe, 8B3<\/li>\n<li>Audi Q3, 8UB, 8UG<\/li>\n<li>Audi Q5, 8RB<\/li>\n<li>Audi Q7, 4LB, 4MB<\/li>\n<li>Audi R8, 422, 423, 427, 429<\/li>\n<li>Audi RS Q3, 8UB<\/li>\n<li>Audi RS3, 8PA<\/li>\n<li>Audi RS4, 8D5, 8HE<\/li>\n<li>Audi RS6, 4B4, 4B6, 4F2, 4F5, 4G5, 4G5\/C7, 4GD<\/li>\n<li>Audi RS7, 4GA, 4GF<\/li>\n<li>Audi S3, 8P1, 8PA<\/li>\n<li>Audi S4, 8E2, 8E5, 8EC, 8ED, 8H7, 8HE<\/li>\n<li>Audi S6, 4A2, 4A5, 4B2, 4B4, 4B5, 4B6, 4F2, 4F5, 4G2, 4G2\/C7, 4G5, 4G5\/C7, 4GC, 4GD<\/li>\n<li>Audi S8, 4E2, 4E8, 4H2, 4H8, 4HC, 4HL<\/li>\n<li>Audi TT RS, 8J3, 8J9<\/li>\n<li>Audi TT, 8J3, 8J9<\/li>\n<li>Audi TTS, 8J3, 8J9<\/li>\n<li>Audi V8<\/li>\n<li>Seat Alhambra, 710, 7V8, 7V9<\/li>\n<li>Seat Arosa, 6H1<\/li>\n<li>Seat Cordoba, 6KR<\/li>\n<li>Seat Exeo, 3R2, 3R5<\/li>\n<li>Seat Ibiza, 6J1, 6J5, 6J8<\/li>\n<li>Seat Inca, 6KR<\/li>\n<li>Seat Leon, 1M1, 1M2<\/li>\n<li>Seat Mii, KF1<\/li>\n<li>Seat Toledo, 1M1, 1M2, KG3<\/li>\n<li>Skoda Citigo, NF1<\/li>\n<li>Skoda Fabia, 542, 545, 551, 572, 582, 6Y2, 6Y3, 6Y5<\/li>\n<li>Skoda Felicia, 6U1, 6U5<\/li>\n<li>Skoda Kodiaq, 0Z7, NS7<\/li>\n<li>Skoda Octavia, 1U2, 1U5, 1Z3, 1Z5, 913, 933<\/li>\n<li>Skoda Rapid, NH1, NH3<\/li>\n<li>Skoda Roomster, 5J7<\/li>\n<li>Skoda Superb, 374, 3T4, 3T5, 3V3, 3V5<\/li>\n<li>Skoda Yeti, 5L7, 677<\/li>\n<li>Volkswagen Amarok, S6B, S7A, S7B<\/li>\n<li>Volkswagen Beetle, 1C1, 1Y7, 9C1<\/li>\n<li>Volkswagen Caddy, 2CA, 2CB, 2CH, 2CJ<\/li>\n<li>Volkswagen Corrado<\/li>\n<li>Volkswagen Eos, 1F7, 1F8<\/li>\n<li>Volkswagen Fox, 5Z1<\/li>\n<li>Volkswagen Gol, 5W1, 5W5, 5X1, 5X5<\/li>\n<li>Volkswagen Golf, 1E7, 1G1, 1G2, 1H1, 1H2, 1H5, 1K1, 1V7, 5K1, AJ5<\/li>\n<li>Volkswagen Jetta, 1G1, 1G2<\/li>\n<li>Volkswagen Lupo, 6E1, 6X1<\/li>\n<li>Volkswagen Passat, 321, 322, 323, 324, 327, 328, 331, 332, 362, 365, 3B2, 3B3, 3B5, 3B6, 3C2, 3C5<\/li>\n<li>Volkswagen Phaeton, 3D1, 3D9<\/li>\n<li>Volkswagen Polo, 614, 6K2, 6K5, 6N1, 6N2, 6R1, 6V2, 9A2, 9N2<\/li>\n<li>Volkswagen Saveiro, 5W9, 5X9<\/li>\n<li>Volkswagen Scirocco<\/li>\n<li>Volkswagen Sharan, 7M6, 7M8, 7M9, 7N1, 7N2<\/li>\n<li>Volkswagen Touareg, 7L6, 7LA, 7P5, 7P6<\/li>\n<li>Volkswagen Touran, 1T1, 1T2, 1T3<\/li>\n<li>Volkswagen Transporter, 70A, 70B, 70C, 70E, 70H, 70J, 70K, 70M, 7DA, 7DB, 7DC, 7DE, 7DH, 7DJ, 7DK, 7DL, 7DM<\/li>\n<li>Volkswagen Vento, 1H2, 1H5<\/li>\n<li>Volkswagen up!, 121, 122, 6A1, 6A5, 6A6, BL1, BL2<\/li>\n<\/ul>\n<p><\/p>","protected":false},"excerpt":{"rendered":"<p><b>OEM:<\/b> 171201969, 41234<\/p>\n<p><b>Dimensiune F:<\/b> 9.9<br \/><b>Dimensiune H:<\/b> 10.5<br \/><b>Dimensiune T:<\/b> 18.5<\/p>\n","protected":false},"featured_media":7662,"template":"","meta":[],"product_cat":[25,80],"product_tag":[],"bundled_by":[],"bundle_stock_status":"instock","bundle_stock_quantity":null,"bundle_virtual":false,"bundle_layout":"","bundle_add_to_cart_form_location":"","bundle_editable_in_cart":false,"bundle_sold_individually_context":"","bundle_item_grouping":"","bundle_min_size":"","bundle_max_size":"","bundled_items":[],"yoast_head":"<!-- This site is optimized with the Yoast SEO Premium plugin v16.6 (Yoast SEO v20.1) - https:\/\/yoast.com\/wordpress\/plugins\/seo\/ -->\n<title>C0933 - Autoclipsuri, Cre\u021b - atg.md<\/title>\n<meta name=\"robots\" content=\"index, follow, max-snippet:-1, max-image-preview:large, max-video-preview:-1\" \/>\n<link rel=\"canonical\" href=\"https:\/\/atg.md\/ro\/catalog\/autoclipsuri\/figurnye\/c0933\/\" \/>\n<meta property=\"og:locale\" content=\"ro_RO\" \/>\n<meta property=\"og:type\" content=\"article\" \/>\n<meta property=\"og:title\" content=\"C0933 - Autoclipsuri, Cre\u021b - atg.md\" \/>\n<meta property=\"og:description\" content=\"OEM: 171201969, 41234Dimensiune F: 9.9Dimensiune H: 10.5Dimensiune T: 18.5\" \/>\n<meta property=\"og:url\" content=\"https:\/\/atg.md\/ro\/wp-json\/wp\/v2\/product\/7661\" \/>\n<meta property=\"og:site_name\" content=\"atg.md\" \/>\n<meta property=\"article:modified_time\" content=\"2024-07-05T07:05:14+00:00\" \/>\n<meta property=\"og:image\" content=\"https:\/\/atg.md\/wp-content\/uploads\/2021\/03\/c0933.jpg\" \/>\n\t<meta property=\"og:image:width\" content=\"600\" \/>\n\t<meta property=\"og:image:height\" content=\"600\" \/>\n\t<meta property=\"og:image:type\" content=\"image\/jpeg\" \/>\n<meta name=\"twitter:card\" content=\"summary_large_image\" \/>\n<meta name=\"twitter:label1\" content=\"Pre\u021b\" \/>\n\t<meta name=\"twitter:data1\" content=\"6.00&nbsp;MDL\" \/>\n\t<meta name=\"twitter:label2\" content=\"Availability\" \/>\n\t<meta name=\"twitter:data2\" content=\"In stock\" \/>\n<script type=\"application\/ld+json\" class=\"yoast-schema-graph\">{\"@context\":\"https:\/\/schema.org\",\"@graph\":[{\"@type\":\"WebPage\",\"@id\":\"https:\/\/atg.md\/ro\/catalog\/autoclipsuri\/figurnye\/c0933\/\",\"url\":\"https:\/\/atg.md\/ro\/catalog\/autoclipsuri\/figurnye\/c0933\/\",\"name\":\"C0933 - Autoclipsuri, Cre\u021b - atg.md\",\"isPartOf\":{\"@id\":\"https:\/\/atg.md\/ro\/#website\"},\"datePublished\":\"2021-03-30T09:11:16+00:00\",\"dateModified\":\"2024-07-05T07:05:14+00:00\",\"breadcrumb\":{\"@id\":\"https:\/\/atg.md\/ro\/catalog\/autoclipsuri\/figurnye\/c0933\/#breadcrumb\"},\"inLanguage\":\"ro-RO\",\"potentialAction\":[{\"@type\":\"ReadAction\",\"target\":[[\"https:\/\/atg.md\/ro\/catalog\/autoclipsuri\/figurnye\/c0933\/\"]]}]},{\"@type\":\"BreadcrumbList\",\"@id\":\"https:\/\/atg.md\/ro\/catalog\/autoclipsuri\/figurnye\/c0933\/#breadcrumb\",\"itemListElement\":[{\"@type\":\"ListItem\",\"position\":1,\"name\":\"Home\",\"item\":\"https:\/\/atg.md\/ro\/\"},{\"@type\":\"ListItem\",\"position\":2,\"name\":\"\u041a\u0430\u0442\u0430\u043b\u043e\u0433\",\"item\":\"https:\/\/atg.md\/ro\/catalog\/\"},{\"@type\":\"ListItem\",\"position\":3,\"name\":\"C0933\"}]},{\"@type\":\"WebSite\",\"@id\":\"https:\/\/atg.md\/ro\/#website\",\"url\":\"https:\/\/atg.md\/ro\/\",\"name\":\"atg.md\",\"description\":\"V\u00e2nzare de izola\u021bii \u00eempotriva vibra\u021biilor pentru ma\u0219ini, izola\u021bie termic\u0103, izolare fonic\u0103 de la cei mai buni produc\u0103tori, autoclipsuri, elemente de fixare auto. Cump\u0103ra\u021bi \u00een Moldova, Chi\u0219in\u0103u\",\"publisher\":{\"@id\":\"https:\/\/atg.md\/ro\/#organization\"},\"potentialAction\":[{\"@type\":\"SearchAction\",\"target\":{\"@type\":\"EntryPoint\",\"urlTemplate\":\"https:\/\/atg.md\/ro\/?s={search_term_string}\"},\"query-input\":\"required name=search_term_string\"}],\"inLanguage\":\"ro-RO\"},{\"@type\":[\"Organization\",\"Place\",\"AutoPartsStore\"],\"@id\":\"https:\/\/atg.md\/ro\/#organization\",\"name\":\"S.C. AUTOTOM GRUP S.R.L.\",\"url\":\"https:\/\/atg.md\/ro\/\",\"logo\":{\"@type\":\"ImageObject\",\"inLanguage\":\"ro-RO\",\"@id\":\"https:\/\/atg.md\/ro\/#\/schema\/logo\/image\/\",\"url\":\"https:\/\/i2.wp.com\/atg.md\/wp-content\/uploads\/2021\/05\/atg_logo_main.png?fit=656%2C569&ssl=1\",\"contentUrl\":\"https:\/\/i2.wp.com\/atg.md\/wp-content\/uploads\/2021\/05\/atg_logo_main.png?fit=656%2C569&ssl=1\",\"width\":656,\"height\":569,\"caption\":\"S.C. AUTOTOM GRUP S.R.L.\"},\"image\":{\"@id\":\"https:\/\/atg.md\/ro\/#\/schema\/logo\/image\/\"},\"location\":{\"@id\":\"https:\/\/atg.md\/ro\/catalog\/autoclipsuri\/figurnye\/c0933\/#local-place\"},\"address\":{\"@id\":\"https:\/\/atg.md\/ro\/catalog\/autoclipsuri\/figurnye\/c0933\/#local-place-address\"},\"email\":\"atgtvv@gmail.com\",\"telephone\":\"+37369644446\",\"areaServed\":\"Moldova\"},{\"@type\":\"Place\",\"@id\":\"https:\/\/atg.md\/ro\/catalog\/autoclipsuri\/figurnye\/c0933\/#local-place\",\"address\":{\"@type\":\"PostalAddress\",\"@id\":\"https:\/\/atg.md\/ro\/catalog\/autoclipsuri\/figurnye\/c0933\/#local-place-address\",\"streetAddress\":\"str. Alba-Iulia 77\/20\",\"addressLocality\":\"Chisinau\",\"postalCode\":\"2043\",\"addressRegion\":\"mun. Chisinau\",\"addressCountry\":\"MD\"},\"geo\":{\"@type\":\"GeoCoordinates\",\"latitude\":\"47.0376\",\"longitude\":\"28.76899\"},\"openingHoursSpecification\":[{\"@type\":\"OpeningHoursSpecification\",\"dayOfWeek\":[\"Monday\",\"Tuesday\",\"Wednesday\",\"Thursday\",\"Friday\"],\"opens\":\"09:00\",\"closes\":\"18:00\"},{\"@type\":\"OpeningHoursSpecification\",\"dayOfWeek\":[\"Saturday\"],\"opens\":\"09:00\",\"closes\":\"14:00\"},{\"@type\":\"OpeningHoursSpecification\",\"dayOfWeek\":[\"Sunday\"],\"opens\":\"00:00\",\"closes\":\"00:00\"}],\"telephone\":\"+37369644446\"}]}<\/script>\n<meta name=\"geo.placename\" content=\"Chisinau\" \/>\n<meta name=\"geo.position\" content=\"47.0376;28.76899\" \/>\n<meta name=\"geo.region\" content=\"Moldova\" \/>\n<!-- \/ Yoast SEO Premium plugin. -->","yoast_head_json":{"title":"C0933 - Autoclipsuri, Cre\u021b - atg.md","robots":{"index":"index","follow":"follow","max-snippet":"max-snippet:-1","max-image-preview":"max-image-preview:large","max-video-preview":"max-video-preview:-1"},"canonical":"https:\/\/atg.md\/ro\/catalog\/autoclipsuri\/figurnye\/c0933\/","og_locale":"ro_RO","og_type":"article","og_title":"C0933 - Autoclipsuri, Cre\u021b - atg.md","og_description":"OEM: 171201969, 41234Dimensiune F: 9.9Dimensiune H: 10.5Dimensiune T: 18.5","og_url":"https:\/\/atg.md\/ro\/wp-json\/wp\/v2\/product\/7661","og_site_name":"atg.md","article_modified_time":"2024-07-05T07:05:14+00:00","og_image":[{"width":600,"height":600,"url":"https:\/\/atg.md\/wp-content\/uploads\/2021\/03\/c0933.jpg","type":"image\/jpeg"}],"twitter_card":"summary_large_image","twitter_misc":{"Pre\u021b":"6.00&nbsp;MDL","Availability":"In stock"},"schema":{"@context":"https:\/\/schema.org","@graph":[{"@type":"WebPage","@id":"https:\/\/atg.md\/ro\/catalog\/autoclipsuri\/figurnye\/c0933\/","url":"https:\/\/atg.md\/ro\/catalog\/autoclipsuri\/figurnye\/c0933\/","name":"C0933 - Autoclipsuri, Cre\u021b - atg.md","isPartOf":{"@id":"https:\/\/atg.md\/ro\/#website"},"datePublished":"2021-03-30T09:11:16+00:00","dateModified":"2024-07-05T07:05:14+00:00","breadcrumb":{"@id":"https:\/\/atg.md\/ro\/catalog\/autoclipsuri\/figurnye\/c0933\/#breadcrumb"},"inLanguage":"ro-RO","potentialAction":[{"@type":"ReadAction","target":[["https:\/\/atg.md\/ro\/catalog\/autoclipsuri\/figurnye\/c0933\/"]]}]},{"@type":"BreadcrumbList","@id":"https:\/\/atg.md\/ro\/catalog\/autoclipsuri\/figurnye\/c0933\/#breadcrumb","itemListElement":[{"@type":"ListItem","position":1,"name":"Home","item":"https:\/\/atg.md\/ro\/"},{"@type":"ListItem","position":2,"name":"\u041a\u0430\u0442\u0430\u043b\u043e\u0433","item":"https:\/\/atg.md\/ro\/catalog\/"},{"@type":"ListItem","position":3,"name":"C0933"}]},{"@type":"WebSite","@id":"https:\/\/atg.md\/ro\/#website","url":"https:\/\/atg.md\/ro\/","name":"atg.md","description":"V\u00e2nzare de izola\u021bii \u00eempotriva vibra\u021biilor pentru ma\u0219ini, izola\u021bie termic\u0103, izolare fonic\u0103 de la cei mai buni produc\u0103tori, autoclipsuri, elemente de fixare auto. Cump\u0103ra\u021bi \u00een Moldova, Chi\u0219in\u0103u","publisher":{"@id":"https:\/\/atg.md\/ro\/#organization"},"potentialAction":[{"@type":"SearchAction","target":{"@type":"EntryPoint","urlTemplate":"https:\/\/atg.md\/ro\/?s={search_term_string}"},"query-input":"required name=search_term_string"}],"inLanguage":"ro-RO"},{"@type":["Organization","Place","AutoPartsStore"],"@id":"https:\/\/atg.md\/ro\/#organization","name":"S.C. AUTOTOM GRUP S.R.L.","url":"https:\/\/atg.md\/ro\/","logo":{"@type":"ImageObject","inLanguage":"ro-RO","@id":"https:\/\/atg.md\/ro\/#\/schema\/logo\/image\/","url":"https:\/\/i2.wp.com\/atg.md\/wp-content\/uploads\/2021\/05\/atg_logo_main.png?fit=656%2C569&ssl=1","contentUrl":"https:\/\/i2.wp.com\/atg.md\/wp-content\/uploads\/2021\/05\/atg_logo_main.png?fit=656%2C569&ssl=1","width":656,"height":569,"caption":"S.C. AUTOTOM GRUP S.R.L."},"image":{"@id":"https:\/\/atg.md\/ro\/#\/schema\/logo\/image\/"},"location":{"@id":"https:\/\/atg.md\/ro\/catalog\/autoclipsuri\/figurnye\/c0933\/#local-place"},"address":{"@id":"https:\/\/atg.md\/ro\/catalog\/autoclipsuri\/figurnye\/c0933\/#local-place-address"},"email":"atgtvv@gmail.com","telephone":"+37369644446","areaServed":"Moldova"},{"@type":"Place","@id":"https:\/\/atg.md\/ro\/catalog\/autoclipsuri\/figurnye\/c0933\/#local-place","address":{"@type":"PostalAddress","@id":"https:\/\/atg.md\/ro\/catalog\/autoclipsuri\/figurnye\/c0933\/#local-place-address","streetAddress":"str. Alba-Iulia 77\/20","addressLocality":"Chisinau","postalCode":"2043","addressRegion":"mun. Chisinau","addressCountry":"MD"},"geo":{"@type":"GeoCoordinates","latitude":"47.0376","longitude":"28.76899"},"openingHoursSpecification":[{"@type":"OpeningHoursSpecification","dayOfWeek":["Monday","Tuesday","Wednesday","Thursday","Friday"],"opens":"09:00","closes":"18:00"},{"@type":"OpeningHoursSpecification","dayOfWeek":["Saturday"],"opens":"09:00","closes":"14:00"},{"@type":"OpeningHoursSpecification","dayOfWeek":["Sunday"],"opens":"00:00","closes":"00:00"}],"telephone":"+37369644446"}]}},"_links":{"self":[{"href":"https:\/\/atg.md\/ro\/wp-json\/wp\/v2\/product\/7661"}],"collection":[{"href":"https:\/\/atg.md\/ro\/wp-json\/wp\/v2\/product"}],"about":[{"href":"https:\/\/atg.md\/ro\/wp-json\/wp\/v2\/types\/product"}],"wp:featuredmedia":[{"embeddable":true,"href":"https:\/\/atg.md\/ro\/wp-json\/wp\/v2\/media\/7662"}],"wp:attachment":[{"href":"https:\/\/atg.md\/ro\/wp-json\/wp\/v2\/media?parent=7661"}],"wp:term":[{"taxonomy":"product_cat","embeddable":true,"href":"https:\/\/atg.md\/ro\/wp-json\/wp\/v2\/product_cat?post=7661"},{"taxonomy":"product_tag","embeddable":true,"href":"https:\/\/atg.md\/ro\/wp-json\/wp\/v2\/product_tag?post=7661"}],"curies":[{"name":"wp","href":"https:\/\/api.w.org\/{rel}","templated":true}]}}