{"id":7587,"date":"2021-03-30T09:10:47","date_gmt":"2021-03-30T09:10:47","guid":{"rendered":"http:\/\/atg.md\/product\/c0896\/"},"modified":"2024-07-05T07:04:54","modified_gmt":"2024-07-05T07:04:54","slug":"c0896","status":"publish","type":"product","link":"https:\/\/atg.md\/ro\/catalog\/autoclipsuri\/zazhim\/c0896\/","title":{"rendered":"C0896"},"content":{"rendered":"<p><strong>Modele:<\/strong><\/p>\n<ul>\n<li>Lexus RX300, GSU35, MCU10, MCU15, MCU35, MCU38<\/li>\n<li>Lexus RX330, GSU30, GSU35, MCU33, MCU35, MCU38<\/li>\n<li>Lexus RX400h, MHU33, MHU38<\/li>\n<li>Toyota Allion, AZT240, NZT240, NZT260, ZRT260, ZRT261, ZRT265, ZZT240, ZZT245<\/li>\n<li>Toyota Aygo, KGB10, WNB10<\/li>\n<li>Toyota Belta, KSP92, NCP96, SCP92<\/li>\n<li>Toyota Camry, CV30, CV40, CV43, SV30, SV32, SV33, SV35, SV40, SV41, SV42, SV43, VZV30, VZV31, VZV32, VZV33<\/li>\n<li>Toyota Chaser, GX100, GX105, GX90, JZX100, JZX101, JZX105, JZX90, JZX91, JZX93, LX100, LX90, SX100, SX90<\/li>\n<li>Toyota Corolla Axio, NKE165, NRE160, NZE161, NZE164, ZRE162<\/li>\n<li>Toyota Corolla Fielder, NKE165, NRE160, NZE161, NZE164, ZRE162<\/li>\n<li>Toyota Corolla Rumion, NZE151, ZRE152, ZRE154<\/li>\n<li>Toyota Cresta, GX100, GX105, GX90, JZX100, JZX101, JZX105, JZX90, JZX91, JZX93, LX100, LX90, SX90<\/li>\n<li>Toyota EQ EV, KPJ10<\/li>\n<li>Toyota Echo Verso, NCP20, NCP21, NCP22, NLP20, NLP22<\/li>\n<li>Toyota Echo, NCP10, NCP11, NCP12, NCP13, SCP10<\/li>\n<li>Toyota Fortuner, GGN155, GGN165, GUN155, GUN156, GUN165, GUN166, KUN156, KUN165, LAN155, TGN156, TGN166, TGN168<\/li>\n<li>Toyota Funcargo, NCP20, NCP21, NCP25<\/li>\n<li>Toyota Harrier, ACU10, ACU15, ACU30, ACU35, AVU65, GSU30, GSU31, GSU35, GSU36, MCU10, MCU15, MCU30, MCU31, MCU35, MCU36, MHU38, SXU10, SXU15, ZSU60, ZSU65<\/li>\n<li>Toyota Highlander, ACU20, ACU25, GSU40, GSU45, MCU20, MCU23, MCU25, MCU28, MHU23, MHU28, MHU48<\/li>\n<li>Toyota Hilux, GGN120, GGN125, GGN135, GUN112, GUN122, GUN123, GUN125, GUN126, GUN135, GUN136, KUN112, KUN122, KUN125, KUN126, KUN135, KUN136, LAN125, TGN110, TGN111, TGN120, TGN121, TGN126, TGN128, TGN136, TGN138<\/li>\n<li>Toyota Kluger V, ACU20, ACU25, MCU20, MCU25, MCU28, MHU28<\/li>\n<li>Toyota MR-S, ZZW30<\/li>\n<li>Toyota MR2, ZZW30<\/li>\n<li>Toyota Mark II, GX100, GX105, GX90, JZX100, JZX101, JZX105, JZX90, JZX91, JZX93, LX100, LX90, SX90<\/li>\n<li>Toyota Opa, ACT10, ZCT10, ZCT15<\/li>\n<li>Toyota Passo Sette, M502E, M512E<\/li>\n<li>Toyota Platz, NCP12, NCP16, SCP11<\/li>\n<li>Toyota Porte, NNP10, NNP11, NNP15<\/li>\n<li>Toyota Premio, AZT240, NZT240, NZT260, ZRT260, ZRT261, ZRT265, ZZT240, ZZT245<\/li>\n<li>Toyota Prius a, ZVW40, ZVW41<\/li>\n<li>Toyota Prius v, ZVW40, ZVW41<\/li>\n<li>Toyota Prius, NHW10, NHW11, NHW20, ZVW40<\/li>\n<li>Toyota Probox, NCP50, NCP51, NCP52, NCP55, NCP58, NCP59, NLP51<\/li>\n<li>Toyota RAV4, ACA20, ACA21, ACA22, ACA23, ACA26, ACA28, ACA30, ACA31, ACA33, ACA36, ACA38, ALA30, ASA42, ASA44, CLA20, CLA21, GSA33, GSA38, ZCA25, ZCA26<\/li>\n<li>Toyota Ractis, NCP100, NCP105, NCP120, NCP122, NCP125, NSP120, NSP122, SCP100<\/li>\n<li>Toyota Sai, AZK10<\/li>\n<li>Toyota Scion, AZE151, NCP31, NCP61, ZSP110<\/li>\n<li>Toyota Sequoia, UCK35, UCK45<\/li>\n<li>Toyota Sienna, GSL20, GSL23, GSL25, MCL20, MCL23, MCL25<\/li>\n<li>Toyota Sienta, NCP81, NCP85<\/li>\n<li>Toyota Soluna Vios, AXP41, AXP42, NCP41, NCP42, SCP41, SCP42<\/li>\n<li>Toyota Succeed, NCP50, NCP51, NCP52, NCP55, NCP58, NCP59, NLP51<\/li>\n<li>Toyota Tundra, GSK30, UCK30, UCK31, UCK40, UCK41, VCK30, VCK40<\/li>\n<li>Toyota Vios, AXP41, AXP42, NCP41, NCP42, NCP92, NCP93, SCP41, SCP42, ZSP92<\/li>\n<li>Toyota Vista Ardeo, AZV50, AZV55, SV50, SV55, ZZV50<\/li>\n<li>Toyota Vista, AZV50, AZV55, CV30, CV40, CV43, SV30, SV32, SV33, SV35, SV40, SV41, SV42, SV43, SV50, SV55, VZV30, VZV31, VZV32, VZV33, ZZV50<\/li>\n<li>Toyota Vitz, KSP90, NCP10, NCP13, NCP15, NCP91, NCP95, SCP10, SCP13, SCP90<\/li>\n<li>Toyota WiLL Cypha, NCP70, NCP75<\/li>\n<li>Toyota WiLL Vi, NCP19<\/li>\n<li>Toyota Wish, ANE10, ANE11, ZGE20, ZGE21, ZGE22, ZGE25, ZNE10, ZNE14<\/li>\n<li>Toyota XA, NCP61<\/li>\n<li>Toyota Yaris Verso, NCP20, NCP21, NCP22, NLP20, NLP22<\/li>\n<li>Toyota Yaris, KSP90, NCP10, NCP11, NCP12, NCP13, NCP90, NCP91, NCP92, NCP93, NLP10, NLP90, SCP10, SCP12, SCP90, ZSP90<\/li>\n<li>Toyota bB, NCP30, NCP31, NCP34, NCP35<\/li>\n<li>Toyota iQ, KGJ10, NGJ10, NUJ10<\/li>\n<li>Toyota ist, NCP110, NCP115, NCP60, NCP61, NCP65, ZSP110<\/li>\n<\/ul>\n<p><\/p>","protected":false},"excerpt":{"rendered":"<p><b>OEM:<\/b> 90467-05114, 9046705114<\/p>\n<p><b>Dimensiune F:<\/b> 12<br \/><b>Dimensiune H:<\/b> 19.6<br \/><b>Dimensiune T:<\/b> 34.5<\/p>\n","protected":false},"featured_media":7588,"template":"","meta":[],"product_cat":[25,134],"product_tag":[],"bundled_by":[],"bundle_stock_status":"instock","bundle_stock_quantity":null,"bundle_virtual":false,"bundle_layout":"","bundle_add_to_cart_form_location":"","bundle_editable_in_cart":false,"bundle_sold_individually_context":"","bundle_item_grouping":"","bundle_min_size":"","bundle_max_size":"","bundled_items":[],"yoast_head":"<!-- This site is optimized with the Yoast SEO Premium plugin v16.6 (Yoast SEO v20.1) - https:\/\/yoast.com\/wordpress\/plugins\/seo\/ -->\n<title>C0896 - Autoclipsuri, Clem\u0103 - atg.md<\/title>\n<meta name=\"robots\" content=\"index, follow, max-snippet:-1, max-image-preview:large, max-video-preview:-1\" \/>\n<link rel=\"canonical\" href=\"https:\/\/atg.md\/ro\/catalog\/autoclipsuri\/zazhim\/c0896\/\" \/>\n<meta property=\"og:locale\" content=\"ro_RO\" \/>\n<meta property=\"og:type\" content=\"article\" \/>\n<meta property=\"og:title\" content=\"C0896 - Autoclipsuri, Clem\u0103 - atg.md\" \/>\n<meta property=\"og:description\" content=\"OEM: 90467-05114, 9046705114Dimensiune F: 12Dimensiune H: 19.6Dimensiune T: 34.5\" \/>\n<meta property=\"og:url\" content=\"https:\/\/atg.md\/ro\/wp-json\/wp\/v2\/product\/7587\" \/>\n<meta property=\"og:site_name\" content=\"atg.md\" \/>\n<meta property=\"article:modified_time\" content=\"2024-07-05T07:04:54+00:00\" \/>\n<meta property=\"og:image\" content=\"https:\/\/atg.md\/wp-content\/uploads\/2021\/03\/c0896.jpg\" \/>\n\t<meta property=\"og:image:width\" content=\"600\" \/>\n\t<meta property=\"og:image:height\" content=\"600\" \/>\n\t<meta property=\"og:image:type\" content=\"image\/jpeg\" \/>\n<meta name=\"twitter:card\" content=\"summary_large_image\" \/>\n<meta name=\"twitter:label1\" content=\"Pre\u021b\" \/>\n\t<meta name=\"twitter:data1\" content=\"10.00&nbsp;MDL\" \/>\n\t<meta name=\"twitter:label2\" content=\"Availability\" \/>\n\t<meta name=\"twitter:data2\" content=\"In stock\" \/>\n<script type=\"application\/ld+json\" class=\"yoast-schema-graph\">{\"@context\":\"https:\/\/schema.org\",\"@graph\":[{\"@type\":\"WebPage\",\"@id\":\"https:\/\/atg.md\/ro\/catalog\/autoclipsuri\/zazhim\/c0896\/\",\"url\":\"https:\/\/atg.md\/ro\/catalog\/autoclipsuri\/zazhim\/c0896\/\",\"name\":\"C0896 - Autoclipsuri, Clem\u0103 - atg.md\",\"isPartOf\":{\"@id\":\"https:\/\/atg.md\/ro\/#website\"},\"datePublished\":\"2021-03-30T09:10:47+00:00\",\"dateModified\":\"2024-07-05T07:04:54+00:00\",\"breadcrumb\":{\"@id\":\"https:\/\/atg.md\/ro\/catalog\/autoclipsuri\/zazhim\/c0896\/#breadcrumb\"},\"inLanguage\":\"ro-RO\",\"potentialAction\":[{\"@type\":\"ReadAction\",\"target\":[[\"https:\/\/atg.md\/ro\/catalog\/autoclipsuri\/zazhim\/c0896\/\"]]}]},{\"@type\":\"BreadcrumbList\",\"@id\":\"https:\/\/atg.md\/ro\/catalog\/autoclipsuri\/zazhim\/c0896\/#breadcrumb\",\"itemListElement\":[{\"@type\":\"ListItem\",\"position\":1,\"name\":\"Home\",\"item\":\"https:\/\/atg.md\/ro\/\"},{\"@type\":\"ListItem\",\"position\":2,\"name\":\"\u041a\u0430\u0442\u0430\u043b\u043e\u0433\",\"item\":\"https:\/\/atg.md\/ro\/catalog\/\"},{\"@type\":\"ListItem\",\"position\":3,\"name\":\"C0896\"}]},{\"@type\":\"WebSite\",\"@id\":\"https:\/\/atg.md\/ro\/#website\",\"url\":\"https:\/\/atg.md\/ro\/\",\"name\":\"atg.md\",\"description\":\"V\u00e2nzare de izola\u021bii \u00eempotriva vibra\u021biilor pentru ma\u0219ini, izola\u021bie termic\u0103, izolare fonic\u0103 de la cei mai buni produc\u0103tori, autoclipsuri, elemente de fixare auto. Cump\u0103ra\u021bi \u00een Moldova, Chi\u0219in\u0103u\",\"publisher\":{\"@id\":\"https:\/\/atg.md\/ro\/#organization\"},\"potentialAction\":[{\"@type\":\"SearchAction\",\"target\":{\"@type\":\"EntryPoint\",\"urlTemplate\":\"https:\/\/atg.md\/ro\/?s={search_term_string}\"},\"query-input\":\"required name=search_term_string\"}],\"inLanguage\":\"ro-RO\"},{\"@type\":[\"Organization\",\"Place\",\"AutoPartsStore\"],\"@id\":\"https:\/\/atg.md\/ro\/#organization\",\"name\":\"S.C. AUTOTOM GRUP S.R.L.\",\"url\":\"https:\/\/atg.md\/ro\/\",\"logo\":{\"@type\":\"ImageObject\",\"inLanguage\":\"ro-RO\",\"@id\":\"https:\/\/atg.md\/ro\/#\/schema\/logo\/image\/\",\"url\":\"https:\/\/i2.wp.com\/atg.md\/wp-content\/uploads\/2021\/05\/atg_logo_main.png?fit=656%2C569&ssl=1\",\"contentUrl\":\"https:\/\/i2.wp.com\/atg.md\/wp-content\/uploads\/2021\/05\/atg_logo_main.png?fit=656%2C569&ssl=1\",\"width\":656,\"height\":569,\"caption\":\"S.C. AUTOTOM GRUP S.R.L.\"},\"image\":{\"@id\":\"https:\/\/atg.md\/ro\/#\/schema\/logo\/image\/\"},\"location\":{\"@id\":\"https:\/\/atg.md\/ro\/catalog\/autoclipsuri\/zazhim\/c0896\/#local-place\"},\"address\":{\"@id\":\"https:\/\/atg.md\/ro\/catalog\/autoclipsuri\/zazhim\/c0896\/#local-place-address\"},\"email\":\"atgtvv@gmail.com\",\"telephone\":\"+37369644446\",\"areaServed\":\"Moldova\"},{\"@type\":\"Place\",\"@id\":\"https:\/\/atg.md\/ro\/catalog\/autoclipsuri\/zazhim\/c0896\/#local-place\",\"address\":{\"@type\":\"PostalAddress\",\"@id\":\"https:\/\/atg.md\/ro\/catalog\/autoclipsuri\/zazhim\/c0896\/#local-place-address\",\"streetAddress\":\"str. Alba-Iulia 77\/20\",\"addressLocality\":\"Chisinau\",\"postalCode\":\"2043\",\"addressRegion\":\"mun. Chisinau\",\"addressCountry\":\"MD\"},\"geo\":{\"@type\":\"GeoCoordinates\",\"latitude\":\"47.0376\",\"longitude\":\"28.76899\"},\"openingHoursSpecification\":[{\"@type\":\"OpeningHoursSpecification\",\"dayOfWeek\":[\"Monday\",\"Tuesday\",\"Wednesday\",\"Thursday\",\"Friday\"],\"opens\":\"09:00\",\"closes\":\"18:00\"},{\"@type\":\"OpeningHoursSpecification\",\"dayOfWeek\":[\"Saturday\"],\"opens\":\"09:00\",\"closes\":\"14:00\"},{\"@type\":\"OpeningHoursSpecification\",\"dayOfWeek\":[\"Sunday\"],\"opens\":\"00:00\",\"closes\":\"00:00\"}],\"telephone\":\"+37369644446\"}]}<\/script>\n<meta name=\"geo.placename\" content=\"Chisinau\" \/>\n<meta name=\"geo.position\" content=\"47.0376;28.76899\" \/>\n<meta name=\"geo.region\" content=\"Moldova\" \/>\n<!-- \/ Yoast SEO Premium plugin. -->","yoast_head_json":{"title":"C0896 - Autoclipsuri, Clem\u0103 - atg.md","robots":{"index":"index","follow":"follow","max-snippet":"max-snippet:-1","max-image-preview":"max-image-preview:large","max-video-preview":"max-video-preview:-1"},"canonical":"https:\/\/atg.md\/ro\/catalog\/autoclipsuri\/zazhim\/c0896\/","og_locale":"ro_RO","og_type":"article","og_title":"C0896 - Autoclipsuri, Clem\u0103 - atg.md","og_description":"OEM: 90467-05114, 9046705114Dimensiune F: 12Dimensiune H: 19.6Dimensiune T: 34.5","og_url":"https:\/\/atg.md\/ro\/wp-json\/wp\/v2\/product\/7587","og_site_name":"atg.md","article_modified_time":"2024-07-05T07:04:54+00:00","og_image":[{"width":600,"height":600,"url":"https:\/\/atg.md\/wp-content\/uploads\/2021\/03\/c0896.jpg","type":"image\/jpeg"}],"twitter_card":"summary_large_image","twitter_misc":{"Pre\u021b":"10.00&nbsp;MDL","Availability":"In stock"},"schema":{"@context":"https:\/\/schema.org","@graph":[{"@type":"WebPage","@id":"https:\/\/atg.md\/ro\/catalog\/autoclipsuri\/zazhim\/c0896\/","url":"https:\/\/atg.md\/ro\/catalog\/autoclipsuri\/zazhim\/c0896\/","name":"C0896 - Autoclipsuri, Clem\u0103 - atg.md","isPartOf":{"@id":"https:\/\/atg.md\/ro\/#website"},"datePublished":"2021-03-30T09:10:47+00:00","dateModified":"2024-07-05T07:04:54+00:00","breadcrumb":{"@id":"https:\/\/atg.md\/ro\/catalog\/autoclipsuri\/zazhim\/c0896\/#breadcrumb"},"inLanguage":"ro-RO","potentialAction":[{"@type":"ReadAction","target":[["https:\/\/atg.md\/ro\/catalog\/autoclipsuri\/zazhim\/c0896\/"]]}]},{"@type":"BreadcrumbList","@id":"https:\/\/atg.md\/ro\/catalog\/autoclipsuri\/zazhim\/c0896\/#breadcrumb","itemListElement":[{"@type":"ListItem","position":1,"name":"Home","item":"https:\/\/atg.md\/ro\/"},{"@type":"ListItem","position":2,"name":"\u041a\u0430\u0442\u0430\u043b\u043e\u0433","item":"https:\/\/atg.md\/ro\/catalog\/"},{"@type":"ListItem","position":3,"name":"C0896"}]},{"@type":"WebSite","@id":"https:\/\/atg.md\/ro\/#website","url":"https:\/\/atg.md\/ro\/","name":"atg.md","description":"V\u00e2nzare de izola\u021bii \u00eempotriva vibra\u021biilor pentru ma\u0219ini, izola\u021bie termic\u0103, izolare fonic\u0103 de la cei mai buni produc\u0103tori, autoclipsuri, elemente de fixare auto. Cump\u0103ra\u021bi \u00een Moldova, Chi\u0219in\u0103u","publisher":{"@id":"https:\/\/atg.md\/ro\/#organization"},"potentialAction":[{"@type":"SearchAction","target":{"@type":"EntryPoint","urlTemplate":"https:\/\/atg.md\/ro\/?s={search_term_string}"},"query-input":"required name=search_term_string"}],"inLanguage":"ro-RO"},{"@type":["Organization","Place","AutoPartsStore"],"@id":"https:\/\/atg.md\/ro\/#organization","name":"S.C. AUTOTOM GRUP S.R.L.","url":"https:\/\/atg.md\/ro\/","logo":{"@type":"ImageObject","inLanguage":"ro-RO","@id":"https:\/\/atg.md\/ro\/#\/schema\/logo\/image\/","url":"https:\/\/i2.wp.com\/atg.md\/wp-content\/uploads\/2021\/05\/atg_logo_main.png?fit=656%2C569&ssl=1","contentUrl":"https:\/\/i2.wp.com\/atg.md\/wp-content\/uploads\/2021\/05\/atg_logo_main.png?fit=656%2C569&ssl=1","width":656,"height":569,"caption":"S.C. AUTOTOM GRUP S.R.L."},"image":{"@id":"https:\/\/atg.md\/ro\/#\/schema\/logo\/image\/"},"location":{"@id":"https:\/\/atg.md\/ro\/catalog\/autoclipsuri\/zazhim\/c0896\/#local-place"},"address":{"@id":"https:\/\/atg.md\/ro\/catalog\/autoclipsuri\/zazhim\/c0896\/#local-place-address"},"email":"atgtvv@gmail.com","telephone":"+37369644446","areaServed":"Moldova"},{"@type":"Place","@id":"https:\/\/atg.md\/ro\/catalog\/autoclipsuri\/zazhim\/c0896\/#local-place","address":{"@type":"PostalAddress","@id":"https:\/\/atg.md\/ro\/catalog\/autoclipsuri\/zazhim\/c0896\/#local-place-address","streetAddress":"str. Alba-Iulia 77\/20","addressLocality":"Chisinau","postalCode":"2043","addressRegion":"mun. Chisinau","addressCountry":"MD"},"geo":{"@type":"GeoCoordinates","latitude":"47.0376","longitude":"28.76899"},"openingHoursSpecification":[{"@type":"OpeningHoursSpecification","dayOfWeek":["Monday","Tuesday","Wednesday","Thursday","Friday"],"opens":"09:00","closes":"18:00"},{"@type":"OpeningHoursSpecification","dayOfWeek":["Saturday"],"opens":"09:00","closes":"14:00"},{"@type":"OpeningHoursSpecification","dayOfWeek":["Sunday"],"opens":"00:00","closes":"00:00"}],"telephone":"+37369644446"}]}},"_links":{"self":[{"href":"https:\/\/atg.md\/ro\/wp-json\/wp\/v2\/product\/7587"}],"collection":[{"href":"https:\/\/atg.md\/ro\/wp-json\/wp\/v2\/product"}],"about":[{"href":"https:\/\/atg.md\/ro\/wp-json\/wp\/v2\/types\/product"}],"wp:featuredmedia":[{"embeddable":true,"href":"https:\/\/atg.md\/ro\/wp-json\/wp\/v2\/media\/7588"}],"wp:attachment":[{"href":"https:\/\/atg.md\/ro\/wp-json\/wp\/v2\/media?parent=7587"}],"wp:term":[{"taxonomy":"product_cat","embeddable":true,"href":"https:\/\/atg.md\/ro\/wp-json\/wp\/v2\/product_cat?post=7587"},{"taxonomy":"product_tag","embeddable":true,"href":"https:\/\/atg.md\/ro\/wp-json\/wp\/v2\/product_tag?post=7587"}],"curies":[{"name":"wp","href":"https:\/\/api.w.org\/{rel}","templated":true}]}}