{"id":7585,"date":"2021-03-30T09:10:47","date_gmt":"2021-03-30T09:10:47","guid":{"rendered":"http:\/\/atg.md\/product\/c0895\/"},"modified":"2024-07-05T07:04:53","modified_gmt":"2024-07-05T07:04:53","slug":"c0895","status":"publish","type":"product","link":"https:\/\/atg.md\/ro\/catalog\/autoclipsuri\/vstavki\/c0895\/","title":{"rendered":"C0895"},"content":{"rendered":"<p><strong>Modele:<\/strong><\/p>\n<ul>\n<li>\n<li>Audi A3, 8P1, 8P7, 8PA, 8V1, 8V7, 8VA, 8VE, 8VF, 8VK, 8VM, 8VS<\/li>\n<li>Audi A4, 8E2, 8E5, 8H7, 8HE<\/li>\n<li>Audi A5, 8T3, 8TA<\/li>\n<li>Audi A8, 4H2, 4H8, 4HC, 4HL<\/li>\n<li>Audi Q3, 8UB<\/li>\n<li>Audi Q7, 4LB<\/li>\n<li>Audi R8, 422, 423, 427, 429, 4S3, 4S9<\/li>\n<li>Audi RS Q3, 8UB<\/li>\n<li>Audi RS3, 8PA, 8VA, 8VF, 8VM<\/li>\n<li>Audi RS4, 8HE<\/li>\n<li>Audi RS5, 8T3<\/li>\n<li>Audi S3, 8P1, 8PA, 8V1, 8VA, 8VF, 8VK, 8VM, 8VS<\/li>\n<li>Audi S4, 8E2, 8E5, 8H7, 8HE<\/li>\n<li>Audi S5, 8T3, 8TA<\/li>\n<li>Audi S8, 4H2, 4H8, 4HC, 4HL<\/li>\n<li>Audi TT RS, 8J3, 8J9, FV3, FV9<\/li>\n<li>Audi TT, 8J3, 8J9, FV3, FV9<\/li>\n<li>Audi TTS, 8J3, 8J9, FV3, FV9<\/li>\n<li>Seat Alhambra, 710<\/li>\n<li>Seat Altea, 5P1, 5P5, 5P8<\/li>\n<li>Seat Arosa, 6H1<\/li>\n<li>Seat Cordoba, 6L2, 6L5<\/li>\n<li>Seat Exeo, 3R2, 3R5<\/li>\n<li>Seat Ibiza, 6J1, 6J5, 6J8, 6L1, 6P1, 6P5, 6P8<\/li>\n<li>Seat Leon, 1M1, 1M2, 1P1, 5F1, 5F5, 5F8<\/li>\n<li>Seat Mii, KF1<\/li>\n<li>Seat Toledo, 1M1, 1M2, 5P2, KG3<\/li>\n<li>Skoda Citigo, NF1<\/li>\n<li>Skoda Fabia, 542, 545, 572, 582, 6Y2, 6Y3, 6Y5<\/li>\n<li>Skoda Felicia, 6U1, 6U5<\/li>\n<li>Skoda Octavia, 1U2, 1U5, 1Z3, 1Z5, 913, 933<\/li>\n<li>Skoda Rapid, NA2, NH1, NH3<\/li>\n<li>Skoda Roomster, 5J7<\/li>\n<li>Skoda Superb, 3T4, 3T5<\/li>\n<li>Skoda Yeti, 0Y7, 5L6, 5L7, 676, 677<\/li>\n<li>Volkswagen Amarok, 2HA, 2HB, S1B, S6B, S7A, S7B<\/li>\n<li>Volkswagen Ameo, 631<\/li>\n<li>Volkswagen Arteon, 3H7<\/li>\n<li>Volkswagen Beetle, 1C1, 1C9, 1Y7, 5C7, 5C8, 9C1, 9G1<\/li>\n<li>Volkswagen Bora, 1J2, 1J6<\/li>\n<li>Volkswagen Caddy, 2CA, 2CB, 2CH, 2CJ, 2KA, 2KB, 2KH, 2KJ, SAA, SAB, SAH, SAJ<\/li>\n<li>Volkswagen Crafter, SYB, SYC, SYD, SYI, SYJ, SZB, SZC, SZD, SZH, SZI, SZO, SZP, SZQ, SZU, SZV<\/li>\n<li>Volkswagen Eos, 1F7, 1F8<\/li>\n<li>Volkswagen Fox, 5Z7<\/li>\n<li>Volkswagen Golf, 1E7, 1J1, 1J5, 1K1, 1K5, 1V7, 517, 521, 5G1, 5K1, 5M1, AJ5, AM1, AU1, BA5, BQ1, BV5, BX5<\/li>\n<li>Volkswagen Jetta, 162, 163, 1K2, AV2, AV3, AY2, AY3<\/li>\n<li>Volkswagen Lupo, 6E1, 6X1<\/li>\n<li>Volkswagen Passat CC, 357, 358<\/li>\n<li>Volkswagen Passat, 362, 365, 3B2, 3B3, 3B5, 3B6, 3C2, 3C5, 3G2, 3G5, A32, A33<\/li>\n<li>Volkswagen Phaeton, 3D1, 3D2, 3D3, 3D4, 3D6, 3D7, 3D8, 3D9<\/li>\n<li>Volkswagen Polo, 601, 602, 603, 604, 612, 614, 641, 642, 643, 644, 6C1, 6N1, 6N2, 6R1, 9A2, 9J2, 9J4, 9J6, 9N1, 9N2, 9N3<\/li>\n<li>Volkswagen Scirocco, 137, 138<\/li>\n<li>Volkswagen Sharan, 7N1, 7N2<\/li>\n<li>Volkswagen Tiguan, 5N1, 5N2<\/li>\n<li>Volkswagen Touareg, 7L6, 7LA, 7P5, 7P6<\/li>\n<li>Volkswagen Touran, 1T1, 1T2, 1T3<\/li>\n<li>Volkswagen Transporter, 7EA, 7EB, 7EC, 7EF, 7EG, 7EH, 7EJ, 7EM, 7EN, 7FD, 7FE, 7FL, 7FY, 7FZ, 7HA, 7HB, 7HC, 7HF, 7HH, 7HJ, 7HM, 7HN, SFD, SFE, SFL, SFZ, SGA, SGB, SGC, SGF, SGG, SGH, SGJ, SGM, SGN<\/li>\n<li>Volkswagen e-Golf, BE1<\/li>\n<li>Volkswagen up!, 121, 122, 6A1, 6A5, 6A6, BL1, BL2<\/li>\n<\/ul>\n<p><\/p>","protected":false},"excerpt":{"rendered":"<p><b>OEM:<\/b> N9083380N908-338-01<\/p>\n<p><b>Dimensiune F:<\/b> 7.5<br \/><b>Dimensiune H:<\/b> 13.8<br \/><b>Dimensiune T:<\/b> 15<\/p>\n","protected":false},"featured_media":7586,"template":"","meta":[],"product_cat":[25,105],"product_tag":[],"bundled_by":[],"bundle_stock_status":"instock","bundle_stock_quantity":null,"bundle_virtual":false,"bundle_layout":"","bundle_add_to_cart_form_location":"","bundle_editable_in_cart":false,"bundle_sold_individually_context":"","bundle_item_grouping":"","bundle_min_size":"","bundle_max_size":"","bundled_items":[],"yoast_head":"<!-- This site is optimized with the Yoast SEO Premium plugin v16.6 (Yoast SEO v20.1) - https:\/\/yoast.com\/wordpress\/plugins\/seo\/ -->\n<title>C0895 - Autoclipsuri, Inserturi - atg.md<\/title>\n<meta name=\"robots\" content=\"index, follow, max-snippet:-1, max-image-preview:large, max-video-preview:-1\" \/>\n<link rel=\"canonical\" href=\"https:\/\/atg.md\/ro\/catalog\/autoclipsuri\/vstavki\/c0895\/\" \/>\n<meta property=\"og:locale\" content=\"ro_RO\" \/>\n<meta property=\"og:type\" content=\"article\" \/>\n<meta property=\"og:title\" content=\"C0895 - Autoclipsuri, Inserturi - atg.md\" \/>\n<meta property=\"og:description\" content=\"OEM: N9083380N908-338-01Dimensiune F: 7.5Dimensiune H: 13.8Dimensiune T: 15\" \/>\n<meta property=\"og:url\" content=\"https:\/\/atg.md\/ro\/wp-json\/wp\/v2\/product\/7585\" \/>\n<meta property=\"og:site_name\" content=\"atg.md\" \/>\n<meta property=\"article:modified_time\" content=\"2024-07-05T07:04:53+00:00\" \/>\n<meta property=\"og:image\" content=\"https:\/\/atg.md\/wp-content\/uploads\/2021\/03\/c0895.jpg\" \/>\n\t<meta property=\"og:image:width\" content=\"600\" \/>\n\t<meta property=\"og:image:height\" content=\"600\" \/>\n\t<meta property=\"og:image:type\" content=\"image\/jpeg\" \/>\n<meta name=\"twitter:card\" content=\"summary_large_image\" \/>\n<meta name=\"twitter:label1\" content=\"Pre\u021b\" \/>\n\t<meta name=\"twitter:data1\" content=\"6.00&nbsp;MDL\" \/>\n\t<meta name=\"twitter:label2\" content=\"Availability\" \/>\n\t<meta name=\"twitter:data2\" content=\"In stock\" \/>\n<script type=\"application\/ld+json\" class=\"yoast-schema-graph\">{\"@context\":\"https:\/\/schema.org\",\"@graph\":[{\"@type\":\"WebPage\",\"@id\":\"https:\/\/atg.md\/ro\/catalog\/autoclipsuri\/vstavki\/c0895\/\",\"url\":\"https:\/\/atg.md\/ro\/catalog\/autoclipsuri\/vstavki\/c0895\/\",\"name\":\"C0895 - Autoclipsuri, Inserturi - atg.md\",\"isPartOf\":{\"@id\":\"https:\/\/atg.md\/ro\/#website\"},\"datePublished\":\"2021-03-30T09:10:47+00:00\",\"dateModified\":\"2024-07-05T07:04:53+00:00\",\"breadcrumb\":{\"@id\":\"https:\/\/atg.md\/ro\/catalog\/autoclipsuri\/vstavki\/c0895\/#breadcrumb\"},\"inLanguage\":\"ro-RO\",\"potentialAction\":[{\"@type\":\"ReadAction\",\"target\":[[\"https:\/\/atg.md\/ro\/catalog\/autoclipsuri\/vstavki\/c0895\/\"]]}]},{\"@type\":\"BreadcrumbList\",\"@id\":\"https:\/\/atg.md\/ro\/catalog\/autoclipsuri\/vstavki\/c0895\/#breadcrumb\",\"itemListElement\":[{\"@type\":\"ListItem\",\"position\":1,\"name\":\"Home\",\"item\":\"https:\/\/atg.md\/ro\/\"},{\"@type\":\"ListItem\",\"position\":2,\"name\":\"\u041a\u0430\u0442\u0430\u043b\u043e\u0433\",\"item\":\"https:\/\/atg.md\/ro\/catalog\/\"},{\"@type\":\"ListItem\",\"position\":3,\"name\":\"C0895\"}]},{\"@type\":\"WebSite\",\"@id\":\"https:\/\/atg.md\/ro\/#website\",\"url\":\"https:\/\/atg.md\/ro\/\",\"name\":\"atg.md\",\"description\":\"V\u00e2nzare de izola\u021bii \u00eempotriva vibra\u021biilor pentru ma\u0219ini, izola\u021bie termic\u0103, izolare fonic\u0103 de la cei mai buni produc\u0103tori, autoclipsuri, elemente de fixare auto. Cump\u0103ra\u021bi \u00een Moldova, Chi\u0219in\u0103u\",\"publisher\":{\"@id\":\"https:\/\/atg.md\/ro\/#organization\"},\"potentialAction\":[{\"@type\":\"SearchAction\",\"target\":{\"@type\":\"EntryPoint\",\"urlTemplate\":\"https:\/\/atg.md\/ro\/?s={search_term_string}\"},\"query-input\":\"required name=search_term_string\"}],\"inLanguage\":\"ro-RO\"},{\"@type\":[\"Organization\",\"Place\",\"AutoPartsStore\"],\"@id\":\"https:\/\/atg.md\/ro\/#organization\",\"name\":\"S.C. AUTOTOM GRUP S.R.L.\",\"url\":\"https:\/\/atg.md\/ro\/\",\"logo\":{\"@type\":\"ImageObject\",\"inLanguage\":\"ro-RO\",\"@id\":\"https:\/\/atg.md\/ro\/#\/schema\/logo\/image\/\",\"url\":\"https:\/\/i2.wp.com\/atg.md\/wp-content\/uploads\/2021\/05\/atg_logo_main.png?fit=656%2C569&ssl=1\",\"contentUrl\":\"https:\/\/i2.wp.com\/atg.md\/wp-content\/uploads\/2021\/05\/atg_logo_main.png?fit=656%2C569&ssl=1\",\"width\":656,\"height\":569,\"caption\":\"S.C. AUTOTOM GRUP S.R.L.\"},\"image\":{\"@id\":\"https:\/\/atg.md\/ro\/#\/schema\/logo\/image\/\"},\"location\":{\"@id\":\"https:\/\/atg.md\/ro\/catalog\/autoclipsuri\/vstavki\/c0895\/#local-place\"},\"address\":{\"@id\":\"https:\/\/atg.md\/ro\/catalog\/autoclipsuri\/vstavki\/c0895\/#local-place-address\"},\"email\":\"atgtvv@gmail.com\",\"telephone\":\"+37369644446\",\"areaServed\":\"Moldova\"},{\"@type\":\"Place\",\"@id\":\"https:\/\/atg.md\/ro\/catalog\/autoclipsuri\/vstavki\/c0895\/#local-place\",\"address\":{\"@type\":\"PostalAddress\",\"@id\":\"https:\/\/atg.md\/ro\/catalog\/autoclipsuri\/vstavki\/c0895\/#local-place-address\",\"streetAddress\":\"str. Alba-Iulia 77\/20\",\"addressLocality\":\"Chisinau\",\"postalCode\":\"2043\",\"addressRegion\":\"mun. Chisinau\",\"addressCountry\":\"MD\"},\"geo\":{\"@type\":\"GeoCoordinates\",\"latitude\":\"47.0376\",\"longitude\":\"28.76899\"},\"openingHoursSpecification\":[{\"@type\":\"OpeningHoursSpecification\",\"dayOfWeek\":[\"Monday\",\"Tuesday\",\"Wednesday\",\"Thursday\",\"Friday\"],\"opens\":\"09:00\",\"closes\":\"18:00\"},{\"@type\":\"OpeningHoursSpecification\",\"dayOfWeek\":[\"Saturday\"],\"opens\":\"09:00\",\"closes\":\"14:00\"},{\"@type\":\"OpeningHoursSpecification\",\"dayOfWeek\":[\"Sunday\"],\"opens\":\"00:00\",\"closes\":\"00:00\"}],\"telephone\":\"+37369644446\"}]}<\/script>\n<meta name=\"geo.placename\" content=\"Chisinau\" \/>\n<meta name=\"geo.position\" content=\"47.0376;28.76899\" \/>\n<meta name=\"geo.region\" content=\"Moldova\" \/>\n<!-- \/ Yoast SEO Premium plugin. -->","yoast_head_json":{"title":"C0895 - Autoclipsuri, Inserturi - atg.md","robots":{"index":"index","follow":"follow","max-snippet":"max-snippet:-1","max-image-preview":"max-image-preview:large","max-video-preview":"max-video-preview:-1"},"canonical":"https:\/\/atg.md\/ro\/catalog\/autoclipsuri\/vstavki\/c0895\/","og_locale":"ro_RO","og_type":"article","og_title":"C0895 - Autoclipsuri, Inserturi - atg.md","og_description":"OEM: N9083380N908-338-01Dimensiune F: 7.5Dimensiune H: 13.8Dimensiune T: 15","og_url":"https:\/\/atg.md\/ro\/wp-json\/wp\/v2\/product\/7585","og_site_name":"atg.md","article_modified_time":"2024-07-05T07:04:53+00:00","og_image":[{"width":600,"height":600,"url":"https:\/\/atg.md\/wp-content\/uploads\/2021\/03\/c0895.jpg","type":"image\/jpeg"}],"twitter_card":"summary_large_image","twitter_misc":{"Pre\u021b":"6.00&nbsp;MDL","Availability":"In stock"},"schema":{"@context":"https:\/\/schema.org","@graph":[{"@type":"WebPage","@id":"https:\/\/atg.md\/ro\/catalog\/autoclipsuri\/vstavki\/c0895\/","url":"https:\/\/atg.md\/ro\/catalog\/autoclipsuri\/vstavki\/c0895\/","name":"C0895 - Autoclipsuri, Inserturi - atg.md","isPartOf":{"@id":"https:\/\/atg.md\/ro\/#website"},"datePublished":"2021-03-30T09:10:47+00:00","dateModified":"2024-07-05T07:04:53+00:00","breadcrumb":{"@id":"https:\/\/atg.md\/ro\/catalog\/autoclipsuri\/vstavki\/c0895\/#breadcrumb"},"inLanguage":"ro-RO","potentialAction":[{"@type":"ReadAction","target":[["https:\/\/atg.md\/ro\/catalog\/autoclipsuri\/vstavki\/c0895\/"]]}]},{"@type":"BreadcrumbList","@id":"https:\/\/atg.md\/ro\/catalog\/autoclipsuri\/vstavki\/c0895\/#breadcrumb","itemListElement":[{"@type":"ListItem","position":1,"name":"Home","item":"https:\/\/atg.md\/ro\/"},{"@type":"ListItem","position":2,"name":"\u041a\u0430\u0442\u0430\u043b\u043e\u0433","item":"https:\/\/atg.md\/ro\/catalog\/"},{"@type":"ListItem","position":3,"name":"C0895"}]},{"@type":"WebSite","@id":"https:\/\/atg.md\/ro\/#website","url":"https:\/\/atg.md\/ro\/","name":"atg.md","description":"V\u00e2nzare de izola\u021bii \u00eempotriva vibra\u021biilor pentru ma\u0219ini, izola\u021bie termic\u0103, izolare fonic\u0103 de la cei mai buni produc\u0103tori, autoclipsuri, elemente de fixare auto. Cump\u0103ra\u021bi \u00een Moldova, Chi\u0219in\u0103u","publisher":{"@id":"https:\/\/atg.md\/ro\/#organization"},"potentialAction":[{"@type":"SearchAction","target":{"@type":"EntryPoint","urlTemplate":"https:\/\/atg.md\/ro\/?s={search_term_string}"},"query-input":"required name=search_term_string"}],"inLanguage":"ro-RO"},{"@type":["Organization","Place","AutoPartsStore"],"@id":"https:\/\/atg.md\/ro\/#organization","name":"S.C. AUTOTOM GRUP S.R.L.","url":"https:\/\/atg.md\/ro\/","logo":{"@type":"ImageObject","inLanguage":"ro-RO","@id":"https:\/\/atg.md\/ro\/#\/schema\/logo\/image\/","url":"https:\/\/i2.wp.com\/atg.md\/wp-content\/uploads\/2021\/05\/atg_logo_main.png?fit=656%2C569&ssl=1","contentUrl":"https:\/\/i2.wp.com\/atg.md\/wp-content\/uploads\/2021\/05\/atg_logo_main.png?fit=656%2C569&ssl=1","width":656,"height":569,"caption":"S.C. AUTOTOM GRUP S.R.L."},"image":{"@id":"https:\/\/atg.md\/ro\/#\/schema\/logo\/image\/"},"location":{"@id":"https:\/\/atg.md\/ro\/catalog\/autoclipsuri\/vstavki\/c0895\/#local-place"},"address":{"@id":"https:\/\/atg.md\/ro\/catalog\/autoclipsuri\/vstavki\/c0895\/#local-place-address"},"email":"atgtvv@gmail.com","telephone":"+37369644446","areaServed":"Moldova"},{"@type":"Place","@id":"https:\/\/atg.md\/ro\/catalog\/autoclipsuri\/vstavki\/c0895\/#local-place","address":{"@type":"PostalAddress","@id":"https:\/\/atg.md\/ro\/catalog\/autoclipsuri\/vstavki\/c0895\/#local-place-address","streetAddress":"str. Alba-Iulia 77\/20","addressLocality":"Chisinau","postalCode":"2043","addressRegion":"mun. Chisinau","addressCountry":"MD"},"geo":{"@type":"GeoCoordinates","latitude":"47.0376","longitude":"28.76899"},"openingHoursSpecification":[{"@type":"OpeningHoursSpecification","dayOfWeek":["Monday","Tuesday","Wednesday","Thursday","Friday"],"opens":"09:00","closes":"18:00"},{"@type":"OpeningHoursSpecification","dayOfWeek":["Saturday"],"opens":"09:00","closes":"14:00"},{"@type":"OpeningHoursSpecification","dayOfWeek":["Sunday"],"opens":"00:00","closes":"00:00"}],"telephone":"+37369644446"}]}},"_links":{"self":[{"href":"https:\/\/atg.md\/ro\/wp-json\/wp\/v2\/product\/7585"}],"collection":[{"href":"https:\/\/atg.md\/ro\/wp-json\/wp\/v2\/product"}],"about":[{"href":"https:\/\/atg.md\/ro\/wp-json\/wp\/v2\/types\/product"}],"wp:featuredmedia":[{"embeddable":true,"href":"https:\/\/atg.md\/ro\/wp-json\/wp\/v2\/media\/7586"}],"wp:attachment":[{"href":"https:\/\/atg.md\/ro\/wp-json\/wp\/v2\/media?parent=7585"}],"wp:term":[{"taxonomy":"product_cat","embeddable":true,"href":"https:\/\/atg.md\/ro\/wp-json\/wp\/v2\/product_cat?post=7585"},{"taxonomy":"product_tag","embeddable":true,"href":"https:\/\/atg.md\/ro\/wp-json\/wp\/v2\/product_tag?post=7585"}],"curies":[{"name":"wp","href":"https:\/\/api.w.org\/{rel}","templated":true}]}}