{"id":7581,"date":"2021-03-30T09:10:47","date_gmt":"2021-03-30T09:10:47","guid":{"rendered":"http:\/\/atg.md\/product\/c0893\/"},"modified":"2024-07-05T07:04:52","modified_gmt":"2024-07-05T07:04:52","slug":"c0893","status":"publish","type":"product","link":"https:\/\/atg.md\/ro\/catalog\/autoclipsuri\/s-nazhimnym-shtyrkom\/c0893\/","title":{"rendered":"C0893"},"content":{"rendered":"<p><strong>Modele:<\/strong><\/p>\n<ul>\n<li>Lexus ES200, ASV60, ASV61, AVV60, GSV60<\/li>\n<li>Lexus ES250, ASV60, ASV61, AVV60, GSV60<\/li>\n<li>Lexus ES300, MCV30, MCV31<\/li>\n<li>Lexus ES300h, ASV60, ASV61, AVV60, GSV60<\/li>\n<li>Lexus ES330, MCV30, MCV31<\/li>\n<li>Lexus ES350, ACV40, ASV60, ASV61, AVV60, GSV40, GSV60<\/li>\n<li>Lexus GS300, GRS190, GRS191, GRS195, GRS196, URS190, UZS190<\/li>\n<li>Lexus GS430, GRS190, GRS191, GRS195, GRS196, URS190, UZS190<\/li>\n<li>Lexus GS450h, GWS191<\/li>\n<li>Lexus GS460, GRS190, GRS191, GRS195, GRS196, URS190, UZS190<\/li>\n<li>Lexus IS F, USE20<\/li>\n<li>Lexus IS200d, ALE20, GSE20, GSE21<\/li>\n<li>Lexus IS220d, ALE20, GSE20<\/li>\n<li>Lexus IS250, ALE20, GSE20, GSE21, GSE22, GSE25, GSE26<\/li>\n<li>Lexus IS250C, GSE20, GSE21, GSE22<\/li>\n<li>Lexus IS300, GSE20, GSE22<\/li>\n<li>Lexus IS350, ALE20, GSE20, GSE21, GSE25, GSE26<\/li>\n<li>Lexus IS350C, GSE20, GSE21<\/li>\n<li>Lexus LS460, USF40, USF41, USF45, USF46<\/li>\n<li>Lexus LS460L, USF40, USF41, USF45, USF46<\/li>\n<li>Lexus LS600h, UVF45, UVF46<\/li>\n<li>Lexus LS600hL, UVF45, UVF46<\/li>\n<li>Lexus RX300, GSU35, MCU35, MCU38<\/li>\n<li>Lexus RX330, GSU30, GSU35, MCU33, MCU35, MCU38<\/li>\n<li>Lexus RX400h, MHU33, MHU38<\/li>\n<li>Scion xD, ZSP110<\/li>\n<li>Toyota 4Runner, GRN280, GRN285<\/li>\n<li>Toyota Alphard, ANH20, ANH20W, ANH25, ANH25W, ATH20, ATH20W, GGH20, GGH20W, GGH25, GGH25W<\/li>\n<li>Toyota Aqua, NHP10, NHP10H<\/li>\n<li>Toyota Aurion, ACV40, ASV50, AVV50, GSV40, GSV50<\/li>\n<li>Toyota Auris, ADE150, ADE157, NDE150, NZE151, NZE151H, NZE154, NZE154H, NZE181, NZE181H, NZE184, NZE184H, ZRE151, ZRE152, ZRE152H, ZRE154, ZRE154H, ZRE186, ZRE186H, ZZE150<\/li>\n<li>Toyota Avalon, AVX40, GSX30, GSX40, MCX20<\/li>\n<li>Toyota Avensis, ADT250, ADT251, AZT250, AZT250L, AZT250W, AZT251, AZT251L, AZT251W, AZT255, AZT255W, CDT250, ZRT272, ZRT272W, ZZT250, ZZT251, ZZT251L<\/li>\n<li>Toyota Aygo, KGB10, WNB10<\/li>\n<li>Toyota Belta, KSP92, NCP96, SCP92<\/li>\n<li>Toyota Blade, AZE154, AZE154H, AZE156, AZE156H, GRE156, GRE156H<\/li>\n<li>Toyota Camry, ACV30, ACV30L, ACV31, ACV35, ACV40, ACV41, ACV51, AHV40, ASV40, ASV50, ASV51, AVV50, GSV40, GSV50, MCV30, MCV30L, MCV31<\/li>\n<li>Toyota Coaster, BB40, BB40R, BB46, BB55, BB58, BZB40, BZB50, HDB50, HDB51, HZB40, HZB41, HZB46, HZB50, HZB50L, HZB50R, HZB56, XZB40, XZB46<\/li>\n<li>Toyota Corolla Axio, CE140, NDE140, NKE165, NZE140, NZE161, NZE164, ZRE162, ZZE142<\/li>\n<li>Toyota Corolla Fielder, NKE165, NKE165G, NZE161, NZE161G, NZE164, NZE164G, ZRE162, ZRE162G<\/li>\n<li>Toyota Corolla Verso, AUR10, CUR10, ZNR10, ZNR11, ZNR11L<\/li>\n<li>Toyota Corolla, ADE150, AZE141, CDE120, CE140, NDE120, NDE150, NZE141, ZRE142, ZRE151, ZRE152, ZZE120, ZZE120L, ZZE121, ZZE121L, ZZE123, ZZE123L, ZZE141, ZZE142, ZZE150<\/li>\n<li>Toyota Crown Majesta, URS206, UZS207<\/li>\n<li>Toyota Crown, AWS210, GRS200, GRS201, GRS202, GRS203, GRS204, GRS210, GRS211, GRS214, GWS204, GWS214<\/li>\n<li>Toyota Esquire, ZRR80, ZRR80G, ZRR85, ZRR85G<\/li>\n<li>Toyota Estima, ACR50, ACR50W, ACR55, ACR55W, AHR20, AHR20W, GSR50, GSR50W, GSR55, GSR55W<\/li>\n<li>Toyota Harrier, ACU30, ACU30W, ACU35, ACU35W, AVU65, AVU65W, GSU30, GSU30W, GSU31, GSU31W, GSU35, GSU35W, GSU36, GSU36W, MCU30, MCU30W, MCU31, MCU31W, MCU35, MCU35W, MCU36, MCU36W, MHU38, MHU38W, ZSU60, ZSU60W, ZSU65, ZSU65W<\/li>\n<li>Toyota Hiace, KDH200, KDH200K, KDH200V, KDH201, KDH201K, KDH201V, KDH202, KDH202L, KDH203, KDH205, KDH205V, KDH212, KDH212L, KDH220, KDH220K, KDH221, KDH221K, KDH222, KDH222B, KDH222L, KDH223, KDH223B, KDH223L, KLH12, KLH18, KLH22, KLH28, LH200, LH202, LH212, LH222, LXH12, LXH18, LXH22, LXH28, RCH12, RCH13, RCH18, RCH19, RCH22, RCH23, RCH28, RCH29, TRH200, TRH200K, TRH200V, TRH201, TRH203, TRH203L, TRH213, TRH213L, TRH214, TRH214W, TRH219, TRH219W, TRH221, TRH221K, TRH223, TRH223B, TRH223L<\/li>\n<li>Toyota Highlander, ACU20, ACU20L, ACU25, ACU25L, ASU40, ASU50, ASU50L, ASU55, GSU40, GSU40L, GSU45, GSU50, GSU55, GSU55L, GVU48, GVU58, MCU20, MCU20L, MCU23, MCU23L, MCU25, MCU25L, MCU28, MCU28L, MHU23, MHU28, MHU48<\/li>\n<li>Toyota Isis, ANM10, ANM10G, ANM10W, ANM15, ANM15G, ANM15W, ZGM10, ZGM10G, ZGM10W, ZGM11, ZGM11G, ZGM11W, ZGM15, ZGM15G, ZGM15W, ZNM10, ZNM10G, ZNM10W<\/li>\n<li>Toyota Kluger V, ACU20, ACU20W, ACU25, ACU25W, ASU50, GSU40, GSU45, GSU50, GSU55, MCU20, MCU20W, MCU25, MCU25W, MCU28, MHU28, MHU28W<\/li>\n<li>Toyota Land Cruiser Prado, GRJ120, GRJ120W, GRJ121, GRJ121W, GRJ150, GRJ150L, GRJ150W, GRJ151, GRJ151W, KDJ120, KDJ120W, KDJ121, KDJ121W, KDJ125, KDJ125W, RZJ120, RZJ120W, RZJ125, RZJ125W, TRJ120, TRJ120W, TRJ125, TRJ125W, TRJ150, TRJ150L, TRJ150W, VZJ120, VZJ120W, VZJ121, VZJ121W, VZJ125, VZJ125W<\/li>\n<li>Toyota Mark II Wagon Qualis<\/li>\n<li>Toyota Mark X, ANA10, ANA15, GGA10, GRX130, GRX133, GRX135<\/li>\n<li>Toyota Matrix, AZE141, AZE141L, AZE144, AZE144L, AZE146, AZE146L, ZRE142, ZRE142L<\/li>\n<li>Toyota Noah, ZRR70, ZRR70G, ZRR70W, ZRR75, ZRR75G, ZRR75W, ZRR80, ZRR80G, ZRR80W, ZRR85, ZRR85G, ZRR85W<\/li>\n<li>Toyota Porte, NCP141, NCP145, NSP140<\/li>\n<li>Toyota Previa, ACR50, GSR50<\/li>\n<li>Toyota Prius C, NHP10<\/li>\n<li>Toyota Prius a, ZVW40, ZVW40W, ZVW41, ZVW41W<\/li>\n<li>Toyota Prius, ZVW35<\/li>\n<li>Toyota RAV4, ACA30, ACA31, ACA31W, ACA33, ACA36, ACA36W, ACA38, ALA30, GSA33, GSA38<\/li>\n<li>Toyota Regius Ace, KDH200, KDH200K, KDH200V, KDH201, KDH201K, KDH201V, KDH205, KDH205V, KDH206, KDH206K, KDH206V, KDH211, KDH211K, KDH220, KDH220K, KDH221, KDH221K, KDH222, KDH223, KDH223B, KDH225, KDH225K, KDH227, TRH200, TRH200K, TRH200V, TRH211, TRH211K, TRH214, TRH216, TRH216K, TRH219, TRH221, TRH221K, TRH223, TRH223B, TRH224, TRH226, TRH226K, TRH228, TRH228B, TRH229<\/li>\n<li>Toyota Sai, AZK10<\/li>\n<li>Toyota Scion, ZSP110<\/li>\n<li>Toyota Sequoia, UCK60, UCK60L, UCK65, UCK65L, USK60, USK65<\/li>\n<li>Toyota Sienna, ASL30, GSL30, GSL33, GSL35<\/li>\n<\/ul>\n<p><\/p>","protected":false},"excerpt":{"rendered":"<p><b>OEM:<\/b> 90467-07209046707201<\/p>\n<p><b>Dimensiune F:<\/b> 6.9<br \/><b>Dimensiune H:<\/b> 14.1<br \/><b>Dimensiune T:<\/b> 20.6<\/p>\n","protected":false},"featured_media":7582,"template":"","meta":[],"product_cat":[25,125],"product_tag":[],"bundled_by":[],"bundle_stock_status":"instock","bundle_stock_quantity":null,"bundle_virtual":false,"bundle_layout":"","bundle_add_to_cart_form_location":"","bundle_editable_in_cart":false,"bundle_sold_individually_context":"","bundle_item_grouping":"","bundle_min_size":"","bundle_max_size":"","bundled_items":[],"yoast_head":"<!-- This site is optimized with the Yoast SEO Premium plugin v16.6 (Yoast SEO v20.1) - https:\/\/yoast.com\/wordpress\/plugins\/seo\/ -->\n<title>C0893 - Autoclipsuri, Cu un ac de \u00eempingere - atg.md<\/title>\n<meta name=\"robots\" content=\"index, follow, max-snippet:-1, max-image-preview:large, max-video-preview:-1\" \/>\n<link rel=\"canonical\" href=\"https:\/\/atg.md\/ro\/catalog\/autoclipsuri\/s-nazhimnym-shtyrkom\/c0893\/\" \/>\n<meta property=\"og:locale\" content=\"ro_RO\" \/>\n<meta property=\"og:type\" content=\"article\" \/>\n<meta property=\"og:title\" content=\"C0893 - Autoclipsuri, Cu un ac de \u00eempingere - atg.md\" \/>\n<meta property=\"og:description\" content=\"OEM: 90467-07209046707201Dimensiune F: 6.9Dimensiune H: 14.1Dimensiune T: 20.6\" \/>\n<meta property=\"og:url\" content=\"https:\/\/atg.md\/ro\/wp-json\/wp\/v2\/product\/7581\" \/>\n<meta property=\"og:site_name\" content=\"atg.md\" \/>\n<meta property=\"article:modified_time\" content=\"2024-07-05T07:04:52+00:00\" \/>\n<meta property=\"og:image\" content=\"https:\/\/atg.md\/wp-content\/uploads\/2021\/03\/c0893.jpg\" \/>\n\t<meta property=\"og:image:width\" content=\"600\" \/>\n\t<meta property=\"og:image:height\" content=\"600\" \/>\n\t<meta property=\"og:image:type\" content=\"image\/jpeg\" \/>\n<meta name=\"twitter:card\" content=\"summary_large_image\" \/>\n<meta name=\"twitter:label1\" content=\"Pre\u021b\" \/>\n\t<meta name=\"twitter:data1\" content=\"7.00&nbsp;MDL\" \/>\n\t<meta name=\"twitter:label2\" content=\"Availability\" \/>\n\t<meta name=\"twitter:data2\" content=\"In stock\" \/>\n<script type=\"application\/ld+json\" class=\"yoast-schema-graph\">{\"@context\":\"https:\/\/schema.org\",\"@graph\":[{\"@type\":\"WebPage\",\"@id\":\"https:\/\/atg.md\/ro\/catalog\/autoclipsuri\/s-nazhimnym-shtyrkom\/c0893\/\",\"url\":\"https:\/\/atg.md\/ro\/catalog\/autoclipsuri\/s-nazhimnym-shtyrkom\/c0893\/\",\"name\":\"C0893 - Autoclipsuri, Cu un ac de \u00eempingere - atg.md\",\"isPartOf\":{\"@id\":\"https:\/\/atg.md\/ro\/#website\"},\"datePublished\":\"2021-03-30T09:10:47+00:00\",\"dateModified\":\"2024-07-05T07:04:52+00:00\",\"breadcrumb\":{\"@id\":\"https:\/\/atg.md\/ro\/catalog\/autoclipsuri\/s-nazhimnym-shtyrkom\/c0893\/#breadcrumb\"},\"inLanguage\":\"ro-RO\",\"potentialAction\":[{\"@type\":\"ReadAction\",\"target\":[[\"https:\/\/atg.md\/ro\/catalog\/autoclipsuri\/s-nazhimnym-shtyrkom\/c0893\/\"]]}]},{\"@type\":\"BreadcrumbList\",\"@id\":\"https:\/\/atg.md\/ro\/catalog\/autoclipsuri\/s-nazhimnym-shtyrkom\/c0893\/#breadcrumb\",\"itemListElement\":[{\"@type\":\"ListItem\",\"position\":1,\"name\":\"Home\",\"item\":\"https:\/\/atg.md\/ro\/\"},{\"@type\":\"ListItem\",\"position\":2,\"name\":\"\u041a\u0430\u0442\u0430\u043b\u043e\u0433\",\"item\":\"https:\/\/atg.md\/ro\/catalog\/\"},{\"@type\":\"ListItem\",\"position\":3,\"name\":\"C0893\"}]},{\"@type\":\"WebSite\",\"@id\":\"https:\/\/atg.md\/ro\/#website\",\"url\":\"https:\/\/atg.md\/ro\/\",\"name\":\"atg.md\",\"description\":\"V\u00e2nzare de izola\u021bii \u00eempotriva vibra\u021biilor pentru ma\u0219ini, izola\u021bie termic\u0103, izolare fonic\u0103 de la cei mai buni produc\u0103tori, autoclipsuri, elemente de fixare auto. Cump\u0103ra\u021bi \u00een Moldova, Chi\u0219in\u0103u\",\"publisher\":{\"@id\":\"https:\/\/atg.md\/ro\/#organization\"},\"potentialAction\":[{\"@type\":\"SearchAction\",\"target\":{\"@type\":\"EntryPoint\",\"urlTemplate\":\"https:\/\/atg.md\/ro\/?s={search_term_string}\"},\"query-input\":\"required name=search_term_string\"}],\"inLanguage\":\"ro-RO\"},{\"@type\":[\"Organization\",\"Place\",\"AutoPartsStore\"],\"@id\":\"https:\/\/atg.md\/ro\/#organization\",\"name\":\"S.C. AUTOTOM GRUP S.R.L.\",\"url\":\"https:\/\/atg.md\/ro\/\",\"logo\":{\"@type\":\"ImageObject\",\"inLanguage\":\"ro-RO\",\"@id\":\"https:\/\/atg.md\/ro\/#\/schema\/logo\/image\/\",\"url\":\"https:\/\/i2.wp.com\/atg.md\/wp-content\/uploads\/2021\/05\/atg_logo_main.png?fit=656%2C569&ssl=1\",\"contentUrl\":\"https:\/\/i2.wp.com\/atg.md\/wp-content\/uploads\/2021\/05\/atg_logo_main.png?fit=656%2C569&ssl=1\",\"width\":656,\"height\":569,\"caption\":\"S.C. AUTOTOM GRUP S.R.L.\"},\"image\":{\"@id\":\"https:\/\/atg.md\/ro\/#\/schema\/logo\/image\/\"},\"location\":{\"@id\":\"https:\/\/atg.md\/ro\/catalog\/autoclipsuri\/s-nazhimnym-shtyrkom\/c0893\/#local-place\"},\"address\":{\"@id\":\"https:\/\/atg.md\/ro\/catalog\/autoclipsuri\/s-nazhimnym-shtyrkom\/c0893\/#local-place-address\"},\"email\":\"atgtvv@gmail.com\",\"telephone\":\"+37369644446\",\"areaServed\":\"Moldova\"},{\"@type\":\"Place\",\"@id\":\"https:\/\/atg.md\/ro\/catalog\/autoclipsuri\/s-nazhimnym-shtyrkom\/c0893\/#local-place\",\"address\":{\"@type\":\"PostalAddress\",\"@id\":\"https:\/\/atg.md\/ro\/catalog\/autoclipsuri\/s-nazhimnym-shtyrkom\/c0893\/#local-place-address\",\"streetAddress\":\"str. Alba-Iulia 77\/20\",\"addressLocality\":\"Chisinau\",\"postalCode\":\"2043\",\"addressRegion\":\"mun. Chisinau\",\"addressCountry\":\"MD\"},\"geo\":{\"@type\":\"GeoCoordinates\",\"latitude\":\"47.0376\",\"longitude\":\"28.76899\"},\"openingHoursSpecification\":[{\"@type\":\"OpeningHoursSpecification\",\"dayOfWeek\":[\"Monday\",\"Tuesday\",\"Wednesday\",\"Thursday\",\"Friday\"],\"opens\":\"09:00\",\"closes\":\"18:00\"},{\"@type\":\"OpeningHoursSpecification\",\"dayOfWeek\":[\"Saturday\"],\"opens\":\"09:00\",\"closes\":\"14:00\"},{\"@type\":\"OpeningHoursSpecification\",\"dayOfWeek\":[\"Sunday\"],\"opens\":\"00:00\",\"closes\":\"00:00\"}],\"telephone\":\"+37369644446\"}]}<\/script>\n<meta name=\"geo.placename\" content=\"Chisinau\" \/>\n<meta name=\"geo.position\" content=\"47.0376;28.76899\" \/>\n<meta name=\"geo.region\" content=\"Moldova\" \/>\n<!-- \/ Yoast SEO Premium plugin. -->","yoast_head_json":{"title":"C0893 - Autoclipsuri, Cu un ac de \u00eempingere - atg.md","robots":{"index":"index","follow":"follow","max-snippet":"max-snippet:-1","max-image-preview":"max-image-preview:large","max-video-preview":"max-video-preview:-1"},"canonical":"https:\/\/atg.md\/ro\/catalog\/autoclipsuri\/s-nazhimnym-shtyrkom\/c0893\/","og_locale":"ro_RO","og_type":"article","og_title":"C0893 - Autoclipsuri, Cu un ac de \u00eempingere - atg.md","og_description":"OEM: 90467-07209046707201Dimensiune F: 6.9Dimensiune H: 14.1Dimensiune T: 20.6","og_url":"https:\/\/atg.md\/ro\/wp-json\/wp\/v2\/product\/7581","og_site_name":"atg.md","article_modified_time":"2024-07-05T07:04:52+00:00","og_image":[{"width":600,"height":600,"url":"https:\/\/atg.md\/wp-content\/uploads\/2021\/03\/c0893.jpg","type":"image\/jpeg"}],"twitter_card":"summary_large_image","twitter_misc":{"Pre\u021b":"7.00&nbsp;MDL","Availability":"In stock"},"schema":{"@context":"https:\/\/schema.org","@graph":[{"@type":"WebPage","@id":"https:\/\/atg.md\/ro\/catalog\/autoclipsuri\/s-nazhimnym-shtyrkom\/c0893\/","url":"https:\/\/atg.md\/ro\/catalog\/autoclipsuri\/s-nazhimnym-shtyrkom\/c0893\/","name":"C0893 - Autoclipsuri, Cu un ac de \u00eempingere - atg.md","isPartOf":{"@id":"https:\/\/atg.md\/ro\/#website"},"datePublished":"2021-03-30T09:10:47+00:00","dateModified":"2024-07-05T07:04:52+00:00","breadcrumb":{"@id":"https:\/\/atg.md\/ro\/catalog\/autoclipsuri\/s-nazhimnym-shtyrkom\/c0893\/#breadcrumb"},"inLanguage":"ro-RO","potentialAction":[{"@type":"ReadAction","target":[["https:\/\/atg.md\/ro\/catalog\/autoclipsuri\/s-nazhimnym-shtyrkom\/c0893\/"]]}]},{"@type":"BreadcrumbList","@id":"https:\/\/atg.md\/ro\/catalog\/autoclipsuri\/s-nazhimnym-shtyrkom\/c0893\/#breadcrumb","itemListElement":[{"@type":"ListItem","position":1,"name":"Home","item":"https:\/\/atg.md\/ro\/"},{"@type":"ListItem","position":2,"name":"\u041a\u0430\u0442\u0430\u043b\u043e\u0433","item":"https:\/\/atg.md\/ro\/catalog\/"},{"@type":"ListItem","position":3,"name":"C0893"}]},{"@type":"WebSite","@id":"https:\/\/atg.md\/ro\/#website","url":"https:\/\/atg.md\/ro\/","name":"atg.md","description":"V\u00e2nzare de izola\u021bii \u00eempotriva vibra\u021biilor pentru ma\u0219ini, izola\u021bie termic\u0103, izolare fonic\u0103 de la cei mai buni produc\u0103tori, autoclipsuri, elemente de fixare auto. Cump\u0103ra\u021bi \u00een Moldova, Chi\u0219in\u0103u","publisher":{"@id":"https:\/\/atg.md\/ro\/#organization"},"potentialAction":[{"@type":"SearchAction","target":{"@type":"EntryPoint","urlTemplate":"https:\/\/atg.md\/ro\/?s={search_term_string}"},"query-input":"required name=search_term_string"}],"inLanguage":"ro-RO"},{"@type":["Organization","Place","AutoPartsStore"],"@id":"https:\/\/atg.md\/ro\/#organization","name":"S.C. AUTOTOM GRUP S.R.L.","url":"https:\/\/atg.md\/ro\/","logo":{"@type":"ImageObject","inLanguage":"ro-RO","@id":"https:\/\/atg.md\/ro\/#\/schema\/logo\/image\/","url":"https:\/\/i2.wp.com\/atg.md\/wp-content\/uploads\/2021\/05\/atg_logo_main.png?fit=656%2C569&ssl=1","contentUrl":"https:\/\/i2.wp.com\/atg.md\/wp-content\/uploads\/2021\/05\/atg_logo_main.png?fit=656%2C569&ssl=1","width":656,"height":569,"caption":"S.C. AUTOTOM GRUP S.R.L."},"image":{"@id":"https:\/\/atg.md\/ro\/#\/schema\/logo\/image\/"},"location":{"@id":"https:\/\/atg.md\/ro\/catalog\/autoclipsuri\/s-nazhimnym-shtyrkom\/c0893\/#local-place"},"address":{"@id":"https:\/\/atg.md\/ro\/catalog\/autoclipsuri\/s-nazhimnym-shtyrkom\/c0893\/#local-place-address"},"email":"atgtvv@gmail.com","telephone":"+37369644446","areaServed":"Moldova"},{"@type":"Place","@id":"https:\/\/atg.md\/ro\/catalog\/autoclipsuri\/s-nazhimnym-shtyrkom\/c0893\/#local-place","address":{"@type":"PostalAddress","@id":"https:\/\/atg.md\/ro\/catalog\/autoclipsuri\/s-nazhimnym-shtyrkom\/c0893\/#local-place-address","streetAddress":"str. Alba-Iulia 77\/20","addressLocality":"Chisinau","postalCode":"2043","addressRegion":"mun. Chisinau","addressCountry":"MD"},"geo":{"@type":"GeoCoordinates","latitude":"47.0376","longitude":"28.76899"},"openingHoursSpecification":[{"@type":"OpeningHoursSpecification","dayOfWeek":["Monday","Tuesday","Wednesday","Thursday","Friday"],"opens":"09:00","closes":"18:00"},{"@type":"OpeningHoursSpecification","dayOfWeek":["Saturday"],"opens":"09:00","closes":"14:00"},{"@type":"OpeningHoursSpecification","dayOfWeek":["Sunday"],"opens":"00:00","closes":"00:00"}],"telephone":"+37369644446"}]}},"_links":{"self":[{"href":"https:\/\/atg.md\/ro\/wp-json\/wp\/v2\/product\/7581"}],"collection":[{"href":"https:\/\/atg.md\/ro\/wp-json\/wp\/v2\/product"}],"about":[{"href":"https:\/\/atg.md\/ro\/wp-json\/wp\/v2\/types\/product"}],"wp:featuredmedia":[{"embeddable":true,"href":"https:\/\/atg.md\/ro\/wp-json\/wp\/v2\/media\/7582"}],"wp:attachment":[{"href":"https:\/\/atg.md\/ro\/wp-json\/wp\/v2\/media?parent=7581"}],"wp:term":[{"taxonomy":"product_cat","embeddable":true,"href":"https:\/\/atg.md\/ro\/wp-json\/wp\/v2\/product_cat?post=7581"},{"taxonomy":"product_tag","embeddable":true,"href":"https:\/\/atg.md\/ro\/wp-json\/wp\/v2\/product_tag?post=7581"}],"curies":[{"name":"wp","href":"https:\/\/api.w.org\/{rel}","templated":true}]}}