{"id":7575,"date":"2021-03-30T09:10:47","date_gmt":"2021-03-30T09:10:47","guid":{"rendered":"http:\/\/atg.md\/product\/c0888\/"},"modified":"2024-07-05T07:04:50","modified_gmt":"2024-07-05T07:04:50","slug":"c0888","status":"publish","type":"product","link":"https:\/\/atg.md\/ro\/catalog\/autoclipsuri\/s-nazhimnym-shtyrkom\/c0888\/","title":{"rendered":"C0888"},"content":{"rendered":"<p><strong>Modele:<\/strong><\/p>\n<ul>\n<li>Infiniti FX30d, CLS51, S51<\/li>\n<li>Infiniti FX35, CLS51, S50, S51<\/li>\n<li>Infiniti FX37, CLS51, S51<\/li>\n<li>Infiniti FX45, S50<\/li>\n<li>Infiniti FX50, CLS51, S51<\/li>\n<li>Infiniti G37, CV37<\/li>\n<li>Infiniti M25, Y51, Y51HV<\/li>\n<li>Infiniti M35 Hybrid, Y51HV<\/li>\n<li>Infiniti M35, Y50, Y51, Y51HV<\/li>\n<li>Infiniti M37, Y51, Y51HV<\/li>\n<li>Infiniti M45, Y50, Y51, Y51HV<\/li>\n<li>Infiniti M56, Y51, Y51HV<\/li>\n<li>Infiniti Q50, V37<\/li>\n<li>Infiniti Q50L, V37Z<\/li>\n<li>Infiniti Q60, CV37<\/li>\n<li>Infiniti Q70, Y51, Y51HV<\/li>\n<li>Infiniti QX56, Z62<\/li>\n<li>Infiniti QX70, CLS51, S51<\/li>\n<li>Infiniti QX80, Z62<\/li>\n<li>Nissan 370Z, Z34<\/li>\n<li>Nissan Altima, CL32, L31, L32, L32HV, L33<\/li>\n<li>Nissan Atlas, SQ1F24, SQ2F24, SZ1F24, SZ2F24, SZ4F24, SZ5F24, TZ2F24, TZ3F24<\/li>\n<li>Nissan Bluebird Sylphy, FG10, QG10, QNG10, TG10<\/li>\n<li>Nissan Cabstar, F24, F24M, F24W<\/li>\n<li>Nissan Cedric, HY34, MY34, Y34<\/li>\n<li>Nissan Cube Cubic, BGZ11<\/li>\n<li>Nissan Cube, BNZ11, BZ11, YZ11<\/li>\n<li>Nissan Dualis, KJ10, KNJ10<\/li>\n<li>Nissan Fairlady Z, Z34<\/li>\n<li>Nissan Fuga, PNY50, PY50, Y50<\/li>\n<li>Nissan Gloria, HY34, MY34, Y34<\/li>\n<li>Nissan Juke, F15, F15E, F15N, JF15<\/li>\n<li>Nissan Kicks, P15B, P15X, P15Z<\/li>\n<li>Nissan Lafesta, B30, NB30<\/li>\n<li>Nissan Latio, C11L, N17X, SC11<\/li>\n<li>Nissan March, AK12, BK12, BNK12, K12, K13T, K13X, YK12<\/li>\n<li>Nissan Maxima, A34, A35, A36, A36Z<\/li>\n<li>Nissan Micra C+C, CK12E, FHZK12<\/li>\n<li>Nissan Micra, K12E, K13K, K13X, K14FR<\/li>\n<li>Nissan Murano, CZ51, PNZ51, TNZ51, Z51, Z51R, Z51Z, Z52R<\/li>\n<li>Nissan NV200, M20XY<\/li>\n<li>Nissan Note, E11, E11E, NE11, ZE11<\/li>\n<li>Nissan Pulsar, N16<\/li>\n<li>Nissan Qashqai+2, JJ10E<\/li>\n<li>Nissan Qashqai, J10E<\/li>\n<li>Nissan Quest, V42<\/li>\n<li>Nissan Sentra, B16U, B16X<\/li>\n<li>Nissan Serena, C25, NC25<\/li>\n<li>Nissan Sunny, G10<\/li>\n<li>Nissan Teana, J31, J32R, L33L, L33LL, L33R, L33T, L33Z, PJ31<\/li>\n<li>Nissan Tiida Latio, C11T, SC11<\/li>\n<li>Nissan Tiida, C11, C11T, SC11T<\/li>\n<li>Nissan Titan, A60<\/li>\n<li>Nissan e-NV200, ME0M<\/li>\n<li>Renault Koleos<\/li>\n<\/ul>\n<p><\/p>","protected":false},"excerpt":{"rendered":"<p><b>OEM:<\/b> 11296-AG000, 11296AG000<\/p>\n<p><b>Dimensiune F:<\/b> 8<br \/><b>Dimensiune H:<\/b> 19<br \/><b>Dimensiune T:<\/b> 14<\/p>\n","protected":false},"featured_media":7576,"template":"","meta":[],"product_cat":[25,125],"product_tag":[],"bundled_by":[],"bundle_stock_status":"instock","bundle_stock_quantity":null,"bundle_virtual":false,"bundle_layout":"","bundle_add_to_cart_form_location":"","bundle_editable_in_cart":false,"bundle_sold_individually_context":"","bundle_item_grouping":"","bundle_min_size":"","bundle_max_size":"","bundled_items":[],"yoast_head":"<!-- This site is optimized with the Yoast SEO Premium plugin v16.6 (Yoast SEO v20.1) - https:\/\/yoast.com\/wordpress\/plugins\/seo\/ -->\n<title>C0888 - Autoclipsuri, Cu un ac de \u00eempingere - atg.md<\/title>\n<meta name=\"robots\" content=\"index, follow, max-snippet:-1, max-image-preview:large, max-video-preview:-1\" \/>\n<link rel=\"canonical\" href=\"https:\/\/atg.md\/ro\/catalog\/autoclipsuri\/s-nazhimnym-shtyrkom\/c0888\/\" \/>\n<meta property=\"og:locale\" content=\"ro_RO\" \/>\n<meta property=\"og:type\" content=\"article\" \/>\n<meta property=\"og:title\" content=\"C0888 - Autoclipsuri, Cu un ac de \u00eempingere - atg.md\" \/>\n<meta property=\"og:description\" content=\"OEM: 11296-AG000, 11296AG000Dimensiune F: 8Dimensiune H: 19Dimensiune T: 14\" \/>\n<meta property=\"og:url\" content=\"https:\/\/atg.md\/ro\/wp-json\/wp\/v2\/product\/7575\" \/>\n<meta property=\"og:site_name\" content=\"atg.md\" \/>\n<meta property=\"article:modified_time\" content=\"2024-07-05T07:04:50+00:00\" \/>\n<meta property=\"og:image\" content=\"https:\/\/atg.md\/wp-content\/uploads\/2021\/03\/c0888.jpg\" \/>\n\t<meta property=\"og:image:width\" content=\"600\" \/>\n\t<meta property=\"og:image:height\" content=\"600\" \/>\n\t<meta property=\"og:image:type\" content=\"image\/jpeg\" \/>\n<meta name=\"twitter:card\" content=\"summary_large_image\" \/>\n<meta name=\"twitter:label1\" content=\"Pre\u021b\" \/>\n\t<meta name=\"twitter:data1\" content=\"7.00&nbsp;MDL\" \/>\n\t<meta name=\"twitter:label2\" content=\"Availability\" \/>\n\t<meta name=\"twitter:data2\" content=\"In stock\" \/>\n<script type=\"application\/ld+json\" class=\"yoast-schema-graph\">{\"@context\":\"https:\/\/schema.org\",\"@graph\":[{\"@type\":\"WebPage\",\"@id\":\"https:\/\/atg.md\/ro\/catalog\/autoclipsuri\/s-nazhimnym-shtyrkom\/c0888\/\",\"url\":\"https:\/\/atg.md\/ro\/catalog\/autoclipsuri\/s-nazhimnym-shtyrkom\/c0888\/\",\"name\":\"C0888 - Autoclipsuri, Cu un ac de \u00eempingere - atg.md\",\"isPartOf\":{\"@id\":\"https:\/\/atg.md\/ro\/#website\"},\"datePublished\":\"2021-03-30T09:10:47+00:00\",\"dateModified\":\"2024-07-05T07:04:50+00:00\",\"breadcrumb\":{\"@id\":\"https:\/\/atg.md\/ro\/catalog\/autoclipsuri\/s-nazhimnym-shtyrkom\/c0888\/#breadcrumb\"},\"inLanguage\":\"ro-RO\",\"potentialAction\":[{\"@type\":\"ReadAction\",\"target\":[[\"https:\/\/atg.md\/ro\/catalog\/autoclipsuri\/s-nazhimnym-shtyrkom\/c0888\/\"]]}]},{\"@type\":\"BreadcrumbList\",\"@id\":\"https:\/\/atg.md\/ro\/catalog\/autoclipsuri\/s-nazhimnym-shtyrkom\/c0888\/#breadcrumb\",\"itemListElement\":[{\"@type\":\"ListItem\",\"position\":1,\"name\":\"Home\",\"item\":\"https:\/\/atg.md\/ro\/\"},{\"@type\":\"ListItem\",\"position\":2,\"name\":\"\u041a\u0430\u0442\u0430\u043b\u043e\u0433\",\"item\":\"https:\/\/atg.md\/ro\/catalog\/\"},{\"@type\":\"ListItem\",\"position\":3,\"name\":\"C0888\"}]},{\"@type\":\"WebSite\",\"@id\":\"https:\/\/atg.md\/ro\/#website\",\"url\":\"https:\/\/atg.md\/ro\/\",\"name\":\"atg.md\",\"description\":\"V\u00e2nzare de izola\u021bii \u00eempotriva vibra\u021biilor pentru ma\u0219ini, izola\u021bie termic\u0103, izolare fonic\u0103 de la cei mai buni produc\u0103tori, autoclipsuri, elemente de fixare auto. Cump\u0103ra\u021bi \u00een Moldova, Chi\u0219in\u0103u\",\"publisher\":{\"@id\":\"https:\/\/atg.md\/ro\/#organization\"},\"potentialAction\":[{\"@type\":\"SearchAction\",\"target\":{\"@type\":\"EntryPoint\",\"urlTemplate\":\"https:\/\/atg.md\/ro\/?s={search_term_string}\"},\"query-input\":\"required name=search_term_string\"}],\"inLanguage\":\"ro-RO\"},{\"@type\":[\"Organization\",\"Place\",\"AutoPartsStore\"],\"@id\":\"https:\/\/atg.md\/ro\/#organization\",\"name\":\"S.C. AUTOTOM GRUP S.R.L.\",\"url\":\"https:\/\/atg.md\/ro\/\",\"logo\":{\"@type\":\"ImageObject\",\"inLanguage\":\"ro-RO\",\"@id\":\"https:\/\/atg.md\/ro\/#\/schema\/logo\/image\/\",\"url\":\"https:\/\/i2.wp.com\/atg.md\/wp-content\/uploads\/2021\/05\/atg_logo_main.png?fit=656%2C569&ssl=1\",\"contentUrl\":\"https:\/\/i2.wp.com\/atg.md\/wp-content\/uploads\/2021\/05\/atg_logo_main.png?fit=656%2C569&ssl=1\",\"width\":656,\"height\":569,\"caption\":\"S.C. AUTOTOM GRUP S.R.L.\"},\"image\":{\"@id\":\"https:\/\/atg.md\/ro\/#\/schema\/logo\/image\/\"},\"location\":{\"@id\":\"https:\/\/atg.md\/ro\/catalog\/autoclipsuri\/s-nazhimnym-shtyrkom\/c0888\/#local-place\"},\"address\":{\"@id\":\"https:\/\/atg.md\/ro\/catalog\/autoclipsuri\/s-nazhimnym-shtyrkom\/c0888\/#local-place-address\"},\"email\":\"atgtvv@gmail.com\",\"telephone\":\"+37369644446\",\"areaServed\":\"Moldova\"},{\"@type\":\"Place\",\"@id\":\"https:\/\/atg.md\/ro\/catalog\/autoclipsuri\/s-nazhimnym-shtyrkom\/c0888\/#local-place\",\"address\":{\"@type\":\"PostalAddress\",\"@id\":\"https:\/\/atg.md\/ro\/catalog\/autoclipsuri\/s-nazhimnym-shtyrkom\/c0888\/#local-place-address\",\"streetAddress\":\"str. Alba-Iulia 77\/20\",\"addressLocality\":\"Chisinau\",\"postalCode\":\"2043\",\"addressRegion\":\"mun. Chisinau\",\"addressCountry\":\"MD\"},\"geo\":{\"@type\":\"GeoCoordinates\",\"latitude\":\"47.0376\",\"longitude\":\"28.76899\"},\"openingHoursSpecification\":[{\"@type\":\"OpeningHoursSpecification\",\"dayOfWeek\":[\"Monday\",\"Tuesday\",\"Wednesday\",\"Thursday\",\"Friday\"],\"opens\":\"09:00\",\"closes\":\"18:00\"},{\"@type\":\"OpeningHoursSpecification\",\"dayOfWeek\":[\"Saturday\"],\"opens\":\"09:00\",\"closes\":\"14:00\"},{\"@type\":\"OpeningHoursSpecification\",\"dayOfWeek\":[\"Sunday\"],\"opens\":\"00:00\",\"closes\":\"00:00\"}],\"telephone\":\"+37369644446\"}]}<\/script>\n<meta name=\"geo.placename\" content=\"Chisinau\" \/>\n<meta name=\"geo.position\" content=\"47.0376;28.76899\" \/>\n<meta name=\"geo.region\" content=\"Moldova\" \/>\n<!-- \/ Yoast SEO Premium plugin. -->","yoast_head_json":{"title":"C0888 - Autoclipsuri, Cu un ac de \u00eempingere - atg.md","robots":{"index":"index","follow":"follow","max-snippet":"max-snippet:-1","max-image-preview":"max-image-preview:large","max-video-preview":"max-video-preview:-1"},"canonical":"https:\/\/atg.md\/ro\/catalog\/autoclipsuri\/s-nazhimnym-shtyrkom\/c0888\/","og_locale":"ro_RO","og_type":"article","og_title":"C0888 - Autoclipsuri, Cu un ac de \u00eempingere - atg.md","og_description":"OEM: 11296-AG000, 11296AG000Dimensiune F: 8Dimensiune H: 19Dimensiune T: 14","og_url":"https:\/\/atg.md\/ro\/wp-json\/wp\/v2\/product\/7575","og_site_name":"atg.md","article_modified_time":"2024-07-05T07:04:50+00:00","og_image":[{"width":600,"height":600,"url":"https:\/\/atg.md\/wp-content\/uploads\/2021\/03\/c0888.jpg","type":"image\/jpeg"}],"twitter_card":"summary_large_image","twitter_misc":{"Pre\u021b":"7.00&nbsp;MDL","Availability":"In stock"},"schema":{"@context":"https:\/\/schema.org","@graph":[{"@type":"WebPage","@id":"https:\/\/atg.md\/ro\/catalog\/autoclipsuri\/s-nazhimnym-shtyrkom\/c0888\/","url":"https:\/\/atg.md\/ro\/catalog\/autoclipsuri\/s-nazhimnym-shtyrkom\/c0888\/","name":"C0888 - Autoclipsuri, Cu un ac de \u00eempingere - atg.md","isPartOf":{"@id":"https:\/\/atg.md\/ro\/#website"},"datePublished":"2021-03-30T09:10:47+00:00","dateModified":"2024-07-05T07:04:50+00:00","breadcrumb":{"@id":"https:\/\/atg.md\/ro\/catalog\/autoclipsuri\/s-nazhimnym-shtyrkom\/c0888\/#breadcrumb"},"inLanguage":"ro-RO","potentialAction":[{"@type":"ReadAction","target":[["https:\/\/atg.md\/ro\/catalog\/autoclipsuri\/s-nazhimnym-shtyrkom\/c0888\/"]]}]},{"@type":"BreadcrumbList","@id":"https:\/\/atg.md\/ro\/catalog\/autoclipsuri\/s-nazhimnym-shtyrkom\/c0888\/#breadcrumb","itemListElement":[{"@type":"ListItem","position":1,"name":"Home","item":"https:\/\/atg.md\/ro\/"},{"@type":"ListItem","position":2,"name":"\u041a\u0430\u0442\u0430\u043b\u043e\u0433","item":"https:\/\/atg.md\/ro\/catalog\/"},{"@type":"ListItem","position":3,"name":"C0888"}]},{"@type":"WebSite","@id":"https:\/\/atg.md\/ro\/#website","url":"https:\/\/atg.md\/ro\/","name":"atg.md","description":"V\u00e2nzare de izola\u021bii \u00eempotriva vibra\u021biilor pentru ma\u0219ini, izola\u021bie termic\u0103, izolare fonic\u0103 de la cei mai buni produc\u0103tori, autoclipsuri, elemente de fixare auto. Cump\u0103ra\u021bi \u00een Moldova, Chi\u0219in\u0103u","publisher":{"@id":"https:\/\/atg.md\/ro\/#organization"},"potentialAction":[{"@type":"SearchAction","target":{"@type":"EntryPoint","urlTemplate":"https:\/\/atg.md\/ro\/?s={search_term_string}"},"query-input":"required name=search_term_string"}],"inLanguage":"ro-RO"},{"@type":["Organization","Place","AutoPartsStore"],"@id":"https:\/\/atg.md\/ro\/#organization","name":"S.C. AUTOTOM GRUP S.R.L.","url":"https:\/\/atg.md\/ro\/","logo":{"@type":"ImageObject","inLanguage":"ro-RO","@id":"https:\/\/atg.md\/ro\/#\/schema\/logo\/image\/","url":"https:\/\/i2.wp.com\/atg.md\/wp-content\/uploads\/2021\/05\/atg_logo_main.png?fit=656%2C569&ssl=1","contentUrl":"https:\/\/i2.wp.com\/atg.md\/wp-content\/uploads\/2021\/05\/atg_logo_main.png?fit=656%2C569&ssl=1","width":656,"height":569,"caption":"S.C. AUTOTOM GRUP S.R.L."},"image":{"@id":"https:\/\/atg.md\/ro\/#\/schema\/logo\/image\/"},"location":{"@id":"https:\/\/atg.md\/ro\/catalog\/autoclipsuri\/s-nazhimnym-shtyrkom\/c0888\/#local-place"},"address":{"@id":"https:\/\/atg.md\/ro\/catalog\/autoclipsuri\/s-nazhimnym-shtyrkom\/c0888\/#local-place-address"},"email":"atgtvv@gmail.com","telephone":"+37369644446","areaServed":"Moldova"},{"@type":"Place","@id":"https:\/\/atg.md\/ro\/catalog\/autoclipsuri\/s-nazhimnym-shtyrkom\/c0888\/#local-place","address":{"@type":"PostalAddress","@id":"https:\/\/atg.md\/ro\/catalog\/autoclipsuri\/s-nazhimnym-shtyrkom\/c0888\/#local-place-address","streetAddress":"str. Alba-Iulia 77\/20","addressLocality":"Chisinau","postalCode":"2043","addressRegion":"mun. Chisinau","addressCountry":"MD"},"geo":{"@type":"GeoCoordinates","latitude":"47.0376","longitude":"28.76899"},"openingHoursSpecification":[{"@type":"OpeningHoursSpecification","dayOfWeek":["Monday","Tuesday","Wednesday","Thursday","Friday"],"opens":"09:00","closes":"18:00"},{"@type":"OpeningHoursSpecification","dayOfWeek":["Saturday"],"opens":"09:00","closes":"14:00"},{"@type":"OpeningHoursSpecification","dayOfWeek":["Sunday"],"opens":"00:00","closes":"00:00"}],"telephone":"+37369644446"}]}},"_links":{"self":[{"href":"https:\/\/atg.md\/ro\/wp-json\/wp\/v2\/product\/7575"}],"collection":[{"href":"https:\/\/atg.md\/ro\/wp-json\/wp\/v2\/product"}],"about":[{"href":"https:\/\/atg.md\/ro\/wp-json\/wp\/v2\/types\/product"}],"wp:featuredmedia":[{"embeddable":true,"href":"https:\/\/atg.md\/ro\/wp-json\/wp\/v2\/media\/7576"}],"wp:attachment":[{"href":"https:\/\/atg.md\/ro\/wp-json\/wp\/v2\/media?parent=7575"}],"wp:term":[{"taxonomy":"product_cat","embeddable":true,"href":"https:\/\/atg.md\/ro\/wp-json\/wp\/v2\/product_cat?post=7575"},{"taxonomy":"product_tag","embeddable":true,"href":"https:\/\/atg.md\/ro\/wp-json\/wp\/v2\/product_tag?post=7575"}],"curies":[{"name":"wp","href":"https:\/\/api.w.org\/{rel}","templated":true}]}}