{"id":7571,"date":"2021-03-30T09:10:47","date_gmt":"2021-03-30T09:10:47","guid":{"rendered":"http:\/\/atg.md\/product\/c0886\/"},"modified":"2024-07-05T07:04:50","modified_gmt":"2024-07-05T07:04:50","slug":"c0886","status":"publish","type":"product","link":"https:\/\/atg.md\/ro\/catalog\/autoclipsuri\/s-nazhimnym-shtyrkom\/c0886\/","title":{"rendered":"C0886"},"content":{"rendered":"<p><strong>Modele:<\/strong><\/p>\n<ul>\n<li>Audi A1, 8XF, 8XK<\/li>\n<li>Audi A3, 8P1, 8P7, 8PA, 8V1, 8V7, 8VA, 8VE, 8VF, 8VK, 8VM, 8VS<\/li>\n<li>Audi A4 allroad quattro, 8KH<\/li>\n<li>Audi A4, 8E2, 8E5, 8EC, 8ED, 8H7, 8HE, 8K2, 8K5, 8W2, 8W5, 8WH<\/li>\n<li>Audi A5, 8F7, 8T3, 8TA, F53, F57, F5A<\/li>\n<li>Audi A6 allroad quattro, 4FH, 4GH, 4GJ<\/li>\n<li>Audi A6, 4F2, 4F2\/C6, 4F5, 4F5\/C6, 4G2, 4G2\/C7, 4G5, 4G5\/C7, 4G5\/\u04217, 4GC, 4GD<\/li>\n<li>Audi A7, 4GA, 4GF<\/li>\n<li>Audi A8, 4H2, 4H8, 4HC, 4HL<\/li>\n<li>Audi Q2, GAB<\/li>\n<li>Audi Q3, 8UB, 8UG<\/li>\n<li>Audi Q5, 8RB<\/li>\n<li>Audi R8, 4S3, 4S9<\/li>\n<li>Audi RS Q3, 8UB<\/li>\n<li>Audi RS3, 8PA, 8VA, 8VF, 8VM<\/li>\n<li>Audi RS4, 8HE, 8K5<\/li>\n<li>Audi RS5, 8F7, 8T3<\/li>\n<li>Audi RS6, 4F2, 4F5, 4G5, 4G5\/C7, 4GD<\/li>\n<li>Audi RS7, 4GA, 4GF<\/li>\n<li>Audi S3, 8P1, 8PA, 8V1, 8VA, 8VF, 8VK, 8VM, 8VS<\/li>\n<li>Audi S4, 8E2, 8E5, 8EC, 8ED, 8H7, 8HE, 8K2, 8K5, 8W2, 8W5, 8WH<\/li>\n<li>Audi S5, 8F7, 8T3, 8TA, F53, F57, F5A<\/li>\n<li>Audi S6, 4F2, 4F5, 4G2, 4G2\/C7, 4G5, 4G5\/C7, 4GC, 4GD<\/li>\n<li>Audi S8, 4H2, 4H8, 4HC, 4HL<\/li>\n<li>Audi TT RS, 8J3, 8J9, FV3, FV9<\/li>\n<li>Audi TT, 8J3, 8J9, FV3, FV9<\/li>\n<li>Audi TTS, 8J3, 8J9, FV3, FV9<\/li>\n<li>Renault Scenic<\/li>\n<li>Seat Altea, 5P1, 5P5, 5P8<\/li>\n<li>Seat Ateca, KH0<\/li>\n<li>Seat Cordoba, 6L2, 6L5<\/li>\n<li>Seat Exeo, 3R2, 3R5<\/li>\n<li>Seat Ibiza, 6L1<\/li>\n<li>Seat Leon, 1P1, 5F1, 5F5, 5F8<\/li>\n<li>Seat Toledo, 5P2<\/li>\n<li>Skoda Kodiaq, NS7<\/li>\n<li>Skoda Octavia, 1Z3, 1Z5, 5E3, 5E5, 933, NL3, NR3<\/li>\n<li>Skoda Superb, 3T4, 3T5, 3V3, 3V5<\/li>\n<li>Skoda Yeti, 5L6, 5L7, 676, 677<\/li>\n<li>Volkswagen Arteon, 3H7<\/li>\n<li>Volkswagen Golf, 1K1, 1K5, 521, 5G1, 5K1, 5M1, AJ5, AM1, BA5, BQ1, BV5<\/li>\n<li>Volkswagen Jetta, 162, 163, 1K2, AV2, AV3, AY2, AY3<\/li>\n<li>Volkswagen Passat CC, 357, 358<\/li>\n<li>Volkswagen Passat, 362, 365, 3C2, 3C5, 3G2, 3G5<\/li>\n<li>Volkswagen Scirocco, 137, 138<\/li>\n<li>Volkswagen Tiguan, 5N1, 5N2, AD1, BT1, BW2<\/li>\n<li>Volkswagen Touran, 1T1, 1T2, 1T3, 5T1<\/li>\n<li>Volkswagen e-Golf, BE1<\/li>\n<li><\/ul>\n<p><\/p>","protected":false},"excerpt":{"rendered":"<p><b>OEM:<\/b> 11518017, W708530-S300, W708530S300<\/p>\n<p><b>Dimensiune F:<\/b> 8<br \/><b>Dimensiune H:<\/b> 29<br \/><b>Dimensiune T:<\/b> 20<\/p>\n","protected":false},"featured_media":7572,"template":"","meta":[],"product_cat":[25,125],"product_tag":[],"bundled_by":[],"bundle_stock_status":"instock","bundle_stock_quantity":null,"bundle_virtual":false,"bundle_layout":"","bundle_add_to_cart_form_location":"","bundle_editable_in_cart":false,"bundle_sold_individually_context":"","bundle_item_grouping":"","bundle_min_size":"","bundle_max_size":"","bundled_items":[],"yoast_head":"<!-- This site is optimized with the Yoast SEO Premium plugin v16.6 (Yoast SEO v20.1) - https:\/\/yoast.com\/wordpress\/plugins\/seo\/ -->\n<title>C0886 - Autoclipsuri, Cu un ac de \u00eempingere - atg.md<\/title>\n<meta name=\"robots\" content=\"index, follow, max-snippet:-1, max-image-preview:large, max-video-preview:-1\" \/>\n<link rel=\"canonical\" href=\"https:\/\/atg.md\/ro\/catalog\/autoclipsuri\/s-nazhimnym-shtyrkom\/c0886\/\" \/>\n<meta property=\"og:locale\" content=\"ro_RO\" \/>\n<meta property=\"og:type\" content=\"article\" \/>\n<meta property=\"og:title\" content=\"C0886 - Autoclipsuri, Cu un ac de \u00eempingere - atg.md\" \/>\n<meta property=\"og:description\" content=\"OEM: 11518017, W708530-S300, W708530S300Dimensiune F: 8Dimensiune H: 29Dimensiune T: 20\" \/>\n<meta property=\"og:url\" content=\"https:\/\/atg.md\/ro\/wp-json\/wp\/v2\/product\/7571\" \/>\n<meta property=\"og:site_name\" content=\"atg.md\" \/>\n<meta property=\"article:modified_time\" content=\"2024-07-05T07:04:50+00:00\" \/>\n<meta property=\"og:image\" content=\"https:\/\/atg.md\/wp-content\/uploads\/2021\/03\/c0886.jpg\" \/>\n\t<meta property=\"og:image:width\" content=\"600\" \/>\n\t<meta property=\"og:image:height\" content=\"600\" \/>\n\t<meta property=\"og:image:type\" content=\"image\/jpeg\" \/>\n<meta name=\"twitter:card\" content=\"summary_large_image\" \/>\n<meta name=\"twitter:label1\" content=\"Pre\u021b\" \/>\n\t<meta name=\"twitter:data1\" content=\"6.00&nbsp;MDL\" \/>\n\t<meta name=\"twitter:label2\" content=\"Availability\" \/>\n\t<meta name=\"twitter:data2\" content=\"In stock\" \/>\n<script type=\"application\/ld+json\" class=\"yoast-schema-graph\">{\"@context\":\"https:\/\/schema.org\",\"@graph\":[{\"@type\":\"WebPage\",\"@id\":\"https:\/\/atg.md\/ro\/catalog\/autoclipsuri\/s-nazhimnym-shtyrkom\/c0886\/\",\"url\":\"https:\/\/atg.md\/ro\/catalog\/autoclipsuri\/s-nazhimnym-shtyrkom\/c0886\/\",\"name\":\"C0886 - Autoclipsuri, Cu un ac de \u00eempingere - atg.md\",\"isPartOf\":{\"@id\":\"https:\/\/atg.md\/ro\/#website\"},\"datePublished\":\"2021-03-30T09:10:47+00:00\",\"dateModified\":\"2024-07-05T07:04:50+00:00\",\"breadcrumb\":{\"@id\":\"https:\/\/atg.md\/ro\/catalog\/autoclipsuri\/s-nazhimnym-shtyrkom\/c0886\/#breadcrumb\"},\"inLanguage\":\"ro-RO\",\"potentialAction\":[{\"@type\":\"ReadAction\",\"target\":[[\"https:\/\/atg.md\/ro\/catalog\/autoclipsuri\/s-nazhimnym-shtyrkom\/c0886\/\"]]}]},{\"@type\":\"BreadcrumbList\",\"@id\":\"https:\/\/atg.md\/ro\/catalog\/autoclipsuri\/s-nazhimnym-shtyrkom\/c0886\/#breadcrumb\",\"itemListElement\":[{\"@type\":\"ListItem\",\"position\":1,\"name\":\"Home\",\"item\":\"https:\/\/atg.md\/ro\/\"},{\"@type\":\"ListItem\",\"position\":2,\"name\":\"\u041a\u0430\u0442\u0430\u043b\u043e\u0433\",\"item\":\"https:\/\/atg.md\/ro\/catalog\/\"},{\"@type\":\"ListItem\",\"position\":3,\"name\":\"C0886\"}]},{\"@type\":\"WebSite\",\"@id\":\"https:\/\/atg.md\/ro\/#website\",\"url\":\"https:\/\/atg.md\/ro\/\",\"name\":\"atg.md\",\"description\":\"V\u00e2nzare de izola\u021bii \u00eempotriva vibra\u021biilor pentru ma\u0219ini, izola\u021bie termic\u0103, izolare fonic\u0103 de la cei mai buni produc\u0103tori, autoclipsuri, elemente de fixare auto. Cump\u0103ra\u021bi \u00een Moldova, Chi\u0219in\u0103u\",\"publisher\":{\"@id\":\"https:\/\/atg.md\/ro\/#organization\"},\"potentialAction\":[{\"@type\":\"SearchAction\",\"target\":{\"@type\":\"EntryPoint\",\"urlTemplate\":\"https:\/\/atg.md\/ro\/?s={search_term_string}\"},\"query-input\":\"required name=search_term_string\"}],\"inLanguage\":\"ro-RO\"},{\"@type\":[\"Organization\",\"Place\",\"AutoPartsStore\"],\"@id\":\"https:\/\/atg.md\/ro\/#organization\",\"name\":\"S.C. AUTOTOM GRUP S.R.L.\",\"url\":\"https:\/\/atg.md\/ro\/\",\"logo\":{\"@type\":\"ImageObject\",\"inLanguage\":\"ro-RO\",\"@id\":\"https:\/\/atg.md\/ro\/#\/schema\/logo\/image\/\",\"url\":\"https:\/\/i2.wp.com\/atg.md\/wp-content\/uploads\/2021\/05\/atg_logo_main.png?fit=656%2C569&ssl=1\",\"contentUrl\":\"https:\/\/i2.wp.com\/atg.md\/wp-content\/uploads\/2021\/05\/atg_logo_main.png?fit=656%2C569&ssl=1\",\"width\":656,\"height\":569,\"caption\":\"S.C. AUTOTOM GRUP S.R.L.\"},\"image\":{\"@id\":\"https:\/\/atg.md\/ro\/#\/schema\/logo\/image\/\"},\"location\":{\"@id\":\"https:\/\/atg.md\/ro\/catalog\/autoclipsuri\/s-nazhimnym-shtyrkom\/c0886\/#local-place\"},\"address\":{\"@id\":\"https:\/\/atg.md\/ro\/catalog\/autoclipsuri\/s-nazhimnym-shtyrkom\/c0886\/#local-place-address\"},\"email\":\"atgtvv@gmail.com\",\"telephone\":\"+37369644446\",\"areaServed\":\"Moldova\"},{\"@type\":\"Place\",\"@id\":\"https:\/\/atg.md\/ro\/catalog\/autoclipsuri\/s-nazhimnym-shtyrkom\/c0886\/#local-place\",\"address\":{\"@type\":\"PostalAddress\",\"@id\":\"https:\/\/atg.md\/ro\/catalog\/autoclipsuri\/s-nazhimnym-shtyrkom\/c0886\/#local-place-address\",\"streetAddress\":\"str. Alba-Iulia 77\/20\",\"addressLocality\":\"Chisinau\",\"postalCode\":\"2043\",\"addressRegion\":\"mun. Chisinau\",\"addressCountry\":\"MD\"},\"geo\":{\"@type\":\"GeoCoordinates\",\"latitude\":\"47.0376\",\"longitude\":\"28.76899\"},\"openingHoursSpecification\":[{\"@type\":\"OpeningHoursSpecification\",\"dayOfWeek\":[\"Monday\",\"Tuesday\",\"Wednesday\",\"Thursday\",\"Friday\"],\"opens\":\"09:00\",\"closes\":\"18:00\"},{\"@type\":\"OpeningHoursSpecification\",\"dayOfWeek\":[\"Saturday\"],\"opens\":\"09:00\",\"closes\":\"14:00\"},{\"@type\":\"OpeningHoursSpecification\",\"dayOfWeek\":[\"Sunday\"],\"opens\":\"00:00\",\"closes\":\"00:00\"}],\"telephone\":\"+37369644446\"}]}<\/script>\n<meta name=\"geo.placename\" content=\"Chisinau\" \/>\n<meta name=\"geo.position\" content=\"47.0376;28.76899\" \/>\n<meta name=\"geo.region\" content=\"Moldova\" \/>\n<!-- \/ Yoast SEO Premium plugin. -->","yoast_head_json":{"title":"C0886 - Autoclipsuri, Cu un ac de \u00eempingere - atg.md","robots":{"index":"index","follow":"follow","max-snippet":"max-snippet:-1","max-image-preview":"max-image-preview:large","max-video-preview":"max-video-preview:-1"},"canonical":"https:\/\/atg.md\/ro\/catalog\/autoclipsuri\/s-nazhimnym-shtyrkom\/c0886\/","og_locale":"ro_RO","og_type":"article","og_title":"C0886 - Autoclipsuri, Cu un ac de \u00eempingere - atg.md","og_description":"OEM: 11518017, W708530-S300, W708530S300Dimensiune F: 8Dimensiune H: 29Dimensiune T: 20","og_url":"https:\/\/atg.md\/ro\/wp-json\/wp\/v2\/product\/7571","og_site_name":"atg.md","article_modified_time":"2024-07-05T07:04:50+00:00","og_image":[{"width":600,"height":600,"url":"https:\/\/atg.md\/wp-content\/uploads\/2021\/03\/c0886.jpg","type":"image\/jpeg"}],"twitter_card":"summary_large_image","twitter_misc":{"Pre\u021b":"6.00&nbsp;MDL","Availability":"In stock"},"schema":{"@context":"https:\/\/schema.org","@graph":[{"@type":"WebPage","@id":"https:\/\/atg.md\/ro\/catalog\/autoclipsuri\/s-nazhimnym-shtyrkom\/c0886\/","url":"https:\/\/atg.md\/ro\/catalog\/autoclipsuri\/s-nazhimnym-shtyrkom\/c0886\/","name":"C0886 - Autoclipsuri, Cu un ac de \u00eempingere - atg.md","isPartOf":{"@id":"https:\/\/atg.md\/ro\/#website"},"datePublished":"2021-03-30T09:10:47+00:00","dateModified":"2024-07-05T07:04:50+00:00","breadcrumb":{"@id":"https:\/\/atg.md\/ro\/catalog\/autoclipsuri\/s-nazhimnym-shtyrkom\/c0886\/#breadcrumb"},"inLanguage":"ro-RO","potentialAction":[{"@type":"ReadAction","target":[["https:\/\/atg.md\/ro\/catalog\/autoclipsuri\/s-nazhimnym-shtyrkom\/c0886\/"]]}]},{"@type":"BreadcrumbList","@id":"https:\/\/atg.md\/ro\/catalog\/autoclipsuri\/s-nazhimnym-shtyrkom\/c0886\/#breadcrumb","itemListElement":[{"@type":"ListItem","position":1,"name":"Home","item":"https:\/\/atg.md\/ro\/"},{"@type":"ListItem","position":2,"name":"\u041a\u0430\u0442\u0430\u043b\u043e\u0433","item":"https:\/\/atg.md\/ro\/catalog\/"},{"@type":"ListItem","position":3,"name":"C0886"}]},{"@type":"WebSite","@id":"https:\/\/atg.md\/ro\/#website","url":"https:\/\/atg.md\/ro\/","name":"atg.md","description":"V\u00e2nzare de izola\u021bii \u00eempotriva vibra\u021biilor pentru ma\u0219ini, izola\u021bie termic\u0103, izolare fonic\u0103 de la cei mai buni produc\u0103tori, autoclipsuri, elemente de fixare auto. Cump\u0103ra\u021bi \u00een Moldova, Chi\u0219in\u0103u","publisher":{"@id":"https:\/\/atg.md\/ro\/#organization"},"potentialAction":[{"@type":"SearchAction","target":{"@type":"EntryPoint","urlTemplate":"https:\/\/atg.md\/ro\/?s={search_term_string}"},"query-input":"required name=search_term_string"}],"inLanguage":"ro-RO"},{"@type":["Organization","Place","AutoPartsStore"],"@id":"https:\/\/atg.md\/ro\/#organization","name":"S.C. AUTOTOM GRUP S.R.L.","url":"https:\/\/atg.md\/ro\/","logo":{"@type":"ImageObject","inLanguage":"ro-RO","@id":"https:\/\/atg.md\/ro\/#\/schema\/logo\/image\/","url":"https:\/\/i2.wp.com\/atg.md\/wp-content\/uploads\/2021\/05\/atg_logo_main.png?fit=656%2C569&ssl=1","contentUrl":"https:\/\/i2.wp.com\/atg.md\/wp-content\/uploads\/2021\/05\/atg_logo_main.png?fit=656%2C569&ssl=1","width":656,"height":569,"caption":"S.C. AUTOTOM GRUP S.R.L."},"image":{"@id":"https:\/\/atg.md\/ro\/#\/schema\/logo\/image\/"},"location":{"@id":"https:\/\/atg.md\/ro\/catalog\/autoclipsuri\/s-nazhimnym-shtyrkom\/c0886\/#local-place"},"address":{"@id":"https:\/\/atg.md\/ro\/catalog\/autoclipsuri\/s-nazhimnym-shtyrkom\/c0886\/#local-place-address"},"email":"atgtvv@gmail.com","telephone":"+37369644446","areaServed":"Moldova"},{"@type":"Place","@id":"https:\/\/atg.md\/ro\/catalog\/autoclipsuri\/s-nazhimnym-shtyrkom\/c0886\/#local-place","address":{"@type":"PostalAddress","@id":"https:\/\/atg.md\/ro\/catalog\/autoclipsuri\/s-nazhimnym-shtyrkom\/c0886\/#local-place-address","streetAddress":"str. Alba-Iulia 77\/20","addressLocality":"Chisinau","postalCode":"2043","addressRegion":"mun. Chisinau","addressCountry":"MD"},"geo":{"@type":"GeoCoordinates","latitude":"47.0376","longitude":"28.76899"},"openingHoursSpecification":[{"@type":"OpeningHoursSpecification","dayOfWeek":["Monday","Tuesday","Wednesday","Thursday","Friday"],"opens":"09:00","closes":"18:00"},{"@type":"OpeningHoursSpecification","dayOfWeek":["Saturday"],"opens":"09:00","closes":"14:00"},{"@type":"OpeningHoursSpecification","dayOfWeek":["Sunday"],"opens":"00:00","closes":"00:00"}],"telephone":"+37369644446"}]}},"_links":{"self":[{"href":"https:\/\/atg.md\/ro\/wp-json\/wp\/v2\/product\/7571"}],"collection":[{"href":"https:\/\/atg.md\/ro\/wp-json\/wp\/v2\/product"}],"about":[{"href":"https:\/\/atg.md\/ro\/wp-json\/wp\/v2\/types\/product"}],"wp:featuredmedia":[{"embeddable":true,"href":"https:\/\/atg.md\/ro\/wp-json\/wp\/v2\/media\/7572"}],"wp:attachment":[{"href":"https:\/\/atg.md\/ro\/wp-json\/wp\/v2\/media?parent=7571"}],"wp:term":[{"taxonomy":"product_cat","embeddable":true,"href":"https:\/\/atg.md\/ro\/wp-json\/wp\/v2\/product_cat?post=7571"},{"taxonomy":"product_tag","embeddable":true,"href":"https:\/\/atg.md\/ro\/wp-json\/wp\/v2\/product_tag?post=7571"}],"curies":[{"name":"wp","href":"https:\/\/api.w.org\/{rel}","templated":true}]}}