{"id":7397,"date":"2021-03-30T09:09:38","date_gmt":"2021-03-30T09:09:38","guid":{"rendered":"http:\/\/atg.md\/product\/c0680\/"},"modified":"2024-07-05T07:04:09","modified_gmt":"2024-07-05T07:04:09","slug":"c0680","status":"publish","type":"product","link":"https:\/\/atg.md\/ro\/catalog\/autoclipsuri\/s-nazhimnym-shtyrkom\/c0680\/","title":{"rendered":"C0680"},"content":{"rendered":"<p><strong>Modele:<\/strong><\/p>\n<ul>\n<li>Honda Civic, ST<\/li>\n<li>Mitsubishi ASX, GA1W, GA2W, GA3W, GA4W, GA6W, GA7W, GA8W<\/li>\n<li>Mitsubishi Airtrek, CU2W, CU4W, CU5W<\/li>\n<li>Mitsubishi Aspire, EA1A, EA3A, EA7A, EC1A, EC3A, EC5A, EC7A<\/li>\n<li>Mitsubishi Bravo, U42V<\/li>\n<li>Mitsubishi Challenger, K94W, K94WG, K96W, K97WG, K99W<\/li>\n<li>Mitsubishi Chariot Grandis, N84W<\/li>\n<li>Mitsubishi Colt Plus, Z21A, Z21W, Z22A, Z22W, Z23A, Z23W, Z24A, Z24W, Z25A, Z26A, Z27A, Z27AG, Z27W, Z27WG, Z28A<\/li>\n<li>Mitsubishi Colt, CJ1A, CJ2A, CJ4A, CJ5A, CK1A, CK2A, CK4A, CK5A, CN9A, CP9A, Z21A, Z21W, Z22A, Z22W, Z23A, Z23W, Z24A, Z24W, Z25A, Z26A, Z27A, Z27AG, Z27W, Z27WG, Z28A, Z31A, Z32A, Z33A, Z33AM, Z34A, Z34AM, Z35A, Z35AM, Z36A, Z37A, Z38A, Z39A, Z39V<\/li>\n<li>Mitsubishi Delica D5, CV1W, CV2W, CV4W, CV5W<\/li>\n<li>Mitsubishi Delica, CV5W, PA3V, PA3W, PA4W, PA5V, PA5W, PB3V, PB4V, PB4W, PB5V, PB5W, PC3W, PC4W, PC5W, PD3W, PD4V, PD4W, PD5V, PD5W, PD6W, PD8W, PE8W, PF6W, PF8W<\/li>\n<li>Mitsubishi Dingo, CQ1A, CQ2A, CQ5A<\/li>\n<li>Mitsubishi Dion, CR5W, CR6W, CR9W<\/li>\n<li>Mitsubishi Eclipse, D52A, D53A<\/li>\n<li>Mitsubishi FTO, DE2A, DE3A<\/li>\n<li>Mitsubishi Galant Fortis, CX3A, CX4A, CX6A, CY3A, CY4A, CY6A, CZ4A<\/li>\n<li>Mitsubishi Galant, EA1A, EA2A, EA2W, EA3A, EA3W, EA4A, EA5A, EA5W, EA6A, EA6W, EA7A, EA8A, EC1A, EC3A, EC5A, EC7A<\/li>\n<li>Mitsubishi Grandis, NA4W, NA8W<\/li>\n<li>Mitsubishi L200, K74T, KA4T, KA5T, KA9T, KB4T, KB5T, KB7T, KB8T, KB9T, KK1T, KK2T, KK3T, KK4T, KL1T, KL2T, KL3T, KL4T<\/li>\n<li>Mitsubishi L400, PA3V, PA3W, PA4W, PA5V, PA5W, PB3V, PB4V, PB5V, PC3W, PC5W, PD3W, PD4V, PD4W, PD5V, PD5W<\/li>\n<li>Mitsubishi Lancer Cedia, CS2A, CS2V, CS2W, CS5A, CS5AR, CS5AZ, CS5W, CS6A, CT9A, CT9W<\/li>\n<li>Mitsubishi Lancer Evolution, CY3A, CY4A, CY6A, CZ4A<\/li>\n<li>Mitsubishi Lancer, CJ1A, CJ2A, CJ4A, CK1A, CK2A, CK4A, CK5AR, CK6A, CK8A, CK8AR, CL2A, CM2A, CM5A, CM8A, CN9A, CP9A, CS1A, CS2A, CS2V, CS2W, CS3A, CS3W, CS5A, CS5AR, CS5AZ, CS5W, CS6A, CS6W, CS7A, CS7W, CS9A, CS9W, CT9A, CT9W, CX1A, CX2A, CX3A, CX4A, CX5A, CX6A, CX8A, CX9A, CY1A, CY2A, CY3A, CY4A, CY5A, CY6A, CY8A, CY9A, CZ4A<\/li>\n<li>Mitsubishi Legnum, EA1W, EA3W, EA4W, EA5W, EA7W, EC1W, EC3W, EC4W, EC5W, EC7W<\/li>\n<li>Mitsubishi Minicab MiEV, U67V, U68T, U68V<\/li>\n<li>Mitsubishi Minicab, U61T, U61TP, U61V, U61W, U62T, U62TP, U62V, U62W, U63W, U64W, U65W, U66W<\/li>\n<li>Mitsubishi Mirage, CJ1A, CJ2A, CJ4A, CJ5A, CK1A, CK2A, CK4A, CK5A, CK5AR, CK6A, CK8A, CK8AR, CL2A, CM2A, CM5A, CM8A, CN9A, CP9A, CQ1A, CQ2A, CQ5A<\/li>\n<li>Mitsubishi Montero Sport, K85W, K86W, K89W, K94W, K96W, K97WG, K99W, KG6W, KH4W, KH6W, KH8W, KH9W, KR1W, KR3W, KR5W, KS1W, KS3W, KS5W<\/li>\n<li>Mitsubishi Montero, H67W, H76W, H77W, V63W, V64W, V65W, V66W, V67W, V68W, V73W, V74W, V75W, V76W, V77W, V78W, V83W, V85W, V86W, V87W, V88V, V88W, V93W, V95W, V96W, V97W, V98V, V98W<\/li>\n<li>Mitsubishi Nativa, K86W, K94W, K96W, K97W, K99W, KG4W, KG6W, KH4W, KH8W, KH9W<\/li>\n<li>Mitsubishi Outlander, CU2W, CU4W, CU5W, CW1W, CW4W, CW5W, CW6W, CW7W, CW8W, GA2W, GA5W, GF2W, GF3W, GF4W, GF6V, GF6W, GF7W, GF8W, GG2W<\/li>\n<li>Mitsubishi Pajero Mini, H53A, H58A<\/li>\n<li>Mitsubishi Pajero Sport, K86W, K96W, K97W, KG4W, KG5W, KG6W, KH4W, KH6W, KH8W, KH9W, KR1W, KR3W, KS1W, KS3W, KS5W<\/li>\n<li>Mitsubishi Pajero iO, H62W, H67W, H72W, H76W, H77W<\/li>\n<li>Mitsubishi Pajero, H67W, H76W, H77W, K94W, K96W, KH4W, KH6W, KH8W, KH9W, KR1W, KR3W, KR5W, KS1W, KS3W, KS5W, V55W, V63W, V64W, V65W, V66W, V67W, V68W, V73W, V74W, V75W, V76W, V77W, V78W, V83W, V85W, V86W, V87W, V88V, V88W, V93W, V95W, V96W, V97W, V98V, V98W<\/li>\n<li>Mitsubishi RVR, GA2W, GA3W, GA4W, GA5W, N23WG<\/li>\n<li>Mitsubishi Strada, KK1T, KK2T, KK3T, KL1T, KL2T, KL3T, KL4T<\/li>\n<li>Mitsubishi Toppo, H82A<\/li>\n<li>Mitsubishi Town Box Wide, U61T, U61TP, U61V, U61W, U62T, U62TP, U62V, U62W, U63W, U64W, U65W, U66W<\/li>\n<li>Mitsubishi Town Box, U61T, U61TP, U61V, U61W, U62T, U62TP, U62V, U62W, U63W, U64W, U65W, U66W<\/li>\n<li>Mitsubishi Triton, KB9T, KK1T, KK2T, KK3T, KL1T, KL2T, KL3T, KL4T<\/li>\n<li>Mitsubishi eK Space, B11A<\/li>\n<li>Mitsubishi eK-Wagon, B11W, H81W, H82W<\/li>\n<li>Mitsubishi ek Custom, B11W, H81W, H82W<\/li>\n<li>Mitsubishi i, HA1W<\/li>\n<li>Mitsubishi i-MiEV, HA3V, HA3W, HA4V, HA4W, HA4WLDD, HA4WLDDB<\/li>\n<\/ul>\n<p><\/p>","protected":false},"excerpt":{"rendered":"<p><b>OEM:<\/b> MR200300, MR200300, TQ696D09<\/p>\n<p><b>Dimensiune F:<\/b> 9<br \/><b>Dimensiune H:<\/b> 16<br \/><b>Dimensiune T:<\/b> 18<\/p>\n","protected":false},"featured_media":7398,"template":"","meta":[],"product_cat":[25,125],"product_tag":[],"bundled_by":[],"bundle_stock_status":"instock","bundle_stock_quantity":null,"bundle_virtual":false,"bundle_layout":"","bundle_add_to_cart_form_location":"","bundle_editable_in_cart":false,"bundle_sold_individually_context":"","bundle_item_grouping":"","bundle_min_size":"","bundle_max_size":"","bundled_items":[],"yoast_head":"<!-- This site is optimized with the Yoast SEO Premium plugin v16.6 (Yoast SEO v20.1) - https:\/\/yoast.com\/wordpress\/plugins\/seo\/ -->\n<title>C0680 - Autoclipsuri, Cu un ac de \u00eempingere - atg.md<\/title>\n<meta name=\"robots\" content=\"index, follow, max-snippet:-1, max-image-preview:large, max-video-preview:-1\" \/>\n<link rel=\"canonical\" href=\"https:\/\/atg.md\/ro\/catalog\/autoclipsuri\/s-nazhimnym-shtyrkom\/c0680\/\" \/>\n<meta property=\"og:locale\" content=\"ro_RO\" \/>\n<meta property=\"og:type\" content=\"article\" \/>\n<meta property=\"og:title\" content=\"C0680 - Autoclipsuri, Cu un ac de \u00eempingere - atg.md\" \/>\n<meta property=\"og:description\" content=\"OEM: MR200300, MR200300, TQ696D09Dimensiune F: 9Dimensiune H: 16Dimensiune T: 18\" \/>\n<meta property=\"og:url\" content=\"https:\/\/atg.md\/ro\/wp-json\/wp\/v2\/product\/7397\" \/>\n<meta property=\"og:site_name\" content=\"atg.md\" \/>\n<meta property=\"article:modified_time\" content=\"2024-07-05T07:04:09+00:00\" \/>\n<meta property=\"og:image\" content=\"https:\/\/atg.md\/wp-content\/uploads\/2021\/03\/c0680.jpg\" \/>\n\t<meta property=\"og:image:width\" content=\"600\" \/>\n\t<meta property=\"og:image:height\" content=\"600\" \/>\n\t<meta property=\"og:image:type\" content=\"image\/jpeg\" \/>\n<meta name=\"twitter:card\" content=\"summary_large_image\" \/>\n<meta name=\"twitter:label1\" content=\"Pre\u021b\" \/>\n\t<meta name=\"twitter:data1\" content=\"7.00&nbsp;MDL\" \/>\n\t<meta name=\"twitter:label2\" content=\"Availability\" \/>\n\t<meta name=\"twitter:data2\" content=\"In stock\" \/>\n<script type=\"application\/ld+json\" class=\"yoast-schema-graph\">{\"@context\":\"https:\/\/schema.org\",\"@graph\":[{\"@type\":\"WebPage\",\"@id\":\"https:\/\/atg.md\/ro\/catalog\/autoclipsuri\/s-nazhimnym-shtyrkom\/c0680\/\",\"url\":\"https:\/\/atg.md\/ro\/catalog\/autoclipsuri\/s-nazhimnym-shtyrkom\/c0680\/\",\"name\":\"C0680 - Autoclipsuri, Cu un ac de \u00eempingere - atg.md\",\"isPartOf\":{\"@id\":\"https:\/\/atg.md\/ro\/#website\"},\"datePublished\":\"2021-03-30T09:09:38+00:00\",\"dateModified\":\"2024-07-05T07:04:09+00:00\",\"breadcrumb\":{\"@id\":\"https:\/\/atg.md\/ro\/catalog\/autoclipsuri\/s-nazhimnym-shtyrkom\/c0680\/#breadcrumb\"},\"inLanguage\":\"ro-RO\",\"potentialAction\":[{\"@type\":\"ReadAction\",\"target\":[[\"https:\/\/atg.md\/ro\/catalog\/autoclipsuri\/s-nazhimnym-shtyrkom\/c0680\/\"]]}]},{\"@type\":\"BreadcrumbList\",\"@id\":\"https:\/\/atg.md\/ro\/catalog\/autoclipsuri\/s-nazhimnym-shtyrkom\/c0680\/#breadcrumb\",\"itemListElement\":[{\"@type\":\"ListItem\",\"position\":1,\"name\":\"Home\",\"item\":\"https:\/\/atg.md\/ro\/\"},{\"@type\":\"ListItem\",\"position\":2,\"name\":\"\u041a\u0430\u0442\u0430\u043b\u043e\u0433\",\"item\":\"https:\/\/atg.md\/ro\/catalog\/\"},{\"@type\":\"ListItem\",\"position\":3,\"name\":\"C0680\"}]},{\"@type\":\"WebSite\",\"@id\":\"https:\/\/atg.md\/ro\/#website\",\"url\":\"https:\/\/atg.md\/ro\/\",\"name\":\"atg.md\",\"description\":\"V\u00e2nzare de izola\u021bii \u00eempotriva vibra\u021biilor pentru ma\u0219ini, izola\u021bie termic\u0103, izolare fonic\u0103 de la cei mai buni produc\u0103tori, autoclipsuri, elemente de fixare auto. Cump\u0103ra\u021bi \u00een Moldova, Chi\u0219in\u0103u\",\"publisher\":{\"@id\":\"https:\/\/atg.md\/ro\/#organization\"},\"potentialAction\":[{\"@type\":\"SearchAction\",\"target\":{\"@type\":\"EntryPoint\",\"urlTemplate\":\"https:\/\/atg.md\/ro\/?s={search_term_string}\"},\"query-input\":\"required name=search_term_string\"}],\"inLanguage\":\"ro-RO\"},{\"@type\":[\"Organization\",\"Place\",\"AutoPartsStore\"],\"@id\":\"https:\/\/atg.md\/ro\/#organization\",\"name\":\"S.C. AUTOTOM GRUP S.R.L.\",\"url\":\"https:\/\/atg.md\/ro\/\",\"logo\":{\"@type\":\"ImageObject\",\"inLanguage\":\"ro-RO\",\"@id\":\"https:\/\/atg.md\/ro\/#\/schema\/logo\/image\/\",\"url\":\"https:\/\/i2.wp.com\/atg.md\/wp-content\/uploads\/2021\/05\/atg_logo_main.png?fit=656%2C569&ssl=1\",\"contentUrl\":\"https:\/\/i2.wp.com\/atg.md\/wp-content\/uploads\/2021\/05\/atg_logo_main.png?fit=656%2C569&ssl=1\",\"width\":656,\"height\":569,\"caption\":\"S.C. AUTOTOM GRUP S.R.L.\"},\"image\":{\"@id\":\"https:\/\/atg.md\/ro\/#\/schema\/logo\/image\/\"},\"location\":{\"@id\":\"https:\/\/atg.md\/ro\/catalog\/autoclipsuri\/s-nazhimnym-shtyrkom\/c0680\/#local-place\"},\"address\":{\"@id\":\"https:\/\/atg.md\/ro\/catalog\/autoclipsuri\/s-nazhimnym-shtyrkom\/c0680\/#local-place-address\"},\"email\":\"atgtvv@gmail.com\",\"telephone\":\"+37369644446\",\"areaServed\":\"Moldova\"},{\"@type\":\"Place\",\"@id\":\"https:\/\/atg.md\/ro\/catalog\/autoclipsuri\/s-nazhimnym-shtyrkom\/c0680\/#local-place\",\"address\":{\"@type\":\"PostalAddress\",\"@id\":\"https:\/\/atg.md\/ro\/catalog\/autoclipsuri\/s-nazhimnym-shtyrkom\/c0680\/#local-place-address\",\"streetAddress\":\"str. Alba-Iulia 77\/20\",\"addressLocality\":\"Chisinau\",\"postalCode\":\"2043\",\"addressRegion\":\"mun. Chisinau\",\"addressCountry\":\"MD\"},\"geo\":{\"@type\":\"GeoCoordinates\",\"latitude\":\"47.0376\",\"longitude\":\"28.76899\"},\"openingHoursSpecification\":[{\"@type\":\"OpeningHoursSpecification\",\"dayOfWeek\":[\"Monday\",\"Tuesday\",\"Wednesday\",\"Thursday\",\"Friday\"],\"opens\":\"09:00\",\"closes\":\"18:00\"},{\"@type\":\"OpeningHoursSpecification\",\"dayOfWeek\":[\"Saturday\"],\"opens\":\"09:00\",\"closes\":\"14:00\"},{\"@type\":\"OpeningHoursSpecification\",\"dayOfWeek\":[\"Sunday\"],\"opens\":\"00:00\",\"closes\":\"00:00\"}],\"telephone\":\"+37369644446\"}]}<\/script>\n<meta name=\"geo.placename\" content=\"Chisinau\" \/>\n<meta name=\"geo.position\" content=\"47.0376;28.76899\" \/>\n<meta name=\"geo.region\" content=\"Moldova\" \/>\n<!-- \/ Yoast SEO Premium plugin. -->","yoast_head_json":{"title":"C0680 - Autoclipsuri, Cu un ac de \u00eempingere - atg.md","robots":{"index":"index","follow":"follow","max-snippet":"max-snippet:-1","max-image-preview":"max-image-preview:large","max-video-preview":"max-video-preview:-1"},"canonical":"https:\/\/atg.md\/ro\/catalog\/autoclipsuri\/s-nazhimnym-shtyrkom\/c0680\/","og_locale":"ro_RO","og_type":"article","og_title":"C0680 - Autoclipsuri, Cu un ac de \u00eempingere - atg.md","og_description":"OEM: MR200300, MR200300, TQ696D09Dimensiune F: 9Dimensiune H: 16Dimensiune T: 18","og_url":"https:\/\/atg.md\/ro\/wp-json\/wp\/v2\/product\/7397","og_site_name":"atg.md","article_modified_time":"2024-07-05T07:04:09+00:00","og_image":[{"width":600,"height":600,"url":"https:\/\/atg.md\/wp-content\/uploads\/2021\/03\/c0680.jpg","type":"image\/jpeg"}],"twitter_card":"summary_large_image","twitter_misc":{"Pre\u021b":"7.00&nbsp;MDL","Availability":"In stock"},"schema":{"@context":"https:\/\/schema.org","@graph":[{"@type":"WebPage","@id":"https:\/\/atg.md\/ro\/catalog\/autoclipsuri\/s-nazhimnym-shtyrkom\/c0680\/","url":"https:\/\/atg.md\/ro\/catalog\/autoclipsuri\/s-nazhimnym-shtyrkom\/c0680\/","name":"C0680 - Autoclipsuri, Cu un ac de \u00eempingere - atg.md","isPartOf":{"@id":"https:\/\/atg.md\/ro\/#website"},"datePublished":"2021-03-30T09:09:38+00:00","dateModified":"2024-07-05T07:04:09+00:00","breadcrumb":{"@id":"https:\/\/atg.md\/ro\/catalog\/autoclipsuri\/s-nazhimnym-shtyrkom\/c0680\/#breadcrumb"},"inLanguage":"ro-RO","potentialAction":[{"@type":"ReadAction","target":[["https:\/\/atg.md\/ro\/catalog\/autoclipsuri\/s-nazhimnym-shtyrkom\/c0680\/"]]}]},{"@type":"BreadcrumbList","@id":"https:\/\/atg.md\/ro\/catalog\/autoclipsuri\/s-nazhimnym-shtyrkom\/c0680\/#breadcrumb","itemListElement":[{"@type":"ListItem","position":1,"name":"Home","item":"https:\/\/atg.md\/ro\/"},{"@type":"ListItem","position":2,"name":"\u041a\u0430\u0442\u0430\u043b\u043e\u0433","item":"https:\/\/atg.md\/ro\/catalog\/"},{"@type":"ListItem","position":3,"name":"C0680"}]},{"@type":"WebSite","@id":"https:\/\/atg.md\/ro\/#website","url":"https:\/\/atg.md\/ro\/","name":"atg.md","description":"V\u00e2nzare de izola\u021bii \u00eempotriva vibra\u021biilor pentru ma\u0219ini, izola\u021bie termic\u0103, izolare fonic\u0103 de la cei mai buni produc\u0103tori, autoclipsuri, elemente de fixare auto. Cump\u0103ra\u021bi \u00een Moldova, Chi\u0219in\u0103u","publisher":{"@id":"https:\/\/atg.md\/ro\/#organization"},"potentialAction":[{"@type":"SearchAction","target":{"@type":"EntryPoint","urlTemplate":"https:\/\/atg.md\/ro\/?s={search_term_string}"},"query-input":"required name=search_term_string"}],"inLanguage":"ro-RO"},{"@type":["Organization","Place","AutoPartsStore"],"@id":"https:\/\/atg.md\/ro\/#organization","name":"S.C. AUTOTOM GRUP S.R.L.","url":"https:\/\/atg.md\/ro\/","logo":{"@type":"ImageObject","inLanguage":"ro-RO","@id":"https:\/\/atg.md\/ro\/#\/schema\/logo\/image\/","url":"https:\/\/i2.wp.com\/atg.md\/wp-content\/uploads\/2021\/05\/atg_logo_main.png?fit=656%2C569&ssl=1","contentUrl":"https:\/\/i2.wp.com\/atg.md\/wp-content\/uploads\/2021\/05\/atg_logo_main.png?fit=656%2C569&ssl=1","width":656,"height":569,"caption":"S.C. AUTOTOM GRUP S.R.L."},"image":{"@id":"https:\/\/atg.md\/ro\/#\/schema\/logo\/image\/"},"location":{"@id":"https:\/\/atg.md\/ro\/catalog\/autoclipsuri\/s-nazhimnym-shtyrkom\/c0680\/#local-place"},"address":{"@id":"https:\/\/atg.md\/ro\/catalog\/autoclipsuri\/s-nazhimnym-shtyrkom\/c0680\/#local-place-address"},"email":"atgtvv@gmail.com","telephone":"+37369644446","areaServed":"Moldova"},{"@type":"Place","@id":"https:\/\/atg.md\/ro\/catalog\/autoclipsuri\/s-nazhimnym-shtyrkom\/c0680\/#local-place","address":{"@type":"PostalAddress","@id":"https:\/\/atg.md\/ro\/catalog\/autoclipsuri\/s-nazhimnym-shtyrkom\/c0680\/#local-place-address","streetAddress":"str. Alba-Iulia 77\/20","addressLocality":"Chisinau","postalCode":"2043","addressRegion":"mun. Chisinau","addressCountry":"MD"},"geo":{"@type":"GeoCoordinates","latitude":"47.0376","longitude":"28.76899"},"openingHoursSpecification":[{"@type":"OpeningHoursSpecification","dayOfWeek":["Monday","Tuesday","Wednesday","Thursday","Friday"],"opens":"09:00","closes":"18:00"},{"@type":"OpeningHoursSpecification","dayOfWeek":["Saturday"],"opens":"09:00","closes":"14:00"},{"@type":"OpeningHoursSpecification","dayOfWeek":["Sunday"],"opens":"00:00","closes":"00:00"}],"telephone":"+37369644446"}]}},"_links":{"self":[{"href":"https:\/\/atg.md\/ro\/wp-json\/wp\/v2\/product\/7397"}],"collection":[{"href":"https:\/\/atg.md\/ro\/wp-json\/wp\/v2\/product"}],"about":[{"href":"https:\/\/atg.md\/ro\/wp-json\/wp\/v2\/types\/product"}],"wp:featuredmedia":[{"embeddable":true,"href":"https:\/\/atg.md\/ro\/wp-json\/wp\/v2\/media\/7398"}],"wp:attachment":[{"href":"https:\/\/atg.md\/ro\/wp-json\/wp\/v2\/media?parent=7397"}],"wp:term":[{"taxonomy":"product_cat","embeddable":true,"href":"https:\/\/atg.md\/ro\/wp-json\/wp\/v2\/product_cat?post=7397"},{"taxonomy":"product_tag","embeddable":true,"href":"https:\/\/atg.md\/ro\/wp-json\/wp\/v2\/product_tag?post=7397"}],"curies":[{"name":"wp","href":"https:\/\/api.w.org\/{rel}","templated":true}]}}