{"id":7379,"date":"2021-03-30T09:09:38","date_gmt":"2021-03-30T09:09:38","guid":{"rendered":"http:\/\/atg.md\/product\/c0666\/"},"modified":"2024-07-05T07:04:05","modified_gmt":"2024-07-05T07:04:05","slug":"c0666","status":"publish","type":"product","link":"https:\/\/atg.md\/ro\/catalog\/autoclipsuri\/s-rezbovym-shtyrkom\/c0666\/","title":{"rendered":"C0666"},"content":{"rendered":"<p><strong>Modele:<\/strong><\/p>\n<ul>\n<li>Lexus GX470, UZJ120<\/li>\n<li>Lexus IS200, GXE10, JCE10<\/li>\n<li>Lexus IS300, GXE10, JCE10<\/li>\n<li>Toyota Altezza, GXE10, GXE10W, GXE15, GXE15W, JCE10, JCE10W, JCE15, JCE15W, SXE10<\/li>\n<li>Toyota Dyna, BU301, BU306, BU346, BZU300, BZU340, BZU600, KDY220, KDY221, KDY230, KDY231, KDY240, KDY241, KDY250, KDY251, KDY260, KDY261, KDY270, KDY271, KDY280, KDY281, KDY290, LY220, LY225, LY230, LY235, LY240, LY270, LY280, LY290, RZU300, RZU301, RZU340, RZY220, RZY230, RZY231, RZY281, TRC600, TRU300, TRU340, TRU600, TRY220, TRY230, TRY231, TRY281, XKU304, XKU308, XKU338, XKU344, XKU348, XKU508, XZC600, XZC605, XZC610, XZC630, XZC645, XZC655, XZC675, XZU300, XZU301, XZU302, XZU304, XZU305, XZU306, XZU307, XZU308, XZU311, XZU312, XZU314, XZU320, XZU321, XZU322, XZU324, XZU330, XZU331, XZU334, XZU336, XZU337, XZU338, XZU340, XZU341, XZU342, XZU344, XZU346, XZU347, XZU348, XZU350, XZU351, XZU352, XZU354, XZU362, XZU368, XZU371, XZU372, XZU378, XZU382, XZU388, XZU600, XZU605, XZU610, XZU620, XZU630, XZU640, XZU645, XZU650, XZU655, XZU675, XZU685, XZU695<\/li>\n<li>Toyota Land Cruiser Prado, GRJ120, GRJ120W, GRJ121, GRJ121W, GRJ125, GRJ125W, KDJ120, KDJ120W, KDJ121, KDJ121W, KDJ125, KDJ125W, KDJ90, KDJ90W, KDJ95, KDJ95W, KZJ120, KZJ90, KZJ90W, KZJ95, KZJ95W, LJ120, LJ125, LJ90, LJ95, RZJ120, RZJ120W, RZJ125, RZJ125W, RZJ90, RZJ90W, RZJ95, RZJ95W, TRJ120, TRJ120W, TRJ125, TRJ125W, VZJ120, VZJ120W, VZJ121, VZJ121W, VZJ125, VZJ125W, VZJ90, VZJ90W, VZJ95, VZJ95W<\/li>\n<li>Toyota Mark II Wagon Blit, GX110, GX110W, GX115, GX115W, JZX110, JZX110W, JZX115, JZX115W<\/li>\n<li>Toyota ToyoAce, BU301, BU306, BU346, BZU300, BZU340, BZU600, KDY220, KDY221, KDY230, KDY231, KDY240, KDY241, KDY270, KDY271, KDY280, KDY281, KDY290, LY220, LY230, LY240, LY270, LY280, LY290, RZU300, RZU301, RZU340, RZY220, RZY230, RZY231, RZY281, TRC600, TRU300, TRU340, TRU600, TRY220, TRY230, TRY231, TRY281, XKU304, XKU308, XKU338, XKU344, XKU348, XKU508, XZC600, XZC605, XZC610, XZC630, XZC645, XZC655, XZC675, XZU300, XZU301, XZU302, XZU304, XZU305, XZU306, XZU307, XZU308, XZU311, XZU312, XZU314, XZU320, XZU321, XZU322, XZU324, XZU330, XZU331, XZU334, XZU336, XZU337, XZU338, XZU340, XZU341, XZU342, XZU344, XZU346, XZU347, XZU348, XZU350, XZU351, XZU352, XZU354, XZU362, XZU368, XZU371, XZU372, XZU378, XZU382, XZU388, XZU600, XZU605, XZU610, XZU620, XZU630, XZU640, XZU645, XZU650, XZU655, XZU675, XZU685, XZU695<\/li>\n<li>Toyota Verossa, GX110, GX115, JZX110<\/li>\n<\/ul>\n<p><\/p>","protected":false},"excerpt":{"rendered":"<p><b>OEM:<\/b> 90467-09189, 9046709189, 90467-09127, 9046709127<\/p>\n<p><b>Dimensiune F:<\/b> 9<br \/><b>Dimensiune H:<\/b> 31<br \/><b>Dimensiune T:<\/b> 20<\/p>\n","protected":false},"featured_media":7380,"template":"","meta":[],"product_cat":[25,90],"product_tag":[],"bundled_by":[],"bundle_stock_status":"instock","bundle_stock_quantity":null,"bundle_virtual":false,"bundle_layout":"","bundle_add_to_cart_form_location":"","bundle_editable_in_cart":false,"bundle_sold_individually_context":"","bundle_item_grouping":"","bundle_min_size":"","bundle_max_size":"","bundled_items":[],"yoast_head":"<!-- This site is optimized with the Yoast SEO Premium plugin v16.6 (Yoast SEO v20.1) - https:\/\/yoast.com\/wordpress\/plugins\/seo\/ -->\n<title>C0666 - Autoclipsuri, Cu un ac filetat - atg.md<\/title>\n<meta name=\"robots\" content=\"index, follow, max-snippet:-1, max-image-preview:large, max-video-preview:-1\" \/>\n<link rel=\"canonical\" href=\"https:\/\/atg.md\/ro\/catalog\/autoclipsuri\/s-rezbovym-shtyrkom\/c0666\/\" \/>\n<meta property=\"og:locale\" content=\"ro_RO\" \/>\n<meta property=\"og:type\" content=\"article\" \/>\n<meta property=\"og:title\" content=\"C0666 - Autoclipsuri, Cu un ac filetat - atg.md\" \/>\n<meta property=\"og:description\" content=\"OEM: 90467-09189, 9046709189, 90467-09127, 9046709127Dimensiune F: 9Dimensiune H: 31Dimensiune T: 20\" \/>\n<meta property=\"og:url\" content=\"https:\/\/atg.md\/ro\/wp-json\/wp\/v2\/product\/7379\" \/>\n<meta property=\"og:site_name\" content=\"atg.md\" \/>\n<meta property=\"article:modified_time\" content=\"2024-07-05T07:04:05+00:00\" \/>\n<meta property=\"og:image\" content=\"https:\/\/atg.md\/wp-content\/uploads\/2021\/03\/c0666.jpg\" \/>\n\t<meta property=\"og:image:width\" content=\"600\" \/>\n\t<meta property=\"og:image:height\" content=\"600\" \/>\n\t<meta property=\"og:image:type\" content=\"image\/jpeg\" \/>\n<meta name=\"twitter:card\" content=\"summary_large_image\" \/>\n<meta name=\"twitter:label1\" content=\"Pre\u021b\" \/>\n\t<meta name=\"twitter:data1\" content=\"6.00&nbsp;MDL\" \/>\n\t<meta name=\"twitter:label2\" content=\"Availability\" \/>\n\t<meta name=\"twitter:data2\" content=\"In stock\" \/>\n<script type=\"application\/ld+json\" class=\"yoast-schema-graph\">{\"@context\":\"https:\/\/schema.org\",\"@graph\":[{\"@type\":\"WebPage\",\"@id\":\"https:\/\/atg.md\/ro\/catalog\/autoclipsuri\/s-rezbovym-shtyrkom\/c0666\/\",\"url\":\"https:\/\/atg.md\/ro\/catalog\/autoclipsuri\/s-rezbovym-shtyrkom\/c0666\/\",\"name\":\"C0666 - Autoclipsuri, Cu un ac filetat - atg.md\",\"isPartOf\":{\"@id\":\"https:\/\/atg.md\/ro\/#website\"},\"datePublished\":\"2021-03-30T09:09:38+00:00\",\"dateModified\":\"2024-07-05T07:04:05+00:00\",\"breadcrumb\":{\"@id\":\"https:\/\/atg.md\/ro\/catalog\/autoclipsuri\/s-rezbovym-shtyrkom\/c0666\/#breadcrumb\"},\"inLanguage\":\"ro-RO\",\"potentialAction\":[{\"@type\":\"ReadAction\",\"target\":[[\"https:\/\/atg.md\/ro\/catalog\/autoclipsuri\/s-rezbovym-shtyrkom\/c0666\/\"]]}]},{\"@type\":\"BreadcrumbList\",\"@id\":\"https:\/\/atg.md\/ro\/catalog\/autoclipsuri\/s-rezbovym-shtyrkom\/c0666\/#breadcrumb\",\"itemListElement\":[{\"@type\":\"ListItem\",\"position\":1,\"name\":\"Home\",\"item\":\"https:\/\/atg.md\/ro\/\"},{\"@type\":\"ListItem\",\"position\":2,\"name\":\"\u041a\u0430\u0442\u0430\u043b\u043e\u0433\",\"item\":\"https:\/\/atg.md\/ro\/catalog\/\"},{\"@type\":\"ListItem\",\"position\":3,\"name\":\"C0666\"}]},{\"@type\":\"WebSite\",\"@id\":\"https:\/\/atg.md\/ro\/#website\",\"url\":\"https:\/\/atg.md\/ro\/\",\"name\":\"atg.md\",\"description\":\"V\u00e2nzare de izola\u021bii \u00eempotriva vibra\u021biilor pentru ma\u0219ini, izola\u021bie termic\u0103, izolare fonic\u0103 de la cei mai buni produc\u0103tori, autoclipsuri, elemente de fixare auto. Cump\u0103ra\u021bi \u00een Moldova, Chi\u0219in\u0103u\",\"publisher\":{\"@id\":\"https:\/\/atg.md\/ro\/#organization\"},\"potentialAction\":[{\"@type\":\"SearchAction\",\"target\":{\"@type\":\"EntryPoint\",\"urlTemplate\":\"https:\/\/atg.md\/ro\/?s={search_term_string}\"},\"query-input\":\"required name=search_term_string\"}],\"inLanguage\":\"ro-RO\"},{\"@type\":[\"Organization\",\"Place\",\"AutoPartsStore\"],\"@id\":\"https:\/\/atg.md\/ro\/#organization\",\"name\":\"S.C. AUTOTOM GRUP S.R.L.\",\"url\":\"https:\/\/atg.md\/ro\/\",\"logo\":{\"@type\":\"ImageObject\",\"inLanguage\":\"ro-RO\",\"@id\":\"https:\/\/atg.md\/ro\/#\/schema\/logo\/image\/\",\"url\":\"https:\/\/i2.wp.com\/atg.md\/wp-content\/uploads\/2021\/05\/atg_logo_main.png?fit=656%2C569&ssl=1\",\"contentUrl\":\"https:\/\/i2.wp.com\/atg.md\/wp-content\/uploads\/2021\/05\/atg_logo_main.png?fit=656%2C569&ssl=1\",\"width\":656,\"height\":569,\"caption\":\"S.C. AUTOTOM GRUP S.R.L.\"},\"image\":{\"@id\":\"https:\/\/atg.md\/ro\/#\/schema\/logo\/image\/\"},\"location\":{\"@id\":\"https:\/\/atg.md\/ro\/catalog\/autoclipsuri\/s-rezbovym-shtyrkom\/c0666\/#local-place\"},\"address\":{\"@id\":\"https:\/\/atg.md\/ro\/catalog\/autoclipsuri\/s-rezbovym-shtyrkom\/c0666\/#local-place-address\"},\"email\":\"atgtvv@gmail.com\",\"telephone\":\"+37369644446\",\"areaServed\":\"Moldova\"},{\"@type\":\"Place\",\"@id\":\"https:\/\/atg.md\/ro\/catalog\/autoclipsuri\/s-rezbovym-shtyrkom\/c0666\/#local-place\",\"address\":{\"@type\":\"PostalAddress\",\"@id\":\"https:\/\/atg.md\/ro\/catalog\/autoclipsuri\/s-rezbovym-shtyrkom\/c0666\/#local-place-address\",\"streetAddress\":\"str. Alba-Iulia 77\/20\",\"addressLocality\":\"Chisinau\",\"postalCode\":\"2043\",\"addressRegion\":\"mun. Chisinau\",\"addressCountry\":\"MD\"},\"geo\":{\"@type\":\"GeoCoordinates\",\"latitude\":\"47.0376\",\"longitude\":\"28.76899\"},\"openingHoursSpecification\":[{\"@type\":\"OpeningHoursSpecification\",\"dayOfWeek\":[\"Monday\",\"Tuesday\",\"Wednesday\",\"Thursday\",\"Friday\"],\"opens\":\"09:00\",\"closes\":\"18:00\"},{\"@type\":\"OpeningHoursSpecification\",\"dayOfWeek\":[\"Saturday\"],\"opens\":\"09:00\",\"closes\":\"14:00\"},{\"@type\":\"OpeningHoursSpecification\",\"dayOfWeek\":[\"Sunday\"],\"opens\":\"00:00\",\"closes\":\"00:00\"}],\"telephone\":\"+37369644446\"}]}<\/script>\n<meta name=\"geo.placename\" content=\"Chisinau\" \/>\n<meta name=\"geo.position\" content=\"47.0376;28.76899\" \/>\n<meta name=\"geo.region\" content=\"Moldova\" \/>\n<!-- \/ Yoast SEO Premium plugin. -->","yoast_head_json":{"title":"C0666 - Autoclipsuri, Cu un ac filetat - atg.md","robots":{"index":"index","follow":"follow","max-snippet":"max-snippet:-1","max-image-preview":"max-image-preview:large","max-video-preview":"max-video-preview:-1"},"canonical":"https:\/\/atg.md\/ro\/catalog\/autoclipsuri\/s-rezbovym-shtyrkom\/c0666\/","og_locale":"ro_RO","og_type":"article","og_title":"C0666 - Autoclipsuri, Cu un ac filetat - atg.md","og_description":"OEM: 90467-09189, 9046709189, 90467-09127, 9046709127Dimensiune F: 9Dimensiune H: 31Dimensiune T: 20","og_url":"https:\/\/atg.md\/ro\/wp-json\/wp\/v2\/product\/7379","og_site_name":"atg.md","article_modified_time":"2024-07-05T07:04:05+00:00","og_image":[{"width":600,"height":600,"url":"https:\/\/atg.md\/wp-content\/uploads\/2021\/03\/c0666.jpg","type":"image\/jpeg"}],"twitter_card":"summary_large_image","twitter_misc":{"Pre\u021b":"6.00&nbsp;MDL","Availability":"In stock"},"schema":{"@context":"https:\/\/schema.org","@graph":[{"@type":"WebPage","@id":"https:\/\/atg.md\/ro\/catalog\/autoclipsuri\/s-rezbovym-shtyrkom\/c0666\/","url":"https:\/\/atg.md\/ro\/catalog\/autoclipsuri\/s-rezbovym-shtyrkom\/c0666\/","name":"C0666 - Autoclipsuri, Cu un ac filetat - atg.md","isPartOf":{"@id":"https:\/\/atg.md\/ro\/#website"},"datePublished":"2021-03-30T09:09:38+00:00","dateModified":"2024-07-05T07:04:05+00:00","breadcrumb":{"@id":"https:\/\/atg.md\/ro\/catalog\/autoclipsuri\/s-rezbovym-shtyrkom\/c0666\/#breadcrumb"},"inLanguage":"ro-RO","potentialAction":[{"@type":"ReadAction","target":[["https:\/\/atg.md\/ro\/catalog\/autoclipsuri\/s-rezbovym-shtyrkom\/c0666\/"]]}]},{"@type":"BreadcrumbList","@id":"https:\/\/atg.md\/ro\/catalog\/autoclipsuri\/s-rezbovym-shtyrkom\/c0666\/#breadcrumb","itemListElement":[{"@type":"ListItem","position":1,"name":"Home","item":"https:\/\/atg.md\/ro\/"},{"@type":"ListItem","position":2,"name":"\u041a\u0430\u0442\u0430\u043b\u043e\u0433","item":"https:\/\/atg.md\/ro\/catalog\/"},{"@type":"ListItem","position":3,"name":"C0666"}]},{"@type":"WebSite","@id":"https:\/\/atg.md\/ro\/#website","url":"https:\/\/atg.md\/ro\/","name":"atg.md","description":"V\u00e2nzare de izola\u021bii \u00eempotriva vibra\u021biilor pentru ma\u0219ini, izola\u021bie termic\u0103, izolare fonic\u0103 de la cei mai buni produc\u0103tori, autoclipsuri, elemente de fixare auto. Cump\u0103ra\u021bi \u00een Moldova, Chi\u0219in\u0103u","publisher":{"@id":"https:\/\/atg.md\/ro\/#organization"},"potentialAction":[{"@type":"SearchAction","target":{"@type":"EntryPoint","urlTemplate":"https:\/\/atg.md\/ro\/?s={search_term_string}"},"query-input":"required name=search_term_string"}],"inLanguage":"ro-RO"},{"@type":["Organization","Place","AutoPartsStore"],"@id":"https:\/\/atg.md\/ro\/#organization","name":"S.C. AUTOTOM GRUP S.R.L.","url":"https:\/\/atg.md\/ro\/","logo":{"@type":"ImageObject","inLanguage":"ro-RO","@id":"https:\/\/atg.md\/ro\/#\/schema\/logo\/image\/","url":"https:\/\/i2.wp.com\/atg.md\/wp-content\/uploads\/2021\/05\/atg_logo_main.png?fit=656%2C569&ssl=1","contentUrl":"https:\/\/i2.wp.com\/atg.md\/wp-content\/uploads\/2021\/05\/atg_logo_main.png?fit=656%2C569&ssl=1","width":656,"height":569,"caption":"S.C. AUTOTOM GRUP S.R.L."},"image":{"@id":"https:\/\/atg.md\/ro\/#\/schema\/logo\/image\/"},"location":{"@id":"https:\/\/atg.md\/ro\/catalog\/autoclipsuri\/s-rezbovym-shtyrkom\/c0666\/#local-place"},"address":{"@id":"https:\/\/atg.md\/ro\/catalog\/autoclipsuri\/s-rezbovym-shtyrkom\/c0666\/#local-place-address"},"email":"atgtvv@gmail.com","telephone":"+37369644446","areaServed":"Moldova"},{"@type":"Place","@id":"https:\/\/atg.md\/ro\/catalog\/autoclipsuri\/s-rezbovym-shtyrkom\/c0666\/#local-place","address":{"@type":"PostalAddress","@id":"https:\/\/atg.md\/ro\/catalog\/autoclipsuri\/s-rezbovym-shtyrkom\/c0666\/#local-place-address","streetAddress":"str. Alba-Iulia 77\/20","addressLocality":"Chisinau","postalCode":"2043","addressRegion":"mun. Chisinau","addressCountry":"MD"},"geo":{"@type":"GeoCoordinates","latitude":"47.0376","longitude":"28.76899"},"openingHoursSpecification":[{"@type":"OpeningHoursSpecification","dayOfWeek":["Monday","Tuesday","Wednesday","Thursday","Friday"],"opens":"09:00","closes":"18:00"},{"@type":"OpeningHoursSpecification","dayOfWeek":["Saturday"],"opens":"09:00","closes":"14:00"},{"@type":"OpeningHoursSpecification","dayOfWeek":["Sunday"],"opens":"00:00","closes":"00:00"}],"telephone":"+37369644446"}]}},"_links":{"self":[{"href":"https:\/\/atg.md\/ro\/wp-json\/wp\/v2\/product\/7379"}],"collection":[{"href":"https:\/\/atg.md\/ro\/wp-json\/wp\/v2\/product"}],"about":[{"href":"https:\/\/atg.md\/ro\/wp-json\/wp\/v2\/types\/product"}],"wp:featuredmedia":[{"embeddable":true,"href":"https:\/\/atg.md\/ro\/wp-json\/wp\/v2\/media\/7380"}],"wp:attachment":[{"href":"https:\/\/atg.md\/ro\/wp-json\/wp\/v2\/media?parent=7379"}],"wp:term":[{"taxonomy":"product_cat","embeddable":true,"href":"https:\/\/atg.md\/ro\/wp-json\/wp\/v2\/product_cat?post=7379"},{"taxonomy":"product_tag","embeddable":true,"href":"https:\/\/atg.md\/ro\/wp-json\/wp\/v2\/product_tag?post=7379"}],"curies":[{"name":"wp","href":"https:\/\/api.w.org\/{rel}","templated":true}]}}