{"id":7326,"date":"2021-03-30T09:09:11","date_gmt":"2021-03-30T09:09:11","guid":{"rendered":"http:\/\/atg.md\/product\/c0630\/"},"modified":"2024-07-05T07:03:53","modified_gmt":"2024-07-05T07:03:53","slug":"c0630","status":"publish","type":"product","link":"https:\/\/atg.md\/ro\/catalog\/autoclipsuri\/vstavki\/c0630\/","title":{"rendered":"C0630"},"content":{"rendered":"<p><strong>Modele:<\/strong><\/p>\n<ul>\n<li>\nLexus ES250, VZV21<\/li>\n<li>Lexus<br \/>\nIS200, GXE10, JCE10<\/li>\n<li>Lexus<br \/>\nIS300, GXE10, JCE10<\/li>\n<li>Lexus<br \/>\nLX470, UZJ100<\/li>\n<li>Toyota<br \/>\n4Runner, GRN210, GRN215, KZN185, KZN205, KZN215, LN106, LN107, LN111,<br \/>\nLN130, LN135, LN205, RN101, RN105, RN106, RN110, RN120, RN121, RN130, RN131,<br \/>\nRN135, RN80, RN85, RN90, RZN180, RZN185, UZN210, UZN215, VZN100, VZN105,<br \/>\nVZN110, VZN120, VZN130, VZN131, VZN180, VZN185, VZN85, VZN90, VZN95, YN106,<br \/>\nYN130, YN135<\/li>\n<li>Toyota<br \/>\nAltezza, GXE10, GXE10W, GXE15, GXE15W, JCE10, JCE10W, JCE15, JCE15W, SXE10<\/li>\n<li>Toyota<br \/>\nCamry, CV10, CV11, CV40, CV43, SV10, SV11, SV12, SV40, SV41, SV42, SV43<\/li>\n<li>Toyota<br \/>\nCarina ED, ST160, ST162, ST163<\/li>\n<li>Toyota<br \/>\nCarina II, AT151, CT150, ST150, ST151<\/li>\n<li>Toyota<br \/>\nCelica, AT160, ST160, ST161, ST162, ST162C, ST163, ST165, ST182<\/li>\n<li>Toyota<br \/>\nCorolla II, EL30, EL31, NL30<\/li>\n<li>Toyota Corolla, AE100,<br \/>\nAE100G, AE101, AE101G, AE102, AE103, AE104, AE104G, AE92, AE95, CE100, CE100G,<br \/>\nCE104, CE90, EE100, EE101, EE104, EE104G, EE105, EE106, EE106V, EE107, EE107V,<br \/>\nEE108, EE108G, EE90<\/li>\n<li>Toyota<br \/>\nCorona, AT150, AT151, AT160, CT150, ST150, ST151, ST160, ST162, ST163<\/li>\n<li>Toyota<br \/>\nCorsa, EL30, EL31, NL30<\/li>\n<li>Toyota<br \/>\nDyna, BU300, BU301, BU303, BU306, BU340, BU343, BU346, BU400, BU410,<br \/>\nBU420, BU430, BZU300, BZU340, BZU410, KDY220, KDY221, KDY230, KDY231, KDY240,<br \/>\nKDY241, KDY250, KDY251, KDY260, KDY261, KDY270, KDY271, KDY280, KDY281, KDY290,<br \/>\nLY220, LY225, LY230, LY235, LY240, LY270, LY280, LY290, RZU300, RZU301, RZU340,<br \/>\nRZY220, RZY230, RZY231, RZY281, TRU300, TRU340, TRY220, TRY230, TRY231, TRY281,<br \/>\nWU300, WU302, WU340, WU342, WU410, WU412, WU420, WU422, XKU304, XKU308, XKU338,<br \/>\nXKU344, XKU348, XKU414, XKU508, XZU300, XZU301, XZU302, XZU304, XZU305, XZU306,<br \/>\nXZU307, XZU308, XZU311, XZU312, XZU314, XZU320, XZU321, XZU322, XZU324, XZU327,<br \/>\nXZU330, XZU331, XZU334, XZU336, XZU337, XZU338, XZU340, XZU341, XZU342, XZU344,<br \/>\nXZU345, XZU346, XZU347, XZU348, XZU350, XZU351, XZU352, XZU354, XZU362, XZU368,<br \/>\nXZU371, XZU372, XZU378, XZU382, XZU388, XZU402, XZU404, XZU410, XZU411, XZU412,<br \/>\nXZU413, XZU414, XZU415, XZU420, XZU422, XZU423, XZU424, XZU425, XZU430, XZU433,<br \/>\nXZU434, XZU435<\/li>\n<li>Toyota FJ<br \/>\nCruiser, GSJ10, GSJ10W, GSJ15, GSJ15W<\/li>\n<li>Toyota Grand<br \/>\nHiace, KCH10, KCH10W, KCH12, KCH16, KCH16W, RCH11, VCH10, VCH10W, VCH16,<br \/>\nVCH16W<\/li>\n<li>Toyota<br \/>\nGranvia, KCH10, KCH10W, KCH12, KCH16, KCH16W, RCH11, RCH11W, VCH10,<br \/>\nVCH10W, VCH16, VCH16W<\/li>\n<li>Toyota<br \/>\nHiace, KDH200, KDH200K, KDH200V, KDH201, KDH201K, KDH201V, KDH202,<br \/>\nKDH202L, KDH203, KDH212, KDH212L, KDH220, KDH220K, KDH221, KDH221K, KDH222,<br \/>\nKDH222B, KDH222L, KDH223, KDH223B, KDH223L, KLH12, KLH18, KLH22, KLH28, LH200,<br \/>\nLH202, LH212, LH222, LXH12, LXH18, LXH22, LXH28, RCH12, RCH13, RCH18, RCH19,<br \/>\nRCH22, RCH23, RCH28, RCH29, TRH201, TRH203, TRH203L, TRH213, TRH213L, TRH221,<br \/>\nTRH221K, TRH223, TRH223B, TRH223L<\/li>\n<li>Toyota Hilux<br \/>\nSurf, GRN215, GRN215W, KDN185, KDN185W, KDN215, KDN215W, KZN185, KZN185G,<br \/>\nKZN185W, RZN180, RZN180W, RZN185, RZN185W, RZN210, RZN210W, RZN215, RZN215W,<br \/>\nTRN210, TRN210W, TRN215, TRN215W, VZN180, VZN180W, VZN185, VZN185W, VZN210,<br \/>\nVZN210W, VZN215, VZN215W<\/li>\n<li>Toyota<br \/>\nHilux, KDN145, KDN150, KDN151, KDN155, KDN165, KDN166, KDN190, KZN130,<br \/>\nKZN165, KZN190, KZN205, LN105, LN106, LN107, LN108, LN110, LN111, LN130, LN135,<br \/>\nLN140, LN141, LN145, LN146, LN147, LN150, LN152, LN155, LN157, LN166, LN167,<br \/>\nLN171, LN172, LN191, LN192, LN200, LN205, LN80, LN81, LN85, LN86, LN90, LN91,<br \/>\nRN105, RN106, RN110, RN125, RN130, RN135, RN80, RN85, RN90, RZN142, RZN144,<br \/>\nRZN147, RZN148, RZN149, RZN154, RZN168, RZN169, RZN174, RZN193, RZN194, RZN200,<br \/>\nVZN130, VZN167, VZN172, YN106, YN110, YN130, YN135, YN140, YN80, YN81, YN85,<br \/>\nYN86, YN87, YN90, YN92<\/li>\n<li>Toyota Land<br \/>\nCruiser Prado, KDJ90, KDJ90W, KDJ95, KDJ95W, KZJ90, KZJ90W, KZJ95, KZJ95W,<br \/>\nLJ90, LJ95, RZJ90, RZJ90W, RZJ95, RZJ95W, VZJ90, VZJ90W, VZJ95, VZJ95W<\/li>\n<li>Toyota Land<br \/>\nCruiser, FZJ100, FZJ105, HDJ100, HDJ100L, HDJ101, HDJ101K, HZJ105,<br \/>\nHZJ105L, UZJ100, UZJ100L, UZJ100W<\/li>\n<li>Toyota<br \/>\nMR2, SW20, SW20L, SW21<\/li>\n<li>Toyota<br \/>\nPlatz, NCP12, NCP16, SCP11<\/li>\n<li>Toyota<br \/>\nRegius Ace, KDH200, KDH200K, KDH200V, KDH201, KDH201K, KDH201V, KDH205,<br \/>\nKDH205V, KDH206, KDH206K, KDH206V, KDH211, KDH211K, KDH220, KDH220K, KDH221,<br \/>\nKDH221K, KDH222, KDH223, KDH223B, KDH225, KDH225K, KDH227, TRH200, TRH200K,<br \/>\nTRH200V, TRH211, TRH211K, TRH214, TRH216, TRH216K, TRH219, TRH221, TRH221K,<br \/>\nTRH223, TRH223B, TRH224, TRH226, TRH226K, TRH228, TRH228B, TRH229<\/li>\n<li>Toyota<br \/>\nRegius, KCH40, KCH40W, KCH46, KCH46W, LXH43, LXH49, RCH41, RCH41W, RCH42,<br \/>\nRCH47, RCH47W<\/li>\n<li>Toyota Sprinter<br \/>\nCarib, AE95, AE95G<\/li>\n<li>Toyota<br \/>\nSprinter, AE100, AE101, AE102, AE104, AE109, CE100, CE102, CE102G, CE104,<br \/>\nCE105, CE106, CE107, CE108, CE108G, CE109, EE101, EE102, EE103, EE104, EE104G,<br \/>\nEE106, EE107, EE108, EE108G<\/li>\n<li>Toyota<br \/>\nStarlet, EP70, EP71, EP76, NP70, NP76<\/li>\n<li>Toyota<br \/>\nT.U.V, KF60, KF70, KF72, KF80, KF82, LF60, LF61, LF70, LF72, LF80, LF81,<br \/>\nLF82, LF85, RZF61, RZF71, RZF80, RZF81, RZF85<\/li>\n<li>Toyota<br \/>\nTercel, EL30, EL31, NL30<\/li>\n<li>Toyota<br \/>\nToyoAce, BU301, BU306, BU346, BU400, BU410, BU420, BU430, BZU300, BZU340,<br \/>\nBZU410, KDY220, KDY221, KDY230, KDY231, KDY240, KDY241, KDY270, KDY271, KDY280,<br \/>\nKDY281, KDY290, LY220, LY230, LY240, LY270, LY280, LY290, RZU300, RZU301,<br \/>\nRZU340, RZY220, RZY230, RZY231, RZY281, TRU300, TRU340, TRY220, TRY230, TRY231,<br \/>\nTRY281, XKU304, XKU308, XKU338, XKU344, XKU348, XKU414, XKU508, XZU300, XZU301,<br \/>\nXZU302, XZU304, XZU305, XZU306, XZU307, XZU308, XZU311, XZU312, XZU314, XZU320,<br \/>\nXZU321, XZU322, XZU324, XZU330, XZU331, XZU334, XZU336, XZU337, XZU338, XZU340,<br \/>\nXZU341, XZU342, XZU344, XZU346, XZU347, XZU348, XZU350, XZU351, XZU352, XZU354,<br \/>\nXZU362, XZU368, XZU371, XZU372, XZU378, XZU382, XZU388<\/li>\n<li>Toyota<br \/>\nTundra, GSK50, GSK51, UCK50, UCK51, UCK52, UCK55, UCK56, UCK57, USK50,<br \/>\nUSK51, USK52, USK55, USK56, USK57<\/li>\n<li>Toyota Vista, CV10, CV11, CV40, CV43, SV10, SV11,<br \/>\nSV12, SV40, SV41, SV42, SV43<\/li>\n<\/ul>\n<p><\/p>","protected":false},"excerpt":{"rendered":"<p><b>OEM:<\/b> 90189-06028, 9018906028, 94854203, 51Z16-20004, 51Z1620004<\/p>\n<p><b>Dimensiune F:<\/b> 13<br \/><b>Dimensiune H:<\/b> 20<br \/><b>Dimensiune T:<\/b> 16<\/p>\n","protected":false},"featured_media":7327,"template":"","meta":[],"product_cat":[25,105],"product_tag":[],"bundled_by":[],"bundle_stock_status":"instock","bundle_stock_quantity":null,"bundle_virtual":false,"bundle_layout":"","bundle_add_to_cart_form_location":"","bundle_editable_in_cart":false,"bundle_sold_individually_context":"","bundle_item_grouping":"","bundle_min_size":"","bundle_max_size":"","bundled_items":[],"yoast_head":"<!-- This site is optimized with the Yoast SEO Premium plugin v16.6 (Yoast SEO v20.1) - https:\/\/yoast.com\/wordpress\/plugins\/seo\/ -->\n<title>C0630 - Autoclipsuri, Inserturi - atg.md<\/title>\n<meta name=\"robots\" content=\"index, follow, max-snippet:-1, max-image-preview:large, max-video-preview:-1\" \/>\n<link rel=\"canonical\" href=\"https:\/\/atg.md\/ro\/catalog\/autoclipsuri\/vstavki\/c0630\/\" \/>\n<meta property=\"og:locale\" content=\"ro_RO\" \/>\n<meta property=\"og:type\" content=\"article\" \/>\n<meta property=\"og:title\" content=\"C0630 - Autoclipsuri, Inserturi - atg.md\" \/>\n<meta property=\"og:description\" content=\"OEM: 90189-06028, 9018906028, 94854203, 51Z16-20004, 51Z1620004Dimensiune F: 13Dimensiune H: 20Dimensiune T: 16\" \/>\n<meta property=\"og:url\" content=\"https:\/\/atg.md\/ro\/wp-json\/wp\/v2\/product\/7326\" \/>\n<meta property=\"og:site_name\" content=\"atg.md\" \/>\n<meta property=\"article:modified_time\" content=\"2024-07-05T07:03:53+00:00\" \/>\n<meta property=\"og:image\" content=\"https:\/\/atg.md\/wp-content\/uploads\/2021\/03\/c0630.jpg\" \/>\n\t<meta property=\"og:image:width\" content=\"600\" \/>\n\t<meta property=\"og:image:height\" content=\"600\" \/>\n\t<meta property=\"og:image:type\" content=\"image\/jpeg\" \/>\n<meta name=\"twitter:card\" content=\"summary_large_image\" \/>\n<meta name=\"twitter:label1\" content=\"Pre\u021b\" \/>\n\t<meta name=\"twitter:data1\" content=\"5.00&nbsp;MDL\" \/>\n\t<meta name=\"twitter:label2\" content=\"Availability\" \/>\n\t<meta name=\"twitter:data2\" content=\"In stock\" \/>\n<script type=\"application\/ld+json\" class=\"yoast-schema-graph\">{\"@context\":\"https:\/\/schema.org\",\"@graph\":[{\"@type\":\"WebPage\",\"@id\":\"https:\/\/atg.md\/ro\/catalog\/autoclipsuri\/vstavki\/c0630\/\",\"url\":\"https:\/\/atg.md\/ro\/catalog\/autoclipsuri\/vstavki\/c0630\/\",\"name\":\"C0630 - Autoclipsuri, Inserturi - atg.md\",\"isPartOf\":{\"@id\":\"https:\/\/atg.md\/ro\/#website\"},\"datePublished\":\"2021-03-30T09:09:11+00:00\",\"dateModified\":\"2024-07-05T07:03:53+00:00\",\"breadcrumb\":{\"@id\":\"https:\/\/atg.md\/ro\/catalog\/autoclipsuri\/vstavki\/c0630\/#breadcrumb\"},\"inLanguage\":\"ro-RO\",\"potentialAction\":[{\"@type\":\"ReadAction\",\"target\":[[\"https:\/\/atg.md\/ro\/catalog\/autoclipsuri\/vstavki\/c0630\/\"]]}]},{\"@type\":\"BreadcrumbList\",\"@id\":\"https:\/\/atg.md\/ro\/catalog\/autoclipsuri\/vstavki\/c0630\/#breadcrumb\",\"itemListElement\":[{\"@type\":\"ListItem\",\"position\":1,\"name\":\"Home\",\"item\":\"https:\/\/atg.md\/ro\/\"},{\"@type\":\"ListItem\",\"position\":2,\"name\":\"\u041a\u0430\u0442\u0430\u043b\u043e\u0433\",\"item\":\"https:\/\/atg.md\/ro\/catalog\/\"},{\"@type\":\"ListItem\",\"position\":3,\"name\":\"C0630\"}]},{\"@type\":\"WebSite\",\"@id\":\"https:\/\/atg.md\/ro\/#website\",\"url\":\"https:\/\/atg.md\/ro\/\",\"name\":\"atg.md\",\"description\":\"V\u00e2nzare de izola\u021bii \u00eempotriva vibra\u021biilor pentru ma\u0219ini, izola\u021bie termic\u0103, izolare fonic\u0103 de la cei mai buni produc\u0103tori, autoclipsuri, elemente de fixare auto. Cump\u0103ra\u021bi \u00een Moldova, Chi\u0219in\u0103u\",\"publisher\":{\"@id\":\"https:\/\/atg.md\/ro\/#organization\"},\"potentialAction\":[{\"@type\":\"SearchAction\",\"target\":{\"@type\":\"EntryPoint\",\"urlTemplate\":\"https:\/\/atg.md\/ro\/?s={search_term_string}\"},\"query-input\":\"required name=search_term_string\"}],\"inLanguage\":\"ro-RO\"},{\"@type\":[\"Organization\",\"Place\",\"AutoPartsStore\"],\"@id\":\"https:\/\/atg.md\/ro\/#organization\",\"name\":\"S.C. AUTOTOM GRUP S.R.L.\",\"url\":\"https:\/\/atg.md\/ro\/\",\"logo\":{\"@type\":\"ImageObject\",\"inLanguage\":\"ro-RO\",\"@id\":\"https:\/\/atg.md\/ro\/#\/schema\/logo\/image\/\",\"url\":\"https:\/\/i2.wp.com\/atg.md\/wp-content\/uploads\/2021\/05\/atg_logo_main.png?fit=656%2C569&ssl=1\",\"contentUrl\":\"https:\/\/i2.wp.com\/atg.md\/wp-content\/uploads\/2021\/05\/atg_logo_main.png?fit=656%2C569&ssl=1\",\"width\":656,\"height\":569,\"caption\":\"S.C. AUTOTOM GRUP S.R.L.\"},\"image\":{\"@id\":\"https:\/\/atg.md\/ro\/#\/schema\/logo\/image\/\"},\"location\":{\"@id\":\"https:\/\/atg.md\/ro\/catalog\/autoclipsuri\/vstavki\/c0630\/#local-place\"},\"address\":{\"@id\":\"https:\/\/atg.md\/ro\/catalog\/autoclipsuri\/vstavki\/c0630\/#local-place-address\"},\"email\":\"atgtvv@gmail.com\",\"telephone\":\"+37369644446\",\"areaServed\":\"Moldova\"},{\"@type\":\"Place\",\"@id\":\"https:\/\/atg.md\/ro\/catalog\/autoclipsuri\/vstavki\/c0630\/#local-place\",\"address\":{\"@type\":\"PostalAddress\",\"@id\":\"https:\/\/atg.md\/ro\/catalog\/autoclipsuri\/vstavki\/c0630\/#local-place-address\",\"streetAddress\":\"str. Alba-Iulia 77\/20\",\"addressLocality\":\"Chisinau\",\"postalCode\":\"2043\",\"addressRegion\":\"mun. Chisinau\",\"addressCountry\":\"MD\"},\"geo\":{\"@type\":\"GeoCoordinates\",\"latitude\":\"47.0376\",\"longitude\":\"28.76899\"},\"openingHoursSpecification\":[{\"@type\":\"OpeningHoursSpecification\",\"dayOfWeek\":[\"Monday\",\"Tuesday\",\"Wednesday\",\"Thursday\",\"Friday\"],\"opens\":\"09:00\",\"closes\":\"18:00\"},{\"@type\":\"OpeningHoursSpecification\",\"dayOfWeek\":[\"Saturday\"],\"opens\":\"09:00\",\"closes\":\"14:00\"},{\"@type\":\"OpeningHoursSpecification\",\"dayOfWeek\":[\"Sunday\"],\"opens\":\"00:00\",\"closes\":\"00:00\"}],\"telephone\":\"+37369644446\"}]}<\/script>\n<meta name=\"geo.placename\" content=\"Chisinau\" \/>\n<meta name=\"geo.position\" content=\"47.0376;28.76899\" \/>\n<meta name=\"geo.region\" content=\"Moldova\" \/>\n<!-- \/ Yoast SEO Premium plugin. -->","yoast_head_json":{"title":"C0630 - Autoclipsuri, Inserturi - atg.md","robots":{"index":"index","follow":"follow","max-snippet":"max-snippet:-1","max-image-preview":"max-image-preview:large","max-video-preview":"max-video-preview:-1"},"canonical":"https:\/\/atg.md\/ro\/catalog\/autoclipsuri\/vstavki\/c0630\/","og_locale":"ro_RO","og_type":"article","og_title":"C0630 - Autoclipsuri, Inserturi - atg.md","og_description":"OEM: 90189-06028, 9018906028, 94854203, 51Z16-20004, 51Z1620004Dimensiune F: 13Dimensiune H: 20Dimensiune T: 16","og_url":"https:\/\/atg.md\/ro\/wp-json\/wp\/v2\/product\/7326","og_site_name":"atg.md","article_modified_time":"2024-07-05T07:03:53+00:00","og_image":[{"width":600,"height":600,"url":"https:\/\/atg.md\/wp-content\/uploads\/2021\/03\/c0630.jpg","type":"image\/jpeg"}],"twitter_card":"summary_large_image","twitter_misc":{"Pre\u021b":"5.00&nbsp;MDL","Availability":"In stock"},"schema":{"@context":"https:\/\/schema.org","@graph":[{"@type":"WebPage","@id":"https:\/\/atg.md\/ro\/catalog\/autoclipsuri\/vstavki\/c0630\/","url":"https:\/\/atg.md\/ro\/catalog\/autoclipsuri\/vstavki\/c0630\/","name":"C0630 - Autoclipsuri, Inserturi - atg.md","isPartOf":{"@id":"https:\/\/atg.md\/ro\/#website"},"datePublished":"2021-03-30T09:09:11+00:00","dateModified":"2024-07-05T07:03:53+00:00","breadcrumb":{"@id":"https:\/\/atg.md\/ro\/catalog\/autoclipsuri\/vstavki\/c0630\/#breadcrumb"},"inLanguage":"ro-RO","potentialAction":[{"@type":"ReadAction","target":[["https:\/\/atg.md\/ro\/catalog\/autoclipsuri\/vstavki\/c0630\/"]]}]},{"@type":"BreadcrumbList","@id":"https:\/\/atg.md\/ro\/catalog\/autoclipsuri\/vstavki\/c0630\/#breadcrumb","itemListElement":[{"@type":"ListItem","position":1,"name":"Home","item":"https:\/\/atg.md\/ro\/"},{"@type":"ListItem","position":2,"name":"\u041a\u0430\u0442\u0430\u043b\u043e\u0433","item":"https:\/\/atg.md\/ro\/catalog\/"},{"@type":"ListItem","position":3,"name":"C0630"}]},{"@type":"WebSite","@id":"https:\/\/atg.md\/ro\/#website","url":"https:\/\/atg.md\/ro\/","name":"atg.md","description":"V\u00e2nzare de izola\u021bii \u00eempotriva vibra\u021biilor pentru ma\u0219ini, izola\u021bie termic\u0103, izolare fonic\u0103 de la cei mai buni produc\u0103tori, autoclipsuri, elemente de fixare auto. Cump\u0103ra\u021bi \u00een Moldova, Chi\u0219in\u0103u","publisher":{"@id":"https:\/\/atg.md\/ro\/#organization"},"potentialAction":[{"@type":"SearchAction","target":{"@type":"EntryPoint","urlTemplate":"https:\/\/atg.md\/ro\/?s={search_term_string}"},"query-input":"required name=search_term_string"}],"inLanguage":"ro-RO"},{"@type":["Organization","Place","AutoPartsStore"],"@id":"https:\/\/atg.md\/ro\/#organization","name":"S.C. AUTOTOM GRUP S.R.L.","url":"https:\/\/atg.md\/ro\/","logo":{"@type":"ImageObject","inLanguage":"ro-RO","@id":"https:\/\/atg.md\/ro\/#\/schema\/logo\/image\/","url":"https:\/\/i2.wp.com\/atg.md\/wp-content\/uploads\/2021\/05\/atg_logo_main.png?fit=656%2C569&ssl=1","contentUrl":"https:\/\/i2.wp.com\/atg.md\/wp-content\/uploads\/2021\/05\/atg_logo_main.png?fit=656%2C569&ssl=1","width":656,"height":569,"caption":"S.C. AUTOTOM GRUP S.R.L."},"image":{"@id":"https:\/\/atg.md\/ro\/#\/schema\/logo\/image\/"},"location":{"@id":"https:\/\/atg.md\/ro\/catalog\/autoclipsuri\/vstavki\/c0630\/#local-place"},"address":{"@id":"https:\/\/atg.md\/ro\/catalog\/autoclipsuri\/vstavki\/c0630\/#local-place-address"},"email":"atgtvv@gmail.com","telephone":"+37369644446","areaServed":"Moldova"},{"@type":"Place","@id":"https:\/\/atg.md\/ro\/catalog\/autoclipsuri\/vstavki\/c0630\/#local-place","address":{"@type":"PostalAddress","@id":"https:\/\/atg.md\/ro\/catalog\/autoclipsuri\/vstavki\/c0630\/#local-place-address","streetAddress":"str. Alba-Iulia 77\/20","addressLocality":"Chisinau","postalCode":"2043","addressRegion":"mun. Chisinau","addressCountry":"MD"},"geo":{"@type":"GeoCoordinates","latitude":"47.0376","longitude":"28.76899"},"openingHoursSpecification":[{"@type":"OpeningHoursSpecification","dayOfWeek":["Monday","Tuesday","Wednesday","Thursday","Friday"],"opens":"09:00","closes":"18:00"},{"@type":"OpeningHoursSpecification","dayOfWeek":["Saturday"],"opens":"09:00","closes":"14:00"},{"@type":"OpeningHoursSpecification","dayOfWeek":["Sunday"],"opens":"00:00","closes":"00:00"}],"telephone":"+37369644446"}]}},"_links":{"self":[{"href":"https:\/\/atg.md\/ro\/wp-json\/wp\/v2\/product\/7326"}],"collection":[{"href":"https:\/\/atg.md\/ro\/wp-json\/wp\/v2\/product"}],"about":[{"href":"https:\/\/atg.md\/ro\/wp-json\/wp\/v2\/types\/product"}],"wp:featuredmedia":[{"embeddable":true,"href":"https:\/\/atg.md\/ro\/wp-json\/wp\/v2\/media\/7327"}],"wp:attachment":[{"href":"https:\/\/atg.md\/ro\/wp-json\/wp\/v2\/media?parent=7326"}],"wp:term":[{"taxonomy":"product_cat","embeddable":true,"href":"https:\/\/atg.md\/ro\/wp-json\/wp\/v2\/product_cat?post=7326"},{"taxonomy":"product_tag","embeddable":true,"href":"https:\/\/atg.md\/ro\/wp-json\/wp\/v2\/product_tag?post=7326"}],"curies":[{"name":"wp","href":"https:\/\/api.w.org\/{rel}","templated":true}]}}