{"id":7318,"date":"2021-03-30T09:09:11","date_gmt":"2021-03-30T09:09:11","guid":{"rendered":"http:\/\/atg.md\/product\/c0624\/"},"modified":"2024-07-05T07:03:52","modified_gmt":"2024-07-05T07:03:52","slug":"c0624","status":"publish","type":"product","link":"https:\/\/atg.md\/ro\/catalog\/autoclipsuri\/dvernye\/c0624\/","title":{"rendered":"C0624"},"content":{"rendered":"<p><strong>Modele:<\/strong><\/p>\n<ul>\n<li>Lexus LX450, FZJ80<\/li>\n<li>Lexus SC300, JZZ31, UZZ30<\/li>\n<li>Lexus SC400, JZZ31, UZZ30<\/li>\n<li>Toyota 4Runner, KZN205, LN106, LN107, LN111,<br \/>\nLN130, LN135, LN205, RN101, RN105, RN106, RN110, RN120, RN121, RN130, RN131,<br \/>\nRN135, RN80, RN85, RN90, VZN100, VZN105, VZN110, VZN120, VZN130, VZN131, VZN85,<br \/>\nVZN90, VZN95, YN106, YN130, YN135<\/li>\n<li>Toyota Caldina, AT191, AT191G, CT190, CT190G,<br \/>\nCT196, CT196V, CT197, CT197V, ET196, ET196V, ST190, ST190G, ST191, ST191G,<br \/>\nST195, ST195G, ST198, ST198V<\/li>\n<li>Toyota Camry, CV30, SV30, SV32, SV33, SV35,<br \/>\nVZV30, VZV31, VZV32, VZV33<\/li>\n<li>Toyota Carina E, AT190, AT190L, AT191, AT191L,<br \/>\nCT190, CT190L, ST191, ST191L<\/li>\n<li>Toyota Century, GZG50<\/li>\n<li>Toyota Chaser, GX81, GX90, JZX81, JZX90, JZX91,<br \/>\nJZX93, LX80, LX90, MX83, SX80, SX90, YX80<\/li>\n<li>Toyota Coaster, BB40, BB40R, BB42, BB43, BB46,<br \/>\nBB50, BB53, BB54, BB55, BB58, BB59, BZB40, BZB50, HDB50, HDB51, HZB40, HZB41,<br \/>\nHZB46, HZB50, HZB50L, HZB50R, HZB56, RZB40, RZB50, RZB53, RZB54, TRB40, TRB50,<br \/>\nTRB53, XZB40, XZB46, XZB50, XZB51, XZB53, XZB56, XZB59<\/li>\n<li>Toyota Comfort, LXS10, LXS12, YXS10<\/li>\n<li>Toyota Corolla, AE100, AE100G, AE101, AE101G,<br \/>\nAE102, AE103, AE104, AE104G, CE100, CE100G, CE101, CE101G, CE104, EE100, EE101<\/li>\n<li>Toyota Corona, AT190, CT190, CT195, ST190, ST191,<br \/>\nST195<\/li>\n<li>Toyota Cresta, GX81, GX90, JZX81, JZX90, JZX91,<br \/>\nJZX93, LX80, LX90, MX83, SX80, SX90, YX80<\/li>\n<li>Toyota Crown Majesta, GS141, GS151, JZS141,<br \/>\nJZS143, JZS145, JZS147, JZS149, JZS151, JZS153, JZS155, JZS157, LS141, LS151,<br \/>\nUZS141, UZS143, UZS145, UZS147, UZS151, UZS155, UZS157<\/li>\n<li>Toyota Crown, GS130, GS130G, GS130W, GS131,<br \/>\nGS131H, GS141, GS151, GS151H, GXS10, JZS130, JZS130G, JZS131, JZS133, JZS135,<br \/>\nJZS141, JZS143, JZS145, JZS147, JZS149, JZS151, JZS153, JZS155, JZS157, LS130,<br \/>\nLS130G, LS130W, LS131, LS131H, LS141, LS151, LS151H, LXS10, LXS11, LXS12,<br \/>\nMS130, MS132, MS133, MS135, MS137, MS137X, SXS11, SXS13, TSS10, TSS10H, TSS11,<br \/>\nTSS13, UZS131, UZS141, UZS143, UZS145, UZS147, UZS151, UZS155, UZS157, YXS10,<br \/>\nYXS10H, YXS11<\/li>\n<li>Toyota Estima Emina, CXR10, CXR10G, CXR11,<br \/>\nCXR11G, CXR20, CXR20G, CXR21, CXR21G, TCR10, TCR10G, TCR11, TCR11G, TCR20,<br \/>\nTCR20G, TCR21, TCR21G<\/li>\n<li>Toyota Estima Lucida, CXR10, CXR10G, CXR11,<br \/>\nCXR11G, CXR20, CXR20G, CXR21, CXR21G, TCR10, TCR10G, TCR11, TCR11G, TCR20,<br \/>\nTCR20G, TCR21, TCR21G<\/li>\n<li>Toyota Estima, TCR10, TCR10W, TCR11, TCR11W,<br \/>\nTCR20, TCR20W, TCR21, TCR21W<\/li>\n<li>Toyota Hiace, LH102, LH102V, LH103, LH103V,<br \/>\nLH104, LH105, LH112, LH113, LH113K, LH113V, LH114, LH115, LH125, LH162, LH162V,<br \/>\nLH164, LH166, LH172, LH172K, LH172V, LH174, LH176, LH184, RZH102, RZH102V,<br \/>\nRZH103, RZH104, RZH105, RZH112, RZH112K, RZH112V, RZH113, RZH114, RZH115,<br \/>\nRZH125, RZH155<\/li>\n<li>Toyota Hilux, KZN130, KZN205, LN100, LN105,<br \/>\nLN106, LN107, LN108, LN109, LN110, LN111, LN112, LN130, LN131, LN135, LN200,<br \/>\nLN205, LN80, LN81, LN85, LN86, LN90, LN91, RN105, RN106, RN110, RN125, RN130,<br \/>\nRN135, RN80, RN85, RN90, RZN200, VZN130, YN100, YN105, YN106, YN107, YN110,<br \/>\nYN130, YN135, YN80, YN81, YN85, YN86, YN87, YN90, YN92<\/li>\n<li>Toyota Land Cruiser Prado, FJ75, HZJ70, HZJ71,<br \/>\nHZJ73, HZJ74, HZJ75, HZJ76, HZJ77, HZJ79, KDJ90, KDJ90W, KDJ95, KDJ95W, KZJ71,<br \/>\nKZJ71G, KZJ71W, KZJ78, KZJ78G, KZJ78W, KZJ90, KZJ90W, KZJ95, KZJ95W, LJ71,<br \/>\nLJ71G, LJ78, LJ78G, LJ78W, LJ90, LJ95, PZJ70, PZJ77, RZJ90, RZJ90W, RZJ95,<br \/>\nRZJ95W, VZJ90, VZJ90W, VZJ95, VZJ95W<\/li>\n<li>Toyota Land Cruiser, BJ73, BJ73V, FJ70, FJ73,<br \/>\nFJ75, FJ80, FJ80G, FZJ70, FZJ71, FZJ73, FZJ74, FZJ76, FZJ80, FZJ80G, GRJ71,<br \/>\nGRJ76, GRJ76K, GRJ79, GRJ79K, HDJ80, HDJ81, HDJ81V, HZJ70, HZJ70V, HZJ71,<br \/>\nHZJ71V, HZJ73, HZJ73HV, HZJ73V, HZJ74, HZJ74K, HZJ74V, HZJ75, HZJ76, HZJ76K,<br \/>\nHZJ76L, HZJ76V, HZJ77, HZJ77HV, HZJ77V, HZJ79, HZJ80, HZJ81, HZJ81V, KDJ90,<br \/>\nKDJ95, KZJ70, KZJ71, KZJ73, KZJ77, KZJ78, KZJ90, KZJ95, LJ70, LJ71, LJ72, LJ73,<br \/>\nLJ77, LJ78, LJ79, LJ79R, LJ90, LJ95, PZJ70, PZJ70V, PZJ73, PZJ77, PZJ77HV,<br \/>\nPZJ77V, RJ70, RJ73, RJ77, RZJ90, RZJ95, VDJ76, VDJ79, VZJ90, VZJ95<\/li>\n<li>Toyota Mark II, GX81, GX90, JZX81, JZX90, JZX90E,<br \/>\nJZX91, JZX91E, JZX93, LX80, LX80Q, LX90, LX90Y, MX83, SX80, SX90<\/li>\n<li>Toyota Nadia, ACN10, ACN10H, ACN15, ACN15H,<br \/>\nSXN10, SXN10H, SXN15, SXN15H<\/li>\n<li>Toyota Previa, TCR10, TCR11, TCR20, TCR21<\/li>\n<li>Toyota Sera, EXY10<\/li>\n<li>Toyota Soarer, JZZ30, JZZ31, UZZ30, UZZ31, UZZ32<\/li>\n<li>Toyota Vista, CV30, SV30, SV32, SV33, SV35,<br \/>\nVZV30, VZV31, VZV32, VZV33<\/li>\n<\/ul>\n<p><\/p>","protected":false},"excerpt":{"rendered":"<p><b>OEM:<\/b> 67771-30090, 6777130090, 67771-17030, 6777117030, 67771-28030, 6777128030<\/p>\n<p><b>Dimensiune F:<\/b> 10<br \/><b>Dimensiune H:<\/b> 24<br \/><b>Dimensiune T:<\/b> 18<\/p>\n","protected":false},"featured_media":7319,"template":"","meta":[],"product_cat":[25,76],"product_tag":[],"bundled_by":[],"bundle_stock_status":"instock","bundle_stock_quantity":null,"bundle_virtual":false,"bundle_layout":"","bundle_add_to_cart_form_location":"","bundle_editable_in_cart":false,"bundle_sold_individually_context":"","bundle_item_grouping":"","bundle_min_size":"","bundle_max_size":"","bundled_items":[],"yoast_head":"<!-- This site is optimized with the Yoast SEO Premium plugin v16.6 (Yoast SEO v20.1) - https:\/\/yoast.com\/wordpress\/plugins\/seo\/ -->\n<title>C0624 - Autoclipsuri, Autoclipsuri pentru u\u0219\u0103 - atg.md<\/title>\n<meta name=\"robots\" content=\"index, follow, max-snippet:-1, max-image-preview:large, max-video-preview:-1\" \/>\n<link rel=\"canonical\" href=\"https:\/\/atg.md\/ro\/catalog\/autoclipsuri\/dvernye\/c0624\/\" \/>\n<meta property=\"og:locale\" content=\"ro_RO\" \/>\n<meta property=\"og:type\" content=\"article\" \/>\n<meta property=\"og:title\" content=\"C0624 - Autoclipsuri, Autoclipsuri pentru u\u0219\u0103 - atg.md\" \/>\n<meta property=\"og:description\" content=\"OEM: 67771-30090, 6777130090, 67771-17030, 6777117030, 67771-28030, 6777128030Dimensiune F: 10Dimensiune H: 24Dimensiune T: 18\" \/>\n<meta property=\"og:url\" content=\"https:\/\/atg.md\/ro\/wp-json\/wp\/v2\/product\/7318\" \/>\n<meta property=\"og:site_name\" content=\"atg.md\" \/>\n<meta property=\"article:modified_time\" content=\"2024-07-05T07:03:52+00:00\" \/>\n<meta property=\"og:image\" content=\"https:\/\/atg.md\/wp-content\/uploads\/2021\/03\/c0624.jpg\" \/>\n\t<meta property=\"og:image:width\" content=\"600\" \/>\n\t<meta property=\"og:image:height\" content=\"600\" \/>\n\t<meta property=\"og:image:type\" content=\"image\/jpeg\" \/>\n<meta name=\"twitter:card\" content=\"summary_large_image\" \/>\n<meta name=\"twitter:label1\" content=\"Pre\u021b\" \/>\n\t<meta name=\"twitter:data1\" content=\"7.00&nbsp;MDL\" \/>\n\t<meta name=\"twitter:label2\" content=\"Availability\" \/>\n\t<meta name=\"twitter:data2\" content=\"In stock\" \/>\n<script type=\"application\/ld+json\" class=\"yoast-schema-graph\">{\"@context\":\"https:\/\/schema.org\",\"@graph\":[{\"@type\":\"WebPage\",\"@id\":\"https:\/\/atg.md\/ro\/catalog\/autoclipsuri\/dvernye\/c0624\/\",\"url\":\"https:\/\/atg.md\/ro\/catalog\/autoclipsuri\/dvernye\/c0624\/\",\"name\":\"C0624 - Autoclipsuri, Autoclipsuri pentru u\u0219\u0103 - atg.md\",\"isPartOf\":{\"@id\":\"https:\/\/atg.md\/ro\/#website\"},\"datePublished\":\"2021-03-30T09:09:11+00:00\",\"dateModified\":\"2024-07-05T07:03:52+00:00\",\"breadcrumb\":{\"@id\":\"https:\/\/atg.md\/ro\/catalog\/autoclipsuri\/dvernye\/c0624\/#breadcrumb\"},\"inLanguage\":\"ro-RO\",\"potentialAction\":[{\"@type\":\"ReadAction\",\"target\":[[\"https:\/\/atg.md\/ro\/catalog\/autoclipsuri\/dvernye\/c0624\/\"]]}]},{\"@type\":\"BreadcrumbList\",\"@id\":\"https:\/\/atg.md\/ro\/catalog\/autoclipsuri\/dvernye\/c0624\/#breadcrumb\",\"itemListElement\":[{\"@type\":\"ListItem\",\"position\":1,\"name\":\"Home\",\"item\":\"https:\/\/atg.md\/ro\/\"},{\"@type\":\"ListItem\",\"position\":2,\"name\":\"\u041a\u0430\u0442\u0430\u043b\u043e\u0433\",\"item\":\"https:\/\/atg.md\/ro\/catalog\/\"},{\"@type\":\"ListItem\",\"position\":3,\"name\":\"C0624\"}]},{\"@type\":\"WebSite\",\"@id\":\"https:\/\/atg.md\/ro\/#website\",\"url\":\"https:\/\/atg.md\/ro\/\",\"name\":\"atg.md\",\"description\":\"V\u00e2nzare de izola\u021bii \u00eempotriva vibra\u021biilor pentru ma\u0219ini, izola\u021bie termic\u0103, izolare fonic\u0103 de la cei mai buni produc\u0103tori, autoclipsuri, elemente de fixare auto. Cump\u0103ra\u021bi \u00een Moldova, Chi\u0219in\u0103u\",\"publisher\":{\"@id\":\"https:\/\/atg.md\/ro\/#organization\"},\"potentialAction\":[{\"@type\":\"SearchAction\",\"target\":{\"@type\":\"EntryPoint\",\"urlTemplate\":\"https:\/\/atg.md\/ro\/?s={search_term_string}\"},\"query-input\":\"required name=search_term_string\"}],\"inLanguage\":\"ro-RO\"},{\"@type\":[\"Organization\",\"Place\",\"AutoPartsStore\"],\"@id\":\"https:\/\/atg.md\/ro\/#organization\",\"name\":\"S.C. AUTOTOM GRUP S.R.L.\",\"url\":\"https:\/\/atg.md\/ro\/\",\"logo\":{\"@type\":\"ImageObject\",\"inLanguage\":\"ro-RO\",\"@id\":\"https:\/\/atg.md\/ro\/#\/schema\/logo\/image\/\",\"url\":\"https:\/\/i2.wp.com\/atg.md\/wp-content\/uploads\/2021\/05\/atg_logo_main.png?fit=656%2C569&ssl=1\",\"contentUrl\":\"https:\/\/i2.wp.com\/atg.md\/wp-content\/uploads\/2021\/05\/atg_logo_main.png?fit=656%2C569&ssl=1\",\"width\":656,\"height\":569,\"caption\":\"S.C. AUTOTOM GRUP S.R.L.\"},\"image\":{\"@id\":\"https:\/\/atg.md\/ro\/#\/schema\/logo\/image\/\"},\"location\":{\"@id\":\"https:\/\/atg.md\/ro\/catalog\/autoclipsuri\/dvernye\/c0624\/#local-place\"},\"address\":{\"@id\":\"https:\/\/atg.md\/ro\/catalog\/autoclipsuri\/dvernye\/c0624\/#local-place-address\"},\"email\":\"atgtvv@gmail.com\",\"telephone\":\"+37369644446\",\"areaServed\":\"Moldova\"},{\"@type\":\"Place\",\"@id\":\"https:\/\/atg.md\/ro\/catalog\/autoclipsuri\/dvernye\/c0624\/#local-place\",\"address\":{\"@type\":\"PostalAddress\",\"@id\":\"https:\/\/atg.md\/ro\/catalog\/autoclipsuri\/dvernye\/c0624\/#local-place-address\",\"streetAddress\":\"str. Alba-Iulia 77\/20\",\"addressLocality\":\"Chisinau\",\"postalCode\":\"2043\",\"addressRegion\":\"mun. Chisinau\",\"addressCountry\":\"MD\"},\"geo\":{\"@type\":\"GeoCoordinates\",\"latitude\":\"47.0376\",\"longitude\":\"28.76899\"},\"openingHoursSpecification\":[{\"@type\":\"OpeningHoursSpecification\",\"dayOfWeek\":[\"Monday\",\"Tuesday\",\"Wednesday\",\"Thursday\",\"Friday\"],\"opens\":\"09:00\",\"closes\":\"18:00\"},{\"@type\":\"OpeningHoursSpecification\",\"dayOfWeek\":[\"Saturday\"],\"opens\":\"09:00\",\"closes\":\"14:00\"},{\"@type\":\"OpeningHoursSpecification\",\"dayOfWeek\":[\"Sunday\"],\"opens\":\"00:00\",\"closes\":\"00:00\"}],\"telephone\":\"+37369644446\"}]}<\/script>\n<meta name=\"geo.placename\" content=\"Chisinau\" \/>\n<meta name=\"geo.position\" content=\"47.0376;28.76899\" \/>\n<meta name=\"geo.region\" content=\"Moldova\" \/>\n<!-- \/ Yoast SEO Premium plugin. -->","yoast_head_json":{"title":"C0624 - Autoclipsuri, Autoclipsuri pentru u\u0219\u0103 - atg.md","robots":{"index":"index","follow":"follow","max-snippet":"max-snippet:-1","max-image-preview":"max-image-preview:large","max-video-preview":"max-video-preview:-1"},"canonical":"https:\/\/atg.md\/ro\/catalog\/autoclipsuri\/dvernye\/c0624\/","og_locale":"ro_RO","og_type":"article","og_title":"C0624 - Autoclipsuri, Autoclipsuri pentru u\u0219\u0103 - atg.md","og_description":"OEM: 67771-30090, 6777130090, 67771-17030, 6777117030, 67771-28030, 6777128030Dimensiune F: 10Dimensiune H: 24Dimensiune T: 18","og_url":"https:\/\/atg.md\/ro\/wp-json\/wp\/v2\/product\/7318","og_site_name":"atg.md","article_modified_time":"2024-07-05T07:03:52+00:00","og_image":[{"width":600,"height":600,"url":"https:\/\/atg.md\/wp-content\/uploads\/2021\/03\/c0624.jpg","type":"image\/jpeg"}],"twitter_card":"summary_large_image","twitter_misc":{"Pre\u021b":"7.00&nbsp;MDL","Availability":"In stock"},"schema":{"@context":"https:\/\/schema.org","@graph":[{"@type":"WebPage","@id":"https:\/\/atg.md\/ro\/catalog\/autoclipsuri\/dvernye\/c0624\/","url":"https:\/\/atg.md\/ro\/catalog\/autoclipsuri\/dvernye\/c0624\/","name":"C0624 - Autoclipsuri, Autoclipsuri pentru u\u0219\u0103 - atg.md","isPartOf":{"@id":"https:\/\/atg.md\/ro\/#website"},"datePublished":"2021-03-30T09:09:11+00:00","dateModified":"2024-07-05T07:03:52+00:00","breadcrumb":{"@id":"https:\/\/atg.md\/ro\/catalog\/autoclipsuri\/dvernye\/c0624\/#breadcrumb"},"inLanguage":"ro-RO","potentialAction":[{"@type":"ReadAction","target":[["https:\/\/atg.md\/ro\/catalog\/autoclipsuri\/dvernye\/c0624\/"]]}]},{"@type":"BreadcrumbList","@id":"https:\/\/atg.md\/ro\/catalog\/autoclipsuri\/dvernye\/c0624\/#breadcrumb","itemListElement":[{"@type":"ListItem","position":1,"name":"Home","item":"https:\/\/atg.md\/ro\/"},{"@type":"ListItem","position":2,"name":"\u041a\u0430\u0442\u0430\u043b\u043e\u0433","item":"https:\/\/atg.md\/ro\/catalog\/"},{"@type":"ListItem","position":3,"name":"C0624"}]},{"@type":"WebSite","@id":"https:\/\/atg.md\/ro\/#website","url":"https:\/\/atg.md\/ro\/","name":"atg.md","description":"V\u00e2nzare de izola\u021bii \u00eempotriva vibra\u021biilor pentru ma\u0219ini, izola\u021bie termic\u0103, izolare fonic\u0103 de la cei mai buni produc\u0103tori, autoclipsuri, elemente de fixare auto. Cump\u0103ra\u021bi \u00een Moldova, Chi\u0219in\u0103u","publisher":{"@id":"https:\/\/atg.md\/ro\/#organization"},"potentialAction":[{"@type":"SearchAction","target":{"@type":"EntryPoint","urlTemplate":"https:\/\/atg.md\/ro\/?s={search_term_string}"},"query-input":"required name=search_term_string"}],"inLanguage":"ro-RO"},{"@type":["Organization","Place","AutoPartsStore"],"@id":"https:\/\/atg.md\/ro\/#organization","name":"S.C. AUTOTOM GRUP S.R.L.","url":"https:\/\/atg.md\/ro\/","logo":{"@type":"ImageObject","inLanguage":"ro-RO","@id":"https:\/\/atg.md\/ro\/#\/schema\/logo\/image\/","url":"https:\/\/i2.wp.com\/atg.md\/wp-content\/uploads\/2021\/05\/atg_logo_main.png?fit=656%2C569&ssl=1","contentUrl":"https:\/\/i2.wp.com\/atg.md\/wp-content\/uploads\/2021\/05\/atg_logo_main.png?fit=656%2C569&ssl=1","width":656,"height":569,"caption":"S.C. AUTOTOM GRUP S.R.L."},"image":{"@id":"https:\/\/atg.md\/ro\/#\/schema\/logo\/image\/"},"location":{"@id":"https:\/\/atg.md\/ro\/catalog\/autoclipsuri\/dvernye\/c0624\/#local-place"},"address":{"@id":"https:\/\/atg.md\/ro\/catalog\/autoclipsuri\/dvernye\/c0624\/#local-place-address"},"email":"atgtvv@gmail.com","telephone":"+37369644446","areaServed":"Moldova"},{"@type":"Place","@id":"https:\/\/atg.md\/ro\/catalog\/autoclipsuri\/dvernye\/c0624\/#local-place","address":{"@type":"PostalAddress","@id":"https:\/\/atg.md\/ro\/catalog\/autoclipsuri\/dvernye\/c0624\/#local-place-address","streetAddress":"str. Alba-Iulia 77\/20","addressLocality":"Chisinau","postalCode":"2043","addressRegion":"mun. Chisinau","addressCountry":"MD"},"geo":{"@type":"GeoCoordinates","latitude":"47.0376","longitude":"28.76899"},"openingHoursSpecification":[{"@type":"OpeningHoursSpecification","dayOfWeek":["Monday","Tuesday","Wednesday","Thursday","Friday"],"opens":"09:00","closes":"18:00"},{"@type":"OpeningHoursSpecification","dayOfWeek":["Saturday"],"opens":"09:00","closes":"14:00"},{"@type":"OpeningHoursSpecification","dayOfWeek":["Sunday"],"opens":"00:00","closes":"00:00"}],"telephone":"+37369644446"}]}},"_links":{"self":[{"href":"https:\/\/atg.md\/ro\/wp-json\/wp\/v2\/product\/7318"}],"collection":[{"href":"https:\/\/atg.md\/ro\/wp-json\/wp\/v2\/product"}],"about":[{"href":"https:\/\/atg.md\/ro\/wp-json\/wp\/v2\/types\/product"}],"wp:featuredmedia":[{"embeddable":true,"href":"https:\/\/atg.md\/ro\/wp-json\/wp\/v2\/media\/7319"}],"wp:attachment":[{"href":"https:\/\/atg.md\/ro\/wp-json\/wp\/v2\/media?parent=7318"}],"wp:term":[{"taxonomy":"product_cat","embeddable":true,"href":"https:\/\/atg.md\/ro\/wp-json\/wp\/v2\/product_cat?post=7318"},{"taxonomy":"product_tag","embeddable":true,"href":"https:\/\/atg.md\/ro\/wp-json\/wp\/v2\/product_tag?post=7318"}],"curies":[{"name":"wp","href":"https:\/\/api.w.org\/{rel}","templated":true}]}}