{"id":7296,"date":"2021-03-30T09:09:11","date_gmt":"2021-03-30T09:09:11","guid":{"rendered":"http:\/\/atg.md\/product\/c0612\/"},"modified":"2024-07-05T07:03:48","modified_gmt":"2024-07-05T07:03:48","slug":"c0612","status":"publish","type":"product","link":"https:\/\/atg.md\/ro\/catalog\/autoclipsuri\/nazhimnye-zaglushki\/c0612\/","title":{"rendered":"C0612"},"content":{"rendered":"<p><strong>Modele:<\/strong><\/p>\n<ul>\n<li>\nToyota Carina ED, ST182, ST183, ST202, ST203, ST205<\/li>\n<li>Toyota<br \/>\nCarina, AT210, CT210, CT211, CT215, CT216<\/li>\n<li>Toyota<br \/>\nCelica, ST182, ST183, ST183C, ST184, ST185, ST202, ST202C, ST203, ST204,<br \/>\nST205<\/li>\n<li>Toyota<br \/>\nCorona Exiv, ST182, ST183, ST202, ST203, ST205<\/li>\n<li>Toyota<br \/>\nCurren, ST206, ST207<\/li>\n<li>Toyota<br \/>\nDyna, BU300, BU301, BU303, BU306, BU340, BU343, BU346, BU400, BU410,<br \/>\nBU420, BU430, BZU300, BZU340, BZU600, RZU300, RZU301, RZU340, TRC600, TRU300,<br \/>\nTRU340, TRU600, WU300, WU302, WU340, WU342, WU410, WU412, WU420, WU422, XZC600,<br \/>\nXZC605, XZC610, XZC630, XZC645, XZC655, XZC675, XZU300, XZU301, XZU302, XZU304,<br \/>\nXZU305, XZU306, XZU307, XZU308, XZU311, XZU312, XZU314, XZU320, XZU321, XZU322,<br \/>\nXZU324, XZU327, XZU330, XZU331, XZU334, XZU336, XZU337, XZU338, XZU340, XZU341,<br \/>\nXZU342, XZU344, XZU345, XZU346, XZU347, XZU348, XZU350, XZU351, XZU352, XZU354,<br \/>\nXZU362, XZU368, XZU371, XZU372, XZU378, XZU382, XZU388, XZU402, XZU404, XZU410,<br \/>\nXZU411, XZU412, XZU413, XZU414, XZU415, XZU420, XZU422, XZU423, XZU424, XZU425,<br \/>\nXZU430, XZU433, XZU434, XZU435, XZU600, XZU605, XZU610, XZU620, XZU630, XZU640,<br \/>\nXZU645, XZU650, XZU655, XZU675, XZU685, XZU695, XZU710, XZU720, XZU730<\/li>\n<li>Toyota<br \/>\nRAV4, ACA20, ACA20W, ACA21, ACA21W, ACA22, ACA23, ACA26, ACA28, CLA20,<br \/>\nCLA21, ZCA25, ZCA25W, ZCA26, ZCA26W<\/li>\n<li>Toyota<br \/>\nSoarer, GZ20, MZ20, MZ21<\/li>\n<li>Toyota<br \/>\nSupra, GA70, GA70H, JZA70, MA70<\/li>\n<li>Toyota ToyoAce, BU301, BU306, BU346, BU400,<br \/>\nBU410, BU420, BU430, BZU300, BZU340, BZU600, RZU300, RZU301, RZU340, TRC600,<br \/>\nTRU300, TRU340, TRU600, XZC600, XZC605, XZC610, XZC630, XZC645, XZC655, XZC675,<br \/>\nXZU300, XZU301, XZU302, XZU304, XZU305, XZU306, XZU307, XZU308, XZU311, XZU312,<br \/>\nXZU314, XZU320, XZU321, XZU322, XZU324, XZU330, XZU331, XZU334, XZU336, XZU337,<br \/>\nXZU338, XZU340, XZU341, XZU342, XZU344, XZU346, XZU347, XZU348, XZU350, XZU351,<br \/>\nXZU352, XZU354, XZU362, XZU368, XZU371, XZU372, XZU378, XZU382, XZU388, XZU600,<br \/>\nXZU605, XZU610, XZU620, XZU630, XZU640, XZU645, XZU650, XZU655, XZU675, XZU685,<br \/>\nXZU695<\/li>\n<\/ul>\n<p><\/p>","protected":false},"excerpt":{"rendered":"<p><b>OEM:<\/b> 90467-08089046708081<\/p>\n<p><b>Dimensiune F:<\/b> 8<br \/><b>Dimensiune H:<\/b> 19<br \/><b>Dimensiune T:<\/b> 30<\/p>\n","protected":false},"featured_media":7297,"template":"","meta":[],"product_cat":[25,53],"product_tag":[],"bundled_by":[],"bundle_stock_status":"instock","bundle_stock_quantity":null,"bundle_virtual":false,"bundle_layout":"","bundle_add_to_cart_form_location":"","bundle_editable_in_cart":false,"bundle_sold_individually_context":"","bundle_item_grouping":"","bundle_min_size":"","bundle_max_size":"","bundled_items":[],"yoast_head":"<!-- This site is optimized with the Yoast SEO Premium plugin v16.6 (Yoast SEO v20.1) - https:\/\/yoast.com\/wordpress\/plugins\/seo\/ -->\n<title>C0612 - Autoclipsuri, Dopuri de presiune - atg.md<\/title>\n<meta name=\"robots\" content=\"index, follow, max-snippet:-1, max-image-preview:large, max-video-preview:-1\" \/>\n<link rel=\"canonical\" href=\"https:\/\/atg.md\/ro\/catalog\/autoclipsuri\/nazhimnye-zaglushki\/c0612\/\" \/>\n<meta property=\"og:locale\" content=\"ro_RO\" \/>\n<meta property=\"og:type\" content=\"article\" \/>\n<meta property=\"og:title\" content=\"C0612 - Autoclipsuri, Dopuri de presiune - atg.md\" \/>\n<meta property=\"og:description\" content=\"OEM: 90467-08089046708081Dimensiune F: 8Dimensiune H: 19Dimensiune T: 30\" \/>\n<meta property=\"og:url\" content=\"https:\/\/atg.md\/ro\/wp-json\/wp\/v2\/product\/7296\" \/>\n<meta property=\"og:site_name\" content=\"atg.md\" \/>\n<meta property=\"article:modified_time\" content=\"2024-07-05T07:03:48+00:00\" \/>\n<meta property=\"og:image\" content=\"https:\/\/atg.md\/wp-content\/uploads\/2021\/03\/c0612.jpg\" \/>\n\t<meta property=\"og:image:width\" content=\"600\" \/>\n\t<meta property=\"og:image:height\" content=\"600\" \/>\n\t<meta property=\"og:image:type\" content=\"image\/jpeg\" \/>\n<meta name=\"twitter:card\" content=\"summary_large_image\" \/>\n<meta name=\"twitter:label1\" content=\"Pre\u021b\" \/>\n\t<meta name=\"twitter:data1\" content=\"5.00&nbsp;MDL\" \/>\n\t<meta name=\"twitter:label2\" content=\"Availability\" \/>\n\t<meta name=\"twitter:data2\" content=\"In stock\" \/>\n<script type=\"application\/ld+json\" class=\"yoast-schema-graph\">{\"@context\":\"https:\/\/schema.org\",\"@graph\":[{\"@type\":\"WebPage\",\"@id\":\"https:\/\/atg.md\/ro\/catalog\/autoclipsuri\/nazhimnye-zaglushki\/c0612\/\",\"url\":\"https:\/\/atg.md\/ro\/catalog\/autoclipsuri\/nazhimnye-zaglushki\/c0612\/\",\"name\":\"C0612 - Autoclipsuri, Dopuri de presiune - atg.md\",\"isPartOf\":{\"@id\":\"https:\/\/atg.md\/ro\/#website\"},\"datePublished\":\"2021-03-30T09:09:11+00:00\",\"dateModified\":\"2024-07-05T07:03:48+00:00\",\"breadcrumb\":{\"@id\":\"https:\/\/atg.md\/ro\/catalog\/autoclipsuri\/nazhimnye-zaglushki\/c0612\/#breadcrumb\"},\"inLanguage\":\"ro-RO\",\"potentialAction\":[{\"@type\":\"ReadAction\",\"target\":[[\"https:\/\/atg.md\/ro\/catalog\/autoclipsuri\/nazhimnye-zaglushki\/c0612\/\"]]}]},{\"@type\":\"BreadcrumbList\",\"@id\":\"https:\/\/atg.md\/ro\/catalog\/autoclipsuri\/nazhimnye-zaglushki\/c0612\/#breadcrumb\",\"itemListElement\":[{\"@type\":\"ListItem\",\"position\":1,\"name\":\"Home\",\"item\":\"https:\/\/atg.md\/ro\/\"},{\"@type\":\"ListItem\",\"position\":2,\"name\":\"\u041a\u0430\u0442\u0430\u043b\u043e\u0433\",\"item\":\"https:\/\/atg.md\/ro\/catalog\/\"},{\"@type\":\"ListItem\",\"position\":3,\"name\":\"C0612\"}]},{\"@type\":\"WebSite\",\"@id\":\"https:\/\/atg.md\/ro\/#website\",\"url\":\"https:\/\/atg.md\/ro\/\",\"name\":\"atg.md\",\"description\":\"V\u00e2nzare de izola\u021bii \u00eempotriva vibra\u021biilor pentru ma\u0219ini, izola\u021bie termic\u0103, izolare fonic\u0103 de la cei mai buni produc\u0103tori, autoclipsuri, elemente de fixare auto. Cump\u0103ra\u021bi \u00een Moldova, Chi\u0219in\u0103u\",\"publisher\":{\"@id\":\"https:\/\/atg.md\/ro\/#organization\"},\"potentialAction\":[{\"@type\":\"SearchAction\",\"target\":{\"@type\":\"EntryPoint\",\"urlTemplate\":\"https:\/\/atg.md\/ro\/?s={search_term_string}\"},\"query-input\":\"required name=search_term_string\"}],\"inLanguage\":\"ro-RO\"},{\"@type\":[\"Organization\",\"Place\",\"AutoPartsStore\"],\"@id\":\"https:\/\/atg.md\/ro\/#organization\",\"name\":\"S.C. AUTOTOM GRUP S.R.L.\",\"url\":\"https:\/\/atg.md\/ro\/\",\"logo\":{\"@type\":\"ImageObject\",\"inLanguage\":\"ro-RO\",\"@id\":\"https:\/\/atg.md\/ro\/#\/schema\/logo\/image\/\",\"url\":\"https:\/\/i2.wp.com\/atg.md\/wp-content\/uploads\/2021\/05\/atg_logo_main.png?fit=656%2C569&ssl=1\",\"contentUrl\":\"https:\/\/i2.wp.com\/atg.md\/wp-content\/uploads\/2021\/05\/atg_logo_main.png?fit=656%2C569&ssl=1\",\"width\":656,\"height\":569,\"caption\":\"S.C. AUTOTOM GRUP S.R.L.\"},\"image\":{\"@id\":\"https:\/\/atg.md\/ro\/#\/schema\/logo\/image\/\"},\"location\":{\"@id\":\"https:\/\/atg.md\/ro\/catalog\/autoclipsuri\/nazhimnye-zaglushki\/c0612\/#local-place\"},\"address\":{\"@id\":\"https:\/\/atg.md\/ro\/catalog\/autoclipsuri\/nazhimnye-zaglushki\/c0612\/#local-place-address\"},\"email\":\"atgtvv@gmail.com\",\"telephone\":\"+37369644446\",\"areaServed\":\"Moldova\"},{\"@type\":\"Place\",\"@id\":\"https:\/\/atg.md\/ro\/catalog\/autoclipsuri\/nazhimnye-zaglushki\/c0612\/#local-place\",\"address\":{\"@type\":\"PostalAddress\",\"@id\":\"https:\/\/atg.md\/ro\/catalog\/autoclipsuri\/nazhimnye-zaglushki\/c0612\/#local-place-address\",\"streetAddress\":\"str. Alba-Iulia 77\/20\",\"addressLocality\":\"Chisinau\",\"postalCode\":\"2043\",\"addressRegion\":\"mun. Chisinau\",\"addressCountry\":\"MD\"},\"geo\":{\"@type\":\"GeoCoordinates\",\"latitude\":\"47.0376\",\"longitude\":\"28.76899\"},\"openingHoursSpecification\":[{\"@type\":\"OpeningHoursSpecification\",\"dayOfWeek\":[\"Monday\",\"Tuesday\",\"Wednesday\",\"Thursday\",\"Friday\"],\"opens\":\"09:00\",\"closes\":\"18:00\"},{\"@type\":\"OpeningHoursSpecification\",\"dayOfWeek\":[\"Saturday\"],\"opens\":\"09:00\",\"closes\":\"14:00\"},{\"@type\":\"OpeningHoursSpecification\",\"dayOfWeek\":[\"Sunday\"],\"opens\":\"00:00\",\"closes\":\"00:00\"}],\"telephone\":\"+37369644446\"}]}<\/script>\n<meta name=\"geo.placename\" content=\"Chisinau\" \/>\n<meta name=\"geo.position\" content=\"47.0376;28.76899\" \/>\n<meta name=\"geo.region\" content=\"Moldova\" \/>\n<!-- \/ Yoast SEO Premium plugin. -->","yoast_head_json":{"title":"C0612 - Autoclipsuri, Dopuri de presiune - atg.md","robots":{"index":"index","follow":"follow","max-snippet":"max-snippet:-1","max-image-preview":"max-image-preview:large","max-video-preview":"max-video-preview:-1"},"canonical":"https:\/\/atg.md\/ro\/catalog\/autoclipsuri\/nazhimnye-zaglushki\/c0612\/","og_locale":"ro_RO","og_type":"article","og_title":"C0612 - Autoclipsuri, Dopuri de presiune - atg.md","og_description":"OEM: 90467-08089046708081Dimensiune F: 8Dimensiune H: 19Dimensiune T: 30","og_url":"https:\/\/atg.md\/ro\/wp-json\/wp\/v2\/product\/7296","og_site_name":"atg.md","article_modified_time":"2024-07-05T07:03:48+00:00","og_image":[{"width":600,"height":600,"url":"https:\/\/atg.md\/wp-content\/uploads\/2021\/03\/c0612.jpg","type":"image\/jpeg"}],"twitter_card":"summary_large_image","twitter_misc":{"Pre\u021b":"5.00&nbsp;MDL","Availability":"In stock"},"schema":{"@context":"https:\/\/schema.org","@graph":[{"@type":"WebPage","@id":"https:\/\/atg.md\/ro\/catalog\/autoclipsuri\/nazhimnye-zaglushki\/c0612\/","url":"https:\/\/atg.md\/ro\/catalog\/autoclipsuri\/nazhimnye-zaglushki\/c0612\/","name":"C0612 - Autoclipsuri, Dopuri de presiune - atg.md","isPartOf":{"@id":"https:\/\/atg.md\/ro\/#website"},"datePublished":"2021-03-30T09:09:11+00:00","dateModified":"2024-07-05T07:03:48+00:00","breadcrumb":{"@id":"https:\/\/atg.md\/ro\/catalog\/autoclipsuri\/nazhimnye-zaglushki\/c0612\/#breadcrumb"},"inLanguage":"ro-RO","potentialAction":[{"@type":"ReadAction","target":[["https:\/\/atg.md\/ro\/catalog\/autoclipsuri\/nazhimnye-zaglushki\/c0612\/"]]}]},{"@type":"BreadcrumbList","@id":"https:\/\/atg.md\/ro\/catalog\/autoclipsuri\/nazhimnye-zaglushki\/c0612\/#breadcrumb","itemListElement":[{"@type":"ListItem","position":1,"name":"Home","item":"https:\/\/atg.md\/ro\/"},{"@type":"ListItem","position":2,"name":"\u041a\u0430\u0442\u0430\u043b\u043e\u0433","item":"https:\/\/atg.md\/ro\/catalog\/"},{"@type":"ListItem","position":3,"name":"C0612"}]},{"@type":"WebSite","@id":"https:\/\/atg.md\/ro\/#website","url":"https:\/\/atg.md\/ro\/","name":"atg.md","description":"V\u00e2nzare de izola\u021bii \u00eempotriva vibra\u021biilor pentru ma\u0219ini, izola\u021bie termic\u0103, izolare fonic\u0103 de la cei mai buni produc\u0103tori, autoclipsuri, elemente de fixare auto. Cump\u0103ra\u021bi \u00een Moldova, Chi\u0219in\u0103u","publisher":{"@id":"https:\/\/atg.md\/ro\/#organization"},"potentialAction":[{"@type":"SearchAction","target":{"@type":"EntryPoint","urlTemplate":"https:\/\/atg.md\/ro\/?s={search_term_string}"},"query-input":"required name=search_term_string"}],"inLanguage":"ro-RO"},{"@type":["Organization","Place","AutoPartsStore"],"@id":"https:\/\/atg.md\/ro\/#organization","name":"S.C. AUTOTOM GRUP S.R.L.","url":"https:\/\/atg.md\/ro\/","logo":{"@type":"ImageObject","inLanguage":"ro-RO","@id":"https:\/\/atg.md\/ro\/#\/schema\/logo\/image\/","url":"https:\/\/i2.wp.com\/atg.md\/wp-content\/uploads\/2021\/05\/atg_logo_main.png?fit=656%2C569&ssl=1","contentUrl":"https:\/\/i2.wp.com\/atg.md\/wp-content\/uploads\/2021\/05\/atg_logo_main.png?fit=656%2C569&ssl=1","width":656,"height":569,"caption":"S.C. AUTOTOM GRUP S.R.L."},"image":{"@id":"https:\/\/atg.md\/ro\/#\/schema\/logo\/image\/"},"location":{"@id":"https:\/\/atg.md\/ro\/catalog\/autoclipsuri\/nazhimnye-zaglushki\/c0612\/#local-place"},"address":{"@id":"https:\/\/atg.md\/ro\/catalog\/autoclipsuri\/nazhimnye-zaglushki\/c0612\/#local-place-address"},"email":"atgtvv@gmail.com","telephone":"+37369644446","areaServed":"Moldova"},{"@type":"Place","@id":"https:\/\/atg.md\/ro\/catalog\/autoclipsuri\/nazhimnye-zaglushki\/c0612\/#local-place","address":{"@type":"PostalAddress","@id":"https:\/\/atg.md\/ro\/catalog\/autoclipsuri\/nazhimnye-zaglushki\/c0612\/#local-place-address","streetAddress":"str. Alba-Iulia 77\/20","addressLocality":"Chisinau","postalCode":"2043","addressRegion":"mun. Chisinau","addressCountry":"MD"},"geo":{"@type":"GeoCoordinates","latitude":"47.0376","longitude":"28.76899"},"openingHoursSpecification":[{"@type":"OpeningHoursSpecification","dayOfWeek":["Monday","Tuesday","Wednesday","Thursday","Friday"],"opens":"09:00","closes":"18:00"},{"@type":"OpeningHoursSpecification","dayOfWeek":["Saturday"],"opens":"09:00","closes":"14:00"},{"@type":"OpeningHoursSpecification","dayOfWeek":["Sunday"],"opens":"00:00","closes":"00:00"}],"telephone":"+37369644446"}]}},"_links":{"self":[{"href":"https:\/\/atg.md\/ro\/wp-json\/wp\/v2\/product\/7296"}],"collection":[{"href":"https:\/\/atg.md\/ro\/wp-json\/wp\/v2\/product"}],"about":[{"href":"https:\/\/atg.md\/ro\/wp-json\/wp\/v2\/types\/product"}],"wp:featuredmedia":[{"embeddable":true,"href":"https:\/\/atg.md\/ro\/wp-json\/wp\/v2\/media\/7297"}],"wp:attachment":[{"href":"https:\/\/atg.md\/ro\/wp-json\/wp\/v2\/media?parent=7296"}],"wp:term":[{"taxonomy":"product_cat","embeddable":true,"href":"https:\/\/atg.md\/ro\/wp-json\/wp\/v2\/product_cat?post=7296"},{"taxonomy":"product_tag","embeddable":true,"href":"https:\/\/atg.md\/ro\/wp-json\/wp\/v2\/product_tag?post=7296"}],"curies":[{"name":"wp","href":"https:\/\/api.w.org\/{rel}","templated":true}]}}