{"id":7294,"date":"2021-03-30T09:09:11","date_gmt":"2021-03-30T09:09:11","guid":{"rendered":"http:\/\/atg.md\/product\/c0611\/"},"modified":"2024-07-05T07:03:47","modified_gmt":"2024-07-05T07:03:47","slug":"c0611","status":"publish","type":"product","link":"https:\/\/atg.md\/ro\/catalog\/autoclipsuri\/s-nazhimnym-shtyrkom\/c0611\/","title":{"rendered":"C0611"},"content":{"rendered":"<p><strong>Modele:<\/strong><\/p>\n<ul>\n<li>\nLexus CT200h, ZWA10<\/li>\n<li>Lexus<br \/>\nES200, ASV60, ASV61, AVV60, GSV60<\/li>\n<li>Lexus<br \/>\nES250, ASV60, ASV61, AVV60, GSV60<\/li>\n<li>Lexus<br \/>\nES300, MCV20, MCV30, MCV31<\/li>\n<li>Lexus<br \/>\nES300h, ASV60, ASV61, AVV60, GSV60<\/li>\n<li>Lexus<br \/>\nES330, MCV30, MCV31<\/li>\n<li>Lexus<br \/>\nES350, ACV40, ASV60, ASV61, AVV60, GSV40, GSV60<\/li>\n<li>Lexus GS<br \/>\nF, URL10<\/li>\n<li>Lexus<br \/>\nGS200t, ARL10, GRL12, GRL16<\/li>\n<li>Lexus<br \/>\nGS250, AWL10, GRL10, GRL11, GRL15, GWL10<\/li>\n<li>Lexus<br \/>\nGS300, ARL10, GRS190, GRS191, GRS195, GRS196, JZS160, URS190, UZS160,<br \/>\nUZS161, UZS190<\/li>\n<li>Lexus<br \/>\nGS300h, AWL10<\/li>\n<li>Lexus<br \/>\nGS350, AWL10, GRL10, GRL11, GRL12, GRL15, GRL16, GRS190, GRS191, GRS195,<br \/>\nGRS196, GWL10, URS190, UZS190<\/li>\n<li>Lexus<br \/>\nGS400, JZS160, UZS160, UZS161<\/li>\n<li>Lexus<br \/>\nGS430, GRS190, GRS191, GRS195, GRS196, JZS160, URS190, UZS160, UZS161,<br \/>\nUZS190<\/li>\n<li>Lexus<br \/>\nGS450h, AWL10, GRL10, GRL11, GRL15, GWL10, GWS191<\/li>\n<li>Lexus GS460, GRS190,<br \/>\nGRS191, GRS195, GRS196, URS190, UZS190<\/li>\n<li>Lexus<br \/>\nGX400, GRJ158, URJ150<\/li>\n<li>Lexus<br \/>\nGX460, GRJ158, URJ150<\/li>\n<li>Lexus<br \/>\nGX470, UZJ120<\/li>\n<li>Lexus<br \/>\nHS250h, ANF10<\/li>\n<li>Lexus IS<br \/>\nF, USE20<\/li>\n<li>Lexus<br \/>\nIS200d, ALE20, GSE20, GSE21<\/li>\n<li>Lexus<br \/>\nIS200t, ASE30, AVE30, AVE35, GSE30, GSE31, GSE35, GSE36, GSE37<\/li>\n<li>Lexus<br \/>\nIS220d, ALE20, GSE20<\/li>\n<li>Lexus<br \/>\nIS250, ALE20, ASE30, AVE30, AVE35, GSE20, GSE21, GSE22, GSE25, GSE26,<br \/>\nGSE30, GSE31, GSE35, GSE36, GSE37<\/li>\n<li>Lexus<br \/>\nIS250C, GSE20, GSE21, GSE22<\/li>\n<li>Lexus<br \/>\nIS300, ASE30, AVE30, AVE35, GSE20, GSE22, GSE30, GSE31, GSE35, GSE36,<br \/>\nGSE37<\/li>\n<li>Lexus<br \/>\nIS300h, ASE30, AVE30, GSE30, GSE31, GSE35<\/li>\n<li>Lexus<br \/>\nIS350, ALE20, ASE30, AVE30, AVE35, GSE20, GSE21, GSE25, GSE26, GSE30,<br \/>\nGSE31, GSE35, GSE36, GSE37<\/li>\n<li>Lexus<br \/>\nIS350C, GSE20, GSE21<\/li>\n<li>Lexus<br \/>\nLC500, GWZ100, URZ100<\/li>\n<li>Lexus<br \/>\nLC500h, GWZ100, URZ100<\/li>\n<li>Lexus LS430, UCF30<\/li>\n<li>Lexus<br \/>\nLS460, USF40, USF41, USF45, USF46<\/li>\n<li>Lexus<br \/>\nLS460L, USF40, USF41, USF45, USF46<\/li>\n<li>Lexus<br \/>\nLS600h, UVF45, UVF46<\/li>\n<li>Lexus<br \/>\nLS600hL, UVF45, UVF46<\/li>\n<li>Lexus<br \/>\nLX450d, URJ201, URJ202, VDJ201<\/li>\n<li>Lexus<br \/>\nLX460, URJ201, URJ202, VDJ201<\/li>\n<li>Lexus<br \/>\nLX470, UZJ100<\/li>\n<li>Lexus<br \/>\nLX570, URJ201, URJ202, VDJ201, URJ201W<\/li>\n<li>Lexus<br \/>\nNX200, AGZ10, AGZ15, AYZ10, AYZ15, ZGZ10, ZGZ15<\/li>\n<li>Lexus<br \/>\nNX200t, AGZ10, AGZ15, AYZ10, AYZ15, ZGZ10, ZGZ15, AGZ15L, ZGZ15L<\/li>\n<li>Lexus<br \/>\nNX300h, AGZ10, AGZ15, AYZ10, AYZ15, ZGZ10, ZGZ15, AGZ15L, ZGZ15L<\/li>\n<li>Lexus RC<br \/>\nF, USC10<\/li>\n<li>Lexus<br \/>\nRC200t, ASC10, AVC10, GSC10, GSC15, GSC16<\/li>\n<li>Lexus<br \/>\nRC300, ASC10, AVC10, GSC10, GSC15, GSC16<\/li>\n<li>Lexus<br \/>\nRC300h, ASC10, AVC10, GSC10<\/li>\n<li>Lexus<br \/>\nRC350, ASC10, AVC10, GSC10, GSC15, GSC16<\/li>\n<li>Lexus<br \/>\nRX200t, AGL20, AGL25, GGL20, GGL25, GYL20, GYL25, AGL20W, AGL25W<\/li>\n<li>Lexus<br \/>\nRX270, AGL10, GGL10, GGL15, GGL16, GYL10, GYL15, GYL16, AGL10W<\/li>\n<li>Lexus<br \/>\nRX300, GSU35, MCU10, MCU15, MCU35, MCU38<\/li>\n<li>Lexus<br \/>\nRX330, GSU30, GSU35, MCU33, MCU35, MCU38<\/li>\n<li>Lexus<br \/>\nRX350, AGL10, AGL20, AGL25, GGL10, GGL15, GGL16, GGL20, GGL25, GSU30,<br \/>\nGSU35, GYL10, GYL15, GYL16, GYL20, GYL25, MCU33, MCU35, MCU38, GGL10W, GGL15W,<br \/>\nGGL16W<\/li>\n<li>Lexus<br \/>\nRX400h, MHU33, MHU38<\/li>\n<li>Lexus<br \/>\nRX450h, AGL10, AGL20, AGL25, GGL10, GGL15, GGL16, GGL20, GGL25, GYL10,<br \/>\nGYL15, GYL16, GYL20, GYL25, GYL10W, GYL15W, GYL16W, GYL20W, GYL25W<\/li>\n<li>Lexus<br \/>\nSC300, JZZ31, UZZ30<\/li>\n<li>Lexus<br \/>\nSC400, JZZ31, UZZ30<\/li>\n<li>Lexus<br \/>\nSC430, UZZ40<\/li>\n<li>Scion<br \/>\niM, ZRE186<\/li>\n<li>Scion<br \/>\ntC, AGT20, ANT10<\/li>\n<li>Scion<br \/>\nxB, AZE151, NCP31<\/li>\n<li>Scion<br \/>\nxD, ZSP110<\/li>\n<li>Toyota<br \/>\n4Runner, GRN210, GRN215, GRN280, GRN285, KZN215, TRN280, TRN285, UZN210,<br \/>\nUZN215<\/li>\n<li>Toyota<br \/>\nAllex, NZE121, NZE124, ZZE122, ZZE123, ZZE124<\/li>\n<li>Toyota<br \/>\nAllion, AZT240, NZT240, NZT260, ZRT260, ZRT261, ZRT265, ZZT240, ZZT245<\/li>\n<li>Toyota<br \/>\nAlphard, AGH30, AGH35, ANH10, ANH15, ANH20, ANH25, ATH10, ATH20, AYH30,<br \/>\nGGH20, GGH25, GGH30, GGH35, MNH10, MNH15, AGH30W, AGH35W, ANH10W, ANH15W,<br \/>\nANH20W, ANH25W, ATH10W, ATH20W, AYH30W, GGH20W, GGH25W, GGH30W, GGH35W, MNH10W,<br \/>\nMNH15W<\/li>\n<li>Toyota<br \/>\nAqua, NHP10, NHP10H<\/li>\n<li>Toyota<br \/>\nAristo, JZS160, JZS161<\/li>\n<li>Toyota<br \/>\nAurion, ACV40, AHV40, ASV50, AVV50, GSV40, GSV50<\/li>\n<li>Toyota<br \/>\nAuris, ADE150, ADE157, ADE186, NDE150, NDE180, NRE150, NRE180, NRE185,<br \/>\nNZE151, NZE154, NZE181, NZE184, WWE185, ZRE151, ZRE152, ZRE154, ZRE181, ZRE182,<br \/>\nZRE185, ZRE186, ZWE150, ZWE186, ZZE150, NRE185H, NZE151H, NZE154H, NZE181H,<br \/>\nNZE184H, ZRE152H, ZRE154H, ZRE186H, ZWE186H<\/li>\n<li>Toyota<br \/>\nAvalon, AVX40, GSX30, GSX40, MCX10, MCX20<\/li>\n<li>Toyota<br \/>\nAvensis Verso, ACM20, ACM21, CLM20<\/li>\n<li>Toyota<br \/>\nAvensis, ADT250, ADT251, ADT270, ADT271, AT220, AT221, AZT220, AZT250,<br \/>\nAZT251, AZT255, AZT270, CDT220, CDT250, CT220, ST220, WWT270, WWT271, ZRT270,<br \/>\nZRT271, ZRT272, ZZT220, ZZT221, ZZT250, ZZT251, AT220L, AZT250L, AZT250W,<br \/>\nAZT251L, AZT251W, AZT255W, ST220L, ZRT272W, ZZT220L, ZZT251L<\/li>\n<li>Toyota<br \/>\nAygo, KGB10, KGB40, PAB40, WNB10<\/li>\n<li>Toyota<br \/>\nBelta, KSP92, NCP96, SCP92<\/li>\n<li>Toyota<br \/>\nBlade, AZE154, AZE156, GRE156, AZE154H, AZE156H, GRE156H<\/li>\n<li>Toyota<br \/>\nBrevis, JCG10, JCG11, JCG15<\/li>\n<li>Toyota<br \/>\nC-HR, NGX10, NGX50, ZGX10, ZYX10<\/li>\n<li>Toyota<br \/>\nCaldina, AT211, AZT241, AZT246, CT216, ST210, ST215, ST246, ZZT241,<br \/>\nAT211G, AZT241W, AZT246W, CT216G, ST210G, ST215G, ST215W, ST246W, ZZT241W<\/li>\n<li>Toyota Camry<br \/>\nGracia, MCV21, MCV25, SXV20, SXV25, MCV21W, MCV25W, SXV20W, SXV25W<\/li>\n<li>Toyota<br \/>\nCamry, ACV30, ACV31, ACV35, ACV36, ACV40, ACV41, ACV45, ACV51, AHV40,<br \/>\nAHV41, ASV40, ASV50, ASV51, AVV50, AXVA70, GSV40, GSV50, MCV20, MCV30, MCV31,<br \/>\nMCV36, SXV20, SXV23, ACV30L, MCV30L<\/li>\n<li>Toyota<br \/>\nCarina, AT210, AT211, AT212, CT210, CT211, CT215, CT216, ST215<\/li>\n<li>Toyota<br \/>\nCelica, AT200, ST202, ST203, ST204, ST205, ZZT230, ZZT231, ST202C<\/li>\n<li>Toyota<br \/>\nCelsior, UCF30, UCF31<\/li>\n<li>Toyota<br \/>\nChaser, GX100, GX105, JZX100, JZX101, JZX105, LX100, SX100<\/li>\n<li>Toyota<br \/>\nCoaster, BB60, BZB60, BZB70, HZB70, TRB60, TRB70, XZB60, XZB70<\/li>\n<li>Toyota<br \/>\nCorolla Axio, CE120, CE140, NDE140, NDE170, NKE165, NRE160, NRE161,<br \/>\nNZE120, NZE121, NZE140, NZE141, NZE144, NZE161, NZE164, NZE170, ZRE141, ZRE142,<br \/>\nZRE143, ZRE144, ZRE162, ZRE171, ZRE172, ZRE173, ZZE121, ZZE122, ZZE141, ZZE142,<br \/>\nZZE172<\/li>\n<li>Toyota<br \/>\nCorolla Fielder, CE121, NKE165, NRE160, NRE161, NZE120, NZE121, NZE124,<br \/>\nNZE141, NZE144, NZE161, NZE164, ZRE142, ZRE144, ZRE162, ZZE122, ZZE123, ZZE124,<br \/>\nCE121G, NKE165G, NRE161G, NZE121G, NZE124G, NZE141G, NZE144G, NZE161G, NZE164G,<br \/>\nZRE142G, ZRE144G, ZRE162G, ZZE122G, ZZE123G, ZZE124G<\/li>\n<li>Toyota<br \/>\nCorolla II, EL51, EL53, EL55, NL50<\/li>\n<li><\/ul>\n<p><\/p>","protected":false},"excerpt":{"rendered":"<p><b>OEM:<\/b> 52161-16010, 5216116010, 52161-02020, 5216102020, 52161-44010-O, 5216144010O<\/p>\n<p><b>Dimensiune F:<\/b> 9<br \/><b>Dimensiune H:<\/b> 31<br \/><b>Dimensiune T:<\/b> 18<\/p>\n","protected":false},"featured_media":7295,"template":"","meta":[],"product_cat":[25,125],"product_tag":[],"bundled_by":[],"bundle_stock_status":"instock","bundle_stock_quantity":null,"bundle_virtual":false,"bundle_layout":"","bundle_add_to_cart_form_location":"","bundle_editable_in_cart":false,"bundle_sold_individually_context":"","bundle_item_grouping":"","bundle_min_size":"","bundle_max_size":"","bundled_items":[],"yoast_head":"<!-- This site is optimized with the Yoast SEO Premium plugin v16.6 (Yoast SEO v20.1) - https:\/\/yoast.com\/wordpress\/plugins\/seo\/ -->\n<title>C0611 - Autoclipsuri, Cu un ac de \u00eempingere - atg.md<\/title>\n<meta name=\"robots\" content=\"index, follow, max-snippet:-1, max-image-preview:large, max-video-preview:-1\" \/>\n<link rel=\"canonical\" href=\"https:\/\/atg.md\/ro\/catalog\/autoclipsuri\/s-nazhimnym-shtyrkom\/c0611\/\" \/>\n<meta property=\"og:locale\" content=\"ro_RO\" \/>\n<meta property=\"og:type\" content=\"article\" \/>\n<meta property=\"og:title\" content=\"C0611 - Autoclipsuri, Cu un ac de \u00eempingere - atg.md\" \/>\n<meta property=\"og:description\" content=\"OEM: 52161-16010, 5216116010, 52161-02020, 5216102020, 52161-44010-O, 5216144010ODimensiune F: 9Dimensiune H: 31Dimensiune T: 18\" \/>\n<meta property=\"og:url\" content=\"https:\/\/atg.md\/ro\/wp-json\/wp\/v2\/product\/7294\" \/>\n<meta property=\"og:site_name\" content=\"atg.md\" \/>\n<meta property=\"article:modified_time\" content=\"2024-07-05T07:03:47+00:00\" \/>\n<meta property=\"og:image\" content=\"https:\/\/atg.md\/wp-content\/uploads\/2021\/03\/c0611.jpg\" \/>\n\t<meta property=\"og:image:width\" content=\"600\" \/>\n\t<meta property=\"og:image:height\" content=\"600\" \/>\n\t<meta property=\"og:image:type\" content=\"image\/jpeg\" \/>\n<meta name=\"twitter:card\" content=\"summary_large_image\" \/>\n<meta name=\"twitter:label1\" content=\"Pre\u021b\" \/>\n\t<meta name=\"twitter:data1\" content=\"7.00&nbsp;MDL\" \/>\n\t<meta name=\"twitter:label2\" content=\"Availability\" \/>\n\t<meta name=\"twitter:data2\" content=\"In stock\" \/>\n<script type=\"application\/ld+json\" class=\"yoast-schema-graph\">{\"@context\":\"https:\/\/schema.org\",\"@graph\":[{\"@type\":\"WebPage\",\"@id\":\"https:\/\/atg.md\/ro\/catalog\/autoclipsuri\/s-nazhimnym-shtyrkom\/c0611\/\",\"url\":\"https:\/\/atg.md\/ro\/catalog\/autoclipsuri\/s-nazhimnym-shtyrkom\/c0611\/\",\"name\":\"C0611 - Autoclipsuri, Cu un ac de \u00eempingere - atg.md\",\"isPartOf\":{\"@id\":\"https:\/\/atg.md\/ro\/#website\"},\"datePublished\":\"2021-03-30T09:09:11+00:00\",\"dateModified\":\"2024-07-05T07:03:47+00:00\",\"breadcrumb\":{\"@id\":\"https:\/\/atg.md\/ro\/catalog\/autoclipsuri\/s-nazhimnym-shtyrkom\/c0611\/#breadcrumb\"},\"inLanguage\":\"ro-RO\",\"potentialAction\":[{\"@type\":\"ReadAction\",\"target\":[[\"https:\/\/atg.md\/ro\/catalog\/autoclipsuri\/s-nazhimnym-shtyrkom\/c0611\/\"]]}]},{\"@type\":\"BreadcrumbList\",\"@id\":\"https:\/\/atg.md\/ro\/catalog\/autoclipsuri\/s-nazhimnym-shtyrkom\/c0611\/#breadcrumb\",\"itemListElement\":[{\"@type\":\"ListItem\",\"position\":1,\"name\":\"Home\",\"item\":\"https:\/\/atg.md\/ro\/\"},{\"@type\":\"ListItem\",\"position\":2,\"name\":\"\u041a\u0430\u0442\u0430\u043b\u043e\u0433\",\"item\":\"https:\/\/atg.md\/ro\/catalog\/\"},{\"@type\":\"ListItem\",\"position\":3,\"name\":\"C0611\"}]},{\"@type\":\"WebSite\",\"@id\":\"https:\/\/atg.md\/ro\/#website\",\"url\":\"https:\/\/atg.md\/ro\/\",\"name\":\"atg.md\",\"description\":\"V\u00e2nzare de izola\u021bii \u00eempotriva vibra\u021biilor pentru ma\u0219ini, izola\u021bie termic\u0103, izolare fonic\u0103 de la cei mai buni produc\u0103tori, autoclipsuri, elemente de fixare auto. Cump\u0103ra\u021bi \u00een Moldova, Chi\u0219in\u0103u\",\"publisher\":{\"@id\":\"https:\/\/atg.md\/ro\/#organization\"},\"potentialAction\":[{\"@type\":\"SearchAction\",\"target\":{\"@type\":\"EntryPoint\",\"urlTemplate\":\"https:\/\/atg.md\/ro\/?s={search_term_string}\"},\"query-input\":\"required name=search_term_string\"}],\"inLanguage\":\"ro-RO\"},{\"@type\":[\"Organization\",\"Place\",\"AutoPartsStore\"],\"@id\":\"https:\/\/atg.md\/ro\/#organization\",\"name\":\"S.C. AUTOTOM GRUP S.R.L.\",\"url\":\"https:\/\/atg.md\/ro\/\",\"logo\":{\"@type\":\"ImageObject\",\"inLanguage\":\"ro-RO\",\"@id\":\"https:\/\/atg.md\/ro\/#\/schema\/logo\/image\/\",\"url\":\"https:\/\/i2.wp.com\/atg.md\/wp-content\/uploads\/2021\/05\/atg_logo_main.png?fit=656%2C569&ssl=1\",\"contentUrl\":\"https:\/\/i2.wp.com\/atg.md\/wp-content\/uploads\/2021\/05\/atg_logo_main.png?fit=656%2C569&ssl=1\",\"width\":656,\"height\":569,\"caption\":\"S.C. AUTOTOM GRUP S.R.L.\"},\"image\":{\"@id\":\"https:\/\/atg.md\/ro\/#\/schema\/logo\/image\/\"},\"location\":{\"@id\":\"https:\/\/atg.md\/ro\/catalog\/autoclipsuri\/s-nazhimnym-shtyrkom\/c0611\/#local-place\"},\"address\":{\"@id\":\"https:\/\/atg.md\/ro\/catalog\/autoclipsuri\/s-nazhimnym-shtyrkom\/c0611\/#local-place-address\"},\"email\":\"atgtvv@gmail.com\",\"telephone\":\"+37369644446\",\"areaServed\":\"Moldova\"},{\"@type\":\"Place\",\"@id\":\"https:\/\/atg.md\/ro\/catalog\/autoclipsuri\/s-nazhimnym-shtyrkom\/c0611\/#local-place\",\"address\":{\"@type\":\"PostalAddress\",\"@id\":\"https:\/\/atg.md\/ro\/catalog\/autoclipsuri\/s-nazhimnym-shtyrkom\/c0611\/#local-place-address\",\"streetAddress\":\"str. Alba-Iulia 77\/20\",\"addressLocality\":\"Chisinau\",\"postalCode\":\"2043\",\"addressRegion\":\"mun. Chisinau\",\"addressCountry\":\"MD\"},\"geo\":{\"@type\":\"GeoCoordinates\",\"latitude\":\"47.0376\",\"longitude\":\"28.76899\"},\"openingHoursSpecification\":[{\"@type\":\"OpeningHoursSpecification\",\"dayOfWeek\":[\"Monday\",\"Tuesday\",\"Wednesday\",\"Thursday\",\"Friday\"],\"opens\":\"09:00\",\"closes\":\"18:00\"},{\"@type\":\"OpeningHoursSpecification\",\"dayOfWeek\":[\"Saturday\"],\"opens\":\"09:00\",\"closes\":\"14:00\"},{\"@type\":\"OpeningHoursSpecification\",\"dayOfWeek\":[\"Sunday\"],\"opens\":\"00:00\",\"closes\":\"00:00\"}],\"telephone\":\"+37369644446\"}]}<\/script>\n<meta name=\"geo.placename\" content=\"Chisinau\" \/>\n<meta name=\"geo.position\" content=\"47.0376;28.76899\" \/>\n<meta name=\"geo.region\" content=\"Moldova\" \/>\n<!-- \/ Yoast SEO Premium plugin. -->","yoast_head_json":{"title":"C0611 - Autoclipsuri, Cu un ac de \u00eempingere - atg.md","robots":{"index":"index","follow":"follow","max-snippet":"max-snippet:-1","max-image-preview":"max-image-preview:large","max-video-preview":"max-video-preview:-1"},"canonical":"https:\/\/atg.md\/ro\/catalog\/autoclipsuri\/s-nazhimnym-shtyrkom\/c0611\/","og_locale":"ro_RO","og_type":"article","og_title":"C0611 - Autoclipsuri, Cu un ac de \u00eempingere - atg.md","og_description":"OEM: 52161-16010, 5216116010, 52161-02020, 5216102020, 52161-44010-O, 5216144010ODimensiune F: 9Dimensiune H: 31Dimensiune T: 18","og_url":"https:\/\/atg.md\/ro\/wp-json\/wp\/v2\/product\/7294","og_site_name":"atg.md","article_modified_time":"2024-07-05T07:03:47+00:00","og_image":[{"width":600,"height":600,"url":"https:\/\/atg.md\/wp-content\/uploads\/2021\/03\/c0611.jpg","type":"image\/jpeg"}],"twitter_card":"summary_large_image","twitter_misc":{"Pre\u021b":"7.00&nbsp;MDL","Availability":"In stock"},"schema":{"@context":"https:\/\/schema.org","@graph":[{"@type":"WebPage","@id":"https:\/\/atg.md\/ro\/catalog\/autoclipsuri\/s-nazhimnym-shtyrkom\/c0611\/","url":"https:\/\/atg.md\/ro\/catalog\/autoclipsuri\/s-nazhimnym-shtyrkom\/c0611\/","name":"C0611 - Autoclipsuri, Cu un ac de \u00eempingere - atg.md","isPartOf":{"@id":"https:\/\/atg.md\/ro\/#website"},"datePublished":"2021-03-30T09:09:11+00:00","dateModified":"2024-07-05T07:03:47+00:00","breadcrumb":{"@id":"https:\/\/atg.md\/ro\/catalog\/autoclipsuri\/s-nazhimnym-shtyrkom\/c0611\/#breadcrumb"},"inLanguage":"ro-RO","potentialAction":[{"@type":"ReadAction","target":[["https:\/\/atg.md\/ro\/catalog\/autoclipsuri\/s-nazhimnym-shtyrkom\/c0611\/"]]}]},{"@type":"BreadcrumbList","@id":"https:\/\/atg.md\/ro\/catalog\/autoclipsuri\/s-nazhimnym-shtyrkom\/c0611\/#breadcrumb","itemListElement":[{"@type":"ListItem","position":1,"name":"Home","item":"https:\/\/atg.md\/ro\/"},{"@type":"ListItem","position":2,"name":"\u041a\u0430\u0442\u0430\u043b\u043e\u0433","item":"https:\/\/atg.md\/ro\/catalog\/"},{"@type":"ListItem","position":3,"name":"C0611"}]},{"@type":"WebSite","@id":"https:\/\/atg.md\/ro\/#website","url":"https:\/\/atg.md\/ro\/","name":"atg.md","description":"V\u00e2nzare de izola\u021bii \u00eempotriva vibra\u021biilor pentru ma\u0219ini, izola\u021bie termic\u0103, izolare fonic\u0103 de la cei mai buni produc\u0103tori, autoclipsuri, elemente de fixare auto. Cump\u0103ra\u021bi \u00een Moldova, Chi\u0219in\u0103u","publisher":{"@id":"https:\/\/atg.md\/ro\/#organization"},"potentialAction":[{"@type":"SearchAction","target":{"@type":"EntryPoint","urlTemplate":"https:\/\/atg.md\/ro\/?s={search_term_string}"},"query-input":"required name=search_term_string"}],"inLanguage":"ro-RO"},{"@type":["Organization","Place","AutoPartsStore"],"@id":"https:\/\/atg.md\/ro\/#organization","name":"S.C. AUTOTOM GRUP S.R.L.","url":"https:\/\/atg.md\/ro\/","logo":{"@type":"ImageObject","inLanguage":"ro-RO","@id":"https:\/\/atg.md\/ro\/#\/schema\/logo\/image\/","url":"https:\/\/i2.wp.com\/atg.md\/wp-content\/uploads\/2021\/05\/atg_logo_main.png?fit=656%2C569&ssl=1","contentUrl":"https:\/\/i2.wp.com\/atg.md\/wp-content\/uploads\/2021\/05\/atg_logo_main.png?fit=656%2C569&ssl=1","width":656,"height":569,"caption":"S.C. AUTOTOM GRUP S.R.L."},"image":{"@id":"https:\/\/atg.md\/ro\/#\/schema\/logo\/image\/"},"location":{"@id":"https:\/\/atg.md\/ro\/catalog\/autoclipsuri\/s-nazhimnym-shtyrkom\/c0611\/#local-place"},"address":{"@id":"https:\/\/atg.md\/ro\/catalog\/autoclipsuri\/s-nazhimnym-shtyrkom\/c0611\/#local-place-address"},"email":"atgtvv@gmail.com","telephone":"+37369644446","areaServed":"Moldova"},{"@type":"Place","@id":"https:\/\/atg.md\/ro\/catalog\/autoclipsuri\/s-nazhimnym-shtyrkom\/c0611\/#local-place","address":{"@type":"PostalAddress","@id":"https:\/\/atg.md\/ro\/catalog\/autoclipsuri\/s-nazhimnym-shtyrkom\/c0611\/#local-place-address","streetAddress":"str. Alba-Iulia 77\/20","addressLocality":"Chisinau","postalCode":"2043","addressRegion":"mun. Chisinau","addressCountry":"MD"},"geo":{"@type":"GeoCoordinates","latitude":"47.0376","longitude":"28.76899"},"openingHoursSpecification":[{"@type":"OpeningHoursSpecification","dayOfWeek":["Monday","Tuesday","Wednesday","Thursday","Friday"],"opens":"09:00","closes":"18:00"},{"@type":"OpeningHoursSpecification","dayOfWeek":["Saturday"],"opens":"09:00","closes":"14:00"},{"@type":"OpeningHoursSpecification","dayOfWeek":["Sunday"],"opens":"00:00","closes":"00:00"}],"telephone":"+37369644446"}]}},"_links":{"self":[{"href":"https:\/\/atg.md\/ro\/wp-json\/wp\/v2\/product\/7294"}],"collection":[{"href":"https:\/\/atg.md\/ro\/wp-json\/wp\/v2\/product"}],"about":[{"href":"https:\/\/atg.md\/ro\/wp-json\/wp\/v2\/types\/product"}],"wp:featuredmedia":[{"embeddable":true,"href":"https:\/\/atg.md\/ro\/wp-json\/wp\/v2\/media\/7295"}],"wp:attachment":[{"href":"https:\/\/atg.md\/ro\/wp-json\/wp\/v2\/media?parent=7294"}],"wp:term":[{"taxonomy":"product_cat","embeddable":true,"href":"https:\/\/atg.md\/ro\/wp-json\/wp\/v2\/product_cat?post=7294"},{"taxonomy":"product_tag","embeddable":true,"href":"https:\/\/atg.md\/ro\/wp-json\/wp\/v2\/product_tag?post=7294"}],"curies":[{"name":"wp","href":"https:\/\/api.w.org\/{rel}","templated":true}]}}